{"id":84547,"date":"2026-04-13T16:33:24","date_gmt":"2026-04-13T13:33:24","guid":{"rendered":"https:\/\/aslimnica.lv\/?page_id=84547"},"modified":"2026-04-13T16:33:24","modified_gmt":"2026-04-13T13:33:24","slug":"interventional-cardiologists-from-east-hospital-share-their-expertise-and-experience-at-the-international-level","status":"publish","type":"page","link":"https:\/\/aslimnica.lv\/en\/interventional-cardiologists-from-east-hospital-share-their-expertise-and-experience-at-the-international-level\/","title":{"rendered":"Interventional cardiologists from East Hospital share their expertise and experience at the international level"},"content":{"rendered":"<div class=\"wpb-content-wrapper\"><p>[vc_row][vc_column][vc_column_text css=&#8221;&#8221;]<strong>From 26 to 27\u00a0March\u00a02026, Riga East University Hospital (East Hospital) hosted the 17<sup>th\u00a0<\/sup>international seminar titled \u2018CTO day Riga East Clinical University Hospital\u2019 or \u2018Chronic Total Occlusion (CTO) Day\u2019, which demonstrates the high professionalism of its interventional cardiologists and their ability to share expertise with an international audience. The seminar brought together the leading interventional cardiologists from various countries. <\/strong><\/p>\n<p><img loading=\"lazy\" decoding=\"async\" class=\"alignnone wp-image-83897 size-full\" src=\"https:\/\/aslimnica.lv\/wp-content\/uploads\/2026\/03\/17th-CTO-Day-20-scaled.jpg\" alt=\"\" width=\"2560\" height=\"1764\" srcset=\"https:\/\/aslimnica.lv\/wp-content\/uploads\/2026\/03\/17th-CTO-Day-20-scaled.jpg 2560w, https:\/\/aslimnica.lv\/wp-content\/uploads\/2026\/03\/17th-CTO-Day-20-300x207.jpg 300w, https:\/\/aslimnica.lv\/wp-content\/uploads\/2026\/03\/17th-CTO-Day-20-1024x706.jpg 1024w, https:\/\/aslimnica.lv\/wp-content\/uploads\/2026\/03\/17th-CTO-Day-20-768x529.jpg 768w, https:\/\/aslimnica.lv\/wp-content\/uploads\/2026\/03\/17th-CTO-Day-20-1536x1059.jpg 1536w, https:\/\/aslimnica.lv\/wp-content\/uploads\/2026\/03\/17th-CTO-Day-20-2048x1411.jpg 2048w, https:\/\/aslimnica.lv\/wp-content\/uploads\/2026\/03\/17th-CTO-Day-20-1400x965.jpg 1400w, https:\/\/aslimnica.lv\/wp-content\/uploads\/2026\/03\/17th-CTO-Day-20-450x310.jpg 450w, https:\/\/aslimnica.lv\/wp-content\/uploads\/2026\/03\/17th-CTO-Day-20-310x214.jpg 310w, https:\/\/aslimnica.lv\/wp-content\/uploads\/2026\/03\/17th-CTO-Day-20-700x482.jpg 700w\" sizes=\"auto, (max-width: 2560px) 100vw, 2560px\" \/><\/p>\n<p>The international seminar focuses on one of the most challenging conditions in interventional cardiology\u00a0\u2013 chronic total occlusions of the coronary arteries\u00a0\u2013 and the possibilities for treating these vascular blockages by restoring full blood flow to the heart muscle.<\/p>\n<p><strong><img loading=\"lazy\" decoding=\"async\" class=\"alignnone wp-image-83903 size-full\" src=\"https:\/\/aslimnica.lv\/wp-content\/uploads\/2026\/03\/17th-CTO-Day-32-scaled.jpg\" alt=\"\" width=\"2560\" height=\"1483\" srcset=\"https:\/\/aslimnica.lv\/wp-content\/uploads\/2026\/03\/17th-CTO-Day-32-scaled.jpg 2560w, https:\/\/aslimnica.lv\/wp-content\/uploads\/2026\/03\/17th-CTO-Day-32-300x174.jpg 300w, https:\/\/aslimnica.lv\/wp-content\/uploads\/2026\/03\/17th-CTO-Day-32-1024x593.jpg 1024w, https:\/\/aslimnica.lv\/wp-content\/uploads\/2026\/03\/17th-CTO-Day-32-768x445.jpg 768w, https:\/\/aslimnica.lv\/wp-content\/uploads\/2026\/03\/17th-CTO-Day-32-1536x890.jpg 1536w, https:\/\/aslimnica.lv\/wp-content\/uploads\/2026\/03\/17th-CTO-Day-32-2048x1186.jpg 2048w, https:\/\/aslimnica.lv\/wp-content\/uploads\/2026\/03\/17th-CTO-Day-32-1400x811.jpg 1400w, https:\/\/aslimnica.lv\/wp-content\/uploads\/2026\/03\/17th-CTO-Day-32-530x307.jpg 530w, https:\/\/aslimnica.lv\/wp-content\/uploads\/2026\/03\/17th-CTO-Day-32-310x180.jpg 310w, https:\/\/aslimnica.lv\/wp-content\/uploads\/2026\/03\/17th-CTO-Day-32-700x405.jpg 700w\" sizes=\"auto, (max-width: 2560px) 100vw, 2560px\" \/>Artis Kalni\u0146\u0161<\/strong>, Head of the Cardiology and Cardiovascular Diseases Clinic at East Hospital and an interventional cardiologist, was among the first in Latvia to perform interventional treatment of fully occluded coronary arteries, introducing modern techniques learned in international centres and actively developing this field in Latvia.<\/p>\n<p><img loading=\"lazy\" decoding=\"async\" class=\"alignnone wp-image-83909 size-full\" src=\"https:\/\/aslimnica.lv\/wp-content\/uploads\/2026\/03\/17th-CTO-Day-52-scaled.jpg\" alt=\"\" width=\"2560\" height=\"1505\" srcset=\"https:\/\/aslimnica.lv\/wp-content\/uploads\/2026\/03\/17th-CTO-Day-52-scaled.jpg 2560w, https:\/\/aslimnica.lv\/wp-content\/uploads\/2026\/03\/17th-CTO-Day-52-300x176.jpg 300w, https:\/\/aslimnica.lv\/wp-content\/uploads\/2026\/03\/17th-CTO-Day-52-1024x602.jpg 1024w, https:\/\/aslimnica.lv\/wp-content\/uploads\/2026\/03\/17th-CTO-Day-52-768x451.jpg 768w, https:\/\/aslimnica.lv\/wp-content\/uploads\/2026\/03\/17th-CTO-Day-52-1536x903.jpg 1536w, https:\/\/aslimnica.lv\/wp-content\/uploads\/2026\/03\/17th-CTO-Day-52-2048x1204.jpg 2048w, https:\/\/aslimnica.lv\/wp-content\/uploads\/2026\/03\/17th-CTO-Day-52-1400x823.jpg 1400w, https:\/\/aslimnica.lv\/wp-content\/uploads\/2026\/03\/17th-CTO-Day-52-527x310.jpg 527w, https:\/\/aslimnica.lv\/wp-content\/uploads\/2026\/03\/17th-CTO-Day-52-310x182.jpg 310w, https:\/\/aslimnica.lv\/wp-content\/uploads\/2026\/03\/17th-CTO-Day-52-700x411.jpg 700w\" sizes=\"auto, (max-width: 2560px) 100vw, 2560px\" \/>Fully occluded coronary arteries, also known as chronic total occlusions, represent one of the most complex forms of coronary artery disease. However, their treatment does not involve an open surgery. It involves minimally invasive procedures using fine instruments inserted through the blood vessels. The challenge lies in the extremely small vessel diameter (the largest of them only around 3\u20134\u00a0mm) and the need to navigate long-standing, dense and calcified blockages in even narrower vessel segments. Such procedures require high precision, strong spatial awareness, and considerable patience, as they can be lengthy and technically demanding.<\/p>\n<p><img loading=\"lazy\" decoding=\"async\" class=\"alignnone wp-image-83900 size-full\" src=\"https:\/\/aslimnica.lv\/wp-content\/uploads\/2026\/03\/17th-CTO-Day-27-scaled.jpg\" alt=\"\" width=\"2560\" height=\"1581\" srcset=\"https:\/\/aslimnica.lv\/wp-content\/uploads\/2026\/03\/17th-CTO-Day-27-scaled.jpg 2560w, https:\/\/aslimnica.lv\/wp-content\/uploads\/2026\/03\/17th-CTO-Day-27-300x185.jpg 300w, https:\/\/aslimnica.lv\/wp-content\/uploads\/2026\/03\/17th-CTO-Day-27-1024x632.jpg 1024w, https:\/\/aslimnica.lv\/wp-content\/uploads\/2026\/03\/17th-CTO-Day-27-768x474.jpg 768w, https:\/\/aslimnica.lv\/wp-content\/uploads\/2026\/03\/17th-CTO-Day-27-1536x948.jpg 1536w, https:\/\/aslimnica.lv\/wp-content\/uploads\/2026\/03\/17th-CTO-Day-27-2048x1265.jpg 2048w, https:\/\/aslimnica.lv\/wp-content\/uploads\/2026\/03\/17th-CTO-Day-27-1400x864.jpg 1400w, https:\/\/aslimnica.lv\/wp-content\/uploads\/2026\/03\/17th-CTO-Day-27-502x310.jpg 502w, https:\/\/aslimnica.lv\/wp-content\/uploads\/2026\/03\/17th-CTO-Day-27-310x191.jpg 310w, https:\/\/aslimnica.lv\/wp-content\/uploads\/2026\/03\/17th-CTO-Day-27-700x432.jpg 700w\" sizes=\"auto, (max-width: 2560px) 100vw, 2560px\" \/>\u201cInterventional cardiology is a field where theory alone is not enough. Practical skills and experience are what truly matter. They can be enhanced by collaborating with international experts and analysing real clinical cases,\u201d highlights <strong>Artis Kalni\u0146\u0161<\/strong>, Head of the Cardiology and Cardiovascular Diseases Clinic at East Hospital.<\/p>\n<p><img loading=\"lazy\" decoding=\"async\" class=\"alignnone wp-image-83906 size-full\" src=\"https:\/\/aslimnica.lv\/wp-content\/uploads\/2026\/03\/17th-CTO-Day-46-scaled.jpg\" alt=\"\" width=\"2560\" height=\"1628\" srcset=\"https:\/\/aslimnica.lv\/wp-content\/uploads\/2026\/03\/17th-CTO-Day-46-scaled.jpg 2560w, https:\/\/aslimnica.lv\/wp-content\/uploads\/2026\/03\/17th-CTO-Day-46-300x191.jpg 300w, https:\/\/aslimnica.lv\/wp-content\/uploads\/2026\/03\/17th-CTO-Day-46-1024x651.jpg 1024w, https:\/\/aslimnica.lv\/wp-content\/uploads\/2026\/03\/17th-CTO-Day-46-768x488.jpg 768w, https:\/\/aslimnica.lv\/wp-content\/uploads\/2026\/03\/17th-CTO-Day-46-1536x977.jpg 1536w, https:\/\/aslimnica.lv\/wp-content\/uploads\/2026\/03\/17th-CTO-Day-46-2048x1302.jpg 2048w, https:\/\/aslimnica.lv\/wp-content\/uploads\/2026\/03\/17th-CTO-Day-46-1400x890.jpg 1400w, https:\/\/aslimnica.lv\/wp-content\/uploads\/2026\/03\/17th-CTO-Day-46-487x310.jpg 487w, https:\/\/aslimnica.lv\/wp-content\/uploads\/2026\/03\/17th-CTO-Day-46-310x197.jpg 310w, https:\/\/aslimnica.lv\/wp-content\/uploads\/2026\/03\/17th-CTO-Day-46-700x445.jpg 700w\" sizes=\"auto, (max-width: 2560px) 100vw, 2560px\" \/>The international seminar includes both lectures and practical demonstrations, and it brings together more than 50\u00a0participants from around the world. International experts include <strong>Stylianos Pyxaras<\/strong> (Germany), <strong>Masahisa Yamane<\/strong> (Japan), <strong>Shunsuke Matsuno<\/strong> (Japan), <strong>Jaroslaw Wojcik<\/strong> (Poland), <strong>Sergii Furkalo<\/strong> (Ukraine), <strong>Merouzhan Saghatelyan<\/strong> (Armenia), <strong>Peep Laanmets<\/strong> (Estonia), <strong>Andrej Pileckij<\/strong> (Lithuania), <strong>Arvydas Baranauskas<\/strong> (Lithuania), and <strong>Nenad Bozinovic<\/strong> (Serbia). Latvia was represented by the following interventional cardiologists: <strong>Dace Sondore<\/strong>, <strong>Vladimirs Osipovs<\/strong>, <strong>Aigars Lismanis<\/strong>, <strong>Deniss Vasi\u013cjevs<\/strong>, and <strong>Krist\u012bne Dombrovska<\/strong>.<\/p>\n<p>The event was supported by a team of specialists from East Hospital which included <strong>Arveds Apinis<\/strong>, <strong>Jurijs Verbovenko<\/strong>, <strong>Vit\u0101lijs Grebjonkins<\/strong>, <strong>Irina Holste<\/strong>, <strong>Artjoms Li\u0161\u0146ovs<\/strong>, and <strong>Guntis Luksti\u0146\u0161<\/strong>.<\/p>\n<p>As part of the seminar, live procedure masterclasses are held from 26 to 27\u00a0March. Demonstration procedures are performed by <strong>Stylianos Pyxaras<\/strong> (Germany), <strong>Shunsuke Matsuno<\/strong> (Japan), <strong>Masahisa Yamane<\/strong> (Japan), and the interventional cardiologists together with a multidisciplinary team from East Hospital.<\/p>\n<p>The procedure masterclasses are also broadcast from Pauls Stradi\u0146\u0161 Clinical University Hospital (Latvia), Vilnius University Hospital Santaros Clinics (Lithuania), Klaip\u0117da University Hospital (Lithuania), the North Estonia Medical Centre Foundation (Estonia), and from JZU Bolnica Sveti Vra\u010devi Bijeljina (Bosnia and Herzegovina). International experts commented live on the course of surgeries, sharing practical insights into solving complex clinical cases.<\/p>\n<p>At the opening of the seminar, the Chairman of the Board of East Hospital, <strong>Vadims Be\u013cuns<\/strong>, highlighted the important role of the hospital in the development of interventional cardiology. \u201cThis international seminar shows that East Hospital is not only a place where highly specialised care is provided, but also a platform for generating and sharing knowledge. The professionalism of our physicians and their ability to handle the most complex clinical cases allows us stand alongside leading European and global centres, while strengthening the international reputation of Latvian medicine,\u201d emphasised <strong>Vadims Be\u013cuns<\/strong>, Chairman of the Board.<\/p>\n<p>In the Baltic States, the Cardiology and Cardiovascular Diseases Clinic of East Hospital is a leading centre for treating chronic total occlusions, and hosting such events further consolidates its leadership.<\/p>\n<p>A selection of photos from the international interventional cardiology seminar is available at<\/p>\n<p><a href=\"https:\/\/www.flickr.com\/photos\/austrumu_slimnicas_foto\/albums\/72177720332748121\/\">https:\/\/www.flickr.com\/photos\/austrumu_slimnicas_foto\/albums\/72177720332748121\/<\/a><\/p>\n<hr \/>\n<p><strong><em>About the East Hospital\u00a0 <\/em><\/strong><\/p>\n<p>Riga East University Hospital is the largest and strategically significant multi-profile hospital in the country. The hospital consists of five inpatient facilities\u00a0\u2013 Gai\u013cezers, Latvian Oncology Centre, Bi\u0137ernieki, Tuberculosis and Lung Disease Centre, and Latvian Infectious Diseases Centre, along with various specialised centres and clinics. The hospital provides highly specialised inpatient and secondary outpatient healthcare, offering multidisciplinary tertiary-level treatment and care in line with modern technology and medical knowledge. Approximately 80% of all cancer patients in Latvia are treated at the hospital. It serves as a practical training base for both Latvian educational institutions and foreign students, providing further education and knowledge transfer to healthcare specialists within and beyond the country. The hospital engages in scientific research and develops innovative methods for patient treatment. As the third-largest employer in the country, the hospital employs around 5000\u00a0staff members.[\/vc_column_text][\/vc_column][\/vc_row]<\/p>\n<\/div>","protected":false},"excerpt":{"rendered":"<p>[vc_row][vc_column][vc_column_text css=&#8221;&#8221;]From 26 to 27\u00a0March\u00a02026, Riga East University Hospital (East Hospital) hosted the 17th\u00a0international seminar titled \u2018CTO day Riga East Clinical University Hospital\u2019 or \u2018Chronic Total Occlusion (CTO) Day\u2019, which demonstrates the high professionalism of its interventional cardiologists and their ability to share expertise with an international audience. The seminar brought together the leading interventional<\/p>\n","protected":false},"author":49,"featured_media":0,"parent":0,"menu_order":0,"comment_status":"closed","ping_status":"closed","template":"","meta":{"_acf_changed":false,"inline_featured_image":false,"footnotes":""},"class_list":["post-84547","page","type-page","status-publish","hentry"],"acf":[],"yoast_head":"<!-- This site is optimized with the Yoast SEO plugin v27.1.1 - https:\/\/yoast.com\/product\/yoast-seo-wordpress\/ -->\n<title>Interventional cardiologists from East Hospital share their expertise and experience at the international level - aSlimn\u012bca<\/title>\n<meta name=\"robots\" content=\"index, follow, max-snippet:-1, max-image-preview:large, max-video-preview:-1\" \/>\n<link rel=\"canonical\" href=\"https:\/\/aslimnica.lv\/en\/interventional-cardiologists-from-east-hospital-share-their-expertise-and-experience-at-the-international-level\/\" \/>\n<meta property=\"og:locale\" content=\"en_US\" \/>\n<meta property=\"og:type\" content=\"article\" \/>\n<meta property=\"og:title\" content=\"Interventional cardiologists from East Hospital share their expertise and experience at the international level - aSlimn\u012bca\" \/>\n<meta property=\"og:description\" content=\"[vc_row][vc_column][vc_column_text css=&#8221;&#8221;]From 26 to 27\u00a0March\u00a02026, Riga East University Hospital (East Hospital) hosted the 17th\u00a0international seminar titled \u2018CTO day Riga East Clinical University Hospital\u2019 or \u2018Chronic Total Occlusion (CTO) Day\u2019, which demonstrates the high professionalism of its interventional cardiologists and their ability to share expertise with an international audience. The seminar brought together the leading interventional\" \/>\n<meta property=\"og:url\" content=\"https:\/\/aslimnica.lv\/en\/interventional-cardiologists-from-east-hospital-share-their-expertise-and-experience-at-the-international-level\/\" \/>\n<meta property=\"og:site_name\" content=\"aSlimn\u012bca\" \/>\n<meta property=\"og:image\" content=\"https:\/\/aslimnica.lv\/wp-content\/uploads\/2026\/03\/17th-CTO-Day-20-scaled.jpg\" \/>\n\t<meta property=\"og:image:width\" content=\"2560\" \/>\n\t<meta property=\"og:image:height\" content=\"1764\" \/>\n\t<meta property=\"og:image:type\" content=\"image\/jpeg\" \/>\n<meta name=\"twitter:card\" content=\"summary_large_image\" \/>\n<meta name=\"twitter:label1\" content=\"Est. reading time\" \/>\n\t<meta name=\"twitter:data1\" content=\"6 minutes\" \/>\n<script type=\"application\/ld+json\" class=\"yoast-schema-graph\">{\"@context\":\"https:\/\/schema.org\",\"@graph\":[{\"@type\":\"WebPage\",\"@id\":\"https:\/\/aslimnica.lv\/en\/interventional-cardiologists-from-east-hospital-share-their-expertise-and-experience-at-the-international-level\/\",\"url\":\"https:\/\/aslimnica.lv\/en\/interventional-cardiologists-from-east-hospital-share-their-expertise-and-experience-at-the-international-level\/\",\"name\":\"Interventional cardiologists from East Hospital share their expertise and experience at the international level - aSlimn\u012bca\",\"isPartOf\":{\"@id\":\"https:\/\/aslimnica.lv\/en\/#website\"},\"primaryImageOfPage\":{\"@id\":\"https:\/\/aslimnica.lv\/en\/interventional-cardiologists-from-east-hospital-share-their-expertise-and-experience-at-the-international-level\/#primaryimage\"},\"image\":{\"@id\":\"https:\/\/aslimnica.lv\/en\/interventional-cardiologists-from-east-hospital-share-their-expertise-and-experience-at-the-international-level\/#primaryimage\"},\"thumbnailUrl\":\"https:\/\/aslimnica.lv\/wp-content\/uploads\/2026\/03\/17th-CTO-Day-20-scaled.jpg\",\"datePublished\":\"2026-04-13T13:33:24+00:00\",\"breadcrumb\":{\"@id\":\"https:\/\/aslimnica.lv\/en\/interventional-cardiologists-from-east-hospital-share-their-expertise-and-experience-at-the-international-level\/#breadcrumb\"},\"inLanguage\":\"en-US\",\"potentialAction\":[{\"@type\":\"ReadAction\",\"target\":[\"https:\/\/aslimnica.lv\/en\/interventional-cardiologists-from-east-hospital-share-their-expertise-and-experience-at-the-international-level\/\"]}]},{\"@type\":\"ImageObject\",\"inLanguage\":\"en-US\",\"@id\":\"https:\/\/aslimnica.lv\/en\/interventional-cardiologists-from-east-hospital-share-their-expertise-and-experience-at-the-international-level\/#primaryimage\",\"url\":\"https:\/\/aslimnica.lv\/wp-content\/uploads\/2026\/03\/17th-CTO-Day-20-scaled.jpg\",\"contentUrl\":\"https:\/\/aslimnica.lv\/wp-content\/uploads\/2026\/03\/17th-CTO-Day-20-scaled.jpg\"},{\"@type\":\"BreadcrumbList\",\"@id\":\"https:\/\/aslimnica.lv\/en\/interventional-cardiologists-from-east-hospital-share-their-expertise-and-experience-at-the-international-level\/#breadcrumb\",\"itemListElement\":[{\"@type\":\"ListItem\",\"position\":1,\"name\":\"Home\",\"item\":\"https:\/\/aslimnica.lv\/en\/\"},{\"@type\":\"ListItem\",\"position\":2,\"name\":\"Interventional cardiologists from East Hospital share their expertise and experience at the international level\"}]},{\"@type\":\"WebSite\",\"@id\":\"https:\/\/aslimnica.lv\/en\/#website\",\"url\":\"https:\/\/aslimnica.lv\/en\/\",\"name\":\"aSlimn\u012bca\",\"description\":\"R\u012bgas Austrumu k\u012bnisk\u0101 universit\u0101tes slimn\u012bca\",\"potentialAction\":[{\"@type\":\"SearchAction\",\"target\":{\"@type\":\"EntryPoint\",\"urlTemplate\":\"https:\/\/aslimnica.lv\/en\/?s={search_term_string}\"},\"query-input\":{\"@type\":\"PropertyValueSpecification\",\"valueRequired\":true,\"valueName\":\"search_term_string\"}}],\"inLanguage\":\"en-US\"}]}<\/script>\n<!-- \/ Yoast SEO plugin. -->","yoast_head_json":{"title":"Interventional cardiologists from East Hospital share their expertise and experience at the international level - aSlimn\u012bca","robots":{"index":"index","follow":"follow","max-snippet":"max-snippet:-1","max-image-preview":"max-image-preview:large","max-video-preview":"max-video-preview:-1"},"canonical":"https:\/\/aslimnica.lv\/en\/interventional-cardiologists-from-east-hospital-share-their-expertise-and-experience-at-the-international-level\/","og_locale":"en_US","og_type":"article","og_title":"Interventional cardiologists from East Hospital share their expertise and experience at the international level - aSlimn\u012bca","og_description":"[vc_row][vc_column][vc_column_text css=&#8221;&#8221;]From 26 to 27\u00a0March\u00a02026, Riga East University Hospital (East Hospital) hosted the 17th\u00a0international seminar titled \u2018CTO day Riga East Clinical University Hospital\u2019 or \u2018Chronic Total Occlusion (CTO) Day\u2019, which demonstrates the high professionalism of its interventional cardiologists and their ability to share expertise with an international audience. The seminar brought together the leading interventional","og_url":"https:\/\/aslimnica.lv\/en\/interventional-cardiologists-from-east-hospital-share-their-expertise-and-experience-at-the-international-level\/","og_site_name":"aSlimn\u012bca","og_image":[{"width":2560,"height":1764,"url":"https:\/\/aslimnica.lv\/wp-content\/uploads\/2026\/03\/17th-CTO-Day-20-scaled.jpg","type":"image\/jpeg"}],"twitter_card":"summary_large_image","twitter_misc":{"Est. reading time":"6 minutes"},"schema":{"@context":"https:\/\/schema.org","@graph":[{"@type":"WebPage","@id":"https:\/\/aslimnica.lv\/en\/interventional-cardiologists-from-east-hospital-share-their-expertise-and-experience-at-the-international-level\/","url":"https:\/\/aslimnica.lv\/en\/interventional-cardiologists-from-east-hospital-share-their-expertise-and-experience-at-the-international-level\/","name":"Interventional cardiologists from East Hospital share their expertise and experience at the international level - aSlimn\u012bca","isPartOf":{"@id":"https:\/\/aslimnica.lv\/en\/#website"},"primaryImageOfPage":{"@id":"https:\/\/aslimnica.lv\/en\/interventional-cardiologists-from-east-hospital-share-their-expertise-and-experience-at-the-international-level\/#primaryimage"},"image":{"@id":"https:\/\/aslimnica.lv\/en\/interventional-cardiologists-from-east-hospital-share-their-expertise-and-experience-at-the-international-level\/#primaryimage"},"thumbnailUrl":"https:\/\/aslimnica.lv\/wp-content\/uploads\/2026\/03\/17th-CTO-Day-20-scaled.jpg","datePublished":"2026-04-13T13:33:24+00:00","breadcrumb":{"@id":"https:\/\/aslimnica.lv\/en\/interventional-cardiologists-from-east-hospital-share-their-expertise-and-experience-at-the-international-level\/#breadcrumb"},"inLanguage":"en-US","potentialAction":[{"@type":"ReadAction","target":["https:\/\/aslimnica.lv\/en\/interventional-cardiologists-from-east-hospital-share-their-expertise-and-experience-at-the-international-level\/"]}]},{"@type":"ImageObject","inLanguage":"en-US","@id":"https:\/\/aslimnica.lv\/en\/interventional-cardiologists-from-east-hospital-share-their-expertise-and-experience-at-the-international-level\/#primaryimage","url":"https:\/\/aslimnica.lv\/wp-content\/uploads\/2026\/03\/17th-CTO-Day-20-scaled.jpg","contentUrl":"https:\/\/aslimnica.lv\/wp-content\/uploads\/2026\/03\/17th-CTO-Day-20-scaled.jpg"},{"@type":"BreadcrumbList","@id":"https:\/\/aslimnica.lv\/en\/interventional-cardiologists-from-east-hospital-share-their-expertise-and-experience-at-the-international-level\/#breadcrumb","itemListElement":[{"@type":"ListItem","position":1,"name":"Home","item":"https:\/\/aslimnica.lv\/en\/"},{"@type":"ListItem","position":2,"name":"Interventional cardiologists from East Hospital share their expertise and experience at the international level"}]},{"@type":"WebSite","@id":"https:\/\/aslimnica.lv\/en\/#website","url":"https:\/\/aslimnica.lv\/en\/","name":"aSlimn\u012bca","description":"R\u012bgas Austrumu k\u012bnisk\u0101 universit\u0101tes slimn\u012bca","potentialAction":[{"@type":"SearchAction","target":{"@type":"EntryPoint","urlTemplate":"https:\/\/aslimnica.lv\/en\/?s={search_term_string}"},"query-input":{"@type":"PropertyValueSpecification","valueRequired":true,"valueName":"search_term_string"}}],"inLanguage":"en-US"}]}},"_links":{"self":[{"href":"https:\/\/aslimnica.lv\/en\/wp-json\/wp\/v2\/pages\/84547","targetHints":{"allow":["GET"]}}],"collection":[{"href":"https:\/\/aslimnica.lv\/en\/wp-json\/wp\/v2\/pages"}],"about":[{"href":"https:\/\/aslimnica.lv\/en\/wp-json\/wp\/v2\/types\/page"}],"author":[{"embeddable":true,"href":"https:\/\/aslimnica.lv\/en\/wp-json\/wp\/v2\/users\/49"}],"replies":[{"embeddable":true,"href":"https:\/\/aslimnica.lv\/en\/wp-json\/wp\/v2\/comments?post=84547"}],"version-history":[{"count":1,"href":"https:\/\/aslimnica.lv\/en\/wp-json\/wp\/v2\/pages\/84547\/revisions"}],"predecessor-version":[{"id":84548,"href":"https:\/\/aslimnica.lv\/en\/wp-json\/wp\/v2\/pages\/84547\/revisions\/84548"}],"wp:attachment":[{"href":"https:\/\/aslimnica.lv\/en\/wp-json\/wp\/v2\/media?parent=84547"}],"curies":[{"name":"wp","href":"https:\/\/api.w.org\/{rel}","templated":true}]}}