{"id":84542,"date":"2026-04-13T16:25:38","date_gmt":"2026-04-13T13:25:38","guid":{"rendered":"https:\/\/aslimnica.lv\/?page_id=84542"},"modified":"2026-04-13T16:25:38","modified_gmt":"2026-04-13T13:25:38","slug":"east-hospital-listed-among-44-world-class-healthcare-institutions-that-have-initiated-the-interventional-oncological-radiation-accreditation-process","status":"publish","type":"page","link":"https:\/\/aslimnica.lv\/en\/east-hospital-listed-among-44-world-class-healthcare-institutions-that-have-initiated-the-interventional-oncological-radiation-accreditation-process\/","title":{"rendered":"East Hospital listed among 44 world-class healthcare institutions that have initiated the interventional oncological radiation accreditation process"},"content":{"rendered":"<div class=\"wpb-content-wrapper\"><p>[vc_row][vc_column][vc_column_text]<strong>The Department of Interventional Radiology of the Radiology Centre at Riga East University Hospital (East Hospital) has joined the Interventional Oncology Accreditation System for Interventional Oncology Services (IASIOS). East Hospital is the first healthcare institution in Latvia to initiate the quality standardisation process in interventional oncological radiology, demonstrating its commitment to providing top-quality care for oncological patients in interventional radiology.<\/strong><\/p>\n<p>Since March this year, the Department of Interventional Radiology at East Hospital has been included among 44\u00a0world-class healthcare institutions that have initiated the accreditation process. IASIOS is the only programme worldwide that certifies healthcare institutions providing interventional oncology services. Through participation in the accreditation programme, East Hospital has joined the international community of healthcare institutions that are committed to the highest quality standards in interventional oncological radiology.<\/p>\n<p><strong><img loading=\"lazy\" decoding=\"async\" class=\"alignnone wp-image-84543 size-full\" src=\"https:\/\/aslimnica.lv\/wp-content\/uploads\/2026\/04\/Ivory-Simple-Positive-Motivational-Quote-Ripped-Facebook-Post.jpg\" alt=\"\" width=\"940\" height=\"788\" srcset=\"https:\/\/aslimnica.lv\/wp-content\/uploads\/2026\/04\/Ivory-Simple-Positive-Motivational-Quote-Ripped-Facebook-Post.jpg 940w, https:\/\/aslimnica.lv\/wp-content\/uploads\/2026\/04\/Ivory-Simple-Positive-Motivational-Quote-Ripped-Facebook-Post-300x251.jpg 300w, https:\/\/aslimnica.lv\/wp-content\/uploads\/2026\/04\/Ivory-Simple-Positive-Motivational-Quote-Ripped-Facebook-Post-768x644.jpg 768w, https:\/\/aslimnica.lv\/wp-content\/uploads\/2026\/04\/Ivory-Simple-Positive-Motivational-Quote-Ripped-Facebook-Post-370x310.jpg 370w, https:\/\/aslimnica.lv\/wp-content\/uploads\/2026\/04\/Ivory-Simple-Positive-Motivational-Quote-Ripped-Facebook-Post-310x260.jpg 310w, https:\/\/aslimnica.lv\/wp-content\/uploads\/2026\/04\/Ivory-Simple-Positive-Motivational-Quote-Ripped-Facebook-Post-700x587.jpg 700w\" sizes=\"auto, (max-width: 940px) 100vw, 940px\" \/><\/strong><\/p>\n<p><strong>Head of the Radiology Centre,<\/strong> <strong>Aina Kratovska,<\/strong> points out: \u201cWe are truly proud to be the first healthcare institution in Latvia to initiate the quality standardisation process in interventional oncological radiology, demonstrating our commitment to providing top-quality care for our patients. Since March this year, the Department of Interventional Radiology of the Radiology Centre at East Hospital has been included among 44\u00a0world-class healthcare institutions that have initiated the accreditation process and we hope to successfully complete it by the end of 2026, thereby demonstrating the quality of interventional oncological radiology services provided at East Hospital and their compliance with international standards.\u201d<\/p>\n<p>The initiation of the accreditation process required not only the submission of various documents but also a self-assessment which showed 86% compliance with the requirements, thereby demonstrating the high level of compliance of the Radiology Centre with international standards and its readiness for successful accreditation. The self-assessment covered both clinical processes and various aspects of patient safety, quality management, and team management, providing a comprehensive assessment of the Centre\u2019s performance.<\/p>\n<p>In interventional oncological radiology, tumours are treated using image-guided minimally invasive procedures to precisely target the tumour. Treatment is performed through small skin punctures rather than major surgery, using imaging techniques such as CT, ultrasound or MRI. In interventional oncological radiology, treatment includes the destruction of tumour cells using heat or extreme cold (tumour ablation), targeted drug delivery to the tumour or its blood supply, and blocking of blood vessels supplying a tumor (embolization). This approach enables precise action directly on the tumour while preserving healthy tissue, reducing the risk of complications, shortening recovery time, and often avoiding major surgery. Interventional oncological radiology is a modern, effective, and patient-friendly approach to cancer treatment that is increasingly used worldwide.<\/p>\n<p>The IASIOS accreditation process was also facilitated by the participation of the Radiology Centre of East Hospital in the pilot project titled \u2018High-precision robotic percutaneous thermal ablation laboratory for inoperable malignant tumors\u2019 implemented under the EU Recovery and Resilience Facility Plan\u2019s reform 4.3.1.r \u2018Sustainability of healthcare, strengthening governance, efficient use of health resources, increase of the total public budget in the health sector\u2019 as part of the National Health Service\u2019s open pilot project selection for the \u2018Healthcare Service Model Development Laboratory\u2019.<\/p>\n<hr \/>\n<p>The <strong>Radiology Centre at East<\/strong> <strong>Hospital<\/strong> is one of the largest diagnostic and interventional radiology centres in the Baltic region. It now houses a unique procedure\/operation room designed for the performance of complex CT-guided procedures. The new laser-navigation CT system is specifically adapted for the highly specialised care and examination of cancer patients. The equipment enables highly precise, minimally invasive percutaneous procedures, such as biopsy, drainage, and ablation, with millimetre-level accuracy, thereby significantly reducing the need for open surgery. Its protocols allow for up to four times lower radiation doses during diagnostics and procedures, which is of critical importance in cancer patient care. The software of equipment is also unique within the Baltic States and specifically adapted for percutaneous tumour ablation, in other words, the destruction of tumours. Specialists at the Radiology Centre of East Hospital are the first in Latvia to successfully carry out cryoablation and microwave ablation procedures to treat patients with kidney and liver tumours.<\/p>\n<hr \/>\n<p><strong><em>About the East Hospital\u00a0<\/em><\/strong><\/p>\n<p>Riga East University Hospital is the largest and strategically significant multi-profile hospital in the country. The hospital consists of five inpatient facilities\u00a0\u2013 Gai\u013cezers, Latvian Oncology Centre, Bi\u0137ernieki, Tuberculosis and Lung Disease Centre, and Latvian Infectious Diseases Centre, along with various specialised centres and clinics. The hospital provides highly specialised inpatient and secondary outpatient healthcare, offering multidisciplinary tertiary-level treatment and care in line with modern technology and medical knowledge. Approximately 80% of all cancer patients in Latvia are treated at the hospital. It serves as a practical training base for both Latvian educational institutions and foreign students, providing further education and knowledge transfer to healthcare specialists within and beyond the country. The hospital engages in scientific research and develops innovative methods for patient treatment. As the third-largest employer in the country, the hospital employs around 5000\u00a0staff members.[\/vc_column_text][\/vc_column][\/vc_row]<\/p>\n<\/div>","protected":false},"excerpt":{"rendered":"<p>[vc_row][vc_column][vc_column_text]The Department of Interventional Radiology of the Radiology Centre at Riga East University Hospital (East Hospital) has joined the Interventional Oncology Accreditation System for Interventional Oncology Services (IASIOS). East Hospital is the first healthcare institution in Latvia to initiate the quality standardisation process in interventional oncological radiology, demonstrating its commitment to providing top-quality care for<\/p>\n","protected":false},"author":49,"featured_media":0,"parent":0,"menu_order":0,"comment_status":"closed","ping_status":"closed","template":"","meta":{"_acf_changed":false,"inline_featured_image":false,"footnotes":""},"class_list":["post-84542","page","type-page","status-publish","hentry"],"acf":[],"yoast_head":"<!-- This site is optimized with the Yoast SEO plugin v27.1.1 - https:\/\/yoast.com\/product\/yoast-seo-wordpress\/ -->\n<title>East Hospital listed among 44 world-class healthcare institutions that have initiated the interventional oncological radiation accreditation process - aSlimn\u012bca<\/title>\n<meta name=\"robots\" content=\"index, follow, max-snippet:-1, max-image-preview:large, max-video-preview:-1\" \/>\n<link rel=\"canonical\" href=\"https:\/\/aslimnica.lv\/en\/east-hospital-listed-among-44-world-class-healthcare-institutions-that-have-initiated-the-interventional-oncological-radiation-accreditation-process\/\" \/>\n<meta property=\"og:locale\" content=\"en_US\" \/>\n<meta property=\"og:type\" content=\"article\" \/>\n<meta property=\"og:title\" content=\"East Hospital listed among 44 world-class healthcare institutions that have initiated the interventional oncological radiation accreditation process - aSlimn\u012bca\" \/>\n<meta property=\"og:description\" content=\"[vc_row][vc_column][vc_column_text]The Department of Interventional Radiology of the Radiology Centre at Riga East University Hospital (East Hospital) has joined the Interventional Oncology Accreditation System for Interventional Oncology Services (IASIOS). East Hospital is the first healthcare institution in Latvia to initiate the quality standardisation process in interventional oncological radiology, demonstrating its commitment to providing top-quality care for\" \/>\n<meta property=\"og:url\" content=\"https:\/\/aslimnica.lv\/en\/east-hospital-listed-among-44-world-class-healthcare-institutions-that-have-initiated-the-interventional-oncological-radiation-accreditation-process\/\" \/>\n<meta property=\"og:site_name\" content=\"aSlimn\u012bca\" \/>\n<meta property=\"og:image\" content=\"https:\/\/aslimnica.lv\/wp-content\/uploads\/2026\/04\/Ivory-Simple-Positive-Motivational-Quote-Ripped-Facebook-Post.jpg\" \/>\n\t<meta property=\"og:image:width\" content=\"940\" \/>\n\t<meta property=\"og:image:height\" content=\"788\" \/>\n\t<meta property=\"og:image:type\" content=\"image\/jpeg\" \/>\n<meta name=\"twitter:card\" content=\"summary_large_image\" \/>\n<meta name=\"twitter:label1\" content=\"Est. reading time\" \/>\n\t<meta name=\"twitter:data1\" content=\"5 minutes\" \/>\n<script type=\"application\/ld+json\" class=\"yoast-schema-graph\">{\"@context\":\"https:\/\/schema.org\",\"@graph\":[{\"@type\":\"WebPage\",\"@id\":\"https:\/\/aslimnica.lv\/en\/east-hospital-listed-among-44-world-class-healthcare-institutions-that-have-initiated-the-interventional-oncological-radiation-accreditation-process\/\",\"url\":\"https:\/\/aslimnica.lv\/en\/east-hospital-listed-among-44-world-class-healthcare-institutions-that-have-initiated-the-interventional-oncological-radiation-accreditation-process\/\",\"name\":\"East Hospital listed among 44 world-class healthcare institutions that have initiated the interventional oncological radiation accreditation process - aSlimn\u012bca\",\"isPartOf\":{\"@id\":\"https:\/\/aslimnica.lv\/en\/#website\"},\"primaryImageOfPage\":{\"@id\":\"https:\/\/aslimnica.lv\/en\/east-hospital-listed-among-44-world-class-healthcare-institutions-that-have-initiated-the-interventional-oncological-radiation-accreditation-process\/#primaryimage\"},\"image\":{\"@id\":\"https:\/\/aslimnica.lv\/en\/east-hospital-listed-among-44-world-class-healthcare-institutions-that-have-initiated-the-interventional-oncological-radiation-accreditation-process\/#primaryimage\"},\"thumbnailUrl\":\"https:\/\/aslimnica.lv\/wp-content\/uploads\/2026\/04\/Ivory-Simple-Positive-Motivational-Quote-Ripped-Facebook-Post.jpg\",\"datePublished\":\"2026-04-13T13:25:38+00:00\",\"breadcrumb\":{\"@id\":\"https:\/\/aslimnica.lv\/en\/east-hospital-listed-among-44-world-class-healthcare-institutions-that-have-initiated-the-interventional-oncological-radiation-accreditation-process\/#breadcrumb\"},\"inLanguage\":\"en-US\",\"potentialAction\":[{\"@type\":\"ReadAction\",\"target\":[\"https:\/\/aslimnica.lv\/en\/east-hospital-listed-among-44-world-class-healthcare-institutions-that-have-initiated-the-interventional-oncological-radiation-accreditation-process\/\"]}]},{\"@type\":\"ImageObject\",\"inLanguage\":\"en-US\",\"@id\":\"https:\/\/aslimnica.lv\/en\/east-hospital-listed-among-44-world-class-healthcare-institutions-that-have-initiated-the-interventional-oncological-radiation-accreditation-process\/#primaryimage\",\"url\":\"https:\/\/aslimnica.lv\/wp-content\/uploads\/2026\/04\/Ivory-Simple-Positive-Motivational-Quote-Ripped-Facebook-Post.jpg\",\"contentUrl\":\"https:\/\/aslimnica.lv\/wp-content\/uploads\/2026\/04\/Ivory-Simple-Positive-Motivational-Quote-Ripped-Facebook-Post.jpg\"},{\"@type\":\"BreadcrumbList\",\"@id\":\"https:\/\/aslimnica.lv\/en\/east-hospital-listed-among-44-world-class-healthcare-institutions-that-have-initiated-the-interventional-oncological-radiation-accreditation-process\/#breadcrumb\",\"itemListElement\":[{\"@type\":\"ListItem\",\"position\":1,\"name\":\"Home\",\"item\":\"https:\/\/aslimnica.lv\/en\/\"},{\"@type\":\"ListItem\",\"position\":2,\"name\":\"East Hospital listed among 44 world-class healthcare institutions that have initiated the interventional oncological radiation accreditation process\"}]},{\"@type\":\"WebSite\",\"@id\":\"https:\/\/aslimnica.lv\/en\/#website\",\"url\":\"https:\/\/aslimnica.lv\/en\/\",\"name\":\"aSlimn\u012bca\",\"description\":\"R\u012bgas Austrumu k\u012bnisk\u0101 universit\u0101tes slimn\u012bca\",\"potentialAction\":[{\"@type\":\"SearchAction\",\"target\":{\"@type\":\"EntryPoint\",\"urlTemplate\":\"https:\/\/aslimnica.lv\/en\/?s={search_term_string}\"},\"query-input\":{\"@type\":\"PropertyValueSpecification\",\"valueRequired\":true,\"valueName\":\"search_term_string\"}}],\"inLanguage\":\"en-US\"}]}<\/script>\n<!-- \/ Yoast SEO plugin. -->","yoast_head_json":{"title":"East Hospital listed among 44 world-class healthcare institutions that have initiated the interventional oncological radiation accreditation process - aSlimn\u012bca","robots":{"index":"index","follow":"follow","max-snippet":"max-snippet:-1","max-image-preview":"max-image-preview:large","max-video-preview":"max-video-preview:-1"},"canonical":"https:\/\/aslimnica.lv\/en\/east-hospital-listed-among-44-world-class-healthcare-institutions-that-have-initiated-the-interventional-oncological-radiation-accreditation-process\/","og_locale":"en_US","og_type":"article","og_title":"East Hospital listed among 44 world-class healthcare institutions that have initiated the interventional oncological radiation accreditation process - aSlimn\u012bca","og_description":"[vc_row][vc_column][vc_column_text]The Department of Interventional Radiology of the Radiology Centre at Riga East University Hospital (East Hospital) has joined the Interventional Oncology Accreditation System for Interventional Oncology Services (IASIOS). East Hospital is the first healthcare institution in Latvia to initiate the quality standardisation process in interventional oncological radiology, demonstrating its commitment to providing top-quality care for","og_url":"https:\/\/aslimnica.lv\/en\/east-hospital-listed-among-44-world-class-healthcare-institutions-that-have-initiated-the-interventional-oncological-radiation-accreditation-process\/","og_site_name":"aSlimn\u012bca","og_image":[{"width":940,"height":788,"url":"https:\/\/aslimnica.lv\/wp-content\/uploads\/2026\/04\/Ivory-Simple-Positive-Motivational-Quote-Ripped-Facebook-Post.jpg","type":"image\/jpeg"}],"twitter_card":"summary_large_image","twitter_misc":{"Est. reading time":"5 minutes"},"schema":{"@context":"https:\/\/schema.org","@graph":[{"@type":"WebPage","@id":"https:\/\/aslimnica.lv\/en\/east-hospital-listed-among-44-world-class-healthcare-institutions-that-have-initiated-the-interventional-oncological-radiation-accreditation-process\/","url":"https:\/\/aslimnica.lv\/en\/east-hospital-listed-among-44-world-class-healthcare-institutions-that-have-initiated-the-interventional-oncological-radiation-accreditation-process\/","name":"East Hospital listed among 44 world-class healthcare institutions that have initiated the interventional oncological radiation accreditation process - aSlimn\u012bca","isPartOf":{"@id":"https:\/\/aslimnica.lv\/en\/#website"},"primaryImageOfPage":{"@id":"https:\/\/aslimnica.lv\/en\/east-hospital-listed-among-44-world-class-healthcare-institutions-that-have-initiated-the-interventional-oncological-radiation-accreditation-process\/#primaryimage"},"image":{"@id":"https:\/\/aslimnica.lv\/en\/east-hospital-listed-among-44-world-class-healthcare-institutions-that-have-initiated-the-interventional-oncological-radiation-accreditation-process\/#primaryimage"},"thumbnailUrl":"https:\/\/aslimnica.lv\/wp-content\/uploads\/2026\/04\/Ivory-Simple-Positive-Motivational-Quote-Ripped-Facebook-Post.jpg","datePublished":"2026-04-13T13:25:38+00:00","breadcrumb":{"@id":"https:\/\/aslimnica.lv\/en\/east-hospital-listed-among-44-world-class-healthcare-institutions-that-have-initiated-the-interventional-oncological-radiation-accreditation-process\/#breadcrumb"},"inLanguage":"en-US","potentialAction":[{"@type":"ReadAction","target":["https:\/\/aslimnica.lv\/en\/east-hospital-listed-among-44-world-class-healthcare-institutions-that-have-initiated-the-interventional-oncological-radiation-accreditation-process\/"]}]},{"@type":"ImageObject","inLanguage":"en-US","@id":"https:\/\/aslimnica.lv\/en\/east-hospital-listed-among-44-world-class-healthcare-institutions-that-have-initiated-the-interventional-oncological-radiation-accreditation-process\/#primaryimage","url":"https:\/\/aslimnica.lv\/wp-content\/uploads\/2026\/04\/Ivory-Simple-Positive-Motivational-Quote-Ripped-Facebook-Post.jpg","contentUrl":"https:\/\/aslimnica.lv\/wp-content\/uploads\/2026\/04\/Ivory-Simple-Positive-Motivational-Quote-Ripped-Facebook-Post.jpg"},{"@type":"BreadcrumbList","@id":"https:\/\/aslimnica.lv\/en\/east-hospital-listed-among-44-world-class-healthcare-institutions-that-have-initiated-the-interventional-oncological-radiation-accreditation-process\/#breadcrumb","itemListElement":[{"@type":"ListItem","position":1,"name":"Home","item":"https:\/\/aslimnica.lv\/en\/"},{"@type":"ListItem","position":2,"name":"East Hospital listed among 44 world-class healthcare institutions that have initiated the interventional oncological radiation accreditation process"}]},{"@type":"WebSite","@id":"https:\/\/aslimnica.lv\/en\/#website","url":"https:\/\/aslimnica.lv\/en\/","name":"aSlimn\u012bca","description":"R\u012bgas Austrumu k\u012bnisk\u0101 universit\u0101tes slimn\u012bca","potentialAction":[{"@type":"SearchAction","target":{"@type":"EntryPoint","urlTemplate":"https:\/\/aslimnica.lv\/en\/?s={search_term_string}"},"query-input":{"@type":"PropertyValueSpecification","valueRequired":true,"valueName":"search_term_string"}}],"inLanguage":"en-US"}]}},"_links":{"self":[{"href":"https:\/\/aslimnica.lv\/en\/wp-json\/wp\/v2\/pages\/84542","targetHints":{"allow":["GET"]}}],"collection":[{"href":"https:\/\/aslimnica.lv\/en\/wp-json\/wp\/v2\/pages"}],"about":[{"href":"https:\/\/aslimnica.lv\/en\/wp-json\/wp\/v2\/types\/page"}],"author":[{"embeddable":true,"href":"https:\/\/aslimnica.lv\/en\/wp-json\/wp\/v2\/users\/49"}],"replies":[{"embeddable":true,"href":"https:\/\/aslimnica.lv\/en\/wp-json\/wp\/v2\/comments?post=84542"}],"version-history":[{"count":1,"href":"https:\/\/aslimnica.lv\/en\/wp-json\/wp\/v2\/pages\/84542\/revisions"}],"predecessor-version":[{"id":84546,"href":"https:\/\/aslimnica.lv\/en\/wp-json\/wp\/v2\/pages\/84542\/revisions\/84546"}],"wp:attachment":[{"href":"https:\/\/aslimnica.lv\/en\/wp-json\/wp\/v2\/media?parent=84542"}],"curies":[{"name":"wp","href":"https:\/\/api.w.org\/{rel}","templated":true}]}}