{"id":84539,"date":"2026-04-13T16:18:00","date_gmt":"2026-04-13T13:18:00","guid":{"rendered":"https:\/\/aslimnica.lv\/?page_id=84539"},"modified":"2026-04-13T16:18:50","modified_gmt":"2026-04-13T13:18:50","slug":"36th-arrival-of-severely-injured-ukrainian-soldiers-at-east-hospital-assistance-and-cooperation-continue","status":"publish","type":"page","link":"https:\/\/aslimnica.lv\/en\/36th-arrival-of-severely-injured-ukrainian-soldiers-at-east-hospital-assistance-and-cooperation-continue\/","title":{"rendered":"36th arrival of severely injured Ukrainian soldiers at East Hospital: assistance and cooperation continue"},"content":{"rendered":"<div class=\"wpb-content-wrapper\"><p>[vc_row][vc_column][vc_column_text css=&#8221;&#8221;]<strong>Today, on 26 March 2026, the Riga East University Hospital (East Hospital) once again joins forces with the charity project M-Help.com\u00a0\u2013 this day marks the 36<sup>th<\/sup>\u00a0arrival of severely injured Ukrainian soldiers in the war started by Russia. Overall, the East Hospital has already admitted 846\u00a0patients brought from Ukraine since the outbreak of the war. 30\u00a0war victims have made the long journey to Latvia\u2019s largest hospital this time.<\/strong><\/p>\n<p><img loading=\"lazy\" decoding=\"async\" class=\"alignnone wp-image-83757 size-full\" src=\"https:\/\/aslimnica.lv\/wp-content\/uploads\/2026\/03\/Ukrainu-karaviru-uznemsana-Austrumu-slimnica-22-scaled.jpg\" alt=\"\" width=\"2560\" height=\"1440\" srcset=\"https:\/\/aslimnica.lv\/wp-content\/uploads\/2026\/03\/Ukrainu-karaviru-uznemsana-Austrumu-slimnica-22-scaled.jpg 2560w, https:\/\/aslimnica.lv\/wp-content\/uploads\/2026\/03\/Ukrainu-karaviru-uznemsana-Austrumu-slimnica-22-300x169.jpg 300w, https:\/\/aslimnica.lv\/wp-content\/uploads\/2026\/03\/Ukrainu-karaviru-uznemsana-Austrumu-slimnica-22-1024x576.jpg 1024w, https:\/\/aslimnica.lv\/wp-content\/uploads\/2026\/03\/Ukrainu-karaviru-uznemsana-Austrumu-slimnica-22-768x432.jpg 768w, https:\/\/aslimnica.lv\/wp-content\/uploads\/2026\/03\/Ukrainu-karaviru-uznemsana-Austrumu-slimnica-22-1536x864.jpg 1536w, https:\/\/aslimnica.lv\/wp-content\/uploads\/2026\/03\/Ukrainu-karaviru-uznemsana-Austrumu-slimnica-22-2048x1152.jpg 2048w, https:\/\/aslimnica.lv\/wp-content\/uploads\/2026\/03\/Ukrainu-karaviru-uznemsana-Austrumu-slimnica-22-1400x788.jpg 1400w, https:\/\/aslimnica.lv\/wp-content\/uploads\/2026\/03\/Ukrainu-karaviru-uznemsana-Austrumu-slimnica-22-530x298.jpg 530w, https:\/\/aslimnica.lv\/wp-content\/uploads\/2026\/03\/Ukrainu-karaviru-uznemsana-Austrumu-slimnica-22-310x174.jpg 310w, https:\/\/aslimnica.lv\/wp-content\/uploads\/2026\/03\/Ukrainu-karaviru-uznemsana-Austrumu-slimnica-22-700x394.jpg 700w\" sizes=\"auto, (max-width: 2560px) 100vw, 2560px\" \/><\/p>\n<p>The bus carrying Ukrainian soldiers was received by the Medical Director, <strong>Jurijs Nikolajenko<\/strong>, and the medical team from East Hospital\u2019s Emergency Medicine and Patient Admission Clinic (EMPAC), including <strong>Aleksejs Vi\u0161\u0146akovs<\/strong>, <strong>Gen\u0101dijs Ri\u010dards Rusanovs<\/strong>, <strong>Inese Larionova<\/strong>, as well as various specialists and nursing staff.<\/p>\n<p>All patients arriving from Ukraine underwent a thorough health evaluation at the EMPAC, including various laboratory tests and the examination for the possible presence of multidrug-resistant infections, as they can rapidly emerge and spread in wartime conditions. Several injured patients underwent additional radiological examinations by specialists in the Emergency Radiology Department to determine the specifics of their injuries.<\/p>\n<p><img loading=\"lazy\" decoding=\"async\" class=\"alignnone wp-image-83760 size-full\" src=\"https:\/\/aslimnica.lv\/wp-content\/uploads\/2026\/03\/Ukrainu-karaviru-uznemsana-Austrumu-slimnica-4-scaled.jpg\" alt=\"\" width=\"2560\" height=\"1696\" srcset=\"https:\/\/aslimnica.lv\/wp-content\/uploads\/2026\/03\/Ukrainu-karaviru-uznemsana-Austrumu-slimnica-4-scaled.jpg 2560w, https:\/\/aslimnica.lv\/wp-content\/uploads\/2026\/03\/Ukrainu-karaviru-uznemsana-Austrumu-slimnica-4-300x199.jpg 300w, https:\/\/aslimnica.lv\/wp-content\/uploads\/2026\/03\/Ukrainu-karaviru-uznemsana-Austrumu-slimnica-4-1024x678.jpg 1024w, https:\/\/aslimnica.lv\/wp-content\/uploads\/2026\/03\/Ukrainu-karaviru-uznemsana-Austrumu-slimnica-4-768x509.jpg 768w, https:\/\/aslimnica.lv\/wp-content\/uploads\/2026\/03\/Ukrainu-karaviru-uznemsana-Austrumu-slimnica-4-1536x1018.jpg 1536w, https:\/\/aslimnica.lv\/wp-content\/uploads\/2026\/03\/Ukrainu-karaviru-uznemsana-Austrumu-slimnica-4-2048x1357.jpg 2048w, https:\/\/aslimnica.lv\/wp-content\/uploads\/2026\/03\/Ukrainu-karaviru-uznemsana-Austrumu-slimnica-4-1400x927.jpg 1400w, https:\/\/aslimnica.lv\/wp-content\/uploads\/2026\/03\/Ukrainu-karaviru-uznemsana-Austrumu-slimnica-4-468x310.jpg 468w, https:\/\/aslimnica.lv\/wp-content\/uploads\/2026\/03\/Ukrainu-karaviru-uznemsana-Austrumu-slimnica-4-310x205.jpg 310w, https:\/\/aslimnica.lv\/wp-content\/uploads\/2026\/03\/Ukrainu-karaviru-uznemsana-Austrumu-slimnica-4-700x464.jpg 700w\" sizes=\"auto, (max-width: 2560px) 100vw, 2560px\" \/><\/p>\n<p>Meanwhile, other patients will be transferred to other healthcare facilities in Latvia, depending on the nature of their injuries, after being examined at the EMPAC. Two patients are expected to continue the treatment in the Trauma and Orthopaedics Hospital, another nine patients will be transferred to the Vaivari National Rehabilitation Centre, while two patients will be transported to the L\u012bgatne Rehabilitation Centre and 17\u00a0patients\u00a0\u2013 to the Jaun\u0137emeri Rehabilitation Centre.<\/p>\n<p><img loading=\"lazy\" decoding=\"async\" class=\"alignnone wp-image-83751 size-full\" src=\"https:\/\/aslimnica.lv\/wp-content\/uploads\/2026\/03\/Ukrainu-karaviru-uznemsana-Austrumu-slimnica-16-scaled.jpg\" alt=\"\" width=\"2560\" height=\"1440\" srcset=\"https:\/\/aslimnica.lv\/wp-content\/uploads\/2026\/03\/Ukrainu-karaviru-uznemsana-Austrumu-slimnica-16-scaled.jpg 2560w, https:\/\/aslimnica.lv\/wp-content\/uploads\/2026\/03\/Ukrainu-karaviru-uznemsana-Austrumu-slimnica-16-300x169.jpg 300w, https:\/\/aslimnica.lv\/wp-content\/uploads\/2026\/03\/Ukrainu-karaviru-uznemsana-Austrumu-slimnica-16-1024x576.jpg 1024w, https:\/\/aslimnica.lv\/wp-content\/uploads\/2026\/03\/Ukrainu-karaviru-uznemsana-Austrumu-slimnica-16-768x432.jpg 768w, https:\/\/aslimnica.lv\/wp-content\/uploads\/2026\/03\/Ukrainu-karaviru-uznemsana-Austrumu-slimnica-16-1536x864.jpg 1536w, https:\/\/aslimnica.lv\/wp-content\/uploads\/2026\/03\/Ukrainu-karaviru-uznemsana-Austrumu-slimnica-16-2048x1152.jpg 2048w, https:\/\/aslimnica.lv\/wp-content\/uploads\/2026\/03\/Ukrainu-karaviru-uznemsana-Austrumu-slimnica-16-1400x788.jpg 1400w, https:\/\/aslimnica.lv\/wp-content\/uploads\/2026\/03\/Ukrainu-karaviru-uznemsana-Austrumu-slimnica-16-530x298.jpg 530w, https:\/\/aslimnica.lv\/wp-content\/uploads\/2026\/03\/Ukrainu-karaviru-uznemsana-Austrumu-slimnica-16-310x174.jpg 310w, https:\/\/aslimnica.lv\/wp-content\/uploads\/2026\/03\/Ukrainu-karaviru-uznemsana-Austrumu-slimnica-16-700x394.jpg 700w\" sizes=\"auto, (max-width: 2560px) 100vw, 2560px\" \/><\/p>\n<p>It is the private initiative by the founders of the charity project M-Help.com, Arvis Rekets and M\u0101rti\u0146\u0161 Medinieks, that made it possible to transport the patients affected by the war in Ukraine to East Hospital.<\/p>\n<p><strong><em><u>Photos documenting the arrival of injured Ukrainian soldiers at the East Hospital are available here:<\/u><\/em><\/strong> <a href=\"https:\/\/www.flickr.com\/photos\/austrumu_slimnicas_foto\/albums\/72177720332729287\/\"><strong><em>https:\/\/www.flickr.com\/photos\/austrumu_slimnicas_foto\/albums\/72177720332729287\/<\/em><\/strong><\/a><\/p>\n<hr \/>\n<p><strong><em>About the East Hospital\u00a0 <\/em><\/strong><\/p>\n<p>Riga East University Hospital is the largest and strategically significant multi-profile hospital in the country. The hospital consists of five inpatient facilities\u00a0\u2013 Gai\u013cezers, Latvian Oncology Centre, Bi\u0137ernieki, Tuberculosis and Lung Disease Centre, and Latvian Infectious Diseases Centre, along with various specialised centres and clinics. The hospital provides highly specialised inpatient and secondary outpatient healthcare, offering multidisciplinary tertiary-level treatment and care in line with modern technology and medical knowledge. Approximately 80% of all cancer patients in Latvia are treated at the hospital. It serves as a practical training base for both Latvian educational institutions and foreign students, providing further education and knowledge transfer to healthcare specialists within and beyond the country. The hospital engages in scientific research and develops innovative methods for patient treatment. As the third-largest employer in the country, the hospital employs around 5000\u00a0staff members.[\/vc_column_text][\/vc_column][\/vc_row]<\/p>\n<\/div>","protected":false},"excerpt":{"rendered":"<p>[vc_row][vc_column][vc_column_text css=&#8221;&#8221;]Today, on 26 March 2026, the Riga East University Hospital (East Hospital) once again joins forces with the charity project M-Help.com\u00a0\u2013 this day marks the 36th\u00a0arrival of severely injured Ukrainian soldiers in the war started by Russia. Overall, the East Hospital has already admitted 846\u00a0patients brought from Ukraine since the outbreak of the war.<\/p>\n","protected":false},"author":49,"featured_media":0,"parent":0,"menu_order":0,"comment_status":"closed","ping_status":"closed","template":"","meta":{"_acf_changed":false,"inline_featured_image":false,"footnotes":""},"class_list":["post-84539","page","type-page","status-publish","hentry"],"acf":[],"yoast_head":"<!-- This site is optimized with the Yoast SEO plugin v27.1.1 - https:\/\/yoast.com\/product\/yoast-seo-wordpress\/ -->\n<title>36th arrival of severely injured Ukrainian soldiers at East Hospital: assistance and cooperation continue - aSlimn\u012bca<\/title>\n<meta name=\"robots\" content=\"index, follow, max-snippet:-1, max-image-preview:large, max-video-preview:-1\" \/>\n<link rel=\"canonical\" href=\"https:\/\/aslimnica.lv\/en\/36th-arrival-of-severely-injured-ukrainian-soldiers-at-east-hospital-assistance-and-cooperation-continue\/\" \/>\n<meta property=\"og:locale\" content=\"en_US\" \/>\n<meta property=\"og:type\" content=\"article\" \/>\n<meta property=\"og:title\" content=\"36th arrival of severely injured Ukrainian soldiers at East Hospital: assistance and cooperation continue - aSlimn\u012bca\" \/>\n<meta property=\"og:description\" content=\"[vc_row][vc_column][vc_column_text css=&#8221;&#8221;]Today, on 26 March 2026, the Riga East University Hospital (East Hospital) once again joins forces with the charity project M-Help.com\u00a0\u2013 this day marks the 36th\u00a0arrival of severely injured Ukrainian soldiers in the war started by Russia. Overall, the East Hospital has already admitted 846\u00a0patients brought from Ukraine since the outbreak of the war.\" \/>\n<meta property=\"og:url\" content=\"https:\/\/aslimnica.lv\/en\/36th-arrival-of-severely-injured-ukrainian-soldiers-at-east-hospital-assistance-and-cooperation-continue\/\" \/>\n<meta property=\"og:site_name\" content=\"aSlimn\u012bca\" \/>\n<meta property=\"article:modified_time\" content=\"2026-04-13T13:18:50+00:00\" \/>\n<meta property=\"og:image\" content=\"https:\/\/aslimnica.lv\/wp-content\/uploads\/2026\/03\/Ukrainu-karaviru-uznemsana-Austrumu-slimnica-22-scaled.jpg\" \/>\n\t<meta property=\"og:image:width\" content=\"2560\" \/>\n\t<meta property=\"og:image:height\" content=\"1440\" \/>\n\t<meta property=\"og:image:type\" content=\"image\/jpeg\" \/>\n<meta name=\"twitter:card\" content=\"summary_large_image\" \/>\n<meta name=\"twitter:label1\" content=\"Est. reading time\" \/>\n\t<meta name=\"twitter:data1\" content=\"3 minutes\" \/>\n<script type=\"application\/ld+json\" class=\"yoast-schema-graph\">{\"@context\":\"https:\/\/schema.org\",\"@graph\":[{\"@type\":\"WebPage\",\"@id\":\"https:\/\/aslimnica.lv\/en\/36th-arrival-of-severely-injured-ukrainian-soldiers-at-east-hospital-assistance-and-cooperation-continue\/\",\"url\":\"https:\/\/aslimnica.lv\/en\/36th-arrival-of-severely-injured-ukrainian-soldiers-at-east-hospital-assistance-and-cooperation-continue\/\",\"name\":\"36th arrival of severely injured Ukrainian soldiers at East Hospital: assistance and cooperation continue - aSlimn\u012bca\",\"isPartOf\":{\"@id\":\"https:\/\/aslimnica.lv\/en\/#website\"},\"primaryImageOfPage\":{\"@id\":\"https:\/\/aslimnica.lv\/en\/36th-arrival-of-severely-injured-ukrainian-soldiers-at-east-hospital-assistance-and-cooperation-continue\/#primaryimage\"},\"image\":{\"@id\":\"https:\/\/aslimnica.lv\/en\/36th-arrival-of-severely-injured-ukrainian-soldiers-at-east-hospital-assistance-and-cooperation-continue\/#primaryimage\"},\"thumbnailUrl\":\"https:\/\/aslimnica.lv\/wp-content\/uploads\/2026\/03\/Ukrainu-karaviru-uznemsana-Austrumu-slimnica-22-scaled.jpg\",\"datePublished\":\"2026-04-13T13:18:00+00:00\",\"dateModified\":\"2026-04-13T13:18:50+00:00\",\"breadcrumb\":{\"@id\":\"https:\/\/aslimnica.lv\/en\/36th-arrival-of-severely-injured-ukrainian-soldiers-at-east-hospital-assistance-and-cooperation-continue\/#breadcrumb\"},\"inLanguage\":\"en-US\",\"potentialAction\":[{\"@type\":\"ReadAction\",\"target\":[\"https:\/\/aslimnica.lv\/en\/36th-arrival-of-severely-injured-ukrainian-soldiers-at-east-hospital-assistance-and-cooperation-continue\/\"]}]},{\"@type\":\"ImageObject\",\"inLanguage\":\"en-US\",\"@id\":\"https:\/\/aslimnica.lv\/en\/36th-arrival-of-severely-injured-ukrainian-soldiers-at-east-hospital-assistance-and-cooperation-continue\/#primaryimage\",\"url\":\"https:\/\/aslimnica.lv\/wp-content\/uploads\/2026\/03\/Ukrainu-karaviru-uznemsana-Austrumu-slimnica-22-scaled.jpg\",\"contentUrl\":\"https:\/\/aslimnica.lv\/wp-content\/uploads\/2026\/03\/Ukrainu-karaviru-uznemsana-Austrumu-slimnica-22-scaled.jpg\"},{\"@type\":\"BreadcrumbList\",\"@id\":\"https:\/\/aslimnica.lv\/en\/36th-arrival-of-severely-injured-ukrainian-soldiers-at-east-hospital-assistance-and-cooperation-continue\/#breadcrumb\",\"itemListElement\":[{\"@type\":\"ListItem\",\"position\":1,\"name\":\"Home\",\"item\":\"https:\/\/aslimnica.lv\/en\/\"},{\"@type\":\"ListItem\",\"position\":2,\"name\":\"36th arrival of severely injured Ukrainian soldiers at East Hospital: assistance and cooperation continue\"}]},{\"@type\":\"WebSite\",\"@id\":\"https:\/\/aslimnica.lv\/en\/#website\",\"url\":\"https:\/\/aslimnica.lv\/en\/\",\"name\":\"aSlimn\u012bca\",\"description\":\"R\u012bgas Austrumu k\u012bnisk\u0101 universit\u0101tes slimn\u012bca\",\"potentialAction\":[{\"@type\":\"SearchAction\",\"target\":{\"@type\":\"EntryPoint\",\"urlTemplate\":\"https:\/\/aslimnica.lv\/en\/?s={search_term_string}\"},\"query-input\":{\"@type\":\"PropertyValueSpecification\",\"valueRequired\":true,\"valueName\":\"search_term_string\"}}],\"inLanguage\":\"en-US\"}]}<\/script>\n<!-- \/ Yoast SEO plugin. -->","yoast_head_json":{"title":"36th arrival of severely injured Ukrainian soldiers at East Hospital: assistance and cooperation continue - aSlimn\u012bca","robots":{"index":"index","follow":"follow","max-snippet":"max-snippet:-1","max-image-preview":"max-image-preview:large","max-video-preview":"max-video-preview:-1"},"canonical":"https:\/\/aslimnica.lv\/en\/36th-arrival-of-severely-injured-ukrainian-soldiers-at-east-hospital-assistance-and-cooperation-continue\/","og_locale":"en_US","og_type":"article","og_title":"36th arrival of severely injured Ukrainian soldiers at East Hospital: assistance and cooperation continue - aSlimn\u012bca","og_description":"[vc_row][vc_column][vc_column_text css=&#8221;&#8221;]Today, on 26 March 2026, the Riga East University Hospital (East Hospital) once again joins forces with the charity project M-Help.com\u00a0\u2013 this day marks the 36th\u00a0arrival of severely injured Ukrainian soldiers in the war started by Russia. Overall, the East Hospital has already admitted 846\u00a0patients brought from Ukraine since the outbreak of the war.","og_url":"https:\/\/aslimnica.lv\/en\/36th-arrival-of-severely-injured-ukrainian-soldiers-at-east-hospital-assistance-and-cooperation-continue\/","og_site_name":"aSlimn\u012bca","article_modified_time":"2026-04-13T13:18:50+00:00","og_image":[{"width":2560,"height":1440,"url":"https:\/\/aslimnica.lv\/wp-content\/uploads\/2026\/03\/Ukrainu-karaviru-uznemsana-Austrumu-slimnica-22-scaled.jpg","type":"image\/jpeg"}],"twitter_card":"summary_large_image","twitter_misc":{"Est. reading time":"3 minutes"},"schema":{"@context":"https:\/\/schema.org","@graph":[{"@type":"WebPage","@id":"https:\/\/aslimnica.lv\/en\/36th-arrival-of-severely-injured-ukrainian-soldiers-at-east-hospital-assistance-and-cooperation-continue\/","url":"https:\/\/aslimnica.lv\/en\/36th-arrival-of-severely-injured-ukrainian-soldiers-at-east-hospital-assistance-and-cooperation-continue\/","name":"36th arrival of severely injured Ukrainian soldiers at East Hospital: assistance and cooperation continue - aSlimn\u012bca","isPartOf":{"@id":"https:\/\/aslimnica.lv\/en\/#website"},"primaryImageOfPage":{"@id":"https:\/\/aslimnica.lv\/en\/36th-arrival-of-severely-injured-ukrainian-soldiers-at-east-hospital-assistance-and-cooperation-continue\/#primaryimage"},"image":{"@id":"https:\/\/aslimnica.lv\/en\/36th-arrival-of-severely-injured-ukrainian-soldiers-at-east-hospital-assistance-and-cooperation-continue\/#primaryimage"},"thumbnailUrl":"https:\/\/aslimnica.lv\/wp-content\/uploads\/2026\/03\/Ukrainu-karaviru-uznemsana-Austrumu-slimnica-22-scaled.jpg","datePublished":"2026-04-13T13:18:00+00:00","dateModified":"2026-04-13T13:18:50+00:00","breadcrumb":{"@id":"https:\/\/aslimnica.lv\/en\/36th-arrival-of-severely-injured-ukrainian-soldiers-at-east-hospital-assistance-and-cooperation-continue\/#breadcrumb"},"inLanguage":"en-US","potentialAction":[{"@type":"ReadAction","target":["https:\/\/aslimnica.lv\/en\/36th-arrival-of-severely-injured-ukrainian-soldiers-at-east-hospital-assistance-and-cooperation-continue\/"]}]},{"@type":"ImageObject","inLanguage":"en-US","@id":"https:\/\/aslimnica.lv\/en\/36th-arrival-of-severely-injured-ukrainian-soldiers-at-east-hospital-assistance-and-cooperation-continue\/#primaryimage","url":"https:\/\/aslimnica.lv\/wp-content\/uploads\/2026\/03\/Ukrainu-karaviru-uznemsana-Austrumu-slimnica-22-scaled.jpg","contentUrl":"https:\/\/aslimnica.lv\/wp-content\/uploads\/2026\/03\/Ukrainu-karaviru-uznemsana-Austrumu-slimnica-22-scaled.jpg"},{"@type":"BreadcrumbList","@id":"https:\/\/aslimnica.lv\/en\/36th-arrival-of-severely-injured-ukrainian-soldiers-at-east-hospital-assistance-and-cooperation-continue\/#breadcrumb","itemListElement":[{"@type":"ListItem","position":1,"name":"Home","item":"https:\/\/aslimnica.lv\/en\/"},{"@type":"ListItem","position":2,"name":"36th arrival of severely injured Ukrainian soldiers at East Hospital: assistance and cooperation continue"}]},{"@type":"WebSite","@id":"https:\/\/aslimnica.lv\/en\/#website","url":"https:\/\/aslimnica.lv\/en\/","name":"aSlimn\u012bca","description":"R\u012bgas Austrumu k\u012bnisk\u0101 universit\u0101tes slimn\u012bca","potentialAction":[{"@type":"SearchAction","target":{"@type":"EntryPoint","urlTemplate":"https:\/\/aslimnica.lv\/en\/?s={search_term_string}"},"query-input":{"@type":"PropertyValueSpecification","valueRequired":true,"valueName":"search_term_string"}}],"inLanguage":"en-US"}]}},"_links":{"self":[{"href":"https:\/\/aslimnica.lv\/en\/wp-json\/wp\/v2\/pages\/84539","targetHints":{"allow":["GET"]}}],"collection":[{"href":"https:\/\/aslimnica.lv\/en\/wp-json\/wp\/v2\/pages"}],"about":[{"href":"https:\/\/aslimnica.lv\/en\/wp-json\/wp\/v2\/types\/page"}],"author":[{"embeddable":true,"href":"https:\/\/aslimnica.lv\/en\/wp-json\/wp\/v2\/users\/49"}],"replies":[{"embeddable":true,"href":"https:\/\/aslimnica.lv\/en\/wp-json\/wp\/v2\/comments?post=84539"}],"version-history":[{"count":2,"href":"https:\/\/aslimnica.lv\/en\/wp-json\/wp\/v2\/pages\/84539\/revisions"}],"predecessor-version":[{"id":84541,"href":"https:\/\/aslimnica.lv\/en\/wp-json\/wp\/v2\/pages\/84539\/revisions\/84541"}],"wp:attachment":[{"href":"https:\/\/aslimnica.lv\/en\/wp-json\/wp\/v2\/media?parent=84539"}],"curies":[{"name":"wp","href":"https:\/\/api.w.org\/{rel}","templated":true}]}}