{"id":83658,"date":"2021-09-28T13:28:25","date_gmt":"2021-09-28T11:28:25","guid":{"rendered":"https:\/\/aslimnica.lv\/education-and-science\/education-centre\/kliniskas-prakses\/"},"modified":"2026-03-24T15:16:16","modified_gmt":"2026-03-24T13:16:16","slug":"clinical-practice","status":"publish","type":"page","link":"https:\/\/aslimnica.lv\/en\/education-and-science\/education-centre\/for-students\/clinical-practice\/","title":{"rendered":"Clinical practice"},"content":{"rendered":"<div class=\"wpb-content-wrapper\"><p>[vc_row][vc_column][vc_column_text css=&#8221;&#8221;]<u>Clinical practice<\/u>\u00a0within the study programme take place in accordance with a cooperation agreement signed between the hospital and the educational institution and they may be carried out in all hospital departments.<\/p>\n<p>&nbsp;<\/p>\n<p>Eastern Hospital Training Centre organizes individual clinical practice for a student within the framework of international programmes. The fee for one student per practice day at the hospital is 27.00 EUR.<\/p>\n<p>[\/vc_column_text][vc_empty_space][vc_empty_space][vc_column_text css=&#8221;&#8221;]For additional information, please contact: <a href=\"mailto:prakses@aslimnica.lv\">prakses@aslimnica.lv<\/a>[\/vc_column_text][\/vc_column][\/vc_row][vc_row][vc_column][\/vc_column][\/vc_row]<\/p>\n<\/div>","protected":false},"excerpt":{"rendered":"<p>[vc_row][vc_column][vc_column_text css=&#8221;&#8221;]Clinical practice\u00a0within the study programme take place in accordance with a cooperation agreement signed between the hospital and the educational institution and they may be carried out in all hospital departments. &nbsp; Eastern Hospital Training Centre organizes individual clinical practice for a student within the framework of international programmes. The fee for one student<\/p>\n","protected":false},"author":49,"featured_media":0,"parent":82879,"menu_order":0,"comment_status":"closed","ping_status":"closed","template":"","meta":{"_acf_changed":false,"inline_featured_image":false,"footnotes":""},"class_list":["post-83658","page","type-page","status-publish","hentry"],"acf":[],"yoast_head":"<!-- This site is optimized with the Yoast SEO plugin v27.1.1 - https:\/\/yoast.com\/product\/yoast-seo-wordpress\/ -->\n<title>Clinical practice - aSlimn\u012bca<\/title>\n<meta name=\"robots\" content=\"index, follow, max-snippet:-1, max-image-preview:large, max-video-preview:-1\" \/>\n<link rel=\"canonical\" href=\"https:\/\/aslimnica.lv\/en\/education-and-science\/education-centre\/for-students\/clinical-practice\/\" \/>\n<meta property=\"og:locale\" content=\"en_US\" \/>\n<meta property=\"og:type\" content=\"article\" \/>\n<meta property=\"og:title\" content=\"Clinical practice - aSlimn\u012bca\" \/>\n<meta property=\"og:description\" content=\"[vc_row][vc_column][vc_column_text css=&#8221;&#8221;]Clinical practice\u00a0within the study programme take place in accordance with a cooperation agreement signed between the hospital and the educational institution and they may be carried out in all hospital departments. &nbsp; Eastern Hospital Training Centre organizes individual clinical practice for a student within the framework of international programmes. The fee for one student\" \/>\n<meta property=\"og:url\" content=\"https:\/\/aslimnica.lv\/en\/education-and-science\/education-centre\/for-students\/clinical-practice\/\" \/>\n<meta property=\"og:site_name\" content=\"aSlimn\u012bca\" \/>\n<meta property=\"article:modified_time\" content=\"2026-03-24T13:16:16+00:00\" \/>\n<meta name=\"twitter:card\" content=\"summary_large_image\" \/>\n<meta name=\"twitter:label1\" content=\"Est. reading time\" \/>\n\t<meta name=\"twitter:data1\" content=\"1 minute\" \/>\n<script type=\"application\/ld+json\" class=\"yoast-schema-graph\">{\"@context\":\"https:\/\/schema.org\",\"@graph\":[{\"@type\":\"WebPage\",\"@id\":\"https:\/\/aslimnica.lv\/en\/education-and-science\/education-centre\/for-students\/clinical-practice\/\",\"url\":\"https:\/\/aslimnica.lv\/en\/education-and-science\/education-centre\/for-students\/clinical-practice\/\",\"name\":\"Clinical practice - aSlimn\u012bca\",\"isPartOf\":{\"@id\":\"https:\/\/aslimnica.lv\/en\/#website\"},\"datePublished\":\"2021-09-28T11:28:25+00:00\",\"dateModified\":\"2026-03-24T13:16:16+00:00\",\"breadcrumb\":{\"@id\":\"https:\/\/aslimnica.lv\/en\/education-and-science\/education-centre\/for-students\/clinical-practice\/#breadcrumb\"},\"inLanguage\":\"en-US\",\"potentialAction\":[{\"@type\":\"ReadAction\",\"target\":[\"https:\/\/aslimnica.lv\/en\/education-and-science\/education-centre\/for-students\/clinical-practice\/\"]}]},{\"@type\":\"BreadcrumbList\",\"@id\":\"https:\/\/aslimnica.lv\/en\/education-and-science\/education-centre\/for-students\/clinical-practice\/#breadcrumb\",\"itemListElement\":[{\"@type\":\"ListItem\",\"position\":1,\"name\":\"Home\",\"item\":\"https:\/\/aslimnica.lv\/en\/\"},{\"@type\":\"ListItem\",\"position\":2,\"name\":\"Education and science\",\"item\":\"https:\/\/aslimnica.lv\/en\/education-and-science\/\"},{\"@type\":\"ListItem\",\"position\":3,\"name\":\"Education Centre\",\"item\":\"https:\/\/aslimnica.lv\/en\/education-and-science\/education-centre\/\"},{\"@type\":\"ListItem\",\"position\":4,\"name\":\"For students\",\"item\":\"https:\/\/aslimnica.lv\/en\/education-and-science\/education-centre\/for-students\/\"},{\"@type\":\"ListItem\",\"position\":5,\"name\":\"Clinical practice\"}]},{\"@type\":\"WebSite\",\"@id\":\"https:\/\/aslimnica.lv\/en\/#website\",\"url\":\"https:\/\/aslimnica.lv\/en\/\",\"name\":\"aSlimn\u012bca\",\"description\":\"R\u012bgas Austrumu k\u012bnisk\u0101 universit\u0101tes slimn\u012bca\",\"potentialAction\":[{\"@type\":\"SearchAction\",\"target\":{\"@type\":\"EntryPoint\",\"urlTemplate\":\"https:\/\/aslimnica.lv\/en\/?s={search_term_string}\"},\"query-input\":{\"@type\":\"PropertyValueSpecification\",\"valueRequired\":true,\"valueName\":\"search_term_string\"}}],\"inLanguage\":\"en-US\"}]}<\/script>\n<!-- \/ Yoast SEO plugin. -->","yoast_head_json":{"title":"Clinical practice - aSlimn\u012bca","robots":{"index":"index","follow":"follow","max-snippet":"max-snippet:-1","max-image-preview":"max-image-preview:large","max-video-preview":"max-video-preview:-1"},"canonical":"https:\/\/aslimnica.lv\/en\/education-and-science\/education-centre\/for-students\/clinical-practice\/","og_locale":"en_US","og_type":"article","og_title":"Clinical practice - aSlimn\u012bca","og_description":"[vc_row][vc_column][vc_column_text css=&#8221;&#8221;]Clinical practice\u00a0within the study programme take place in accordance with a cooperation agreement signed between the hospital and the educational institution and they may be carried out in all hospital departments. &nbsp; Eastern Hospital Training Centre organizes individual clinical practice for a student within the framework of international programmes. The fee for one student","og_url":"https:\/\/aslimnica.lv\/en\/education-and-science\/education-centre\/for-students\/clinical-practice\/","og_site_name":"aSlimn\u012bca","article_modified_time":"2026-03-24T13:16:16+00:00","twitter_card":"summary_large_image","twitter_misc":{"Est. reading time":"1 minute"},"schema":{"@context":"https:\/\/schema.org","@graph":[{"@type":"WebPage","@id":"https:\/\/aslimnica.lv\/en\/education-and-science\/education-centre\/for-students\/clinical-practice\/","url":"https:\/\/aslimnica.lv\/en\/education-and-science\/education-centre\/for-students\/clinical-practice\/","name":"Clinical practice - aSlimn\u012bca","isPartOf":{"@id":"https:\/\/aslimnica.lv\/en\/#website"},"datePublished":"2021-09-28T11:28:25+00:00","dateModified":"2026-03-24T13:16:16+00:00","breadcrumb":{"@id":"https:\/\/aslimnica.lv\/en\/education-and-science\/education-centre\/for-students\/clinical-practice\/#breadcrumb"},"inLanguage":"en-US","potentialAction":[{"@type":"ReadAction","target":["https:\/\/aslimnica.lv\/en\/education-and-science\/education-centre\/for-students\/clinical-practice\/"]}]},{"@type":"BreadcrumbList","@id":"https:\/\/aslimnica.lv\/en\/education-and-science\/education-centre\/for-students\/clinical-practice\/#breadcrumb","itemListElement":[{"@type":"ListItem","position":1,"name":"Home","item":"https:\/\/aslimnica.lv\/en\/"},{"@type":"ListItem","position":2,"name":"Education and science","item":"https:\/\/aslimnica.lv\/en\/education-and-science\/"},{"@type":"ListItem","position":3,"name":"Education Centre","item":"https:\/\/aslimnica.lv\/en\/education-and-science\/education-centre\/"},{"@type":"ListItem","position":4,"name":"For students","item":"https:\/\/aslimnica.lv\/en\/education-and-science\/education-centre\/for-students\/"},{"@type":"ListItem","position":5,"name":"Clinical practice"}]},{"@type":"WebSite","@id":"https:\/\/aslimnica.lv\/en\/#website","url":"https:\/\/aslimnica.lv\/en\/","name":"aSlimn\u012bca","description":"R\u012bgas Austrumu k\u012bnisk\u0101 universit\u0101tes slimn\u012bca","potentialAction":[{"@type":"SearchAction","target":{"@type":"EntryPoint","urlTemplate":"https:\/\/aslimnica.lv\/en\/?s={search_term_string}"},"query-input":{"@type":"PropertyValueSpecification","valueRequired":true,"valueName":"search_term_string"}}],"inLanguage":"en-US"}]}},"_links":{"self":[{"href":"https:\/\/aslimnica.lv\/en\/wp-json\/wp\/v2\/pages\/83658","targetHints":{"allow":["GET"]}}],"collection":[{"href":"https:\/\/aslimnica.lv\/en\/wp-json\/wp\/v2\/pages"}],"about":[{"href":"https:\/\/aslimnica.lv\/en\/wp-json\/wp\/v2\/types\/page"}],"author":[{"embeddable":true,"href":"https:\/\/aslimnica.lv\/en\/wp-json\/wp\/v2\/users\/49"}],"replies":[{"embeddable":true,"href":"https:\/\/aslimnica.lv\/en\/wp-json\/wp\/v2\/comments?post=83658"}],"version-history":[{"count":2,"href":"https:\/\/aslimnica.lv\/en\/wp-json\/wp\/v2\/pages\/83658\/revisions"}],"predecessor-version":[{"id":83667,"href":"https:\/\/aslimnica.lv\/en\/wp-json\/wp\/v2\/pages\/83658\/revisions\/83667"}],"up":[{"embeddable":true,"href":"https:\/\/aslimnica.lv\/en\/wp-json\/wp\/v2\/pages\/82879"}],"wp:attachment":[{"href":"https:\/\/aslimnica.lv\/en\/wp-json\/wp\/v2\/media?parent=83658"}],"curies":[{"name":"wp","href":"https:\/\/api.w.org\/{rel}","templated":true}]}}