{"id":83645,"date":"2021-09-29T07:55:53","date_gmt":"2021-09-29T05:55:53","guid":{"rendered":"https:\/\/aslimnica.lv\/education-and-science\/education-centre\/studentiem\/fakultativas-prakses-voluntesana\/"},"modified":"2026-03-24T15:15:40","modified_gmt":"2026-03-24T13:15:40","slug":"elective-internships","status":"publish","type":"page","link":"https:\/\/aslimnica.lv\/en\/education-and-science\/education-centre\/for-students\/elective-internships\/","title":{"rendered":"Elective Internships"},"content":{"rendered":"<div class=\"wpb-content-wrapper\"><p>[vc_row][vc_column][vc_column_text css=&#8221;.vc_custom_1774349581193{border-color: #000000 !important;}&#8221;]Elective internships are voluntary opportunities for students to enhance their theoretical knowledge and practical skills under the supervision of hospital healthcare professionals outside the mandatory study schedule.<\/p>\n<p><strong>Application Process<\/strong><\/p>\n<p>To apply for an elective internship at the hospital, students must:[\/vc_column_text][vc_empty_space][vc_column_text css=&#8221;.vc_custom_1774358110545{border-color: #000000 !important;}&#8221;]<\/p>\n<div class=\"wpb_text_column wpb_content_element vc_custom_1774348326649\">\n<div class=\"wpb_wrapper\">\n<p><strong>1.Select a placement<\/strong><\/p>\n<\/div>\n<\/div>\n<div class=\"wpb_text_column wpb_content_element vc_custom_1774349341116\">\n<div class=\"wpb_wrapper\">\n<ul>\n<li>Choose a preferred department within the hospital and agree on a direct internship supervisor.<\/li>\n<\/ul>\n<\/div>\n<\/div>\n<div class=\"wpb_text_column wpb_content_element vc_custom_1774349406187\">\n<div class=\"wpb_wrapper\"><\/div>\n<p>&nbsp;<\/p>\n<\/div>\n<p>[\/vc_column_text][vc_empty_space][vc_column_text css=&#8221;.vc_custom_1774357955355{border-color: #000000 !important;}&#8221;]<\/p>\n<div class=\"wpb_text_column wpb_content_element vc_custom_1774348326649\">\n<div class=\"wpb_wrapper\"><\/div>\n<\/div>\n<div class=\"wpb_text_column wpb_content_element vc_custom_1774349341116\">\n<div class=\"wpb_wrapper\">\n<p><strong>2.Submit an application<\/strong><\/p>\n<\/div>\n<\/div>\n<div class=\"wpb_text_column wpb_content_element vc_custom_1774349361843\">\n<div class=\"wpb_wrapper\">\n<ul>\n<li>Complete the <a href=\"https:\/\/aslimnica.lv\/wp-content\/uploads\/2026\/03\/Application_optional_internship_hospital.docx\"><span style=\"text-decoration: underline;\"><em>application form<\/em><\/span><\/a> in two copies. All parties may sign the document electronically.<\/li>\n<li>A payment confirmation document must be submitted together with the application (see point 3 of the application form).<\/li>\n<\/ul>\n<\/div>\n<\/div>\n<p>[\/vc_column_text][vc_empty_space][vc_column_text css=&#8221;.vc_custom_1774357972847{border-color: #000000 !important;}&#8221;]<\/p>\n<div class=\"wpb_text_column wpb_content_element vc_custom_1774348326649\">\n<div class=\"wpb_wrapper\"><\/div>\n<\/div>\n<div class=\"wpb_text_column wpb_content_element vc_custom_1774349361843\">\n<div class=\"wpb_wrapper\">\n<p><strong>3.Prepare required documents<\/strong><\/p>\n<\/div>\n<\/div>\n<div class=\"wpb_text_column wpb_content_element vc_custom_1774349383775\">\n<div class=\"wpb_wrapper\">\n<ul>\n<li>Certificate issued by the educational institution confirming student status;<\/li>\n<li>Mandatory health examination certificate (valid for 3 years from the date of issue)\u00a0<strong>or<\/strong>\u00a0medical certificate from family doctor (valid for 1 year from the date of issue).<\/li>\n<\/ul>\n<\/div>\n<\/div>\n<div class=\"wpb_text_column wpb_content_element vc_custom_1774349396439\">\n<div class=\"wpb_wrapper\"><\/div>\n<\/div>\n<p>[\/vc_column_text][vc_empty_space][vc_column_text css=&#8221;.vc_custom_1774357986841{border-color: #000000 !important;}&#8221;]<\/p>\n<div class=\"wpb_text_column wpb_content_element vc_custom_1774348326649\">\n<div class=\"wpb_wrapper\"><\/div>\n<\/div>\n<div class=\"wpb_text_column wpb_content_element vc_custom_1774349383775\">\n<div class=\"wpb_wrapper\">\n<p><strong>4.Review hospital regulations<\/strong><\/p>\n<\/div>\n<\/div>\n<div class=\"wpb_text_column wpb_content_element vc_custom_1774349396439\">\n<div class=\"wpb_wrapper\">\n<ul>\n<li><span style=\"text-decoration: underline;\"><em><a href=\"https:\/\/aslimnica.lv\/wp-content\/uploads\/2026\/03\/Internal-Rules-of-Riga-East-Clinical-University-Hospital.pdf\" target=\"_blank\" rel=\"false noopener\">Internal Regulations<\/a><\/em><\/span><\/li>\n<li><span style=\"text-decoration: underline;\"><em><a href=\"https:\/\/aslimnica.lv\/wp-content\/uploads\/2026\/03\/Hygiene-Requirements.pdf\" target=\"_blank\" rel=\"false noopener\">Hand Hygiene Requirements<\/a><\/em><\/span><\/li>\n<\/ul>\n<\/div>\n<\/div>\n<p>[\/vc_column_text][vc_empty_space][vc_column_text css=&#8221;.vc_custom_1774357996855{border-color: #000000 !important;}&#8221;]<\/p>\n<div class=\"wpb_text_column wpb_content_element vc_custom_1774348326649\">\n<div class=\"wpb_wrapper\"><\/div>\n<\/div>\n<div class=\"wpb_text_column wpb_content_element vc_custom_1774349396439\">\n<div class=\"wpb_wrapper\">\n<p><strong>5.Complete introductory training<\/strong><\/p>\n<\/div>\n<\/div>\n<div class=\"wpb_text_column wpb_content_element vc_custom_1774349406187\">\n<div class=\"wpb_wrapper\">\n<ul>\n<li>After submitting the required documents via email to\u00a0<strong>prakses@aslimnica.lv<\/strong>, students will receive a link to the introductory training.<\/li>\n<\/ul>\n<\/div>\n<p>&nbsp;<\/p>\n<\/div>\n<p>[\/vc_column_text][vc_empty_space][vc_column_text css=&#8221;.vc_custom_1774358127334{border-color: #000000 !important;}&#8221;]Submission of Documents and Contact Information <a href=\"mailto:prakses@aslimnica.lv\">prakses@aslimnica.lv<\/a>[\/vc_column_text][\/vc_column][\/vc_row][vc_row][vc_column][\/vc_column][\/vc_row]<\/p>\n<\/div>","protected":false},"excerpt":{"rendered":"<p>[vc_row][vc_column][vc_column_text css=&#8221;.vc_custom_1774349581193{border-color: #000000 !important;}&#8221;]Elective internships are voluntary opportunities for students to enhance their theoretical knowledge and practical skills under the supervision of hospital healthcare professionals outside the mandatory study schedule. Application Process To apply for an elective internship at the hospital, students must:[\/vc_column_text][vc_empty_space][vc_column_text css=&#8221;.vc_custom_1774358110545{border-color: #000000 !important;}&#8221;] 1.Select a placement Choose a preferred department within the<\/p>\n","protected":false},"author":49,"featured_media":0,"parent":82879,"menu_order":0,"comment_status":"closed","ping_status":"closed","template":"","meta":{"_acf_changed":false,"inline_featured_image":false,"footnotes":""},"class_list":["post-83645","page","type-page","status-publish","hentry"],"acf":[],"yoast_head":"<!-- This site is optimized with the Yoast SEO plugin v27.1.1 - https:\/\/yoast.com\/product\/yoast-seo-wordpress\/ -->\n<title>Elective Internships - aSlimn\u012bca<\/title>\n<meta name=\"robots\" content=\"index, follow, max-snippet:-1, max-image-preview:large, max-video-preview:-1\" \/>\n<link rel=\"canonical\" href=\"https:\/\/aslimnica.lv\/en\/education-and-science\/education-centre\/for-students\/elective-internships\/\" \/>\n<meta property=\"og:locale\" content=\"en_US\" \/>\n<meta property=\"og:type\" content=\"article\" \/>\n<meta property=\"og:title\" content=\"Elective Internships - aSlimn\u012bca\" \/>\n<meta property=\"og:description\" content=\"[vc_row][vc_column][vc_column_text css=&#8221;.vc_custom_1774349581193{border-color: #000000 !important;}&#8221;]Elective internships are voluntary opportunities for students to enhance their theoretical knowledge and practical skills under the supervision of hospital healthcare professionals outside the mandatory study schedule. Application Process To apply for an elective internship at the hospital, students must:[\/vc_column_text][vc_empty_space][vc_column_text css=&#8221;.vc_custom_1774358110545{border-color: #000000 !important;}&#8221;] 1.Select a placement Choose a preferred department within the\" \/>\n<meta property=\"og:url\" content=\"https:\/\/aslimnica.lv\/en\/education-and-science\/education-centre\/for-students\/elective-internships\/\" \/>\n<meta property=\"og:site_name\" content=\"aSlimn\u012bca\" \/>\n<meta property=\"article:modified_time\" content=\"2026-03-24T13:15:40+00:00\" \/>\n<meta name=\"twitter:card\" content=\"summary_large_image\" \/>\n<meta name=\"twitter:label1\" content=\"Est. reading time\" \/>\n\t<meta name=\"twitter:data1\" content=\"2 minutes\" \/>\n<script type=\"application\/ld+json\" class=\"yoast-schema-graph\">{\"@context\":\"https:\/\/schema.org\",\"@graph\":[{\"@type\":\"WebPage\",\"@id\":\"https:\/\/aslimnica.lv\/en\/education-and-science\/education-centre\/for-students\/elective-internships\/\",\"url\":\"https:\/\/aslimnica.lv\/en\/education-and-science\/education-centre\/for-students\/elective-internships\/\",\"name\":\"Elective Internships - aSlimn\u012bca\",\"isPartOf\":{\"@id\":\"https:\/\/aslimnica.lv\/en\/#website\"},\"datePublished\":\"2021-09-29T05:55:53+00:00\",\"dateModified\":\"2026-03-24T13:15:40+00:00\",\"breadcrumb\":{\"@id\":\"https:\/\/aslimnica.lv\/en\/education-and-science\/education-centre\/for-students\/elective-internships\/#breadcrumb\"},\"inLanguage\":\"en-US\",\"potentialAction\":[{\"@type\":\"ReadAction\",\"target\":[\"https:\/\/aslimnica.lv\/en\/education-and-science\/education-centre\/for-students\/elective-internships\/\"]}]},{\"@type\":\"BreadcrumbList\",\"@id\":\"https:\/\/aslimnica.lv\/en\/education-and-science\/education-centre\/for-students\/elective-internships\/#breadcrumb\",\"itemListElement\":[{\"@type\":\"ListItem\",\"position\":1,\"name\":\"Home\",\"item\":\"https:\/\/aslimnica.lv\/en\/\"},{\"@type\":\"ListItem\",\"position\":2,\"name\":\"Education and science\",\"item\":\"https:\/\/aslimnica.lv\/en\/education-and-science\/\"},{\"@type\":\"ListItem\",\"position\":3,\"name\":\"Education Centre\",\"item\":\"https:\/\/aslimnica.lv\/en\/education-and-science\/education-centre\/\"},{\"@type\":\"ListItem\",\"position\":4,\"name\":\"For students\",\"item\":\"https:\/\/aslimnica.lv\/en\/education-and-science\/education-centre\/for-students\/\"},{\"@type\":\"ListItem\",\"position\":5,\"name\":\"Elective Internships\"}]},{\"@type\":\"WebSite\",\"@id\":\"https:\/\/aslimnica.lv\/en\/#website\",\"url\":\"https:\/\/aslimnica.lv\/en\/\",\"name\":\"aSlimn\u012bca\",\"description\":\"R\u012bgas Austrumu k\u012bnisk\u0101 universit\u0101tes slimn\u012bca\",\"potentialAction\":[{\"@type\":\"SearchAction\",\"target\":{\"@type\":\"EntryPoint\",\"urlTemplate\":\"https:\/\/aslimnica.lv\/en\/?s={search_term_string}\"},\"query-input\":{\"@type\":\"PropertyValueSpecification\",\"valueRequired\":true,\"valueName\":\"search_term_string\"}}],\"inLanguage\":\"en-US\"}]}<\/script>\n<!-- \/ Yoast SEO plugin. -->","yoast_head_json":{"title":"Elective Internships - aSlimn\u012bca","robots":{"index":"index","follow":"follow","max-snippet":"max-snippet:-1","max-image-preview":"max-image-preview:large","max-video-preview":"max-video-preview:-1"},"canonical":"https:\/\/aslimnica.lv\/en\/education-and-science\/education-centre\/for-students\/elective-internships\/","og_locale":"en_US","og_type":"article","og_title":"Elective Internships - aSlimn\u012bca","og_description":"[vc_row][vc_column][vc_column_text css=&#8221;.vc_custom_1774349581193{border-color: #000000 !important;}&#8221;]Elective internships are voluntary opportunities for students to enhance their theoretical knowledge and practical skills under the supervision of hospital healthcare professionals outside the mandatory study schedule. Application Process To apply for an elective internship at the hospital, students must:[\/vc_column_text][vc_empty_space][vc_column_text css=&#8221;.vc_custom_1774358110545{border-color: #000000 !important;}&#8221;] 1.Select a placement Choose a preferred department within the","og_url":"https:\/\/aslimnica.lv\/en\/education-and-science\/education-centre\/for-students\/elective-internships\/","og_site_name":"aSlimn\u012bca","article_modified_time":"2026-03-24T13:15:40+00:00","twitter_card":"summary_large_image","twitter_misc":{"Est. reading time":"2 minutes"},"schema":{"@context":"https:\/\/schema.org","@graph":[{"@type":"WebPage","@id":"https:\/\/aslimnica.lv\/en\/education-and-science\/education-centre\/for-students\/elective-internships\/","url":"https:\/\/aslimnica.lv\/en\/education-and-science\/education-centre\/for-students\/elective-internships\/","name":"Elective Internships - aSlimn\u012bca","isPartOf":{"@id":"https:\/\/aslimnica.lv\/en\/#website"},"datePublished":"2021-09-29T05:55:53+00:00","dateModified":"2026-03-24T13:15:40+00:00","breadcrumb":{"@id":"https:\/\/aslimnica.lv\/en\/education-and-science\/education-centre\/for-students\/elective-internships\/#breadcrumb"},"inLanguage":"en-US","potentialAction":[{"@type":"ReadAction","target":["https:\/\/aslimnica.lv\/en\/education-and-science\/education-centre\/for-students\/elective-internships\/"]}]},{"@type":"BreadcrumbList","@id":"https:\/\/aslimnica.lv\/en\/education-and-science\/education-centre\/for-students\/elective-internships\/#breadcrumb","itemListElement":[{"@type":"ListItem","position":1,"name":"Home","item":"https:\/\/aslimnica.lv\/en\/"},{"@type":"ListItem","position":2,"name":"Education and science","item":"https:\/\/aslimnica.lv\/en\/education-and-science\/"},{"@type":"ListItem","position":3,"name":"Education Centre","item":"https:\/\/aslimnica.lv\/en\/education-and-science\/education-centre\/"},{"@type":"ListItem","position":4,"name":"For students","item":"https:\/\/aslimnica.lv\/en\/education-and-science\/education-centre\/for-students\/"},{"@type":"ListItem","position":5,"name":"Elective Internships"}]},{"@type":"WebSite","@id":"https:\/\/aslimnica.lv\/en\/#website","url":"https:\/\/aslimnica.lv\/en\/","name":"aSlimn\u012bca","description":"R\u012bgas Austrumu k\u012bnisk\u0101 universit\u0101tes slimn\u012bca","potentialAction":[{"@type":"SearchAction","target":{"@type":"EntryPoint","urlTemplate":"https:\/\/aslimnica.lv\/en\/?s={search_term_string}"},"query-input":{"@type":"PropertyValueSpecification","valueRequired":true,"valueName":"search_term_string"}}],"inLanguage":"en-US"}]}},"_links":{"self":[{"href":"https:\/\/aslimnica.lv\/en\/wp-json\/wp\/v2\/pages\/83645","targetHints":{"allow":["GET"]}}],"collection":[{"href":"https:\/\/aslimnica.lv\/en\/wp-json\/wp\/v2\/pages"}],"about":[{"href":"https:\/\/aslimnica.lv\/en\/wp-json\/wp\/v2\/types\/page"}],"author":[{"embeddable":true,"href":"https:\/\/aslimnica.lv\/en\/wp-json\/wp\/v2\/users\/49"}],"replies":[{"embeddable":true,"href":"https:\/\/aslimnica.lv\/en\/wp-json\/wp\/v2\/comments?post=83645"}],"version-history":[{"count":5,"href":"https:\/\/aslimnica.lv\/en\/wp-json\/wp\/v2\/pages\/83645\/revisions"}],"predecessor-version":[{"id":83676,"href":"https:\/\/aslimnica.lv\/en\/wp-json\/wp\/v2\/pages\/83645\/revisions\/83676"}],"up":[{"embeddable":true,"href":"https:\/\/aslimnica.lv\/en\/wp-json\/wp\/v2\/pages\/82879"}],"wp:attachment":[{"href":"https:\/\/aslimnica.lv\/en\/wp-json\/wp\/v2\/media?parent=83645"}],"curies":[{"name":"wp","href":"https:\/\/api.w.org\/{rel}","templated":true}]}}