{"id":83272,"date":"2026-03-16T16:10:11","date_gmt":"2026-03-16T14:10:11","guid":{"rendered":"https:\/\/aslimnica.lv\/?page_id=83272"},"modified":"2026-03-16T16:10:11","modified_gmt":"2026-03-16T14:10:11","slug":"east-hospitals-professor-sandra-lejniece-honoured-with-the-high-european-order-of-merit","status":"publish","type":"page","link":"https:\/\/aslimnica.lv\/en\/east-hospitals-professor-sandra-lejniece-honoured-with-the-high-european-order-of-merit\/","title":{"rendered":"East Hospital\u2019s professor Sandra Lejniece honoured with the high European Order of Merit"},"content":{"rendered":"<div class=\"wpb-content-wrapper\"><p>[vc_row][vc_column][vc_column_text css=&#8221;&#8221;]<strong><img loading=\"lazy\" decoding=\"async\" class=\"alignnone wp-image-83168 \" src=\"https:\/\/aslimnica.lv\/wp-content\/uploads\/2026\/03\/Profesore_S_Lejniece_2-1024x1024.jpg\" alt=\"\" width=\"381\" height=\"381\" srcset=\"https:\/\/aslimnica.lv\/wp-content\/uploads\/2026\/03\/Profesore_S_Lejniece_2-1024x1024.jpg 1024w, https:\/\/aslimnica.lv\/wp-content\/uploads\/2026\/03\/Profesore_S_Lejniece_2-300x300.jpg 300w, https:\/\/aslimnica.lv\/wp-content\/uploads\/2026\/03\/Profesore_S_Lejniece_2-150x150.jpg 150w, https:\/\/aslimnica.lv\/wp-content\/uploads\/2026\/03\/Profesore_S_Lejniece_2-768x768.jpg 768w, https:\/\/aslimnica.lv\/wp-content\/uploads\/2026\/03\/Profesore_S_Lejniece_2-310x310.jpg 310w, https:\/\/aslimnica.lv\/wp-content\/uploads\/2026\/03\/Profesore_S_Lejniece_2-200x200.jpg 200w, https:\/\/aslimnica.lv\/wp-content\/uploads\/2026\/03\/Profesore_S_Lejniece_2-700x700.jpg 700w, https:\/\/aslimnica.lv\/wp-content\/uploads\/2026\/03\/Profesore_S_Lejniece_2.jpg 1080w\" sizes=\"auto, (max-width: 381px) 100vw, 381px\" \/><\/strong><\/p>\n<p><strong>Professor Sandra Lejniece, Head of the Haematology Clinic at Riga East University Hospital (East Hospital), Professor at Riga Stradi\u0146\u0161 University (RSU), academician of the Latvian Academy of Sciences, and President of the Latvian Haematologists\u2019 Association has been awarded one of the highest European Union distinctions\u00a0\u2013 the European Order of Merit. This prestigious award was presented for the first time this year to honour the achievements of individuals who have made a significant contribution to the development of Europe and the strengthening of democracy and social welfare. RSU professor Sandra Lejniece was awarded the order for her significant contribution to medicine, particularly in treating cancer and haematologic diseases, and for her pivotal role in implementing the Europe\u2019s Beating Cancer Plan in Latvia.<\/strong><\/p>\n<p><strong><img loading=\"lazy\" decoding=\"async\" class=\"alignnone wp-image-82211 \" src=\"https:\/\/aslimnica.lv\/wp-content\/uploads\/2026\/02\/Vadims-Beluns-1024x692.jpg\" alt=\"\" width=\"441\" height=\"298\" srcset=\"https:\/\/aslimnica.lv\/wp-content\/uploads\/2026\/02\/Vadims-Beluns-1024x692.jpg 1024w, https:\/\/aslimnica.lv\/wp-content\/uploads\/2026\/02\/Vadims-Beluns-300x203.jpg 300w, https:\/\/aslimnica.lv\/wp-content\/uploads\/2026\/02\/Vadims-Beluns-768x519.jpg 768w, https:\/\/aslimnica.lv\/wp-content\/uploads\/2026\/02\/Vadims-Beluns-1536x1039.jpg 1536w, https:\/\/aslimnica.lv\/wp-content\/uploads\/2026\/02\/Vadims-Beluns-2048x1385.jpg 2048w, https:\/\/aslimnica.lv\/wp-content\/uploads\/2026\/02\/Vadims-Beluns-1400x947.jpg 1400w, https:\/\/aslimnica.lv\/wp-content\/uploads\/2026\/02\/Vadims-Beluns-458x310.jpg 458w, https:\/\/aslimnica.lv\/wp-content\/uploads\/2026\/02\/Vadims-Beluns-310x210.jpg 310w, https:\/\/aslimnica.lv\/wp-content\/uploads\/2026\/02\/Vadims-Beluns-700x473.jpg 700w\" sizes=\"auto, (max-width: 441px) 100vw, 441px\" \/><\/strong><\/p>\n<p><strong>Vadims Be\u013cuns, Chairman of the Board<\/strong> of Riga East University Hospital, emphasizes that this award is significant not only for the professor herself but also for the entire Latvian medical community. \u201cProfessor Sandra Lejniece has been one of Latvia\u2019s leading haematologists for many years, contributing significantly to the development of modern patient care and strengthening Latvia\u2019s medical reputation at international level. We are immensely proud to have such an outstanding physician and scientist at East Hospital,\u201d says V.\u00a0Be\u013cuns.<\/p>\n<p>RSU professor Sandra Lejniece has been one of the leading haematology specialists in Latvia for more than three decades, focusing on patient care, scientific research, training of young physicians, and the development of international collaboration. At Riga East University Hospital, she has contributed significantly to the development of modern oncological and haematological patient care in Latvia, including the introduction of new treatment approaches and the strengthening of specialised haematology care.<\/p>\n<p>RSU professor was nominated for the award by the Speaker of the <em>Saeima<\/em>, Daiga Mieri\u0146a, who recognised her long-standing and significant contribution to medicine and the development of healthcare in Latvia. The application states that the professor\u2019s efforts demonstrate Latvia\u2019s ability to be a valued partner in European healthcare by implementing innovative treatment approaches, advocating for patient rights, and upholding shared European values.<\/p>\n<p>The European Order of Merit was launched on the occasion of the 75th anniversary of the Schuman Declaration\u00a0\u2013 the starting point of European unity. It is the first European distinction of its kind granted by EU institutions to honour the achievements of individuals who have made a significant contribution to European integration and defend democracy, peace, and human dignity.<\/p>\n<p><strong>For more information about the award, please visit:<\/strong><br \/>\n<a href=\"https:\/\/www.europarl.europa.eu\/at-your-service\/lv\/be-heard\/european-order-of-merit\">https:\/\/www.europarl.europa.eu\/at-your-service\/lv\/be-heard\/european-order-of-merit<\/a><\/p>\n<p><strong>For more information about the laureates of the European Order of Merit, please visit:<\/strong><br \/>\n<a href=\"https:\/\/www.europarl.europa.eu\/news\/en\/press-room\/20260306IPR37520\/president-metsola-announces-first-laureates-of-the-european-order-of-merit\">https:\/\/www.europarl.europa.eu\/news\/en\/press-room\/20260306IPR37520\/president-metsola-announces-first-laureates-of-the-european-order-of-merit<\/a><\/p>\n<hr \/>\n<p><strong><em>About the East Hospital\u00a0 <\/em><\/strong><\/p>\n<p>Riga East University Hospital is the largest and strategically significant multi-profile hospital in the country. The hospital consists of five inpatient facilities\u00a0\u2013 Gai\u013cezers, Latvian Oncology Centre, Bi\u0137ernieki, Tuberculosis and Lung Disease Centre, and Latvian Infectious Diseases Centre, along with various specialised centres and clinics. The hospital provides highly specialised inpatient and secondary outpatient healthcare, offering multidisciplinary tertiary-level treatment and care in line with modern technology and medical knowledge. Approximately 80% of all cancer patients in Latvia are treated at the hospital. It serves as a practical training base for both Latvian educational institutions and foreign students, providing further education and knowledge transfer to healthcare specialists within and beyond the country. The hospital engages in scientific research and develops innovative methods for patient treatment. As the third-largest employer in the country, the hospital employs around 5000\u00a0staff members.[\/vc_column_text][\/vc_column][\/vc_row]<\/p>\n<\/div>","protected":false},"excerpt":{"rendered":"<p>[vc_row][vc_column][vc_column_text css=&#8221;&#8221;] Professor Sandra Lejniece, Head of the Haematology Clinic at Riga East University Hospital (East Hospital), Professor at Riga Stradi\u0146\u0161 University (RSU), academician of the Latvian Academy of Sciences, and President of the Latvian Haematologists\u2019 Association has been awarded one of the highest European Union distinctions\u00a0\u2013 the European Order of Merit. This prestigious award<\/p>\n","protected":false},"author":49,"featured_media":0,"parent":0,"menu_order":0,"comment_status":"closed","ping_status":"closed","template":"","meta":{"_acf_changed":false,"inline_featured_image":false,"footnotes":""},"class_list":["post-83272","page","type-page","status-publish","hentry"],"acf":[],"yoast_head":"<!-- This site is optimized with the Yoast SEO plugin v27.1.1 - https:\/\/yoast.com\/product\/yoast-seo-wordpress\/ -->\n<title>East Hospital\u2019s professor Sandra Lejniece honoured with the high European Order of Merit - aSlimn\u012bca<\/title>\n<meta name=\"robots\" content=\"index, follow, max-snippet:-1, max-image-preview:large, max-video-preview:-1\" \/>\n<link rel=\"canonical\" href=\"https:\/\/aslimnica.lv\/en\/east-hospitals-professor-sandra-lejniece-honoured-with-the-high-european-order-of-merit\/\" \/>\n<meta property=\"og:locale\" content=\"en_US\" \/>\n<meta property=\"og:type\" content=\"article\" \/>\n<meta property=\"og:title\" content=\"East Hospital\u2019s professor Sandra Lejniece honoured with the high European Order of Merit - aSlimn\u012bca\" \/>\n<meta property=\"og:description\" content=\"[vc_row][vc_column][vc_column_text css=&#8221;&#8221;] Professor Sandra Lejniece, Head of the Haematology Clinic at Riga East University Hospital (East Hospital), Professor at Riga Stradi\u0146\u0161 University (RSU), academician of the Latvian Academy of Sciences, and President of the Latvian Haematologists\u2019 Association has been awarded one of the highest European Union distinctions\u00a0\u2013 the European Order of Merit. This prestigious award\" \/>\n<meta property=\"og:url\" content=\"https:\/\/aslimnica.lv\/en\/east-hospitals-professor-sandra-lejniece-honoured-with-the-high-european-order-of-merit\/\" \/>\n<meta property=\"og:site_name\" content=\"aSlimn\u012bca\" \/>\n<meta property=\"og:image\" content=\"https:\/\/aslimnica.lv\/wp-content\/uploads\/2026\/03\/Profesore_S_Lejniece_2.jpg\" \/>\n\t<meta property=\"og:image:width\" content=\"1080\" \/>\n\t<meta property=\"og:image:height\" content=\"1080\" \/>\n\t<meta property=\"og:image:type\" content=\"image\/jpeg\" \/>\n<meta name=\"twitter:card\" content=\"summary_large_image\" \/>\n<meta name=\"twitter:label1\" content=\"Est. reading time\" \/>\n\t<meta name=\"twitter:data1\" content=\"4 minutes\" \/>\n<script type=\"application\/ld+json\" class=\"yoast-schema-graph\">{\"@context\":\"https:\/\/schema.org\",\"@graph\":[{\"@type\":\"WebPage\",\"@id\":\"https:\/\/aslimnica.lv\/en\/east-hospitals-professor-sandra-lejniece-honoured-with-the-high-european-order-of-merit\/\",\"url\":\"https:\/\/aslimnica.lv\/en\/east-hospitals-professor-sandra-lejniece-honoured-with-the-high-european-order-of-merit\/\",\"name\":\"East Hospital\u2019s professor Sandra Lejniece honoured with the high European Order of Merit - aSlimn\u012bca\",\"isPartOf\":{\"@id\":\"https:\/\/aslimnica.lv\/en\/#website\"},\"primaryImageOfPage\":{\"@id\":\"https:\/\/aslimnica.lv\/en\/east-hospitals-professor-sandra-lejniece-honoured-with-the-high-european-order-of-merit\/#primaryimage\"},\"image\":{\"@id\":\"https:\/\/aslimnica.lv\/en\/east-hospitals-professor-sandra-lejniece-honoured-with-the-high-european-order-of-merit\/#primaryimage\"},\"thumbnailUrl\":\"https:\/\/aslimnica.lv\/wp-content\/uploads\/2026\/03\/Profesore_S_Lejniece_2-1024x1024.jpg\",\"datePublished\":\"2026-03-16T14:10:11+00:00\",\"breadcrumb\":{\"@id\":\"https:\/\/aslimnica.lv\/en\/east-hospitals-professor-sandra-lejniece-honoured-with-the-high-european-order-of-merit\/#breadcrumb\"},\"inLanguage\":\"en-US\",\"potentialAction\":[{\"@type\":\"ReadAction\",\"target\":[\"https:\/\/aslimnica.lv\/en\/east-hospitals-professor-sandra-lejniece-honoured-with-the-high-european-order-of-merit\/\"]}]},{\"@type\":\"ImageObject\",\"inLanguage\":\"en-US\",\"@id\":\"https:\/\/aslimnica.lv\/en\/east-hospitals-professor-sandra-lejniece-honoured-with-the-high-european-order-of-merit\/#primaryimage\",\"url\":\"https:\/\/aslimnica.lv\/wp-content\/uploads\/2026\/03\/Profesore_S_Lejniece_2-1024x1024.jpg\",\"contentUrl\":\"https:\/\/aslimnica.lv\/wp-content\/uploads\/2026\/03\/Profesore_S_Lejniece_2-1024x1024.jpg\"},{\"@type\":\"BreadcrumbList\",\"@id\":\"https:\/\/aslimnica.lv\/en\/east-hospitals-professor-sandra-lejniece-honoured-with-the-high-european-order-of-merit\/#breadcrumb\",\"itemListElement\":[{\"@type\":\"ListItem\",\"position\":1,\"name\":\"Home\",\"item\":\"https:\/\/aslimnica.lv\/en\/\"},{\"@type\":\"ListItem\",\"position\":2,\"name\":\"East Hospital\u2019s professor Sandra Lejniece honoured with the high European Order of Merit\"}]},{\"@type\":\"WebSite\",\"@id\":\"https:\/\/aslimnica.lv\/en\/#website\",\"url\":\"https:\/\/aslimnica.lv\/en\/\",\"name\":\"aSlimn\u012bca\",\"description\":\"R\u012bgas Austrumu k\u012bnisk\u0101 universit\u0101tes slimn\u012bca\",\"potentialAction\":[{\"@type\":\"SearchAction\",\"target\":{\"@type\":\"EntryPoint\",\"urlTemplate\":\"https:\/\/aslimnica.lv\/en\/?s={search_term_string}\"},\"query-input\":{\"@type\":\"PropertyValueSpecification\",\"valueRequired\":true,\"valueName\":\"search_term_string\"}}],\"inLanguage\":\"en-US\"}]}<\/script>\n<!-- \/ Yoast SEO plugin. -->","yoast_head_json":{"title":"East Hospital\u2019s professor Sandra Lejniece honoured with the high European Order of Merit - aSlimn\u012bca","robots":{"index":"index","follow":"follow","max-snippet":"max-snippet:-1","max-image-preview":"max-image-preview:large","max-video-preview":"max-video-preview:-1"},"canonical":"https:\/\/aslimnica.lv\/en\/east-hospitals-professor-sandra-lejniece-honoured-with-the-high-european-order-of-merit\/","og_locale":"en_US","og_type":"article","og_title":"East Hospital\u2019s professor Sandra Lejniece honoured with the high European Order of Merit - aSlimn\u012bca","og_description":"[vc_row][vc_column][vc_column_text css=&#8221;&#8221;] Professor Sandra Lejniece, Head of the Haematology Clinic at Riga East University Hospital (East Hospital), Professor at Riga Stradi\u0146\u0161 University (RSU), academician of the Latvian Academy of Sciences, and President of the Latvian Haematologists\u2019 Association has been awarded one of the highest European Union distinctions\u00a0\u2013 the European Order of Merit. This prestigious award","og_url":"https:\/\/aslimnica.lv\/en\/east-hospitals-professor-sandra-lejniece-honoured-with-the-high-european-order-of-merit\/","og_site_name":"aSlimn\u012bca","og_image":[{"width":1080,"height":1080,"url":"https:\/\/aslimnica.lv\/wp-content\/uploads\/2026\/03\/Profesore_S_Lejniece_2.jpg","type":"image\/jpeg"}],"twitter_card":"summary_large_image","twitter_misc":{"Est. reading time":"4 minutes"},"schema":{"@context":"https:\/\/schema.org","@graph":[{"@type":"WebPage","@id":"https:\/\/aslimnica.lv\/en\/east-hospitals-professor-sandra-lejniece-honoured-with-the-high-european-order-of-merit\/","url":"https:\/\/aslimnica.lv\/en\/east-hospitals-professor-sandra-lejniece-honoured-with-the-high-european-order-of-merit\/","name":"East Hospital\u2019s professor Sandra Lejniece honoured with the high European Order of Merit - aSlimn\u012bca","isPartOf":{"@id":"https:\/\/aslimnica.lv\/en\/#website"},"primaryImageOfPage":{"@id":"https:\/\/aslimnica.lv\/en\/east-hospitals-professor-sandra-lejniece-honoured-with-the-high-european-order-of-merit\/#primaryimage"},"image":{"@id":"https:\/\/aslimnica.lv\/en\/east-hospitals-professor-sandra-lejniece-honoured-with-the-high-european-order-of-merit\/#primaryimage"},"thumbnailUrl":"https:\/\/aslimnica.lv\/wp-content\/uploads\/2026\/03\/Profesore_S_Lejniece_2-1024x1024.jpg","datePublished":"2026-03-16T14:10:11+00:00","breadcrumb":{"@id":"https:\/\/aslimnica.lv\/en\/east-hospitals-professor-sandra-lejniece-honoured-with-the-high-european-order-of-merit\/#breadcrumb"},"inLanguage":"en-US","potentialAction":[{"@type":"ReadAction","target":["https:\/\/aslimnica.lv\/en\/east-hospitals-professor-sandra-lejniece-honoured-with-the-high-european-order-of-merit\/"]}]},{"@type":"ImageObject","inLanguage":"en-US","@id":"https:\/\/aslimnica.lv\/en\/east-hospitals-professor-sandra-lejniece-honoured-with-the-high-european-order-of-merit\/#primaryimage","url":"https:\/\/aslimnica.lv\/wp-content\/uploads\/2026\/03\/Profesore_S_Lejniece_2-1024x1024.jpg","contentUrl":"https:\/\/aslimnica.lv\/wp-content\/uploads\/2026\/03\/Profesore_S_Lejniece_2-1024x1024.jpg"},{"@type":"BreadcrumbList","@id":"https:\/\/aslimnica.lv\/en\/east-hospitals-professor-sandra-lejniece-honoured-with-the-high-european-order-of-merit\/#breadcrumb","itemListElement":[{"@type":"ListItem","position":1,"name":"Home","item":"https:\/\/aslimnica.lv\/en\/"},{"@type":"ListItem","position":2,"name":"East Hospital\u2019s professor Sandra Lejniece honoured with the high European Order of Merit"}]},{"@type":"WebSite","@id":"https:\/\/aslimnica.lv\/en\/#website","url":"https:\/\/aslimnica.lv\/en\/","name":"aSlimn\u012bca","description":"R\u012bgas Austrumu k\u012bnisk\u0101 universit\u0101tes slimn\u012bca","potentialAction":[{"@type":"SearchAction","target":{"@type":"EntryPoint","urlTemplate":"https:\/\/aslimnica.lv\/en\/?s={search_term_string}"},"query-input":{"@type":"PropertyValueSpecification","valueRequired":true,"valueName":"search_term_string"}}],"inLanguage":"en-US"}]}},"_links":{"self":[{"href":"https:\/\/aslimnica.lv\/en\/wp-json\/wp\/v2\/pages\/83272","targetHints":{"allow":["GET"]}}],"collection":[{"href":"https:\/\/aslimnica.lv\/en\/wp-json\/wp\/v2\/pages"}],"about":[{"href":"https:\/\/aslimnica.lv\/en\/wp-json\/wp\/v2\/types\/page"}],"author":[{"embeddable":true,"href":"https:\/\/aslimnica.lv\/en\/wp-json\/wp\/v2\/users\/49"}],"replies":[{"embeddable":true,"href":"https:\/\/aslimnica.lv\/en\/wp-json\/wp\/v2\/comments?post=83272"}],"version-history":[{"count":1,"href":"https:\/\/aslimnica.lv\/en\/wp-json\/wp\/v2\/pages\/83272\/revisions"}],"predecessor-version":[{"id":83273,"href":"https:\/\/aslimnica.lv\/en\/wp-json\/wp\/v2\/pages\/83272\/revisions\/83273"}],"wp:attachment":[{"href":"https:\/\/aslimnica.lv\/en\/wp-json\/wp\/v2\/media?parent=83272"}],"curies":[{"name":"wp","href":"https:\/\/api.w.org\/{rel}","templated":true}]}}