{"id":83267,"date":"2026-03-16T16:02:04","date_gmt":"2026-03-16T14:02:04","guid":{"rendered":"https:\/\/aslimnica.lv\/?page_id=83267"},"modified":"2026-03-16T16:02:04","modified_gmt":"2026-03-16T14:02:04","slug":"safer-and-more-precise-neurosurgery-east-hospital-introduces-intraoperative-neurophysiological-monitoring","status":"publish","type":"page","link":"https:\/\/aslimnica.lv\/en\/safer-and-more-precise-neurosurgery-east-hospital-introduces-intraoperative-neurophysiological-monitoring\/","title":{"rendered":"Safer and more precise neurosurgery: East Hospital introduces intraoperative neurophysiological monitoring"},"content":{"rendered":"<div class=\"wpb-content-wrapper\"><p>[vc_row][vc_column][vc_column_text css=&#8221;&#8221;]<strong>Neurosurgery Department\u00a016 of the Neurology and Neurosurgery Clinic at Riga East University Hospital (East Hospital) has successfully performed its first surgeries on patients with brain and spinal cord tumours, using intraoperative neurophysiological monitoring. This innovative technique allows neurosurgeons to continuously monitor the functioning of the patient\u2019s nervous system, thereby ensuring highly precise tumor removal while significantly reducing the risk of damage to critical neural structures. For patients, this translates into safer surgery, a lower likelihood of postoperative complications, improved chances of preserving motor and sensory functions, and a quicker recovery and return to their everyday activities in cases where tumours are located near vital neural structures.<\/strong><\/p>\n<p><img loading=\"lazy\" decoding=\"async\" class=\"alignnone wp-image-83035 size-full\" src=\"https:\/\/aslimnica.lv\/wp-content\/uploads\/2026\/03\/Austrumu-slimnica-ieviesta-intraoperativa-neirofiziologiska-monitoresana_2026-25-scaled.jpg\" alt=\"\" width=\"2560\" height=\"1309\" srcset=\"https:\/\/aslimnica.lv\/wp-content\/uploads\/2026\/03\/Austrumu-slimnica-ieviesta-intraoperativa-neirofiziologiska-monitoresana_2026-25-scaled.jpg 2560w, https:\/\/aslimnica.lv\/wp-content\/uploads\/2026\/03\/Austrumu-slimnica-ieviesta-intraoperativa-neirofiziologiska-monitoresana_2026-25-300x153.jpg 300w, https:\/\/aslimnica.lv\/wp-content\/uploads\/2026\/03\/Austrumu-slimnica-ieviesta-intraoperativa-neirofiziologiska-monitoresana_2026-25-1024x523.jpg 1024w, https:\/\/aslimnica.lv\/wp-content\/uploads\/2026\/03\/Austrumu-slimnica-ieviesta-intraoperativa-neirofiziologiska-monitoresana_2026-25-768x393.jpg 768w, https:\/\/aslimnica.lv\/wp-content\/uploads\/2026\/03\/Austrumu-slimnica-ieviesta-intraoperativa-neirofiziologiska-monitoresana_2026-25-1536x785.jpg 1536w, https:\/\/aslimnica.lv\/wp-content\/uploads\/2026\/03\/Austrumu-slimnica-ieviesta-intraoperativa-neirofiziologiska-monitoresana_2026-25-2048x1047.jpg 2048w, https:\/\/aslimnica.lv\/wp-content\/uploads\/2026\/03\/Austrumu-slimnica-ieviesta-intraoperativa-neirofiziologiska-monitoresana_2026-25-1400x716.jpg 1400w, https:\/\/aslimnica.lv\/wp-content\/uploads\/2026\/03\/Austrumu-slimnica-ieviesta-intraoperativa-neirofiziologiska-monitoresana_2026-25-530x271.jpg 530w, https:\/\/aslimnica.lv\/wp-content\/uploads\/2026\/03\/Austrumu-slimnica-ieviesta-intraoperativa-neirofiziologiska-monitoresana_2026-25-310x158.jpg 310w, https:\/\/aslimnica.lv\/wp-content\/uploads\/2026\/03\/Austrumu-slimnica-ieviesta-intraoperativa-neirofiziologiska-monitoresana_2026-25-700x358.jpg 700w\" sizes=\"auto, (max-width: 2560px) 100vw, 2560px\" \/>The successful outcome of the operation was ensured by a multidisciplinary medical team, including neurosurgeons: <strong>Associate Professor Kaspars Auslands<\/strong>, <strong>Evija Bergfelde,<\/strong> and neurosurgery resident <strong>Aija Tumova<\/strong>, anaesthesiologists from the Anaesthesiology Clinic: <strong>Anita Skudre<\/strong> and <strong>Jekaterina Kudrjavceva<\/strong>, neurophysiologist <strong>Vlada Me\u013c\u0146ikova<\/strong>, and nurses <strong>Reg\u012bna Rucka<\/strong>, <strong>Dace Ivanovska<\/strong>, <strong>El\u012bna Neilande<\/strong>, and <strong>Ludmila Timofejeva<\/strong>. The operation was monitored by representatives of an international company\u00a0\u2013 <strong>Anna Griz\u0101ne-\u013ba\u013cugo<\/strong> and <strong>Moritz Billian<\/strong>, a specialist in medical technologies and neurophysiology.<\/p>\n<p>Neurophysiologists plays a key role in such operations, monitoring the functional state of the patient\u2019s nervous system while surgeons remove the tumor. This approach allows physicians to remove tumor tissue while simultaneously eliminating or minimizing the risk of additional functional damage.<\/p>\n<p><img loading=\"lazy\" decoding=\"async\" class=\"alignnone wp-image-83020 \" src=\"https:\/\/aslimnica.lv\/wp-content\/uploads\/2026\/03\/Austrumu-slimnica-ieviesta-intraoperativa-neirofiziologiska-monitoresana_2026-19-scaled.jpg\" alt=\"\" width=\"502\" height=\"294\" srcset=\"https:\/\/aslimnica.lv\/wp-content\/uploads\/2026\/03\/Austrumu-slimnica-ieviesta-intraoperativa-neirofiziologiska-monitoresana_2026-19-scaled.jpg 2560w, https:\/\/aslimnica.lv\/wp-content\/uploads\/2026\/03\/Austrumu-slimnica-ieviesta-intraoperativa-neirofiziologiska-monitoresana_2026-19-300x176.jpg 300w, https:\/\/aslimnica.lv\/wp-content\/uploads\/2026\/03\/Austrumu-slimnica-ieviesta-intraoperativa-neirofiziologiska-monitoresana_2026-19-1024x600.jpg 1024w, https:\/\/aslimnica.lv\/wp-content\/uploads\/2026\/03\/Austrumu-slimnica-ieviesta-intraoperativa-neirofiziologiska-monitoresana_2026-19-768x450.jpg 768w, https:\/\/aslimnica.lv\/wp-content\/uploads\/2026\/03\/Austrumu-slimnica-ieviesta-intraoperativa-neirofiziologiska-monitoresana_2026-19-1536x900.jpg 1536w, https:\/\/aslimnica.lv\/wp-content\/uploads\/2026\/03\/Austrumu-slimnica-ieviesta-intraoperativa-neirofiziologiska-monitoresana_2026-19-2048x1200.jpg 2048w, https:\/\/aslimnica.lv\/wp-content\/uploads\/2026\/03\/Austrumu-slimnica-ieviesta-intraoperativa-neirofiziologiska-monitoresana_2026-19-1400x820.jpg 1400w, https:\/\/aslimnica.lv\/wp-content\/uploads\/2026\/03\/Austrumu-slimnica-ieviesta-intraoperativa-neirofiziologiska-monitoresana_2026-19-530x310.jpg 530w, https:\/\/aslimnica.lv\/wp-content\/uploads\/2026\/03\/Austrumu-slimnica-ieviesta-intraoperativa-neirofiziologiska-monitoresana_2026-19-310x182.jpg 310w, https:\/\/aslimnica.lv\/wp-content\/uploads\/2026\/03\/Austrumu-slimnica-ieviesta-intraoperativa-neirofiziologiska-monitoresana_2026-19-700x410.jpg 700w\" sizes=\"auto, (max-width: 502px) 100vw, 502px\" \/><\/p>\n<p>Meanwhile, neurosurgeon and <strong>Associate Professor Kaspars Auslands<\/strong> from the Neurology and Neurosurgery Clinic explains: \u201cIntraoperative monitoring provides safer conditions for surgery and significantly reduces the likelihood of postoperative complications, such as movement or sensory impairments.\u201d This technology and teamwork not only allow for improving disease prognosis, but also enable significantly faster patient recovery and return to their everyday activities.<\/p>\n<p><img loading=\"lazy\" decoding=\"async\" class=\"alignnone wp-image-83032 \" src=\"https:\/\/aslimnica.lv\/wp-content\/uploads\/2026\/03\/Austrumu-slimnica-ieviesta-intraoperativa-neirofiziologiska-monitoresana_2026-26-scaled.jpg\" alt=\"\" width=\"551\" height=\"388\" srcset=\"https:\/\/aslimnica.lv\/wp-content\/uploads\/2026\/03\/Austrumu-slimnica-ieviesta-intraoperativa-neirofiziologiska-monitoresana_2026-26-scaled.jpg 2560w, https:\/\/aslimnica.lv\/wp-content\/uploads\/2026\/03\/Austrumu-slimnica-ieviesta-intraoperativa-neirofiziologiska-monitoresana_2026-26-300x211.jpg 300w, https:\/\/aslimnica.lv\/wp-content\/uploads\/2026\/03\/Austrumu-slimnica-ieviesta-intraoperativa-neirofiziologiska-monitoresana_2026-26-1024x720.jpg 1024w, https:\/\/aslimnica.lv\/wp-content\/uploads\/2026\/03\/Austrumu-slimnica-ieviesta-intraoperativa-neirofiziologiska-monitoresana_2026-26-768x540.jpg 768w, https:\/\/aslimnica.lv\/wp-content\/uploads\/2026\/03\/Austrumu-slimnica-ieviesta-intraoperativa-neirofiziologiska-monitoresana_2026-26-1536x1080.jpg 1536w, https:\/\/aslimnica.lv\/wp-content\/uploads\/2026\/03\/Austrumu-slimnica-ieviesta-intraoperativa-neirofiziologiska-monitoresana_2026-26-2048x1441.jpg 2048w, https:\/\/aslimnica.lv\/wp-content\/uploads\/2026\/03\/Austrumu-slimnica-ieviesta-intraoperativa-neirofiziologiska-monitoresana_2026-26-1400x985.jpg 1400w, https:\/\/aslimnica.lv\/wp-content\/uploads\/2026\/03\/Austrumu-slimnica-ieviesta-intraoperativa-neirofiziologiska-monitoresana_2026-26-410x290.jpg 410w, https:\/\/aslimnica.lv\/wp-content\/uploads\/2026\/03\/Austrumu-slimnica-ieviesta-intraoperativa-neirofiziologiska-monitoresana_2026-26-441x310.jpg 441w, https:\/\/aslimnica.lv\/wp-content\/uploads\/2026\/03\/Austrumu-slimnica-ieviesta-intraoperativa-neirofiziologiska-monitoresana_2026-26-310x218.jpg 310w, https:\/\/aslimnica.lv\/wp-content\/uploads\/2026\/03\/Austrumu-slimnica-ieviesta-intraoperativa-neirofiziologiska-monitoresana_2026-26-700x492.jpg 700w\" sizes=\"auto, (max-width: 551px) 100vw, 551px\" \/><\/p>\n<p>\u201cIntroduction of such procedures into the routine practice of Neurosurgery Department\u00a016 demonstrates the East Hospital\u2019s commitment to the highest safety standards and innovations in neurosurgery in Latvia,\u201d notes with satisfaction <strong>Professor Guntis Karelis<\/strong>, Head of the Neurology and Neurosurgery Clinic.<\/p>\n<p>The introduction of intraoperative monitoring became possible as a result of focused work over the past four years. During this time, a new residency programme titled \u201cNeurophysiologist\u201d was developed to ensure specialised training for physicians working in the field of neurophysiology. The first residents have already completed the programme, gaining knowledge and practical skills required to perform intraoperative monitoring.<\/p>\n<p>International exchange of experience also played an important role in the project. Specialists underwent training at Karolinska University Hospital in Sweden where they learned the latest methods and organisational principles of intraoperative neurophysiological monitoring.<\/p>\n<p>It should also be noted that East Hospital acquired modern and innovative neurophysiological monitoring equipment enabling highly precise monitoring of nervous system functions during surgery. Combined with the expertise of highly qualified specialists, this modern technology ensures a higher level of patient safety and compliance with international neurosurgical standards at East Hospital.<\/p>\n<p><img loading=\"lazy\" decoding=\"async\" class=\"alignnone wp-image-83026 \" src=\"https:\/\/aslimnica.lv\/wp-content\/uploads\/2026\/03\/Austrumu-slimnica-ieviesta-intraoperativa-neirofiziologiska-monitoresana_2026-13-scaled.jpg\" alt=\"\" width=\"541\" height=\"319\" srcset=\"https:\/\/aslimnica.lv\/wp-content\/uploads\/2026\/03\/Austrumu-slimnica-ieviesta-intraoperativa-neirofiziologiska-monitoresana_2026-13-scaled.jpg 2560w, https:\/\/aslimnica.lv\/wp-content\/uploads\/2026\/03\/Austrumu-slimnica-ieviesta-intraoperativa-neirofiziologiska-monitoresana_2026-13-300x177.jpg 300w, https:\/\/aslimnica.lv\/wp-content\/uploads\/2026\/03\/Austrumu-slimnica-ieviesta-intraoperativa-neirofiziologiska-monitoresana_2026-13-1024x604.jpg 1024w, https:\/\/aslimnica.lv\/wp-content\/uploads\/2026\/03\/Austrumu-slimnica-ieviesta-intraoperativa-neirofiziologiska-monitoresana_2026-13-768x453.jpg 768w, https:\/\/aslimnica.lv\/wp-content\/uploads\/2026\/03\/Austrumu-slimnica-ieviesta-intraoperativa-neirofiziologiska-monitoresana_2026-13-1536x906.jpg 1536w, https:\/\/aslimnica.lv\/wp-content\/uploads\/2026\/03\/Austrumu-slimnica-ieviesta-intraoperativa-neirofiziologiska-monitoresana_2026-13-2048x1208.jpg 2048w, https:\/\/aslimnica.lv\/wp-content\/uploads\/2026\/03\/Austrumu-slimnica-ieviesta-intraoperativa-neirofiziologiska-monitoresana_2026-13-1400x825.jpg 1400w, https:\/\/aslimnica.lv\/wp-content\/uploads\/2026\/03\/Austrumu-slimnica-ieviesta-intraoperativa-neirofiziologiska-monitoresana_2026-13-526x310.jpg 526w, https:\/\/aslimnica.lv\/wp-content\/uploads\/2026\/03\/Austrumu-slimnica-ieviesta-intraoperativa-neirofiziologiska-monitoresana_2026-13-310x183.jpg 310w, https:\/\/aslimnica.lv\/wp-content\/uploads\/2026\/03\/Austrumu-slimnica-ieviesta-intraoperativa-neirofiziologiska-monitoresana_2026-13-700x413.jpg 700w\" sizes=\"auto, (max-width: 541px) 100vw, 541px\" \/><\/p>\n<p>The Chairman of the Board of East Hospital, <strong>Vadims Be\u013cuns<\/strong>, who observed the operation in person, emphasized that this marks an important milestone in the development of the hospital. \u201cThis is a significant moment and achievement in the development of neurosurgery and neurophysiology, which allows to strengthen the hospital\u2019s ability to provide modern, safe, and patient-centred treatment.\u201d<\/p>\n<p><strong><em>Photo: <\/em><\/strong><a href=\"https:\/\/www.flickr.com\/photos\/austrumu_slimnicas_foto\/albums\/72177720332373365\"><strong><em>https:\/\/www.flickr.com\/photos\/austrumu_slimnicas_foto\/albums\/72177720332373365<\/em><\/strong><\/a><\/p>\n<hr \/>\n<p><strong><em>About the East Hospital\u00a0 <\/em><\/strong><\/p>\n<p>Riga East University Hospital is the largest and strategically significant multi-profile hospital in the country. The hospital consists of five inpatient facilities\u00a0\u2013 Gai\u013cezers, Latvian Oncology Centre, Bi\u0137ernieki, Tuberculosis and Lung Disease Centre, and Latvian Infectious Diseases Centre, along with various specialised centres and clinics. The hospital provides highly specialised inpatient and secondary outpatient healthcare, offering multidisciplinary tertiary-level treatment and care in line with modern technology and medical knowledge. Approximately 80% of all cancer patients in Latvia are treated at the hospital. It serves as a practical training base for both Latvian educational institutions and foreign students, providing further education and knowledge transfer to healthcare specialists within and beyond the country. The hospital engages in scientific research and develops innovative methods for patient treatment. As the third-largest employer in the country, the hospital employs around 5000\u00a0staff members.[\/vc_column_text][\/vc_column][\/vc_row]<\/p>\n<\/div>","protected":false},"excerpt":{"rendered":"<p>[vc_row][vc_column][vc_column_text css=&#8221;&#8221;]Neurosurgery Department\u00a016 of the Neurology and Neurosurgery Clinic at Riga East University Hospital (East Hospital) has successfully performed its first surgeries on patients with brain and spinal cord tumours, using intraoperative neurophysiological monitoring. This innovative technique allows neurosurgeons to continuously monitor the functioning of the patient\u2019s nervous system, thereby ensuring highly precise tumor removal<\/p>\n","protected":false},"author":49,"featured_media":0,"parent":0,"menu_order":0,"comment_status":"closed","ping_status":"closed","template":"","meta":{"_acf_changed":false,"inline_featured_image":false,"footnotes":""},"class_list":["post-83267","page","type-page","status-publish","hentry"],"acf":[],"yoast_head":"<!-- This site is optimized with the Yoast SEO plugin v27.1.1 - https:\/\/yoast.com\/product\/yoast-seo-wordpress\/ -->\n<title>Safer and more precise neurosurgery: East Hospital introduces intraoperative neurophysiological monitoring - aSlimn\u012bca<\/title>\n<meta name=\"robots\" content=\"index, follow, max-snippet:-1, max-image-preview:large, max-video-preview:-1\" \/>\n<link rel=\"canonical\" href=\"https:\/\/aslimnica.lv\/en\/safer-and-more-precise-neurosurgery-east-hospital-introduces-intraoperative-neurophysiological-monitoring\/\" \/>\n<meta property=\"og:locale\" content=\"en_US\" \/>\n<meta property=\"og:type\" content=\"article\" \/>\n<meta property=\"og:title\" content=\"Safer and more precise neurosurgery: East Hospital introduces intraoperative neurophysiological monitoring - aSlimn\u012bca\" \/>\n<meta property=\"og:description\" content=\"[vc_row][vc_column][vc_column_text css=&#8221;&#8221;]Neurosurgery Department\u00a016 of the Neurology and Neurosurgery Clinic at Riga East University Hospital (East Hospital) has successfully performed its first surgeries on patients with brain and spinal cord tumours, using intraoperative neurophysiological monitoring. This innovative technique allows neurosurgeons to continuously monitor the functioning of the patient\u2019s nervous system, thereby ensuring highly precise tumor removal\" \/>\n<meta property=\"og:url\" content=\"https:\/\/aslimnica.lv\/en\/safer-and-more-precise-neurosurgery-east-hospital-introduces-intraoperative-neurophysiological-monitoring\/\" \/>\n<meta property=\"og:site_name\" content=\"aSlimn\u012bca\" \/>\n<meta property=\"og:image\" content=\"https:\/\/aslimnica.lv\/wp-content\/uploads\/2026\/03\/Austrumu-slimnica-ieviesta-intraoperativa-neirofiziologiska-monitoresana_2026-25-scaled.jpg\" \/>\n\t<meta property=\"og:image:width\" content=\"2560\" \/>\n\t<meta property=\"og:image:height\" content=\"1309\" \/>\n\t<meta property=\"og:image:type\" content=\"image\/jpeg\" \/>\n<meta name=\"twitter:card\" content=\"summary_large_image\" \/>\n<meta name=\"twitter:label1\" content=\"Est. reading time\" \/>\n\t<meta name=\"twitter:data1\" content=\"5 minutes\" \/>\n<script type=\"application\/ld+json\" class=\"yoast-schema-graph\">{\"@context\":\"https:\/\/schema.org\",\"@graph\":[{\"@type\":\"WebPage\",\"@id\":\"https:\/\/aslimnica.lv\/en\/safer-and-more-precise-neurosurgery-east-hospital-introduces-intraoperative-neurophysiological-monitoring\/\",\"url\":\"https:\/\/aslimnica.lv\/en\/safer-and-more-precise-neurosurgery-east-hospital-introduces-intraoperative-neurophysiological-monitoring\/\",\"name\":\"Safer and more precise neurosurgery: East Hospital introduces intraoperative neurophysiological monitoring - aSlimn\u012bca\",\"isPartOf\":{\"@id\":\"https:\/\/aslimnica.lv\/en\/#website\"},\"primaryImageOfPage\":{\"@id\":\"https:\/\/aslimnica.lv\/en\/safer-and-more-precise-neurosurgery-east-hospital-introduces-intraoperative-neurophysiological-monitoring\/#primaryimage\"},\"image\":{\"@id\":\"https:\/\/aslimnica.lv\/en\/safer-and-more-precise-neurosurgery-east-hospital-introduces-intraoperative-neurophysiological-monitoring\/#primaryimage\"},\"thumbnailUrl\":\"https:\/\/aslimnica.lv\/wp-content\/uploads\/2026\/03\/Austrumu-slimnica-ieviesta-intraoperativa-neirofiziologiska-monitoresana_2026-25-scaled.jpg\",\"datePublished\":\"2026-03-16T14:02:04+00:00\",\"breadcrumb\":{\"@id\":\"https:\/\/aslimnica.lv\/en\/safer-and-more-precise-neurosurgery-east-hospital-introduces-intraoperative-neurophysiological-monitoring\/#breadcrumb\"},\"inLanguage\":\"en-US\",\"potentialAction\":[{\"@type\":\"ReadAction\",\"target\":[\"https:\/\/aslimnica.lv\/en\/safer-and-more-precise-neurosurgery-east-hospital-introduces-intraoperative-neurophysiological-monitoring\/\"]}]},{\"@type\":\"ImageObject\",\"inLanguage\":\"en-US\",\"@id\":\"https:\/\/aslimnica.lv\/en\/safer-and-more-precise-neurosurgery-east-hospital-introduces-intraoperative-neurophysiological-monitoring\/#primaryimage\",\"url\":\"https:\/\/aslimnica.lv\/wp-content\/uploads\/2026\/03\/Austrumu-slimnica-ieviesta-intraoperativa-neirofiziologiska-monitoresana_2026-25-scaled.jpg\",\"contentUrl\":\"https:\/\/aslimnica.lv\/wp-content\/uploads\/2026\/03\/Austrumu-slimnica-ieviesta-intraoperativa-neirofiziologiska-monitoresana_2026-25-scaled.jpg\"},{\"@type\":\"BreadcrumbList\",\"@id\":\"https:\/\/aslimnica.lv\/en\/safer-and-more-precise-neurosurgery-east-hospital-introduces-intraoperative-neurophysiological-monitoring\/#breadcrumb\",\"itemListElement\":[{\"@type\":\"ListItem\",\"position\":1,\"name\":\"Home\",\"item\":\"https:\/\/aslimnica.lv\/en\/\"},{\"@type\":\"ListItem\",\"position\":2,\"name\":\"Safer and more precise neurosurgery: East Hospital introduces intraoperative neurophysiological monitoring\"}]},{\"@type\":\"WebSite\",\"@id\":\"https:\/\/aslimnica.lv\/en\/#website\",\"url\":\"https:\/\/aslimnica.lv\/en\/\",\"name\":\"aSlimn\u012bca\",\"description\":\"R\u012bgas Austrumu k\u012bnisk\u0101 universit\u0101tes slimn\u012bca\",\"potentialAction\":[{\"@type\":\"SearchAction\",\"target\":{\"@type\":\"EntryPoint\",\"urlTemplate\":\"https:\/\/aslimnica.lv\/en\/?s={search_term_string}\"},\"query-input\":{\"@type\":\"PropertyValueSpecification\",\"valueRequired\":true,\"valueName\":\"search_term_string\"}}],\"inLanguage\":\"en-US\"}]}<\/script>\n<!-- \/ Yoast SEO plugin. -->","yoast_head_json":{"title":"Safer and more precise neurosurgery: East Hospital introduces intraoperative neurophysiological monitoring - aSlimn\u012bca","robots":{"index":"index","follow":"follow","max-snippet":"max-snippet:-1","max-image-preview":"max-image-preview:large","max-video-preview":"max-video-preview:-1"},"canonical":"https:\/\/aslimnica.lv\/en\/safer-and-more-precise-neurosurgery-east-hospital-introduces-intraoperative-neurophysiological-monitoring\/","og_locale":"en_US","og_type":"article","og_title":"Safer and more precise neurosurgery: East Hospital introduces intraoperative neurophysiological monitoring - aSlimn\u012bca","og_description":"[vc_row][vc_column][vc_column_text css=&#8221;&#8221;]Neurosurgery Department\u00a016 of the Neurology and Neurosurgery Clinic at Riga East University Hospital (East Hospital) has successfully performed its first surgeries on patients with brain and spinal cord tumours, using intraoperative neurophysiological monitoring. This innovative technique allows neurosurgeons to continuously monitor the functioning of the patient\u2019s nervous system, thereby ensuring highly precise tumor removal","og_url":"https:\/\/aslimnica.lv\/en\/safer-and-more-precise-neurosurgery-east-hospital-introduces-intraoperative-neurophysiological-monitoring\/","og_site_name":"aSlimn\u012bca","og_image":[{"width":2560,"height":1309,"url":"https:\/\/aslimnica.lv\/wp-content\/uploads\/2026\/03\/Austrumu-slimnica-ieviesta-intraoperativa-neirofiziologiska-monitoresana_2026-25-scaled.jpg","type":"image\/jpeg"}],"twitter_card":"summary_large_image","twitter_misc":{"Est. reading time":"5 minutes"},"schema":{"@context":"https:\/\/schema.org","@graph":[{"@type":"WebPage","@id":"https:\/\/aslimnica.lv\/en\/safer-and-more-precise-neurosurgery-east-hospital-introduces-intraoperative-neurophysiological-monitoring\/","url":"https:\/\/aslimnica.lv\/en\/safer-and-more-precise-neurosurgery-east-hospital-introduces-intraoperative-neurophysiological-monitoring\/","name":"Safer and more precise neurosurgery: East Hospital introduces intraoperative neurophysiological monitoring - aSlimn\u012bca","isPartOf":{"@id":"https:\/\/aslimnica.lv\/en\/#website"},"primaryImageOfPage":{"@id":"https:\/\/aslimnica.lv\/en\/safer-and-more-precise-neurosurgery-east-hospital-introduces-intraoperative-neurophysiological-monitoring\/#primaryimage"},"image":{"@id":"https:\/\/aslimnica.lv\/en\/safer-and-more-precise-neurosurgery-east-hospital-introduces-intraoperative-neurophysiological-monitoring\/#primaryimage"},"thumbnailUrl":"https:\/\/aslimnica.lv\/wp-content\/uploads\/2026\/03\/Austrumu-slimnica-ieviesta-intraoperativa-neirofiziologiska-monitoresana_2026-25-scaled.jpg","datePublished":"2026-03-16T14:02:04+00:00","breadcrumb":{"@id":"https:\/\/aslimnica.lv\/en\/safer-and-more-precise-neurosurgery-east-hospital-introduces-intraoperative-neurophysiological-monitoring\/#breadcrumb"},"inLanguage":"en-US","potentialAction":[{"@type":"ReadAction","target":["https:\/\/aslimnica.lv\/en\/safer-and-more-precise-neurosurgery-east-hospital-introduces-intraoperative-neurophysiological-monitoring\/"]}]},{"@type":"ImageObject","inLanguage":"en-US","@id":"https:\/\/aslimnica.lv\/en\/safer-and-more-precise-neurosurgery-east-hospital-introduces-intraoperative-neurophysiological-monitoring\/#primaryimage","url":"https:\/\/aslimnica.lv\/wp-content\/uploads\/2026\/03\/Austrumu-slimnica-ieviesta-intraoperativa-neirofiziologiska-monitoresana_2026-25-scaled.jpg","contentUrl":"https:\/\/aslimnica.lv\/wp-content\/uploads\/2026\/03\/Austrumu-slimnica-ieviesta-intraoperativa-neirofiziologiska-monitoresana_2026-25-scaled.jpg"},{"@type":"BreadcrumbList","@id":"https:\/\/aslimnica.lv\/en\/safer-and-more-precise-neurosurgery-east-hospital-introduces-intraoperative-neurophysiological-monitoring\/#breadcrumb","itemListElement":[{"@type":"ListItem","position":1,"name":"Home","item":"https:\/\/aslimnica.lv\/en\/"},{"@type":"ListItem","position":2,"name":"Safer and more precise neurosurgery: East Hospital introduces intraoperative neurophysiological monitoring"}]},{"@type":"WebSite","@id":"https:\/\/aslimnica.lv\/en\/#website","url":"https:\/\/aslimnica.lv\/en\/","name":"aSlimn\u012bca","description":"R\u012bgas Austrumu k\u012bnisk\u0101 universit\u0101tes slimn\u012bca","potentialAction":[{"@type":"SearchAction","target":{"@type":"EntryPoint","urlTemplate":"https:\/\/aslimnica.lv\/en\/?s={search_term_string}"},"query-input":{"@type":"PropertyValueSpecification","valueRequired":true,"valueName":"search_term_string"}}],"inLanguage":"en-US"}]}},"_links":{"self":[{"href":"https:\/\/aslimnica.lv\/en\/wp-json\/wp\/v2\/pages\/83267","targetHints":{"allow":["GET"]}}],"collection":[{"href":"https:\/\/aslimnica.lv\/en\/wp-json\/wp\/v2\/pages"}],"about":[{"href":"https:\/\/aslimnica.lv\/en\/wp-json\/wp\/v2\/types\/page"}],"author":[{"embeddable":true,"href":"https:\/\/aslimnica.lv\/en\/wp-json\/wp\/v2\/users\/49"}],"replies":[{"embeddable":true,"href":"https:\/\/aslimnica.lv\/en\/wp-json\/wp\/v2\/comments?post=83267"}],"version-history":[{"count":1,"href":"https:\/\/aslimnica.lv\/en\/wp-json\/wp\/v2\/pages\/83267\/revisions"}],"predecessor-version":[{"id":83269,"href":"https:\/\/aslimnica.lv\/en\/wp-json\/wp\/v2\/pages\/83267\/revisions\/83269"}],"wp:attachment":[{"href":"https:\/\/aslimnica.lv\/en\/wp-json\/wp\/v2\/media?parent=83267"}],"curies":[{"name":"wp","href":"https:\/\/api.w.org\/{rel}","templated":true}]}}