{"id":83265,"date":"2026-03-16T15:49:14","date_gmt":"2026-03-16T13:49:14","guid":{"rendered":"https:\/\/aslimnica.lv\/?page_id=83265"},"modified":"2026-03-16T15:49:14","modified_gmt":"2026-03-16T13:49:14","slug":"east-hospitals-ophthalmology-clinic-offers-innovative-and-minimally-invasive-methods-for-glaucoma-diagnosis-and-treatment","status":"publish","type":"page","link":"https:\/\/aslimnica.lv\/en\/east-hospitals-ophthalmology-clinic-offers-innovative-and-minimally-invasive-methods-for-glaucoma-diagnosis-and-treatment\/","title":{"rendered":"East Hospital\u2019s Ophthalmology Clinic offers innovative and minimally invasive methods for glaucoma diagnosis and treatment"},"content":{"rendered":"<div class=\"wpb-content-wrapper\"><p>[vc_row][vc_column][vc_column_text]<strong>During the World Glaucoma Week, which in 2026 will take place from 8 to 14\u00a0March, leading specialists from the Ophthalmology Clinic of Riga East Clinical Hospital (East Hospital) will remind the public about the importance of early diagnosis and treatment of glaucoma\u00a0\u2013 a very serious eye disease. Unfortunately, without timely diagnosis and treatment, glaucoma can lead to irreversible vision loss. <\/strong><\/p>\n<p>During the World Glaucoma Week, visitors to the Ophthalmology Clinic at the Bi\u0137ernieki Inpatient Facility of East Hospital will have the opportunity to view materials prepared by the clinic\u2019s specialists\/ophthalmologists that highlight the importance of timely diagnosis of glaucoma and provide insights into the latest developments in the treatment and research-related challenges. Meanwhile, <strong>on 11\u00a0March\u00a02026, the Bi\u0137ernieki Inpatient Facility of East Hospital will host an educational seminar titled \u201cWorld Glaucoma Week\u00a02026\u201d<\/strong>, inviting all specialists involved in eye disease prevention and timely glaucoma diagnosis and treatment.<\/p>\n<p>According to the physicians form the Ophthalmology Clinic of East Hospital, annual eye examinations are recommended to detect glaucoma and other eye diseases early. Regular eye examinations are of special importance for people over the age of 45. A comprehensive eye examination includes a fundus examination after pupil dilation, imaging of the retina and optic nerve using optical coherence tomography (a high-precision imaging method), and visual field testing. Based on the examination results, the ophthalmologist recommends personalised treatment. Depending on the stage of glaucoma and the patient\u2019s health condition, treatment may include medication, laser procedures, or surgical interventions.<\/p>\n<p>The Ophthalmology Clinic of East Hospital performs the highest number of glaucoma operations in Latvia\u00a0&#8211; over 630\u00a0operations annually. <strong>Associate Professor Krist\u012bne Baumane<\/strong>, leading ophthalmologist of the day hospital, <strong>Gunta Blez\u016bra-\u016adre<\/strong>, and the leading ophthalmologist of the inpatient facility, <strong>El\u012bza Briede<\/strong>, specialise in glaucoma treatment and perform a variety of innovative surgical procedures on a daily basis, using effective and minimally invasive methods, including PreserFlo MicroShunt implantation (a small implant that helps drain intraocular fluid and reduce intraocular pressure).<\/p>\n<p>Selective laser trabeculoplasty\u00a0\u2013 a modern laser procedure that improves the outflow of intraocular fluid and reduces intraocular pressure\u00a0\u2013 is an alternative to medication-based treatment in the early stages of glaucoma. It is performed on an outpatient basis and in some cases may be the first and only method needed to reduce intraocular pressure. This procedure is performed by glaucoma specialists <strong>L\u0101sma Volksone<\/strong> and <strong>Gunta Blez\u016bra-\u016adre<\/strong>, <strong>Associate Professor Krist\u012bne Baumane<\/strong>, and the young ophthalmologists <strong>Ieva Briede<\/strong> and <strong>Ren\u0101te Plaude<\/strong>.<\/p>\n<p>Micropulse cyclophotocoagulation\u00a0\u2013 a non-invasive laser procedure during which repetitive pulses of laser energy are delivered to reduce the production of intraocular fluid and thereby to lower intraocular pressure\u00a0\u2013 is performed at the clinic by leading physician <strong>El\u012bza Briede<\/strong>. This method has proven to be effective in the treatment of secondary glaucoma.<\/p>\n<p><img loading=\"lazy\" decoding=\"async\" class=\"alignnone wp-image-75572 \" src=\"https:\/\/aslimnica.lv\/wp-content\/uploads\/2025\/07\/asoc.prof_K.Baumane-683x1024.jpg\" alt=\"\" width=\"222\" height=\"333\" srcset=\"https:\/\/aslimnica.lv\/wp-content\/uploads\/2025\/07\/asoc.prof_K.Baumane-683x1024.jpg 683w, https:\/\/aslimnica.lv\/wp-content\/uploads\/2025\/07\/asoc.prof_K.Baumane-200x300.jpg 200w, https:\/\/aslimnica.lv\/wp-content\/uploads\/2025\/07\/asoc.prof_K.Baumane-768x1152.jpg 768w, https:\/\/aslimnica.lv\/wp-content\/uploads\/2025\/07\/asoc.prof_K.Baumane-1024x1536.jpg 1024w, https:\/\/aslimnica.lv\/wp-content\/uploads\/2025\/07\/asoc.prof_K.Baumane-207x310.jpg 207w, https:\/\/aslimnica.lv\/wp-content\/uploads\/2025\/07\/asoc.prof_K.Baumane-260x390.jpg 260w, https:\/\/aslimnica.lv\/wp-content\/uploads\/2025\/07\/asoc.prof_K.Baumane-700x1050.jpg 700w, https:\/\/aslimnica.lv\/wp-content\/uploads\/2025\/07\/asoc.prof_K.Baumane.jpg 1067w\" sizes=\"auto, (max-width: 222px) 100vw, 222px\" \/><\/p>\n<p>\u201cWe can reasonably consider ourselves a centre of excellence in glaucoma treatment, offering and ensuring the full range of glaucoma treatment options and applying innovative and minimally invasive glaucoma diagnostic and treatment methods,\u201d points out <strong>Associate Professor Krist\u012bne Baumane<\/strong>, Head of the Ophthalmology Clinic.<\/p>\n<p>The clinic\u2019s physicians were among the first in Europe to successfully introduce the gonioscopy-assisted transluminal trabeculotomy (GATT)\u00a0\u2013 a minimally invasive glaucoma surgery technique. Ophthalmologist <strong>Gunta Blez\u016bra-\u016adre<\/strong> has performed over 800\u00a0surgeries using this technique, including combined GATT and cataract surgeries. This technique has been successfully applied for more than five years.<\/p>\n<p>A high-resolution ocular ultrasound device (ultrasound biomicroscopy (UBM)) allows to precisely identify the causes of secondary glaucoma, such as UGH syndrome (uveitis\u2013glaucoma\u2013hyphema) which is often associated with the incorrect positioning of an intraocular lens. These cases are successfully treated in cooperation with vitreoretinal surgeons <strong>L\u012bga Radecka<\/strong>, <strong>Edijs Ust\u0101ns<\/strong> and <strong>D\u0101rta Binfelde<\/strong>.<\/p>\n<p>From 17 to 18\u00a0March this year, the clinic will welcome the leading glaucoma surgeon Dr.\u00a0Marko Pastak from the Tartu University Eye Clinic who will perform Latvia\u2019s first implantation of the Baerveldt glaucoma drainage implant together with Associate Professor <strong>Krist\u012bne Baumane<\/strong>, Head of the Ophthalmology Clinic, and ophthalmologist <strong>Gunta Blez\u016bra-\u016adre.<\/strong> This implant helps reduce intraocular pressure in patients for whom previous surgical procedures have not been sufficiently effective.<\/p>\n<p>During the World Glaucoma Week, the leading ophthalmologists from the Ophthalmology Clinic of East Hospital will continue sharing their experience and expertise by inviting their colleagues to an educational seminar titled \u201cWorld Glaucoma Week\u00a02026\u201d which is to take place on 11\u00a0March\u00a02026. During the seminar, various aspects of the early diagnosis and treatment of glaucoma will be presented and discussed among professionals. The seminar can be attended in person at the Bi\u0137ernieki Inpatient Facility conference hall or online via the Zoom platform.<\/p>\n<p>For more information, please visit: <a href=\"https:\/\/acuarstiem.lv\/austrumu-slimnicas-oftalmologijas-klinikas-seminars-world-glaucoma-week-2026\/\">https:\/\/acuarstiem.lv\/austrumu-slimnicas-oftalmologijas-klinikas-seminars-world-glaucoma-week-2026\/<\/a><\/p>\n<p>East Hospital\u2019s Ophthalmology Clinic operates at the Bi\u0137ernieki Inpatient Facility, specialising in the <strong>diagnosis and treatment<\/strong> of ophthalmological diseases and providing emergency ophthalmologic care 24\/7, both in the outpatient eye trauma unit and in the inpatient facility. The clinic has undergone rapid development, introducing new diagnostic and treatment methods in practice, performing cataract, glaucoma, and retinal surgeries using the latest and innovative technologies, as well as diagnosing and treating intraocular tumours and conducting other ophthalmologic surgeries and procedures.<\/p>\n<p><strong>In 2025, the European Society of Ophthalmology awarded the Ophthalmology Clinic a certificate confirming its compliance with the highest European standards. <\/strong>East Hospital\u2019s Ophthalmology Clinic conducts clinical research in eye diseases, contributing to the improvement of patient care.<\/p>\n<hr \/>\n<p><strong><em>About the East Hospital\u00a0 <\/em><\/strong><\/p>\n<p>Riga East University Hospital is the largest and strategically significant multi-profile hospital in the country. The hospital consists of five inpatient facilities\u00a0\u2013 Gai\u013cezers, Latvian Oncology Centre, Bi\u0137ernieki, Tuberculosis and Lung Disease Centre, and Latvian Infectious Diseases Centre, along with various specialised centres and clinics. The hospital provides highly specialised inpatient and secondary outpatient healthcare, offering multidisciplinary tertiary-level treatment and care in line with modern technology and medical knowledge. Approximately 80% of all cancer patients in Latvia are treated at the hospital. It serves as a practical training base for both Latvian educational institutions and foreign students, providing further education and knowledge transfer to healthcare specialists within and beyond the country. The hospital engages in scientific research and develops innovative methods for patient treatment. As the third-largest employer in the country, the hospital employs around 5000\u00a0staff members.[\/vc_column_text][\/vc_column][\/vc_row]<\/p>\n<\/div>","protected":false},"excerpt":{"rendered":"<p>[vc_row][vc_column][vc_column_text]During the World Glaucoma Week, which in 2026 will take place from 8 to 14\u00a0March, leading specialists from the Ophthalmology Clinic of Riga East Clinical Hospital (East Hospital) will remind the public about the importance of early diagnosis and treatment of glaucoma\u00a0\u2013 a very serious eye disease. Unfortunately, without timely diagnosis and treatment, glaucoma can<\/p>\n","protected":false},"author":49,"featured_media":0,"parent":0,"menu_order":0,"comment_status":"closed","ping_status":"closed","template":"","meta":{"_acf_changed":false,"inline_featured_image":false,"footnotes":""},"class_list":["post-83265","page","type-page","status-publish","hentry"],"acf":[],"yoast_head":"<!-- This site is optimized with the Yoast SEO plugin v27.1.1 - https:\/\/yoast.com\/product\/yoast-seo-wordpress\/ -->\n<title>East Hospital\u2019s Ophthalmology Clinic offers innovative and minimally invasive methods for glaucoma diagnosis and treatment - aSlimn\u012bca<\/title>\n<meta name=\"robots\" content=\"index, follow, max-snippet:-1, max-image-preview:large, max-video-preview:-1\" \/>\n<link rel=\"canonical\" href=\"https:\/\/aslimnica.lv\/en\/east-hospitals-ophthalmology-clinic-offers-innovative-and-minimally-invasive-methods-for-glaucoma-diagnosis-and-treatment\/\" \/>\n<meta property=\"og:locale\" content=\"en_US\" \/>\n<meta property=\"og:type\" content=\"article\" \/>\n<meta property=\"og:title\" content=\"East Hospital\u2019s Ophthalmology Clinic offers innovative and minimally invasive methods for glaucoma diagnosis and treatment - aSlimn\u012bca\" \/>\n<meta property=\"og:description\" content=\"[vc_row][vc_column][vc_column_text]During the World Glaucoma Week, which in 2026 will take place from 8 to 14\u00a0March, leading specialists from the Ophthalmology Clinic of Riga East Clinical Hospital (East Hospital) will remind the public about the importance of early diagnosis and treatment of glaucoma\u00a0\u2013 a very serious eye disease. Unfortunately, without timely diagnosis and treatment, glaucoma can\" \/>\n<meta property=\"og:url\" content=\"https:\/\/aslimnica.lv\/en\/east-hospitals-ophthalmology-clinic-offers-innovative-and-minimally-invasive-methods-for-glaucoma-diagnosis-and-treatment\/\" \/>\n<meta property=\"og:site_name\" content=\"aSlimn\u012bca\" \/>\n<meta property=\"og:image\" content=\"https:\/\/aslimnica.lv\/wp-content\/uploads\/2025\/07\/asoc.prof_K.Baumane.jpg\" \/>\n\t<meta property=\"og:image:width\" content=\"1067\" \/>\n\t<meta property=\"og:image:height\" content=\"1600\" \/>\n\t<meta property=\"og:image:type\" content=\"image\/jpeg\" \/>\n<meta name=\"twitter:card\" content=\"summary_large_image\" \/>\n<meta name=\"twitter:label1\" content=\"Est. reading time\" \/>\n\t<meta name=\"twitter:data1\" content=\"1 minute\" \/>\n<script type=\"application\/ld+json\" class=\"yoast-schema-graph\">{\"@context\":\"https:\/\/schema.org\",\"@graph\":[{\"@type\":\"WebPage\",\"@id\":\"https:\/\/aslimnica.lv\/en\/east-hospitals-ophthalmology-clinic-offers-innovative-and-minimally-invasive-methods-for-glaucoma-diagnosis-and-treatment\/\",\"url\":\"https:\/\/aslimnica.lv\/en\/east-hospitals-ophthalmology-clinic-offers-innovative-and-minimally-invasive-methods-for-glaucoma-diagnosis-and-treatment\/\",\"name\":\"East Hospital\u2019s Ophthalmology Clinic offers innovative and minimally invasive methods for glaucoma diagnosis and treatment - aSlimn\u012bca\",\"isPartOf\":{\"@id\":\"https:\/\/aslimnica.lv\/en\/#website\"},\"primaryImageOfPage\":{\"@id\":\"https:\/\/aslimnica.lv\/en\/east-hospitals-ophthalmology-clinic-offers-innovative-and-minimally-invasive-methods-for-glaucoma-diagnosis-and-treatment\/#primaryimage\"},\"image\":{\"@id\":\"https:\/\/aslimnica.lv\/en\/east-hospitals-ophthalmology-clinic-offers-innovative-and-minimally-invasive-methods-for-glaucoma-diagnosis-and-treatment\/#primaryimage\"},\"thumbnailUrl\":\"https:\/\/aslimnica.lv\/wp-content\/uploads\/2025\/07\/asoc.prof_K.Baumane-683x1024.jpg\",\"datePublished\":\"2026-03-16T13:49:14+00:00\",\"breadcrumb\":{\"@id\":\"https:\/\/aslimnica.lv\/en\/east-hospitals-ophthalmology-clinic-offers-innovative-and-minimally-invasive-methods-for-glaucoma-diagnosis-and-treatment\/#breadcrumb\"},\"inLanguage\":\"en-US\",\"potentialAction\":[{\"@type\":\"ReadAction\",\"target\":[\"https:\/\/aslimnica.lv\/en\/east-hospitals-ophthalmology-clinic-offers-innovative-and-minimally-invasive-methods-for-glaucoma-diagnosis-and-treatment\/\"]}]},{\"@type\":\"ImageObject\",\"inLanguage\":\"en-US\",\"@id\":\"https:\/\/aslimnica.lv\/en\/east-hospitals-ophthalmology-clinic-offers-innovative-and-minimally-invasive-methods-for-glaucoma-diagnosis-and-treatment\/#primaryimage\",\"url\":\"https:\/\/aslimnica.lv\/wp-content\/uploads\/2025\/07\/asoc.prof_K.Baumane-683x1024.jpg\",\"contentUrl\":\"https:\/\/aslimnica.lv\/wp-content\/uploads\/2025\/07\/asoc.prof_K.Baumane-683x1024.jpg\"},{\"@type\":\"BreadcrumbList\",\"@id\":\"https:\/\/aslimnica.lv\/en\/east-hospitals-ophthalmology-clinic-offers-innovative-and-minimally-invasive-methods-for-glaucoma-diagnosis-and-treatment\/#breadcrumb\",\"itemListElement\":[{\"@type\":\"ListItem\",\"position\":1,\"name\":\"Home\",\"item\":\"https:\/\/aslimnica.lv\/en\/\"},{\"@type\":\"ListItem\",\"position\":2,\"name\":\"East Hospital\u2019s Ophthalmology Clinic offers innovative and minimally invasive methods for glaucoma diagnosis and treatment\"}]},{\"@type\":\"WebSite\",\"@id\":\"https:\/\/aslimnica.lv\/en\/#website\",\"url\":\"https:\/\/aslimnica.lv\/en\/\",\"name\":\"aSlimn\u012bca\",\"description\":\"R\u012bgas Austrumu k\u012bnisk\u0101 universit\u0101tes slimn\u012bca\",\"potentialAction\":[{\"@type\":\"SearchAction\",\"target\":{\"@type\":\"EntryPoint\",\"urlTemplate\":\"https:\/\/aslimnica.lv\/en\/?s={search_term_string}\"},\"query-input\":{\"@type\":\"PropertyValueSpecification\",\"valueRequired\":true,\"valueName\":\"search_term_string\"}}],\"inLanguage\":\"en-US\"}]}<\/script>\n<!-- \/ Yoast SEO plugin. -->","yoast_head_json":{"title":"East Hospital\u2019s Ophthalmology Clinic offers innovative and minimally invasive methods for glaucoma diagnosis and treatment - aSlimn\u012bca","robots":{"index":"index","follow":"follow","max-snippet":"max-snippet:-1","max-image-preview":"max-image-preview:large","max-video-preview":"max-video-preview:-1"},"canonical":"https:\/\/aslimnica.lv\/en\/east-hospitals-ophthalmology-clinic-offers-innovative-and-minimally-invasive-methods-for-glaucoma-diagnosis-and-treatment\/","og_locale":"en_US","og_type":"article","og_title":"East Hospital\u2019s Ophthalmology Clinic offers innovative and minimally invasive methods for glaucoma diagnosis and treatment - aSlimn\u012bca","og_description":"[vc_row][vc_column][vc_column_text]During the World Glaucoma Week, which in 2026 will take place from 8 to 14\u00a0March, leading specialists from the Ophthalmology Clinic of Riga East Clinical Hospital (East Hospital) will remind the public about the importance of early diagnosis and treatment of glaucoma\u00a0\u2013 a very serious eye disease. Unfortunately, without timely diagnosis and treatment, glaucoma can","og_url":"https:\/\/aslimnica.lv\/en\/east-hospitals-ophthalmology-clinic-offers-innovative-and-minimally-invasive-methods-for-glaucoma-diagnosis-and-treatment\/","og_site_name":"aSlimn\u012bca","og_image":[{"width":1067,"height":1600,"url":"https:\/\/aslimnica.lv\/wp-content\/uploads\/2025\/07\/asoc.prof_K.Baumane.jpg","type":"image\/jpeg"}],"twitter_card":"summary_large_image","twitter_misc":{"Est. reading time":"1 minute"},"schema":{"@context":"https:\/\/schema.org","@graph":[{"@type":"WebPage","@id":"https:\/\/aslimnica.lv\/en\/east-hospitals-ophthalmology-clinic-offers-innovative-and-minimally-invasive-methods-for-glaucoma-diagnosis-and-treatment\/","url":"https:\/\/aslimnica.lv\/en\/east-hospitals-ophthalmology-clinic-offers-innovative-and-minimally-invasive-methods-for-glaucoma-diagnosis-and-treatment\/","name":"East Hospital\u2019s Ophthalmology Clinic offers innovative and minimally invasive methods for glaucoma diagnosis and treatment - aSlimn\u012bca","isPartOf":{"@id":"https:\/\/aslimnica.lv\/en\/#website"},"primaryImageOfPage":{"@id":"https:\/\/aslimnica.lv\/en\/east-hospitals-ophthalmology-clinic-offers-innovative-and-minimally-invasive-methods-for-glaucoma-diagnosis-and-treatment\/#primaryimage"},"image":{"@id":"https:\/\/aslimnica.lv\/en\/east-hospitals-ophthalmology-clinic-offers-innovative-and-minimally-invasive-methods-for-glaucoma-diagnosis-and-treatment\/#primaryimage"},"thumbnailUrl":"https:\/\/aslimnica.lv\/wp-content\/uploads\/2025\/07\/asoc.prof_K.Baumane-683x1024.jpg","datePublished":"2026-03-16T13:49:14+00:00","breadcrumb":{"@id":"https:\/\/aslimnica.lv\/en\/east-hospitals-ophthalmology-clinic-offers-innovative-and-minimally-invasive-methods-for-glaucoma-diagnosis-and-treatment\/#breadcrumb"},"inLanguage":"en-US","potentialAction":[{"@type":"ReadAction","target":["https:\/\/aslimnica.lv\/en\/east-hospitals-ophthalmology-clinic-offers-innovative-and-minimally-invasive-methods-for-glaucoma-diagnosis-and-treatment\/"]}]},{"@type":"ImageObject","inLanguage":"en-US","@id":"https:\/\/aslimnica.lv\/en\/east-hospitals-ophthalmology-clinic-offers-innovative-and-minimally-invasive-methods-for-glaucoma-diagnosis-and-treatment\/#primaryimage","url":"https:\/\/aslimnica.lv\/wp-content\/uploads\/2025\/07\/asoc.prof_K.Baumane-683x1024.jpg","contentUrl":"https:\/\/aslimnica.lv\/wp-content\/uploads\/2025\/07\/asoc.prof_K.Baumane-683x1024.jpg"},{"@type":"BreadcrumbList","@id":"https:\/\/aslimnica.lv\/en\/east-hospitals-ophthalmology-clinic-offers-innovative-and-minimally-invasive-methods-for-glaucoma-diagnosis-and-treatment\/#breadcrumb","itemListElement":[{"@type":"ListItem","position":1,"name":"Home","item":"https:\/\/aslimnica.lv\/en\/"},{"@type":"ListItem","position":2,"name":"East Hospital\u2019s Ophthalmology Clinic offers innovative and minimally invasive methods for glaucoma diagnosis and treatment"}]},{"@type":"WebSite","@id":"https:\/\/aslimnica.lv\/en\/#website","url":"https:\/\/aslimnica.lv\/en\/","name":"aSlimn\u012bca","description":"R\u012bgas Austrumu k\u012bnisk\u0101 universit\u0101tes slimn\u012bca","potentialAction":[{"@type":"SearchAction","target":{"@type":"EntryPoint","urlTemplate":"https:\/\/aslimnica.lv\/en\/?s={search_term_string}"},"query-input":{"@type":"PropertyValueSpecification","valueRequired":true,"valueName":"search_term_string"}}],"inLanguage":"en-US"}]}},"_links":{"self":[{"href":"https:\/\/aslimnica.lv\/en\/wp-json\/wp\/v2\/pages\/83265","targetHints":{"allow":["GET"]}}],"collection":[{"href":"https:\/\/aslimnica.lv\/en\/wp-json\/wp\/v2\/pages"}],"about":[{"href":"https:\/\/aslimnica.lv\/en\/wp-json\/wp\/v2\/types\/page"}],"author":[{"embeddable":true,"href":"https:\/\/aslimnica.lv\/en\/wp-json\/wp\/v2\/users\/49"}],"replies":[{"embeddable":true,"href":"https:\/\/aslimnica.lv\/en\/wp-json\/wp\/v2\/comments?post=83265"}],"version-history":[{"count":1,"href":"https:\/\/aslimnica.lv\/en\/wp-json\/wp\/v2\/pages\/83265\/revisions"}],"predecessor-version":[{"id":83266,"href":"https:\/\/aslimnica.lv\/en\/wp-json\/wp\/v2\/pages\/83265\/revisions\/83266"}],"wp:attachment":[{"href":"https:\/\/aslimnica.lv\/en\/wp-json\/wp\/v2\/media?parent=83265"}],"curies":[{"name":"wp","href":"https:\/\/api.w.org\/{rel}","templated":true}]}}