{"id":82680,"date":"2026-02-27T12:49:34","date_gmt":"2026-02-27T10:49:34","guid":{"rendered":"https:\/\/aslimnica.lv\/?page_id=82680"},"modified":"2026-02-27T12:50:12","modified_gmt":"2026-02-27T10:50:12","slug":"this-page-is-under-construction","status":"publish","type":"page","link":"https:\/\/aslimnica.lv\/en\/this-page-is-under-construction\/","title":{"rendered":"This page is under construction"},"content":{"rendered":"<div class=\"wpb-content-wrapper\"><p>[vc_row][vc_column][vc_column_text css=&#8221;&#8221;]<img loading=\"lazy\" decoding=\"async\" class=\"wp-image-81906 size-medium aligncenter\" src=\"https:\/\/aslimnica.lv\/wp-content\/uploads\/2026\/02\/5596-300x300.jpg\" alt=\"\" width=\"300\" height=\"300\" srcset=\"https:\/\/aslimnica.lv\/wp-content\/uploads\/2026\/02\/5596-300x300.jpg 300w, https:\/\/aslimnica.lv\/wp-content\/uploads\/2026\/02\/5596-1024x1024.jpg 1024w, https:\/\/aslimnica.lv\/wp-content\/uploads\/2026\/02\/5596-150x150.jpg 150w, https:\/\/aslimnica.lv\/wp-content\/uploads\/2026\/02\/5596-768x768.jpg 768w, https:\/\/aslimnica.lv\/wp-content\/uploads\/2026\/02\/5596-1536x1536.jpg 1536w, https:\/\/aslimnica.lv\/wp-content\/uploads\/2026\/02\/5596-2048x2048.jpg 2048w, https:\/\/aslimnica.lv\/wp-content\/uploads\/2026\/02\/5596-1400x1400.jpg 1400w, https:\/\/aslimnica.lv\/wp-content\/uploads\/2026\/02\/5596-310x310.jpg 310w, https:\/\/aslimnica.lv\/wp-content\/uploads\/2026\/02\/5596-200x200.jpg 200w, https:\/\/aslimnica.lv\/wp-content\/uploads\/2026\/02\/5596-700x700.jpg 700w\" sizes=\"auto, (max-width: 300px) 100vw, 300px\" \/>[\/vc_column_text][\/vc_column][\/vc_row]<\/p>\n<\/div>","protected":false},"excerpt":{"rendered":"<p>[vc_row][vc_column][vc_column_text css=&#8221;&#8221;][\/vc_column_text][\/vc_column][\/vc_row]<\/p>\n","protected":false},"author":27,"featured_media":0,"parent":0,"menu_order":0,"comment_status":"closed","ping_status":"closed","template":"","meta":{"_acf_changed":false,"inline_featured_image":false,"footnotes":""},"class_list":["post-82680","page","type-page","status-publish","hentry"],"acf":[],"yoast_head":"<!-- This site is optimized with the Yoast SEO plugin v27.1.1 - https:\/\/yoast.com\/product\/yoast-seo-wordpress\/ -->\n<title>This page is under construction - aSlimn\u012bca<\/title>\n<meta name=\"robots\" content=\"index, follow, max-snippet:-1, max-image-preview:large, max-video-preview:-1\" \/>\n<link rel=\"canonical\" href=\"https:\/\/aslimnica.lv\/en\/this-page-is-under-construction\/\" \/>\n<meta property=\"og:locale\" content=\"en_US\" \/>\n<meta property=\"og:type\" content=\"article\" \/>\n<meta property=\"og:title\" content=\"This page is under construction - aSlimn\u012bca\" \/>\n<meta property=\"og:description\" content=\"[vc_row][vc_column][vc_column_text css=&#8221;&#8221;][\/vc_column_text][\/vc_column][\/vc_row]\" \/>\n<meta property=\"og:url\" content=\"https:\/\/aslimnica.lv\/en\/this-page-is-under-construction\/\" \/>\n<meta property=\"og:site_name\" content=\"aSlimn\u012bca\" \/>\n<meta property=\"article:modified_time\" content=\"2026-02-27T10:50:12+00:00\" \/>\n<meta property=\"og:image\" content=\"https:\/\/aslimnica.lv\/wp-content\/uploads\/2026\/02\/5596-scaled.jpg\" \/>\n\t<meta property=\"og:image:width\" content=\"2560\" \/>\n\t<meta property=\"og:image:height\" content=\"2560\" \/>\n\t<meta property=\"og:image:type\" content=\"image\/jpeg\" \/>\n<meta name=\"twitter:card\" content=\"summary_large_image\" \/>\n<meta name=\"twitter:label1\" content=\"Est. reading time\" \/>\n\t<meta name=\"twitter:data1\" content=\"1 minute\" \/>\n<script type=\"application\/ld+json\" class=\"yoast-schema-graph\">{\"@context\":\"https:\/\/schema.org\",\"@graph\":[{\"@type\":\"WebPage\",\"@id\":\"https:\/\/aslimnica.lv\/en\/this-page-is-under-construction\/\",\"url\":\"https:\/\/aslimnica.lv\/en\/this-page-is-under-construction\/\",\"name\":\"This page is under construction - aSlimn\u012bca\",\"isPartOf\":{\"@id\":\"https:\/\/aslimnica.lv\/en\/#website\"},\"primaryImageOfPage\":{\"@id\":\"https:\/\/aslimnica.lv\/en\/this-page-is-under-construction\/#primaryimage\"},\"image\":{\"@id\":\"https:\/\/aslimnica.lv\/en\/this-page-is-under-construction\/#primaryimage\"},\"thumbnailUrl\":\"https:\/\/aslimnica.lv\/wp-content\/uploads\/2026\/02\/5596-300x300.jpg\",\"datePublished\":\"2026-02-27T10:49:34+00:00\",\"dateModified\":\"2026-02-27T10:50:12+00:00\",\"breadcrumb\":{\"@id\":\"https:\/\/aslimnica.lv\/en\/this-page-is-under-construction\/#breadcrumb\"},\"inLanguage\":\"en-US\",\"potentialAction\":[{\"@type\":\"ReadAction\",\"target\":[\"https:\/\/aslimnica.lv\/en\/this-page-is-under-construction\/\"]}]},{\"@type\":\"ImageObject\",\"inLanguage\":\"en-US\",\"@id\":\"https:\/\/aslimnica.lv\/en\/this-page-is-under-construction\/#primaryimage\",\"url\":\"https:\/\/aslimnica.lv\/wp-content\/uploads\/2026\/02\/5596-300x300.jpg\",\"contentUrl\":\"https:\/\/aslimnica.lv\/wp-content\/uploads\/2026\/02\/5596-300x300.jpg\"},{\"@type\":\"BreadcrumbList\",\"@id\":\"https:\/\/aslimnica.lv\/en\/this-page-is-under-construction\/#breadcrumb\",\"itemListElement\":[{\"@type\":\"ListItem\",\"position\":1,\"name\":\"Home\",\"item\":\"https:\/\/aslimnica.lv\/en\/\"},{\"@type\":\"ListItem\",\"position\":2,\"name\":\"This page is under construction\"}]},{\"@type\":\"WebSite\",\"@id\":\"https:\/\/aslimnica.lv\/en\/#website\",\"url\":\"https:\/\/aslimnica.lv\/en\/\",\"name\":\"aSlimn\u012bca\",\"description\":\"R\u012bgas Austrumu k\u012bnisk\u0101 universit\u0101tes slimn\u012bca\",\"potentialAction\":[{\"@type\":\"SearchAction\",\"target\":{\"@type\":\"EntryPoint\",\"urlTemplate\":\"https:\/\/aslimnica.lv\/en\/?s={search_term_string}\"},\"query-input\":{\"@type\":\"PropertyValueSpecification\",\"valueRequired\":true,\"valueName\":\"search_term_string\"}}],\"inLanguage\":\"en-US\"}]}<\/script>\n<!-- \/ Yoast SEO plugin. -->","yoast_head_json":{"title":"This page is under construction - aSlimn\u012bca","robots":{"index":"index","follow":"follow","max-snippet":"max-snippet:-1","max-image-preview":"max-image-preview:large","max-video-preview":"max-video-preview:-1"},"canonical":"https:\/\/aslimnica.lv\/en\/this-page-is-under-construction\/","og_locale":"en_US","og_type":"article","og_title":"This page is under construction - aSlimn\u012bca","og_description":"[vc_row][vc_column][vc_column_text css=&#8221;&#8221;][\/vc_column_text][\/vc_column][\/vc_row]","og_url":"https:\/\/aslimnica.lv\/en\/this-page-is-under-construction\/","og_site_name":"aSlimn\u012bca","article_modified_time":"2026-02-27T10:50:12+00:00","og_image":[{"width":2560,"height":2560,"url":"https:\/\/aslimnica.lv\/wp-content\/uploads\/2026\/02\/5596-scaled.jpg","type":"image\/jpeg"}],"twitter_card":"summary_large_image","twitter_misc":{"Est. reading time":"1 minute"},"schema":{"@context":"https:\/\/schema.org","@graph":[{"@type":"WebPage","@id":"https:\/\/aslimnica.lv\/en\/this-page-is-under-construction\/","url":"https:\/\/aslimnica.lv\/en\/this-page-is-under-construction\/","name":"This page is under construction - aSlimn\u012bca","isPartOf":{"@id":"https:\/\/aslimnica.lv\/en\/#website"},"primaryImageOfPage":{"@id":"https:\/\/aslimnica.lv\/en\/this-page-is-under-construction\/#primaryimage"},"image":{"@id":"https:\/\/aslimnica.lv\/en\/this-page-is-under-construction\/#primaryimage"},"thumbnailUrl":"https:\/\/aslimnica.lv\/wp-content\/uploads\/2026\/02\/5596-300x300.jpg","datePublished":"2026-02-27T10:49:34+00:00","dateModified":"2026-02-27T10:50:12+00:00","breadcrumb":{"@id":"https:\/\/aslimnica.lv\/en\/this-page-is-under-construction\/#breadcrumb"},"inLanguage":"en-US","potentialAction":[{"@type":"ReadAction","target":["https:\/\/aslimnica.lv\/en\/this-page-is-under-construction\/"]}]},{"@type":"ImageObject","inLanguage":"en-US","@id":"https:\/\/aslimnica.lv\/en\/this-page-is-under-construction\/#primaryimage","url":"https:\/\/aslimnica.lv\/wp-content\/uploads\/2026\/02\/5596-300x300.jpg","contentUrl":"https:\/\/aslimnica.lv\/wp-content\/uploads\/2026\/02\/5596-300x300.jpg"},{"@type":"BreadcrumbList","@id":"https:\/\/aslimnica.lv\/en\/this-page-is-under-construction\/#breadcrumb","itemListElement":[{"@type":"ListItem","position":1,"name":"Home","item":"https:\/\/aslimnica.lv\/en\/"},{"@type":"ListItem","position":2,"name":"This page is under construction"}]},{"@type":"WebSite","@id":"https:\/\/aslimnica.lv\/en\/#website","url":"https:\/\/aslimnica.lv\/en\/","name":"aSlimn\u012bca","description":"R\u012bgas Austrumu k\u012bnisk\u0101 universit\u0101tes slimn\u012bca","potentialAction":[{"@type":"SearchAction","target":{"@type":"EntryPoint","urlTemplate":"https:\/\/aslimnica.lv\/en\/?s={search_term_string}"},"query-input":{"@type":"PropertyValueSpecification","valueRequired":true,"valueName":"search_term_string"}}],"inLanguage":"en-US"}]}},"_links":{"self":[{"href":"https:\/\/aslimnica.lv\/en\/wp-json\/wp\/v2\/pages\/82680","targetHints":{"allow":["GET"]}}],"collection":[{"href":"https:\/\/aslimnica.lv\/en\/wp-json\/wp\/v2\/pages"}],"about":[{"href":"https:\/\/aslimnica.lv\/en\/wp-json\/wp\/v2\/types\/page"}],"author":[{"embeddable":true,"href":"https:\/\/aslimnica.lv\/en\/wp-json\/wp\/v2\/users\/27"}],"replies":[{"embeddable":true,"href":"https:\/\/aslimnica.lv\/en\/wp-json\/wp\/v2\/comments?post=82680"}],"version-history":[{"count":2,"href":"https:\/\/aslimnica.lv\/en\/wp-json\/wp\/v2\/pages\/82680\/revisions"}],"predecessor-version":[{"id":82683,"href":"https:\/\/aslimnica.lv\/en\/wp-json\/wp\/v2\/pages\/82680\/revisions\/82683"}],"wp:attachment":[{"href":"https:\/\/aslimnica.lv\/en\/wp-json\/wp\/v2\/media?parent=82680"}],"curies":[{"name":"wp","href":"https:\/\/api.w.org\/{rel}","templated":true}]}}