{"id":82670,"date":"2021-03-02T11:39:35","date_gmt":"2021-03-02T09:39:35","guid":{"rendered":"https:\/\/aslimnica.lv\/education-and-science\/science-department\/zalu-izpetes-kliniskie-petijumi\/"},"modified":"2026-03-03T13:15:06","modified_gmt":"2026-03-03T11:15:06","slug":"clinical-research-trials","status":"publish","type":"page","link":"https:\/\/aslimnica.lv\/en\/education-and-science\/science-department\/clinical-research-trials\/","title":{"rendered":"Clinical research trials"},"content":{"rendered":"<div class=\"wpb-content-wrapper\"><p>[vc_row][vc_column][vc_column_text css=&#8221;&#8221;]<\/p>\n<div>\n<div>\n<div>\n<div><\/div>\n<\/div>\n<\/div>\n<\/div>\n<div>\n<p><span class=\"hover:entity-accent entity-underline inline cursor-pointer align-baseline\"><span class=\"whitespace-normal\">R\u012bgas Austrumu kl\u012bnisk\u0101 universit\u0101tes slimn\u012bca<\/span><\/span> is one of the largest centres for clinical drug research in Latvia. Each year, more than 80 clinical trials aimed at the development of various medicinal products or medical devices are conducted at the hospital. Clinical research is carried out in the fields of oncology, cardiology, neurology, pulmonology, endocrinology, surgery, ophthalmology, gastroenterology and other medical specialties.<\/p>\n<\/div>\n<div class=\"flex flex-col text-sm pb-25\">\n<article class=\"text-token-text-primary w-full focus:outline-none [--shadow-height:45px] has-data-writing-block:pointer-events-none has-data-writing-block:-mt-(--shadow-height) has-data-writing-block:pt-(--shadow-height) [&amp;:has([data-writing-block])&gt;*]:pointer-events-auto scroll-mt-[calc(var(--header-height)+min(200px,max(70px,20svh)))]\" dir=\"auto\" tabindex=\"-1\" data-turn-id=\"request-WEB:f54d7328-8874-4006-ba35-f38247555165-18\" data-testid=\"conversation-turn-38\" data-scroll-anchor=\"true\" data-turn=\"assistant\">\n<div class=\"text-base my-auto mx-auto pb-10 [--thread-content-margin:--spacing(4)] @w-sm\/main:[--thread-content-margin:--spacing(6)] @w-lg\/main:[--thread-content-margin:--spacing(16)] px-(--thread-content-margin)\">\n<div class=\"[--thread-content-max-width:40rem] @w-lg\/main:[--thread-content-max-width:48rem] mx-auto max-w-(--thread-content-max-width) flex-1 group\/turn-messages focus-visible:outline-hidden relative flex w-full min-w-0 flex-col agent-turn\" tabindex=\"-1\">\n<div class=\"flex max-w-full flex-col grow\">\n<div class=\"min-h-8 text-message relative flex w-full flex-col items-end gap-2 text-start break-words whitespace-normal [.text-message+&amp;]:mt-1\" dir=\"auto\" data-message-author-role=\"assistant\" data-message-id=\"7d389515-6e87-4680-be10-73ceebfcc6bb\" data-message-model-slug=\"gpt-5-mini\">\n<div class=\"flex w-full flex-col gap-1 empty:hidden first:pt-[1px]\">\n<div class=\"markdown prose dark:prose-invert w-full wrap-break-word light markdown-new-styling\">\n<p data-start=\"435\" data-end=\"589\">Clinical drug research is conducted in accordance with the internal regulations \u201cRegulations on the Implementation of Research\u201d, approved on 10 July 2025.<\/p>\n<p data-start=\"591\" data-end=\"801\">In accordance with Cabinet Regulation No. 192 of 26 March 2024 \u201cRegulations Regarding Clinical Trials of Medicinal Products for Human Use\u201d, the classification of clinical research has been specified as follows:<\/p>\n<p data-start=\"803\" data-end=\"1139\">Clinical trial (clinical study of new, non-registered medicinal products);<br data-start=\"877\" data-end=\"880\" \/>Low-intervention clinical trial (clinical study of registered medicinal products);<br data-start=\"962\" data-end=\"965\" \/>Non-interventional study (a study in which neither non-registered nor registered medicinal products or medical devices are investigated);<br data-start=\"1102\" data-end=\"1105\" \/>Clinical trial of medical devices.<\/p>\n<p data-start=\"1141\" data-end=\"1274\">The application form for conducting clinical studies has been updated in accordance with the new classification of clinical research.<\/p>\n<p data-start=\"1276\" data-end=\"1380\" data-is-last-node=\"\" data-is-only-node=\"\"><strong data-start=\"1276\" data-end=\"1380\" data-is-last-node=\"\">To apply for a clinical study, the following documents must be submitted to the Research Department:<\/strong><\/p>\n<p data-start=\"1276\" data-end=\"1380\" data-is-last-node=\"\" data-is-only-node=\"\">\n<\/div>\n<\/div>\n<\/div>\n<\/div>\n<div class=\"z-0 flex min-h-[46px] justify-start\">\n<ol>\n<li data-start=\"0\" data-end=\"230\">\n<p data-start=\"2\" data-end=\"230\"><a href=\"https:\/\/aslimnica.lv\/wp-content\/uploads\/2025\/07\/4_pielikums_iesniegums-par-kliniska-petijuma-veiksanu.docx\">An application for conducting a clinical study<\/a>, signed by the principal investigator, the head of the clinic or department where the study is planned to be conducted, the chief physician, and the sponsor or its representative;<\/p>\n<\/li>\n<li data-start=\"231\" data-end=\"303\">\n<p data-start=\"233\" data-end=\"303\">The study protocol or its summary (synopsis), preferably in Latvian;<\/p>\n<\/li>\n<li data-start=\"304\" data-end=\"325\" data-is-last-node=\"\">\n<p data-start=\"306\" data-end=\"325\" data-is-last-node=\"\">The study timeline.<\/p>\n<\/li>\n<\/ol>\n<\/div>\n<\/div>\n<\/div>\n<\/article>\n<\/div>\n<div class=\"flex flex-col text-sm pb-25\">\n<article class=\"text-token-text-primary w-full focus:outline-none [--shadow-height:45px] has-data-writing-block:pointer-events-none has-data-writing-block:-mt-(--shadow-height) has-data-writing-block:pt-(--shadow-height) [&amp;:has([data-writing-block])&gt;*]:pointer-events-auto scroll-mt-[calc(var(--header-height)+min(200px,max(70px,20svh)))]\" dir=\"auto\" tabindex=\"-1\" data-turn-id=\"request-WEB:f54d7328-8874-4006-ba35-f38247555165-20\" data-testid=\"conversation-turn-42\" data-scroll-anchor=\"true\" data-turn=\"assistant\">\n<div class=\"text-base my-auto mx-auto pb-10 [--thread-content-margin:--spacing(4)] @w-sm\/main:[--thread-content-margin:--spacing(6)] @w-lg\/main:[--thread-content-margin:--spacing(16)] px-(--thread-content-margin)\">\n<div class=\"[--thread-content-max-width:40rem] @w-lg\/main:[--thread-content-max-width:48rem] mx-auto max-w-(--thread-content-max-width) flex-1 group\/turn-messages focus-visible:outline-hidden relative flex w-full min-w-0 flex-col agent-turn\" tabindex=\"-1\">\n<div class=\"flex max-w-full flex-col grow\">\n<div class=\"min-h-8 text-message relative flex w-full flex-col items-end gap-2 text-start break-words whitespace-normal [.text-message+&amp;]:mt-1\" dir=\"auto\" data-message-author-role=\"assistant\" data-message-id=\"6d2bd6b4-3a1e-4f49-8805-5e7e829e31d4\" data-message-model-slug=\"gpt-5-mini\">\n<div class=\"flex w-full flex-col gap-1 empty:hidden first:pt-[1px]\">\n<div class=\"markdown prose dark:prose-invert w-full wrap-break-word light markdown-new-styling\">\n<p data-start=\"0\" data-end=\"400\">The Research Department shall evaluate the application and, in the case of a positive assessment, recommend that a person delegated by the Board sign the Site Suitability Form or issue confirmation letters on behalf of <span class=\"hover:entity-accent entity-underline inline cursor-pointer align-baseline\"><span class=\"whitespace-normal\">R\u012bgas Austrumu kl\u012bnisk\u0101 universit\u0101tes slimn\u012bca<\/span><\/span> to the State Agency of Medicines and the ethics committee specified in the application, confirming the hospital\u2019s consent to conduct the study.<\/p>\n<p data-start=\"402\" data-end=\"615\">The study sponsor or its delegated representative shall submit the clinical trial implementation contract for coordination with the specialists of the Research Department, Legal Department and Economic Department.<\/p>\n<p data-start=\"617\" data-end=\"788\">The Research Department shall submit the coordinated contract, signed by the sponsor or its authorised legal representative, to the Board\u2019s delegated person for signature.<\/p>\n<p data-start=\"790\" data-end=\"947\">After the contract is signed, the Board\u2019s authorised person shall issue an order, prepared by the Research Department, regarding the initiation of the study.<\/p>\n<p data-start=\"949\" data-end=\"1001\">The principal investigator shall be responsible for:<\/p>\n<ol>\n<li data-start=\"1005\" data-end=\"1066\">Conducting the study in accordance with the study protocol;<\/li>\n<li data-start=\"1069\" data-end=\"1139\">Informing the Research Department about the completion of the study;<\/li>\n<li data-start=\"1142\" data-end=\"1210\">Submitting study documents to the Research Department for archiving.<\/li>\n<\/ol>\n<\/div>\n<\/div>\n<\/div>\n<\/div>\n<div class=\"z-0 flex min-h-[46px] justify-start\">\n<ul>\n<li data-start=\"0\" data-end=\"40\">\n<p data-start=\"2\" data-end=\"40\"><a href=\"https:\/\/aslimnica.lv\/wp-content\/uploads\/2025\/07\/6_pielikums_KP_-dok_glabasanas_karte_2024.docx\">Clinical Trial Document Storage Card<\/a><\/p>\n<\/li>\n<li data-start=\"41\" data-end=\"90\">\n<p data-start=\"43\" data-end=\"90\"><a href=\"https:\/\/aslimnica.lv\/wp-content\/uploads\/2025\/07\/7.pielikums-Petijuma-dokumentu-pien.nod_.-akts_2024.docx\">Clinical Trial Document Handover\u2013Takeover Act<\/a><\/p>\n<\/li>\n<li data-start=\"91\" data-end=\"140\" data-is-last-node=\"\">\n<p data-start=\"93\" data-end=\"140\" data-is-last-node=\"\"><a href=\"https:\/\/aslimnica.lv\/wp-content\/uploads\/2021\/03\/Arhivesana-1.docx\">Information for researchers regarding archiving<\/a><\/p>\n<\/li>\n<\/ul>\n<p data-start=\"0\" data-end=\"104\">For additional information, please contact the Senior Clinical Research Specialist Dzintra Busenberga.<\/p>\n<p data-start=\"106\" data-end=\"164\" data-is-last-node=\"\" data-is-only-node=\"\">E-mail: <a class=\"decorated-link cursor-pointer\" href=\"kliniskie.petijumi@aslimnica.lv\" rel=\"noopener\" data-start=\"114\" data-end=\"145\">kliniskie.petijumi@aslimnica.lv<\/a><br data-start=\"145\" data-end=\"148\" data-is-only-node=\"\" \/>Phone: 20222035.<\/p>\n<\/div>\n<\/div>\n<\/div>\n<\/article>\n<\/div>\n<p>[\/vc_column_text][\/vc_column][\/vc_row]<\/p>\n<\/div>","protected":false},"excerpt":{"rendered":"<p>[vc_row][vc_column][vc_column_text css=&#8221;&#8221;] R\u012bgas Austrumu kl\u012bnisk\u0101 universit\u0101tes slimn\u012bca is one of the largest centres for clinical drug research in Latvia. Each year, more than 80 clinical trials aimed at the development of various medicinal products or medical devices are conducted at the hospital. Clinical research is carried out in the fields of oncology, cardiology, neurology, pulmonology,<\/p>\n","protected":false},"author":49,"featured_media":0,"parent":82269,"menu_order":0,"comment_status":"closed","ping_status":"closed","template":"","meta":{"_acf_changed":false,"inline_featured_image":false,"footnotes":""},"class_list":["post-82670","page","type-page","status-publish","hentry"],"acf":[],"yoast_head":"<!-- This site is optimized with the Yoast SEO plugin v27.1.1 - https:\/\/yoast.com\/product\/yoast-seo-wordpress\/ -->\n<title>Clinical research trials - aSlimn\u012bca<\/title>\n<meta name=\"robots\" content=\"index, follow, max-snippet:-1, max-image-preview:large, max-video-preview:-1\" \/>\n<link rel=\"canonical\" href=\"https:\/\/aslimnica.lv\/en\/education-and-science\/science-department\/clinical-research-trials\/\" \/>\n<meta property=\"og:locale\" content=\"en_US\" \/>\n<meta property=\"og:type\" content=\"article\" \/>\n<meta property=\"og:title\" content=\"Clinical research trials - aSlimn\u012bca\" \/>\n<meta property=\"og:description\" content=\"[vc_row][vc_column][vc_column_text css=&#8221;&#8221;] R\u012bgas Austrumu kl\u012bnisk\u0101 universit\u0101tes slimn\u012bca is one of the largest centres for clinical drug research in Latvia. Each year, more than 80 clinical trials aimed at the development of various medicinal products or medical devices are conducted at the hospital. Clinical research is carried out in the fields of oncology, cardiology, neurology, pulmonology,\" \/>\n<meta property=\"og:url\" content=\"https:\/\/aslimnica.lv\/en\/education-and-science\/science-department\/clinical-research-trials\/\" \/>\n<meta property=\"og:site_name\" content=\"aSlimn\u012bca\" \/>\n<meta property=\"article:modified_time\" content=\"2026-03-03T11:15:06+00:00\" \/>\n<meta name=\"twitter:card\" content=\"summary_large_image\" \/>\n<meta name=\"twitter:label1\" content=\"Est. reading time\" \/>\n\t<meta name=\"twitter:data1\" content=\"3 minutes\" \/>\n<script type=\"application\/ld+json\" class=\"yoast-schema-graph\">{\"@context\":\"https:\/\/schema.org\",\"@graph\":[{\"@type\":\"WebPage\",\"@id\":\"https:\/\/aslimnica.lv\/en\/education-and-science\/science-department\/clinical-research-trials\/\",\"url\":\"https:\/\/aslimnica.lv\/en\/education-and-science\/science-department\/clinical-research-trials\/\",\"name\":\"Clinical research trials - aSlimn\u012bca\",\"isPartOf\":{\"@id\":\"https:\/\/aslimnica.lv\/en\/#website\"},\"datePublished\":\"2021-03-02T09:39:35+00:00\",\"dateModified\":\"2026-03-03T11:15:06+00:00\",\"breadcrumb\":{\"@id\":\"https:\/\/aslimnica.lv\/en\/education-and-science\/science-department\/clinical-research-trials\/#breadcrumb\"},\"inLanguage\":\"en-US\",\"potentialAction\":[{\"@type\":\"ReadAction\",\"target\":[\"https:\/\/aslimnica.lv\/en\/education-and-science\/science-department\/clinical-research-trials\/\"]}]},{\"@type\":\"BreadcrumbList\",\"@id\":\"https:\/\/aslimnica.lv\/en\/education-and-science\/science-department\/clinical-research-trials\/#breadcrumb\",\"itemListElement\":[{\"@type\":\"ListItem\",\"position\":1,\"name\":\"Home\",\"item\":\"https:\/\/aslimnica.lv\/en\/\"},{\"@type\":\"ListItem\",\"position\":2,\"name\":\"Education and science\",\"item\":\"https:\/\/aslimnica.lv\/en\/education-and-science\/\"},{\"@type\":\"ListItem\",\"position\":3,\"name\":\"Science department\",\"item\":\"https:\/\/aslimnica.lv\/en\/education-and-science\/science-department\/\"},{\"@type\":\"ListItem\",\"position\":4,\"name\":\"Clinical research trials\"}]},{\"@type\":\"WebSite\",\"@id\":\"https:\/\/aslimnica.lv\/en\/#website\",\"url\":\"https:\/\/aslimnica.lv\/en\/\",\"name\":\"aSlimn\u012bca\",\"description\":\"R\u012bgas Austrumu k\u012bnisk\u0101 universit\u0101tes slimn\u012bca\",\"potentialAction\":[{\"@type\":\"SearchAction\",\"target\":{\"@type\":\"EntryPoint\",\"urlTemplate\":\"https:\/\/aslimnica.lv\/en\/?s={search_term_string}\"},\"query-input\":{\"@type\":\"PropertyValueSpecification\",\"valueRequired\":true,\"valueName\":\"search_term_string\"}}],\"inLanguage\":\"en-US\"}]}<\/script>\n<!-- \/ Yoast SEO plugin. -->","yoast_head_json":{"title":"Clinical research trials - aSlimn\u012bca","robots":{"index":"index","follow":"follow","max-snippet":"max-snippet:-1","max-image-preview":"max-image-preview:large","max-video-preview":"max-video-preview:-1"},"canonical":"https:\/\/aslimnica.lv\/en\/education-and-science\/science-department\/clinical-research-trials\/","og_locale":"en_US","og_type":"article","og_title":"Clinical research trials - aSlimn\u012bca","og_description":"[vc_row][vc_column][vc_column_text css=&#8221;&#8221;] R\u012bgas Austrumu kl\u012bnisk\u0101 universit\u0101tes slimn\u012bca is one of the largest centres for clinical drug research in Latvia. Each year, more than 80 clinical trials aimed at the development of various medicinal products or medical devices are conducted at the hospital. Clinical research is carried out in the fields of oncology, cardiology, neurology, pulmonology,","og_url":"https:\/\/aslimnica.lv\/en\/education-and-science\/science-department\/clinical-research-trials\/","og_site_name":"aSlimn\u012bca","article_modified_time":"2026-03-03T11:15:06+00:00","twitter_card":"summary_large_image","twitter_misc":{"Est. reading time":"3 minutes"},"schema":{"@context":"https:\/\/schema.org","@graph":[{"@type":"WebPage","@id":"https:\/\/aslimnica.lv\/en\/education-and-science\/science-department\/clinical-research-trials\/","url":"https:\/\/aslimnica.lv\/en\/education-and-science\/science-department\/clinical-research-trials\/","name":"Clinical research trials - aSlimn\u012bca","isPartOf":{"@id":"https:\/\/aslimnica.lv\/en\/#website"},"datePublished":"2021-03-02T09:39:35+00:00","dateModified":"2026-03-03T11:15:06+00:00","breadcrumb":{"@id":"https:\/\/aslimnica.lv\/en\/education-and-science\/science-department\/clinical-research-trials\/#breadcrumb"},"inLanguage":"en-US","potentialAction":[{"@type":"ReadAction","target":["https:\/\/aslimnica.lv\/en\/education-and-science\/science-department\/clinical-research-trials\/"]}]},{"@type":"BreadcrumbList","@id":"https:\/\/aslimnica.lv\/en\/education-and-science\/science-department\/clinical-research-trials\/#breadcrumb","itemListElement":[{"@type":"ListItem","position":1,"name":"Home","item":"https:\/\/aslimnica.lv\/en\/"},{"@type":"ListItem","position":2,"name":"Education and science","item":"https:\/\/aslimnica.lv\/en\/education-and-science\/"},{"@type":"ListItem","position":3,"name":"Science department","item":"https:\/\/aslimnica.lv\/en\/education-and-science\/science-department\/"},{"@type":"ListItem","position":4,"name":"Clinical research trials"}]},{"@type":"WebSite","@id":"https:\/\/aslimnica.lv\/en\/#website","url":"https:\/\/aslimnica.lv\/en\/","name":"aSlimn\u012bca","description":"R\u012bgas Austrumu k\u012bnisk\u0101 universit\u0101tes slimn\u012bca","potentialAction":[{"@type":"SearchAction","target":{"@type":"EntryPoint","urlTemplate":"https:\/\/aslimnica.lv\/en\/?s={search_term_string}"},"query-input":{"@type":"PropertyValueSpecification","valueRequired":true,"valueName":"search_term_string"}}],"inLanguage":"en-US"}]}},"_links":{"self":[{"href":"https:\/\/aslimnica.lv\/en\/wp-json\/wp\/v2\/pages\/82670","targetHints":{"allow":["GET"]}}],"collection":[{"href":"https:\/\/aslimnica.lv\/en\/wp-json\/wp\/v2\/pages"}],"about":[{"href":"https:\/\/aslimnica.lv\/en\/wp-json\/wp\/v2\/types\/page"}],"author":[{"embeddable":true,"href":"https:\/\/aslimnica.lv\/en\/wp-json\/wp\/v2\/users\/49"}],"replies":[{"embeddable":true,"href":"https:\/\/aslimnica.lv\/en\/wp-json\/wp\/v2\/comments?post=82670"}],"version-history":[{"count":5,"href":"https:\/\/aslimnica.lv\/en\/wp-json\/wp\/v2\/pages\/82670\/revisions"}],"predecessor-version":[{"id":82833,"href":"https:\/\/aslimnica.lv\/en\/wp-json\/wp\/v2\/pages\/82670\/revisions\/82833"}],"up":[{"embeddable":true,"href":"https:\/\/aslimnica.lv\/en\/wp-json\/wp\/v2\/pages\/82269"}],"wp:attachment":[{"href":"https:\/\/aslimnica.lv\/en\/wp-json\/wp\/v2\/media?parent=82670"}],"curies":[{"name":"wp","href":"https:\/\/api.w.org\/{rel}","templated":true}]}}