{"id":82610,"date":"2026-01-29T11:02:41","date_gmt":"2026-01-29T09:02:41","guid":{"rendered":"https:\/\/aslimnica.lv\/metodiskas-vadibas-institucija-radiologija\/"},"modified":"2026-02-26T15:51:56","modified_gmt":"2026-02-26T13:51:56","slug":"metodiskas-vadibas-institucija-radiologija","status":"publish","type":"page","link":"https:\/\/aslimnica.lv\/en\/metodiskas-vadibas-institucija-radiologija\/","title":{"rendered":"Metodisk\u0101s vad\u012bbas instit\u016bcija radiolo\u0123ij\u0101"},"content":{"rendered":"<div class=\"wpb-content-wrapper\"><p>[vc_row][vc_column width=&#8221;2\/3&#8243;][vc_column_text css=&#8221;&#8221;]<\/p>\n<h2>Par mums<\/h2>\n<p>&nbsp;<\/p>\n<p>[\/vc_column_text][vc_column_text css=&#8221;&#8221;]SIA &#8220;R\u012bgas Austrumu kl\u012bnisk\u0101 universit\u0101tes slimn\u012bca&#8221; Radiolo\u0123ijas centra Metodisk\u0101s vad\u012bbas instit\u016bcija (MVI) ir nozares zin\u0101\u0161anu un atbalsta centrs. M\u016bsu m\u0113r\u0137is ir nodro\u0161in\u0101t metodisko vad\u012bbu radiolo\u0123ijas jom\u0101, garant\u0113jot augst\u0101ko pakalpojumu kvalit\u0101ti, atbilst\u012bbu normat\u012bviem un nep\u0101rtrauktu att\u012bst\u012bbu. M\u0113s esam atv\u0113rti sazi\u0146ai un sadarb\u012bbai, lai kop\u012bgiem sp\u0113kiem standartiz\u0113tu izmekl\u0113\u0161anas procesus un stiprin\u0101tu uz pacientu centr\u0113tu apr\u016bpi.<\/p>\n<p><strong>M\u016bsu galvenie uzdevumi:<\/strong><\/p>\n<ul data-path-to-node=\"4\">\n<li><strong>Vienoti algoritmi un vadl\u012bnijas:<\/strong>\u00a0Izstr\u0101d\u0101jam un ievie\u0161am uz pier\u0101d\u012bjumiem balst\u012btus kl\u012bniskos procesus.<\/li>\n<li><strong>Metodiskie standarti:<\/strong>\u00a0Defin\u0113jam izmekl\u0113jumu protokolus un optimiz\u0113jam starojuma devas.<\/li>\n<li><strong>Kvalit\u0101tes p\u0101rraudz\u012bba:<\/strong>\u00a0Analiz\u0113jam datus un ievie\u0161am nozares att\u012bst\u012bbas inov\u0101cijas.<\/li>\n<li><strong>Izgl\u012bt\u012bba un atbalsts:<\/strong>\u00a0Nodro\u0161in\u0101m speci\u0101listu apm\u0101c\u012bbu, zin\u0101\u0161anu p\u0101rnesi un jaunu meto\u017eu ievie\u0161anu.<\/li>\n<\/ul>\n<p><strong>M\u016bsu darba p\u012bl\u0101ri:<\/strong><\/p>\n<ul data-path-to-node=\"6\">\n<li><strong>Praktiskums un optimiz\u0101cija:<\/strong>\u00a0Rad\u0101m r\u012bkus un metodolo\u0123iju, kas tie\u0161i atvieglo radiologu, radiogr\u0101feru un citu speci\u0101listu ikdienas darbu.<\/li>\n<li><strong>Lietot\u0101js centr\u0101:<\/strong>\u00a0Sniedzam atbalstu gan pieredz\u0113ju\u0161iem kol\u0113\u0123iem, gan studentiem.<\/li>\n<li><strong>Normat\u012bv\u0101 atbilst\u012bba un dro\u0161ums:<\/strong>\u00a0Akt\u012bvi sekojam likumdo\u0161anai un Radi\u0101cijas dro\u0161\u012bbas centra (RDC) pras\u012bb\u0101m, garant\u0113jot maksim\u0101lu pacientu dro\u0161\u012bbu.<\/li>\n<\/ul>\n<p>M\u0113s esam uzticams partneris \u2013 vienm\u0113r gatavi starpdisciplin\u0101ram dialogam, lai kop\u0101 padar\u012btu m\u016bsu nozari dro\u0161\u0101ku, vied\u0101ku un v\u0113rstu uz izcil\u012bbu.[\/vc_column_text][\/vc_column][vc_column width=&#8221;1\/3&#8243;][vc_column_text css=&#8221;&#8221;]<\/p>\n<p>&nbsp;<\/p>\n<p>&nbsp;<\/p>\n<p>[\/vc_column_text]\n<div class=\"as-cta-button born-mt-none born-mb-none\">\n    <a href=\"https:\/\/aslimnica.lv\/profesionaliem\/metodiskas-vadibas-institucijas\/metodiskas-vadibas-institucija-radiologija\/aktualitates\/\" target=\"\" rel=\"\">\n        <span class=\"heading\">\n            <span>Aktualit\u0101tes<\/span>\n        <\/span>\n    <\/a>\n<\/div>\n\n<div class=\"as-cta-button born-mt-none born-mb-none\">\n    <a href=\"https:\/\/aslimnica.lv\/profesionaliem\/metodiskas-vadibas-institucijas\/metodiskas-vadibas-institucija-radiologija\/vadlinijas\/\" target=\"\" rel=\"\">\n        <span class=\"heading\">\n            <span>Vadl\u012bnijas<\/span>\n        <\/span>\n    <\/a>\n<\/div>\n\n<div class=\"as-cta-button born-mt-none born-mb-none\">\n    <a href=\"https:\/\/aslimnica.lv\/profesionaliem\/metodiskas-vadibas-institucijas\/metodiskas-vadibas-institucija-radiologija\/kvalitates-sistema\/\" target=\"\" rel=\"\">\n        <span class=\"heading\">\n            <span>Kvalit\u0101tes sist\u0113ma<\/span>\n        <\/span>\n    <\/a>\n<\/div>\n\n<div class=\"as-cta-button born-mt-none born-mb-none\">\n    <a href=\"https:\/\/aslimnica.lv\/profesionaliem\/metodiskas-vadibas-institucijas\/metodiskas-vadibas-institucija-radiologija\/pacientu-sagatavosana\/\" target=\"\" rel=\"\">\n        <span class=\"heading\">\n            <span>Pacientu sagatavo\u0161ana<\/span>\n        <\/span>\n    <\/a>\n<\/div>\n\n<div class=\"as-cta-button born-mt-none born-mb-none\">\n    <a href=\"https:\/\/aslimnica.lv\/profesionaliem\/metodiskas-vadibas-institucijas\/metodiskas-vadibas-institucija-radiologija\/metodiskie-materiali\/\" target=\"\" rel=\"\">\n        <span class=\"heading\">\n            <span>Metodiskie materi\u0101li<\/span>\n        <\/span>\n    <\/a>\n<\/div>\n\n<div class=\"as-cta-button born-mt-none born-mb-none\">\n    <a href=\"https:\/\/aslimnica.lv\/profesionaliem\/metodiskas-vadibas-institucijas\/metodiskas-vadibas-institucija-radiologija\/iesniegt-ierosinjumu\/\" target=\"\" rel=\"\">\n        <span class=\"heading\">\n            <span>Iesniegt ierosin\u0101jumu<\/span>\n        <\/span>\n    <\/a>\n<\/div>\n[\/vc_column][\/vc_row][vc_row][vc_column][vc_separator css=&#8221;&#8221;][\/vc_column][\/vc_row][vc_row][vc_column width=&#8221;1\/3&#8243;][vc_column_text css=&#8221;&#8221;][\/vc_column_text][vc_column_text css=&#8221;&#8221;]<\/p>\n<h3 style=\"text-align: center;\">Sazinies ar mums!<\/h3>\n<p>[\/vc_column_text][\/vc_column][vc_column width=&#8221;1\/3&#8243;][vc_single_image image=&#8221;78497&#8243; img_size=&#8221;medium&#8221; alignment=&#8221;right&#8221; style=&#8221;vc_box_circle_2&#8243; css=&#8221;&#8221;][\/vc_column][vc_column width=&#8221;1\/3&#8243;][vc_column_text css=&#8221;&#8221;]<\/p>\n<h3 style=\"text-align: left;\"><strong>Kristaps Reimartuss<\/strong><\/h3>\n<ul>\n<li>Radiolo\u0123ijas centrs<\/li>\n<li style=\"text-align: left;\">Metodisk\u0101 centra vad\u012bt\u0101js<\/li>\n<li style=\"text-align: left;\">Kristaps.Reimartuss@aslimnica.lv<\/li>\n<li style=\"text-align: left;\">Mob.t\u0101lr. +371\u00a0 26272772<\/li>\n<\/ul>\n<p>[\/vc_column_text][\/vc_column][\/vc_row]<\/p>\n<\/div>","protected":false},"excerpt":{"rendered":"<p>[vc_row][vc_column width=&#8221;2\/3&#8243;][vc_column_text css=&#8221;&#8221;] Par mums &nbsp; [\/vc_column_text][vc_column_text css=&#8221;&#8221;]SIA &#8220;R\u012bgas Austrumu kl\u012bnisk\u0101 universit\u0101tes slimn\u012bca&#8221; Radiolo\u0123ijas centra Metodisk\u0101s vad\u012bbas instit\u016bcija (MVI) ir nozares zin\u0101\u0161anu un atbalsta centrs. M\u016bsu m\u0113r\u0137is ir nodro\u0161in\u0101t metodisko vad\u012bbu radiolo\u0123ijas jom\u0101, garant\u0113jot augst\u0101ko pakalpojumu kvalit\u0101ti, atbilst\u012bbu normat\u012bviem un nep\u0101rtrauktu att\u012bst\u012bbu. M\u0113s esam atv\u0113rti sazi\u0146ai un sadarb\u012bbai, lai kop\u012bgiem sp\u0113kiem standartiz\u0113tu izmekl\u0113\u0161anas procesus un<\/p>\n","protected":false},"author":27,"featured_media":0,"parent":0,"menu_order":0,"comment_status":"closed","ping_status":"closed","template":"","meta":{"_acf_changed":false,"inline_featured_image":false,"footnotes":""},"class_list":["post-82610","page","type-page","status-publish","hentry"],"acf":[],"yoast_head":"<!-- This site is optimized with the Yoast SEO plugin v27.1.1 - https:\/\/yoast.com\/product\/yoast-seo-wordpress\/ -->\n<title>Metodisk\u0101s vad\u012bbas instit\u016bcija radiolo\u0123ij\u0101 - aSlimn\u012bca<\/title>\n<meta name=\"robots\" content=\"index, follow, max-snippet:-1, max-image-preview:large, max-video-preview:-1\" \/>\n<link rel=\"canonical\" href=\"https:\/\/aslimnica.lv\/en\/metodiskas-vadibas-institucija-radiologija\/\" \/>\n<meta property=\"og:locale\" content=\"en_US\" \/>\n<meta property=\"og:type\" content=\"article\" \/>\n<meta property=\"og:title\" content=\"Metodisk\u0101s vad\u012bbas instit\u016bcija radiolo\u0123ij\u0101 - aSlimn\u012bca\" \/>\n<meta property=\"og:description\" content=\"[vc_row][vc_column width=&#8221;2\/3&#8243;][vc_column_text css=&#8221;&#8221;] Par mums &nbsp; [\/vc_column_text][vc_column_text css=&#8221;&#8221;]SIA &#8220;R\u012bgas Austrumu kl\u012bnisk\u0101 universit\u0101tes slimn\u012bca&#8221; Radiolo\u0123ijas centra Metodisk\u0101s vad\u012bbas instit\u016bcija (MVI) ir nozares zin\u0101\u0161anu un atbalsta centrs. M\u016bsu m\u0113r\u0137is ir nodro\u0161in\u0101t metodisko vad\u012bbu radiolo\u0123ijas jom\u0101, garant\u0113jot augst\u0101ko pakalpojumu kvalit\u0101ti, atbilst\u012bbu normat\u012bviem un nep\u0101rtrauktu att\u012bst\u012bbu. M\u0113s esam atv\u0113rti sazi\u0146ai un sadarb\u012bbai, lai kop\u012bgiem sp\u0113kiem standartiz\u0113tu izmekl\u0113\u0161anas procesus un\" \/>\n<meta property=\"og:url\" content=\"https:\/\/aslimnica.lv\/en\/metodiskas-vadibas-institucija-radiologija\/\" \/>\n<meta property=\"og:site_name\" content=\"aSlimn\u012bca\" \/>\n<meta property=\"article:modified_time\" content=\"2026-02-26T13:51:56+00:00\" \/>\n<meta name=\"twitter:card\" content=\"summary_large_image\" \/>\n<meta name=\"twitter:label1\" content=\"Est. reading time\" \/>\n\t<meta name=\"twitter:data1\" content=\"2 minutes\" \/>\n<script type=\"application\/ld+json\" class=\"yoast-schema-graph\">{\"@context\":\"https:\/\/schema.org\",\"@graph\":[{\"@type\":\"WebPage\",\"@id\":\"https:\/\/aslimnica.lv\/en\/metodiskas-vadibas-institucija-radiologija\/\",\"url\":\"https:\/\/aslimnica.lv\/en\/metodiskas-vadibas-institucija-radiologija\/\",\"name\":\"Metodisk\u0101s vad\u012bbas instit\u016bcija radiolo\u0123ij\u0101 - aSlimn\u012bca\",\"isPartOf\":{\"@id\":\"https:\/\/aslimnica.lv\/en\/#website\"},\"datePublished\":\"2026-01-29T09:02:41+00:00\",\"dateModified\":\"2026-02-26T13:51:56+00:00\",\"breadcrumb\":{\"@id\":\"https:\/\/aslimnica.lv\/en\/metodiskas-vadibas-institucija-radiologija\/#breadcrumb\"},\"inLanguage\":\"en-US\",\"potentialAction\":[{\"@type\":\"ReadAction\",\"target\":[\"https:\/\/aslimnica.lv\/en\/metodiskas-vadibas-institucija-radiologija\/\"]}]},{\"@type\":\"BreadcrumbList\",\"@id\":\"https:\/\/aslimnica.lv\/en\/metodiskas-vadibas-institucija-radiologija\/#breadcrumb\",\"itemListElement\":[{\"@type\":\"ListItem\",\"position\":1,\"name\":\"Home\",\"item\":\"https:\/\/aslimnica.lv\/en\/\"},{\"@type\":\"ListItem\",\"position\":2,\"name\":\"Metodisk\u0101s vad\u012bbas instit\u016bcija radiolo\u0123ij\u0101\"}]},{\"@type\":\"WebSite\",\"@id\":\"https:\/\/aslimnica.lv\/en\/#website\",\"url\":\"https:\/\/aslimnica.lv\/en\/\",\"name\":\"aSlimn\u012bca\",\"description\":\"R\u012bgas Austrumu k\u012bnisk\u0101 universit\u0101tes slimn\u012bca\",\"potentialAction\":[{\"@type\":\"SearchAction\",\"target\":{\"@type\":\"EntryPoint\",\"urlTemplate\":\"https:\/\/aslimnica.lv\/en\/?s={search_term_string}\"},\"query-input\":{\"@type\":\"PropertyValueSpecification\",\"valueRequired\":true,\"valueName\":\"search_term_string\"}}],\"inLanguage\":\"en-US\"}]}<\/script>\n<!-- \/ Yoast SEO plugin. -->","yoast_head_json":{"title":"Metodisk\u0101s vad\u012bbas instit\u016bcija radiolo\u0123ij\u0101 - aSlimn\u012bca","robots":{"index":"index","follow":"follow","max-snippet":"max-snippet:-1","max-image-preview":"max-image-preview:large","max-video-preview":"max-video-preview:-1"},"canonical":"https:\/\/aslimnica.lv\/en\/metodiskas-vadibas-institucija-radiologija\/","og_locale":"en_US","og_type":"article","og_title":"Metodisk\u0101s vad\u012bbas instit\u016bcija radiolo\u0123ij\u0101 - aSlimn\u012bca","og_description":"[vc_row][vc_column width=&#8221;2\/3&#8243;][vc_column_text css=&#8221;&#8221;] Par mums &nbsp; [\/vc_column_text][vc_column_text css=&#8221;&#8221;]SIA &#8220;R\u012bgas Austrumu kl\u012bnisk\u0101 universit\u0101tes slimn\u012bca&#8221; Radiolo\u0123ijas centra Metodisk\u0101s vad\u012bbas instit\u016bcija (MVI) ir nozares zin\u0101\u0161anu un atbalsta centrs. M\u016bsu m\u0113r\u0137is ir nodro\u0161in\u0101t metodisko vad\u012bbu radiolo\u0123ijas jom\u0101, garant\u0113jot augst\u0101ko pakalpojumu kvalit\u0101ti, atbilst\u012bbu normat\u012bviem un nep\u0101rtrauktu att\u012bst\u012bbu. M\u0113s esam atv\u0113rti sazi\u0146ai un sadarb\u012bbai, lai kop\u012bgiem sp\u0113kiem standartiz\u0113tu izmekl\u0113\u0161anas procesus un","og_url":"https:\/\/aslimnica.lv\/en\/metodiskas-vadibas-institucija-radiologija\/","og_site_name":"aSlimn\u012bca","article_modified_time":"2026-02-26T13:51:56+00:00","twitter_card":"summary_large_image","twitter_misc":{"Est. reading time":"2 minutes"},"schema":{"@context":"https:\/\/schema.org","@graph":[{"@type":"WebPage","@id":"https:\/\/aslimnica.lv\/en\/metodiskas-vadibas-institucija-radiologija\/","url":"https:\/\/aslimnica.lv\/en\/metodiskas-vadibas-institucija-radiologija\/","name":"Metodisk\u0101s vad\u012bbas instit\u016bcija radiolo\u0123ij\u0101 - aSlimn\u012bca","isPartOf":{"@id":"https:\/\/aslimnica.lv\/en\/#website"},"datePublished":"2026-01-29T09:02:41+00:00","dateModified":"2026-02-26T13:51:56+00:00","breadcrumb":{"@id":"https:\/\/aslimnica.lv\/en\/metodiskas-vadibas-institucija-radiologija\/#breadcrumb"},"inLanguage":"en-US","potentialAction":[{"@type":"ReadAction","target":["https:\/\/aslimnica.lv\/en\/metodiskas-vadibas-institucija-radiologija\/"]}]},{"@type":"BreadcrumbList","@id":"https:\/\/aslimnica.lv\/en\/metodiskas-vadibas-institucija-radiologija\/#breadcrumb","itemListElement":[{"@type":"ListItem","position":1,"name":"Home","item":"https:\/\/aslimnica.lv\/en\/"},{"@type":"ListItem","position":2,"name":"Metodisk\u0101s vad\u012bbas instit\u016bcija radiolo\u0123ij\u0101"}]},{"@type":"WebSite","@id":"https:\/\/aslimnica.lv\/en\/#website","url":"https:\/\/aslimnica.lv\/en\/","name":"aSlimn\u012bca","description":"R\u012bgas Austrumu k\u012bnisk\u0101 universit\u0101tes slimn\u012bca","potentialAction":[{"@type":"SearchAction","target":{"@type":"EntryPoint","urlTemplate":"https:\/\/aslimnica.lv\/en\/?s={search_term_string}"},"query-input":{"@type":"PropertyValueSpecification","valueRequired":true,"valueName":"search_term_string"}}],"inLanguage":"en-US"}]}},"_links":{"self":[{"href":"https:\/\/aslimnica.lv\/en\/wp-json\/wp\/v2\/pages\/82610","targetHints":{"allow":["GET"]}}],"collection":[{"href":"https:\/\/aslimnica.lv\/en\/wp-json\/wp\/v2\/pages"}],"about":[{"href":"https:\/\/aslimnica.lv\/en\/wp-json\/wp\/v2\/types\/page"}],"author":[{"embeddable":true,"href":"https:\/\/aslimnica.lv\/en\/wp-json\/wp\/v2\/users\/27"}],"replies":[{"embeddable":true,"href":"https:\/\/aslimnica.lv\/en\/wp-json\/wp\/v2\/comments?post=82610"}],"version-history":[{"count":1,"href":"https:\/\/aslimnica.lv\/en\/wp-json\/wp\/v2\/pages\/82610\/revisions"}],"predecessor-version":[{"id":82611,"href":"https:\/\/aslimnica.lv\/en\/wp-json\/wp\/v2\/pages\/82610\/revisions\/82611"}],"wp:attachment":[{"href":"https:\/\/aslimnica.lv\/en\/wp-json\/wp\/v2\/media?parent=82610"}],"curies":[{"name":"wp","href":"https:\/\/api.w.org\/{rel}","templated":true}]}}