{"id":82269,"date":"2026-02-04T13:52:39","date_gmt":"2026-02-04T11:52:39","guid":{"rendered":"https:\/\/aslimnica.lv\/education-and-science\/zinatne\/"},"modified":"2026-03-03T14:06:27","modified_gmt":"2026-03-03T12:06:27","slug":"science-department","status":"publish","type":"page","link":"https:\/\/aslimnica.lv\/en\/education-and-science\/science-department\/","title":{"rendered":"Science department"},"content":{"rendered":"<div class=\"wpb-content-wrapper\"><p>[vc_row][vc_column][vc_column_text css=&#8221;&#8221;]<img loading=\"lazy\" decoding=\"async\" class=\"alignnone wp-image-82764 size-full\" src=\"https:\/\/aslimnica.lv\/wp-content\/uploads\/2026\/03\/Who-needs-a-boyfriend-when-you-have-the-best-set-of-friends.-Instagram-Post-45-6.png\" alt=\"\" width=\"1400\" height=\"350\" srcset=\"https:\/\/aslimnica.lv\/wp-content\/uploads\/2026\/03\/Who-needs-a-boyfriend-when-you-have-the-best-set-of-friends.-Instagram-Post-45-6.png 1400w, https:\/\/aslimnica.lv\/wp-content\/uploads\/2026\/03\/Who-needs-a-boyfriend-when-you-have-the-best-set-of-friends.-Instagram-Post-45-6-300x75.png 300w, https:\/\/aslimnica.lv\/wp-content\/uploads\/2026\/03\/Who-needs-a-boyfriend-when-you-have-the-best-set-of-friends.-Instagram-Post-45-6-1024x256.png 1024w, https:\/\/aslimnica.lv\/wp-content\/uploads\/2026\/03\/Who-needs-a-boyfriend-when-you-have-the-best-set-of-friends.-Instagram-Post-45-6-768x192.png 768w, https:\/\/aslimnica.lv\/wp-content\/uploads\/2026\/03\/Who-needs-a-boyfriend-when-you-have-the-best-set-of-friends.-Instagram-Post-45-6-530x133.png 530w, https:\/\/aslimnica.lv\/wp-content\/uploads\/2026\/03\/Who-needs-a-boyfriend-when-you-have-the-best-set-of-friends.-Instagram-Post-45-6-310x78.png 310w, https:\/\/aslimnica.lv\/wp-content\/uploads\/2026\/03\/Who-needs-a-boyfriend-when-you-have-the-best-set-of-friends.-Instagram-Post-45-6-700x175.png 700w\" sizes=\"auto, (max-width: 1400px) 100vw, 1400px\" \/>[\/vc_column_text][\/vc_column][vc_column][\/vc_column][\/vc_row][vc_row][vc_column width=&#8221;2\/3&#8243;][vc_column_text css=&#8221;&#8221;]<strong>About Us<\/strong><\/p>\n<p>Our objective is to strengthen the hospital\u2019s scientific capacity and ensure the implementation of high-quality academic and clinical research in accordance with international guidelines and the hospital\u2019s strategic priorities.<\/p>\n<p>The Research Department provides coordination, oversight, and methodological support for research activities, assisting staff in planning and implementing projects, securing funding, and engaging in national and international projects and expert groups. We foster collaboration with Latvian and international universities, research institutes, healthcare institutions, and professional organizations, thereby reinforcing the hospital\u2019s role within the scientific community both nationally and internationally.<\/p>\n<p>We coordinate the activities of the hospital\u2019s Biobank, ensuring the collection, processing, storage, and use of biological materials and associated data for research purposes in compliance with international standards. At the same time, we promote the involvement of medical students, residents, Master\u2019s and doctoral candidates in research by providing advisory support and disseminating scientific results to the broader public, thereby contributing to evidence-based health policy.<\/p>\n<p><strong>Vision and Mission<\/strong><\/p>\n<p>Our vision is to become a leading research and education center in healthcare at both national and regional levels. As a research organization, we conduct excellent scientific activities, foster innovation, and implement fundamental and industrial research, as well as experimental development.<\/p>\n<p>Our mission is to carry out high-level research through integration into the European Research Area, enabling both experienced and early-career researchers to enhance their professional competencies and improve the quality of patient care. We promote progress and innovative ideas by advancing novel medical technologies and sustainable research directions aligned with public health needs.[\/vc_column_text][\/vc_column][vc_column width=&#8221;1\/3&#8243;]\n<div class=\"as-cta-button born-mt-none born-mb-none\">\n    <a href=\"https:\/\/aslimnica.lv\/en\/education-and-science\/science-department\/news\/\" target=\"\" rel=\"\">\n        <span class=\"heading\">\n            <span>News<\/span>\n        <\/span>\n    <\/a>\n<\/div>\n\n<div class=\"as-cta-button born-mt-none born-mb-none\">\n    <a href=\"https:\/\/aslimnica.lv\/en\/education-and-science\/science-department\/clinical-research-trials\/\" target=\"\" rel=\"\">\n        <span class=\"heading\">\n            <span>Clinical research trials<\/span>\n        <\/span>\n    <\/a>\n<\/div>\n\n<div class=\"as-cta-button born-mt-none born-mb-none\">\n    <a href=\"https:\/\/aslimnica.lv\/en\/education-and-science\/science-department\/academic-and-student-research\/\" target=\"\" rel=\"\">\n        <span class=\"heading\">\n            <span>Academic, student research<\/span>\n        <\/span>\n    <\/a>\n<\/div>\n\n<div class=\"as-cta-button born-mt-none born-mb-none\">\n    <a href=\"https:\/\/aslimnica.lv\/en\/education-and-science\/science-department\/biobank\/\" target=\"\" rel=\"\">\n        <span class=\"heading\">\n            <span>Biobank<\/span>\n        <\/span>\n    <\/a>\n<\/div>\n\n<div class=\"as-cta-button born-mt-none born-mb-none\">\n    <a href=\"https:\/\/aslimnica.lv\/en\/education-and-science\/science-department\/publication-overview\/\" target=\"\" rel=\"\">\n        <span class=\"heading\">\n            <span>Publication overview<\/span>\n        <\/span>\n    <\/a>\n<\/div>\n\n<div class=\"as-cta-button born-mt-none born-mb-none\">\n    <a href=\"https:\/\/aslimnica.lv\/en\/?page_id=82262&preview=true\" target=\"\" rel=\"\">\n        <span class=\"heading\">\n            <span>Projects<\/span>\n        <\/span>\n    <\/a>\n<\/div>\n[\/vc_column][\/vc_row][vc_row][vc_column][vc_column_text css=&#8221;&#8221;]<\/p>\n<p style=\"text-align: center;\">The scientific institution <strong>Riga East University Hospital Ltd.<\/strong> (SIA \u201cR\u012bgas Austrumu kl\u012bnisk\u0101 universit\u0101tes slimn\u012bca\u201d) was entered into the Register of Scientific Institutions on 27 June 2006 (Certificate No. 434120, issued on 20 July 2023).<\/p>\n<p>[\/vc_column_text][vc_column_text css=&#8221;&#8221;]<\/p>\n<h3 style=\"text-align: center;\">Sazinies ar mums!<\/h3>\n<p>[\/vc_column_text][\/vc_column][\/vc_row][vc_row][vc_column width=&#8221;1\/3&#8243;][vc_single_image image=&#8221;81876&#8243; style=&#8221;vc_box_circle_2&#8243; css=&#8221;&#8221;][vc_column_text css=&#8221;&#8221;]<strong>Asoc. Prof. Ain\u0101rs Stepens<\/strong><\/p>\n<ul>\n<li>Director of Education and Science<\/li>\n<li>+371 29227895<\/li>\n<li><a href=\"mailto:Ainars.Stepens@aslimnica.lv\">ainars.stepens@aslimnica.lv<\/a><\/li>\n<\/ul>\n<p>[\/vc_column_text][\/vc_column][vc_column width=&#8221;1\/3&#8243;][vc_single_image image=&#8221;81889&#8243; style=&#8221;vc_box_circle_2&#8243; css=&#8221;&#8221;][vc_column_text css=&#8221;&#8221;]<strong>Dr. Madara Tirz\u012bte<\/strong><\/p>\n<ul>\n<li>Head of the Department of Science<\/li>\n<li>+371 26413872<\/li>\n<li><a href=\"mailto:madara.tirzite@aslimnica.lv\">madara.tirzite@aslimnica.lv<\/a><\/li>\n<\/ul>\n<p>[\/vc_column_text][\/vc_column][vc_column width=&#8221;1\/3&#8243;][vc_single_image image=&#8221;81806&#8243; style=&#8221;vc_box_circle_2&#8243; css=&#8221;&#8221;][vc_column_text css=&#8221;&#8221;]<strong>Krist\u012bne Teice<\/strong><\/p>\n<ul>\n<li>Office manager<\/li>\n<li>+371 67303179<\/li>\n<li><a href=\"mailto:Kristine.Teice@aslimnica.lv\">kristine.teice@aslimnica.lv<\/a><\/li>\n<\/ul>\n<p>[\/vc_column_text][\/vc_column][\/vc_row][vc_row][vc_column width=&#8221;1\/3&#8243;][vc_single_image image=&#8221;81880&#8243; style=&#8221;vc_box_circle_2&#8243; css=&#8221;&#8221;][vc_column_text css=&#8221;&#8221;]<strong>Ilona Freiliba<\/strong><\/p>\n<ul>\n<li>Head of the Biobank<\/li>\n<li>+371 67303179<\/li>\n<li><a href=\"mailto:ilona.freiliba@aslimnica.lv\">ilona.freiliba@aslimnica.lv<\/a><\/li>\n<\/ul>\n<p>[\/vc_column_text][\/vc_column][vc_column width=&#8221;1\/3&#8243;][vc_single_image image=&#8221;81831&#8243; style=&#8221;vc_box_circle_2&#8243; css=&#8221;&#8221;][vc_column_text css=&#8221;&#8221;]<strong>Zanda Ra\u010dko<\/strong><\/p>\n<ul>\n<li>Senior Specialist for Academic Research<\/li>\n<li>+371 26642236<\/li>\n<li><a href=\"mailto:Zanda.Racko@aslimnica.lv\">zanda.racko@aslimnica.lv<\/a><\/li>\n<\/ul>\n<p>[\/vc_column_text][\/vc_column][vc_column width=&#8221;1\/3&#8243;][vc_single_image image=&#8221;81883&#8243; style=&#8221;vc_box_circle_2&#8243; css=&#8221;&#8221;][vc_column_text css=&#8221;&#8221;]<strong>Dzintra Busenberga<\/strong><\/p>\n<ul>\n<li>Senior Specialist for Clinical Research<\/li>\n<li>+371 20222035<\/li>\n<li><a href=\"mailto:dzintra.busenberga@aslimnica.lv\">dzintra.busenberga@aslimnica.lv<\/a><\/li>\n<\/ul>\n<p>[\/vc_column_text][\/vc_column][\/vc_row][vc_row][vc_column width=&#8221;1\/3&#8243;][vc_single_image image=&#8221;82862&#8243; style=&#8221;vc_box_circle_2&#8243; css=&#8221;&#8221;][vc_column_text css=&#8221;&#8221;]<strong>Dana M\u016bza<\/strong><\/p>\n<ul>\n<li>Development Project Manager<\/li>\n<li>+371 67303179<\/li>\n<li><a href=\"mailto:ilona.freiliba@aslimnica.lv\">dana.muza@aslimnica.lv<\/a><\/li>\n<\/ul>\n<p>[\/vc_column_text][\/vc_column][\/vc_row]<\/p>\n<\/div>","protected":false},"excerpt":{"rendered":"<p>[vc_row][vc_column][vc_column_text css=&#8221;&#8221;][\/vc_column_text][\/vc_column][vc_column][\/vc_column][\/vc_row][vc_row][vc_column width=&#8221;2\/3&#8243;][vc_column_text css=&#8221;&#8221;]About Us Our objective is to strengthen the hospital\u2019s scientific capacity and ensure the implementation of high-quality academic and clinical research in accordance with international guidelines and the hospital\u2019s strategic priorities. The Research Department provides coordination, oversight, and methodological support for research activities, assisting staff in planning and implementing projects, securing funding,<\/p>\n","protected":false},"author":27,"featured_media":0,"parent":80341,"menu_order":0,"comment_status":"closed","ping_status":"closed","template":"","meta":{"_acf_changed":false,"inline_featured_image":false,"footnotes":""},"class_list":["post-82269","page","type-page","status-publish","hentry"],"acf":[],"yoast_head":"<!-- This site is optimized with the Yoast SEO plugin v27.1.1 - https:\/\/yoast.com\/product\/yoast-seo-wordpress\/ -->\n<title>Science department - aSlimn\u012bca<\/title>\n<meta name=\"description\" content=\"aSlimn\u012bca Zin\u0101tnes da\u013cas nolikumi\" \/>\n<meta name=\"robots\" content=\"index, follow, max-snippet:-1, max-image-preview:large, max-video-preview:-1\" \/>\n<link rel=\"canonical\" href=\"https:\/\/aslimnica.lv\/en\/education-and-science\/science-department\/\" \/>\n<meta property=\"og:locale\" content=\"en_US\" \/>\n<meta property=\"og:type\" content=\"article\" \/>\n<meta property=\"og:title\" content=\"Science department - aSlimn\u012bca\" \/>\n<meta property=\"og:description\" content=\"aSlimn\u012bca Zin\u0101tnes da\u013cas nolikumi\" \/>\n<meta property=\"og:url\" content=\"https:\/\/aslimnica.lv\/en\/education-and-science\/science-department\/\" \/>\n<meta property=\"og:site_name\" content=\"aSlimn\u012bca\" \/>\n<meta property=\"article:modified_time\" content=\"2026-03-03T12:06:27+00:00\" \/>\n<meta property=\"og:image\" content=\"https:\/\/aslimnica.lv\/wp-content\/uploads\/2026\/03\/Who-needs-a-boyfriend-when-you-have-the-best-set-of-friends.-Instagram-Post-45-6.png\" \/>\n\t<meta property=\"og:image:width\" content=\"1400\" \/>\n\t<meta property=\"og:image:height\" content=\"350\" \/>\n\t<meta property=\"og:image:type\" content=\"image\/png\" \/>\n<meta name=\"twitter:card\" content=\"summary_large_image\" \/>\n<meta name=\"twitter:label1\" content=\"Est. reading time\" \/>\n\t<meta name=\"twitter:data1\" content=\"4 minutes\" \/>\n<script type=\"application\/ld+json\" class=\"yoast-schema-graph\">{\"@context\":\"https:\/\/schema.org\",\"@graph\":[{\"@type\":\"WebPage\",\"@id\":\"https:\/\/aslimnica.lv\/en\/education-and-science\/science-department\/\",\"url\":\"https:\/\/aslimnica.lv\/en\/education-and-science\/science-department\/\",\"name\":\"Science department - aSlimn\u012bca\",\"isPartOf\":{\"@id\":\"https:\/\/aslimnica.lv\/en\/#website\"},\"primaryImageOfPage\":{\"@id\":\"https:\/\/aslimnica.lv\/en\/education-and-science\/science-department\/#primaryimage\"},\"image\":{\"@id\":\"https:\/\/aslimnica.lv\/en\/education-and-science\/science-department\/#primaryimage\"},\"thumbnailUrl\":\"https:\/\/aslimnica.lv\/wp-content\/uploads\/2026\/03\/Who-needs-a-boyfriend-when-you-have-the-best-set-of-friends.-Instagram-Post-45-6.png\",\"datePublished\":\"2026-02-04T11:52:39+00:00\",\"dateModified\":\"2026-03-03T12:06:27+00:00\",\"description\":\"aSlimn\u012bca Zin\u0101tnes da\u013cas nolikumi\",\"breadcrumb\":{\"@id\":\"https:\/\/aslimnica.lv\/en\/education-and-science\/science-department\/#breadcrumb\"},\"inLanguage\":\"en-US\",\"potentialAction\":[{\"@type\":\"ReadAction\",\"target\":[\"https:\/\/aslimnica.lv\/en\/education-and-science\/science-department\/\"]}]},{\"@type\":\"ImageObject\",\"inLanguage\":\"en-US\",\"@id\":\"https:\/\/aslimnica.lv\/en\/education-and-science\/science-department\/#primaryimage\",\"url\":\"https:\/\/aslimnica.lv\/wp-content\/uploads\/2026\/03\/Who-needs-a-boyfriend-when-you-have-the-best-set-of-friends.-Instagram-Post-45-6.png\",\"contentUrl\":\"https:\/\/aslimnica.lv\/wp-content\/uploads\/2026\/03\/Who-needs-a-boyfriend-when-you-have-the-best-set-of-friends.-Instagram-Post-45-6.png\"},{\"@type\":\"BreadcrumbList\",\"@id\":\"https:\/\/aslimnica.lv\/en\/education-and-science\/science-department\/#breadcrumb\",\"itemListElement\":[{\"@type\":\"ListItem\",\"position\":1,\"name\":\"Home\",\"item\":\"https:\/\/aslimnica.lv\/en\/\"},{\"@type\":\"ListItem\",\"position\":2,\"name\":\"Education and science\",\"item\":\"https:\/\/aslimnica.lv\/en\/education-and-science\/\"},{\"@type\":\"ListItem\",\"position\":3,\"name\":\"Science department\"}]},{\"@type\":\"WebSite\",\"@id\":\"https:\/\/aslimnica.lv\/en\/#website\",\"url\":\"https:\/\/aslimnica.lv\/en\/\",\"name\":\"aSlimn\u012bca\",\"description\":\"R\u012bgas Austrumu k\u012bnisk\u0101 universit\u0101tes slimn\u012bca\",\"potentialAction\":[{\"@type\":\"SearchAction\",\"target\":{\"@type\":\"EntryPoint\",\"urlTemplate\":\"https:\/\/aslimnica.lv\/en\/?s={search_term_string}\"},\"query-input\":{\"@type\":\"PropertyValueSpecification\",\"valueRequired\":true,\"valueName\":\"search_term_string\"}}],\"inLanguage\":\"en-US\"}]}<\/script>\n<!-- \/ Yoast SEO plugin. -->","yoast_head_json":{"title":"Science department - aSlimn\u012bca","description":"aSlimn\u012bca Zin\u0101tnes da\u013cas nolikumi","robots":{"index":"index","follow":"follow","max-snippet":"max-snippet:-1","max-image-preview":"max-image-preview:large","max-video-preview":"max-video-preview:-1"},"canonical":"https:\/\/aslimnica.lv\/en\/education-and-science\/science-department\/","og_locale":"en_US","og_type":"article","og_title":"Science department - aSlimn\u012bca","og_description":"aSlimn\u012bca Zin\u0101tnes da\u013cas nolikumi","og_url":"https:\/\/aslimnica.lv\/en\/education-and-science\/science-department\/","og_site_name":"aSlimn\u012bca","article_modified_time":"2026-03-03T12:06:27+00:00","og_image":[{"width":1400,"height":350,"url":"https:\/\/aslimnica.lv\/wp-content\/uploads\/2026\/03\/Who-needs-a-boyfriend-when-you-have-the-best-set-of-friends.-Instagram-Post-45-6.png","type":"image\/png"}],"twitter_card":"summary_large_image","twitter_misc":{"Est. reading time":"4 minutes"},"schema":{"@context":"https:\/\/schema.org","@graph":[{"@type":"WebPage","@id":"https:\/\/aslimnica.lv\/en\/education-and-science\/science-department\/","url":"https:\/\/aslimnica.lv\/en\/education-and-science\/science-department\/","name":"Science department - aSlimn\u012bca","isPartOf":{"@id":"https:\/\/aslimnica.lv\/en\/#website"},"primaryImageOfPage":{"@id":"https:\/\/aslimnica.lv\/en\/education-and-science\/science-department\/#primaryimage"},"image":{"@id":"https:\/\/aslimnica.lv\/en\/education-and-science\/science-department\/#primaryimage"},"thumbnailUrl":"https:\/\/aslimnica.lv\/wp-content\/uploads\/2026\/03\/Who-needs-a-boyfriend-when-you-have-the-best-set-of-friends.-Instagram-Post-45-6.png","datePublished":"2026-02-04T11:52:39+00:00","dateModified":"2026-03-03T12:06:27+00:00","description":"aSlimn\u012bca Zin\u0101tnes da\u013cas nolikumi","breadcrumb":{"@id":"https:\/\/aslimnica.lv\/en\/education-and-science\/science-department\/#breadcrumb"},"inLanguage":"en-US","potentialAction":[{"@type":"ReadAction","target":["https:\/\/aslimnica.lv\/en\/education-and-science\/science-department\/"]}]},{"@type":"ImageObject","inLanguage":"en-US","@id":"https:\/\/aslimnica.lv\/en\/education-and-science\/science-department\/#primaryimage","url":"https:\/\/aslimnica.lv\/wp-content\/uploads\/2026\/03\/Who-needs-a-boyfriend-when-you-have-the-best-set-of-friends.-Instagram-Post-45-6.png","contentUrl":"https:\/\/aslimnica.lv\/wp-content\/uploads\/2026\/03\/Who-needs-a-boyfriend-when-you-have-the-best-set-of-friends.-Instagram-Post-45-6.png"},{"@type":"BreadcrumbList","@id":"https:\/\/aslimnica.lv\/en\/education-and-science\/science-department\/#breadcrumb","itemListElement":[{"@type":"ListItem","position":1,"name":"Home","item":"https:\/\/aslimnica.lv\/en\/"},{"@type":"ListItem","position":2,"name":"Education and science","item":"https:\/\/aslimnica.lv\/en\/education-and-science\/"},{"@type":"ListItem","position":3,"name":"Science department"}]},{"@type":"WebSite","@id":"https:\/\/aslimnica.lv\/en\/#website","url":"https:\/\/aslimnica.lv\/en\/","name":"aSlimn\u012bca","description":"R\u012bgas Austrumu k\u012bnisk\u0101 universit\u0101tes slimn\u012bca","potentialAction":[{"@type":"SearchAction","target":{"@type":"EntryPoint","urlTemplate":"https:\/\/aslimnica.lv\/en\/?s={search_term_string}"},"query-input":{"@type":"PropertyValueSpecification","valueRequired":true,"valueName":"search_term_string"}}],"inLanguage":"en-US"}]}},"_links":{"self":[{"href":"https:\/\/aslimnica.lv\/en\/wp-json\/wp\/v2\/pages\/82269","targetHints":{"allow":["GET"]}}],"collection":[{"href":"https:\/\/aslimnica.lv\/en\/wp-json\/wp\/v2\/pages"}],"about":[{"href":"https:\/\/aslimnica.lv\/en\/wp-json\/wp\/v2\/types\/page"}],"author":[{"embeddable":true,"href":"https:\/\/aslimnica.lv\/en\/wp-json\/wp\/v2\/users\/27"}],"replies":[{"embeddable":true,"href":"https:\/\/aslimnica.lv\/en\/wp-json\/wp\/v2\/comments?post=82269"}],"version-history":[{"count":31,"href":"https:\/\/aslimnica.lv\/en\/wp-json\/wp\/v2\/pages\/82269\/revisions"}],"predecessor-version":[{"id":82865,"href":"https:\/\/aslimnica.lv\/en\/wp-json\/wp\/v2\/pages\/82269\/revisions\/82865"}],"up":[{"embeddable":true,"href":"https:\/\/aslimnica.lv\/en\/wp-json\/wp\/v2\/pages\/80341"}],"wp:attachment":[{"href":"https:\/\/aslimnica.lv\/en\/wp-json\/wp\/v2\/media?parent=82269"}],"curies":[{"name":"wp","href":"https:\/\/api.w.org\/{rel}","templated":true}]}}