{"id":82262,"date":"2026-02-23T13:05:42","date_gmt":"2026-02-23T11:05:42","guid":{"rendered":"https:\/\/aslimnica.lv\/?page_id=82262"},"modified":"2026-05-13T14:56:45","modified_gmt":"2026-05-13T11:56:45","slug":"ligumprojekti-angliski","status":"publish","type":"page","link":"https:\/\/aslimnica.lv\/en\/education-and-science\/science-department\/ligumprojekti-angliski\/","title":{"rendered":"Current Research and Project Agreements"},"content":{"rendered":"<div class=\"wpb-content-wrapper\"><p>[vc_row][vc_column][vc_column_text css=&#8221;&#8221;]<\/p>\n<table style=\"height: 433px;\" width=\"643\">\n<tbody>\n<tr>\n<td style=\"text-align: center;\" width=\"277\"><strong>Title<\/strong><\/td>\n<td style=\"text-align: center;\" width=\"149\"><strong>Clinic<\/strong><\/td>\n<td style=\"text-align: center;\" width=\"188\"><strong>Ethics Committee approval<\/strong><\/td>\n<\/tr>\n<tr>\n<td style=\"text-align: left;\" width=\"277\">Understanding risk factors associated with lung cancer and assessment of their impact<\/td>\n<td style=\"text-align: left;\" width=\"149\">Thoracic Surgery and Interventional Pulmonology Clinic; Pulmonology Clinic<\/td>\n<td style=\"text-align: left;\" width=\"188\">Central Medical Ethics Committee permit No. 01-29.1.2\/413<\/td>\n<\/tr>\n<tr>\n<td width=\"277\">Selection and preparation of mammographic images for research and educational purposes, including the EUCAIM research project<\/td>\n<td width=\"149\">Radiology Centre; Oncological Surgery Clinic<\/td>\n<td width=\"188\">Ethics Committee opinion of the Support Foundation for Medical and Biomedical Research of R\u012bgas Austrumu kl\u012bnisk\u0101 universit\u0101tes slimn\u012bca No. 12-A\/25<\/td>\n<\/tr>\n<tr>\n<td style=\"text-align: left;\" width=\"277\">Biomarkers of lung damage associated with tuberculosis-related chronic obstructive pulmonary disease<\/td>\n<td style=\"text-align: left;\">Pulmonology Clinic<\/td>\n<td style=\"text-align: left;\" width=\"188\">\n<table class=\"w-fit min-w-(--thread-content-width)\" data-start=\"0\" data-end=\"802\" data-is-last-node=\"\" data-is-only-node=\"\">\n<tbody data-start=\"61\" data-end=\"802\" data-is-last-node=\"\">\n<tr data-start=\"616\" data-end=\"802\" data-is-last-node=\"\">\n<td data-col-size=\"lg\" data-start=\"740\" data-end=\"802\" data-is-last-node=\"\">Central Medical Ethics Committee permit No. 01-29.1.2\/4660<\/td>\n<\/tr>\n<\/tbody>\n<\/table>\n<\/td>\n<\/tr>\n<\/tbody>\n<\/table>\n<table width=\"644\">\n<tbody>\n<tr>\n<td width=\"290\">Bronchiectasis Research Involving Databases, Genomics and Endotyping (BRIDGE)<\/td>\n<td width=\"166\">Department of Internal Medicine<\/td>\n<td width=\"188\">\n<div class=\"qMYqUG_convSearchResultHighlightRoot\">\n<div class=\"relative w-full overflow-visible\">\n<section class=\"text-token-text-primary w-full focus:outline-none [--shadow-height:45px] has-data-writing-block:pointer-events-none has-data-writing-block:-mt-(--shadow-height) has-data-writing-block:pt-(--shadow-height) [&amp;:has([data-writing-block])&gt;*]:pointer-events-auto [content-visibility:auto] supports-[content-visibility:auto]:[contain-intrinsic-size:auto_100lvh] R6Vx5W_threadScrollVars scroll-mb-[calc(var(--scroll-root-safe-area-inset-bottom,0px)+var(--thread-response-height))] scroll-mt-[calc(var(--header-height)+min(200px,max(70px,20svh)))]\" dir=\"auto\" data-turn-id=\"request-WEB:f4502ddb-56a2-45e5-b537-f0b84de5b836-5\" data-turn-id-container=\"request-WEB:f4502ddb-56a2-45e5-b537-f0b84de5b836-5\" data-testid=\"conversation-turn-12\" data-scroll-anchor=\"false\" data-turn=\"assistant\">\n<div class=\"text-base my-auto mx-auto pb-10 [--thread-content-margin:var(--thread-content-margin-xs,calc(var(--spacing)*4))] @w-sm\/main:[--thread-content-margin:var(--thread-content-margin-sm,calc(var(--spacing)*6))] @w-lg\/main:[--thread-content-margin:var(--thread-content-margin-lg,calc(var(--spacing)*16))] px-(--thread-content-margin)\">\n<div class=\"[--thread-content-max-width:40rem] @w-lg\/main:[--thread-content-max-width:48rem] mx-auto max-w-(--thread-content-max-width) flex-1 group\/turn-messages focus-visible:outline-hidden relative flex w-full min-w-0 flex-col agent-turn\">\n<div class=\"flex max-w-full flex-col gap-4 grow\">\n<div class=\"min-h-8 text-message relative flex w-full flex-col items-end gap-2 text-start break-words whitespace-normal outline-none keyboard-focused:focus-ring [.text-message+&amp;]:mt-1\" dir=\"auto\" tabindex=\"0\" data-message-author-role=\"assistant\" data-message-id=\"2860cdb3-28f0-4320-bac6-82aa21e78f59\" data-message-model-slug=\"gpt-5-5\" data-turn-start-message=\"true\">\n<div class=\"flex w-full flex-col gap-1 empty:hidden\">\n<div class=\"markdown prose dark:prose-invert wrap-break-word w-full light markdown-new-styling\">\n<p data-start=\"0\" data-end=\"185\" data-is-last-node=\"\" data-is-only-node=\"\">Approval of the Central Medical Ethics Committee No. 01-29.1.2\/2476<\/p>\n<\/div>\n<\/div>\n<\/div>\n<\/div>\n<\/div>\n<\/div>\n<\/section>\n<\/div>\n<\/div>\n<\/td>\n<\/tr>\n<tr>\n<td width=\"290\">Functional liquid biopsies for the detection and monitoring of cancer (FLUID-C)<\/td>\n<td width=\"166\">Operating Unit (LOC); Oncology Surgery Clinic; Pathology Centre; Laboratory Service<\/td>\n<td width=\"188\">Opinion of the Central Medical Ethics Committee No. 01-29.1.2\/536<\/td>\n<\/tr>\n<tr>\n<td width=\"290\">Non-invasive diagnostic and predictive biomarkers for bladder tumor early diagnosis and prediction<\/td>\n<td width=\"166\">Clinic of Urology and Oncological Urology<\/td>\n<td width=\"188\">Opinions of the Central Medical Ethics Committee No. 01-29.1.2\/1352 and No. 01-29.1.2\/534<\/td>\n<\/tr>\n<\/tbody>\n<\/table>\n<p>[\/vc_column_text][\/vc_column][\/vc_row]<\/p>\n<\/div>","protected":false},"excerpt":{"rendered":"<p>[vc_row][vc_column][vc_column_text css=&#8221;&#8221;] Title Clinic Ethics Committee approval Understanding risk factors associated with lung cancer and assessment of their impact Thoracic Surgery and Interventional Pulmonology Clinic; Pulmonology Clinic Central Medical Ethics Committee permit No. 01-29.1.2\/413 Selection and preparation of mammographic images for research and educational purposes, including the EUCAIM research project Radiology Centre; Oncological Surgery Clinic<\/p>\n","protected":false},"author":27,"featured_media":0,"parent":82269,"menu_order":0,"comment_status":"closed","ping_status":"closed","template":"","meta":{"_acf_changed":false,"inline_featured_image":false,"footnotes":""},"class_list":["post-82262","page","type-page","status-publish","hentry"],"acf":[],"yoast_head":"<!-- This site is optimized with the Yoast SEO plugin v27.1.1 - https:\/\/yoast.com\/product\/yoast-seo-wordpress\/ -->\n<title>Current Research and Project Agreements - aSlimn\u012bca<\/title>\n<meta name=\"robots\" content=\"index, follow, max-snippet:-1, max-image-preview:large, max-video-preview:-1\" \/>\n<link rel=\"canonical\" href=\"https:\/\/aslimnica.lv\/en\/education-and-science\/science-department\/ligumprojekti-angliski\/\" \/>\n<meta property=\"og:locale\" content=\"en_US\" \/>\n<meta property=\"og:type\" content=\"article\" \/>\n<meta property=\"og:title\" content=\"Current Research and Project Agreements - aSlimn\u012bca\" \/>\n<meta property=\"og:description\" content=\"[vc_row][vc_column][vc_column_text css=&#8221;&#8221;] Title Clinic Ethics Committee approval Understanding risk factors associated with lung cancer and assessment of their impact Thoracic Surgery and Interventional Pulmonology Clinic; Pulmonology Clinic Central Medical Ethics Committee permit No. 01-29.1.2\/413 Selection and preparation of mammographic images for research and educational purposes, including the EUCAIM research project Radiology Centre; Oncological Surgery Clinic\" \/>\n<meta property=\"og:url\" content=\"https:\/\/aslimnica.lv\/en\/education-and-science\/science-department\/ligumprojekti-angliski\/\" \/>\n<meta property=\"og:site_name\" content=\"aSlimn\u012bca\" \/>\n<meta property=\"article:modified_time\" content=\"2026-05-13T11:56:45+00:00\" \/>\n<meta name=\"twitter:card\" content=\"summary_large_image\" \/>\n<meta name=\"twitter:label1\" content=\"Est. reading time\" \/>\n\t<meta name=\"twitter:data1\" content=\"1 minute\" \/>\n<script type=\"application\/ld+json\" class=\"yoast-schema-graph\">{\"@context\":\"https:\/\/schema.org\",\"@graph\":[{\"@type\":\"WebPage\",\"@id\":\"https:\/\/aslimnica.lv\/en\/education-and-science\/science-department\/ligumprojekti-angliski\/\",\"url\":\"https:\/\/aslimnica.lv\/en\/education-and-science\/science-department\/ligumprojekti-angliski\/\",\"name\":\"Current Research and Project Agreements - aSlimn\u012bca\",\"isPartOf\":{\"@id\":\"https:\/\/aslimnica.lv\/en\/#website\"},\"datePublished\":\"2026-02-23T11:05:42+00:00\",\"dateModified\":\"2026-05-13T11:56:45+00:00\",\"breadcrumb\":{\"@id\":\"https:\/\/aslimnica.lv\/en\/education-and-science\/science-department\/ligumprojekti-angliski\/#breadcrumb\"},\"inLanguage\":\"en-US\",\"potentialAction\":[{\"@type\":\"ReadAction\",\"target\":[\"https:\/\/aslimnica.lv\/en\/education-and-science\/science-department\/ligumprojekti-angliski\/\"]}]},{\"@type\":\"BreadcrumbList\",\"@id\":\"https:\/\/aslimnica.lv\/en\/education-and-science\/science-department\/ligumprojekti-angliski\/#breadcrumb\",\"itemListElement\":[{\"@type\":\"ListItem\",\"position\":1,\"name\":\"Home\",\"item\":\"https:\/\/aslimnica.lv\/en\/\"},{\"@type\":\"ListItem\",\"position\":2,\"name\":\"Education and science\",\"item\":\"https:\/\/aslimnica.lv\/en\/education-and-science\/\"},{\"@type\":\"ListItem\",\"position\":3,\"name\":\"Science department\",\"item\":\"https:\/\/aslimnica.lv\/en\/education-and-science\/science-department\/\"},{\"@type\":\"ListItem\",\"position\":4,\"name\":\"Current Research and Project Agreements\"}]},{\"@type\":\"WebSite\",\"@id\":\"https:\/\/aslimnica.lv\/en\/#website\",\"url\":\"https:\/\/aslimnica.lv\/en\/\",\"name\":\"aSlimn\u012bca\",\"description\":\"R\u012bgas Austrumu k\u012bnisk\u0101 universit\u0101tes slimn\u012bca\",\"potentialAction\":[{\"@type\":\"SearchAction\",\"target\":{\"@type\":\"EntryPoint\",\"urlTemplate\":\"https:\/\/aslimnica.lv\/en\/?s={search_term_string}\"},\"query-input\":{\"@type\":\"PropertyValueSpecification\",\"valueRequired\":true,\"valueName\":\"search_term_string\"}}],\"inLanguage\":\"en-US\"}]}<\/script>\n<!-- \/ Yoast SEO plugin. -->","yoast_head_json":{"title":"Current Research and Project Agreements - aSlimn\u012bca","robots":{"index":"index","follow":"follow","max-snippet":"max-snippet:-1","max-image-preview":"max-image-preview:large","max-video-preview":"max-video-preview:-1"},"canonical":"https:\/\/aslimnica.lv\/en\/education-and-science\/science-department\/ligumprojekti-angliski\/","og_locale":"en_US","og_type":"article","og_title":"Current Research and Project Agreements - aSlimn\u012bca","og_description":"[vc_row][vc_column][vc_column_text css=&#8221;&#8221;] Title Clinic Ethics Committee approval Understanding risk factors associated with lung cancer and assessment of their impact Thoracic Surgery and Interventional Pulmonology Clinic; Pulmonology Clinic Central Medical Ethics Committee permit No. 01-29.1.2\/413 Selection and preparation of mammographic images for research and educational purposes, including the EUCAIM research project Radiology Centre; Oncological Surgery Clinic","og_url":"https:\/\/aslimnica.lv\/en\/education-and-science\/science-department\/ligumprojekti-angliski\/","og_site_name":"aSlimn\u012bca","article_modified_time":"2026-05-13T11:56:45+00:00","twitter_card":"summary_large_image","twitter_misc":{"Est. reading time":"1 minute"},"schema":{"@context":"https:\/\/schema.org","@graph":[{"@type":"WebPage","@id":"https:\/\/aslimnica.lv\/en\/education-and-science\/science-department\/ligumprojekti-angliski\/","url":"https:\/\/aslimnica.lv\/en\/education-and-science\/science-department\/ligumprojekti-angliski\/","name":"Current Research and Project Agreements - aSlimn\u012bca","isPartOf":{"@id":"https:\/\/aslimnica.lv\/en\/#website"},"datePublished":"2026-02-23T11:05:42+00:00","dateModified":"2026-05-13T11:56:45+00:00","breadcrumb":{"@id":"https:\/\/aslimnica.lv\/en\/education-and-science\/science-department\/ligumprojekti-angliski\/#breadcrumb"},"inLanguage":"en-US","potentialAction":[{"@type":"ReadAction","target":["https:\/\/aslimnica.lv\/en\/education-and-science\/science-department\/ligumprojekti-angliski\/"]}]},{"@type":"BreadcrumbList","@id":"https:\/\/aslimnica.lv\/en\/education-and-science\/science-department\/ligumprojekti-angliski\/#breadcrumb","itemListElement":[{"@type":"ListItem","position":1,"name":"Home","item":"https:\/\/aslimnica.lv\/en\/"},{"@type":"ListItem","position":2,"name":"Education and science","item":"https:\/\/aslimnica.lv\/en\/education-and-science\/"},{"@type":"ListItem","position":3,"name":"Science department","item":"https:\/\/aslimnica.lv\/en\/education-and-science\/science-department\/"},{"@type":"ListItem","position":4,"name":"Current Research and Project Agreements"}]},{"@type":"WebSite","@id":"https:\/\/aslimnica.lv\/en\/#website","url":"https:\/\/aslimnica.lv\/en\/","name":"aSlimn\u012bca","description":"R\u012bgas Austrumu k\u012bnisk\u0101 universit\u0101tes slimn\u012bca","potentialAction":[{"@type":"SearchAction","target":{"@type":"EntryPoint","urlTemplate":"https:\/\/aslimnica.lv\/en\/?s={search_term_string}"},"query-input":{"@type":"PropertyValueSpecification","valueRequired":true,"valueName":"search_term_string"}}],"inLanguage":"en-US"}]}},"_links":{"self":[{"href":"https:\/\/aslimnica.lv\/en\/wp-json\/wp\/v2\/pages\/82262","targetHints":{"allow":["GET"]}}],"collection":[{"href":"https:\/\/aslimnica.lv\/en\/wp-json\/wp\/v2\/pages"}],"about":[{"href":"https:\/\/aslimnica.lv\/en\/wp-json\/wp\/v2\/types\/page"}],"author":[{"embeddable":true,"href":"https:\/\/aslimnica.lv\/en\/wp-json\/wp\/v2\/users\/27"}],"replies":[{"embeddable":true,"href":"https:\/\/aslimnica.lv\/en\/wp-json\/wp\/v2\/comments?post=82262"}],"version-history":[{"count":10,"href":"https:\/\/aslimnica.lv\/en\/wp-json\/wp\/v2\/pages\/82262\/revisions"}],"predecessor-version":[{"id":85671,"href":"https:\/\/aslimnica.lv\/en\/wp-json\/wp\/v2\/pages\/82262\/revisions\/85671"}],"up":[{"embeddable":true,"href":"https:\/\/aslimnica.lv\/en\/wp-json\/wp\/v2\/pages\/82269"}],"wp:attachment":[{"href":"https:\/\/aslimnica.lv\/en\/wp-json\/wp\/v2\/media?parent=82262"}],"curies":[{"name":"wp","href":"https:\/\/api.w.org\/{rel}","templated":true}]}}