{"id":81976,"date":"2026-02-17T10:50:31","date_gmt":"2026-02-17T08:50:31","guid":{"rendered":"https:\/\/aslimnica.lv\/?page_id=81976"},"modified":"2026-02-17T10:53:04","modified_gmt":"2026-02-17T08:53:04","slug":"east-hospital-introduces-its-newly-established-treatment-and-care-council","status":"publish","type":"page","link":"https:\/\/aslimnica.lv\/en\/east-hospital-introduces-its-newly-established-treatment-and-care-council\/","title":{"rendered":"East Hospital introduces its newly established Treatment and Care Council"},"content":{"rendered":"<div class=\"wpb-content-wrapper\"><p>[vc_row][vc_column][vc_column_text css=&#8221;&#8221;]<strong>The newly established Treatment and Care Council has commenced operating at Riga East University Hospital (East Hospital), consolidating the previously separate Treatment Council and Care Council. Following a shift in the hospital\u2019s strategic direction and its objective to more actively promote excellence in treatment, care, science, and research, a process of changes was launched last year to combine the Treatment Council and the Care Council into one institution and enhance collaboration between the respective fields.<\/strong><\/p>\n<p>Various factors were thoroughly analysed before the consolidation of both institutions, drawing on the best practices from the leading Western European clinics. It allowed to gain assurance that a unified and closely integrated cooperation between treatment and care is a key prerequisite for ensuring efficient, modern processes that meet university hospital standards in both treatment and care.<\/p>\n<p><img loading=\"lazy\" decoding=\"async\" class=\"alignnone size-medium wp-image-81872\" src=\"https:\/\/aslimnica.lv\/wp-content\/uploads\/2026\/02\/Vadims_Beluns-198x300.jpg\" alt=\"\" width=\"198\" height=\"300\" srcset=\"https:\/\/aslimnica.lv\/wp-content\/uploads\/2026\/02\/Vadims_Beluns-198x300.jpg 198w, https:\/\/aslimnica.lv\/wp-content\/uploads\/2026\/02\/Vadims_Beluns-677x1024.jpg 677w, https:\/\/aslimnica.lv\/wp-content\/uploads\/2026\/02\/Vadims_Beluns-768x1161.jpg 768w, https:\/\/aslimnica.lv\/wp-content\/uploads\/2026\/02\/Vadims_Beluns-1016x1536.jpg 1016w, https:\/\/aslimnica.lv\/wp-content\/uploads\/2026\/02\/Vadims_Beluns-205x310.jpg 205w, https:\/\/aslimnica.lv\/wp-content\/uploads\/2026\/02\/Vadims_Beluns-258x390.jpg 258w, https:\/\/aslimnica.lv\/wp-content\/uploads\/2026\/02\/Vadims_Beluns-700x1059.jpg 700w, https:\/\/aslimnica.lv\/wp-content\/uploads\/2026\/02\/Vadims_Beluns.jpg 1058w\" sizes=\"auto, (max-width: 198px) 100vw, 198px\" \/><\/p>\n<p>Chairman of the Board of East Hospital, <strong>Vadims Be\u013cuns<\/strong>, points out: \u201cI see the Treatment and Care Council as a bridge between the hospital\u2019s Board and treatment and care professionals. The previously separate Treatment Council and Care Council concluded their work at the end of the last year. Therefore, I would like to thank all colleagues for their time, dedication, and professionalism in developing guidelines and methodological materials, and improving hospital processes. I trust that the newly established Treatment and Care Council will evolve into a robust platform for professional expertise and cooperation, safeguarding prior valuable experience, while proactively advancing new initiatives that enhance treatment, care, education, and research.\u201d<\/p>\n<p><img loading=\"lazy\" decoding=\"async\" class=\"alignnone wp-image-81869 \" src=\"https:\/\/aslimnica.lv\/wp-content\/uploads\/2026\/02\/AAp_kopbilde-1024x754.jpg\" alt=\"\" width=\"649\" height=\"478\" srcset=\"https:\/\/aslimnica.lv\/wp-content\/uploads\/2026\/02\/AAp_kopbilde-1024x754.jpg 1024w, https:\/\/aslimnica.lv\/wp-content\/uploads\/2026\/02\/AAp_kopbilde-300x221.jpg 300w, https:\/\/aslimnica.lv\/wp-content\/uploads\/2026\/02\/AAp_kopbilde-768x565.jpg 768w, https:\/\/aslimnica.lv\/wp-content\/uploads\/2026\/02\/AAp_kopbilde-1536x1131.jpg 1536w, https:\/\/aslimnica.lv\/wp-content\/uploads\/2026\/02\/AAp_kopbilde-2048x1508.jpg 2048w, https:\/\/aslimnica.lv\/wp-content\/uploads\/2026\/02\/AAp_kopbilde-1400x1031.jpg 1400w, https:\/\/aslimnica.lv\/wp-content\/uploads\/2026\/02\/AAp_kopbilde-421x310.jpg 421w, https:\/\/aslimnica.lv\/wp-content\/uploads\/2026\/02\/AAp_kopbilde-310x228.jpg 310w, https:\/\/aslimnica.lv\/wp-content\/uploads\/2026\/02\/AAp_kopbilde-700x515.jpg 700w\" sizes=\"auto, (max-width: 649px) 100vw, 649px\" \/><\/p>\n<p>In the first meeting of the Treatment and Care Council, <strong>Professor Dace Rezenberga<\/strong> was unanimously elected as the Chairperson of the Council, while <strong>Professor Haralds Plaudis<\/strong> was elected as the Deputy Chairperson.<\/p>\n<p>According to the Chairperson of the Treatment and Care Council, <strong>Professor Dace Rezenberga<\/strong>: \u201cThe main task of the Treatment and Care Council is to move towards becoming the hospital of the future by developing a strategy and, more importantly, putting it into practice. It requires focused commitment to excellence in treatment, care, and education, while also ensuring cost-effectiveness. We will perform tasks delegated by the hospital\u2019s Board, put forward our own proposals, engage with structural units and each colleague, and collect ideas and advance them for strategic decision-making. Each idea emerging from our clinics and departments is welcome and important. I invite colleagues to contact Council members most closely involved in the relevant field so that proposals may be submitted for review at Council meetings.\u201d<\/p>\n<p>Deputy Chairperson of the Treatment and Care Council, Professor Haralds Plaudis emphasizes: \u201cEast Hospital continues its progress towards becoming a \u2018Hospital of the Future\u2019, with a strong focus on professional development and interdisciplinary teamwork to ensure top standards in treatment, care, and education. The newly established Treatment and Care Council will play a significant role in achieving these objectives and positioning the East Hospital as a Baltic-level centre of excellence in healthcare, education, and science.\u201d<\/p>\n<p><strong>The Treatment and Care Council includes seven representatives from the field of patient treatment and two representatives from the field of patient care:<\/strong><\/p>\n<ul>\n<li>Chairperson of the Treatment and Care Council, <strong>Professor Dace Rezenberga<\/strong>, expert gynaecologist at the Gynaecology Clinic;<\/li>\n<li>Deputy Chairperson of the Treatment and Care Council, <strong>Professor Haralds Plaudis,<\/strong> expert surgeon at the General and Emergency Surgery Clinic;<\/li>\n<li><strong>Associate Professor Alinta Hegmane<\/strong>, Director of the Latvian Cancer Centre;<\/li>\n<li><strong>Professor Ilze Konr\u0101de<\/strong>, Head of the Endocrinology Department;<\/li>\n<li><strong>Aina Kratovska<\/strong>, Head of the Radiology Centre;<\/li>\n<li><strong>Aleksejs Vi\u0161\u0146akovs<\/strong>, Head of the Emergency Medicine and Patient Admission Clinic;<\/li>\n<li><strong>Associate Professor Ain\u0101rs Stepens<\/strong>, Director of Education and Research;<\/li>\n<li><strong>Anete Kurklete<\/strong>, Head Nurse of the Haematology Department 6A;<\/li>\n<li><strong>Lilija \u0160mate<\/strong>, Head Nurse of the State Burn Centre.<\/li>\n<\/ul>\n<p>In addition, <strong>Professor Ludmila V\u012bksna<\/strong>, Advisor to the Board on infectology strategy, will also contribute to the work of the Treatment and Care Council.<\/p>\n<p>The Treatment and Care Council will hold its meetings once a month\u00a0\u2013 on the first Tuesday of every month. During its March meeting, the Treatment and Care Council plans to set clear strategic goals and define the role of each member in achieving them.<\/p>\n<hr \/>\n<p><strong><em>About the East Hospital\u00a0 <\/em><\/strong><\/p>\n<p>Riga East University Hospital is the largest and strategically significant multi-profile hospital in the country. The hospital consists of five inpatient facilities\u00a0\u2013 Gai\u013cezers, Latvian Oncology Centre, Bi\u0137ernieki, Tuberculosis and Lung Disease Centre, and Latvian Infectious Diseases Centre, along with various specialised centres and clinics. The hospital provides highly specialised inpatient and secondary outpatient healthcare, offering multidisciplinary tertiary-level treatment and care in line with modern technology and medical knowledge. Approximately 80% of all cancer patients in Latvia are treated at the hospital. It serves as a practical training base for both Latvian educational institutions and foreign students, providing further education and knowledge transfer to healthcare specialists within and beyond the country. The hospital engages in scientific research and develops innovative methods for patient treatment. As the third-largest employer in the country, the hospital employs around 5000\u00a0staff members.[\/vc_column_text][\/vc_column][\/vc_row]<\/p>\n<\/div>","protected":false},"excerpt":{"rendered":"<p>[vc_row][vc_column][vc_column_text css=&#8221;&#8221;]The newly established Treatment and Care Council has commenced operating at Riga East University Hospital (East Hospital), consolidating the previously separate Treatment Council and Care Council. Following a shift in the hospital\u2019s strategic direction and its objective to more actively promote excellence in treatment, care, science, and research, a process of changes was launched<\/p>\n","protected":false},"author":49,"featured_media":0,"parent":0,"menu_order":0,"comment_status":"closed","ping_status":"closed","template":"","meta":{"_acf_changed":false,"inline_featured_image":false,"footnotes":""},"class_list":["post-81976","page","type-page","status-publish","hentry"],"acf":[],"yoast_head":"<!-- This site is optimized with the Yoast SEO plugin v27.1.1 - https:\/\/yoast.com\/product\/yoast-seo-wordpress\/ -->\n<title>East Hospital introduces its newly established Treatment and Care Council - aSlimn\u012bca<\/title>\n<meta name=\"robots\" content=\"index, follow, max-snippet:-1, max-image-preview:large, max-video-preview:-1\" \/>\n<link rel=\"canonical\" href=\"https:\/\/aslimnica.lv\/en\/east-hospital-introduces-its-newly-established-treatment-and-care-council\/\" \/>\n<meta property=\"og:locale\" content=\"en_US\" \/>\n<meta property=\"og:type\" content=\"article\" \/>\n<meta property=\"og:title\" content=\"East Hospital introduces its newly established Treatment and Care Council - aSlimn\u012bca\" \/>\n<meta property=\"og:description\" content=\"[vc_row][vc_column][vc_column_text css=&#8221;&#8221;]The newly established Treatment and Care Council has commenced operating at Riga East University Hospital (East Hospital), consolidating the previously separate Treatment Council and Care Council. Following a shift in the hospital\u2019s strategic direction and its objective to more actively promote excellence in treatment, care, science, and research, a process of changes was launched\" \/>\n<meta property=\"og:url\" content=\"https:\/\/aslimnica.lv\/en\/east-hospital-introduces-its-newly-established-treatment-and-care-council\/\" \/>\n<meta property=\"og:site_name\" content=\"aSlimn\u012bca\" \/>\n<meta property=\"article:modified_time\" content=\"2026-02-17T08:53:04+00:00\" \/>\n<meta property=\"og:image\" content=\"https:\/\/aslimnica.lv\/wp-content\/uploads\/2026\/02\/Vadims_Beluns.jpg\" \/>\n\t<meta property=\"og:image:width\" content=\"1058\" \/>\n\t<meta property=\"og:image:height\" content=\"1600\" \/>\n\t<meta property=\"og:image:type\" content=\"image\/jpeg\" \/>\n<meta name=\"twitter:card\" content=\"summary_large_image\" \/>\n<meta name=\"twitter:label1\" content=\"Est. reading time\" \/>\n\t<meta name=\"twitter:data1\" content=\"5 minutes\" \/>\n<script type=\"application\/ld+json\" class=\"yoast-schema-graph\">{\"@context\":\"https:\/\/schema.org\",\"@graph\":[{\"@type\":\"WebPage\",\"@id\":\"https:\/\/aslimnica.lv\/en\/east-hospital-introduces-its-newly-established-treatment-and-care-council\/\",\"url\":\"https:\/\/aslimnica.lv\/en\/east-hospital-introduces-its-newly-established-treatment-and-care-council\/\",\"name\":\"East Hospital introduces its newly established Treatment and Care Council - aSlimn\u012bca\",\"isPartOf\":{\"@id\":\"https:\/\/aslimnica.lv\/en\/#website\"},\"primaryImageOfPage\":{\"@id\":\"https:\/\/aslimnica.lv\/en\/east-hospital-introduces-its-newly-established-treatment-and-care-council\/#primaryimage\"},\"image\":{\"@id\":\"https:\/\/aslimnica.lv\/en\/east-hospital-introduces-its-newly-established-treatment-and-care-council\/#primaryimage\"},\"thumbnailUrl\":\"https:\/\/aslimnica.lv\/wp-content\/uploads\/2026\/02\/Vadims_Beluns-198x300.jpg\",\"datePublished\":\"2026-02-17T08:50:31+00:00\",\"dateModified\":\"2026-02-17T08:53:04+00:00\",\"breadcrumb\":{\"@id\":\"https:\/\/aslimnica.lv\/en\/east-hospital-introduces-its-newly-established-treatment-and-care-council\/#breadcrumb\"},\"inLanguage\":\"en-US\",\"potentialAction\":[{\"@type\":\"ReadAction\",\"target\":[\"https:\/\/aslimnica.lv\/en\/east-hospital-introduces-its-newly-established-treatment-and-care-council\/\"]}]},{\"@type\":\"ImageObject\",\"inLanguage\":\"en-US\",\"@id\":\"https:\/\/aslimnica.lv\/en\/east-hospital-introduces-its-newly-established-treatment-and-care-council\/#primaryimage\",\"url\":\"https:\/\/aslimnica.lv\/wp-content\/uploads\/2026\/02\/Vadims_Beluns-198x300.jpg\",\"contentUrl\":\"https:\/\/aslimnica.lv\/wp-content\/uploads\/2026\/02\/Vadims_Beluns-198x300.jpg\"},{\"@type\":\"BreadcrumbList\",\"@id\":\"https:\/\/aslimnica.lv\/en\/east-hospital-introduces-its-newly-established-treatment-and-care-council\/#breadcrumb\",\"itemListElement\":[{\"@type\":\"ListItem\",\"position\":1,\"name\":\"Home\",\"item\":\"https:\/\/aslimnica.lv\/en\/\"},{\"@type\":\"ListItem\",\"position\":2,\"name\":\"East Hospital introduces its newly established Treatment and Care Council\"}]},{\"@type\":\"WebSite\",\"@id\":\"https:\/\/aslimnica.lv\/en\/#website\",\"url\":\"https:\/\/aslimnica.lv\/en\/\",\"name\":\"aSlimn\u012bca\",\"description\":\"R\u012bgas Austrumu k\u012bnisk\u0101 universit\u0101tes slimn\u012bca\",\"potentialAction\":[{\"@type\":\"SearchAction\",\"target\":{\"@type\":\"EntryPoint\",\"urlTemplate\":\"https:\/\/aslimnica.lv\/en\/?s={search_term_string}\"},\"query-input\":{\"@type\":\"PropertyValueSpecification\",\"valueRequired\":true,\"valueName\":\"search_term_string\"}}],\"inLanguage\":\"en-US\"}]}<\/script>\n<!-- \/ Yoast SEO plugin. -->","yoast_head_json":{"title":"East Hospital introduces its newly established Treatment and Care Council - aSlimn\u012bca","robots":{"index":"index","follow":"follow","max-snippet":"max-snippet:-1","max-image-preview":"max-image-preview:large","max-video-preview":"max-video-preview:-1"},"canonical":"https:\/\/aslimnica.lv\/en\/east-hospital-introduces-its-newly-established-treatment-and-care-council\/","og_locale":"en_US","og_type":"article","og_title":"East Hospital introduces its newly established Treatment and Care Council - aSlimn\u012bca","og_description":"[vc_row][vc_column][vc_column_text css=&#8221;&#8221;]The newly established Treatment and Care Council has commenced operating at Riga East University Hospital (East Hospital), consolidating the previously separate Treatment Council and Care Council. Following a shift in the hospital\u2019s strategic direction and its objective to more actively promote excellence in treatment, care, science, and research, a process of changes was launched","og_url":"https:\/\/aslimnica.lv\/en\/east-hospital-introduces-its-newly-established-treatment-and-care-council\/","og_site_name":"aSlimn\u012bca","article_modified_time":"2026-02-17T08:53:04+00:00","og_image":[{"width":1058,"height":1600,"url":"https:\/\/aslimnica.lv\/wp-content\/uploads\/2026\/02\/Vadims_Beluns.jpg","type":"image\/jpeg"}],"twitter_card":"summary_large_image","twitter_misc":{"Est. reading time":"5 minutes"},"schema":{"@context":"https:\/\/schema.org","@graph":[{"@type":"WebPage","@id":"https:\/\/aslimnica.lv\/en\/east-hospital-introduces-its-newly-established-treatment-and-care-council\/","url":"https:\/\/aslimnica.lv\/en\/east-hospital-introduces-its-newly-established-treatment-and-care-council\/","name":"East Hospital introduces its newly established Treatment and Care Council - aSlimn\u012bca","isPartOf":{"@id":"https:\/\/aslimnica.lv\/en\/#website"},"primaryImageOfPage":{"@id":"https:\/\/aslimnica.lv\/en\/east-hospital-introduces-its-newly-established-treatment-and-care-council\/#primaryimage"},"image":{"@id":"https:\/\/aslimnica.lv\/en\/east-hospital-introduces-its-newly-established-treatment-and-care-council\/#primaryimage"},"thumbnailUrl":"https:\/\/aslimnica.lv\/wp-content\/uploads\/2026\/02\/Vadims_Beluns-198x300.jpg","datePublished":"2026-02-17T08:50:31+00:00","dateModified":"2026-02-17T08:53:04+00:00","breadcrumb":{"@id":"https:\/\/aslimnica.lv\/en\/east-hospital-introduces-its-newly-established-treatment-and-care-council\/#breadcrumb"},"inLanguage":"en-US","potentialAction":[{"@type":"ReadAction","target":["https:\/\/aslimnica.lv\/en\/east-hospital-introduces-its-newly-established-treatment-and-care-council\/"]}]},{"@type":"ImageObject","inLanguage":"en-US","@id":"https:\/\/aslimnica.lv\/en\/east-hospital-introduces-its-newly-established-treatment-and-care-council\/#primaryimage","url":"https:\/\/aslimnica.lv\/wp-content\/uploads\/2026\/02\/Vadims_Beluns-198x300.jpg","contentUrl":"https:\/\/aslimnica.lv\/wp-content\/uploads\/2026\/02\/Vadims_Beluns-198x300.jpg"},{"@type":"BreadcrumbList","@id":"https:\/\/aslimnica.lv\/en\/east-hospital-introduces-its-newly-established-treatment-and-care-council\/#breadcrumb","itemListElement":[{"@type":"ListItem","position":1,"name":"Home","item":"https:\/\/aslimnica.lv\/en\/"},{"@type":"ListItem","position":2,"name":"East Hospital introduces its newly established Treatment and Care Council"}]},{"@type":"WebSite","@id":"https:\/\/aslimnica.lv\/en\/#website","url":"https:\/\/aslimnica.lv\/en\/","name":"aSlimn\u012bca","description":"R\u012bgas Austrumu k\u012bnisk\u0101 universit\u0101tes slimn\u012bca","potentialAction":[{"@type":"SearchAction","target":{"@type":"EntryPoint","urlTemplate":"https:\/\/aslimnica.lv\/en\/?s={search_term_string}"},"query-input":{"@type":"PropertyValueSpecification","valueRequired":true,"valueName":"search_term_string"}}],"inLanguage":"en-US"}]}},"_links":{"self":[{"href":"https:\/\/aslimnica.lv\/en\/wp-json\/wp\/v2\/pages\/81976","targetHints":{"allow":["GET"]}}],"collection":[{"href":"https:\/\/aslimnica.lv\/en\/wp-json\/wp\/v2\/pages"}],"about":[{"href":"https:\/\/aslimnica.lv\/en\/wp-json\/wp\/v2\/types\/page"}],"author":[{"embeddable":true,"href":"https:\/\/aslimnica.lv\/en\/wp-json\/wp\/v2\/users\/49"}],"replies":[{"embeddable":true,"href":"https:\/\/aslimnica.lv\/en\/wp-json\/wp\/v2\/comments?post=81976"}],"version-history":[{"count":3,"href":"https:\/\/aslimnica.lv\/en\/wp-json\/wp\/v2\/pages\/81976\/revisions"}],"predecessor-version":[{"id":81979,"href":"https:\/\/aslimnica.lv\/en\/wp-json\/wp\/v2\/pages\/81976\/revisions\/81979"}],"wp:attachment":[{"href":"https:\/\/aslimnica.lv\/en\/wp-json\/wp\/v2\/media?parent=81976"}],"curies":[{"name":"wp","href":"https:\/\/api.w.org\/{rel}","templated":true}]}}