{"id":80759,"date":"2026-02-23T12:58:52","date_gmt":"2026-02-23T10:58:52","guid":{"rendered":"https:\/\/aslimnica.lv\/?page_id=80759"},"modified":"2026-03-03T11:48:44","modified_gmt":"2026-03-03T09:48:44","slug":"publication-overview","status":"publish","type":"page","link":"https:\/\/aslimnica.lv\/en\/education-and-science\/science-department\/publication-overview\/","title":{"rendered":"Publication overview"},"content":{"rendered":"<div class=\"wpb-content-wrapper\"><p>[vc_row][vc_column]\n<div class=\"as-files-list born-mt-none born-mb-none\">\n    <div class=\"born-container is-narrow\">\n        <div class=\"content\">\n                        <h2>Here is a formal, academic-style translation suitable for a website: Internationally Cited Publications from the Past Six Years Authored by Employees of SIA \u201cR\u012bgas Austrumu kl\u012bnisk\u0101 universit\u0101tes slimn\u012bca\u201d or Conducted on the Hospital\u2019s Basis:<\/h2>\n                        <div class=\"items-list\">\n\n                \n                    <div class=\"item\">\n                        <a href=\"https:\/\/aslimnica.lv\/wp-content\/uploads\/2025\/01\/Majas-lapai_2024.pdf\" target=\"\" rel=\"\" target=\"_blank\">\n                            <span class=\"icon\">2024. year<\/span>\n                            <span class=\"title\">2024. year<\/span>\n                        <\/a>\n                    <\/div>\n\n                \n                    <div class=\"item\">\n                        <a href=\"https:\/\/aslimnica.lv\/wp-content\/uploads\/2024\/02\/Publikacijas_Aslimnica_2023.pdf\" target=\"\" rel=\"\" target=\"_blank\">\n                            <span class=\"icon\">2023. year<\/span>\n                            <span class=\"title\">2023. year<\/span>\n                        <\/a>\n                    <\/div>\n\n                \n                    <div class=\"item\">\n                        <a href=\"https:\/\/aslimnica.lv\/wp-content\/uploads\/2023\/01\/Publikacijas_2022_Aslimnica.pdf\" target=\"\" rel=\"\" target=\"_blank\">\n                            <span class=\"icon\">2022. year<\/span>\n                            <span class=\"title\">2022. year<\/span>\n                        <\/a>\n                    <\/div>\n\n                \n                    <div class=\"item\">\n                        <a href=\"https:\/\/aslimnica.lv\/wp-content\/uploads\/2022\/01\/2021_raksti.docx.pdf\" target=\"\" rel=\"\" target=\"_blank\">\n                            <span class=\"icon\">2021. year<\/span>\n                            <span class=\"title\">2021. year<\/span>\n                        <\/a>\n                    <\/div>\n\n                \n                    <div class=\"item\">\n                        <a href=\"https:\/\/aslimnica.lv\/wp-content\/uploads\/2021\/03\/2020_raksti_new.pdf\" target=\"\" rel=\"\" target=\"_blank\">\n                            <span class=\"icon\">2020. year<\/span>\n                            <span class=\"title\">2020. year<\/span>\n                        <\/a>\n                    <\/div>\n\n                \n                    <div class=\"item\">\n                        <a href=\"http:\/\/aslimnica.lv\/wp-content\/uploads\/2021\/03\/2019_raksti.pdf\" target=\"\" rel=\"\" target=\"_blank\">\n                            <span class=\"icon\">2019. year<\/span>\n                            <span class=\"title\">2019. year<\/span>\n                        <\/a>\n                    <\/div>\n\n                \n            <\/div>\n        <\/div>\n    <\/div>\n<\/div>\n[\/vc_column][\/vc_row]<\/p>\n<\/div>","protected":false},"excerpt":{"rendered":"<p>[vc_row][vc_column][\/vc_column][\/vc_row]<\/p>\n","protected":false},"author":27,"featured_media":0,"parent":82269,"menu_order":0,"comment_status":"closed","ping_status":"closed","template":"","meta":{"_acf_changed":false,"inline_featured_image":false,"footnotes":""},"class_list":["post-80759","page","type-page","status-publish","hentry"],"acf":[],"yoast_head":"<!-- This site is optimized with the Yoast SEO plugin v27.1.1 - https:\/\/yoast.com\/product\/yoast-seo-wordpress\/ -->\n<title>Publication overview - aSlimn\u012bca<\/title>\n<meta name=\"robots\" content=\"index, follow, max-snippet:-1, max-image-preview:large, max-video-preview:-1\" \/>\n<link rel=\"canonical\" href=\"https:\/\/aslimnica.lv\/en\/education-and-science\/science-department\/publication-overview\/\" \/>\n<meta property=\"og:locale\" content=\"en_US\" \/>\n<meta property=\"og:type\" content=\"article\" \/>\n<meta property=\"og:title\" content=\"Publication overview - aSlimn\u012bca\" \/>\n<meta property=\"og:description\" content=\"[vc_row][vc_column][\/vc_column][\/vc_row]\" \/>\n<meta property=\"og:url\" content=\"https:\/\/aslimnica.lv\/en\/education-and-science\/science-department\/publication-overview\/\" \/>\n<meta property=\"og:site_name\" content=\"aSlimn\u012bca\" \/>\n<meta property=\"article:modified_time\" content=\"2026-03-03T09:48:44+00:00\" \/>\n<meta name=\"twitter:card\" content=\"summary_large_image\" \/>\n<meta name=\"twitter:label1\" content=\"Est. reading time\" \/>\n\t<meta name=\"twitter:data1\" content=\"1 minute\" \/>\n<script type=\"application\/ld+json\" class=\"yoast-schema-graph\">{\"@context\":\"https:\/\/schema.org\",\"@graph\":[{\"@type\":\"WebPage\",\"@id\":\"https:\/\/aslimnica.lv\/en\/education-and-science\/science-department\/publication-overview\/\",\"url\":\"https:\/\/aslimnica.lv\/en\/education-and-science\/science-department\/publication-overview\/\",\"name\":\"Publication overview - aSlimn\u012bca\",\"isPartOf\":{\"@id\":\"https:\/\/aslimnica.lv\/en\/#website\"},\"datePublished\":\"2026-02-23T10:58:52+00:00\",\"dateModified\":\"2026-03-03T09:48:44+00:00\",\"breadcrumb\":{\"@id\":\"https:\/\/aslimnica.lv\/en\/education-and-science\/science-department\/publication-overview\/#breadcrumb\"},\"inLanguage\":\"en-US\",\"potentialAction\":[{\"@type\":\"ReadAction\",\"target\":[\"https:\/\/aslimnica.lv\/en\/education-and-science\/science-department\/publication-overview\/\"]}]},{\"@type\":\"BreadcrumbList\",\"@id\":\"https:\/\/aslimnica.lv\/en\/education-and-science\/science-department\/publication-overview\/#breadcrumb\",\"itemListElement\":[{\"@type\":\"ListItem\",\"position\":1,\"name\":\"Home\",\"item\":\"https:\/\/aslimnica.lv\/en\/\"},{\"@type\":\"ListItem\",\"position\":2,\"name\":\"Education and science\",\"item\":\"https:\/\/aslimnica.lv\/en\/education-and-science\/\"},{\"@type\":\"ListItem\",\"position\":3,\"name\":\"Science department\",\"item\":\"https:\/\/aslimnica.lv\/en\/education-and-science\/science-department\/\"},{\"@type\":\"ListItem\",\"position\":4,\"name\":\"Publication overview\"}]},{\"@type\":\"WebSite\",\"@id\":\"https:\/\/aslimnica.lv\/en\/#website\",\"url\":\"https:\/\/aslimnica.lv\/en\/\",\"name\":\"aSlimn\u012bca\",\"description\":\"R\u012bgas Austrumu k\u012bnisk\u0101 universit\u0101tes slimn\u012bca\",\"potentialAction\":[{\"@type\":\"SearchAction\",\"target\":{\"@type\":\"EntryPoint\",\"urlTemplate\":\"https:\/\/aslimnica.lv\/en\/?s={search_term_string}\"},\"query-input\":{\"@type\":\"PropertyValueSpecification\",\"valueRequired\":true,\"valueName\":\"search_term_string\"}}],\"inLanguage\":\"en-US\"}]}<\/script>\n<!-- \/ Yoast SEO plugin. -->","yoast_head_json":{"title":"Publication overview - aSlimn\u012bca","robots":{"index":"index","follow":"follow","max-snippet":"max-snippet:-1","max-image-preview":"max-image-preview:large","max-video-preview":"max-video-preview:-1"},"canonical":"https:\/\/aslimnica.lv\/en\/education-and-science\/science-department\/publication-overview\/","og_locale":"en_US","og_type":"article","og_title":"Publication overview - aSlimn\u012bca","og_description":"[vc_row][vc_column][\/vc_column][\/vc_row]","og_url":"https:\/\/aslimnica.lv\/en\/education-and-science\/science-department\/publication-overview\/","og_site_name":"aSlimn\u012bca","article_modified_time":"2026-03-03T09:48:44+00:00","twitter_card":"summary_large_image","twitter_misc":{"Est. reading time":"1 minute"},"schema":{"@context":"https:\/\/schema.org","@graph":[{"@type":"WebPage","@id":"https:\/\/aslimnica.lv\/en\/education-and-science\/science-department\/publication-overview\/","url":"https:\/\/aslimnica.lv\/en\/education-and-science\/science-department\/publication-overview\/","name":"Publication overview - aSlimn\u012bca","isPartOf":{"@id":"https:\/\/aslimnica.lv\/en\/#website"},"datePublished":"2026-02-23T10:58:52+00:00","dateModified":"2026-03-03T09:48:44+00:00","breadcrumb":{"@id":"https:\/\/aslimnica.lv\/en\/education-and-science\/science-department\/publication-overview\/#breadcrumb"},"inLanguage":"en-US","potentialAction":[{"@type":"ReadAction","target":["https:\/\/aslimnica.lv\/en\/education-and-science\/science-department\/publication-overview\/"]}]},{"@type":"BreadcrumbList","@id":"https:\/\/aslimnica.lv\/en\/education-and-science\/science-department\/publication-overview\/#breadcrumb","itemListElement":[{"@type":"ListItem","position":1,"name":"Home","item":"https:\/\/aslimnica.lv\/en\/"},{"@type":"ListItem","position":2,"name":"Education and science","item":"https:\/\/aslimnica.lv\/en\/education-and-science\/"},{"@type":"ListItem","position":3,"name":"Science department","item":"https:\/\/aslimnica.lv\/en\/education-and-science\/science-department\/"},{"@type":"ListItem","position":4,"name":"Publication overview"}]},{"@type":"WebSite","@id":"https:\/\/aslimnica.lv\/en\/#website","url":"https:\/\/aslimnica.lv\/en\/","name":"aSlimn\u012bca","description":"R\u012bgas Austrumu k\u012bnisk\u0101 universit\u0101tes slimn\u012bca","potentialAction":[{"@type":"SearchAction","target":{"@type":"EntryPoint","urlTemplate":"https:\/\/aslimnica.lv\/en\/?s={search_term_string}"},"query-input":{"@type":"PropertyValueSpecification","valueRequired":true,"valueName":"search_term_string"}}],"inLanguage":"en-US"}]}},"_links":{"self":[{"href":"https:\/\/aslimnica.lv\/en\/wp-json\/wp\/v2\/pages\/80759","targetHints":{"allow":["GET"]}}],"collection":[{"href":"https:\/\/aslimnica.lv\/en\/wp-json\/wp\/v2\/pages"}],"about":[{"href":"https:\/\/aslimnica.lv\/en\/wp-json\/wp\/v2\/types\/page"}],"author":[{"embeddable":true,"href":"https:\/\/aslimnica.lv\/en\/wp-json\/wp\/v2\/users\/27"}],"replies":[{"embeddable":true,"href":"https:\/\/aslimnica.lv\/en\/wp-json\/wp\/v2\/comments?post=80759"}],"version-history":[{"count":4,"href":"https:\/\/aslimnica.lv\/en\/wp-json\/wp\/v2\/pages\/80759\/revisions"}],"predecessor-version":[{"id":82814,"href":"https:\/\/aslimnica.lv\/en\/wp-json\/wp\/v2\/pages\/80759\/revisions\/82814"}],"up":[{"embeddable":true,"href":"https:\/\/aslimnica.lv\/en\/wp-json\/wp\/v2\/pages\/82269"}],"wp:attachment":[{"href":"https:\/\/aslimnica.lv\/en\/wp-json\/wp\/v2\/media?parent=80759"}],"curies":[{"name":"wp","href":"https:\/\/api.w.org\/{rel}","templated":true}]}}