{"id":80757,"date":"2026-02-23T12:58:57","date_gmt":"2026-02-23T10:58:57","guid":{"rendered":"https:\/\/aslimnica.lv\/?page_id=80757"},"modified":"2026-03-03T11:44:41","modified_gmt":"2026-03-03T09:44:41","slug":"biobank","status":"publish","type":"page","link":"https:\/\/aslimnica.lv\/en\/education-and-science\/science-department\/biobank\/","title":{"rendered":"Biobank"},"content":{"rendered":"<div class=\"wpb-content-wrapper\"><p>[vc_row][vc_column][vc_column_text css=&#8221;&#8221;]<\/p>\n<div class=\"flex flex-col text-sm pb-25\">\n<article class=\"text-token-text-primary w-full focus:outline-none [--shadow-height:45px] has-data-writing-block:pointer-events-none has-data-writing-block:-mt-(--shadow-height) has-data-writing-block:pt-(--shadow-height) [&amp;:has([data-writing-block])&gt;*]:pointer-events-auto scroll-mt-[calc(var(--header-height)+min(200px,max(70px,20svh)))]\" dir=\"auto\" tabindex=\"-1\" data-turn-id=\"request-WEB:f54d7328-8874-4006-ba35-f38247555165-11\" data-testid=\"conversation-turn-24\" data-scroll-anchor=\"true\" data-turn=\"assistant\">\n<div class=\"text-base my-auto mx-auto pb-10 [--thread-content-margin:--spacing(4)] @w-sm\/main:[--thread-content-margin:--spacing(6)] @w-lg\/main:[--thread-content-margin:--spacing(16)] px-(--thread-content-margin)\">\n<div class=\"[--thread-content-max-width:40rem] @w-lg\/main:[--thread-content-max-width:48rem] mx-auto max-w-(--thread-content-max-width) flex-1 group\/turn-messages focus-visible:outline-hidden relative flex w-full min-w-0 flex-col agent-turn\" tabindex=\"-1\">\n<div class=\"flex max-w-full flex-col grow\">\n<div class=\"min-h-8 text-message relative flex w-full flex-col items-end gap-2 text-start break-words whitespace-normal [.text-message+&amp;]:mt-1\" dir=\"auto\" data-message-author-role=\"assistant\" data-message-id=\"54a656c1-3e10-4470-acc1-5faf3a154078\" data-message-model-slug=\"gpt-5-mini\">\n<div class=\"flex w-full flex-col gap-1 empty:hidden first:pt-[1px]\">\n<div class=\"markdown prose dark:prose-invert w-full wrap-break-word light markdown-new-styling\">\n<p data-start=\"0\" data-end=\"436\">In 2013, the structure of the Research Department known as the <strong>Biobank<\/strong>, or tissue centre, was established. The aim of the Biobank is to create a collection of biological samples from patients with specified diseases, which can be used for research into the aetiology and diagnostics of various diseases, as well as for the identification of new diagnostic and prognostic biomarkers and the development of novel therapeutic approaches.<\/p>\n<p data-start=\"438\" data-end=\"589\">Both patients diagnosed with specific diseases and individuals without these diseases (as a control group) are invited to participate in the Biobank.<\/p>\n<p data-start=\"591\" data-end=\"989\"><strong data-start=\"591\" data-end=\"620\">Study process and results<\/strong><br data-start=\"620\" data-end=\"623\" \/>Research staff provide participants with information about the Biobank and invite them to sign an informed consent form. Participants have the right to ask questions and request any necessary information. Participation in the study is voluntary, and participants may withdraw from the study at any time without any adverse consequences for their further treatment.<\/p>\n<p data-start=\"991\" data-end=\"1180\">Research personnel conduct a survey and collect a blood sample from a vein. The components of the blood sample are then isolated and stored in a frozen state for future research purposes.<\/p>\n<p data-start=\"1182\" data-end=\"1557\">As a result of the research, data may be obtained that could be significant for the participant\u2019s future treatment. Such data are entered into medical records only if the patient gives explicit consent. The patient may also be invited for specialist consultation or further examinations. The disease and control group biobank is established for an unlimited period of time.<\/p>\n<p data-start=\"1559\" data-end=\"1970\">Participation in the Biobank may not provide immediate benefit but may contribute to the development of new diagnostic and therapeutic methods. Participation in the Biobank poses minimal health risk. Blood sampling is performed in the same manner as for routine laboratory testing. In rare cases, a small bruise may occur at the puncture site, and even more rarely, a mild local skin inflammation may develop.<\/p>\n<p data-start=\"1972\" data-end=\"2303\">In accordance with the Human Genome Research Law, participants are not entitled to receive remuneration for donating blood or tissue samples, nor for the use of research results. Participants have no rights to potential intellectual property or commercial value that may be generated in the future from this and related projects.<\/p>\n<p data-start=\"2305\" data-end=\"2579\" data-is-last-node=\"\" data-is-only-node=\"\">The operation of the Biobank complies with the legislation on personal data protection in force in the <span class=\"hover:entity-accent entity-underline inline cursor-pointer align-baseline\"><span class=\"whitespace-normal\">Republic of Latvia<\/span><\/span> and the <span class=\"hover:entity-accent entity-underline inline cursor-pointer align-baseline\"><span class=\"whitespace-normal\">European Union<\/span><\/span>. Personal data are stored under strict confidentiality and are not publicly accessible.<\/p>\n<\/div>\n<\/div>\n<\/div>\n<\/div>\n<\/div>\n<\/div>\n<\/article>\n<\/div>\n<p>[\/vc_column_text][vc_column_text css=&#8221;&#8221;][\/vc_column_text][\/vc_column][\/vc_row]<\/p>\n<\/div>","protected":false},"excerpt":{"rendered":"<p>[vc_row][vc_column][vc_column_text css=&#8221;&#8221;] In 2013, the structure of the Research Department known as the Biobank, or tissue centre, was established. The aim of the Biobank is to create a collection of biological samples from patients with specified diseases, which can be used for research into the aetiology and diagnostics of various diseases, as well as for<\/p>\n","protected":false},"author":27,"featured_media":0,"parent":82269,"menu_order":0,"comment_status":"closed","ping_status":"closed","template":"","meta":{"_acf_changed":false,"inline_featured_image":false,"footnotes":""},"class_list":["post-80757","page","type-page","status-publish","hentry"],"acf":[],"yoast_head":"<!-- This site is optimized with the Yoast SEO plugin v27.1.1 - https:\/\/yoast.com\/product\/yoast-seo-wordpress\/ -->\n<title>Biobank - aSlimn\u012bca<\/title>\n<meta name=\"robots\" content=\"index, follow, max-snippet:-1, max-image-preview:large, max-video-preview:-1\" \/>\n<link rel=\"canonical\" href=\"https:\/\/aslimnica.lv\/en\/education-and-science\/science-department\/biobank\/\" \/>\n<meta property=\"og:locale\" content=\"en_US\" \/>\n<meta property=\"og:type\" content=\"article\" \/>\n<meta property=\"og:title\" content=\"Biobank - aSlimn\u012bca\" \/>\n<meta property=\"og:description\" content=\"[vc_row][vc_column][vc_column_text css=&#8221;&#8221;] In 2013, the structure of the Research Department known as the Biobank, or tissue centre, was established. The aim of the Biobank is to create a collection of biological samples from patients with specified diseases, which can be used for research into the aetiology and diagnostics of various diseases, as well as for\" \/>\n<meta property=\"og:url\" content=\"https:\/\/aslimnica.lv\/en\/education-and-science\/science-department\/biobank\/\" \/>\n<meta property=\"og:site_name\" content=\"aSlimn\u012bca\" \/>\n<meta property=\"article:modified_time\" content=\"2026-03-03T09:44:41+00:00\" \/>\n<meta name=\"twitter:card\" content=\"summary_large_image\" \/>\n<meta name=\"twitter:label1\" content=\"Est. reading time\" \/>\n\t<meta name=\"twitter:data1\" content=\"2 minutes\" \/>\n<script type=\"application\/ld+json\" class=\"yoast-schema-graph\">{\"@context\":\"https:\/\/schema.org\",\"@graph\":[{\"@type\":\"WebPage\",\"@id\":\"https:\/\/aslimnica.lv\/en\/education-and-science\/science-department\/biobank\/\",\"url\":\"https:\/\/aslimnica.lv\/en\/education-and-science\/science-department\/biobank\/\",\"name\":\"Biobank - aSlimn\u012bca\",\"isPartOf\":{\"@id\":\"https:\/\/aslimnica.lv\/en\/#website\"},\"datePublished\":\"2026-02-23T10:58:57+00:00\",\"dateModified\":\"2026-03-03T09:44:41+00:00\",\"breadcrumb\":{\"@id\":\"https:\/\/aslimnica.lv\/en\/education-and-science\/science-department\/biobank\/#breadcrumb\"},\"inLanguage\":\"en-US\",\"potentialAction\":[{\"@type\":\"ReadAction\",\"target\":[\"https:\/\/aslimnica.lv\/en\/education-and-science\/science-department\/biobank\/\"]}]},{\"@type\":\"BreadcrumbList\",\"@id\":\"https:\/\/aslimnica.lv\/en\/education-and-science\/science-department\/biobank\/#breadcrumb\",\"itemListElement\":[{\"@type\":\"ListItem\",\"position\":1,\"name\":\"Home\",\"item\":\"https:\/\/aslimnica.lv\/en\/\"},{\"@type\":\"ListItem\",\"position\":2,\"name\":\"Education and science\",\"item\":\"https:\/\/aslimnica.lv\/en\/education-and-science\/\"},{\"@type\":\"ListItem\",\"position\":3,\"name\":\"Science department\",\"item\":\"https:\/\/aslimnica.lv\/en\/education-and-science\/science-department\/\"},{\"@type\":\"ListItem\",\"position\":4,\"name\":\"Biobank\"}]},{\"@type\":\"WebSite\",\"@id\":\"https:\/\/aslimnica.lv\/en\/#website\",\"url\":\"https:\/\/aslimnica.lv\/en\/\",\"name\":\"aSlimn\u012bca\",\"description\":\"R\u012bgas Austrumu k\u012bnisk\u0101 universit\u0101tes slimn\u012bca\",\"potentialAction\":[{\"@type\":\"SearchAction\",\"target\":{\"@type\":\"EntryPoint\",\"urlTemplate\":\"https:\/\/aslimnica.lv\/en\/?s={search_term_string}\"},\"query-input\":{\"@type\":\"PropertyValueSpecification\",\"valueRequired\":true,\"valueName\":\"search_term_string\"}}],\"inLanguage\":\"en-US\"}]}<\/script>\n<!-- \/ Yoast SEO plugin. -->","yoast_head_json":{"title":"Biobank - aSlimn\u012bca","robots":{"index":"index","follow":"follow","max-snippet":"max-snippet:-1","max-image-preview":"max-image-preview:large","max-video-preview":"max-video-preview:-1"},"canonical":"https:\/\/aslimnica.lv\/en\/education-and-science\/science-department\/biobank\/","og_locale":"en_US","og_type":"article","og_title":"Biobank - aSlimn\u012bca","og_description":"[vc_row][vc_column][vc_column_text css=&#8221;&#8221;] In 2013, the structure of the Research Department known as the Biobank, or tissue centre, was established. The aim of the Biobank is to create a collection of biological samples from patients with specified diseases, which can be used for research into the aetiology and diagnostics of various diseases, as well as for","og_url":"https:\/\/aslimnica.lv\/en\/education-and-science\/science-department\/biobank\/","og_site_name":"aSlimn\u012bca","article_modified_time":"2026-03-03T09:44:41+00:00","twitter_card":"summary_large_image","twitter_misc":{"Est. reading time":"2 minutes"},"schema":{"@context":"https:\/\/schema.org","@graph":[{"@type":"WebPage","@id":"https:\/\/aslimnica.lv\/en\/education-and-science\/science-department\/biobank\/","url":"https:\/\/aslimnica.lv\/en\/education-and-science\/science-department\/biobank\/","name":"Biobank - aSlimn\u012bca","isPartOf":{"@id":"https:\/\/aslimnica.lv\/en\/#website"},"datePublished":"2026-02-23T10:58:57+00:00","dateModified":"2026-03-03T09:44:41+00:00","breadcrumb":{"@id":"https:\/\/aslimnica.lv\/en\/education-and-science\/science-department\/biobank\/#breadcrumb"},"inLanguage":"en-US","potentialAction":[{"@type":"ReadAction","target":["https:\/\/aslimnica.lv\/en\/education-and-science\/science-department\/biobank\/"]}]},{"@type":"BreadcrumbList","@id":"https:\/\/aslimnica.lv\/en\/education-and-science\/science-department\/biobank\/#breadcrumb","itemListElement":[{"@type":"ListItem","position":1,"name":"Home","item":"https:\/\/aslimnica.lv\/en\/"},{"@type":"ListItem","position":2,"name":"Education and science","item":"https:\/\/aslimnica.lv\/en\/education-and-science\/"},{"@type":"ListItem","position":3,"name":"Science department","item":"https:\/\/aslimnica.lv\/en\/education-and-science\/science-department\/"},{"@type":"ListItem","position":4,"name":"Biobank"}]},{"@type":"WebSite","@id":"https:\/\/aslimnica.lv\/en\/#website","url":"https:\/\/aslimnica.lv\/en\/","name":"aSlimn\u012bca","description":"R\u012bgas Austrumu k\u012bnisk\u0101 universit\u0101tes slimn\u012bca","potentialAction":[{"@type":"SearchAction","target":{"@type":"EntryPoint","urlTemplate":"https:\/\/aslimnica.lv\/en\/?s={search_term_string}"},"query-input":{"@type":"PropertyValueSpecification","valueRequired":true,"valueName":"search_term_string"}}],"inLanguage":"en-US"}]}},"_links":{"self":[{"href":"https:\/\/aslimnica.lv\/en\/wp-json\/wp\/v2\/pages\/80757","targetHints":{"allow":["GET"]}}],"collection":[{"href":"https:\/\/aslimnica.lv\/en\/wp-json\/wp\/v2\/pages"}],"about":[{"href":"https:\/\/aslimnica.lv\/en\/wp-json\/wp\/v2\/types\/page"}],"author":[{"embeddable":true,"href":"https:\/\/aslimnica.lv\/en\/wp-json\/wp\/v2\/users\/27"}],"replies":[{"embeddable":true,"href":"https:\/\/aslimnica.lv\/en\/wp-json\/wp\/v2\/comments?post=80757"}],"version-history":[{"count":4,"href":"https:\/\/aslimnica.lv\/en\/wp-json\/wp\/v2\/pages\/80757\/revisions"}],"predecessor-version":[{"id":82812,"href":"https:\/\/aslimnica.lv\/en\/wp-json\/wp\/v2\/pages\/80757\/revisions\/82812"}],"up":[{"embeddable":true,"href":"https:\/\/aslimnica.lv\/en\/wp-json\/wp\/v2\/pages\/82269"}],"wp:attachment":[{"href":"https:\/\/aslimnica.lv\/en\/wp-json\/wp\/v2\/media?parent=80757"}],"curies":[{"name":"wp","href":"https:\/\/api.w.org\/{rel}","templated":true}]}}