{"id":79999,"date":"2025-12-30T09:37:20","date_gmt":"2025-12-30T07:37:20","guid":{"rendered":"https:\/\/aslimnica.lv\/?page_id=79999"},"modified":"2025-12-30T09:37:20","modified_gmt":"2025-12-30T07:37:20","slug":"east-hospital-continues-to-support-ukrainian-soldiers-332-severely-injured-patients-were-admitted-in-2025","status":"publish","type":"page","link":"https:\/\/aslimnica.lv\/en\/east-hospital-continues-to-support-ukrainian-soldiers-332-severely-injured-patients-were-admitted-in-2025\/","title":{"rendered":"East Hospital continues to support Ukrainian soldiers: 332\u00a0severely injured patients were admitted in 2025"},"content":{"rendered":"<p><strong>Riga East Clinical University Hospital (East Hospital) continues to support severely injured soldiers and civilians from Ukraine. In 2025 alone, 332\u00a0injured patients from Ukraine were admitted to East Hospital, raising the overall number of patients treated since the summer of 2022 to 748. Today, on 18\u00a0December\u00a02025, East Hospital received injured patients from Ukraine for the 33<sup>rd<\/sup> time, in cooperation with the charity project M-Help.com.<\/strong><\/p>\n<p><img loading=\"lazy\" decoding=\"async\" class=\"alignnone wp-image-80009 size-full\" src=\"https:\/\/aslimnica.lv\/wp-content\/uploads\/2025\/12\/Ukrainu-karaviru-uznemsana-15.jpg\" alt=\"\" width=\"2000\" height=\"1328\" srcset=\"https:\/\/aslimnica.lv\/wp-content\/uploads\/2025\/12\/Ukrainu-karaviru-uznemsana-15.jpg 2000w, https:\/\/aslimnica.lv\/wp-content\/uploads\/2025\/12\/Ukrainu-karaviru-uznemsana-15-300x199.jpg 300w, https:\/\/aslimnica.lv\/wp-content\/uploads\/2025\/12\/Ukrainu-karaviru-uznemsana-15-1024x680.jpg 1024w, https:\/\/aslimnica.lv\/wp-content\/uploads\/2025\/12\/Ukrainu-karaviru-uznemsana-15-768x510.jpg 768w, https:\/\/aslimnica.lv\/wp-content\/uploads\/2025\/12\/Ukrainu-karaviru-uznemsana-15-1536x1020.jpg 1536w, https:\/\/aslimnica.lv\/wp-content\/uploads\/2025\/12\/Ukrainu-karaviru-uznemsana-15-1400x930.jpg 1400w, https:\/\/aslimnica.lv\/wp-content\/uploads\/2025\/12\/Ukrainu-karaviru-uznemsana-15-467x310.jpg 467w, https:\/\/aslimnica.lv\/wp-content\/uploads\/2025\/12\/Ukrainu-karaviru-uznemsana-15-310x206.jpg 310w, https:\/\/aslimnica.lv\/wp-content\/uploads\/2025\/12\/Ukrainu-karaviru-uznemsana-15-700x465.jpg 700w, https:\/\/aslimnica.lv\/wp-content\/uploads\/2025\/12\/Ukrainu-karaviru-uznemsana-15-530x353.jpg 530w\" sizes=\"auto, (max-width: 2000px) 100vw, 2000px\" \/>The bus carrying 29\u00a0injured Ukrainian soldiers was received by the East Hospital\u2019s medical team, including the Medical Director, <strong>Juris Nikolajenko<\/strong>, and the representatives from the Embassy of Ukraine in the Republic of Latvia, <strong>Dmytro Kindrys<\/strong> and <strong>Natalia Bereza<\/strong>.<\/p>\n<p>As usual, patients were admitted to East Hospital by a multi-disciplinary medical team comprised by various specialists and nursing staff from the Emergency Medicine and Patient Admission Clinic (EMPAC).<\/p>\n<p><img loading=\"lazy\" decoding=\"async\" class=\"alignnone wp-image-80003 \" src=\"https:\/\/aslimnica.lv\/wp-content\/uploads\/2025\/12\/Ukrainu-karaviru-uznemsana-3-768x1024.jpg\" alt=\"\" width=\"448\" height=\"597\" srcset=\"https:\/\/aslimnica.lv\/wp-content\/uploads\/2025\/12\/Ukrainu-karaviru-uznemsana-3-768x1024.jpg 768w, https:\/\/aslimnica.lv\/wp-content\/uploads\/2025\/12\/Ukrainu-karaviru-uznemsana-3-225x300.jpg 225w, https:\/\/aslimnica.lv\/wp-content\/uploads\/2025\/12\/Ukrainu-karaviru-uznemsana-3-1152x1536.jpg 1152w, https:\/\/aslimnica.lv\/wp-content\/uploads\/2025\/12\/Ukrainu-karaviru-uznemsana-3-1400x1867.jpg 1400w, https:\/\/aslimnica.lv\/wp-content\/uploads\/2025\/12\/Ukrainu-karaviru-uznemsana-3-233x310.jpg 233w, https:\/\/aslimnica.lv\/wp-content\/uploads\/2025\/12\/Ukrainu-karaviru-uznemsana-3-293x390.jpg 293w, https:\/\/aslimnica.lv\/wp-content\/uploads\/2025\/12\/Ukrainu-karaviru-uznemsana-3-700x933.jpg 700w, https:\/\/aslimnica.lv\/wp-content\/uploads\/2025\/12\/Ukrainu-karaviru-uznemsana-3.jpg 1500w\" sizes=\"auto, (max-width: 448px) 100vw, 448px\" \/><\/p>\n<p>\u201cThe three years of war have shown that solidarity in healthcare means taking real action. Medical staff at East Hospital continue their dedicated support for those affected in Ukraine, ensuring safe admission and professional treatment. Even at the end of the year, it is important for us to maintain this responsibility and a clear awareness that providing assistance to people in wartime constitutes an inseparable part of our mission as a university hospital,\u201d points out <strong>Professor Haralds Plaudis<\/strong>, Chairman of the Board of East Hospital.<\/p>\n<p><img loading=\"lazy\" decoding=\"async\" class=\"alignnone wp-image-80006 size-full\" src=\"https:\/\/aslimnica.lv\/wp-content\/uploads\/2025\/12\/Ukrainu-karaviru-uznemsana-11.jpg\" alt=\"\" width=\"2000\" height=\"1310\" srcset=\"https:\/\/aslimnica.lv\/wp-content\/uploads\/2025\/12\/Ukrainu-karaviru-uznemsana-11.jpg 2000w, https:\/\/aslimnica.lv\/wp-content\/uploads\/2025\/12\/Ukrainu-karaviru-uznemsana-11-300x197.jpg 300w, https:\/\/aslimnica.lv\/wp-content\/uploads\/2025\/12\/Ukrainu-karaviru-uznemsana-11-1024x671.jpg 1024w, https:\/\/aslimnica.lv\/wp-content\/uploads\/2025\/12\/Ukrainu-karaviru-uznemsana-11-768x503.jpg 768w, https:\/\/aslimnica.lv\/wp-content\/uploads\/2025\/12\/Ukrainu-karaviru-uznemsana-11-1536x1006.jpg 1536w, https:\/\/aslimnica.lv\/wp-content\/uploads\/2025\/12\/Ukrainu-karaviru-uznemsana-11-1400x917.jpg 1400w, https:\/\/aslimnica.lv\/wp-content\/uploads\/2025\/12\/Ukrainu-karaviru-uznemsana-11-473x310.jpg 473w, https:\/\/aslimnica.lv\/wp-content\/uploads\/2025\/12\/Ukrainu-karaviru-uznemsana-11-310x203.jpg 310w, https:\/\/aslimnica.lv\/wp-content\/uploads\/2025\/12\/Ukrainu-karaviru-uznemsana-11-700x459.jpg 700w\" sizes=\"auto, (max-width: 2000px) 100vw, 2000px\" \/><\/p>\n<p>All patients arriving from Ukraine underwent a thorough health evaluation at the EMPAC, including various laboratory tests and the examination for the possible presence of multidrug-resistant infections, as they can rapidly emerge and spread in wartime conditions. Several injured patients underwent additional radiological examinations by specialists in the Emergency Radiology Department to determine the specifics of their injuries.<\/p>\n<p>One patient will continue treatment at the Trauma and Orthopaedics Clinic of East Hospital under the care of trauma and orthopaedic surgeon <strong>Kristi\u0101na Alpe<\/strong>, after being examined at the EMPAC. Meanwhile, other patients will be transferred to other healthcare facilities in Latvia, depending on the nature of their injuries. 17\u00a0patients will be transported to the Jaun\u0137emeri Rehabilitation Centre, eight patients to the Vaivari National Rehabilitation Centre, while three other patients will be transferred to the L\u012bgatne Rehabilitation Centre.<\/p>\n<p><img loading=\"lazy\" decoding=\"async\" class=\"alignnone wp-image-80000 size-full\" src=\"https:\/\/aslimnica.lv\/wp-content\/uploads\/2025\/12\/Ukrainu-karaviru-uznemsana-10.jpg\" alt=\"\" width=\"2000\" height=\"1399\" srcset=\"https:\/\/aslimnica.lv\/wp-content\/uploads\/2025\/12\/Ukrainu-karaviru-uznemsana-10.jpg 2000w, https:\/\/aslimnica.lv\/wp-content\/uploads\/2025\/12\/Ukrainu-karaviru-uznemsana-10-300x210.jpg 300w, https:\/\/aslimnica.lv\/wp-content\/uploads\/2025\/12\/Ukrainu-karaviru-uznemsana-10-1024x716.jpg 1024w, https:\/\/aslimnica.lv\/wp-content\/uploads\/2025\/12\/Ukrainu-karaviru-uznemsana-10-768x537.jpg 768w, https:\/\/aslimnica.lv\/wp-content\/uploads\/2025\/12\/Ukrainu-karaviru-uznemsana-10-1536x1074.jpg 1536w, https:\/\/aslimnica.lv\/wp-content\/uploads\/2025\/12\/Ukrainu-karaviru-uznemsana-10-1400x979.jpg 1400w, https:\/\/aslimnica.lv\/wp-content\/uploads\/2025\/12\/Ukrainu-karaviru-uznemsana-10-443x310.jpg 443w, https:\/\/aslimnica.lv\/wp-content\/uploads\/2025\/12\/Ukrainu-karaviru-uznemsana-10-310x217.jpg 310w, https:\/\/aslimnica.lv\/wp-content\/uploads\/2025\/12\/Ukrainu-karaviru-uznemsana-10-700x490.jpg 700w\" sizes=\"auto, (max-width: 2000px) 100vw, 2000px\" \/>It is the private initiative by the founders of the charity project M-Help.com, Arvis Rekets and M\u0101rti\u0146\u0161 Medinieks, that made it possible to transport the patients affected by the war in Ukraine to East Hospital. Meanwhile, the Georgy Logvinsky Charity Foundation in Ukraine has equipped and renovated a bus used for the transportation of these patients.<\/p>\n<p><em><u>Photos documenting the arrival of injured Ukrainian soldiers at the East Hospital are available here: <\/u><\/em><a href=\"https:\/\/flic.kr\/s\/aHBqjCEdzn\"><em>https:\/\/flic.kr\/s\/aHBqjCEdzn<\/em><\/a><\/p>\n<hr \/>\n<p><strong><em>About the East Hospital\u00a0 <\/em><\/strong><\/p>\n<p>Riga East Clinical University Hospital is the largest and strategically significant multi-profile hospital in the country. The hospital consists of five inpatient facilities\u00a0\u2013 Gai\u013cezers, Latvian Oncology Centre, Bi\u0137ernieki, Tuberculosis and Lung Disease Centre, and Latvian Infectious Diseases Centre, along with various specialised centres and clinics. The hospital provides highly specialised inpatient and secondary outpatient healthcare, offering multidisciplinary tertiary-level treatment and care in line with modern technology and medical knowledge. Approximately 80% of all cancer patients in Latvia are treated at the hospital. It serves as a practical training base for both Latvian educational institutions and foreign students, providing further education and knowledge transfer to healthcare specialists within and beyond the country. The hospital engages in scientific research and develops innovative methods for patient treatment. As the third-largest employer in the country, the hospital employs around 5000\u00a0staff members.<\/p>\n","protected":false},"excerpt":{"rendered":"<p>Riga East Clinical University Hospital (East Hospital) continues to support severely injured soldiers and civilians from Ukraine. In 2025 alone, 332\u00a0injured patients from Ukraine were admitted to East Hospital, raising the overall number of patients treated since the summer of 2022 to 748. Today, on 18\u00a0December\u00a02025, East Hospital received injured patients from Ukraine for the<\/p>\n","protected":false},"author":49,"featured_media":0,"parent":0,"menu_order":0,"comment_status":"closed","ping_status":"closed","template":"","meta":{"_acf_changed":false,"inline_featured_image":false,"footnotes":""},"class_list":["post-79999","page","type-page","status-publish","hentry"],"acf":[],"yoast_head":"<!-- This site is optimized with the Yoast SEO plugin v27.1.1 - https:\/\/yoast.com\/product\/yoast-seo-wordpress\/ -->\n<title>East Hospital continues to support Ukrainian soldiers: 332\u00a0severely injured patients were admitted in 2025 - aSlimn\u012bca<\/title>\n<meta name=\"robots\" content=\"index, follow, max-snippet:-1, max-image-preview:large, max-video-preview:-1\" \/>\n<link rel=\"canonical\" href=\"https:\/\/aslimnica.lv\/en\/east-hospital-continues-to-support-ukrainian-soldiers-332-severely-injured-patients-were-admitted-in-2025\/\" \/>\n<meta property=\"og:locale\" content=\"en_US\" \/>\n<meta property=\"og:type\" content=\"article\" \/>\n<meta property=\"og:title\" content=\"East Hospital continues to support Ukrainian soldiers: 332\u00a0severely injured patients were admitted in 2025 - aSlimn\u012bca\" \/>\n<meta property=\"og:description\" content=\"Riga East Clinical University Hospital (East Hospital) continues to support severely injured soldiers and civilians from Ukraine. In 2025 alone, 332\u00a0injured patients from Ukraine were admitted to East Hospital, raising the overall number of patients treated since the summer of 2022 to 748. Today, on 18\u00a0December\u00a02025, East Hospital received injured patients from Ukraine for the\" \/>\n<meta property=\"og:url\" content=\"https:\/\/aslimnica.lv\/en\/east-hospital-continues-to-support-ukrainian-soldiers-332-severely-injured-patients-were-admitted-in-2025\/\" \/>\n<meta property=\"og:site_name\" content=\"aSlimn\u012bca\" \/>\n<meta property=\"og:image\" content=\"https:\/\/aslimnica.lv\/wp-content\/uploads\/2025\/12\/Ukrainu-karaviru-uznemsana-15.jpg\" \/>\n\t<meta property=\"og:image:width\" content=\"2000\" \/>\n\t<meta property=\"og:image:height\" content=\"1328\" \/>\n\t<meta property=\"og:image:type\" content=\"image\/jpeg\" \/>\n<meta name=\"twitter:card\" content=\"summary_large_image\" \/>\n<meta name=\"twitter:label1\" content=\"Est. reading time\" \/>\n\t<meta name=\"twitter:data1\" content=\"4 minutes\" \/>\n<script type=\"application\/ld+json\" class=\"yoast-schema-graph\">{\"@context\":\"https:\/\/schema.org\",\"@graph\":[{\"@type\":\"WebPage\",\"@id\":\"https:\/\/aslimnica.lv\/en\/east-hospital-continues-to-support-ukrainian-soldiers-332-severely-injured-patients-were-admitted-in-2025\/\",\"url\":\"https:\/\/aslimnica.lv\/en\/east-hospital-continues-to-support-ukrainian-soldiers-332-severely-injured-patients-were-admitted-in-2025\/\",\"name\":\"East Hospital continues to support Ukrainian soldiers: 332\u00a0severely injured patients were admitted in 2025 - aSlimn\u012bca\",\"isPartOf\":{\"@id\":\"https:\/\/aslimnica.lv\/en\/#website\"},\"primaryImageOfPage\":{\"@id\":\"https:\/\/aslimnica.lv\/en\/east-hospital-continues-to-support-ukrainian-soldiers-332-severely-injured-patients-were-admitted-in-2025\/#primaryimage\"},\"image\":{\"@id\":\"https:\/\/aslimnica.lv\/en\/east-hospital-continues-to-support-ukrainian-soldiers-332-severely-injured-patients-were-admitted-in-2025\/#primaryimage\"},\"thumbnailUrl\":\"https:\/\/aslimnica.lv\/wp-content\/uploads\/2025\/12\/Ukrainu-karaviru-uznemsana-15.jpg\",\"datePublished\":\"2025-12-30T07:37:20+00:00\",\"breadcrumb\":{\"@id\":\"https:\/\/aslimnica.lv\/en\/east-hospital-continues-to-support-ukrainian-soldiers-332-severely-injured-patients-were-admitted-in-2025\/#breadcrumb\"},\"inLanguage\":\"en-US\",\"potentialAction\":[{\"@type\":\"ReadAction\",\"target\":[\"https:\/\/aslimnica.lv\/en\/east-hospital-continues-to-support-ukrainian-soldiers-332-severely-injured-patients-were-admitted-in-2025\/\"]}]},{\"@type\":\"ImageObject\",\"inLanguage\":\"en-US\",\"@id\":\"https:\/\/aslimnica.lv\/en\/east-hospital-continues-to-support-ukrainian-soldiers-332-severely-injured-patients-were-admitted-in-2025\/#primaryimage\",\"url\":\"https:\/\/aslimnica.lv\/wp-content\/uploads\/2025\/12\/Ukrainu-karaviru-uznemsana-15.jpg\",\"contentUrl\":\"https:\/\/aslimnica.lv\/wp-content\/uploads\/2025\/12\/Ukrainu-karaviru-uznemsana-15.jpg\"},{\"@type\":\"BreadcrumbList\",\"@id\":\"https:\/\/aslimnica.lv\/en\/east-hospital-continues-to-support-ukrainian-soldiers-332-severely-injured-patients-were-admitted-in-2025\/#breadcrumb\",\"itemListElement\":[{\"@type\":\"ListItem\",\"position\":1,\"name\":\"Home\",\"item\":\"https:\/\/aslimnica.lv\/en\/\"},{\"@type\":\"ListItem\",\"position\":2,\"name\":\"East Hospital continues to support Ukrainian soldiers: 332\u00a0severely injured patients were admitted in 2025\"}]},{\"@type\":\"WebSite\",\"@id\":\"https:\/\/aslimnica.lv\/en\/#website\",\"url\":\"https:\/\/aslimnica.lv\/en\/\",\"name\":\"aSlimn\u012bca\",\"description\":\"R\u012bgas Austrumu k\u012bnisk\u0101 universit\u0101tes slimn\u012bca\",\"potentialAction\":[{\"@type\":\"SearchAction\",\"target\":{\"@type\":\"EntryPoint\",\"urlTemplate\":\"https:\/\/aslimnica.lv\/en\/?s={search_term_string}\"},\"query-input\":{\"@type\":\"PropertyValueSpecification\",\"valueRequired\":true,\"valueName\":\"search_term_string\"}}],\"inLanguage\":\"en-US\"}]}<\/script>\n<!-- \/ Yoast SEO plugin. -->","yoast_head_json":{"title":"East Hospital continues to support Ukrainian soldiers: 332\u00a0severely injured patients were admitted in 2025 - aSlimn\u012bca","robots":{"index":"index","follow":"follow","max-snippet":"max-snippet:-1","max-image-preview":"max-image-preview:large","max-video-preview":"max-video-preview:-1"},"canonical":"https:\/\/aslimnica.lv\/en\/east-hospital-continues-to-support-ukrainian-soldiers-332-severely-injured-patients-were-admitted-in-2025\/","og_locale":"en_US","og_type":"article","og_title":"East Hospital continues to support Ukrainian soldiers: 332\u00a0severely injured patients were admitted in 2025 - aSlimn\u012bca","og_description":"Riga East Clinical University Hospital (East Hospital) continues to support severely injured soldiers and civilians from Ukraine. In 2025 alone, 332\u00a0injured patients from Ukraine were admitted to East Hospital, raising the overall number of patients treated since the summer of 2022 to 748. Today, on 18\u00a0December\u00a02025, East Hospital received injured patients from Ukraine for the","og_url":"https:\/\/aslimnica.lv\/en\/east-hospital-continues-to-support-ukrainian-soldiers-332-severely-injured-patients-were-admitted-in-2025\/","og_site_name":"aSlimn\u012bca","og_image":[{"width":2000,"height":1328,"url":"https:\/\/aslimnica.lv\/wp-content\/uploads\/2025\/12\/Ukrainu-karaviru-uznemsana-15.jpg","type":"image\/jpeg"}],"twitter_card":"summary_large_image","twitter_misc":{"Est. reading time":"4 minutes"},"schema":{"@context":"https:\/\/schema.org","@graph":[{"@type":"WebPage","@id":"https:\/\/aslimnica.lv\/en\/east-hospital-continues-to-support-ukrainian-soldiers-332-severely-injured-patients-were-admitted-in-2025\/","url":"https:\/\/aslimnica.lv\/en\/east-hospital-continues-to-support-ukrainian-soldiers-332-severely-injured-patients-were-admitted-in-2025\/","name":"East Hospital continues to support Ukrainian soldiers: 332\u00a0severely injured patients were admitted in 2025 - aSlimn\u012bca","isPartOf":{"@id":"https:\/\/aslimnica.lv\/en\/#website"},"primaryImageOfPage":{"@id":"https:\/\/aslimnica.lv\/en\/east-hospital-continues-to-support-ukrainian-soldiers-332-severely-injured-patients-were-admitted-in-2025\/#primaryimage"},"image":{"@id":"https:\/\/aslimnica.lv\/en\/east-hospital-continues-to-support-ukrainian-soldiers-332-severely-injured-patients-were-admitted-in-2025\/#primaryimage"},"thumbnailUrl":"https:\/\/aslimnica.lv\/wp-content\/uploads\/2025\/12\/Ukrainu-karaviru-uznemsana-15.jpg","datePublished":"2025-12-30T07:37:20+00:00","breadcrumb":{"@id":"https:\/\/aslimnica.lv\/en\/east-hospital-continues-to-support-ukrainian-soldiers-332-severely-injured-patients-were-admitted-in-2025\/#breadcrumb"},"inLanguage":"en-US","potentialAction":[{"@type":"ReadAction","target":["https:\/\/aslimnica.lv\/en\/east-hospital-continues-to-support-ukrainian-soldiers-332-severely-injured-patients-were-admitted-in-2025\/"]}]},{"@type":"ImageObject","inLanguage":"en-US","@id":"https:\/\/aslimnica.lv\/en\/east-hospital-continues-to-support-ukrainian-soldiers-332-severely-injured-patients-were-admitted-in-2025\/#primaryimage","url":"https:\/\/aslimnica.lv\/wp-content\/uploads\/2025\/12\/Ukrainu-karaviru-uznemsana-15.jpg","contentUrl":"https:\/\/aslimnica.lv\/wp-content\/uploads\/2025\/12\/Ukrainu-karaviru-uznemsana-15.jpg"},{"@type":"BreadcrumbList","@id":"https:\/\/aslimnica.lv\/en\/east-hospital-continues-to-support-ukrainian-soldiers-332-severely-injured-patients-were-admitted-in-2025\/#breadcrumb","itemListElement":[{"@type":"ListItem","position":1,"name":"Home","item":"https:\/\/aslimnica.lv\/en\/"},{"@type":"ListItem","position":2,"name":"East Hospital continues to support Ukrainian soldiers: 332\u00a0severely injured patients were admitted in 2025"}]},{"@type":"WebSite","@id":"https:\/\/aslimnica.lv\/en\/#website","url":"https:\/\/aslimnica.lv\/en\/","name":"aSlimn\u012bca","description":"R\u012bgas Austrumu k\u012bnisk\u0101 universit\u0101tes slimn\u012bca","potentialAction":[{"@type":"SearchAction","target":{"@type":"EntryPoint","urlTemplate":"https:\/\/aslimnica.lv\/en\/?s={search_term_string}"},"query-input":{"@type":"PropertyValueSpecification","valueRequired":true,"valueName":"search_term_string"}}],"inLanguage":"en-US"}]}},"_links":{"self":[{"href":"https:\/\/aslimnica.lv\/en\/wp-json\/wp\/v2\/pages\/79999","targetHints":{"allow":["GET"]}}],"collection":[{"href":"https:\/\/aslimnica.lv\/en\/wp-json\/wp\/v2\/pages"}],"about":[{"href":"https:\/\/aslimnica.lv\/en\/wp-json\/wp\/v2\/types\/page"}],"author":[{"embeddable":true,"href":"https:\/\/aslimnica.lv\/en\/wp-json\/wp\/v2\/users\/49"}],"replies":[{"embeddable":true,"href":"https:\/\/aslimnica.lv\/en\/wp-json\/wp\/v2\/comments?post=79999"}],"version-history":[{"count":1,"href":"https:\/\/aslimnica.lv\/en\/wp-json\/wp\/v2\/pages\/79999\/revisions"}],"predecessor-version":[{"id":80012,"href":"https:\/\/aslimnica.lv\/en\/wp-json\/wp\/v2\/pages\/79999\/revisions\/80012"}],"wp:attachment":[{"href":"https:\/\/aslimnica.lv\/en\/wp-json\/wp\/v2\/media?parent=79999"}],"curies":[{"name":"wp","href":"https:\/\/api.w.org\/{rel}","templated":true}]}}