{"id":79751,"date":"2025-12-15T13:24:09","date_gmt":"2025-12-15T11:24:09","guid":{"rendered":"https:\/\/aslimnica.lv\/?page_id=79751"},"modified":"2025-12-15T13:24:09","modified_gmt":"2025-12-15T11:24:09","slug":"with-the-extensive-loc-reconstruction-approaching-departments-are-being-gradually-relocated-to-upgraded-facilities-to-maintain-continuous-medical-services","status":"publish","type":"page","link":"https:\/\/aslimnica.lv\/en\/with-the-extensive-loc-reconstruction-approaching-departments-are-being-gradually-relocated-to-upgraded-facilities-to-maintain-continuous-medical-services\/","title":{"rendered":"With the extensive LOC reconstruction approaching, departments are being gradually relocated to upgraded facilities to maintain continuous medical services"},"content":{"rendered":"<p><strong>To facilitate an early start to the reconstruction of the Latvian Oncology Centre (LOC) of Riga East Clinical University Hospital (East Hospital), extensive departmental relocations are to take place over the next few months, gradually relocating the departments to the renovated and modernised facilities of Block\u00a09 at Gai\u013cezers Inpatient Facility. During the LOC reconstruction, East Hospital will ensure full continuity of patient treatment and care, including all services\u00a0\u2013 consultations, examinations, chemotherapy, radiotherapy, and inpatient treatment. Several other medical units of East Hospital will also be relocated to the renovated facilities, first of them being the Gynaecology Clinic, which will be located on the 9th floor of Block\u00a09 at Gai\u013cezers Inpatient Facility as of 5\u00a0December\u00a02025.<\/strong><\/p>\n<p><img loading=\"lazy\" decoding=\"async\" class=\"alignnone wp-image-79473 size-large\" src=\"https:\/\/aslimnica.lv\/wp-content\/uploads\/2025\/12\/LOC-ekas-fasade-1024x574.png\" alt=\"\" width=\"1024\" height=\"574\" srcset=\"https:\/\/aslimnica.lv\/wp-content\/uploads\/2025\/12\/LOC-ekas-fasade-1024x574.png 1024w, https:\/\/aslimnica.lv\/wp-content\/uploads\/2025\/12\/LOC-ekas-fasade-300x168.png 300w, https:\/\/aslimnica.lv\/wp-content\/uploads\/2025\/12\/LOC-ekas-fasade-768x430.png 768w, https:\/\/aslimnica.lv\/wp-content\/uploads\/2025\/12\/LOC-ekas-fasade-1400x785.png 1400w, https:\/\/aslimnica.lv\/wp-content\/uploads\/2025\/12\/LOC-ekas-fasade-530x297.png 530w, https:\/\/aslimnica.lv\/wp-content\/uploads\/2025\/12\/LOC-ekas-fasade-310x174.png 310w, https:\/\/aslimnica.lv\/wp-content\/uploads\/2025\/12\/LOC-ekas-fasade-700x392.png 700w, https:\/\/aslimnica.lv\/wp-content\/uploads\/2025\/12\/LOC-ekas-fasade.png 1431w\" sizes=\"auto, (max-width: 1024px) 100vw, 1024px\" \/><\/p>\n<p>During the reconstruction of LOC, the unique needs of oncology patients remain a top priority. All processes will be arranged to ensure that any impact on patients\u2019 day-to-day experience is kept to a minimum. During the departmental relocation, special attention will be given to patient safety and the continuity of treatment. Patients will receive individual notifications regarding the exact schedule and procedure for the relocation of each department. Updated information for family members will be available through the hospital\u2019s information channels.<\/p>\n<p><img loading=\"lazy\" decoding=\"async\" class=\"alignnone wp-image-79416 size-large\" src=\"https:\/\/aslimnica.lv\/wp-content\/uploads\/2025\/12\/Registraturas-postenis-1024x607.jpg\" alt=\"\" width=\"1024\" height=\"607\" srcset=\"https:\/\/aslimnica.lv\/wp-content\/uploads\/2025\/12\/Registraturas-postenis-1024x607.jpg 1024w, https:\/\/aslimnica.lv\/wp-content\/uploads\/2025\/12\/Registraturas-postenis-300x178.jpg 300w, https:\/\/aslimnica.lv\/wp-content\/uploads\/2025\/12\/Registraturas-postenis-768x455.jpg 768w, https:\/\/aslimnica.lv\/wp-content\/uploads\/2025\/12\/Registraturas-postenis-1536x911.jpg 1536w, https:\/\/aslimnica.lv\/wp-content\/uploads\/2025\/12\/Registraturas-postenis-2048x1214.jpg 2048w, https:\/\/aslimnica.lv\/wp-content\/uploads\/2025\/12\/Registraturas-postenis-1400x830.jpg 1400w, https:\/\/aslimnica.lv\/wp-content\/uploads\/2025\/12\/Registraturas-postenis-523x310.jpg 523w, https:\/\/aslimnica.lv\/wp-content\/uploads\/2025\/12\/Registraturas-postenis-310x184.jpg 310w, https:\/\/aslimnica.lv\/wp-content\/uploads\/2025\/12\/Registraturas-postenis-700x415.jpg 700w\" sizes=\"auto, (max-width: 1024px) 100vw, 1024px\" \/><\/p>\n<p>Other medical units that were temporarily accommodated in other hospital facilities during the reconstruction will also be relocated to the renovated facilities at Gai\u013cezers Inpatient Facility. The following departments will be relocated <strong>by the end of 2025<\/strong>: on 5\u00a0December, the <strong>Gynaecology Clinic<\/strong> will be relocated to <strong>9th\u00a0floor of Block\u00a09<\/strong> at <strong>Gai\u013cezers Inpatient Facility<\/strong>, and visits for relatives in the new premises will be allowed from 17:00 on the same day;<strong>\u00a0<\/strong>from 9\u00a0December, the <strong>Intensive Care Unit\u00a04<\/strong> will start operating on the <strong>1st\u00a0floor of Block\u00a010<\/strong>, while from 15\u00a0December, the <strong>Day Surgery Unit<\/strong> will expand its services to also operate on the <strong>2nd floor of Block\u00a010<\/strong>. Other departments will relocate after the New Year\u00a0\u2013 at the beginning of 2026. Detailed information will follow.<\/p>\n<p><img loading=\"lazy\" decoding=\"async\" class=\"alignnone size-medium wp-image-73035\" src=\"https:\/\/aslimnica.lv\/wp-content\/uploads\/2025\/06\/Prof_H.Plaudis_1-193x300.jpg\" sizes=\"auto, (max-width: 193px) 100vw, 193px\" srcset=\"https:\/\/aslimnica.lv\/wp-content\/uploads\/2025\/06\/Prof_H.Plaudis_1-193x300.jpg 193w, https:\/\/aslimnica.lv\/wp-content\/uploads\/2025\/06\/Prof_H.Plaudis_1-658x1024.jpg 658w, https:\/\/aslimnica.lv\/wp-content\/uploads\/2025\/06\/Prof_H.Plaudis_1-768x1195.jpg 768w, https:\/\/aslimnica.lv\/wp-content\/uploads\/2025\/06\/Prof_H.Plaudis_1-987x1536.jpg 987w, https:\/\/aslimnica.lv\/wp-content\/uploads\/2025\/06\/Prof_H.Plaudis_1-1316x2048.jpg 1316w, https:\/\/aslimnica.lv\/wp-content\/uploads\/2025\/06\/Prof_H.Plaudis_1-1400x2179.jpg 1400w, https:\/\/aslimnica.lv\/wp-content\/uploads\/2025\/06\/Prof_H.Plaudis_1-199x310.jpg 199w, https:\/\/aslimnica.lv\/wp-content\/uploads\/2025\/06\/Prof_H.Plaudis_1-251x390.jpg 251w, https:\/\/aslimnica.lv\/wp-content\/uploads\/2025\/06\/Prof_H.Plaudis_1-700x1089.jpg 700w, https:\/\/aslimnica.lv\/wp-content\/uploads\/2025\/06\/Prof_H.Plaudis_1-scaled.jpg 1645w\" alt=\"\" width=\"193\" height=\"300\" \/><\/p>\n<p>\u201cWith the reconstruction of Latvian Oncology Centre approaching, the East Hospital took early steps to ensure smooth and safe relocation of departments and patients to the renovated Block\u00a09 of Gai\u013cezers Inpatient Facility. We are well aware that such changes can be unsettling, so we are placing particular emphasis on uninterrupted treatment and care throughout the process, and on ensuring that patients and their families always have clear access to information and assistance. The reconstruction is extensive and will take around two years, but it is urgently necessary to ensure that, in the near future, treatment and care can be provided in facilities that meet modern medical standards and patients\u2019 needs. I would like to sincerely thank our patients for their patience and understanding during this period of significant change. Our priority remains patient safety, comfort and the provision of high-quality care, even as we undertake what may be the most substantial transformation in Latvia\u2019s hospital infrastructure,\u201d pointed out <strong>Professor Haralds Plaudis<\/strong>, Chairman of the Board of East Hospital.<\/p>\n<p><img loading=\"lazy\" decoding=\"async\" class=\"alignnone wp-image-79413 size-large\" src=\"https:\/\/aslimnica.lv\/wp-content\/uploads\/2025\/12\/03_230828_LOC_Gaitenis_Zila-toni-1024x627.jpg\" alt=\"\" width=\"1024\" height=\"627\" srcset=\"https:\/\/aslimnica.lv\/wp-content\/uploads\/2025\/12\/03_230828_LOC_Gaitenis_Zila-toni-1024x627.jpg 1024w, https:\/\/aslimnica.lv\/wp-content\/uploads\/2025\/12\/03_230828_LOC_Gaitenis_Zila-toni-300x184.jpg 300w, https:\/\/aslimnica.lv\/wp-content\/uploads\/2025\/12\/03_230828_LOC_Gaitenis_Zila-toni-768x470.jpg 768w, https:\/\/aslimnica.lv\/wp-content\/uploads\/2025\/12\/03_230828_LOC_Gaitenis_Zila-toni-1536x940.jpg 1536w, https:\/\/aslimnica.lv\/wp-content\/uploads\/2025\/12\/03_230828_LOC_Gaitenis_Zila-toni-2048x1253.jpg 2048w, https:\/\/aslimnica.lv\/wp-content\/uploads\/2025\/12\/03_230828_LOC_Gaitenis_Zila-toni-1400x857.jpg 1400w, https:\/\/aslimnica.lv\/wp-content\/uploads\/2025\/12\/03_230828_LOC_Gaitenis_Zila-toni-507x310.jpg 507w, https:\/\/aslimnica.lv\/wp-content\/uploads\/2025\/12\/03_230828_LOC_Gaitenis_Zila-toni-310x190.jpg 310w, https:\/\/aslimnica.lv\/wp-content\/uploads\/2025\/12\/03_230828_LOC_Gaitenis_Zila-toni-700x428.jpg 700w\" sizes=\"auto, (max-width: 1024px) 100vw, 1024px\" \/><\/p>\n<p>LOC was commissioned in 1984, so it no longer meets the current standards for treatment, safety, flow organisation, engineering systems, and European oncology care. The reconstruction seeks to provide oncology patients, within the next few years, with a 21st-century standard environment that is modern, safe, and comfortable. The reconstruction will cover the entire building\u00a0&#8211; 10\u00a0floors with an area of more than 23,000\u00a0m<sup>2<\/sup>, and it will take place gradually. The renovated facilities will offer modern patient rooms and procedure rooms, enhanced infection control and ventilation systems, new equipment, infrastructure supporting modern technologies, and improved working conditions for the staff.<\/p>\n<p>Information on the LOC reconstruction, departmental relocation schedules and department locations will be available on the hospital\u2019s website (<a href=\"https:\/\/aslimnica.lv\/latvijas-onkologijas-centra-parbuve\/\">https:\/\/aslimnica.lv\/latvijas-onkologijas-centra-parbuve\/<\/a>) and social media, and on information boards and customer service points at the Latvian Oncology Centre and Gai\u013cezers Inpatient Facility. To better support patients and their families, a unified telephone line will be launched in January\u00a02026, providing assistance around the clock, seven days a week.<\/p>\n<hr \/>\n<p><strong><em>About the East Hospital\u00a0 <\/em><\/strong><\/p>\n<p>Riga East Clinical University Hospital is the largest and strategically significant multi-profile hospital in the country. The hospital consists of five inpatient facilities\u00a0\u2013 Gai\u013cezers, Latvian Oncology Centre, Bi\u0137ernieki, Tuberculosis and Lung Disease Centre, and Latvian Infectious Diseases Centre, along with various specialised centres and clinics. The hospital provides highly specialised inpatient and secondary outpatient healthcare, offering multidisciplinary tertiary-level treatment and care in line with modern technology and medical knowledge. Approximately 80% of all cancer patients in Latvia are treated at the hospital. It serves as a practical training base for both Latvian educational institutions and foreign students, providing further education and knowledge transfer to healthcare specialists within and beyond the country. The hospital engages in scientific research and develops innovative methods for patient treatment. As the third-largest employer in the country, the hospital employs around 5000\u00a0staff members.<\/p>\n<p>&nbsp;<\/p>\n","protected":false},"excerpt":{"rendered":"<p>To facilitate an early start to the reconstruction of the Latvian Oncology Centre (LOC) of Riga East Clinical University Hospital (East Hospital), extensive departmental relocations are to take place over the next few months, gradually relocating the departments to the renovated and modernised facilities of Block\u00a09 at Gai\u013cezers Inpatient Facility. During the LOC reconstruction, East<\/p>\n","protected":false},"author":49,"featured_media":0,"parent":0,"menu_order":0,"comment_status":"closed","ping_status":"closed","template":"","meta":{"_acf_changed":false,"inline_featured_image":false,"footnotes":""},"class_list":["post-79751","page","type-page","status-publish","hentry"],"acf":[],"yoast_head":"<!-- This site is optimized with the Yoast SEO plugin v27.1.1 - https:\/\/yoast.com\/product\/yoast-seo-wordpress\/ -->\n<title>With the extensive LOC reconstruction approaching, departments are being gradually relocated to upgraded facilities to maintain continuous medical services - aSlimn\u012bca<\/title>\n<meta name=\"robots\" content=\"index, follow, max-snippet:-1, max-image-preview:large, max-video-preview:-1\" \/>\n<link rel=\"canonical\" href=\"https:\/\/aslimnica.lv\/en\/with-the-extensive-loc-reconstruction-approaching-departments-are-being-gradually-relocated-to-upgraded-facilities-to-maintain-continuous-medical-services\/\" \/>\n<meta property=\"og:locale\" content=\"en_US\" \/>\n<meta property=\"og:type\" content=\"article\" \/>\n<meta property=\"og:title\" content=\"With the extensive LOC reconstruction approaching, departments are being gradually relocated to upgraded facilities to maintain continuous medical services - aSlimn\u012bca\" \/>\n<meta property=\"og:description\" content=\"To facilitate an early start to the reconstruction of the Latvian Oncology Centre (LOC) of Riga East Clinical University Hospital (East Hospital), extensive departmental relocations are to take place over the next few months, gradually relocating the departments to the renovated and modernised facilities of Block\u00a09 at Gai\u013cezers Inpatient Facility. During the LOC reconstruction, East\" \/>\n<meta property=\"og:url\" content=\"https:\/\/aslimnica.lv\/en\/with-the-extensive-loc-reconstruction-approaching-departments-are-being-gradually-relocated-to-upgraded-facilities-to-maintain-continuous-medical-services\/\" \/>\n<meta property=\"og:site_name\" content=\"aSlimn\u012bca\" \/>\n<meta property=\"og:image\" content=\"https:\/\/aslimnica.lv\/wp-content\/uploads\/2025\/12\/LOC-ekas-fasade.png\" \/>\n\t<meta property=\"og:image:width\" content=\"1431\" \/>\n\t<meta property=\"og:image:height\" content=\"802\" \/>\n\t<meta property=\"og:image:type\" content=\"image\/png\" \/>\n<meta name=\"twitter:card\" content=\"summary_large_image\" \/>\n<meta name=\"twitter:label1\" content=\"Est. reading time\" \/>\n\t<meta name=\"twitter:data1\" content=\"6 minutes\" \/>\n<script type=\"application\/ld+json\" class=\"yoast-schema-graph\">{\"@context\":\"https:\/\/schema.org\",\"@graph\":[{\"@type\":\"WebPage\",\"@id\":\"https:\/\/aslimnica.lv\/en\/with-the-extensive-loc-reconstruction-approaching-departments-are-being-gradually-relocated-to-upgraded-facilities-to-maintain-continuous-medical-services\/\",\"url\":\"https:\/\/aslimnica.lv\/en\/with-the-extensive-loc-reconstruction-approaching-departments-are-being-gradually-relocated-to-upgraded-facilities-to-maintain-continuous-medical-services\/\",\"name\":\"With the extensive LOC reconstruction approaching, departments are being gradually relocated to upgraded facilities to maintain continuous medical services - aSlimn\u012bca\",\"isPartOf\":{\"@id\":\"https:\/\/aslimnica.lv\/en\/#website\"},\"primaryImageOfPage\":{\"@id\":\"https:\/\/aslimnica.lv\/en\/with-the-extensive-loc-reconstruction-approaching-departments-are-being-gradually-relocated-to-upgraded-facilities-to-maintain-continuous-medical-services\/#primaryimage\"},\"image\":{\"@id\":\"https:\/\/aslimnica.lv\/en\/with-the-extensive-loc-reconstruction-approaching-departments-are-being-gradually-relocated-to-upgraded-facilities-to-maintain-continuous-medical-services\/#primaryimage\"},\"thumbnailUrl\":\"https:\/\/aslimnica.lv\/wp-content\/uploads\/2025\/12\/LOC-ekas-fasade-1024x574.png\",\"datePublished\":\"2025-12-15T11:24:09+00:00\",\"breadcrumb\":{\"@id\":\"https:\/\/aslimnica.lv\/en\/with-the-extensive-loc-reconstruction-approaching-departments-are-being-gradually-relocated-to-upgraded-facilities-to-maintain-continuous-medical-services\/#breadcrumb\"},\"inLanguage\":\"en-US\",\"potentialAction\":[{\"@type\":\"ReadAction\",\"target\":[\"https:\/\/aslimnica.lv\/en\/with-the-extensive-loc-reconstruction-approaching-departments-are-being-gradually-relocated-to-upgraded-facilities-to-maintain-continuous-medical-services\/\"]}]},{\"@type\":\"ImageObject\",\"inLanguage\":\"en-US\",\"@id\":\"https:\/\/aslimnica.lv\/en\/with-the-extensive-loc-reconstruction-approaching-departments-are-being-gradually-relocated-to-upgraded-facilities-to-maintain-continuous-medical-services\/#primaryimage\",\"url\":\"https:\/\/aslimnica.lv\/wp-content\/uploads\/2025\/12\/LOC-ekas-fasade-1024x574.png\",\"contentUrl\":\"https:\/\/aslimnica.lv\/wp-content\/uploads\/2025\/12\/LOC-ekas-fasade-1024x574.png\"},{\"@type\":\"BreadcrumbList\",\"@id\":\"https:\/\/aslimnica.lv\/en\/with-the-extensive-loc-reconstruction-approaching-departments-are-being-gradually-relocated-to-upgraded-facilities-to-maintain-continuous-medical-services\/#breadcrumb\",\"itemListElement\":[{\"@type\":\"ListItem\",\"position\":1,\"name\":\"Home\",\"item\":\"https:\/\/aslimnica.lv\/en\/\"},{\"@type\":\"ListItem\",\"position\":2,\"name\":\"With the extensive LOC reconstruction approaching, departments are being gradually relocated to upgraded facilities to maintain continuous medical services\"}]},{\"@type\":\"WebSite\",\"@id\":\"https:\/\/aslimnica.lv\/en\/#website\",\"url\":\"https:\/\/aslimnica.lv\/en\/\",\"name\":\"aSlimn\u012bca\",\"description\":\"R\u012bgas Austrumu k\u012bnisk\u0101 universit\u0101tes slimn\u012bca\",\"potentialAction\":[{\"@type\":\"SearchAction\",\"target\":{\"@type\":\"EntryPoint\",\"urlTemplate\":\"https:\/\/aslimnica.lv\/en\/?s={search_term_string}\"},\"query-input\":{\"@type\":\"PropertyValueSpecification\",\"valueRequired\":true,\"valueName\":\"search_term_string\"}}],\"inLanguage\":\"en-US\"}]}<\/script>\n<!-- \/ Yoast SEO plugin. -->","yoast_head_json":{"title":"With the extensive LOC reconstruction approaching, departments are being gradually relocated to upgraded facilities to maintain continuous medical services - aSlimn\u012bca","robots":{"index":"index","follow":"follow","max-snippet":"max-snippet:-1","max-image-preview":"max-image-preview:large","max-video-preview":"max-video-preview:-1"},"canonical":"https:\/\/aslimnica.lv\/en\/with-the-extensive-loc-reconstruction-approaching-departments-are-being-gradually-relocated-to-upgraded-facilities-to-maintain-continuous-medical-services\/","og_locale":"en_US","og_type":"article","og_title":"With the extensive LOC reconstruction approaching, departments are being gradually relocated to upgraded facilities to maintain continuous medical services - aSlimn\u012bca","og_description":"To facilitate an early start to the reconstruction of the Latvian Oncology Centre (LOC) of Riga East Clinical University Hospital (East Hospital), extensive departmental relocations are to take place over the next few months, gradually relocating the departments to the renovated and modernised facilities of Block\u00a09 at Gai\u013cezers Inpatient Facility. During the LOC reconstruction, East","og_url":"https:\/\/aslimnica.lv\/en\/with-the-extensive-loc-reconstruction-approaching-departments-are-being-gradually-relocated-to-upgraded-facilities-to-maintain-continuous-medical-services\/","og_site_name":"aSlimn\u012bca","og_image":[{"width":1431,"height":802,"url":"https:\/\/aslimnica.lv\/wp-content\/uploads\/2025\/12\/LOC-ekas-fasade.png","type":"image\/png"}],"twitter_card":"summary_large_image","twitter_misc":{"Est. reading time":"6 minutes"},"schema":{"@context":"https:\/\/schema.org","@graph":[{"@type":"WebPage","@id":"https:\/\/aslimnica.lv\/en\/with-the-extensive-loc-reconstruction-approaching-departments-are-being-gradually-relocated-to-upgraded-facilities-to-maintain-continuous-medical-services\/","url":"https:\/\/aslimnica.lv\/en\/with-the-extensive-loc-reconstruction-approaching-departments-are-being-gradually-relocated-to-upgraded-facilities-to-maintain-continuous-medical-services\/","name":"With the extensive LOC reconstruction approaching, departments are being gradually relocated to upgraded facilities to maintain continuous medical services - aSlimn\u012bca","isPartOf":{"@id":"https:\/\/aslimnica.lv\/en\/#website"},"primaryImageOfPage":{"@id":"https:\/\/aslimnica.lv\/en\/with-the-extensive-loc-reconstruction-approaching-departments-are-being-gradually-relocated-to-upgraded-facilities-to-maintain-continuous-medical-services\/#primaryimage"},"image":{"@id":"https:\/\/aslimnica.lv\/en\/with-the-extensive-loc-reconstruction-approaching-departments-are-being-gradually-relocated-to-upgraded-facilities-to-maintain-continuous-medical-services\/#primaryimage"},"thumbnailUrl":"https:\/\/aslimnica.lv\/wp-content\/uploads\/2025\/12\/LOC-ekas-fasade-1024x574.png","datePublished":"2025-12-15T11:24:09+00:00","breadcrumb":{"@id":"https:\/\/aslimnica.lv\/en\/with-the-extensive-loc-reconstruction-approaching-departments-are-being-gradually-relocated-to-upgraded-facilities-to-maintain-continuous-medical-services\/#breadcrumb"},"inLanguage":"en-US","potentialAction":[{"@type":"ReadAction","target":["https:\/\/aslimnica.lv\/en\/with-the-extensive-loc-reconstruction-approaching-departments-are-being-gradually-relocated-to-upgraded-facilities-to-maintain-continuous-medical-services\/"]}]},{"@type":"ImageObject","inLanguage":"en-US","@id":"https:\/\/aslimnica.lv\/en\/with-the-extensive-loc-reconstruction-approaching-departments-are-being-gradually-relocated-to-upgraded-facilities-to-maintain-continuous-medical-services\/#primaryimage","url":"https:\/\/aslimnica.lv\/wp-content\/uploads\/2025\/12\/LOC-ekas-fasade-1024x574.png","contentUrl":"https:\/\/aslimnica.lv\/wp-content\/uploads\/2025\/12\/LOC-ekas-fasade-1024x574.png"},{"@type":"BreadcrumbList","@id":"https:\/\/aslimnica.lv\/en\/with-the-extensive-loc-reconstruction-approaching-departments-are-being-gradually-relocated-to-upgraded-facilities-to-maintain-continuous-medical-services\/#breadcrumb","itemListElement":[{"@type":"ListItem","position":1,"name":"Home","item":"https:\/\/aslimnica.lv\/en\/"},{"@type":"ListItem","position":2,"name":"With the extensive LOC reconstruction approaching, departments are being gradually relocated to upgraded facilities to maintain continuous medical services"}]},{"@type":"WebSite","@id":"https:\/\/aslimnica.lv\/en\/#website","url":"https:\/\/aslimnica.lv\/en\/","name":"aSlimn\u012bca","description":"R\u012bgas Austrumu k\u012bnisk\u0101 universit\u0101tes slimn\u012bca","potentialAction":[{"@type":"SearchAction","target":{"@type":"EntryPoint","urlTemplate":"https:\/\/aslimnica.lv\/en\/?s={search_term_string}"},"query-input":{"@type":"PropertyValueSpecification","valueRequired":true,"valueName":"search_term_string"}}],"inLanguage":"en-US"}]}},"_links":{"self":[{"href":"https:\/\/aslimnica.lv\/en\/wp-json\/wp\/v2\/pages\/79751","targetHints":{"allow":["GET"]}}],"collection":[{"href":"https:\/\/aslimnica.lv\/en\/wp-json\/wp\/v2\/pages"}],"about":[{"href":"https:\/\/aslimnica.lv\/en\/wp-json\/wp\/v2\/types\/page"}],"author":[{"embeddable":true,"href":"https:\/\/aslimnica.lv\/en\/wp-json\/wp\/v2\/users\/49"}],"replies":[{"embeddable":true,"href":"https:\/\/aslimnica.lv\/en\/wp-json\/wp\/v2\/comments?post=79751"}],"version-history":[{"count":1,"href":"https:\/\/aslimnica.lv\/en\/wp-json\/wp\/v2\/pages\/79751\/revisions"}],"predecessor-version":[{"id":79754,"href":"https:\/\/aslimnica.lv\/en\/wp-json\/wp\/v2\/pages\/79751\/revisions\/79754"}],"wp:attachment":[{"href":"https:\/\/aslimnica.lv\/en\/wp-json\/wp\/v2\/media?parent=79751"}],"curies":[{"name":"wp","href":"https:\/\/api.w.org\/{rel}","templated":true}]}}