{"id":77780,"date":"2025-10-14T08:09:29","date_gmt":"2025-10-14T05:09:29","guid":{"rendered":"https:\/\/aslimnica.lv\/?page_id=77780"},"modified":"2025-10-14T08:09:29","modified_gmt":"2025-10-14T05:09:29","slug":"innovative-drug-therapy-to-delay-the-progression-of-alzheimers-disease-symptoms-was-applied-for-the-first-time-in-latvia-at-the-east-hospital","status":"publish","type":"page","link":"https:\/\/aslimnica.lv\/en\/innovative-drug-therapy-to-delay-the-progression-of-alzheimers-disease-symptoms-was-applied-for-the-first-time-in-latvia-at-the-east-hospital\/","title":{"rendered":"Innovative drug therapy to delay the progression of Alzheimer\u2019s disease symptoms was applied for the first time in Latvia at the East Hospital"},"content":{"rendered":"<p><strong>At the Neurology and Neurosurgery Clinic of the Riga East Clinical University Hospital (East Hospital), a 68-year-old patient underwent treatment with innovative medications that might significantly delay the progression of Alzheimer\u2019s disease. Given that clinical trials have demonstrated the high effectiveness of this medication, it is already being prescribed to patients in the US, Japan, and Europe following a patient evaluation in accordance with strict medical guidelines. Although this medication is not yet publicly funded in Latvia, in view of the successful treatment outcomes, the physicians at the East Hospital will advocate for the compensation of this medication for each patient who would require it.<\/strong> <strong>Neurologists at the East Hospital highlight a concerning trend: Alzheimer\u2019s disease is increasingly diagnosed in younger patients.<\/strong><\/p>\n<p>Each year, more than 1,200 patients with dementia, including Alzheimer\u2019s dementia, receive treatment at East Hospital. At the early stage of the disease, approximately 40\u00a0patients would be eligible for and benefit from therapy with specific innovative medications.<\/p>\n<p>The first patient in Latvia to receive the currently most effective medication to delay the progression of Alzheimer\u2019s disease at the East Hospital Neurology and Neurosurgery Clinic is a 68-year-old woman who was diagnosed with Alzheimer\u2019s disease before the age of 65. She was monitored for a prolonged period on an outpatient basis by neurologist and algologist Andrejs Kostiks. As the disease progressed, the patient was transferred to the Neurology and Neurosurgery Clinic of the Gai\u013cezers Inpatient Facility of the East Hospital for further in-depth examinations. Following the conversation with the family members of the patient, it was decided to initiate treatment with the innovative drug. Active participation of the patient\u2019s family members was the key factor in successful treatment.<\/p>\n<p>The first administration of the medication took place at the Neurology Day Care Department of the East Hospital. The medication is administered every two weeks following an MRI examination and an assessment of the patient\u2019s general health status prior to each administration. A multidisciplinary team is involved in the treatment of the patient.<\/p>\n<p>The attending physician of the patient, the neurologist Zane Anna Litauniece from the East Hospital Neurology and Neurosurgery Clinic, explains: \u201cThe effectiveness of this medication has been demonstrated in clinical trials and it is currently considered one of the leading therapies worldwide to preserve cognitive function and delay the rapid progression of Alzheimer\u2019s disease.\u201d<\/p>\n<p>Before deciding to prescribe this medication, the patient was assessed by a neurology case conference and the decision was made strictly according to international medical guidelines. The evaluation of the patient\u2019s health status \/ Alzheimer\u2019s diagnosis is a complex, highly specific and time-consuming process. The patient undergoes various genetic tests and MRI examinations to rule out any other pathologies. The prescription criteria for this medication are strictly defined in international guidelines and the manufacturer\u2019s protocol. <strong>This specific therapy has been shown to be the most effective in patients with mild to moderate cognitive disorders<\/strong>. However, a series of prerequisites and medical contraindications must be taken into account.<\/p>\n<p>At present, this effective medication is neither listed as copay medication nor publicly funded in Latvia. According to neurologists and neurosurgeons at East Hospital, preliminary estimates suggest that, on average, around 40\u00a0patients annually would benefit from this medication to delay the progression of Alzheimer\u2019s disease.<\/p>\n<p><img loading=\"lazy\" decoding=\"async\" class=\"alignnone wp-image-77411 \" src=\"https:\/\/aslimnica.lv\/wp-content\/uploads\/2025\/10\/portrets_foto-1024x683.jpg\" sizes=\"auto, (max-width: 428px) 100vw, 428px\" srcset=\"https:\/\/aslimnica.lv\/wp-content\/uploads\/2025\/10\/portrets_foto-1024x683.jpg 1024w, https:\/\/aslimnica.lv\/wp-content\/uploads\/2025\/10\/portrets_foto-300x200.jpg 300w, https:\/\/aslimnica.lv\/wp-content\/uploads\/2025\/10\/portrets_foto-768x512.jpg 768w, https:\/\/aslimnica.lv\/wp-content\/uploads\/2025\/10\/portrets_foto-1536x1024.jpg 1536w, https:\/\/aslimnica.lv\/wp-content\/uploads\/2025\/10\/portrets_foto-2048x1365.jpg 2048w, https:\/\/aslimnica.lv\/wp-content\/uploads\/2025\/10\/portrets_foto-1400x933.jpg 1400w, https:\/\/aslimnica.lv\/wp-content\/uploads\/2025\/10\/portrets_foto-465x310.jpg 465w, https:\/\/aslimnica.lv\/wp-content\/uploads\/2025\/10\/portrets_foto-310x207.jpg 310w, https:\/\/aslimnica.lv\/wp-content\/uploads\/2025\/10\/portrets_foto-700x467.jpg 700w, https:\/\/aslimnica.lv\/wp-content\/uploads\/2025\/10\/portrets_foto-530x353.jpg 530w, https:\/\/aslimnica.lv\/wp-content\/uploads\/2025\/10\/portrets_foto-1060x706.jpg 1060w\" alt=\"\" width=\"428\" height=\"285\" \/><\/p>\n<p>\u201c&#8221;While the patient\u2019s family decided and was able to cover the cost of the medication, which amounts to approximately EUR\u00a025,000 per year, we are aware that it is a substantial amount that most patients who would require and benefit from this therapy could not afford. At the same time, it is the physician\u2019s obligation to assess and honestly inform the patient and their family about effective treatment options currently available to patients at the East Hospital,\u201d concludes neurologist <strong>Zane Anna Litauniece<\/strong>.<\/p>\n<p>Alzheimer\u2019s disease cannot be cured, but its progression can be delayed. The innovative medication can help maintain the patient\u2019s mental health at a level that allows them to remain self-sufficient. \u201cWhen a patient is diagnosed with Alzheimer\u2019s disease at the East Hospital Memory Unit, we also talk to the patient\u2019s relatives about the available treatment options and the new reality they will face. It is often difficult for the patient\u2019s family to come to terms with the fact that their loved one or a family member will no longer be the same person they once knew. As the disease progresses, the patient experiences personality changes and memory loss, which can be extremely painful to witness,\u201d explains neurologist <strong>Zane Anna Litauniece<\/strong>.<\/p>\n<p>According to the statistics, over 1,200\u00a0patients with various cognitive disorders, including those diagnosed with Alzheimer\u2019s disease, receive treatment at the East Hospital each year. Furthermore, neurologists at the East Hospital highlight a concerning trend: Alzheimer\u2019s disease is increasingly diagnosed in younger patients. For instance, at the Memory Unit of the East Hospital, Alzheimer\u2019s disease is often diagnosed in patients aged 50 to 60. However, there are also younger patients diagnosed with this disease.<\/p>\n<p>Neurologist <strong>Zane Anna Litauniece<\/strong> mentions several warning signs that should prompt individuals to schedule an appointment at the Memory Unit of the East Hospital. These include forgetting names and surnames, repeatedly forgetting recent actions throughout the day, and being reminded by colleagues or relatives about previously agreed activities or events that the individual does not recall discussing. The first to notice such changes are usually relatives, e.g., in cases where a family member becomes disoriented in a familiar place or when their personality starts to change, which is very common in case of Alzheimer\u2019s disease.<\/p>\n<p>Upon observing those warning signs, neurologist Zane Anna Litauniece encourages the individual to schedule an appointment with the general physician to obtain a referral to specialists in the Memory Unit of East Hospital. Initial tests will allow to determine whether the concentration and memory difficulties may be related to stress, burnout syndrome, or depression, or whether they may indicate early signs of Alzheimer\u2019s disease, requiring further examinations. Early detection of this disease is crucial. In the Memory Unit of East Hospital, the neurosurgeon will inform and advise the patient about various treatment options to delay the progression of Alzheimer\u2019s disease.<\/p>\n<p>The multidisciplinary team involved in the treatment of the particular patient included<strong> Professor Guntis Karelis<\/strong>, neurologists <strong>Zane Anna Litauniece<\/strong>, Andrejs Kostiks, R\u016bta Ozoli\u0146a, and <strong>Ieva Paegle<\/strong>, interventional radiologist Dr. med. <strong>Nauris Zdanovskis<\/strong>, clinical psychologist Dr. psych. Je\u013cena Harlamova, and psychiatrist <strong>Krist\u012bna Buta<\/strong> from the Toxicology and Sepsis Department.<\/p>\n<p><strong><em>Photo: <\/em><\/strong><a href=\"https:\/\/www.flickr.com\/photos\/austrumu_slimnicas_foto\/albums\/72177720329497818\"><em>https:\/\/www.flickr.com\/photos\/austrumu_slimnicas_foto\/albums\/72177720329497818<\/em><\/a><\/p>\n<hr \/>\n<p><strong><em>About the East Hospital\u00a0 <\/em><\/strong><\/p>\n<p>The Riga East Clinical University Hospital is the largest and strategically significant multi-profile hospital in the country. The hospital consists of five inpatient facilities\u00a0\u2013 Gai\u013cezers, Latvian Oncology Centre, Bi\u0137ernieki, Tuberculosis and Lung Disease Centre, and Latvian Infectious Diseases Centre, along with various specialised centres and clinics. The hospital provides highly specialised inpatient and secondary outpatient healthcare, offering multidisciplinary tertiary-level treatment and care in line with modern technology and medical knowledge. Approximately 80% of all cancer patients in Latvia are treated at the hospital. It serves as a practical training base for both Latvian educational institutions and foreign students, providing further education and knowledge transfer to healthcare specialists within and beyond the country. The hospital engages in scientific research and develops innovative methods for patient treatment. As the third-largest employer in the country, the hospital employs around 5000\u00a0staff members.<\/p>\n","protected":false},"excerpt":{"rendered":"<p>At the Neurology and Neurosurgery Clinic of the Riga East Clinical University Hospital (East Hospital), a 68-year-old patient underwent treatment with innovative medications that might significantly delay the progression of Alzheimer\u2019s disease. Given that clinical trials have demonstrated the high effectiveness of this medication, it is already being prescribed to patients in the US, Japan,<\/p>\n","protected":false},"author":49,"featured_media":0,"parent":0,"menu_order":0,"comment_status":"closed","ping_status":"closed","template":"","meta":{"_acf_changed":false,"inline_featured_image":false,"footnotes":""},"class_list":["post-77780","page","type-page","status-publish","hentry"],"acf":[],"yoast_head":"<!-- This site is optimized with the Yoast SEO plugin v27.1.1 - https:\/\/yoast.com\/product\/yoast-seo-wordpress\/ -->\n<title>Innovative drug therapy to delay the progression of Alzheimer\u2019s disease symptoms was applied for the first time in Latvia at the East Hospital - aSlimn\u012bca<\/title>\n<meta name=\"robots\" content=\"index, follow, max-snippet:-1, max-image-preview:large, max-video-preview:-1\" \/>\n<link rel=\"canonical\" href=\"https:\/\/aslimnica.lv\/en\/innovative-drug-therapy-to-delay-the-progression-of-alzheimers-disease-symptoms-was-applied-for-the-first-time-in-latvia-at-the-east-hospital\/\" \/>\n<meta property=\"og:locale\" content=\"en_US\" \/>\n<meta property=\"og:type\" content=\"article\" \/>\n<meta property=\"og:title\" content=\"Innovative drug therapy to delay the progression of Alzheimer\u2019s disease symptoms was applied for the first time in Latvia at the East Hospital - aSlimn\u012bca\" \/>\n<meta property=\"og:description\" content=\"At the Neurology and Neurosurgery Clinic of the Riga East Clinical University Hospital (East Hospital), a 68-year-old patient underwent treatment with innovative medications that might significantly delay the progression of Alzheimer\u2019s disease. Given that clinical trials have demonstrated the high effectiveness of this medication, it is already being prescribed to patients in the US, Japan,\" \/>\n<meta property=\"og:url\" content=\"https:\/\/aslimnica.lv\/en\/innovative-drug-therapy-to-delay-the-progression-of-alzheimers-disease-symptoms-was-applied-for-the-first-time-in-latvia-at-the-east-hospital\/\" \/>\n<meta property=\"og:site_name\" content=\"aSlimn\u012bca\" \/>\n<meta property=\"og:image\" content=\"https:\/\/aslimnica.lv\/wp-content\/uploads\/2025\/10\/portrets_foto-scaled.jpg\" \/>\n\t<meta property=\"og:image:width\" content=\"2560\" \/>\n\t<meta property=\"og:image:height\" content=\"1707\" \/>\n\t<meta property=\"og:image:type\" content=\"image\/jpeg\" \/>\n<meta name=\"twitter:card\" content=\"summary_large_image\" \/>\n<meta name=\"twitter:label1\" content=\"Est. reading time\" \/>\n\t<meta name=\"twitter:data1\" content=\"7 minutes\" \/>\n<script type=\"application\/ld+json\" class=\"yoast-schema-graph\">{\"@context\":\"https:\/\/schema.org\",\"@graph\":[{\"@type\":\"WebPage\",\"@id\":\"https:\/\/aslimnica.lv\/en\/innovative-drug-therapy-to-delay-the-progression-of-alzheimers-disease-symptoms-was-applied-for-the-first-time-in-latvia-at-the-east-hospital\/\",\"url\":\"https:\/\/aslimnica.lv\/en\/innovative-drug-therapy-to-delay-the-progression-of-alzheimers-disease-symptoms-was-applied-for-the-first-time-in-latvia-at-the-east-hospital\/\",\"name\":\"Innovative drug therapy to delay the progression of Alzheimer\u2019s disease symptoms was applied for the first time in Latvia at the East Hospital - aSlimn\u012bca\",\"isPartOf\":{\"@id\":\"https:\/\/aslimnica.lv\/en\/#website\"},\"primaryImageOfPage\":{\"@id\":\"https:\/\/aslimnica.lv\/en\/innovative-drug-therapy-to-delay-the-progression-of-alzheimers-disease-symptoms-was-applied-for-the-first-time-in-latvia-at-the-east-hospital\/#primaryimage\"},\"image\":{\"@id\":\"https:\/\/aslimnica.lv\/en\/innovative-drug-therapy-to-delay-the-progression-of-alzheimers-disease-symptoms-was-applied-for-the-first-time-in-latvia-at-the-east-hospital\/#primaryimage\"},\"thumbnailUrl\":\"https:\/\/aslimnica.lv\/wp-content\/uploads\/2025\/10\/portrets_foto-1024x683.jpg\",\"datePublished\":\"2025-10-14T05:09:29+00:00\",\"breadcrumb\":{\"@id\":\"https:\/\/aslimnica.lv\/en\/innovative-drug-therapy-to-delay-the-progression-of-alzheimers-disease-symptoms-was-applied-for-the-first-time-in-latvia-at-the-east-hospital\/#breadcrumb\"},\"inLanguage\":\"en-US\",\"potentialAction\":[{\"@type\":\"ReadAction\",\"target\":[\"https:\/\/aslimnica.lv\/en\/innovative-drug-therapy-to-delay-the-progression-of-alzheimers-disease-symptoms-was-applied-for-the-first-time-in-latvia-at-the-east-hospital\/\"]}]},{\"@type\":\"ImageObject\",\"inLanguage\":\"en-US\",\"@id\":\"https:\/\/aslimnica.lv\/en\/innovative-drug-therapy-to-delay-the-progression-of-alzheimers-disease-symptoms-was-applied-for-the-first-time-in-latvia-at-the-east-hospital\/#primaryimage\",\"url\":\"https:\/\/aslimnica.lv\/wp-content\/uploads\/2025\/10\/portrets_foto-1024x683.jpg\",\"contentUrl\":\"https:\/\/aslimnica.lv\/wp-content\/uploads\/2025\/10\/portrets_foto-1024x683.jpg\"},{\"@type\":\"BreadcrumbList\",\"@id\":\"https:\/\/aslimnica.lv\/en\/innovative-drug-therapy-to-delay-the-progression-of-alzheimers-disease-symptoms-was-applied-for-the-first-time-in-latvia-at-the-east-hospital\/#breadcrumb\",\"itemListElement\":[{\"@type\":\"ListItem\",\"position\":1,\"name\":\"Home\",\"item\":\"https:\/\/aslimnica.lv\/en\/\"},{\"@type\":\"ListItem\",\"position\":2,\"name\":\"Innovative drug therapy to delay the progression of Alzheimer\u2019s disease symptoms was applied for the first time in Latvia at the East Hospital\"}]},{\"@type\":\"WebSite\",\"@id\":\"https:\/\/aslimnica.lv\/en\/#website\",\"url\":\"https:\/\/aslimnica.lv\/en\/\",\"name\":\"aSlimn\u012bca\",\"description\":\"R\u012bgas Austrumu k\u012bnisk\u0101 universit\u0101tes slimn\u012bca\",\"potentialAction\":[{\"@type\":\"SearchAction\",\"target\":{\"@type\":\"EntryPoint\",\"urlTemplate\":\"https:\/\/aslimnica.lv\/en\/?s={search_term_string}\"},\"query-input\":{\"@type\":\"PropertyValueSpecification\",\"valueRequired\":true,\"valueName\":\"search_term_string\"}}],\"inLanguage\":\"en-US\"}]}<\/script>\n<!-- \/ Yoast SEO plugin. -->","yoast_head_json":{"title":"Innovative drug therapy to delay the progression of Alzheimer\u2019s disease symptoms was applied for the first time in Latvia at the East Hospital - aSlimn\u012bca","robots":{"index":"index","follow":"follow","max-snippet":"max-snippet:-1","max-image-preview":"max-image-preview:large","max-video-preview":"max-video-preview:-1"},"canonical":"https:\/\/aslimnica.lv\/en\/innovative-drug-therapy-to-delay-the-progression-of-alzheimers-disease-symptoms-was-applied-for-the-first-time-in-latvia-at-the-east-hospital\/","og_locale":"en_US","og_type":"article","og_title":"Innovative drug therapy to delay the progression of Alzheimer\u2019s disease symptoms was applied for the first time in Latvia at the East Hospital - aSlimn\u012bca","og_description":"At the Neurology and Neurosurgery Clinic of the Riga East Clinical University Hospital (East Hospital), a 68-year-old patient underwent treatment with innovative medications that might significantly delay the progression of Alzheimer\u2019s disease. Given that clinical trials have demonstrated the high effectiveness of this medication, it is already being prescribed to patients in the US, Japan,","og_url":"https:\/\/aslimnica.lv\/en\/innovative-drug-therapy-to-delay-the-progression-of-alzheimers-disease-symptoms-was-applied-for-the-first-time-in-latvia-at-the-east-hospital\/","og_site_name":"aSlimn\u012bca","og_image":[{"width":2560,"height":1707,"url":"https:\/\/aslimnica.lv\/wp-content\/uploads\/2025\/10\/portrets_foto-scaled.jpg","type":"image\/jpeg"}],"twitter_card":"summary_large_image","twitter_misc":{"Est. reading time":"7 minutes"},"schema":{"@context":"https:\/\/schema.org","@graph":[{"@type":"WebPage","@id":"https:\/\/aslimnica.lv\/en\/innovative-drug-therapy-to-delay-the-progression-of-alzheimers-disease-symptoms-was-applied-for-the-first-time-in-latvia-at-the-east-hospital\/","url":"https:\/\/aslimnica.lv\/en\/innovative-drug-therapy-to-delay-the-progression-of-alzheimers-disease-symptoms-was-applied-for-the-first-time-in-latvia-at-the-east-hospital\/","name":"Innovative drug therapy to delay the progression of Alzheimer\u2019s disease symptoms was applied for the first time in Latvia at the East Hospital - aSlimn\u012bca","isPartOf":{"@id":"https:\/\/aslimnica.lv\/en\/#website"},"primaryImageOfPage":{"@id":"https:\/\/aslimnica.lv\/en\/innovative-drug-therapy-to-delay-the-progression-of-alzheimers-disease-symptoms-was-applied-for-the-first-time-in-latvia-at-the-east-hospital\/#primaryimage"},"image":{"@id":"https:\/\/aslimnica.lv\/en\/innovative-drug-therapy-to-delay-the-progression-of-alzheimers-disease-symptoms-was-applied-for-the-first-time-in-latvia-at-the-east-hospital\/#primaryimage"},"thumbnailUrl":"https:\/\/aslimnica.lv\/wp-content\/uploads\/2025\/10\/portrets_foto-1024x683.jpg","datePublished":"2025-10-14T05:09:29+00:00","breadcrumb":{"@id":"https:\/\/aslimnica.lv\/en\/innovative-drug-therapy-to-delay-the-progression-of-alzheimers-disease-symptoms-was-applied-for-the-first-time-in-latvia-at-the-east-hospital\/#breadcrumb"},"inLanguage":"en-US","potentialAction":[{"@type":"ReadAction","target":["https:\/\/aslimnica.lv\/en\/innovative-drug-therapy-to-delay-the-progression-of-alzheimers-disease-symptoms-was-applied-for-the-first-time-in-latvia-at-the-east-hospital\/"]}]},{"@type":"ImageObject","inLanguage":"en-US","@id":"https:\/\/aslimnica.lv\/en\/innovative-drug-therapy-to-delay-the-progression-of-alzheimers-disease-symptoms-was-applied-for-the-first-time-in-latvia-at-the-east-hospital\/#primaryimage","url":"https:\/\/aslimnica.lv\/wp-content\/uploads\/2025\/10\/portrets_foto-1024x683.jpg","contentUrl":"https:\/\/aslimnica.lv\/wp-content\/uploads\/2025\/10\/portrets_foto-1024x683.jpg"},{"@type":"BreadcrumbList","@id":"https:\/\/aslimnica.lv\/en\/innovative-drug-therapy-to-delay-the-progression-of-alzheimers-disease-symptoms-was-applied-for-the-first-time-in-latvia-at-the-east-hospital\/#breadcrumb","itemListElement":[{"@type":"ListItem","position":1,"name":"Home","item":"https:\/\/aslimnica.lv\/en\/"},{"@type":"ListItem","position":2,"name":"Innovative drug therapy to delay the progression of Alzheimer\u2019s disease symptoms was applied for the first time in Latvia at the East Hospital"}]},{"@type":"WebSite","@id":"https:\/\/aslimnica.lv\/en\/#website","url":"https:\/\/aslimnica.lv\/en\/","name":"aSlimn\u012bca","description":"R\u012bgas Austrumu k\u012bnisk\u0101 universit\u0101tes slimn\u012bca","potentialAction":[{"@type":"SearchAction","target":{"@type":"EntryPoint","urlTemplate":"https:\/\/aslimnica.lv\/en\/?s={search_term_string}"},"query-input":{"@type":"PropertyValueSpecification","valueRequired":true,"valueName":"search_term_string"}}],"inLanguage":"en-US"}]}},"_links":{"self":[{"href":"https:\/\/aslimnica.lv\/en\/wp-json\/wp\/v2\/pages\/77780","targetHints":{"allow":["GET"]}}],"collection":[{"href":"https:\/\/aslimnica.lv\/en\/wp-json\/wp\/v2\/pages"}],"about":[{"href":"https:\/\/aslimnica.lv\/en\/wp-json\/wp\/v2\/types\/page"}],"author":[{"embeddable":true,"href":"https:\/\/aslimnica.lv\/en\/wp-json\/wp\/v2\/users\/49"}],"replies":[{"embeddable":true,"href":"https:\/\/aslimnica.lv\/en\/wp-json\/wp\/v2\/comments?post=77780"}],"version-history":[{"count":1,"href":"https:\/\/aslimnica.lv\/en\/wp-json\/wp\/v2\/pages\/77780\/revisions"}],"predecessor-version":[{"id":77781,"href":"https:\/\/aslimnica.lv\/en\/wp-json\/wp\/v2\/pages\/77780\/revisions\/77781"}],"wp:attachment":[{"href":"https:\/\/aslimnica.lv\/en\/wp-json\/wp\/v2\/media?parent=77780"}],"curies":[{"name":"wp","href":"https:\/\/api.w.org\/{rel}","templated":true}]}}