{"id":77220,"date":"2025-09-26T08:49:57","date_gmt":"2025-09-26T05:49:57","guid":{"rendered":"https:\/\/aslimnica.lv\/?page_id=77220"},"modified":"2025-09-26T08:49:57","modified_gmt":"2025-09-26T05:49:57","slug":"30th-arrival-of-injured-ukrainian-soldiers-at-the-east-hospital","status":"publish","type":"page","link":"https:\/\/aslimnica.lv\/en\/30th-arrival-of-injured-ukrainian-soldiers-at-the-east-hospital\/","title":{"rendered":"30th arrival of injured Ukrainian soldiers at the East Hospital"},"content":{"rendered":"<p><strong>Today, on 25\u00a0September\u00a02025, the Riga East Clinical University Hospital (East Hospital) once again joined forces with the charity project M-Help.com\u00a0\u2013 this day marks the 30<sup>th<\/sup>\u00a0arrival of severely injured Ukrainian soldiers in the war started by Russia. Today, the East Hospital admitted the 660<sup>th<\/sup>\u00a0severely injured patient from Ukraine. This August marked three years of active involvement by the medical staff and support teams of the East Hospital in providing care to severely wounded soldiers and other victims. <\/strong><\/p>\n<p><img loading=\"lazy\" decoding=\"async\" class=\"alignnone wp-image-77181 size-large\" src=\"https:\/\/aslimnica.lv\/wp-content\/uploads\/2025\/09\/Ukrainas-karaviru-uznemsana-Austrumu-slimnica-7-1024x735.jpg\" alt=\"\" width=\"1024\" height=\"735\" srcset=\"https:\/\/aslimnica.lv\/wp-content\/uploads\/2025\/09\/Ukrainas-karaviru-uznemsana-Austrumu-slimnica-7-1024x735.jpg 1024w, https:\/\/aslimnica.lv\/wp-content\/uploads\/2025\/09\/Ukrainas-karaviru-uznemsana-Austrumu-slimnica-7-300x215.jpg 300w, https:\/\/aslimnica.lv\/wp-content\/uploads\/2025\/09\/Ukrainas-karaviru-uznemsana-Austrumu-slimnica-7-768x551.jpg 768w, https:\/\/aslimnica.lv\/wp-content\/uploads\/2025\/09\/Ukrainas-karaviru-uznemsana-Austrumu-slimnica-7-1536x1102.jpg 1536w, https:\/\/aslimnica.lv\/wp-content\/uploads\/2025\/09\/Ukrainas-karaviru-uznemsana-Austrumu-slimnica-7-1400x1005.jpg 1400w, https:\/\/aslimnica.lv\/wp-content\/uploads\/2025\/09\/Ukrainas-karaviru-uznemsana-Austrumu-slimnica-7-432x310.jpg 432w, https:\/\/aslimnica.lv\/wp-content\/uploads\/2025\/09\/Ukrainas-karaviru-uznemsana-Austrumu-slimnica-7-310x222.jpg 310w, https:\/\/aslimnica.lv\/wp-content\/uploads\/2025\/09\/Ukrainas-karaviru-uznemsana-Austrumu-slimnica-7-700x502.jpg 700w, https:\/\/aslimnica.lv\/wp-content\/uploads\/2025\/09\/Ukrainas-karaviru-uznemsana-Austrumu-slimnica-7.jpg 1600w\" sizes=\"auto, (max-width: 1024px) 100vw, 1024px\" \/><\/p>\n<p>The bus carrying Ukrainian soldiers was received by the East Hospital\u2019s medical team, including the Medical Director, <strong>Juris Nikolajenko<\/strong>, and the representatives from the Embassy of Ukraine in the Republic of Latvia, <strong>Yurii Zakharchuk<\/strong> and <strong>Natalia Bereza<\/strong>.<\/p>\n<p>As usual, patients were admitted to the East Hospital by a multi-disciplinary medical team comprised by various specialists and nursing staff from the Emergency Medicine and Patient Admission Clinic (EMPAC).<\/p>\n<p>Treating war-injured patients at the East Hospital is a collective effort, involving physicians from many different specialties, such as traumatologists, surgeons, microsurgeons, infectious disease specialists, physical and rehabilitation medicine physicians, physiotherapists, occupational therapists, radiologists, and laboratory specialists.<\/p>\n<p>All patients arriving from Ukraine underwent a thorough health evaluation at the EMPAC, including various laboratory tests and the examination for the possible presence of multidrug-resistant infections, as they can rapidly emerge and spread in wartime conditions. Several injured patients underwent additional radiological examinations by specialists in the Emergency Radiology Department to determine the specifics of their injuries.<\/p>\n<p>A soldier who sustained extremely severe war injuries will continue treatment at the Trauma and Orthopaedics Clinic of the East Hospital under the care of surgeons-traumatologists Andris Vikmanis and O\u013cegs Ribakovs. The patient will undergo a series of complex and consecutive procedures in multiple stages. Following these intricate and severe operations for war-related injuries, physiotherapists, occupational therapists, rehabilitation specialists, and functional experts will work with the injured soldier.<\/p>\n<p>Meanwhile, other patients will go to other healthcare facilities in Latvia, depending on the nature of their injuries, after being examined at the EMPAC. One patient is expected to continue the treatment in the Trauma and Orthopaedics Hospital, another six patients will be transferred to the Vaivari National Rehabilitation Centre, while 19\u00a0patients will be transported to the Jaun\u0137emeri Rehabilitation Centre and two patients\u00a0\u2013 to the L\u012bgatne Rehabilitation Centre.<\/p>\n<p>It is the private initiative by the founders of the charity project M-Help.com, Arvis Rekets and M\u0101rti\u0146\u0161 Medinieks, that made it possible to transport the patients affected by the war in Ukraine to the East Hospital. Meanwhile, the Georgy Logvinsky Charity Foundation in Ukraine has equipped and renovated a bus used for the transportation of these patients.<\/p>\n<p><strong><em><u>Photos documenting the arrival of injured Ukrainian soldiers at the East Hospital are available here:<\/u><\/em><\/strong> <a href=\"https:\/\/www.flickr.com\/photos\/austrumu_slimnicas_foto\/albums\/72177720329244760\"><strong><em><u>https:\/\/www.flickr.com\/photos\/austrumu_slimnicas_foto\/albums\/72177720329244760<\/u><\/em><\/strong><\/a><\/p>\n<hr \/>\n<p><strong><em>About the East Hospital\u00a0 <\/em><\/strong><\/p>\n<p>Riga East Clinical University Hospital is the largest and strategically significant multi-profile hospital in the country. The hospital consists of five inpatient facilities\u00a0\u2013 Gai\u013cezers, Latvian Oncology Centre, Bi\u0137ernieki, Tuberculosis and Lung Disease Centre, and Latvian Infectious Diseases Centre, along with various specialised centres and clinics. The hospital provides highly specialised inpatient and secondary outpatient healthcare, offering multidisciplinary tertiary-level treatment and care in line with modern technology and medical knowledge. Approximately 80% of all cancer patients in Latvia are treated at the hospital. It serves as a practical training base for both Latvian educational institutions and foreign students, providing further education and knowledge transfer to healthcare specialists within and beyond the country. The hospital engages in scientific research and develops innovative methods for patient treatment. As the third-largest employer in the country, the hospital employs around 5000\u00a0staff members.<\/p>\n","protected":false},"excerpt":{"rendered":"<p>Today, on 25\u00a0September\u00a02025, the Riga East Clinical University Hospital (East Hospital) once again joined forces with the charity project M-Help.com\u00a0\u2013 this day marks the 30th\u00a0arrival of severely injured Ukrainian soldiers in the war started by Russia. Today, the East Hospital admitted the 660th\u00a0severely injured patient from Ukraine. This August marked three years of active involvement<\/p>\n","protected":false},"author":49,"featured_media":0,"parent":0,"menu_order":0,"comment_status":"closed","ping_status":"closed","template":"","meta":{"_acf_changed":false,"inline_featured_image":false,"footnotes":""},"class_list":["post-77220","page","type-page","status-publish","hentry"],"acf":[],"yoast_head":"<!-- This site is optimized with the Yoast SEO plugin v27.1.1 - https:\/\/yoast.com\/product\/yoast-seo-wordpress\/ -->\n<title>30th arrival of injured Ukrainian soldiers at the East Hospital - aSlimn\u012bca<\/title>\n<meta name=\"robots\" content=\"index, follow, max-snippet:-1, max-image-preview:large, max-video-preview:-1\" \/>\n<link rel=\"canonical\" href=\"https:\/\/aslimnica.lv\/en\/30th-arrival-of-injured-ukrainian-soldiers-at-the-east-hospital\/\" \/>\n<meta property=\"og:locale\" content=\"en_US\" \/>\n<meta property=\"og:type\" content=\"article\" \/>\n<meta property=\"og:title\" content=\"30th arrival of injured Ukrainian soldiers at the East Hospital - aSlimn\u012bca\" \/>\n<meta property=\"og:description\" content=\"Today, on 25\u00a0September\u00a02025, the Riga East Clinical University Hospital (East Hospital) once again joined forces with the charity project M-Help.com\u00a0\u2013 this day marks the 30th\u00a0arrival of severely injured Ukrainian soldiers in the war started by Russia. Today, the East Hospital admitted the 660th\u00a0severely injured patient from Ukraine. This August marked three years of active involvement\" \/>\n<meta property=\"og:url\" content=\"https:\/\/aslimnica.lv\/en\/30th-arrival-of-injured-ukrainian-soldiers-at-the-east-hospital\/\" \/>\n<meta property=\"og:site_name\" content=\"aSlimn\u012bca\" \/>\n<meta property=\"og:image\" content=\"https:\/\/aslimnica.lv\/wp-content\/uploads\/2025\/09\/Ukrainas-karaviru-uznemsana-Austrumu-slimnica-7.jpg\" \/>\n\t<meta property=\"og:image:width\" content=\"1600\" \/>\n\t<meta property=\"og:image:height\" content=\"1148\" \/>\n\t<meta property=\"og:image:type\" content=\"image\/jpeg\" \/>\n<meta name=\"twitter:card\" content=\"summary_large_image\" \/>\n<meta name=\"twitter:label1\" content=\"Est. reading time\" \/>\n\t<meta name=\"twitter:data1\" content=\"4 minutes\" \/>\n<script type=\"application\/ld+json\" class=\"yoast-schema-graph\">{\"@context\":\"https:\/\/schema.org\",\"@graph\":[{\"@type\":\"WebPage\",\"@id\":\"https:\/\/aslimnica.lv\/en\/30th-arrival-of-injured-ukrainian-soldiers-at-the-east-hospital\/\",\"url\":\"https:\/\/aslimnica.lv\/en\/30th-arrival-of-injured-ukrainian-soldiers-at-the-east-hospital\/\",\"name\":\"30th arrival of injured Ukrainian soldiers at the East Hospital - aSlimn\u012bca\",\"isPartOf\":{\"@id\":\"https:\/\/aslimnica.lv\/en\/#website\"},\"primaryImageOfPage\":{\"@id\":\"https:\/\/aslimnica.lv\/en\/30th-arrival-of-injured-ukrainian-soldiers-at-the-east-hospital\/#primaryimage\"},\"image\":{\"@id\":\"https:\/\/aslimnica.lv\/en\/30th-arrival-of-injured-ukrainian-soldiers-at-the-east-hospital\/#primaryimage\"},\"thumbnailUrl\":\"https:\/\/aslimnica.lv\/wp-content\/uploads\/2025\/09\/Ukrainas-karaviru-uznemsana-Austrumu-slimnica-7-1024x735.jpg\",\"datePublished\":\"2025-09-26T05:49:57+00:00\",\"breadcrumb\":{\"@id\":\"https:\/\/aslimnica.lv\/en\/30th-arrival-of-injured-ukrainian-soldiers-at-the-east-hospital\/#breadcrumb\"},\"inLanguage\":\"en-US\",\"potentialAction\":[{\"@type\":\"ReadAction\",\"target\":[\"https:\/\/aslimnica.lv\/en\/30th-arrival-of-injured-ukrainian-soldiers-at-the-east-hospital\/\"]}]},{\"@type\":\"ImageObject\",\"inLanguage\":\"en-US\",\"@id\":\"https:\/\/aslimnica.lv\/en\/30th-arrival-of-injured-ukrainian-soldiers-at-the-east-hospital\/#primaryimage\",\"url\":\"https:\/\/aslimnica.lv\/wp-content\/uploads\/2025\/09\/Ukrainas-karaviru-uznemsana-Austrumu-slimnica-7-1024x735.jpg\",\"contentUrl\":\"https:\/\/aslimnica.lv\/wp-content\/uploads\/2025\/09\/Ukrainas-karaviru-uznemsana-Austrumu-slimnica-7-1024x735.jpg\"},{\"@type\":\"BreadcrumbList\",\"@id\":\"https:\/\/aslimnica.lv\/en\/30th-arrival-of-injured-ukrainian-soldiers-at-the-east-hospital\/#breadcrumb\",\"itemListElement\":[{\"@type\":\"ListItem\",\"position\":1,\"name\":\"Home\",\"item\":\"https:\/\/aslimnica.lv\/en\/\"},{\"@type\":\"ListItem\",\"position\":2,\"name\":\"30th arrival of injured Ukrainian soldiers at the East Hospital\"}]},{\"@type\":\"WebSite\",\"@id\":\"https:\/\/aslimnica.lv\/en\/#website\",\"url\":\"https:\/\/aslimnica.lv\/en\/\",\"name\":\"aSlimn\u012bca\",\"description\":\"R\u012bgas Austrumu k\u012bnisk\u0101 universit\u0101tes slimn\u012bca\",\"potentialAction\":[{\"@type\":\"SearchAction\",\"target\":{\"@type\":\"EntryPoint\",\"urlTemplate\":\"https:\/\/aslimnica.lv\/en\/?s={search_term_string}\"},\"query-input\":{\"@type\":\"PropertyValueSpecification\",\"valueRequired\":true,\"valueName\":\"search_term_string\"}}],\"inLanguage\":\"en-US\"}]}<\/script>\n<!-- \/ Yoast SEO plugin. -->","yoast_head_json":{"title":"30th arrival of injured Ukrainian soldiers at the East Hospital - aSlimn\u012bca","robots":{"index":"index","follow":"follow","max-snippet":"max-snippet:-1","max-image-preview":"max-image-preview:large","max-video-preview":"max-video-preview:-1"},"canonical":"https:\/\/aslimnica.lv\/en\/30th-arrival-of-injured-ukrainian-soldiers-at-the-east-hospital\/","og_locale":"en_US","og_type":"article","og_title":"30th arrival of injured Ukrainian soldiers at the East Hospital - aSlimn\u012bca","og_description":"Today, on 25\u00a0September\u00a02025, the Riga East Clinical University Hospital (East Hospital) once again joined forces with the charity project M-Help.com\u00a0\u2013 this day marks the 30th\u00a0arrival of severely injured Ukrainian soldiers in the war started by Russia. Today, the East Hospital admitted the 660th\u00a0severely injured patient from Ukraine. This August marked three years of active involvement","og_url":"https:\/\/aslimnica.lv\/en\/30th-arrival-of-injured-ukrainian-soldiers-at-the-east-hospital\/","og_site_name":"aSlimn\u012bca","og_image":[{"width":1600,"height":1148,"url":"https:\/\/aslimnica.lv\/wp-content\/uploads\/2025\/09\/Ukrainas-karaviru-uznemsana-Austrumu-slimnica-7.jpg","type":"image\/jpeg"}],"twitter_card":"summary_large_image","twitter_misc":{"Est. reading time":"4 minutes"},"schema":{"@context":"https:\/\/schema.org","@graph":[{"@type":"WebPage","@id":"https:\/\/aslimnica.lv\/en\/30th-arrival-of-injured-ukrainian-soldiers-at-the-east-hospital\/","url":"https:\/\/aslimnica.lv\/en\/30th-arrival-of-injured-ukrainian-soldiers-at-the-east-hospital\/","name":"30th arrival of injured Ukrainian soldiers at the East Hospital - aSlimn\u012bca","isPartOf":{"@id":"https:\/\/aslimnica.lv\/en\/#website"},"primaryImageOfPage":{"@id":"https:\/\/aslimnica.lv\/en\/30th-arrival-of-injured-ukrainian-soldiers-at-the-east-hospital\/#primaryimage"},"image":{"@id":"https:\/\/aslimnica.lv\/en\/30th-arrival-of-injured-ukrainian-soldiers-at-the-east-hospital\/#primaryimage"},"thumbnailUrl":"https:\/\/aslimnica.lv\/wp-content\/uploads\/2025\/09\/Ukrainas-karaviru-uznemsana-Austrumu-slimnica-7-1024x735.jpg","datePublished":"2025-09-26T05:49:57+00:00","breadcrumb":{"@id":"https:\/\/aslimnica.lv\/en\/30th-arrival-of-injured-ukrainian-soldiers-at-the-east-hospital\/#breadcrumb"},"inLanguage":"en-US","potentialAction":[{"@type":"ReadAction","target":["https:\/\/aslimnica.lv\/en\/30th-arrival-of-injured-ukrainian-soldiers-at-the-east-hospital\/"]}]},{"@type":"ImageObject","inLanguage":"en-US","@id":"https:\/\/aslimnica.lv\/en\/30th-arrival-of-injured-ukrainian-soldiers-at-the-east-hospital\/#primaryimage","url":"https:\/\/aslimnica.lv\/wp-content\/uploads\/2025\/09\/Ukrainas-karaviru-uznemsana-Austrumu-slimnica-7-1024x735.jpg","contentUrl":"https:\/\/aslimnica.lv\/wp-content\/uploads\/2025\/09\/Ukrainas-karaviru-uznemsana-Austrumu-slimnica-7-1024x735.jpg"},{"@type":"BreadcrumbList","@id":"https:\/\/aslimnica.lv\/en\/30th-arrival-of-injured-ukrainian-soldiers-at-the-east-hospital\/#breadcrumb","itemListElement":[{"@type":"ListItem","position":1,"name":"Home","item":"https:\/\/aslimnica.lv\/en\/"},{"@type":"ListItem","position":2,"name":"30th arrival of injured Ukrainian soldiers at the East Hospital"}]},{"@type":"WebSite","@id":"https:\/\/aslimnica.lv\/en\/#website","url":"https:\/\/aslimnica.lv\/en\/","name":"aSlimn\u012bca","description":"R\u012bgas Austrumu k\u012bnisk\u0101 universit\u0101tes slimn\u012bca","potentialAction":[{"@type":"SearchAction","target":{"@type":"EntryPoint","urlTemplate":"https:\/\/aslimnica.lv\/en\/?s={search_term_string}"},"query-input":{"@type":"PropertyValueSpecification","valueRequired":true,"valueName":"search_term_string"}}],"inLanguage":"en-US"}]}},"_links":{"self":[{"href":"https:\/\/aslimnica.lv\/en\/wp-json\/wp\/v2\/pages\/77220","targetHints":{"allow":["GET"]}}],"collection":[{"href":"https:\/\/aslimnica.lv\/en\/wp-json\/wp\/v2\/pages"}],"about":[{"href":"https:\/\/aslimnica.lv\/en\/wp-json\/wp\/v2\/types\/page"}],"author":[{"embeddable":true,"href":"https:\/\/aslimnica.lv\/en\/wp-json\/wp\/v2\/users\/49"}],"replies":[{"embeddable":true,"href":"https:\/\/aslimnica.lv\/en\/wp-json\/wp\/v2\/comments?post=77220"}],"version-history":[{"count":1,"href":"https:\/\/aslimnica.lv\/en\/wp-json\/wp\/v2\/pages\/77220\/revisions"}],"predecessor-version":[{"id":77221,"href":"https:\/\/aslimnica.lv\/en\/wp-json\/wp\/v2\/pages\/77220\/revisions\/77221"}],"wp:attachment":[{"href":"https:\/\/aslimnica.lv\/en\/wp-json\/wp\/v2\/media?parent=77220"}],"curies":[{"name":"wp","href":"https:\/\/api.w.org\/{rel}","templated":true}]}}