{"id":76903,"date":"2025-09-17T10:17:26","date_gmt":"2025-09-17T07:17:26","guid":{"rendered":"https:\/\/aslimnica.lv\/?page_id=76903"},"modified":"2025-09-17T10:17:26","modified_gmt":"2025-09-17T07:17:26","slug":"riga-east-hospital-hosted-an-international-conference-and-masterclass-on-innovations-in-treatment-of-cardiovascular-diseases","status":"publish","type":"page","link":"https:\/\/aslimnica.lv\/en\/riga-east-hospital-hosted-an-international-conference-and-masterclass-on-innovations-in-treatment-of-cardiovascular-diseases\/","title":{"rendered":"Riga East Hospital hosted an international conference and masterclass on innovations in treatment of \u00a0cardiovascular diseases"},"content":{"rendered":"<p><strong>From 22 to 23\u00a0August 2025, Riga East Clinical University Hospital (East Hospital) hosted the fifth international and interdisciplinary conference in the Baltics, this year titled <em>Aorta to Neck\/Acute to Chronic<\/em>\u00a0 focusing on acute and chronic pathologies of the aortic arch and brachiocephalic arteries. The conference brings together a record number of Europe\u2019s leading specialists in interventional radiology and vascular surgery who shared their experience in the current treatment methods of vascular diseases. Several endovascular interventional radiology procedures will be demonstrated in the operating room of the Interventional Radiology Department at the East Hospital. Meanwhile, Ukrainian vascular surgeons will share their expertise on brachiocephalic artery forensic injuries and treatment approaches.<\/strong><\/p>\n<p><img loading=\"lazy\" decoding=\"async\" class=\"alignnone wp-image-76170 size-full\" src=\"https:\/\/aslimnica.lv\/wp-content\/uploads\/2025\/08\/rc-12.jpg\" alt=\"\" width=\"1800\" height=\"1219\" srcset=\"https:\/\/aslimnica.lv\/wp-content\/uploads\/2025\/08\/rc-12.jpg 1800w, https:\/\/aslimnica.lv\/wp-content\/uploads\/2025\/08\/rc-12-300x203.jpg 300w, https:\/\/aslimnica.lv\/wp-content\/uploads\/2025\/08\/rc-12-1024x693.jpg 1024w, https:\/\/aslimnica.lv\/wp-content\/uploads\/2025\/08\/rc-12-768x520.jpg 768w, https:\/\/aslimnica.lv\/wp-content\/uploads\/2025\/08\/rc-12-1536x1040.jpg 1536w, https:\/\/aslimnica.lv\/wp-content\/uploads\/2025\/08\/rc-12-1400x948.jpg 1400w, https:\/\/aslimnica.lv\/wp-content\/uploads\/2025\/08\/rc-12-458x310.jpg 458w, https:\/\/aslimnica.lv\/wp-content\/uploads\/2025\/08\/rc-12-310x210.jpg 310w, https:\/\/aslimnica.lv\/wp-content\/uploads\/2025\/08\/rc-12-700x474.jpg 700w\" sizes=\"auto, (max-width: 1800px) 100vw, 1800px\" \/><\/p>\n<p>Cardiovascular diseases remain the leading cause of mortality worldwide, claiming more than 17\u00a0million lives each year and accounting for about 45% of all deaths, and Latvia is no exception\u00a0\u2013 cardiovascular diseases of atherosclerotic origin are the primary cause of mortality, particularly among the elderly. Many cardiovascular diseases are associated with atherosclerosis\u00a0\u2013 a condition in which cholesterol deposits and plaques accumulate in the arterial walls narrowing the blood vessels and may lead to myocardial infarction, stroke, thrombosis of the leg arteries, or abdominal aorta. Although atherosclerotic changes progress slowly and often without early signs, the risk factors, such as increased cholesterol level, high blood pressure, smoking, diabetes, and physical inactivity, are well-known and, to some extent, controllable.<\/p>\n<p>The international conference <em>Aorta to Neck\/Acute to Chronic<\/em> at the East Hospital brought together Europe\u2019s leading vascular experts with lectures, presentations, and masterclasses on various topics. The focus ranged from open vascular surgery to endovascular interventional radiology therapies for patients with atherosclerotic changes of brachiocephalic artery and aortic arch as well as other conditions. Live broadcasting of endovascula procedures will take place in the Interventional Radiology Department operating room, conducted by East Hospital\u2019s interventional radiologists. The procedures and ensuing discussion will be moderated by <strong>Professor Martin Malina and Professor Armando Mansilha<\/strong>, guest of honours at the event and recognised internationally as a leading experts in vascular surgery and endovascular methods.<\/p>\n<p>The conference was initiated by East Hospital experts: Head of the Interventional Radiology Department at Gai\u013cezers inpatient facility, <strong>Sanita Ponomarjova<\/strong>, vascular surgeon <strong>Dr. med. Patr\u012bcija Ivanova <\/strong>and interventional radiologist and Head of the Radiology Centre, <strong>Aina Kratovska<\/strong>;<\/p>\n<p><strong>Aina Kratovska<\/strong>, Head of East Hospital\u2019s Radiology Centre, explains: \u201cWe are now hosting the conference for the fifth time, and every year, East Hospital manages to bring together a growing number of international experts, thereby enhancing the hospital\u2019s visibility on a European scale. The objective of bringing together leading vascular specialists to exchange experience and discuss the application of the newest therapeutic methods in vascular pathology will thus be achieved. The promotion of international and multidisciplinary cooperation among interventional radiologists and vascular surgeons of diverse fields offers patients more comprehensive treatment possibilities.\u201d<\/p>\n<p>At present, a range of vascular diseases caused by atherosclerosis can be managed by minimally invasive methods, i.e., intravascularly, by opening a critically narrowed or occluded segment of the vessel and inserting special materials that help keep the vessel open over time. For aortic aneurysms, special covered stents, also known as stent grafts, can be implanted within the vessel, effectively creating a new and secure channel for blood circulation. This excludes the aneurysmal dilation from the bloodstream, thereby reducing rupture risk and safeguarding the patient\u2019s life.<\/p>\n<p>This type of minimally invasive treatment methods are known as endovascular procedures which have seen remarkable progress over the past three decades. Endovascular surgery requires no major incisions\u00a0\u2013 only a small puncture in the vessel is needed to introduce the required devices. In vascular interventions, the key benefit lies not in the cosmetic result but in the fact that recovery is considerably faster after minimally invasive procedures. Therefore, such minimally invasive surgeries can be often performed in the day hospital setting. Following endovascular correction of a vascular pathology, patients are often discharged as early as the next day.<\/p>\n<p>The conference held by the East Hospital brings together Europe\u2019s leading specialists in the field, allowing them to meet on a regular basis and exchange the latest techniques and insights. According to <strong>Sanita Ponomarjova<\/strong>, Head of the Interventional Radiology Department at Gai\u013cezers facility: \u201cThe purpose of the conference is also to unite physicians who perform minimally invasive vascular procedures in their everyday work. We meet every two years to review newly introduced treatment methods and to exchange experience and knowledge.\u201d<\/p>\n<p>Guest lecturers <strong>Sergio Nappini<\/strong> (Italy), <strong>Vladimir Mikaloski<\/strong> (Switzerland), <strong>Martin Malina<\/strong> (United Kingdom), <strong>Svetlana Rud\u0146icka<\/strong> (Denmark), <strong>Armando Mansilha<\/strong> and <strong>Joana Fereira<\/strong> (Portugal), <strong>Krzysztof Bartosz Kadziolka<\/strong>, and <strong>Tomasz Ostrowski<\/strong> (Poland), <strong>Taras Kobza, Ihor Kobza, Yuliia Mota, Vasyl Peleck, Rostyslav Zhuk, Yuriy Orel, Andryi Koval, Andriy Piliukh<\/strong>, and <strong>Dmytro Beshley<\/strong> (Ukraine), <strong>Kipras Mikelis<\/strong>, <strong>Art\u016bras Mackevi\u010dius<\/strong>, <strong>Linas Velicka<\/strong>, and <strong>Tomas Baltrunas<\/strong> (Lithuania), as well as <strong>Pritt Poder<\/strong> (Estonia) will share insights and conclusions drawn from their surgical experience in performing minimally invasive, patient-friendly vascular surgeries. Representing Latvia in interventional radiology, interventional cardiology, and vascular surgery, along with East Hospital\u2019s leading specialists, will be <strong>Professor Andrejs \u0112rglis<\/strong> and <strong>Dr. med. M\u0101rti\u0146\u0161 Kapickis<\/strong>.<\/p>\n<p>\u201cWe are truly honoured to welcome to the international conference both leading interventional radiologists and authorities in vascular surgery, since cooperation between these specialties has become essential to patient-oriented healthcare.\u201d As usual, together we will gain new knowledge and professional skills, while building further international cooperation links to promote the training of young specialists,\u201d recognises <strong>Dr. med. Patr\u012bcija Ivanova<\/strong>.<\/p>\n<p>Live case demonstration of endovascular procedures will take place in the operating room of the Interventional Radiology Clinic, where procedures will be performed on patients with critical atherosclerotic narrowing of the carotid arteries\u00a0\u2013 a condition that poses a high risk of stroke if left untreated. The planned procedures\u00a0\u2013 percutaneous transluminal angioplasties\u00a0\u2013 will be performed using a minimally invasive endovascular approach, as open surgical interventions are either technically unfeasible or pose an increased risk of complications due to comorbidities in these patients.\u00a0 Carotid artery angioplasty has been a proven and effective method of treating critical stenoses for many years; however, during the demonstrations of procedures, advanced outcome-monitoring systems such as intravascular ultrasound will be used, along with the latest-generation stents designed to reduce the risk of perioperative complications.<\/p>\n<p>Minimally invasive treatment methods are relatively new and continue to evolve with the use of increasingly refined materials and innovative approaches. Nevertheless, while endovascular methods are now widely applied, open vascular surgery remains of great importance and, in many cases, is still the first-choice strategy. Therefore, it is vital that specialists maintain interdisciplinary communication, exchange experiences, and pool their knowledge to ensure the best possible solutions for patients and constantly enhance treatment options.<\/p>\n<p>For more details and the conference agenda, please visit:<\/p>\n<p><a href=\"https:\/\/aslimnica.lv\/mc\/agenda\/\">https:\/\/aslimnica.lv\/mc\/agenda\/<\/a><\/p>\n<hr \/>\n<p><strong><em>About the East Hospital\u00a0 <\/em><\/strong><\/p>\n<p>Riga East Clinical University Hospital is the largest and strategically significant multi-profile hospital in the country. The hospital consists of five inpatient facilities\u00a0\u2013 Gai\u013cezers, Latvian Oncology Centre, Bi\u0137ernieki, Tuberculosis and Lung Disease Centre, and Latvian Infectious Diseases Centre, along with various specialised centres and clinics. The hospital provides highly specialised inpatient and secondary outpatient healthcare, offering multidisciplinary tertiary-level treatment and care in line with modern technology and medical knowledge. Approximately 80% of all cancer patients in Latvia are treated at the hospital. It serves as a practical training base for both Latvian educational institutions and foreign students, providing further education and knowledge transfer to healthcare specialists within and beyond the country. The hospital engages in scientific research and develops innovative methods for patient treatment. As the third-largest employer in the country, the hospital employs around 5000\u00a0staff members.<\/p>\n<p>&nbsp;<\/p>\n","protected":false},"excerpt":{"rendered":"<p>From 22 to 23\u00a0August 2025, Riga East Clinical University Hospital (East Hospital) hosted the fifth international and interdisciplinary conference in the Baltics, this year titled Aorta to Neck\/Acute to Chronic\u00a0 focusing on acute and chronic pathologies of the aortic arch and brachiocephalic arteries. The conference brings together a record number of Europe\u2019s leading specialists in<\/p>\n","protected":false},"author":49,"featured_media":0,"parent":0,"menu_order":0,"comment_status":"closed","ping_status":"closed","template":"","meta":{"_acf_changed":false,"inline_featured_image":false,"footnotes":""},"class_list":["post-76903","page","type-page","status-publish","hentry"],"acf":[],"yoast_head":"<!-- This site is optimized with the Yoast SEO plugin v27.1.1 - https:\/\/yoast.com\/product\/yoast-seo-wordpress\/ -->\n<title>Riga East Hospital hosted an international conference and masterclass on innovations in treatment of \u00a0cardiovascular diseases - aSlimn\u012bca<\/title>\n<meta name=\"robots\" content=\"index, follow, max-snippet:-1, max-image-preview:large, max-video-preview:-1\" \/>\n<link rel=\"canonical\" href=\"https:\/\/aslimnica.lv\/en\/riga-east-hospital-hosted-an-international-conference-and-masterclass-on-innovations-in-treatment-of-cardiovascular-diseases\/\" \/>\n<meta property=\"og:locale\" content=\"en_US\" \/>\n<meta property=\"og:type\" content=\"article\" \/>\n<meta property=\"og:title\" content=\"Riga East Hospital hosted an international conference and masterclass on innovations in treatment of \u00a0cardiovascular diseases - aSlimn\u012bca\" \/>\n<meta property=\"og:description\" content=\"From 22 to 23\u00a0August 2025, Riga East Clinical University Hospital (East Hospital) hosted the fifth international and interdisciplinary conference in the Baltics, this year titled Aorta to Neck\/Acute to Chronic\u00a0 focusing on acute and chronic pathologies of the aortic arch and brachiocephalic arteries. The conference brings together a record number of Europe\u2019s leading specialists in\" \/>\n<meta property=\"og:url\" content=\"https:\/\/aslimnica.lv\/en\/riga-east-hospital-hosted-an-international-conference-and-masterclass-on-innovations-in-treatment-of-cardiovascular-diseases\/\" \/>\n<meta property=\"og:site_name\" content=\"aSlimn\u012bca\" \/>\n<meta property=\"og:image\" content=\"https:\/\/aslimnica.lv\/wp-content\/uploads\/2025\/08\/rc-12.jpg\" \/>\n\t<meta property=\"og:image:width\" content=\"1800\" \/>\n\t<meta property=\"og:image:height\" content=\"1219\" \/>\n\t<meta property=\"og:image:type\" content=\"image\/jpeg\" \/>\n<meta name=\"twitter:card\" content=\"summary_large_image\" \/>\n<meta name=\"twitter:label1\" content=\"Est. reading time\" \/>\n\t<meta name=\"twitter:data1\" content=\"8 minutes\" \/>\n<script type=\"application\/ld+json\" class=\"yoast-schema-graph\">{\"@context\":\"https:\/\/schema.org\",\"@graph\":[{\"@type\":\"WebPage\",\"@id\":\"https:\/\/aslimnica.lv\/en\/riga-east-hospital-hosted-an-international-conference-and-masterclass-on-innovations-in-treatment-of-cardiovascular-diseases\/\",\"url\":\"https:\/\/aslimnica.lv\/en\/riga-east-hospital-hosted-an-international-conference-and-masterclass-on-innovations-in-treatment-of-cardiovascular-diseases\/\",\"name\":\"Riga East Hospital hosted an international conference and masterclass on innovations in treatment of \u00a0cardiovascular diseases - aSlimn\u012bca\",\"isPartOf\":{\"@id\":\"https:\/\/aslimnica.lv\/en\/#website\"},\"primaryImageOfPage\":{\"@id\":\"https:\/\/aslimnica.lv\/en\/riga-east-hospital-hosted-an-international-conference-and-masterclass-on-innovations-in-treatment-of-cardiovascular-diseases\/#primaryimage\"},\"image\":{\"@id\":\"https:\/\/aslimnica.lv\/en\/riga-east-hospital-hosted-an-international-conference-and-masterclass-on-innovations-in-treatment-of-cardiovascular-diseases\/#primaryimage\"},\"thumbnailUrl\":\"https:\/\/aslimnica.lv\/wp-content\/uploads\/2025\/08\/rc-12.jpg\",\"datePublished\":\"2025-09-17T07:17:26+00:00\",\"breadcrumb\":{\"@id\":\"https:\/\/aslimnica.lv\/en\/riga-east-hospital-hosted-an-international-conference-and-masterclass-on-innovations-in-treatment-of-cardiovascular-diseases\/#breadcrumb\"},\"inLanguage\":\"en-US\",\"potentialAction\":[{\"@type\":\"ReadAction\",\"target\":[\"https:\/\/aslimnica.lv\/en\/riga-east-hospital-hosted-an-international-conference-and-masterclass-on-innovations-in-treatment-of-cardiovascular-diseases\/\"]}]},{\"@type\":\"ImageObject\",\"inLanguage\":\"en-US\",\"@id\":\"https:\/\/aslimnica.lv\/en\/riga-east-hospital-hosted-an-international-conference-and-masterclass-on-innovations-in-treatment-of-cardiovascular-diseases\/#primaryimage\",\"url\":\"https:\/\/aslimnica.lv\/wp-content\/uploads\/2025\/08\/rc-12.jpg\",\"contentUrl\":\"https:\/\/aslimnica.lv\/wp-content\/uploads\/2025\/08\/rc-12.jpg\"},{\"@type\":\"BreadcrumbList\",\"@id\":\"https:\/\/aslimnica.lv\/en\/riga-east-hospital-hosted-an-international-conference-and-masterclass-on-innovations-in-treatment-of-cardiovascular-diseases\/#breadcrumb\",\"itemListElement\":[{\"@type\":\"ListItem\",\"position\":1,\"name\":\"Home\",\"item\":\"https:\/\/aslimnica.lv\/en\/\"},{\"@type\":\"ListItem\",\"position\":2,\"name\":\"Riga East Hospital hosted an international conference and masterclass on innovations in treatment of \u00a0cardiovascular diseases\"}]},{\"@type\":\"WebSite\",\"@id\":\"https:\/\/aslimnica.lv\/en\/#website\",\"url\":\"https:\/\/aslimnica.lv\/en\/\",\"name\":\"aSlimn\u012bca\",\"description\":\"R\u012bgas Austrumu k\u012bnisk\u0101 universit\u0101tes slimn\u012bca\",\"potentialAction\":[{\"@type\":\"SearchAction\",\"target\":{\"@type\":\"EntryPoint\",\"urlTemplate\":\"https:\/\/aslimnica.lv\/en\/?s={search_term_string}\"},\"query-input\":{\"@type\":\"PropertyValueSpecification\",\"valueRequired\":true,\"valueName\":\"search_term_string\"}}],\"inLanguage\":\"en-US\"}]}<\/script>\n<!-- \/ Yoast SEO plugin. -->","yoast_head_json":{"title":"Riga East Hospital hosted an international conference and masterclass on innovations in treatment of \u00a0cardiovascular diseases - aSlimn\u012bca","robots":{"index":"index","follow":"follow","max-snippet":"max-snippet:-1","max-image-preview":"max-image-preview:large","max-video-preview":"max-video-preview:-1"},"canonical":"https:\/\/aslimnica.lv\/en\/riga-east-hospital-hosted-an-international-conference-and-masterclass-on-innovations-in-treatment-of-cardiovascular-diseases\/","og_locale":"en_US","og_type":"article","og_title":"Riga East Hospital hosted an international conference and masterclass on innovations in treatment of \u00a0cardiovascular diseases - aSlimn\u012bca","og_description":"From 22 to 23\u00a0August 2025, Riga East Clinical University Hospital (East Hospital) hosted the fifth international and interdisciplinary conference in the Baltics, this year titled Aorta to Neck\/Acute to Chronic\u00a0 focusing on acute and chronic pathologies of the aortic arch and brachiocephalic arteries. The conference brings together a record number of Europe\u2019s leading specialists in","og_url":"https:\/\/aslimnica.lv\/en\/riga-east-hospital-hosted-an-international-conference-and-masterclass-on-innovations-in-treatment-of-cardiovascular-diseases\/","og_site_name":"aSlimn\u012bca","og_image":[{"width":1800,"height":1219,"url":"https:\/\/aslimnica.lv\/wp-content\/uploads\/2025\/08\/rc-12.jpg","type":"image\/jpeg"}],"twitter_card":"summary_large_image","twitter_misc":{"Est. reading time":"8 minutes"},"schema":{"@context":"https:\/\/schema.org","@graph":[{"@type":"WebPage","@id":"https:\/\/aslimnica.lv\/en\/riga-east-hospital-hosted-an-international-conference-and-masterclass-on-innovations-in-treatment-of-cardiovascular-diseases\/","url":"https:\/\/aslimnica.lv\/en\/riga-east-hospital-hosted-an-international-conference-and-masterclass-on-innovations-in-treatment-of-cardiovascular-diseases\/","name":"Riga East Hospital hosted an international conference and masterclass on innovations in treatment of \u00a0cardiovascular diseases - aSlimn\u012bca","isPartOf":{"@id":"https:\/\/aslimnica.lv\/en\/#website"},"primaryImageOfPage":{"@id":"https:\/\/aslimnica.lv\/en\/riga-east-hospital-hosted-an-international-conference-and-masterclass-on-innovations-in-treatment-of-cardiovascular-diseases\/#primaryimage"},"image":{"@id":"https:\/\/aslimnica.lv\/en\/riga-east-hospital-hosted-an-international-conference-and-masterclass-on-innovations-in-treatment-of-cardiovascular-diseases\/#primaryimage"},"thumbnailUrl":"https:\/\/aslimnica.lv\/wp-content\/uploads\/2025\/08\/rc-12.jpg","datePublished":"2025-09-17T07:17:26+00:00","breadcrumb":{"@id":"https:\/\/aslimnica.lv\/en\/riga-east-hospital-hosted-an-international-conference-and-masterclass-on-innovations-in-treatment-of-cardiovascular-diseases\/#breadcrumb"},"inLanguage":"en-US","potentialAction":[{"@type":"ReadAction","target":["https:\/\/aslimnica.lv\/en\/riga-east-hospital-hosted-an-international-conference-and-masterclass-on-innovations-in-treatment-of-cardiovascular-diseases\/"]}]},{"@type":"ImageObject","inLanguage":"en-US","@id":"https:\/\/aslimnica.lv\/en\/riga-east-hospital-hosted-an-international-conference-and-masterclass-on-innovations-in-treatment-of-cardiovascular-diseases\/#primaryimage","url":"https:\/\/aslimnica.lv\/wp-content\/uploads\/2025\/08\/rc-12.jpg","contentUrl":"https:\/\/aslimnica.lv\/wp-content\/uploads\/2025\/08\/rc-12.jpg"},{"@type":"BreadcrumbList","@id":"https:\/\/aslimnica.lv\/en\/riga-east-hospital-hosted-an-international-conference-and-masterclass-on-innovations-in-treatment-of-cardiovascular-diseases\/#breadcrumb","itemListElement":[{"@type":"ListItem","position":1,"name":"Home","item":"https:\/\/aslimnica.lv\/en\/"},{"@type":"ListItem","position":2,"name":"Riga East Hospital hosted an international conference and masterclass on innovations in treatment of \u00a0cardiovascular diseases"}]},{"@type":"WebSite","@id":"https:\/\/aslimnica.lv\/en\/#website","url":"https:\/\/aslimnica.lv\/en\/","name":"aSlimn\u012bca","description":"R\u012bgas Austrumu k\u012bnisk\u0101 universit\u0101tes slimn\u012bca","potentialAction":[{"@type":"SearchAction","target":{"@type":"EntryPoint","urlTemplate":"https:\/\/aslimnica.lv\/en\/?s={search_term_string}"},"query-input":{"@type":"PropertyValueSpecification","valueRequired":true,"valueName":"search_term_string"}}],"inLanguage":"en-US"}]}},"_links":{"self":[{"href":"https:\/\/aslimnica.lv\/en\/wp-json\/wp\/v2\/pages\/76903","targetHints":{"allow":["GET"]}}],"collection":[{"href":"https:\/\/aslimnica.lv\/en\/wp-json\/wp\/v2\/pages"}],"about":[{"href":"https:\/\/aslimnica.lv\/en\/wp-json\/wp\/v2\/types\/page"}],"author":[{"embeddable":true,"href":"https:\/\/aslimnica.lv\/en\/wp-json\/wp\/v2\/users\/49"}],"replies":[{"embeddable":true,"href":"https:\/\/aslimnica.lv\/en\/wp-json\/wp\/v2\/comments?post=76903"}],"version-history":[{"count":1,"href":"https:\/\/aslimnica.lv\/en\/wp-json\/wp\/v2\/pages\/76903\/revisions"}],"predecessor-version":[{"id":76904,"href":"https:\/\/aslimnica.lv\/en\/wp-json\/wp\/v2\/pages\/76903\/revisions\/76904"}],"wp:attachment":[{"href":"https:\/\/aslimnica.lv\/en\/wp-json\/wp\/v2\/media?parent=76903"}],"curies":[{"name":"wp","href":"https:\/\/api.w.org\/{rel}","templated":true}]}}