{"id":75668,"date":"2025-07-30T08:50:57","date_gmt":"2025-07-30T05:50:57","guid":{"rendered":"https:\/\/aslimnica.lv\/?page_id=75668"},"modified":"2025-07-30T08:51:10","modified_gmt":"2025-07-30T05:51:10","slug":"east-hospitals-research-findings-and-successful-glaucoma-treatment-approach-highlighted-at-the-world-glaucoma-congress","status":"publish","type":"page","link":"https:\/\/aslimnica.lv\/en\/east-hospitals-research-findings-and-successful-glaucoma-treatment-approach-highlighted-at-the-world-glaucoma-congress\/","title":{"rendered":"East Hospital\u2019s research findings and successful glaucoma treatment approach highlighted at the World Glaucoma Congress"},"content":{"rendered":"<p><strong>At the World Glaucoma Congress in the United States of America (USA), research findings on the treatment of glaucoma patients at the East Hospital were presented with distinction, earning recognition from foreign colleagues. Already 34\u00a0patients have been treated successfully at the East Hospital so far, using an innovative and minimally invasive method\u00a0\u2013 micropulse cyclophotocoagulation.<\/strong><\/p>\n<p><img loading=\"lazy\" decoding=\"async\" class=\"alignnone wp-image-75574\" src=\"https:\/\/aslimnica.lv\/wp-content\/uploads\/2025\/07\/Eliza-Briede-scaled.jpg\" sizes=\"auto, (max-width: 400px) 100vw, 400px\" srcset=\"https:\/\/aslimnica.lv\/wp-content\/uploads\/2025\/07\/Eliza-Briede-scaled.jpg 1707w, https:\/\/aslimnica.lv\/wp-content\/uploads\/2025\/07\/Eliza-Briede-200x300.jpg 200w, https:\/\/aslimnica.lv\/wp-content\/uploads\/2025\/07\/Eliza-Briede-683x1024.jpg 683w, https:\/\/aslimnica.lv\/wp-content\/uploads\/2025\/07\/Eliza-Briede-768x1152.jpg 768w, https:\/\/aslimnica.lv\/wp-content\/uploads\/2025\/07\/Eliza-Briede-1024x1536.jpg 1024w, https:\/\/aslimnica.lv\/wp-content\/uploads\/2025\/07\/Eliza-Briede-1365x2048.jpg 1365w, https:\/\/aslimnica.lv\/wp-content\/uploads\/2025\/07\/Eliza-Briede-1400x2100.jpg 1400w, https:\/\/aslimnica.lv\/wp-content\/uploads\/2025\/07\/Eliza-Briede-207x310.jpg 207w, https:\/\/aslimnica.lv\/wp-content\/uploads\/2025\/07\/Eliza-Briede-260x390.jpg 260w, https:\/\/aslimnica.lv\/wp-content\/uploads\/2025\/07\/Eliza-Briede-700x1050.jpg 700w\" alt=\"\" width=\"255\" height=\"382\" \/><\/p>\n<p>At the World Glaucoma Congress\u00a02025, the East Hospital was represented by <strong>El\u012bza Briede<\/strong>, an ophthalmologist at the Ophthalmology Clinic. She presented the findings of research conducted at the East Hospital\u2019s Ophthalmology Clinic and shared the treatment experience and outcomes related to the use and impact of the micropulse cyclophotocoagulation method on the eye\u2019s microvascular tissues, specifically, the efficacy of micropulse cyclophotocoagulation in silicone oil-induced secondary glaucoma.<\/p>\n<p>Micropulse cyclophotocoagulation is a laser-based treatment that applies pulsed energy to the ciliary body\u00a0\u2013 the structure responsible for producing intraocular fluid\u00a0\u2013 without damaging it, to gently reduce fluid production, thereby preventing an increase in intraocular pressure.<\/p>\n<p>The treatment outcomes were presented to foreign colleagues, highlighting the effective use of this non-invasive procedure\u00a0\u2013 micropulse cyclophotocoagulation\u00a0\u2013 in patients with secondary glaucoma following a vitrectomy. Ophthalmologist <strong>El\u012bza Briede<\/strong> shared data and findings, noting that a total of 34\u00a0patients have already been treated using this innovative method at the East Hospital\u2019s Ophthalmology Clinic. It has resulted in an average intraocular pressure reduction of 33%.<\/p>\n<p>However, in Latvia, micropulse cyclophotocoagulation is currently performed only at the East Hospital\u2019s Ophthalmology Clinic. Laser-based surgical treatment allows to effectively reduce intraocular pressure in patients with early-stage glaucoma and can also be successfully used to maintain compensated intraocular pressure for as long as possible, thereby postponing the need for invasive surgery.<\/p>\n<p>In cases of secondary glaucoma, micropulse cyclophotocoagulation offers a non-invasive option for reducing intraocular pressure, which is often difficult to manage using traditional trabeculectomy (a surgical method for treating glaucoma that facilitates intraocular fluid drainage) due to the presence of silicone oil in the eye.<\/p>\n<p><img loading=\"lazy\" decoding=\"async\" class=\"alignnone wp-image-75571\" src=\"https:\/\/aslimnica.lv\/wp-content\/uploads\/2025\/07\/asoc.prof_K.Baumane.jpg\" sizes=\"auto, (max-width: 400px) 100vw, 400px\" srcset=\"https:\/\/aslimnica.lv\/wp-content\/uploads\/2025\/07\/asoc.prof_K.Baumane.jpg 1067w, https:\/\/aslimnica.lv\/wp-content\/uploads\/2025\/07\/asoc.prof_K.Baumane-200x300.jpg 200w, https:\/\/aslimnica.lv\/wp-content\/uploads\/2025\/07\/asoc.prof_K.Baumane-683x1024.jpg 683w, https:\/\/aslimnica.lv\/wp-content\/uploads\/2025\/07\/asoc.prof_K.Baumane-768x1152.jpg 768w, https:\/\/aslimnica.lv\/wp-content\/uploads\/2025\/07\/asoc.prof_K.Baumane-1024x1536.jpg 1024w, https:\/\/aslimnica.lv\/wp-content\/uploads\/2025\/07\/asoc.prof_K.Baumane-207x310.jpg 207w, https:\/\/aslimnica.lv\/wp-content\/uploads\/2025\/07\/asoc.prof_K.Baumane-260x390.jpg 260w, https:\/\/aslimnica.lv\/wp-content\/uploads\/2025\/07\/asoc.prof_K.Baumane-700x1050.jpg 700w\" alt=\"\" width=\"304\" height=\"456\" \/><\/p>\n<p>\u201cVitrectomy with silicone oil injection is used in cases of retinal detachment to hold the retina in place. Over time, silicone oil in the eye may emulsify, i.e., become cloudy, and lead to elevated intraocular pressure, which is the underlying cause of secondary glaucoma. In such cases, the silicone oil is either removed or replaced, provided it has remained in the eye for at least six months. Nevertheless, elevated eye pressure often persists even after these surgeries. However, in clinical practice, statistically significant evidence has confirmed that the micropulse cyclophotocoagulation method is highly effective in reducing intraocular pressure in eyes,\u201d explains <strong>Associate Professor Krist\u012bne Baumane<\/strong>, Head of the East Hospital\u2019s Ophthalmology Clinic.<\/p>\n<p>The treatment experience gained by <strong>El\u012bza Briede<\/strong>, the ophthalmologist at the East Hospital\u2019s Ophthalmology Clinic, including the findings of her research which she shared at the World Glaucoma Congress when presenting the use of micropulse cyclophotocoagulation in treating patients in Latvia, sparked significant interest among international colleagues. And rightly so, given that the topic is currently highly relevant, and this approach offers patients minimally invasive and effective treatment options.<\/p>\n<p>The East Hospital\u2019s Ophthalmology Clinic operates at the Bi\u0137ernieki inpatient facility, specialising in the diagnosis and treatment of ophthalmological diseases and providing emergency ophthalmologic care 24\/7, both in the outpatient eye trauma unit and in the inpatient facility. The clinic has undergone rapid development, introducing new diagnostic and treatment methods in practice, performing cataract, glaucoma, and retinal surgeries using the latest technologies, as well as diagnosing and treating intraocular tumours and conducting other ophthalmologic surgeries and procedures. The European Society of Ophthalmology has awarded the clinic a certificate confirming its compliance with the highest European standards. The clinic also conducts clinical research in eye diseases, contributing to the improvement of patient care.<\/p>\n<hr \/>\n<p><strong><em>About the East Hospital\u00a0 <\/em><\/strong><\/p>\n<p>Riga East Clinical University Hospital is the largest and strategically significant multi-profile hospital in the country. The hospital consists of five inpatient facilities\u00a0\u2013 Gai\u013cezers, Latvian Oncology Centre, Bi\u0137ernieki, Tuberculosis and Lung Disease Centre, and Latvian Infectious Diseases Centre, along with various specialised centres and clinics. The hospital provides highly specialised inpatient and secondary outpatient healthcare, offering multidisciplinary tertiary-level treatment and care in line with modern technology and medical knowledge. Approximately 80% of all cancer patients in Latvia are treated at the hospital. It serves as a practical training base for both Latvian educational institutions and foreign students, providing further education and knowledge transfer to healthcare specialists within and beyond the country. The hospital engages in scientific research and develops innovative methods for patient treatment. As the third-largest employer in the country, the hospital employs around 5000\u00a0staff members.<\/p>\n","protected":false},"excerpt":{"rendered":"<p>At the World Glaucoma Congress in the United States of America (USA), research findings on the treatment of glaucoma patients at the East Hospital were presented with distinction, earning recognition from foreign colleagues. Already 34\u00a0patients have been treated successfully at the East Hospital so far, using an innovative and minimally invasive method\u00a0\u2013 micropulse cyclophotocoagulation. At<\/p>\n","protected":false},"author":49,"featured_media":0,"parent":0,"menu_order":0,"comment_status":"closed","ping_status":"closed","template":"","meta":{"_acf_changed":false,"inline_featured_image":false,"footnotes":""},"class_list":["post-75668","page","type-page","status-publish","hentry"],"acf":[],"yoast_head":"<!-- This site is optimized with the Yoast SEO plugin v27.1.1 - https:\/\/yoast.com\/product\/yoast-seo-wordpress\/ -->\n<title>East Hospital\u2019s research findings and successful glaucoma treatment approach highlighted at the World Glaucoma Congress - aSlimn\u012bca<\/title>\n<meta name=\"robots\" content=\"index, follow, max-snippet:-1, max-image-preview:large, max-video-preview:-1\" \/>\n<link rel=\"canonical\" href=\"https:\/\/aslimnica.lv\/en\/east-hospitals-research-findings-and-successful-glaucoma-treatment-approach-highlighted-at-the-world-glaucoma-congress\/\" \/>\n<meta property=\"og:locale\" content=\"en_US\" \/>\n<meta property=\"og:type\" content=\"article\" \/>\n<meta property=\"og:title\" content=\"East Hospital\u2019s research findings and successful glaucoma treatment approach highlighted at the World Glaucoma Congress - aSlimn\u012bca\" \/>\n<meta property=\"og:description\" content=\"At the World Glaucoma Congress in the United States of America (USA), research findings on the treatment of glaucoma patients at the East Hospital were presented with distinction, earning recognition from foreign colleagues. Already 34\u00a0patients have been treated successfully at the East Hospital so far, using an innovative and minimally invasive method\u00a0\u2013 micropulse cyclophotocoagulation. At\" \/>\n<meta property=\"og:url\" content=\"https:\/\/aslimnica.lv\/en\/east-hospitals-research-findings-and-successful-glaucoma-treatment-approach-highlighted-at-the-world-glaucoma-congress\/\" \/>\n<meta property=\"og:site_name\" content=\"aSlimn\u012bca\" \/>\n<meta property=\"article:modified_time\" content=\"2025-07-30T05:51:10+00:00\" \/>\n<meta property=\"og:image\" content=\"https:\/\/aslimnica.lv\/wp-content\/uploads\/2025\/07\/Eliza-Briede-scaled.jpg\" \/>\n\t<meta property=\"og:image:width\" content=\"1707\" \/>\n\t<meta property=\"og:image:height\" content=\"2560\" \/>\n\t<meta property=\"og:image:type\" content=\"image\/jpeg\" \/>\n<meta name=\"twitter:card\" content=\"summary_large_image\" \/>\n<meta name=\"twitter:label1\" content=\"Est. reading time\" \/>\n\t<meta name=\"twitter:data1\" content=\"5 minutes\" \/>\n<script type=\"application\/ld+json\" class=\"yoast-schema-graph\">{\"@context\":\"https:\/\/schema.org\",\"@graph\":[{\"@type\":\"WebPage\",\"@id\":\"https:\/\/aslimnica.lv\/en\/east-hospitals-research-findings-and-successful-glaucoma-treatment-approach-highlighted-at-the-world-glaucoma-congress\/\",\"url\":\"https:\/\/aslimnica.lv\/en\/east-hospitals-research-findings-and-successful-glaucoma-treatment-approach-highlighted-at-the-world-glaucoma-congress\/\",\"name\":\"East Hospital\u2019s research findings and successful glaucoma treatment approach highlighted at the World Glaucoma Congress - aSlimn\u012bca\",\"isPartOf\":{\"@id\":\"https:\/\/aslimnica.lv\/en\/#website\"},\"primaryImageOfPage\":{\"@id\":\"https:\/\/aslimnica.lv\/en\/east-hospitals-research-findings-and-successful-glaucoma-treatment-approach-highlighted-at-the-world-glaucoma-congress\/#primaryimage\"},\"image\":{\"@id\":\"https:\/\/aslimnica.lv\/en\/east-hospitals-research-findings-and-successful-glaucoma-treatment-approach-highlighted-at-the-world-glaucoma-congress\/#primaryimage\"},\"thumbnailUrl\":\"https:\/\/aslimnica.lv\/wp-content\/uploads\/2025\/07\/Eliza-Briede-scaled.jpg\",\"datePublished\":\"2025-07-30T05:50:57+00:00\",\"dateModified\":\"2025-07-30T05:51:10+00:00\",\"breadcrumb\":{\"@id\":\"https:\/\/aslimnica.lv\/en\/east-hospitals-research-findings-and-successful-glaucoma-treatment-approach-highlighted-at-the-world-glaucoma-congress\/#breadcrumb\"},\"inLanguage\":\"en-US\",\"potentialAction\":[{\"@type\":\"ReadAction\",\"target\":[\"https:\/\/aslimnica.lv\/en\/east-hospitals-research-findings-and-successful-glaucoma-treatment-approach-highlighted-at-the-world-glaucoma-congress\/\"]}]},{\"@type\":\"ImageObject\",\"inLanguage\":\"en-US\",\"@id\":\"https:\/\/aslimnica.lv\/en\/east-hospitals-research-findings-and-successful-glaucoma-treatment-approach-highlighted-at-the-world-glaucoma-congress\/#primaryimage\",\"url\":\"https:\/\/aslimnica.lv\/wp-content\/uploads\/2025\/07\/Eliza-Briede-scaled.jpg\",\"contentUrl\":\"https:\/\/aslimnica.lv\/wp-content\/uploads\/2025\/07\/Eliza-Briede-scaled.jpg\"},{\"@type\":\"BreadcrumbList\",\"@id\":\"https:\/\/aslimnica.lv\/en\/east-hospitals-research-findings-and-successful-glaucoma-treatment-approach-highlighted-at-the-world-glaucoma-congress\/#breadcrumb\",\"itemListElement\":[{\"@type\":\"ListItem\",\"position\":1,\"name\":\"Home\",\"item\":\"https:\/\/aslimnica.lv\/en\/\"},{\"@type\":\"ListItem\",\"position\":2,\"name\":\"East Hospital\u2019s research findings and successful glaucoma treatment approach highlighted at the World Glaucoma Congress\"}]},{\"@type\":\"WebSite\",\"@id\":\"https:\/\/aslimnica.lv\/en\/#website\",\"url\":\"https:\/\/aslimnica.lv\/en\/\",\"name\":\"aSlimn\u012bca\",\"description\":\"R\u012bgas Austrumu k\u012bnisk\u0101 universit\u0101tes slimn\u012bca\",\"potentialAction\":[{\"@type\":\"SearchAction\",\"target\":{\"@type\":\"EntryPoint\",\"urlTemplate\":\"https:\/\/aslimnica.lv\/en\/?s={search_term_string}\"},\"query-input\":{\"@type\":\"PropertyValueSpecification\",\"valueRequired\":true,\"valueName\":\"search_term_string\"}}],\"inLanguage\":\"en-US\"}]}<\/script>\n<!-- \/ Yoast SEO plugin. -->","yoast_head_json":{"title":"East Hospital\u2019s research findings and successful glaucoma treatment approach highlighted at the World Glaucoma Congress - aSlimn\u012bca","robots":{"index":"index","follow":"follow","max-snippet":"max-snippet:-1","max-image-preview":"max-image-preview:large","max-video-preview":"max-video-preview:-1"},"canonical":"https:\/\/aslimnica.lv\/en\/east-hospitals-research-findings-and-successful-glaucoma-treatment-approach-highlighted-at-the-world-glaucoma-congress\/","og_locale":"en_US","og_type":"article","og_title":"East Hospital\u2019s research findings and successful glaucoma treatment approach highlighted at the World Glaucoma Congress - aSlimn\u012bca","og_description":"At the World Glaucoma Congress in the United States of America (USA), research findings on the treatment of glaucoma patients at the East Hospital were presented with distinction, earning recognition from foreign colleagues. Already 34\u00a0patients have been treated successfully at the East Hospital so far, using an innovative and minimally invasive method\u00a0\u2013 micropulse cyclophotocoagulation. At","og_url":"https:\/\/aslimnica.lv\/en\/east-hospitals-research-findings-and-successful-glaucoma-treatment-approach-highlighted-at-the-world-glaucoma-congress\/","og_site_name":"aSlimn\u012bca","article_modified_time":"2025-07-30T05:51:10+00:00","og_image":[{"width":1707,"height":2560,"url":"https:\/\/aslimnica.lv\/wp-content\/uploads\/2025\/07\/Eliza-Briede-scaled.jpg","type":"image\/jpeg"}],"twitter_card":"summary_large_image","twitter_misc":{"Est. reading time":"5 minutes"},"schema":{"@context":"https:\/\/schema.org","@graph":[{"@type":"WebPage","@id":"https:\/\/aslimnica.lv\/en\/east-hospitals-research-findings-and-successful-glaucoma-treatment-approach-highlighted-at-the-world-glaucoma-congress\/","url":"https:\/\/aslimnica.lv\/en\/east-hospitals-research-findings-and-successful-glaucoma-treatment-approach-highlighted-at-the-world-glaucoma-congress\/","name":"East Hospital\u2019s research findings and successful glaucoma treatment approach highlighted at the World Glaucoma Congress - aSlimn\u012bca","isPartOf":{"@id":"https:\/\/aslimnica.lv\/en\/#website"},"primaryImageOfPage":{"@id":"https:\/\/aslimnica.lv\/en\/east-hospitals-research-findings-and-successful-glaucoma-treatment-approach-highlighted-at-the-world-glaucoma-congress\/#primaryimage"},"image":{"@id":"https:\/\/aslimnica.lv\/en\/east-hospitals-research-findings-and-successful-glaucoma-treatment-approach-highlighted-at-the-world-glaucoma-congress\/#primaryimage"},"thumbnailUrl":"https:\/\/aslimnica.lv\/wp-content\/uploads\/2025\/07\/Eliza-Briede-scaled.jpg","datePublished":"2025-07-30T05:50:57+00:00","dateModified":"2025-07-30T05:51:10+00:00","breadcrumb":{"@id":"https:\/\/aslimnica.lv\/en\/east-hospitals-research-findings-and-successful-glaucoma-treatment-approach-highlighted-at-the-world-glaucoma-congress\/#breadcrumb"},"inLanguage":"en-US","potentialAction":[{"@type":"ReadAction","target":["https:\/\/aslimnica.lv\/en\/east-hospitals-research-findings-and-successful-glaucoma-treatment-approach-highlighted-at-the-world-glaucoma-congress\/"]}]},{"@type":"ImageObject","inLanguage":"en-US","@id":"https:\/\/aslimnica.lv\/en\/east-hospitals-research-findings-and-successful-glaucoma-treatment-approach-highlighted-at-the-world-glaucoma-congress\/#primaryimage","url":"https:\/\/aslimnica.lv\/wp-content\/uploads\/2025\/07\/Eliza-Briede-scaled.jpg","contentUrl":"https:\/\/aslimnica.lv\/wp-content\/uploads\/2025\/07\/Eliza-Briede-scaled.jpg"},{"@type":"BreadcrumbList","@id":"https:\/\/aslimnica.lv\/en\/east-hospitals-research-findings-and-successful-glaucoma-treatment-approach-highlighted-at-the-world-glaucoma-congress\/#breadcrumb","itemListElement":[{"@type":"ListItem","position":1,"name":"Home","item":"https:\/\/aslimnica.lv\/en\/"},{"@type":"ListItem","position":2,"name":"East Hospital\u2019s research findings and successful glaucoma treatment approach highlighted at the World Glaucoma Congress"}]},{"@type":"WebSite","@id":"https:\/\/aslimnica.lv\/en\/#website","url":"https:\/\/aslimnica.lv\/en\/","name":"aSlimn\u012bca","description":"R\u012bgas Austrumu k\u012bnisk\u0101 universit\u0101tes slimn\u012bca","potentialAction":[{"@type":"SearchAction","target":{"@type":"EntryPoint","urlTemplate":"https:\/\/aslimnica.lv\/en\/?s={search_term_string}"},"query-input":{"@type":"PropertyValueSpecification","valueRequired":true,"valueName":"search_term_string"}}],"inLanguage":"en-US"}]}},"_links":{"self":[{"href":"https:\/\/aslimnica.lv\/en\/wp-json\/wp\/v2\/pages\/75668","targetHints":{"allow":["GET"]}}],"collection":[{"href":"https:\/\/aslimnica.lv\/en\/wp-json\/wp\/v2\/pages"}],"about":[{"href":"https:\/\/aslimnica.lv\/en\/wp-json\/wp\/v2\/types\/page"}],"author":[{"embeddable":true,"href":"https:\/\/aslimnica.lv\/en\/wp-json\/wp\/v2\/users\/49"}],"replies":[{"embeddable":true,"href":"https:\/\/aslimnica.lv\/en\/wp-json\/wp\/v2\/comments?post=75668"}],"version-history":[{"count":2,"href":"https:\/\/aslimnica.lv\/en\/wp-json\/wp\/v2\/pages\/75668\/revisions"}],"predecessor-version":[{"id":75670,"href":"https:\/\/aslimnica.lv\/en\/wp-json\/wp\/v2\/pages\/75668\/revisions\/75670"}],"wp:attachment":[{"href":"https:\/\/aslimnica.lv\/en\/wp-json\/wp\/v2\/media?parent=75668"}],"curies":[{"name":"wp","href":"https:\/\/api.w.org\/{rel}","templated":true}]}}