{"id":72968,"date":"2025-06-10T11:53:21","date_gmt":"2025-06-10T08:53:21","guid":{"rendered":"https:\/\/aslimnica.lv\/?page_id=72968"},"modified":"2025-06-10T11:53:21","modified_gmt":"2025-06-10T08:53:21","slug":"late-in-the-evening-more-than-30-wounded-ukrainian-soldiers-arrive-at-the-east-hospital-which-makes-a-total-of-537-severely-injured-individuals-from-ukraine-admitted-so-far","status":"publish","type":"page","link":"https:\/\/aslimnica.lv\/en\/late-in-the-evening-more-than-30-wounded-ukrainian-soldiers-arrive-at-the-east-hospital-which-makes-a-total-of-537-severely-injured-individuals-from-ukraine-admitted-so-far\/","title":{"rendered":"Late in the evening, more than 30 wounded Ukrainian soldiers arrive at the East Hospital, which makes a total of 537 severely injured individuals from Ukraine admitted so far"},"content":{"rendered":"<p><strong>Yesterday, on 22\u00a0May\u00a02025, the Riga East Clinical University Hospital (East Hospital) once again joined forces with the charity project M-Help.com\u00a0\u2013 this day marked the 26<sup>th<\/sup>\u00a0arrival of severely injured Ukrainian soldiers in the war started by Russia. 33\u00a0war victims have made the long journey to Latvia\u2019s largest hospital this time.<\/strong> <strong>Overall, the East Hospital has already admitted 537\u00a0patients brought from Ukraine since the outbreak of the war.<\/strong><\/p>\n<p><img loading=\"lazy\" decoding=\"async\" class=\"alignnone wp-image-72279 \" src=\"https:\/\/aslimnica.lv\/wp-content\/uploads\/2025\/05\/Austrumu-slimnica-ierodas-ievainotie-ukrainu-karaviri-4.jpg\" sizes=\"auto, (max-width: 515px) 100vw, 515px\" srcset=\"https:\/\/aslimnica.lv\/wp-content\/uploads\/2025\/05\/Austrumu-slimnica-ierodas-ievainotie-ukrainu-karaviri-4.jpg 1200w, https:\/\/aslimnica.lv\/wp-content\/uploads\/2025\/05\/Austrumu-slimnica-ierodas-ievainotie-ukrainu-karaviri-4-225x300.jpg 225w, https:\/\/aslimnica.lv\/wp-content\/uploads\/2025\/05\/Austrumu-slimnica-ierodas-ievainotie-ukrainu-karaviri-4-768x1024.jpg 768w, https:\/\/aslimnica.lv\/wp-content\/uploads\/2025\/05\/Austrumu-slimnica-ierodas-ievainotie-ukrainu-karaviri-4-1152x1536.jpg 1152w, https:\/\/aslimnica.lv\/wp-content\/uploads\/2025\/05\/Austrumu-slimnica-ierodas-ievainotie-ukrainu-karaviri-4-233x310.jpg 233w, https:\/\/aslimnica.lv\/wp-content\/uploads\/2025\/05\/Austrumu-slimnica-ierodas-ievainotie-ukrainu-karaviri-4-293x390.jpg 293w, https:\/\/aslimnica.lv\/wp-content\/uploads\/2025\/05\/Austrumu-slimnica-ierodas-ievainotie-ukrainu-karaviri-4-700x933.jpg 700w\" alt=\"\" width=\"515\" height=\"686\" \/><\/p>\n<p>The bus carrying Ukrainian soldiers was received by the Ukraine\u2019s authorized ambassador to the Republic of Latvia, <strong>Anatolii Kutsevol<\/strong>, along with other hospital and embassy representatives.<\/p>\n<p>Even late in the evening, patients were admitted to the East Hospital by a multi-disciplinary medical team comprised by various specialists and nursing staff from the Emergency Medicine and Patient Admission Clinic (EMPAC).<\/p>\n<p>Treating war-injured patients at the East Hospital is a collective effort, involving physicians from many different specialties, such as traumatologists, surgeons, microsurgeons, infectious disease specialists, physical and rehabilitation medicine physicians, physiotherapists, occupational therapists, radiologists, and laboratory specialists. Since Russia\u2019s war against Ukraine, which in reality began in 2014, microsurgeons have also been actively involved in treating war-related injuries. As part of a multidisciplinary team, they have already performed more than 150\u00a0reconstructive surgeries on Ukrainian soldiers at the East Hospital.<\/p>\n<p><img loading=\"lazy\" decoding=\"async\" class=\"alignnone wp-image-72273 size-full\" src=\"https:\/\/aslimnica.lv\/wp-content\/uploads\/2025\/05\/Austrumu-slimnica-ierodas-ievainotie-ukrainu-karaviri-2.jpg\" sizes=\"auto, (max-width: 1445px) 100vw, 1445px\" srcset=\"https:\/\/aslimnica.lv\/wp-content\/uploads\/2025\/05\/Austrumu-slimnica-ierodas-ievainotie-ukrainu-karaviri-2.jpg 1445w, https:\/\/aslimnica.lv\/wp-content\/uploads\/2025\/05\/Austrumu-slimnica-ierodas-ievainotie-ukrainu-karaviri-2-300x190.jpg 300w, https:\/\/aslimnica.lv\/wp-content\/uploads\/2025\/05\/Austrumu-slimnica-ierodas-ievainotie-ukrainu-karaviri-2-1024x649.jpg 1024w, https:\/\/aslimnica.lv\/wp-content\/uploads\/2025\/05\/Austrumu-slimnica-ierodas-ievainotie-ukrainu-karaviri-2-768x487.jpg 768w, https:\/\/aslimnica.lv\/wp-content\/uploads\/2025\/05\/Austrumu-slimnica-ierodas-ievainotie-ukrainu-karaviri-2-1400x887.jpg 1400w, https:\/\/aslimnica.lv\/wp-content\/uploads\/2025\/05\/Austrumu-slimnica-ierodas-ievainotie-ukrainu-karaviri-2-489x310.jpg 489w, https:\/\/aslimnica.lv\/wp-content\/uploads\/2025\/05\/Austrumu-slimnica-ierodas-ievainotie-ukrainu-karaviri-2-310x197.jpg 310w, https:\/\/aslimnica.lv\/wp-content\/uploads\/2025\/05\/Austrumu-slimnica-ierodas-ievainotie-ukrainu-karaviri-2-700x444.jpg 700w\" alt=\"\" width=\"1445\" height=\"916\" \/><\/p>\n<p>All patients arriving from Ukraine underwent a thorough health evaluation at the EMPAC, including various laboratory tests and the examination for the possible presence of multidrug-resistant infections, as they can rapidly emerge and spread in wartime conditions. Several injured patients underwent additional radiological examinations by specialists in the Emergency Radiology Department to determine the specifics of their injuries.<\/p>\n<p>A soldier who sustained extremely severe war injuries will continue treatment at the Trauma and Orthopaedics Clinic under the care of surgeons Andris Vikmanis and Kristi\u0101na Alpe.<\/p>\n<p>Meanwhile, other patients will be transferred to other healthcare facilities in Latvia, depending on the nature of their injuries, after being examined at the EMPAC: the Vaivari National Rehabilitation Centre, the Jaun\u0137emeri Rehabilitation Centre, and the L\u012bgatne Rehabilitation Centre for long-term rehabilitation.<\/p>\n<p>It is the private initiative by the founders of the charity project M-Help.com, Arvis Rekets and M\u0101rti\u0146\u0161 Medinieks, that made it possible to transport the patients affected by the war in Ukraine to the East Hospital. Meanwhile, the Georgy Logvinsky Charity Foundation in Ukraine has equipped and renovated a bus used for the transportation of these patients.<\/p>\n<p><strong><em><u>Photos documenting the arrival of injured Ukrainian soldiers at the East Hospital are available here:<\/u><\/em><\/strong> <a href=\"https:\/\/www.flickr.com\/photos\/austrumu_slimnicas_foto\/albums\/72177720326339379\">https:\/\/www.flickr.com\/photos\/austrumu_slimnicas_foto\/albums\/72177720326339379<\/a><\/p>\n<hr \/>\n<p><em>About the East Hospital\u00a0 <\/em><\/p>\n<p>Riga East Clinical University Hospital is the largest and strategically significant multi-profile hospital in the country. The hospital consists of five inpatient facilities\u00a0\u2013 Gai\u013cezers, Latvian Oncology Centre, Bi\u0137ernieki, Tuberculosis and Lung Disease Centre, and Latvian Infectious Diseases Centre, along with various specialised centres and clinics. The hospital provides highly specialised inpatient and secondary outpatient healthcare, offering multidisciplinary tertiary-level treatment and care in line with modern technology and medical knowledge. Approximately 80% of all cancer patients in Latvia are treated at the hospital. It serves as a practical training base for both Latvian educational institutions and foreign students, providing further education and knowledge transfer to healthcare specialists within and beyond the country. The hospital engages in scientific research and develops innovative methods for patient treatment. As the third-largest employer in the country, the hospital employs around 5000\u00a0staff members.<\/p>\n","protected":false},"excerpt":{"rendered":"<p>Yesterday, on 22\u00a0May\u00a02025, the Riga East Clinical University Hospital (East Hospital) once again joined forces with the charity project M-Help.com\u00a0\u2013 this day marked the 26th\u00a0arrival of severely injured Ukrainian soldiers in the war started by Russia. 33\u00a0war victims have made the long journey to Latvia\u2019s largest hospital this time. Overall, the East Hospital has already<\/p>\n","protected":false},"author":49,"featured_media":0,"parent":0,"menu_order":0,"comment_status":"closed","ping_status":"closed","template":"","meta":{"_acf_changed":false,"inline_featured_image":false,"footnotes":""},"class_list":["post-72968","page","type-page","status-publish","hentry"],"acf":[],"yoast_head":"<!-- This site is optimized with the Yoast SEO plugin v27.1.1 - https:\/\/yoast.com\/product\/yoast-seo-wordpress\/ -->\n<title>Late in the evening, more than 30 wounded Ukrainian soldiers arrive at the East Hospital, which makes a total of 537 severely injured individuals from Ukraine admitted so far - aSlimn\u012bca<\/title>\n<meta name=\"robots\" content=\"index, follow, max-snippet:-1, max-image-preview:large, max-video-preview:-1\" \/>\n<link rel=\"canonical\" href=\"https:\/\/aslimnica.lv\/en\/late-in-the-evening-more-than-30-wounded-ukrainian-soldiers-arrive-at-the-east-hospital-which-makes-a-total-of-537-severely-injured-individuals-from-ukraine-admitted-so-far\/\" \/>\n<meta property=\"og:locale\" content=\"en_US\" \/>\n<meta property=\"og:type\" content=\"article\" \/>\n<meta property=\"og:title\" content=\"Late in the evening, more than 30 wounded Ukrainian soldiers arrive at the East Hospital, which makes a total of 537 severely injured individuals from Ukraine admitted so far - aSlimn\u012bca\" \/>\n<meta property=\"og:description\" content=\"Yesterday, on 22\u00a0May\u00a02025, the Riga East Clinical University Hospital (East Hospital) once again joined forces with the charity project M-Help.com\u00a0\u2013 this day marked the 26th\u00a0arrival of severely injured Ukrainian soldiers in the war started by Russia. 33\u00a0war victims have made the long journey to Latvia\u2019s largest hospital this time. Overall, the East Hospital has already\" \/>\n<meta property=\"og:url\" content=\"https:\/\/aslimnica.lv\/en\/late-in-the-evening-more-than-30-wounded-ukrainian-soldiers-arrive-at-the-east-hospital-which-makes-a-total-of-537-severely-injured-individuals-from-ukraine-admitted-so-far\/\" \/>\n<meta property=\"og:site_name\" content=\"aSlimn\u012bca\" \/>\n<meta property=\"og:image\" content=\"https:\/\/aslimnica.lv\/wp-content\/uploads\/2025\/05\/Austrumu-slimnica-ierodas-ievainotie-ukrainu-karaviri-4.jpg\" \/>\n<meta name=\"twitter:card\" content=\"summary_large_image\" \/>\n<meta name=\"twitter:label1\" content=\"Est. reading time\" \/>\n\t<meta name=\"twitter:data1\" content=\"4 minutes\" \/>\n<script type=\"application\/ld+json\" class=\"yoast-schema-graph\">{\"@context\":\"https:\/\/schema.org\",\"@graph\":[{\"@type\":\"WebPage\",\"@id\":\"https:\/\/aslimnica.lv\/en\/late-in-the-evening-more-than-30-wounded-ukrainian-soldiers-arrive-at-the-east-hospital-which-makes-a-total-of-537-severely-injured-individuals-from-ukraine-admitted-so-far\/\",\"url\":\"https:\/\/aslimnica.lv\/en\/late-in-the-evening-more-than-30-wounded-ukrainian-soldiers-arrive-at-the-east-hospital-which-makes-a-total-of-537-severely-injured-individuals-from-ukraine-admitted-so-far\/\",\"name\":\"Late in the evening, more than 30 wounded Ukrainian soldiers arrive at the East Hospital, which makes a total of 537 severely injured individuals from Ukraine admitted so far - aSlimn\u012bca\",\"isPartOf\":{\"@id\":\"https:\/\/aslimnica.lv\/en\/#website\"},\"primaryImageOfPage\":{\"@id\":\"https:\/\/aslimnica.lv\/en\/late-in-the-evening-more-than-30-wounded-ukrainian-soldiers-arrive-at-the-east-hospital-which-makes-a-total-of-537-severely-injured-individuals-from-ukraine-admitted-so-far\/#primaryimage\"},\"image\":{\"@id\":\"https:\/\/aslimnica.lv\/en\/late-in-the-evening-more-than-30-wounded-ukrainian-soldiers-arrive-at-the-east-hospital-which-makes-a-total-of-537-severely-injured-individuals-from-ukraine-admitted-so-far\/#primaryimage\"},\"thumbnailUrl\":\"https:\/\/aslimnica.lv\/wp-content\/uploads\/2025\/05\/Austrumu-slimnica-ierodas-ievainotie-ukrainu-karaviri-4.jpg\",\"datePublished\":\"2025-06-10T08:53:21+00:00\",\"breadcrumb\":{\"@id\":\"https:\/\/aslimnica.lv\/en\/late-in-the-evening-more-than-30-wounded-ukrainian-soldiers-arrive-at-the-east-hospital-which-makes-a-total-of-537-severely-injured-individuals-from-ukraine-admitted-so-far\/#breadcrumb\"},\"inLanguage\":\"en-US\",\"potentialAction\":[{\"@type\":\"ReadAction\",\"target\":[\"https:\/\/aslimnica.lv\/en\/late-in-the-evening-more-than-30-wounded-ukrainian-soldiers-arrive-at-the-east-hospital-which-makes-a-total-of-537-severely-injured-individuals-from-ukraine-admitted-so-far\/\"]}]},{\"@type\":\"ImageObject\",\"inLanguage\":\"en-US\",\"@id\":\"https:\/\/aslimnica.lv\/en\/late-in-the-evening-more-than-30-wounded-ukrainian-soldiers-arrive-at-the-east-hospital-which-makes-a-total-of-537-severely-injured-individuals-from-ukraine-admitted-so-far\/#primaryimage\",\"url\":\"https:\/\/aslimnica.lv\/wp-content\/uploads\/2025\/05\/Austrumu-slimnica-ierodas-ievainotie-ukrainu-karaviri-4.jpg\",\"contentUrl\":\"https:\/\/aslimnica.lv\/wp-content\/uploads\/2025\/05\/Austrumu-slimnica-ierodas-ievainotie-ukrainu-karaviri-4.jpg\"},{\"@type\":\"BreadcrumbList\",\"@id\":\"https:\/\/aslimnica.lv\/en\/late-in-the-evening-more-than-30-wounded-ukrainian-soldiers-arrive-at-the-east-hospital-which-makes-a-total-of-537-severely-injured-individuals-from-ukraine-admitted-so-far\/#breadcrumb\",\"itemListElement\":[{\"@type\":\"ListItem\",\"position\":1,\"name\":\"Home\",\"item\":\"https:\/\/aslimnica.lv\/en\/\"},{\"@type\":\"ListItem\",\"position\":2,\"name\":\"Late in the evening, more than 30 wounded Ukrainian soldiers arrive at the East Hospital, which makes a total of 537 severely injured individuals from Ukraine admitted so far\"}]},{\"@type\":\"WebSite\",\"@id\":\"https:\/\/aslimnica.lv\/en\/#website\",\"url\":\"https:\/\/aslimnica.lv\/en\/\",\"name\":\"aSlimn\u012bca\",\"description\":\"R\u012bgas Austrumu k\u012bnisk\u0101 universit\u0101tes slimn\u012bca\",\"potentialAction\":[{\"@type\":\"SearchAction\",\"target\":{\"@type\":\"EntryPoint\",\"urlTemplate\":\"https:\/\/aslimnica.lv\/en\/?s={search_term_string}\"},\"query-input\":{\"@type\":\"PropertyValueSpecification\",\"valueRequired\":true,\"valueName\":\"search_term_string\"}}],\"inLanguage\":\"en-US\"}]}<\/script>\n<!-- \/ Yoast SEO plugin. -->","yoast_head_json":{"title":"Late in the evening, more than 30 wounded Ukrainian soldiers arrive at the East Hospital, which makes a total of 537 severely injured individuals from Ukraine admitted so far - aSlimn\u012bca","robots":{"index":"index","follow":"follow","max-snippet":"max-snippet:-1","max-image-preview":"max-image-preview:large","max-video-preview":"max-video-preview:-1"},"canonical":"https:\/\/aslimnica.lv\/en\/late-in-the-evening-more-than-30-wounded-ukrainian-soldiers-arrive-at-the-east-hospital-which-makes-a-total-of-537-severely-injured-individuals-from-ukraine-admitted-so-far\/","og_locale":"en_US","og_type":"article","og_title":"Late in the evening, more than 30 wounded Ukrainian soldiers arrive at the East Hospital, which makes a total of 537 severely injured individuals from Ukraine admitted so far - aSlimn\u012bca","og_description":"Yesterday, on 22\u00a0May\u00a02025, the Riga East Clinical University Hospital (East Hospital) once again joined forces with the charity project M-Help.com\u00a0\u2013 this day marked the 26th\u00a0arrival of severely injured Ukrainian soldiers in the war started by Russia. 33\u00a0war victims have made the long journey to Latvia\u2019s largest hospital this time. Overall, the East Hospital has already","og_url":"https:\/\/aslimnica.lv\/en\/late-in-the-evening-more-than-30-wounded-ukrainian-soldiers-arrive-at-the-east-hospital-which-makes-a-total-of-537-severely-injured-individuals-from-ukraine-admitted-so-far\/","og_site_name":"aSlimn\u012bca","og_image":[{"url":"https:\/\/aslimnica.lv\/wp-content\/uploads\/2025\/05\/Austrumu-slimnica-ierodas-ievainotie-ukrainu-karaviri-4.jpg","type":"","width":"","height":""}],"twitter_card":"summary_large_image","twitter_misc":{"Est. reading time":"4 minutes"},"schema":{"@context":"https:\/\/schema.org","@graph":[{"@type":"WebPage","@id":"https:\/\/aslimnica.lv\/en\/late-in-the-evening-more-than-30-wounded-ukrainian-soldiers-arrive-at-the-east-hospital-which-makes-a-total-of-537-severely-injured-individuals-from-ukraine-admitted-so-far\/","url":"https:\/\/aslimnica.lv\/en\/late-in-the-evening-more-than-30-wounded-ukrainian-soldiers-arrive-at-the-east-hospital-which-makes-a-total-of-537-severely-injured-individuals-from-ukraine-admitted-so-far\/","name":"Late in the evening, more than 30 wounded Ukrainian soldiers arrive at the East Hospital, which makes a total of 537 severely injured individuals from Ukraine admitted so far - aSlimn\u012bca","isPartOf":{"@id":"https:\/\/aslimnica.lv\/en\/#website"},"primaryImageOfPage":{"@id":"https:\/\/aslimnica.lv\/en\/late-in-the-evening-more-than-30-wounded-ukrainian-soldiers-arrive-at-the-east-hospital-which-makes-a-total-of-537-severely-injured-individuals-from-ukraine-admitted-so-far\/#primaryimage"},"image":{"@id":"https:\/\/aslimnica.lv\/en\/late-in-the-evening-more-than-30-wounded-ukrainian-soldiers-arrive-at-the-east-hospital-which-makes-a-total-of-537-severely-injured-individuals-from-ukraine-admitted-so-far\/#primaryimage"},"thumbnailUrl":"https:\/\/aslimnica.lv\/wp-content\/uploads\/2025\/05\/Austrumu-slimnica-ierodas-ievainotie-ukrainu-karaviri-4.jpg","datePublished":"2025-06-10T08:53:21+00:00","breadcrumb":{"@id":"https:\/\/aslimnica.lv\/en\/late-in-the-evening-more-than-30-wounded-ukrainian-soldiers-arrive-at-the-east-hospital-which-makes-a-total-of-537-severely-injured-individuals-from-ukraine-admitted-so-far\/#breadcrumb"},"inLanguage":"en-US","potentialAction":[{"@type":"ReadAction","target":["https:\/\/aslimnica.lv\/en\/late-in-the-evening-more-than-30-wounded-ukrainian-soldiers-arrive-at-the-east-hospital-which-makes-a-total-of-537-severely-injured-individuals-from-ukraine-admitted-so-far\/"]}]},{"@type":"ImageObject","inLanguage":"en-US","@id":"https:\/\/aslimnica.lv\/en\/late-in-the-evening-more-than-30-wounded-ukrainian-soldiers-arrive-at-the-east-hospital-which-makes-a-total-of-537-severely-injured-individuals-from-ukraine-admitted-so-far\/#primaryimage","url":"https:\/\/aslimnica.lv\/wp-content\/uploads\/2025\/05\/Austrumu-slimnica-ierodas-ievainotie-ukrainu-karaviri-4.jpg","contentUrl":"https:\/\/aslimnica.lv\/wp-content\/uploads\/2025\/05\/Austrumu-slimnica-ierodas-ievainotie-ukrainu-karaviri-4.jpg"},{"@type":"BreadcrumbList","@id":"https:\/\/aslimnica.lv\/en\/late-in-the-evening-more-than-30-wounded-ukrainian-soldiers-arrive-at-the-east-hospital-which-makes-a-total-of-537-severely-injured-individuals-from-ukraine-admitted-so-far\/#breadcrumb","itemListElement":[{"@type":"ListItem","position":1,"name":"Home","item":"https:\/\/aslimnica.lv\/en\/"},{"@type":"ListItem","position":2,"name":"Late in the evening, more than 30 wounded Ukrainian soldiers arrive at the East Hospital, which makes a total of 537 severely injured individuals from Ukraine admitted so far"}]},{"@type":"WebSite","@id":"https:\/\/aslimnica.lv\/en\/#website","url":"https:\/\/aslimnica.lv\/en\/","name":"aSlimn\u012bca","description":"R\u012bgas Austrumu k\u012bnisk\u0101 universit\u0101tes slimn\u012bca","potentialAction":[{"@type":"SearchAction","target":{"@type":"EntryPoint","urlTemplate":"https:\/\/aslimnica.lv\/en\/?s={search_term_string}"},"query-input":{"@type":"PropertyValueSpecification","valueRequired":true,"valueName":"search_term_string"}}],"inLanguage":"en-US"}]}},"_links":{"self":[{"href":"https:\/\/aslimnica.lv\/en\/wp-json\/wp\/v2\/pages\/72968","targetHints":{"allow":["GET"]}}],"collection":[{"href":"https:\/\/aslimnica.lv\/en\/wp-json\/wp\/v2\/pages"}],"about":[{"href":"https:\/\/aslimnica.lv\/en\/wp-json\/wp\/v2\/types\/page"}],"author":[{"embeddable":true,"href":"https:\/\/aslimnica.lv\/en\/wp-json\/wp\/v2\/users\/49"}],"replies":[{"embeddable":true,"href":"https:\/\/aslimnica.lv\/en\/wp-json\/wp\/v2\/comments?post=72968"}],"version-history":[{"count":1,"href":"https:\/\/aslimnica.lv\/en\/wp-json\/wp\/v2\/pages\/72968\/revisions"}],"predecessor-version":[{"id":72969,"href":"https:\/\/aslimnica.lv\/en\/wp-json\/wp\/v2\/pages\/72968\/revisions\/72969"}],"wp:attachment":[{"href":"https:\/\/aslimnica.lv\/en\/wp-json\/wp\/v2\/media?parent=72968"}],"curies":[{"name":"wp","href":"https:\/\/api.w.org\/{rel}","templated":true}]}}