{"id":72402,"date":"2026-03-24T15:06:27","date_gmt":"2026-03-24T13:06:27","guid":{"rendered":"https:\/\/aslimnica.lv\/?page_id=72402"},"modified":"2026-03-24T15:08:23","modified_gmt":"2026-03-24T13:08:23","slug":"education-centre","status":"publish","type":"page","link":"https:\/\/aslimnica.lv\/en\/education-and-science\/education-centre\/","title":{"rendered":"Education Centre"},"content":{"rendered":"<div class=\"wpb-content-wrapper\"><p>[vc_row el_class=&#8221;born-container is-centered&#8221;][vc_column width=&#8221;2\/3&#8243;][vc_column_text css=&#8221;&#8221;]<\/p>\n<p>&nbsp;<\/p>\n<p>[\/vc_column_text][vc_column_text css=&#8221;&#8221;]<\/p>\n<h4>Hospital Education Centre &#8211; a reliable partner on the path to professional growth. We will help you reach the top of your career!<\/h4>\n<p>[\/vc_column_text][vc_column_text css=&#8221;&#8221;][\/vc_column_text][\/vc_column][vc_column width=&#8221;1\/3&#8243;][vc_column_text css=&#8221;&#8221;]<img loading=\"lazy\" decoding=\"async\" class=\"alignnone size-full wp-image-70296\" src=\"https:\/\/aslimnica.lv\/wp-content\/uploads\/2025\/04\/Macibu_centrs_zils.png\" alt=\"\" width=\"396\" height=\"152\" srcset=\"https:\/\/aslimnica.lv\/wp-content\/uploads\/2025\/04\/Macibu_centrs_zils.png 396w, https:\/\/aslimnica.lv\/wp-content\/uploads\/2025\/04\/Macibu_centrs_zils-300x115.png 300w, https:\/\/aslimnica.lv\/wp-content\/uploads\/2025\/04\/Macibu_centrs_zils-310x119.png 310w\" sizes=\"auto, (max-width: 396px) 100vw, 396px\" \/>[\/vc_column_text][\/vc_column][\/vc_row][vc_row el_class=&#8221;born-container is-centered&#8221;][vc_column]\n<div class=\"as-cta-button born-mt-none born-mb-none\">\n    <a href=\"https:\/\/aslimnica.lv\/profesionaliem\/izglitiba\/konferences\/\" target=\"\" rel=\"\">\n        <span class=\"heading\">\n            <span>Conferences and trainings<\/span>\n        <\/span>\n    <\/a>\n<\/div>\n\n<div class=\"as-cta-button born-mt-none born-mb-none\">\n    <a href=\"https:\/\/aslimnica.lv\/en\/education-and-science\/education-centre\/for-students\/\" target=\"\" rel=\"\">\n        <span class=\"heading\">\n            <span>For students<\/span>\n        <\/span>\n    <\/a>\n<\/div>\n[\/vc_column][\/vc_row]<\/p>\n<\/div>","protected":false},"excerpt":{"rendered":"<p>[vc_row el_class=&#8221;born-container is-centered&#8221;][vc_column width=&#8221;2\/3&#8243;][vc_column_text css=&#8221;&#8221;] &nbsp; [\/vc_column_text][vc_column_text css=&#8221;&#8221;] Hospital Education Centre &#8211; a reliable partner on the path to professional growth. We will help you reach the top of your career! [\/vc_column_text][vc_column_text css=&#8221;&#8221;][\/vc_column_text][\/vc_column][vc_column width=&#8221;1\/3&#8243;][vc_column_text css=&#8221;&#8221;][\/vc_column_text][\/vc_column][\/vc_row][vc_row el_class=&#8221;born-container is-centered&#8221;][vc_column][\/vc_column][\/vc_row]<\/p>\n","protected":false},"author":27,"featured_media":0,"parent":80341,"menu_order":0,"comment_status":"closed","ping_status":"closed","template":"","meta":{"_acf_changed":false,"inline_featured_image":false,"footnotes":""},"class_list":["post-72402","page","type-page","status-publish","hentry"],"acf":[],"yoast_head":"<!-- This site is optimized with the Yoast SEO plugin v27.1.1 - https:\/\/yoast.com\/product\/yoast-seo-wordpress\/ -->\n<title>Education Centre - aSlimn\u012bca<\/title>\n<meta name=\"robots\" content=\"index, follow, max-snippet:-1, max-image-preview:large, max-video-preview:-1\" \/>\n<link rel=\"canonical\" href=\"https:\/\/aslimnica.lv\/en\/education-and-science\/education-centre\/\" \/>\n<meta property=\"og:locale\" content=\"en_US\" \/>\n<meta property=\"og:type\" content=\"article\" \/>\n<meta property=\"og:title\" content=\"Education Centre - aSlimn\u012bca\" \/>\n<meta property=\"og:description\" content=\"[vc_row el_class=&#8221;born-container is-centered&#8221;][vc_column width=&#8221;2\/3&#8243;][vc_column_text css=&#8221;&#8221;] &nbsp; [\/vc_column_text][vc_column_text css=&#8221;&#8221;] Hospital Education Centre &#8211; a reliable partner on the path to professional growth. We will help you reach the top of your career! [\/vc_column_text][vc_column_text css=&#8221;&#8221;][\/vc_column_text][\/vc_column][vc_column width=&#8221;1\/3&#8243;][vc_column_text css=&#8221;&#8221;][\/vc_column_text][\/vc_column][\/vc_row][vc_row el_class=&#8221;born-container is-centered&#8221;][vc_column][\/vc_column][\/vc_row]\" \/>\n<meta property=\"og:url\" content=\"https:\/\/aslimnica.lv\/en\/education-and-science\/education-centre\/\" \/>\n<meta property=\"og:site_name\" content=\"aSlimn\u012bca\" \/>\n<meta property=\"article:modified_time\" content=\"2026-03-24T13:08:23+00:00\" \/>\n<meta property=\"og:image\" content=\"https:\/\/aslimnica.lv\/wp-content\/uploads\/2025\/04\/Macibu_centrs_zils.png\" \/>\n\t<meta property=\"og:image:width\" content=\"396\" \/>\n\t<meta property=\"og:image:height\" content=\"152\" \/>\n\t<meta property=\"og:image:type\" content=\"image\/png\" \/>\n<meta name=\"twitter:card\" content=\"summary_large_image\" \/>\n<meta name=\"twitter:label1\" content=\"Est. reading time\" \/>\n\t<meta name=\"twitter:data1\" content=\"1 minute\" \/>\n<script type=\"application\/ld+json\" class=\"yoast-schema-graph\">{\"@context\":\"https:\/\/schema.org\",\"@graph\":[{\"@type\":\"WebPage\",\"@id\":\"https:\/\/aslimnica.lv\/en\/education-and-science\/education-centre\/\",\"url\":\"https:\/\/aslimnica.lv\/en\/education-and-science\/education-centre\/\",\"name\":\"Education Centre - aSlimn\u012bca\",\"isPartOf\":{\"@id\":\"https:\/\/aslimnica.lv\/en\/#website\"},\"primaryImageOfPage\":{\"@id\":\"https:\/\/aslimnica.lv\/en\/education-and-science\/education-centre\/#primaryimage\"},\"image\":{\"@id\":\"https:\/\/aslimnica.lv\/en\/education-and-science\/education-centre\/#primaryimage\"},\"thumbnailUrl\":\"https:\/\/aslimnica.lv\/wp-content\/uploads\/2025\/04\/Macibu_centrs_zils.png\",\"datePublished\":\"2026-03-24T13:06:27+00:00\",\"dateModified\":\"2026-03-24T13:08:23+00:00\",\"breadcrumb\":{\"@id\":\"https:\/\/aslimnica.lv\/en\/education-and-science\/education-centre\/#breadcrumb\"},\"inLanguage\":\"en-US\",\"potentialAction\":[{\"@type\":\"ReadAction\",\"target\":[\"https:\/\/aslimnica.lv\/en\/education-and-science\/education-centre\/\"]}]},{\"@type\":\"ImageObject\",\"inLanguage\":\"en-US\",\"@id\":\"https:\/\/aslimnica.lv\/en\/education-and-science\/education-centre\/#primaryimage\",\"url\":\"https:\/\/aslimnica.lv\/wp-content\/uploads\/2025\/04\/Macibu_centrs_zils.png\",\"contentUrl\":\"https:\/\/aslimnica.lv\/wp-content\/uploads\/2025\/04\/Macibu_centrs_zils.png\"},{\"@type\":\"BreadcrumbList\",\"@id\":\"https:\/\/aslimnica.lv\/en\/education-and-science\/education-centre\/#breadcrumb\",\"itemListElement\":[{\"@type\":\"ListItem\",\"position\":1,\"name\":\"Home\",\"item\":\"https:\/\/aslimnica.lv\/en\/\"},{\"@type\":\"ListItem\",\"position\":2,\"name\":\"Education and science\",\"item\":\"https:\/\/aslimnica.lv\/en\/education-and-science\/\"},{\"@type\":\"ListItem\",\"position\":3,\"name\":\"Education Centre\"}]},{\"@type\":\"WebSite\",\"@id\":\"https:\/\/aslimnica.lv\/en\/#website\",\"url\":\"https:\/\/aslimnica.lv\/en\/\",\"name\":\"aSlimn\u012bca\",\"description\":\"R\u012bgas Austrumu k\u012bnisk\u0101 universit\u0101tes slimn\u012bca\",\"potentialAction\":[{\"@type\":\"SearchAction\",\"target\":{\"@type\":\"EntryPoint\",\"urlTemplate\":\"https:\/\/aslimnica.lv\/en\/?s={search_term_string}\"},\"query-input\":{\"@type\":\"PropertyValueSpecification\",\"valueRequired\":true,\"valueName\":\"search_term_string\"}}],\"inLanguage\":\"en-US\"}]}<\/script>\n<!-- \/ Yoast SEO plugin. -->","yoast_head_json":{"title":"Education Centre - aSlimn\u012bca","robots":{"index":"index","follow":"follow","max-snippet":"max-snippet:-1","max-image-preview":"max-image-preview:large","max-video-preview":"max-video-preview:-1"},"canonical":"https:\/\/aslimnica.lv\/en\/education-and-science\/education-centre\/","og_locale":"en_US","og_type":"article","og_title":"Education Centre - aSlimn\u012bca","og_description":"[vc_row el_class=&#8221;born-container is-centered&#8221;][vc_column width=&#8221;2\/3&#8243;][vc_column_text css=&#8221;&#8221;] &nbsp; [\/vc_column_text][vc_column_text css=&#8221;&#8221;] Hospital Education Centre &#8211; a reliable partner on the path to professional growth. We will help you reach the top of your career! [\/vc_column_text][vc_column_text css=&#8221;&#8221;][\/vc_column_text][\/vc_column][vc_column width=&#8221;1\/3&#8243;][vc_column_text css=&#8221;&#8221;][\/vc_column_text][\/vc_column][\/vc_row][vc_row el_class=&#8221;born-container is-centered&#8221;][vc_column][\/vc_column][\/vc_row]","og_url":"https:\/\/aslimnica.lv\/en\/education-and-science\/education-centre\/","og_site_name":"aSlimn\u012bca","article_modified_time":"2026-03-24T13:08:23+00:00","og_image":[{"width":396,"height":152,"url":"https:\/\/aslimnica.lv\/wp-content\/uploads\/2025\/04\/Macibu_centrs_zils.png","type":"image\/png"}],"twitter_card":"summary_large_image","twitter_misc":{"Est. reading time":"1 minute"},"schema":{"@context":"https:\/\/schema.org","@graph":[{"@type":"WebPage","@id":"https:\/\/aslimnica.lv\/en\/education-and-science\/education-centre\/","url":"https:\/\/aslimnica.lv\/en\/education-and-science\/education-centre\/","name":"Education Centre - aSlimn\u012bca","isPartOf":{"@id":"https:\/\/aslimnica.lv\/en\/#website"},"primaryImageOfPage":{"@id":"https:\/\/aslimnica.lv\/en\/education-and-science\/education-centre\/#primaryimage"},"image":{"@id":"https:\/\/aslimnica.lv\/en\/education-and-science\/education-centre\/#primaryimage"},"thumbnailUrl":"https:\/\/aslimnica.lv\/wp-content\/uploads\/2025\/04\/Macibu_centrs_zils.png","datePublished":"2026-03-24T13:06:27+00:00","dateModified":"2026-03-24T13:08:23+00:00","breadcrumb":{"@id":"https:\/\/aslimnica.lv\/en\/education-and-science\/education-centre\/#breadcrumb"},"inLanguage":"en-US","potentialAction":[{"@type":"ReadAction","target":["https:\/\/aslimnica.lv\/en\/education-and-science\/education-centre\/"]}]},{"@type":"ImageObject","inLanguage":"en-US","@id":"https:\/\/aslimnica.lv\/en\/education-and-science\/education-centre\/#primaryimage","url":"https:\/\/aslimnica.lv\/wp-content\/uploads\/2025\/04\/Macibu_centrs_zils.png","contentUrl":"https:\/\/aslimnica.lv\/wp-content\/uploads\/2025\/04\/Macibu_centrs_zils.png"},{"@type":"BreadcrumbList","@id":"https:\/\/aslimnica.lv\/en\/education-and-science\/education-centre\/#breadcrumb","itemListElement":[{"@type":"ListItem","position":1,"name":"Home","item":"https:\/\/aslimnica.lv\/en\/"},{"@type":"ListItem","position":2,"name":"Education and science","item":"https:\/\/aslimnica.lv\/en\/education-and-science\/"},{"@type":"ListItem","position":3,"name":"Education Centre"}]},{"@type":"WebSite","@id":"https:\/\/aslimnica.lv\/en\/#website","url":"https:\/\/aslimnica.lv\/en\/","name":"aSlimn\u012bca","description":"R\u012bgas Austrumu k\u012bnisk\u0101 universit\u0101tes slimn\u012bca","potentialAction":[{"@type":"SearchAction","target":{"@type":"EntryPoint","urlTemplate":"https:\/\/aslimnica.lv\/en\/?s={search_term_string}"},"query-input":{"@type":"PropertyValueSpecification","valueRequired":true,"valueName":"search_term_string"}}],"inLanguage":"en-US"}]}},"_links":{"self":[{"href":"https:\/\/aslimnica.lv\/en\/wp-json\/wp\/v2\/pages\/72402","targetHints":{"allow":["GET"]}}],"collection":[{"href":"https:\/\/aslimnica.lv\/en\/wp-json\/wp\/v2\/pages"}],"about":[{"href":"https:\/\/aslimnica.lv\/en\/wp-json\/wp\/v2\/types\/page"}],"author":[{"embeddable":true,"href":"https:\/\/aslimnica.lv\/en\/wp-json\/wp\/v2\/users\/27"}],"replies":[{"embeddable":true,"href":"https:\/\/aslimnica.lv\/en\/wp-json\/wp\/v2\/comments?post=72402"}],"version-history":[{"count":10,"href":"https:\/\/aslimnica.lv\/en\/wp-json\/wp\/v2\/pages\/72402\/revisions"}],"predecessor-version":[{"id":83675,"href":"https:\/\/aslimnica.lv\/en\/wp-json\/wp\/v2\/pages\/72402\/revisions\/83675"}],"up":[{"embeddable":true,"href":"https:\/\/aslimnica.lv\/en\/wp-json\/wp\/v2\/pages\/80341"}],"wp:attachment":[{"href":"https:\/\/aslimnica.lv\/en\/wp-json\/wp\/v2\/media?parent=72402"}],"curies":[{"name":"wp","href":"https:\/\/api.w.org\/{rel}","templated":true}]}}