{"id":71524,"date":"2025-04-28T15:39:19","date_gmt":"2025-04-28T12:39:19","guid":{"rendered":"https:\/\/aslimnica.lv\/?page_id=71524"},"modified":"2025-04-28T15:39:19","modified_gmt":"2025-04-28T12:39:19","slug":"expanded-radiology-centre-with-a-unique-operating-room-for-ct-guided-procedures-opened-at-the-east-hospital","status":"publish","type":"page","link":"https:\/\/aslimnica.lv\/en\/expanded-radiology-centre-with-a-unique-operating-room-for-ct-guided-procedures-opened-at-the-east-hospital\/","title":{"rendered":"Expanded Radiology Centre with a unique operating room for CT-guided procedures opened at the East Hospital"},"content":{"rendered":"<p><strong>In an effort to improve access to high-quality healthcare services, the Riga East Clinical University Hospital (East Hospital) has opened Latvia\u2019s largest Radiology Centre, which has been expanded and modernised. It now includes a unique procedure room in the Baltics, designed and adapted for complex minimally invasive percutaneous procedures using the latest generation CT system with laser navigation. The project has allowed the East Hospital to offer dedicated diagnostic equipment for both inpatients and outpatients, and to provide adequate facilities for Radiology Centre staff, with further expansion planned alongside the future Pulmonary and Infectious Diseases building.\u00a0 <\/strong><\/p>\n<p><img loading=\"lazy\" decoding=\"async\" class=\"alignnone wp-image-71200\" src=\"https:\/\/aslimnica.lv\/wp-content\/uploads\/2025\/04\/54468159379_aa315fdc89_o-1.jpg\" sizes=\"auto, (max-width: 700px) 100vw, 700px\" srcset=\"https:\/\/aslimnica.lv\/wp-content\/uploads\/2025\/04\/54468159379_aa315fdc89_o-1.jpg 1800w, https:\/\/aslimnica.lv\/wp-content\/uploads\/2025\/04\/54468159379_aa315fdc89_o-1-300x197.jpg 300w, https:\/\/aslimnica.lv\/wp-content\/uploads\/2025\/04\/54468159379_aa315fdc89_o-1-1024x671.jpg 1024w, https:\/\/aslimnica.lv\/wp-content\/uploads\/2025\/04\/54468159379_aa315fdc89_o-1-768x503.jpg 768w, https:\/\/aslimnica.lv\/wp-content\/uploads\/2025\/04\/54468159379_aa315fdc89_o-1-1536x1006.jpg 1536w, https:\/\/aslimnica.lv\/wp-content\/uploads\/2025\/04\/54468159379_aa315fdc89_o-1-1400x917.jpg 1400w, https:\/\/aslimnica.lv\/wp-content\/uploads\/2025\/04\/54468159379_aa315fdc89_o-1-473x310.jpg 473w, https:\/\/aslimnica.lv\/wp-content\/uploads\/2025\/04\/54468159379_aa315fdc89_o-1-310x203.jpg 310w, https:\/\/aslimnica.lv\/wp-content\/uploads\/2025\/04\/54468159379_aa315fdc89_o-1-700x459.jpg 700w\" alt=\"\" width=\"700\" height=\"458\" \/><\/p>\n<p>The expanded facilities at the Radiology Centre are equipped with the latest medical technology, including modern devices, high-resolution monitors, workstations, and ergonomically designed comfortable chairs and furniture for both patients and staff. Equipment of the latest generation worth over EUR\u00a01.5 million has been acquired as part of the project, including a CT-guided minimally invasive procedure system and a high-end intraoperative ultrasound device.<\/p>\n<p>\u201cIt is with great satisfaction that I can say\u00a0\u2013 East Hospital is once again taking a major step toward becoming a Hospital of the Future. The new Radiology Centre is set to become a key location for diagnostics and treatment not only in Latvia but across the Baltic region. Modern medical care cannot exist without a modern environment. This Centre marks a significant milestone in the development of our healthcare infrastructure. The government\u2019s support for such projects is more than just investing in buildings\u00a0\u2013 it is an investment in people and in our future. Today, we celebrate not only the opening of a modern medical facility and an improved working environment for medical professionals and patients\u00a0\u2013 we also celebrate hope: hope for faster, more accurate diagnostics, more timely and effective treatments, and a better quality of life. After all, one of the pillars of effective treatment is early and accurate diagnosis. Everything that has been built here\u00a0\u2013 from advanced procedure rooms to ergonomic workstations \u2013 has been created for one purpose: to serve people,\u201d emphasized the Minister for Health, <strong>Houssam Abou Merhi<\/strong>, at the opening ceremony of the East Hospital\u2019s Radiology Centre, highlighting the prioritisation of quality and patient needs.<\/p>\n<p><img loading=\"lazy\" decoding=\"async\" class=\"alignnone wp-image-71203\" src=\"https:\/\/aslimnica.lv\/wp-content\/uploads\/2025\/04\/54468159389_b8d3b84ba0_o.jpg\" sizes=\"auto, (max-width: 700px) 100vw, 700px\" srcset=\"https:\/\/aslimnica.lv\/wp-content\/uploads\/2025\/04\/54468159389_b8d3b84ba0_o.jpg 1215w, https:\/\/aslimnica.lv\/wp-content\/uploads\/2025\/04\/54468159389_b8d3b84ba0_o-203x300.jpg 203w, https:\/\/aslimnica.lv\/wp-content\/uploads\/2025\/04\/54468159389_b8d3b84ba0_o-691x1024.jpg 691w, https:\/\/aslimnica.lv\/wp-content\/uploads\/2025\/04\/54468159389_b8d3b84ba0_o-768x1138.jpg 768w, https:\/\/aslimnica.lv\/wp-content\/uploads\/2025\/04\/54468159389_b8d3b84ba0_o-1037x1536.jpg 1037w, https:\/\/aslimnica.lv\/wp-content\/uploads\/2025\/04\/54468159389_b8d3b84ba0_o-209x310.jpg 209w, https:\/\/aslimnica.lv\/wp-content\/uploads\/2025\/04\/54468159389_b8d3b84ba0_o-263x390.jpg 263w, https:\/\/aslimnica.lv\/wp-content\/uploads\/2025\/04\/54468159389_b8d3b84ba0_o-700x1037.jpg 700w\" alt=\"\" width=\"384\" height=\"569\" \/><\/p>\n<p>East Hospital is currently advancing several important infrastructure projects at once, and modernisation of the Radiology Centre is one of the most visible testaments to this progress. \u201cWe are committed to building a Hospital of the Future, where technology, environment, and human expertise combine to deliver modern care for the benefit of patients, healthcare professionals, and the entire system. Every step we take shows our determination to move forward despite challenges in the sector and external conditions. I sincerely thank our colleagues, partners, and everyone who brings these projects to life with professionalism, dedication, and belief in our shared goal,\u201d says <strong>Normunds Sta\u0146\u0113vi\u010ds<\/strong>, Chairman of the Board at the East Hospital.<\/p>\n<p>The East Hospital\u2019s Radiology Centre has become one of the largest diagnostic and interventional radiology centres in the Baltic region. It now houses a unique procedure room designed for the performance of complex CT-guided procedures. The new laser-navigation CT system is specifically adapted for the highly specialised care and examination of cancer patients. The equipment enables highly precise, minimally invasive percutaneous procedures, such as biopsy, drainage, and ablation, with millimetre-level accuracy, thereby significantly reducing the need for open surgery. Its protocols allow for up to four times lower radiation doses during diagnostics and procedures, which is of critical importance in cancer patient care. The software of equipment is also unique within the Baltic States and specifically adapted for percutaneous tumour ablation, in other words, the destruction of tumours. Specialists at the East Hospital\u2019s Radiology Centre are the first in Latvia to successfully carry out cryoablation and microwave ablation procedures to treat patients with kidney and liver tumours.<\/p>\n<p><img loading=\"lazy\" decoding=\"async\" class=\"alignnone wp-image-71206\" src=\"https:\/\/aslimnica.lv\/wp-content\/uploads\/2025\/04\/54468317605_461d3c5d87_o.jpg\" sizes=\"auto, (max-width: 700px) 100vw, 700px\" srcset=\"https:\/\/aslimnica.lv\/wp-content\/uploads\/2025\/04\/54468317605_461d3c5d87_o.jpg 1800w, https:\/\/aslimnica.lv\/wp-content\/uploads\/2025\/04\/54468317605_461d3c5d87_o-300x232.jpg 300w, https:\/\/aslimnica.lv\/wp-content\/uploads\/2025\/04\/54468317605_461d3c5d87_o-1024x793.jpg 1024w, https:\/\/aslimnica.lv\/wp-content\/uploads\/2025\/04\/54468317605_461d3c5d87_o-768x595.jpg 768w, https:\/\/aslimnica.lv\/wp-content\/uploads\/2025\/04\/54468317605_461d3c5d87_o-1536x1190.jpg 1536w, https:\/\/aslimnica.lv\/wp-content\/uploads\/2025\/04\/54468317605_461d3c5d87_o-1400x1084.jpg 1400w, https:\/\/aslimnica.lv\/wp-content\/uploads\/2025\/04\/54468317605_461d3c5d87_o-400x310.jpg 400w, https:\/\/aslimnica.lv\/wp-content\/uploads\/2025\/04\/54468317605_461d3c5d87_o-310x240.jpg 310w, https:\/\/aslimnica.lv\/wp-content\/uploads\/2025\/04\/54468317605_461d3c5d87_o-700x542.jpg 700w\" alt=\"\" width=\"700\" height=\"542\" \/><\/p>\n<p>\u201cThe CT system is intended for complex, minimally invasive procedures, mostly for cancer patients. Even in cases where a tumour is located in the mediastinum near major blood vessels or in the retroperitoneal area, where biopsies used to require open or laparoscopic surgery, it is now possible for many patients to undergo the procedure under CT-guided navigation,\u201d explains <strong>Aina Kratovska<\/strong>, Head of the Radiology Centre.<\/p>\n<p>Another innovative solution is a separate room specifically for anaesthesiologists next to the CT-guided procedure room. It is a space tailored to support the anaesthesia team\u2019s work during CT fluoroscopy while keeping them protected from radiation. From there, they can monitor the patient\u2019s vital signs safely from a radiation-shielded area, improving both safety and comfort during procedures.<\/p>\n<p>The modern equipment in the procedure room will also allow the East Hospital to fulfil its function as a university hospital in education and research more effectively, as the procedures performed in the room can be broadcast for teaching purposes to students and participants in continuing education seminars.<\/p>\n<p>With the expansion and modernisation of the East Hospital\u2019s Radiology Centre, potential risks associated with a unified patient flow (from the perspective of infection control) have been eliminated. Inpatient and outpatient flows are now separated: there are distinct waiting areas for patients, and outpatients and inpatients have separate access to diagnostic equipment. Moreover, specific diagnostic equipment can now be designated exclusively for either inpatient or outpatient use. In line with the East Hospital\u2019s infrastructure development plan which includes the construction of a new Pulmonary and Infectious Diseases building at Hipokr\u0101ta iela in Riga, aimed at centralising the treatment of these conditions, the next phase, subject to available funding, envisages the further expansion of the Radiology Centre.<\/p>\n<p><em>The East Hospital\u2019s Radiology Centre is located in the Gai\u013cezers inpatient facility. The first stage of its development (design, construction work, author supervision, and construction supervision) was implemented within the framework of the ERDF project No.\u00a09.3.2.0\/21\/I\/001 \u201cDevelopment of Infrastructure of the Building of SIA R\u012bgas Austrumu kl\u012bnisk\u0101 universit\u0101tes slimn\u012bca [Riga East Clinical University Hospital] at Hipokr\u0101ta iela\u00a04\u201d. <strong>The total cost of the works amounts to EUR\u00a04\u00a0010\u00a0392.65, including VAT, of which EUR\u00a01\u00a0453\u00a0357.29 is covered by ERDF funding and EUR\u00a0256\u00a0505.36 is provided by the state budget.<\/strong><\/em><\/p>\n<p><img loading=\"lazy\" decoding=\"async\" class=\"wp-image-20266  aligncenter\" src=\"https:\/\/aslimnica.lv\/wp-content\/uploads\/2021\/04\/eraf.png\" alt=\"\" width=\"484\" height=\"100\" srcset=\"https:\/\/aslimnica.lv\/wp-content\/uploads\/2021\/04\/eraf.png 716w, https:\/\/aslimnica.lv\/wp-content\/uploads\/2021\/04\/eraf-300x62.png 300w, https:\/\/aslimnica.lv\/wp-content\/uploads\/2021\/04\/eraf-530x110.png 530w, https:\/\/aslimnica.lv\/wp-content\/uploads\/2021\/04\/eraf-310x64.png 310w\" sizes=\"auto, (max-width: 484px) 100vw, 484px\" \/><\/p>\n<hr \/>\n<p><strong><em>About the East Hospital\u00a0 <\/em><\/strong><\/p>\n<p>Riga East Clinical University Hospital is the largest and strategically significant multi-profile hospital in the country. The hospital consists of five inpatient facilities\u00a0\u2013 Gai\u013cezers, Latvian Oncology Centre, Bi\u0137ernieki, Tuberculosis and Lung Disease Centre, and Latvian Infectious Diseases Centre, along with various specialised centres and clinics. The hospital provides highly specialised inpatient and secondary outpatient healthcare, offering multidisciplinary tertiary-level treatment and care in line with modern technology and medical knowledge. Approximately 80% of all cancer patients in Latvia are treated at the hospital. It serves as a practical training base for both Latvian educational institutions and foreign students, providing further education and knowledge transfer to healthcare specialists within and beyond the country. The hospital engages in scientific research and develops innovative methods for patient treatment. As the third-largest employer in the country, the hospital employs around 5000\u00a0staff members.<\/p>\n<p>&nbsp;<\/p>\n","protected":false},"excerpt":{"rendered":"<p>In an effort to improve access to high-quality healthcare services, the Riga East Clinical University Hospital (East Hospital) has opened Latvia\u2019s largest Radiology Centre, which has been expanded and modernised. It now includes a unique procedure room in the Baltics, designed and adapted for complex minimally invasive percutaneous procedures using the latest generation CT system<\/p>\n","protected":false},"author":49,"featured_media":0,"parent":0,"menu_order":0,"comment_status":"closed","ping_status":"closed","template":"","meta":{"_acf_changed":false,"inline_featured_image":false,"footnotes":""},"class_list":["post-71524","page","type-page","status-publish","hentry"],"acf":[],"yoast_head":"<!-- This site is optimized with the Yoast SEO plugin v27.1.1 - https:\/\/yoast.com\/product\/yoast-seo-wordpress\/ -->\n<title>Expanded Radiology Centre with a unique operating room for CT-guided procedures opened at the East Hospital - aSlimn\u012bca<\/title>\n<meta name=\"robots\" content=\"index, follow, max-snippet:-1, max-image-preview:large, max-video-preview:-1\" \/>\n<link rel=\"canonical\" href=\"https:\/\/aslimnica.lv\/en\/expanded-radiology-centre-with-a-unique-operating-room-for-ct-guided-procedures-opened-at-the-east-hospital\/\" \/>\n<meta property=\"og:locale\" content=\"en_US\" \/>\n<meta property=\"og:type\" content=\"article\" \/>\n<meta property=\"og:title\" content=\"Expanded Radiology Centre with a unique operating room for CT-guided procedures opened at the East Hospital - aSlimn\u012bca\" \/>\n<meta property=\"og:description\" content=\"In an effort to improve access to high-quality healthcare services, the Riga East Clinical University Hospital (East Hospital) has opened Latvia\u2019s largest Radiology Centre, which has been expanded and modernised. It now includes a unique procedure room in the Baltics, designed and adapted for complex minimally invasive percutaneous procedures using the latest generation CT system\" \/>\n<meta property=\"og:url\" content=\"https:\/\/aslimnica.lv\/en\/expanded-radiology-centre-with-a-unique-operating-room-for-ct-guided-procedures-opened-at-the-east-hospital\/\" \/>\n<meta property=\"og:site_name\" content=\"aSlimn\u012bca\" \/>\n<meta property=\"og:image\" content=\"https:\/\/aslimnica.lv\/wp-content\/uploads\/2025\/04\/54468159379_aa315fdc89_o-1.jpg\" \/>\n<meta name=\"twitter:card\" content=\"summary_large_image\" \/>\n<meta name=\"twitter:label1\" content=\"Est. reading time\" \/>\n\t<meta name=\"twitter:data1\" content=\"8 minutes\" \/>\n<script type=\"application\/ld+json\" class=\"yoast-schema-graph\">{\"@context\":\"https:\/\/schema.org\",\"@graph\":[{\"@type\":\"WebPage\",\"@id\":\"https:\/\/aslimnica.lv\/en\/expanded-radiology-centre-with-a-unique-operating-room-for-ct-guided-procedures-opened-at-the-east-hospital\/\",\"url\":\"https:\/\/aslimnica.lv\/en\/expanded-radiology-centre-with-a-unique-operating-room-for-ct-guided-procedures-opened-at-the-east-hospital\/\",\"name\":\"Expanded Radiology Centre with a unique operating room for CT-guided procedures opened at the East Hospital - aSlimn\u012bca\",\"isPartOf\":{\"@id\":\"https:\/\/aslimnica.lv\/en\/#website\"},\"primaryImageOfPage\":{\"@id\":\"https:\/\/aslimnica.lv\/en\/expanded-radiology-centre-with-a-unique-operating-room-for-ct-guided-procedures-opened-at-the-east-hospital\/#primaryimage\"},\"image\":{\"@id\":\"https:\/\/aslimnica.lv\/en\/expanded-radiology-centre-with-a-unique-operating-room-for-ct-guided-procedures-opened-at-the-east-hospital\/#primaryimage\"},\"thumbnailUrl\":\"https:\/\/aslimnica.lv\/wp-content\/uploads\/2025\/04\/54468159379_aa315fdc89_o-1.jpg\",\"datePublished\":\"2025-04-28T12:39:19+00:00\",\"breadcrumb\":{\"@id\":\"https:\/\/aslimnica.lv\/en\/expanded-radiology-centre-with-a-unique-operating-room-for-ct-guided-procedures-opened-at-the-east-hospital\/#breadcrumb\"},\"inLanguage\":\"en-US\",\"potentialAction\":[{\"@type\":\"ReadAction\",\"target\":[\"https:\/\/aslimnica.lv\/en\/expanded-radiology-centre-with-a-unique-operating-room-for-ct-guided-procedures-opened-at-the-east-hospital\/\"]}]},{\"@type\":\"ImageObject\",\"inLanguage\":\"en-US\",\"@id\":\"https:\/\/aslimnica.lv\/en\/expanded-radiology-centre-with-a-unique-operating-room-for-ct-guided-procedures-opened-at-the-east-hospital\/#primaryimage\",\"url\":\"https:\/\/aslimnica.lv\/wp-content\/uploads\/2025\/04\/54468159379_aa315fdc89_o-1.jpg\",\"contentUrl\":\"https:\/\/aslimnica.lv\/wp-content\/uploads\/2025\/04\/54468159379_aa315fdc89_o-1.jpg\"},{\"@type\":\"BreadcrumbList\",\"@id\":\"https:\/\/aslimnica.lv\/en\/expanded-radiology-centre-with-a-unique-operating-room-for-ct-guided-procedures-opened-at-the-east-hospital\/#breadcrumb\",\"itemListElement\":[{\"@type\":\"ListItem\",\"position\":1,\"name\":\"Home\",\"item\":\"https:\/\/aslimnica.lv\/en\/\"},{\"@type\":\"ListItem\",\"position\":2,\"name\":\"Expanded Radiology Centre with a unique operating room for CT-guided procedures opened at the East Hospital\"}]},{\"@type\":\"WebSite\",\"@id\":\"https:\/\/aslimnica.lv\/en\/#website\",\"url\":\"https:\/\/aslimnica.lv\/en\/\",\"name\":\"aSlimn\u012bca\",\"description\":\"R\u012bgas Austrumu k\u012bnisk\u0101 universit\u0101tes slimn\u012bca\",\"potentialAction\":[{\"@type\":\"SearchAction\",\"target\":{\"@type\":\"EntryPoint\",\"urlTemplate\":\"https:\/\/aslimnica.lv\/en\/?s={search_term_string}\"},\"query-input\":{\"@type\":\"PropertyValueSpecification\",\"valueRequired\":true,\"valueName\":\"search_term_string\"}}],\"inLanguage\":\"en-US\"}]}<\/script>\n<!-- \/ Yoast SEO plugin. -->","yoast_head_json":{"title":"Expanded Radiology Centre with a unique operating room for CT-guided procedures opened at the East Hospital - aSlimn\u012bca","robots":{"index":"index","follow":"follow","max-snippet":"max-snippet:-1","max-image-preview":"max-image-preview:large","max-video-preview":"max-video-preview:-1"},"canonical":"https:\/\/aslimnica.lv\/en\/expanded-radiology-centre-with-a-unique-operating-room-for-ct-guided-procedures-opened-at-the-east-hospital\/","og_locale":"en_US","og_type":"article","og_title":"Expanded Radiology Centre with a unique operating room for CT-guided procedures opened at the East Hospital - aSlimn\u012bca","og_description":"In an effort to improve access to high-quality healthcare services, the Riga East Clinical University Hospital (East Hospital) has opened Latvia\u2019s largest Radiology Centre, which has been expanded and modernised. It now includes a unique procedure room in the Baltics, designed and adapted for complex minimally invasive percutaneous procedures using the latest generation CT system","og_url":"https:\/\/aslimnica.lv\/en\/expanded-radiology-centre-with-a-unique-operating-room-for-ct-guided-procedures-opened-at-the-east-hospital\/","og_site_name":"aSlimn\u012bca","og_image":[{"url":"https:\/\/aslimnica.lv\/wp-content\/uploads\/2025\/04\/54468159379_aa315fdc89_o-1.jpg","type":"","width":"","height":""}],"twitter_card":"summary_large_image","twitter_misc":{"Est. reading time":"8 minutes"},"schema":{"@context":"https:\/\/schema.org","@graph":[{"@type":"WebPage","@id":"https:\/\/aslimnica.lv\/en\/expanded-radiology-centre-with-a-unique-operating-room-for-ct-guided-procedures-opened-at-the-east-hospital\/","url":"https:\/\/aslimnica.lv\/en\/expanded-radiology-centre-with-a-unique-operating-room-for-ct-guided-procedures-opened-at-the-east-hospital\/","name":"Expanded Radiology Centre with a unique operating room for CT-guided procedures opened at the East Hospital - aSlimn\u012bca","isPartOf":{"@id":"https:\/\/aslimnica.lv\/en\/#website"},"primaryImageOfPage":{"@id":"https:\/\/aslimnica.lv\/en\/expanded-radiology-centre-with-a-unique-operating-room-for-ct-guided-procedures-opened-at-the-east-hospital\/#primaryimage"},"image":{"@id":"https:\/\/aslimnica.lv\/en\/expanded-radiology-centre-with-a-unique-operating-room-for-ct-guided-procedures-opened-at-the-east-hospital\/#primaryimage"},"thumbnailUrl":"https:\/\/aslimnica.lv\/wp-content\/uploads\/2025\/04\/54468159379_aa315fdc89_o-1.jpg","datePublished":"2025-04-28T12:39:19+00:00","breadcrumb":{"@id":"https:\/\/aslimnica.lv\/en\/expanded-radiology-centre-with-a-unique-operating-room-for-ct-guided-procedures-opened-at-the-east-hospital\/#breadcrumb"},"inLanguage":"en-US","potentialAction":[{"@type":"ReadAction","target":["https:\/\/aslimnica.lv\/en\/expanded-radiology-centre-with-a-unique-operating-room-for-ct-guided-procedures-opened-at-the-east-hospital\/"]}]},{"@type":"ImageObject","inLanguage":"en-US","@id":"https:\/\/aslimnica.lv\/en\/expanded-radiology-centre-with-a-unique-operating-room-for-ct-guided-procedures-opened-at-the-east-hospital\/#primaryimage","url":"https:\/\/aslimnica.lv\/wp-content\/uploads\/2025\/04\/54468159379_aa315fdc89_o-1.jpg","contentUrl":"https:\/\/aslimnica.lv\/wp-content\/uploads\/2025\/04\/54468159379_aa315fdc89_o-1.jpg"},{"@type":"BreadcrumbList","@id":"https:\/\/aslimnica.lv\/en\/expanded-radiology-centre-with-a-unique-operating-room-for-ct-guided-procedures-opened-at-the-east-hospital\/#breadcrumb","itemListElement":[{"@type":"ListItem","position":1,"name":"Home","item":"https:\/\/aslimnica.lv\/en\/"},{"@type":"ListItem","position":2,"name":"Expanded Radiology Centre with a unique operating room for CT-guided procedures opened at the East Hospital"}]},{"@type":"WebSite","@id":"https:\/\/aslimnica.lv\/en\/#website","url":"https:\/\/aslimnica.lv\/en\/","name":"aSlimn\u012bca","description":"R\u012bgas Austrumu k\u012bnisk\u0101 universit\u0101tes slimn\u012bca","potentialAction":[{"@type":"SearchAction","target":{"@type":"EntryPoint","urlTemplate":"https:\/\/aslimnica.lv\/en\/?s={search_term_string}"},"query-input":{"@type":"PropertyValueSpecification","valueRequired":true,"valueName":"search_term_string"}}],"inLanguage":"en-US"}]}},"_links":{"self":[{"href":"https:\/\/aslimnica.lv\/en\/wp-json\/wp\/v2\/pages\/71524","targetHints":{"allow":["GET"]}}],"collection":[{"href":"https:\/\/aslimnica.lv\/en\/wp-json\/wp\/v2\/pages"}],"about":[{"href":"https:\/\/aslimnica.lv\/en\/wp-json\/wp\/v2\/types\/page"}],"author":[{"embeddable":true,"href":"https:\/\/aslimnica.lv\/en\/wp-json\/wp\/v2\/users\/49"}],"replies":[{"embeddable":true,"href":"https:\/\/aslimnica.lv\/en\/wp-json\/wp\/v2\/comments?post=71524"}],"version-history":[{"count":1,"href":"https:\/\/aslimnica.lv\/en\/wp-json\/wp\/v2\/pages\/71524\/revisions"}],"predecessor-version":[{"id":71531,"href":"https:\/\/aslimnica.lv\/en\/wp-json\/wp\/v2\/pages\/71524\/revisions\/71531"}],"wp:attachment":[{"href":"https:\/\/aslimnica.lv\/en\/wp-json\/wp\/v2\/media?parent=71524"}],"curies":[{"name":"wp","href":"https:\/\/api.w.org\/{rel}","templated":true}]}}