{"id":71296,"date":"2025-04-23T14:22:16","date_gmt":"2025-04-23T11:22:16","guid":{"rendered":"https:\/\/aslimnica.lv\/?page_id=71296"},"modified":"2025-04-23T16:22:54","modified_gmt":"2025-04-23T13:22:54","slug":"east-hospital-and-stradins-hospital-launch-pilot-project-to-test-a-globally-recognised-breast-cancer-treatment-solution","status":"publish","type":"page","link":"https:\/\/aslimnica.lv\/en\/east-hospital-and-stradins-hospital-launch-pilot-project-to-test-a-globally-recognised-breast-cancer-treatment-solution\/","title":{"rendered":"East Hospital and Stradi\u0146\u0161 Hospital Launch Pilot Project to Test a Globally Recognised Breast Cancer Treatment Solution"},"content":{"rendered":"<p>Riga East Clinical University Hospital (East Hospital), in collaboration with Pauls Stradi\u0146\u0161 Clinical University Hospital (Stradi\u0146\u0161 Hospital), is successfully continuing the implementation of a pilot project aimed at improving the quality of breast cancer treatment. The project introduces the Oncotype DX genetic test into the clinical care pathway for breast cancer patients, using a personalised, value-based medical approach.<\/p>\n<p><img loading=\"lazy\" decoding=\"async\" class=\"alignnone wp-image-70995 \" src=\"https:\/\/aslimnica.lv\/wp-content\/uploads\/2025\/04\/Exact.png\" sizes=\"auto, (max-width: 765px) 100vw, 765px\" srcset=\"https:\/\/aslimnica.lv\/wp-content\/uploads\/2025\/04\/Exact.png 940w, https:\/\/aslimnica.lv\/wp-content\/uploads\/2025\/04\/Exact-300x251.png 300w, https:\/\/aslimnica.lv\/wp-content\/uploads\/2025\/04\/Exact-768x644.png 768w, https:\/\/aslimnica.lv\/wp-content\/uploads\/2025\/04\/Exact-370x310.png 370w, https:\/\/aslimnica.lv\/wp-content\/uploads\/2025\/04\/Exact-310x260.png 310w, https:\/\/aslimnica.lv\/wp-content\/uploads\/2025\/04\/Exact-700x587.png 700w\" alt=\"\" width=\"765\" height=\"641\" \/><\/p>\n<p>Initial results suggest that this test, which helps determine not only prognosis but also the potential benefit of chemotherapy, could enable over 70% of early-stage, high-risk breast cancer patients to avoid the toxicity of chemotherapy\u2014mirroring international experience.<\/p>\n<p>As part of the pilot project, tumour samples from 28 patients at East Hospital and 26 at Stradi\u0146\u0161 Hospital were selected and sent for Oncotype DX genetic testing by 1 April 2025, as recommended by the Breast Cancer Multidisciplinary Tumour Board. To date, 45 test results have been received, indicating that chemotherapy is necessary in only 12 cases\u2014or 26% of patients. This precise risk stratification means that more than 70% of patients could avoid chemotherapy-related toxicity. Based on the molecular test results, all patients received personalised treatment plans.<\/p>\n<p>The Oncotype DX genetic test identifies patients who are scientifically proven to benefit from chemotherapy while sparing others from unnecessary, toxic treatment that can reduce quality of life and lead to long-term disability or work incapacity. This reflects a value-based approach to cancer care that is recommended internationally.<\/p>\n<p>\u201cOncotype DX testing marks a significant step forward in personalised oncology. It allows for an accurate assessment of tumour biology and supports treatment strategies that are both effective and less harmful. In over 70% of cases, this approach avoids unnecessary chemotherapy\u2014a key factor not only in improving patients&#8217; quality of life, but also in enhancing healthcare system sustainability. A national decision to incorporate this testing into routine care for eligible patients would represent a major shift in Latvian oncology\u2014from a general approach to precise, individualised treatment,\u201d says <strong>Associate Professor Alinta Hegmane<\/strong>, the project\u2019s scientific advisor and Director of the Latvian Cancer Centre at East Hospital.<\/p>\n<p>Collaboration between university hospitals on research and pilot projects lays the foundation for improved treatment quality. It promotes evidence-based practice and medical innovation that can directly benefit patients nationwide. Associate Professor Arv\u012bds Irmejs, lead breast surgeon at Stradi\u0146\u0161 Hospital and pilot project expert, explains: \u201cBreast cancer changes everything for a woman. That\u2019s why we must be certain we are giving her only the treatment she truly needs. The Oncotype DX test enables informed, personalised decisions that reduce unnecessary strain and severe side effects. Every patient\u2019s life is unique and valuable\u2014our responsibility is not just to treat the cancer, but to do so with respect for her physical, mental, and everyday well-being.\u201d<\/p>\n<p>In parallel, a quality-of-life (QoL) assessment has been introduced for breast cancer patients to evaluate not only treatment effectiveness, but also how patients feel and function after therapy.<\/p>\n<p>As part of the project, Oncotype DX testing will be carried out for 200 patients. According to East Hospital\u2019s estimates, this could save the public budget more than EUR 680,000 by avoiding the cost of unnecessary chemotherapy, supportive medications, treatment of complications (such as febrile neutropenia), and compensation for up to six months of work disability related to chemotherapy. The project will conclude with an evaluation and economic analysis, forming the basis for including the test in the list of publicly funded services for breast cancer patients.<\/p>\n<p>The Oncotype DX genetic test is recommended by international clinical guidelines and is publicly funded in most EU member states, including Estonia. Implementation is also underway in Lithuania. However, the test is currently not included in the list of state-funded medical services in Latvia.<\/p>\n<p><em>In an effort to introduce cutting-edge solutions and improve accessibility to services within the publicly funded healthcare system, the National Health Service is implementing the project \u2018Healthcare Service Model Development Laboratory\u2019, with financial backing from the EU\u00a0Recovery and Resilience Facility. The project will enable the testing and evaluation of innovative or previously underdeveloped healthcare service models until 2026. Achieving effective results could allow for their inclusion in the publicly funded services programme. <\/em><\/p>\n<p><em>Three pilot projects implemented by East Hospital seek to introduce cutting-edge solutions in Latvia\u2019s healthcare system, ensuring targeted and personalised high-precision services for the diagnosis and treatment of oncological diseases, such as \u2018High-precision robotic percutaneous thermal ablation laboratory for inoperable malignant tumours\u2019, \u2018Introduction of new molecular genetic diagnostic methods for personalised treatment of breast cancer patients in Latvia\u2019, and \u2018Implementation of new highly effective molecular pathology diagnostic methods and services for the development of precision medicine in oncology\u2019.<\/em><\/p>\n<p><em>The pilot project \u2018Introduction of new molecular genetic diagnostic methods for personalised treatment of breast cancer patients in Latvia\u2019 is being implemented under the EU Recovery and Resilience Facility Plan\u2019s reform 4.3.1.r, titled \u2018Sustainability of healthcare, strengthening governance, efficient use of health resources, increase of the total public budget in the health sector\u2019, as part of the National Health Service\u2019s open pilot project selection for the \u2018Healthcare Service Model Development Laboratory\u2019. The approved funding for the project under the Recovery and Resilience Facility Plan amounts to EUR\u00a0853\u00a0725.18, with implementation planned by 31\u00a0March\u00a02026.<\/em><\/p>\n<p><img loading=\"lazy\" decoding=\"async\" class=\"wp-image-71001 size-full aligncenter\" src=\"https:\/\/aslimnica.lv\/wp-content\/uploads\/2025\/04\/eraf-next-generation.png\" sizes=\"auto, (max-width: 574px) 100vw, 574px\" srcset=\"https:\/\/aslimnica.lv\/wp-content\/uploads\/2025\/04\/eraf-next-generation.png 574w, https:\/\/aslimnica.lv\/wp-content\/uploads\/2025\/04\/eraf-next-generation-300x96.png 300w, https:\/\/aslimnica.lv\/wp-content\/uploads\/2025\/04\/eraf-next-generation-530x169.png 530w, https:\/\/aslimnica.lv\/wp-content\/uploads\/2025\/04\/eraf-next-generation-310x99.png 310w\" alt=\"\" width=\"574\" height=\"183\" \/><\/p>\n<hr \/>\n<p><strong><em>About the East Hospital\u00a0 <\/em><\/strong><\/p>\n<p>Riga East Clinical University Hospital is the largest and strategically significant multi-profile hospital in the country. The hospital consists of five inpatient facilities\u00a0\u2013 Gai\u013cezers, Latvian Oncology Centre, Bi\u0137ernieki, Tuberculosis and Lung Disease Centre, and Latvian Infectious Diseases Centre, along with various specialised centres and clinics. The hospital provides highly specialised inpatient and secondary outpatient healthcare, offering multidisciplinary tertiary-level treatment and care in line with modern technology and medical knowledge. Approximately 80% of all cancer patients in Latvia are treated at the hospital. It serves as a practical training base for both Latvian educational institutions and foreign students, providing further education and knowledge transfer to healthcare specialists within and beyond the country. The hospital engages in scientific research and develops innovative methods for patient treatment. As the third-largest employer in the country, the hospital employs around 5000\u00a0staff members.<\/p>\n","protected":false},"excerpt":{"rendered":"<p>Riga East Clinical University Hospital (East Hospital), in collaboration with Pauls Stradi\u0146\u0161 Clinical University Hospital (Stradi\u0146\u0161 Hospital), is successfully continuing the implementation of a pilot project aimed at improving the quality of breast cancer treatment. The project introduces the Oncotype DX genetic test into the clinical care pathway for breast cancer patients, using a personalised,<\/p>\n","protected":false},"author":49,"featured_media":0,"parent":0,"menu_order":0,"comment_status":"closed","ping_status":"closed","template":"","meta":{"_acf_changed":false,"inline_featured_image":false,"footnotes":""},"class_list":["post-71296","page","type-page","status-publish","hentry"],"acf":[],"yoast_head":"<!-- This site is optimized with the Yoast SEO plugin v27.1.1 - https:\/\/yoast.com\/product\/yoast-seo-wordpress\/ -->\n<title>East Hospital and Stradi\u0146\u0161 Hospital Launch Pilot Project to Test a Globally Recognised Breast Cancer Treatment Solution - aSlimn\u012bca<\/title>\n<meta name=\"robots\" content=\"index, follow, max-snippet:-1, max-image-preview:large, max-video-preview:-1\" \/>\n<link rel=\"canonical\" href=\"https:\/\/aslimnica.lv\/en\/east-hospital-and-stradins-hospital-launch-pilot-project-to-test-a-globally-recognised-breast-cancer-treatment-solution\/\" \/>\n<meta property=\"og:locale\" content=\"en_US\" \/>\n<meta property=\"og:type\" content=\"article\" \/>\n<meta property=\"og:title\" content=\"East Hospital and Stradi\u0146\u0161 Hospital Launch Pilot Project to Test a Globally Recognised Breast Cancer Treatment Solution - aSlimn\u012bca\" \/>\n<meta property=\"og:description\" content=\"Riga East Clinical University Hospital (East Hospital), in collaboration with Pauls Stradi\u0146\u0161 Clinical University Hospital (Stradi\u0146\u0161 Hospital), is successfully continuing the implementation of a pilot project aimed at improving the quality of breast cancer treatment. The project introduces the Oncotype DX genetic test into the clinical care pathway for breast cancer patients, using a personalised,\" \/>\n<meta property=\"og:url\" content=\"https:\/\/aslimnica.lv\/en\/east-hospital-and-stradins-hospital-launch-pilot-project-to-test-a-globally-recognised-breast-cancer-treatment-solution\/\" \/>\n<meta property=\"og:site_name\" content=\"aSlimn\u012bca\" \/>\n<meta property=\"article:modified_time\" content=\"2025-04-23T13:22:54+00:00\" \/>\n<meta property=\"og:image\" content=\"https:\/\/aslimnica.lv\/wp-content\/uploads\/2025\/04\/Exact.png\" \/>\n<meta name=\"twitter:card\" content=\"summary_large_image\" \/>\n<meta name=\"twitter:label1\" content=\"Est. reading time\" \/>\n\t<meta name=\"twitter:data1\" content=\"6 minutes\" \/>\n<script type=\"application\/ld+json\" class=\"yoast-schema-graph\">{\"@context\":\"https:\/\/schema.org\",\"@graph\":[{\"@type\":\"WebPage\",\"@id\":\"https:\/\/aslimnica.lv\/en\/east-hospital-and-stradins-hospital-launch-pilot-project-to-test-a-globally-recognised-breast-cancer-treatment-solution\/\",\"url\":\"https:\/\/aslimnica.lv\/en\/east-hospital-and-stradins-hospital-launch-pilot-project-to-test-a-globally-recognised-breast-cancer-treatment-solution\/\",\"name\":\"East Hospital and Stradi\u0146\u0161 Hospital Launch Pilot Project to Test a Globally Recognised Breast Cancer Treatment Solution - aSlimn\u012bca\",\"isPartOf\":{\"@id\":\"https:\/\/aslimnica.lv\/en\/#website\"},\"primaryImageOfPage\":{\"@id\":\"https:\/\/aslimnica.lv\/en\/east-hospital-and-stradins-hospital-launch-pilot-project-to-test-a-globally-recognised-breast-cancer-treatment-solution\/#primaryimage\"},\"image\":{\"@id\":\"https:\/\/aslimnica.lv\/en\/east-hospital-and-stradins-hospital-launch-pilot-project-to-test-a-globally-recognised-breast-cancer-treatment-solution\/#primaryimage\"},\"thumbnailUrl\":\"https:\/\/aslimnica.lv\/wp-content\/uploads\/2025\/04\/Exact.png\",\"datePublished\":\"2025-04-23T11:22:16+00:00\",\"dateModified\":\"2025-04-23T13:22:54+00:00\",\"breadcrumb\":{\"@id\":\"https:\/\/aslimnica.lv\/en\/east-hospital-and-stradins-hospital-launch-pilot-project-to-test-a-globally-recognised-breast-cancer-treatment-solution\/#breadcrumb\"},\"inLanguage\":\"en-US\",\"potentialAction\":[{\"@type\":\"ReadAction\",\"target\":[\"https:\/\/aslimnica.lv\/en\/east-hospital-and-stradins-hospital-launch-pilot-project-to-test-a-globally-recognised-breast-cancer-treatment-solution\/\"]}]},{\"@type\":\"ImageObject\",\"inLanguage\":\"en-US\",\"@id\":\"https:\/\/aslimnica.lv\/en\/east-hospital-and-stradins-hospital-launch-pilot-project-to-test-a-globally-recognised-breast-cancer-treatment-solution\/#primaryimage\",\"url\":\"https:\/\/aslimnica.lv\/wp-content\/uploads\/2025\/04\/Exact.png\",\"contentUrl\":\"https:\/\/aslimnica.lv\/wp-content\/uploads\/2025\/04\/Exact.png\"},{\"@type\":\"BreadcrumbList\",\"@id\":\"https:\/\/aslimnica.lv\/en\/east-hospital-and-stradins-hospital-launch-pilot-project-to-test-a-globally-recognised-breast-cancer-treatment-solution\/#breadcrumb\",\"itemListElement\":[{\"@type\":\"ListItem\",\"position\":1,\"name\":\"Home\",\"item\":\"https:\/\/aslimnica.lv\/en\/\"},{\"@type\":\"ListItem\",\"position\":2,\"name\":\"East Hospital and Stradi\u0146\u0161 Hospital Launch Pilot Project to Test a Globally Recognised Breast Cancer Treatment Solution\"}]},{\"@type\":\"WebSite\",\"@id\":\"https:\/\/aslimnica.lv\/en\/#website\",\"url\":\"https:\/\/aslimnica.lv\/en\/\",\"name\":\"aSlimn\u012bca\",\"description\":\"R\u012bgas Austrumu k\u012bnisk\u0101 universit\u0101tes slimn\u012bca\",\"potentialAction\":[{\"@type\":\"SearchAction\",\"target\":{\"@type\":\"EntryPoint\",\"urlTemplate\":\"https:\/\/aslimnica.lv\/en\/?s={search_term_string}\"},\"query-input\":{\"@type\":\"PropertyValueSpecification\",\"valueRequired\":true,\"valueName\":\"search_term_string\"}}],\"inLanguage\":\"en-US\"}]}<\/script>\n<!-- \/ Yoast SEO plugin. -->","yoast_head_json":{"title":"East Hospital and Stradi\u0146\u0161 Hospital Launch Pilot Project to Test a Globally Recognised Breast Cancer Treatment Solution - aSlimn\u012bca","robots":{"index":"index","follow":"follow","max-snippet":"max-snippet:-1","max-image-preview":"max-image-preview:large","max-video-preview":"max-video-preview:-1"},"canonical":"https:\/\/aslimnica.lv\/en\/east-hospital-and-stradins-hospital-launch-pilot-project-to-test-a-globally-recognised-breast-cancer-treatment-solution\/","og_locale":"en_US","og_type":"article","og_title":"East Hospital and Stradi\u0146\u0161 Hospital Launch Pilot Project to Test a Globally Recognised Breast Cancer Treatment Solution - aSlimn\u012bca","og_description":"Riga East Clinical University Hospital (East Hospital), in collaboration with Pauls Stradi\u0146\u0161 Clinical University Hospital (Stradi\u0146\u0161 Hospital), is successfully continuing the implementation of a pilot project aimed at improving the quality of breast cancer treatment. The project introduces the Oncotype DX genetic test into the clinical care pathway for breast cancer patients, using a personalised,","og_url":"https:\/\/aslimnica.lv\/en\/east-hospital-and-stradins-hospital-launch-pilot-project-to-test-a-globally-recognised-breast-cancer-treatment-solution\/","og_site_name":"aSlimn\u012bca","article_modified_time":"2025-04-23T13:22:54+00:00","og_image":[{"url":"https:\/\/aslimnica.lv\/wp-content\/uploads\/2025\/04\/Exact.png","type":"","width":"","height":""}],"twitter_card":"summary_large_image","twitter_misc":{"Est. reading time":"6 minutes"},"schema":{"@context":"https:\/\/schema.org","@graph":[{"@type":"WebPage","@id":"https:\/\/aslimnica.lv\/en\/east-hospital-and-stradins-hospital-launch-pilot-project-to-test-a-globally-recognised-breast-cancer-treatment-solution\/","url":"https:\/\/aslimnica.lv\/en\/east-hospital-and-stradins-hospital-launch-pilot-project-to-test-a-globally-recognised-breast-cancer-treatment-solution\/","name":"East Hospital and Stradi\u0146\u0161 Hospital Launch Pilot Project to Test a Globally Recognised Breast Cancer Treatment Solution - aSlimn\u012bca","isPartOf":{"@id":"https:\/\/aslimnica.lv\/en\/#website"},"primaryImageOfPage":{"@id":"https:\/\/aslimnica.lv\/en\/east-hospital-and-stradins-hospital-launch-pilot-project-to-test-a-globally-recognised-breast-cancer-treatment-solution\/#primaryimage"},"image":{"@id":"https:\/\/aslimnica.lv\/en\/east-hospital-and-stradins-hospital-launch-pilot-project-to-test-a-globally-recognised-breast-cancer-treatment-solution\/#primaryimage"},"thumbnailUrl":"https:\/\/aslimnica.lv\/wp-content\/uploads\/2025\/04\/Exact.png","datePublished":"2025-04-23T11:22:16+00:00","dateModified":"2025-04-23T13:22:54+00:00","breadcrumb":{"@id":"https:\/\/aslimnica.lv\/en\/east-hospital-and-stradins-hospital-launch-pilot-project-to-test-a-globally-recognised-breast-cancer-treatment-solution\/#breadcrumb"},"inLanguage":"en-US","potentialAction":[{"@type":"ReadAction","target":["https:\/\/aslimnica.lv\/en\/east-hospital-and-stradins-hospital-launch-pilot-project-to-test-a-globally-recognised-breast-cancer-treatment-solution\/"]}]},{"@type":"ImageObject","inLanguage":"en-US","@id":"https:\/\/aslimnica.lv\/en\/east-hospital-and-stradins-hospital-launch-pilot-project-to-test-a-globally-recognised-breast-cancer-treatment-solution\/#primaryimage","url":"https:\/\/aslimnica.lv\/wp-content\/uploads\/2025\/04\/Exact.png","contentUrl":"https:\/\/aslimnica.lv\/wp-content\/uploads\/2025\/04\/Exact.png"},{"@type":"BreadcrumbList","@id":"https:\/\/aslimnica.lv\/en\/east-hospital-and-stradins-hospital-launch-pilot-project-to-test-a-globally-recognised-breast-cancer-treatment-solution\/#breadcrumb","itemListElement":[{"@type":"ListItem","position":1,"name":"Home","item":"https:\/\/aslimnica.lv\/en\/"},{"@type":"ListItem","position":2,"name":"East Hospital and Stradi\u0146\u0161 Hospital Launch Pilot Project to Test a Globally Recognised Breast Cancer Treatment Solution"}]},{"@type":"WebSite","@id":"https:\/\/aslimnica.lv\/en\/#website","url":"https:\/\/aslimnica.lv\/en\/","name":"aSlimn\u012bca","description":"R\u012bgas Austrumu k\u012bnisk\u0101 universit\u0101tes slimn\u012bca","potentialAction":[{"@type":"SearchAction","target":{"@type":"EntryPoint","urlTemplate":"https:\/\/aslimnica.lv\/en\/?s={search_term_string}"},"query-input":{"@type":"PropertyValueSpecification","valueRequired":true,"valueName":"search_term_string"}}],"inLanguage":"en-US"}]}},"_links":{"self":[{"href":"https:\/\/aslimnica.lv\/en\/wp-json\/wp\/v2\/pages\/71296","targetHints":{"allow":["GET"]}}],"collection":[{"href":"https:\/\/aslimnica.lv\/en\/wp-json\/wp\/v2\/pages"}],"about":[{"href":"https:\/\/aslimnica.lv\/en\/wp-json\/wp\/v2\/types\/page"}],"author":[{"embeddable":true,"href":"https:\/\/aslimnica.lv\/en\/wp-json\/wp\/v2\/users\/49"}],"replies":[{"embeddable":true,"href":"https:\/\/aslimnica.lv\/en\/wp-json\/wp\/v2\/comments?post=71296"}],"version-history":[{"count":2,"href":"https:\/\/aslimnica.lv\/en\/wp-json\/wp\/v2\/pages\/71296\/revisions"}],"predecessor-version":[{"id":71316,"href":"https:\/\/aslimnica.lv\/en\/wp-json\/wp\/v2\/pages\/71296\/revisions\/71316"}],"wp:attachment":[{"href":"https:\/\/aslimnica.lv\/en\/wp-json\/wp\/v2\/media?parent=71296"}],"curies":[{"name":"wp","href":"https:\/\/api.w.org\/{rel}","templated":true}]}}