{"id":70412,"date":"2025-04-03T07:35:05","date_gmt":"2025-04-03T05:35:05","guid":{"rendered":"https:\/\/aslimnica.lv\/?page_id=70412"},"modified":"2025-04-03T07:35:05","modified_gmt":"2025-04-03T05:35:05","slug":"international-accreditation-as-a-priority-for-patient-care-emphasizes-the-newly-appointed-director-of-the-latvian-cancer-centre-associate-professor-alinta-hegmane","status":"publish","type":"page","link":"https:\/\/aslimnica.lv\/en\/international-accreditation-as-a-priority-for-patient-care-emphasizes-the-newly-appointed-director-of-the-latvian-cancer-centre-associate-professor-alinta-hegmane\/","title":{"rendered":"&#8220;International accreditation as a priority for patient care,&#8221; emphasizes the newly appointed Director of the Latvian Cancer Centre, Associate Professor Alinta Hegmane"},"content":{"rendered":"<p>To support the development of the Latvian Cancer Centre and ensure its compliance with international standards, Associate Professor Alinta Hegmane, a medical oncologist at Riga East University Hospital (East Hospital), was appointed as the Centre\u2019s Director in March 2025. Her primary responsibility is to oversee the accreditation process to ensure the Centre meets the requirements established by the Organisation of European Cancer Institutes (OECI). Achieving this accreditation will provide oncology patients in Latvia with access to diagnostics, treatment, and care that meet the highest European quality standards.<\/p>\n<p>The European Commission\u2019s Beating Cancer Plan envisions the creation of an EU-wide network by 2026, connecting nationally recognized comprehensive cancer centres in each Member State. This initiative aims to ensure high-quality diagnostics, treatment, and care, including access to innovative therapies for all patients. By 2030, at least 90% of European oncology patients are expected to have access to these centres.<\/p>\n<p>The project \u201cEstablishment and Accreditation of the Latvian Cancer Centre\u201d is being implemented within the European Recovery and Resilience Facility\u2019s initiative \u201cDevelopment of Common Principles in Oncology.\u201d The project aims to establish the Latvian Cancer Centre and achieve international accreditation in line with OECI quality standards by 2026.<\/p>\n<p><a href=\"https:\/\/aslimnica.lv\/wp-content\/uploads\/2021\/04\/Alinta-Hegmane-scaled.jpg\"><img loading=\"lazy\" decoding=\"async\" class=\"alignnone wp-image-20735\" src=\"https:\/\/aslimnica.lv\/wp-content\/uploads\/2021\/04\/Alinta-Hegmane-684x1024.jpg\" sizes=\"auto, (max-width: 260px) 100vw, 260px\" srcset=\"https:\/\/aslimnica.lv\/wp-content\/uploads\/2021\/04\/Alinta-Hegmane-684x1024.jpg 684w, https:\/\/aslimnica.lv\/wp-content\/uploads\/2021\/04\/Alinta-Hegmane-200x300.jpg 200w, https:\/\/aslimnica.lv\/wp-content\/uploads\/2021\/04\/Alinta-Hegmane-768x1151.jpg 768w, https:\/\/aslimnica.lv\/wp-content\/uploads\/2021\/04\/Alinta-Hegmane-1025x1536.jpg 1025w, https:\/\/aslimnica.lv\/wp-content\/uploads\/2021\/04\/Alinta-Hegmane-1367x2048.jpg 1367w, https:\/\/aslimnica.lv\/wp-content\/uploads\/2021\/04\/Alinta-Hegmane-1400x2097.jpg 1400w, https:\/\/aslimnica.lv\/wp-content\/uploads\/2021\/04\/Alinta-Hegmane-207x310.jpg 207w, https:\/\/aslimnica.lv\/wp-content\/uploads\/2021\/04\/Alinta-Hegmane-260x390.jpg 260w, https:\/\/aslimnica.lv\/wp-content\/uploads\/2021\/04\/Alinta-Hegmane-700x1049.jpg 700w, https:\/\/aslimnica.lv\/wp-content\/uploads\/2021\/04\/Alinta-Hegmane-scaled.jpg 1709w\" alt=\"\" width=\"260\" height=\"389\" \/><\/a><\/p>\n<p>The newly appointed Director of the Latvian Cancer Centre, <strong>Associate Professor Alinta Hegmane<\/strong>, emphasizes: \u201cI am truly honored to lead the Latvian Cancer Centre at such a crucial stage of its development. Accreditation in line with OECI requirements is more than just a formality\u2014it is an opportunity for patients to receive diagnostics, treatment, and care that adhere to the highest European standards. Our goal is to create an environment where patients not only have access to modern therapies but also benefit from interdisciplinary collaboration, reliable information, and compassionate support.\u201d<\/p>\n<p><a href=\"https:\/\/aslimnica.lv\/wp-content\/uploads\/2025\/02\/Austrumu-slimnicas-valdes-loceklis-kirurgijas-galvenais-specialists-profesors-Haralds-Plaudis-scaled.jpg\"><img loading=\"lazy\" decoding=\"async\" class=\"alignnone wp-image-68416\" src=\"https:\/\/aslimnica.lv\/wp-content\/uploads\/2025\/02\/Austrumu-slimnicas-valdes-loceklis-kirurgijas-galvenais-specialists-profesors-Haralds-Plaudis-658x1024.jpg\" sizes=\"auto, (max-width: 255px) 100vw, 255px\" srcset=\"https:\/\/aslimnica.lv\/wp-content\/uploads\/2025\/02\/Austrumu-slimnicas-valdes-loceklis-kirurgijas-galvenais-specialists-profesors-Haralds-Plaudis-658x1024.jpg 658w, https:\/\/aslimnica.lv\/wp-content\/uploads\/2025\/02\/Austrumu-slimnicas-valdes-loceklis-kirurgijas-galvenais-specialists-profesors-Haralds-Plaudis-193x300.jpg 193w, https:\/\/aslimnica.lv\/wp-content\/uploads\/2025\/02\/Austrumu-slimnicas-valdes-loceklis-kirurgijas-galvenais-specialists-profesors-Haralds-Plaudis-768x1195.jpg 768w, https:\/\/aslimnica.lv\/wp-content\/uploads\/2025\/02\/Austrumu-slimnicas-valdes-loceklis-kirurgijas-galvenais-specialists-profesors-Haralds-Plaudis-987x1536.jpg 987w, https:\/\/aslimnica.lv\/wp-content\/uploads\/2025\/02\/Austrumu-slimnicas-valdes-loceklis-kirurgijas-galvenais-specialists-profesors-Haralds-Plaudis-1316x2048.jpg 1316w, https:\/\/aslimnica.lv\/wp-content\/uploads\/2025\/02\/Austrumu-slimnicas-valdes-loceklis-kirurgijas-galvenais-specialists-profesors-Haralds-Plaudis-1400x2179.jpg 1400w, https:\/\/aslimnica.lv\/wp-content\/uploads\/2025\/02\/Austrumu-slimnicas-valdes-loceklis-kirurgijas-galvenais-specialists-profesors-Haralds-Plaudis-199x310.jpg 199w, https:\/\/aslimnica.lv\/wp-content\/uploads\/2025\/02\/Austrumu-slimnicas-valdes-loceklis-kirurgijas-galvenais-specialists-profesors-Haralds-Plaudis-251x390.jpg 251w, https:\/\/aslimnica.lv\/wp-content\/uploads\/2025\/02\/Austrumu-slimnicas-valdes-loceklis-kirurgijas-galvenais-specialists-profesors-Haralds-Plaudis-700x1089.jpg 700w, https:\/\/aslimnica.lv\/wp-content\/uploads\/2025\/02\/Austrumu-slimnicas-valdes-loceklis-kirurgijas-galvenais-specialists-profesors-Haralds-Plaudis-scaled.jpg 1645w\" alt=\"\" width=\"255\" height=\"397\" \/><\/a><\/p>\n<p><strong>Professor Haralds Plaudis<\/strong>, a Board Member of East Hospital, highlights the significance of the initiative: \u201cThe National Cancer Centre is a key pillar in the hospital\u2019s development and will shape the future of oncology treatment and care in Latvia. Associate Professor Alinta Hegmane brings valuable experience, expertise, and strategic insight\u2014all of which will help drive the Centre toward international accreditation and, most importantly, improve patient outcomes by ensuring higher-quality and standardized oncology treatment.\u201d<\/p>\n<p>Achieving the status of an accredited Cancer Centre will be a crucial step in building a nationwide oncology care network and providing methodological guidance across the country, ensuring common, evidence-based, and patient-focused treatment principles.<\/p>\n<p>The OECI accreditation process represents a long-term commitment to quality improvement. Over several years, international experts conduct an in-depth evaluation of the Cancer Centre, which includes an initial self-assessment, on-site inspections, and detailed recommendations to enhance treatment, care, research, and management. By implementing these recommendations, the Centre progressively works toward internationally recognized standards, significantly improving the quality and consistency of oncology patient care. The Latvian Cancer Centre\u2019s accreditation process has been ongoing since 2022, when East Hospital established a multidisciplinary accreditation team. Following multiple expert visits, the Centre is now actively implementing the recommended improvements.<\/p>\n<p>The newly appointed Director of the Latvian Cancer Centre, Associate Professor Alinta Hegmane, is a certified medical oncologist with over 20 years of clinical and academic experience. She earned her Doctor of Medicine degree from the University of Latvia, where she defended a dissertation on the role of the HER2 receptor in breast cancer treatment. She is a physician at the Clinic for Medical Treatment of Solid Tumors at East Hospital and an associate professor at the University of Latvia\u2019s Faculty of Medicine.<\/p>\n<p>Alinta Hegmane has played a key role in the development of Latvia\u2019s oncology system. She is the Chairperson of the Board of the Latvian Oncologists\u2019 Association and has represented Latvia in multiple European professional organizations, including the European Society for Medical Oncology (ESMO) and the European Commission\u2019s Breast Cancer Initiative. She is an active researcher, a co-author of several internationally cited publications, and a regular participant in major international oncology congresses. Additionally, she is actively engaged in international expert groups that develop guidelines and common principles for genetic testing and cancer treatment strategies.<\/p>\n","protected":false},"excerpt":{"rendered":"<p>To support the development of the Latvian Cancer Centre and ensure its compliance with international standards, Associate Professor Alinta Hegmane, a medical oncologist at Riga East University Hospital (East Hospital), was appointed as the Centre\u2019s Director in March 2025. Her primary responsibility is to oversee the accreditation process to ensure the Centre meets the requirements<\/p>\n","protected":false},"author":49,"featured_media":0,"parent":0,"menu_order":0,"comment_status":"closed","ping_status":"closed","template":"","meta":{"_acf_changed":false,"inline_featured_image":false,"footnotes":""},"class_list":["post-70412","page","type-page","status-publish","hentry"],"acf":[],"yoast_head":"<!-- This site is optimized with the Yoast SEO plugin v27.1.1 - https:\/\/yoast.com\/product\/yoast-seo-wordpress\/ -->\n<title>&quot;International accreditation as a priority for patient care,&quot; emphasizes the newly appointed Director of the Latvian Cancer Centre, Associate Professor Alinta Hegmane - aSlimn\u012bca<\/title>\n<meta name=\"robots\" content=\"index, follow, max-snippet:-1, max-image-preview:large, max-video-preview:-1\" \/>\n<link rel=\"canonical\" href=\"https:\/\/aslimnica.lv\/en\/international-accreditation-as-a-priority-for-patient-care-emphasizes-the-newly-appointed-director-of-the-latvian-cancer-centre-associate-professor-alinta-hegmane\/\" \/>\n<meta property=\"og:locale\" content=\"en_US\" \/>\n<meta property=\"og:type\" content=\"article\" \/>\n<meta property=\"og:title\" content=\"&quot;International accreditation as a priority for patient care,&quot; emphasizes the newly appointed Director of the Latvian Cancer Centre, Associate Professor Alinta Hegmane - aSlimn\u012bca\" \/>\n<meta property=\"og:description\" content=\"To support the development of the Latvian Cancer Centre and ensure its compliance with international standards, Associate Professor Alinta Hegmane, a medical oncologist at Riga East University Hospital (East Hospital), was appointed as the Centre\u2019s Director in March 2025. Her primary responsibility is to oversee the accreditation process to ensure the Centre meets the requirements\" \/>\n<meta property=\"og:url\" content=\"https:\/\/aslimnica.lv\/en\/international-accreditation-as-a-priority-for-patient-care-emphasizes-the-newly-appointed-director-of-the-latvian-cancer-centre-associate-professor-alinta-hegmane\/\" \/>\n<meta property=\"og:site_name\" content=\"aSlimn\u012bca\" \/>\n<meta property=\"og:image\" content=\"https:\/\/aslimnica.lv\/wp-content\/uploads\/2021\/04\/Alinta-Hegmane-684x1024.jpg\" \/>\n<meta name=\"twitter:card\" content=\"summary_large_image\" \/>\n<meta name=\"twitter:label1\" content=\"Est. reading time\" \/>\n\t<meta name=\"twitter:data1\" content=\"5 minutes\" \/>\n<script type=\"application\/ld+json\" class=\"yoast-schema-graph\">{\"@context\":\"https:\/\/schema.org\",\"@graph\":[{\"@type\":\"WebPage\",\"@id\":\"https:\/\/aslimnica.lv\/en\/international-accreditation-as-a-priority-for-patient-care-emphasizes-the-newly-appointed-director-of-the-latvian-cancer-centre-associate-professor-alinta-hegmane\/\",\"url\":\"https:\/\/aslimnica.lv\/en\/international-accreditation-as-a-priority-for-patient-care-emphasizes-the-newly-appointed-director-of-the-latvian-cancer-centre-associate-professor-alinta-hegmane\/\",\"name\":\"\\\"International accreditation as a priority for patient care,\\\" emphasizes the newly appointed Director of the Latvian Cancer Centre, Associate Professor Alinta Hegmane - aSlimn\u012bca\",\"isPartOf\":{\"@id\":\"https:\/\/aslimnica.lv\/en\/#website\"},\"primaryImageOfPage\":{\"@id\":\"https:\/\/aslimnica.lv\/en\/international-accreditation-as-a-priority-for-patient-care-emphasizes-the-newly-appointed-director-of-the-latvian-cancer-centre-associate-professor-alinta-hegmane\/#primaryimage\"},\"image\":{\"@id\":\"https:\/\/aslimnica.lv\/en\/international-accreditation-as-a-priority-for-patient-care-emphasizes-the-newly-appointed-director-of-the-latvian-cancer-centre-associate-professor-alinta-hegmane\/#primaryimage\"},\"thumbnailUrl\":\"https:\/\/aslimnica.lv\/wp-content\/uploads\/2021\/04\/Alinta-Hegmane-684x1024.jpg\",\"datePublished\":\"2025-04-03T05:35:05+00:00\",\"breadcrumb\":{\"@id\":\"https:\/\/aslimnica.lv\/en\/international-accreditation-as-a-priority-for-patient-care-emphasizes-the-newly-appointed-director-of-the-latvian-cancer-centre-associate-professor-alinta-hegmane\/#breadcrumb\"},\"inLanguage\":\"en-US\",\"potentialAction\":[{\"@type\":\"ReadAction\",\"target\":[\"https:\/\/aslimnica.lv\/en\/international-accreditation-as-a-priority-for-patient-care-emphasizes-the-newly-appointed-director-of-the-latvian-cancer-centre-associate-professor-alinta-hegmane\/\"]}]},{\"@type\":\"ImageObject\",\"inLanguage\":\"en-US\",\"@id\":\"https:\/\/aslimnica.lv\/en\/international-accreditation-as-a-priority-for-patient-care-emphasizes-the-newly-appointed-director-of-the-latvian-cancer-centre-associate-professor-alinta-hegmane\/#primaryimage\",\"url\":\"https:\/\/aslimnica.lv\/wp-content\/uploads\/2021\/04\/Alinta-Hegmane-684x1024.jpg\",\"contentUrl\":\"https:\/\/aslimnica.lv\/wp-content\/uploads\/2021\/04\/Alinta-Hegmane-684x1024.jpg\"},{\"@type\":\"BreadcrumbList\",\"@id\":\"https:\/\/aslimnica.lv\/en\/international-accreditation-as-a-priority-for-patient-care-emphasizes-the-newly-appointed-director-of-the-latvian-cancer-centre-associate-professor-alinta-hegmane\/#breadcrumb\",\"itemListElement\":[{\"@type\":\"ListItem\",\"position\":1,\"name\":\"Home\",\"item\":\"https:\/\/aslimnica.lv\/en\/\"},{\"@type\":\"ListItem\",\"position\":2,\"name\":\"&#8220;International accreditation as a priority for patient care,&#8221; emphasizes the newly appointed Director of the Latvian Cancer Centre, Associate Professor Alinta Hegmane\"}]},{\"@type\":\"WebSite\",\"@id\":\"https:\/\/aslimnica.lv\/en\/#website\",\"url\":\"https:\/\/aslimnica.lv\/en\/\",\"name\":\"aSlimn\u012bca\",\"description\":\"R\u012bgas Austrumu k\u012bnisk\u0101 universit\u0101tes slimn\u012bca\",\"potentialAction\":[{\"@type\":\"SearchAction\",\"target\":{\"@type\":\"EntryPoint\",\"urlTemplate\":\"https:\/\/aslimnica.lv\/en\/?s={search_term_string}\"},\"query-input\":{\"@type\":\"PropertyValueSpecification\",\"valueRequired\":true,\"valueName\":\"search_term_string\"}}],\"inLanguage\":\"en-US\"}]}<\/script>\n<!-- \/ Yoast SEO plugin. -->","yoast_head_json":{"title":"\"International accreditation as a priority for patient care,\" emphasizes the newly appointed Director of the Latvian Cancer Centre, Associate Professor Alinta Hegmane - aSlimn\u012bca","robots":{"index":"index","follow":"follow","max-snippet":"max-snippet:-1","max-image-preview":"max-image-preview:large","max-video-preview":"max-video-preview:-1"},"canonical":"https:\/\/aslimnica.lv\/en\/international-accreditation-as-a-priority-for-patient-care-emphasizes-the-newly-appointed-director-of-the-latvian-cancer-centre-associate-professor-alinta-hegmane\/","og_locale":"en_US","og_type":"article","og_title":"\"International accreditation as a priority for patient care,\" emphasizes the newly appointed Director of the Latvian Cancer Centre, Associate Professor Alinta Hegmane - aSlimn\u012bca","og_description":"To support the development of the Latvian Cancer Centre and ensure its compliance with international standards, Associate Professor Alinta Hegmane, a medical oncologist at Riga East University Hospital (East Hospital), was appointed as the Centre\u2019s Director in March 2025. Her primary responsibility is to oversee the accreditation process to ensure the Centre meets the requirements","og_url":"https:\/\/aslimnica.lv\/en\/international-accreditation-as-a-priority-for-patient-care-emphasizes-the-newly-appointed-director-of-the-latvian-cancer-centre-associate-professor-alinta-hegmane\/","og_site_name":"aSlimn\u012bca","og_image":[{"url":"https:\/\/aslimnica.lv\/wp-content\/uploads\/2021\/04\/Alinta-Hegmane-684x1024.jpg","type":"","width":"","height":""}],"twitter_card":"summary_large_image","twitter_misc":{"Est. reading time":"5 minutes"},"schema":{"@context":"https:\/\/schema.org","@graph":[{"@type":"WebPage","@id":"https:\/\/aslimnica.lv\/en\/international-accreditation-as-a-priority-for-patient-care-emphasizes-the-newly-appointed-director-of-the-latvian-cancer-centre-associate-professor-alinta-hegmane\/","url":"https:\/\/aslimnica.lv\/en\/international-accreditation-as-a-priority-for-patient-care-emphasizes-the-newly-appointed-director-of-the-latvian-cancer-centre-associate-professor-alinta-hegmane\/","name":"\"International accreditation as a priority for patient care,\" emphasizes the newly appointed Director of the Latvian Cancer Centre, Associate Professor Alinta Hegmane - aSlimn\u012bca","isPartOf":{"@id":"https:\/\/aslimnica.lv\/en\/#website"},"primaryImageOfPage":{"@id":"https:\/\/aslimnica.lv\/en\/international-accreditation-as-a-priority-for-patient-care-emphasizes-the-newly-appointed-director-of-the-latvian-cancer-centre-associate-professor-alinta-hegmane\/#primaryimage"},"image":{"@id":"https:\/\/aslimnica.lv\/en\/international-accreditation-as-a-priority-for-patient-care-emphasizes-the-newly-appointed-director-of-the-latvian-cancer-centre-associate-professor-alinta-hegmane\/#primaryimage"},"thumbnailUrl":"https:\/\/aslimnica.lv\/wp-content\/uploads\/2021\/04\/Alinta-Hegmane-684x1024.jpg","datePublished":"2025-04-03T05:35:05+00:00","breadcrumb":{"@id":"https:\/\/aslimnica.lv\/en\/international-accreditation-as-a-priority-for-patient-care-emphasizes-the-newly-appointed-director-of-the-latvian-cancer-centre-associate-professor-alinta-hegmane\/#breadcrumb"},"inLanguage":"en-US","potentialAction":[{"@type":"ReadAction","target":["https:\/\/aslimnica.lv\/en\/international-accreditation-as-a-priority-for-patient-care-emphasizes-the-newly-appointed-director-of-the-latvian-cancer-centre-associate-professor-alinta-hegmane\/"]}]},{"@type":"ImageObject","inLanguage":"en-US","@id":"https:\/\/aslimnica.lv\/en\/international-accreditation-as-a-priority-for-patient-care-emphasizes-the-newly-appointed-director-of-the-latvian-cancer-centre-associate-professor-alinta-hegmane\/#primaryimage","url":"https:\/\/aslimnica.lv\/wp-content\/uploads\/2021\/04\/Alinta-Hegmane-684x1024.jpg","contentUrl":"https:\/\/aslimnica.lv\/wp-content\/uploads\/2021\/04\/Alinta-Hegmane-684x1024.jpg"},{"@type":"BreadcrumbList","@id":"https:\/\/aslimnica.lv\/en\/international-accreditation-as-a-priority-for-patient-care-emphasizes-the-newly-appointed-director-of-the-latvian-cancer-centre-associate-professor-alinta-hegmane\/#breadcrumb","itemListElement":[{"@type":"ListItem","position":1,"name":"Home","item":"https:\/\/aslimnica.lv\/en\/"},{"@type":"ListItem","position":2,"name":"&#8220;International accreditation as a priority for patient care,&#8221; emphasizes the newly appointed Director of the Latvian Cancer Centre, Associate Professor Alinta Hegmane"}]},{"@type":"WebSite","@id":"https:\/\/aslimnica.lv\/en\/#website","url":"https:\/\/aslimnica.lv\/en\/","name":"aSlimn\u012bca","description":"R\u012bgas Austrumu k\u012bnisk\u0101 universit\u0101tes slimn\u012bca","potentialAction":[{"@type":"SearchAction","target":{"@type":"EntryPoint","urlTemplate":"https:\/\/aslimnica.lv\/en\/?s={search_term_string}"},"query-input":{"@type":"PropertyValueSpecification","valueRequired":true,"valueName":"search_term_string"}}],"inLanguage":"en-US"}]}},"_links":{"self":[{"href":"https:\/\/aslimnica.lv\/en\/wp-json\/wp\/v2\/pages\/70412","targetHints":{"allow":["GET"]}}],"collection":[{"href":"https:\/\/aslimnica.lv\/en\/wp-json\/wp\/v2\/pages"}],"about":[{"href":"https:\/\/aslimnica.lv\/en\/wp-json\/wp\/v2\/types\/page"}],"author":[{"embeddable":true,"href":"https:\/\/aslimnica.lv\/en\/wp-json\/wp\/v2\/users\/49"}],"replies":[{"embeddable":true,"href":"https:\/\/aslimnica.lv\/en\/wp-json\/wp\/v2\/comments?post=70412"}],"version-history":[{"count":1,"href":"https:\/\/aslimnica.lv\/en\/wp-json\/wp\/v2\/pages\/70412\/revisions"}],"predecessor-version":[{"id":70413,"href":"https:\/\/aslimnica.lv\/en\/wp-json\/wp\/v2\/pages\/70412\/revisions\/70413"}],"wp:attachment":[{"href":"https:\/\/aslimnica.lv\/en\/wp-json\/wp\/v2\/media?parent=70412"}],"curies":[{"name":"wp","href":"https:\/\/api.w.org\/{rel}","templated":true}]}}