{"id":69168,"date":"2025-02-27T09:09:11","date_gmt":"2025-02-27T07:09:11","guid":{"rendered":"https:\/\/aslimnica.lv\/?page_id=69168"},"modified":"2025-02-27T09:09:11","modified_gmt":"2025-02-27T07:09:11","slug":"three-years-of-support-east-hospital-has-admitted-over-430-severely-injured-ukrainian-soldiers","status":"publish","type":"page","link":"https:\/\/aslimnica.lv\/en\/three-years-of-support-east-hospital-has-admitted-over-430-severely-injured-ukrainian-soldiers\/","title":{"rendered":"Three years of support: East Hospital has admitted over 430\u00a0severely injured Ukrainian soldiers"},"content":{"rendered":"<p><strong>With the day marking three years since Russia\u2019s invasion of Ukraine approaching, the Riga East Clinical University Hospital (East Hospital) believes that the consequences of war\u00a0\u2013 suffering, injuries, and destruction\u00a0\u2013 will be visible and felt for a long time, even more so given that the average age of wounded soldiers is just 30, and their treatment and rehabilitation process is complex and long. So far, the East Hospital has admitted 434\u00a0soldiers and other civilians transported from Ukraine. Business owners involved in organising the aid point out that the physical consequences of the war are more severe than physical injuries. Therefore, it is crucial to continue admitting and treating severely wounded Ukrainian soldiers to help them reintegrate into civilian life and society.<\/strong><\/p>\n<p><strong> <a href=\"https:\/\/aslimnica.lv\/wp-content\/uploads\/2025\/02\/Kara-cietuso-ukrainu-uznemsana-27.jpg\"><img loading=\"lazy\" decoding=\"async\" class=\"alignnone size-large wp-image-69009\" src=\"https:\/\/aslimnica.lv\/wp-content\/uploads\/2025\/02\/Kara-cietuso-ukrainu-uznemsana-27-1024x732.jpg\" sizes=\"auto, (max-width: 1024px) 100vw, 1024px\" srcset=\"https:\/\/aslimnica.lv\/wp-content\/uploads\/2025\/02\/Kara-cietuso-ukrainu-uznemsana-27-1024x732.jpg 1024w, https:\/\/aslimnica.lv\/wp-content\/uploads\/2025\/02\/Kara-cietuso-ukrainu-uznemsana-27-300x215.jpg 300w, https:\/\/aslimnica.lv\/wp-content\/uploads\/2025\/02\/Kara-cietuso-ukrainu-uznemsana-27-768x549.jpg 768w, https:\/\/aslimnica.lv\/wp-content\/uploads\/2025\/02\/Kara-cietuso-ukrainu-uznemsana-27-1536x1098.jpg 1536w, https:\/\/aslimnica.lv\/wp-content\/uploads\/2025\/02\/Kara-cietuso-ukrainu-uznemsana-27-1400x1001.jpg 1400w, https:\/\/aslimnica.lv\/wp-content\/uploads\/2025\/02\/Kara-cietuso-ukrainu-uznemsana-27-434x310.jpg 434w, https:\/\/aslimnica.lv\/wp-content\/uploads\/2025\/02\/Kara-cietuso-ukrainu-uznemsana-27-310x222.jpg 310w, https:\/\/aslimnica.lv\/wp-content\/uploads\/2025\/02\/Kara-cietuso-ukrainu-uznemsana-27-700x501.jpg 700w, https:\/\/aslimnica.lv\/wp-content\/uploads\/2025\/02\/Kara-cietuso-ukrainu-uznemsana-27.jpg 1600w\" alt=\"\" width=\"1024\" height=\"732\" \/><\/a><\/strong><\/p>\n<p>24\u00a0February\u00a02025 marks three years since Russia launched its full-scale invasion of Ukraine. So far, the East Hospital has admitted a total of 434\u00a0Ukrainian soldiers and other civilians who have been severely injured in the war started by Russia. All of them have receive medical treatment and rehabilitation in Latvia.<\/p>\n<p><a href=\"https:\/\/aslimnica.lv\/wp-content\/uploads\/2021\/03\/MV_02776-scaled.jpg\"><img loading=\"lazy\" decoding=\"async\" class=\"alignnone wp-image-19296\" src=\"https:\/\/aslimnica.lv\/wp-content\/uploads\/2021\/03\/MV_02776-581x1024.jpg\" sizes=\"auto, (max-width: 256px) 100vw, 256px\" srcset=\"https:\/\/aslimnica.lv\/wp-content\/uploads\/2021\/03\/MV_02776-581x1024.jpg 581w, https:\/\/aslimnica.lv\/wp-content\/uploads\/2021\/03\/MV_02776-170x300.jpg 170w, https:\/\/aslimnica.lv\/wp-content\/uploads\/2021\/03\/MV_02776-768x1353.jpg 768w, https:\/\/aslimnica.lv\/wp-content\/uploads\/2021\/03\/MV_02776-872x1536.jpg 872w, https:\/\/aslimnica.lv\/wp-content\/uploads\/2021\/03\/MV_02776-1162x2048.jpg 1162w, https:\/\/aslimnica.lv\/wp-content\/uploads\/2021\/03\/MV_02776-1400x2467.jpg 1400w, https:\/\/aslimnica.lv\/wp-content\/uploads\/2021\/03\/MV_02776-176x310.jpg 176w, https:\/\/aslimnica.lv\/wp-content\/uploads\/2021\/03\/MV_02776-221x390.jpg 221w, https:\/\/aslimnica.lv\/wp-content\/uploads\/2021\/03\/MV_02776-700x1233.jpg 700w, https:\/\/aslimnica.lv\/wp-content\/uploads\/2021\/03\/MV_02776-scaled.jpg 1453w\" alt=\"\" width=\"240\" height=\"423\" \/><\/a><\/p>\n<p>Reflecting on these three years of providing medical assistance to severely wounded Ukrainian soldiers, the East Hospital specialists have gained important insights into war trauma treatment and its challenges. One of the most significant aspects is the need to adapt treatment strategies to address the complexity of such injuries. The head of the East Hospital\u2019s Trauma and Orthopaedics Clinic,<strong> Andris Vikmanis<\/strong>, points out: \u201cWar injuries significantly differ from peacetime injuries. They often involve shattered and torn body parts. While in peacetime, our approach is to perform the necessary procedures in a single surgery, in the case of war injuries, the key is gradual surgical planning to achieve better treatment outcomes. There have been cases where a patient has undergone as many as 20\u00a0consecutive surgeries to restore functionality and ensure mobility. When dealing with war injuries, haste is not an option. Once the patient\u2019s life is saved, careful monitoring is required, and all possible efforts must be made to avoid making the situation worse, as we are aware that some treatment protocols, such as those for combating infections, no longer work.\u201d<\/p>\n<p>Physicians also face the challenge of antibiotic resistance, which significantly impacts the treatment process. Many soldiers have had uncontrolled and incomplete antibiotic use before arriving at the hospital, making infection control considerably more difficult and prolonging treatment time. To ensure successful healing, repeated surgeries are often necessary to effectively contain infections and prevent complications.<\/p>\n<p>After prolonged exposure to war conditions, physicians observe not only the consequences of physical injuries but also the deterioration of soldiers\u2019 mental state. Many of those patients are only 30 to 33 years old. The head of the Trauma and Orthopaedics Clinic, Andris Vikmanis, emphasizes that those men are in the prime of their lives, yet due to severe injuries, many of them would be classified as having a disability under Latvian regulations. \u201cOnce the war is over, we will continue to see the suffering these soldiers have endured right before our eyes,\u201d says Andris Vikmanis.<\/p>\n<p>To reduce the impact of war injuries and help the wounded regain mobility and quality of life, the team of microsurgeons also plays a crucial role. Since 2014, specialists from the Latvian Microsurgery Centre have been providing multidisciplinary support for the treatment of injured Ukrainians in the operating rooms of the East Hospital. During this time, more than 150\u00a0reconstructive surgeries have been performed on war casualties, including complex reconstructive procedures using microvascular tissue flaps, as well as surgeries for nerve damage in various locations, helping soldiers regain mobility.<\/p>\n<p><img loading=\"lazy\" decoding=\"async\" class=\"alignnone wp-image-35139\" src=\"https:\/\/aslimnica.lv\/wp-content\/uploads\/2022\/05\/MV_08566-598x1024.jpg\" sizes=\"auto, (max-width: 338px) 100vw, 338px\" srcset=\"https:\/\/aslimnica.lv\/wp-content\/uploads\/2022\/05\/MV_08566-598x1024.jpg 598w, https:\/\/aslimnica.lv\/wp-content\/uploads\/2022\/05\/MV_08566-175x300.jpg 175w, https:\/\/aslimnica.lv\/wp-content\/uploads\/2022\/05\/MV_08566-768x1314.jpg 768w, https:\/\/aslimnica.lv\/wp-content\/uploads\/2022\/05\/MV_08566-898x1536.jpg 898w, https:\/\/aslimnica.lv\/wp-content\/uploads\/2022\/05\/MV_08566-1197x2048.jpg 1197w, https:\/\/aslimnica.lv\/wp-content\/uploads\/2022\/05\/MV_08566-1400x2396.jpg 1400w, https:\/\/aslimnica.lv\/wp-content\/uploads\/2022\/05\/MV_08566-181x310.jpg 181w, https:\/\/aslimnica.lv\/wp-content\/uploads\/2022\/05\/MV_08566-228x390.jpg 228w, https:\/\/aslimnica.lv\/wp-content\/uploads\/2022\/05\/MV_08566-700x1198.jpg 700w, https:\/\/aslimnica.lv\/wp-content\/uploads\/2022\/05\/MV_08566-scaled.jpg 1496w\" alt=\"\" width=\"264\" height=\"452\" \/><\/p>\n<p>Plastic surgeon from the Latvian Microsurgery Centre, <strong>Dr. med. M\u0101rti\u0146\u0161 Kapickis<\/strong>, points out: \u201cThe majority of war-injured patients perceive treatment in Latvia as assistance and do not take it for granted. They do not make unreasonable demands and are genuinely grateful for the support provided. This attitude reflects their deep motivation. They defend their country not out of duty but out of conviction and an awareness of its value.\u201d<\/p>\n<p><img loading=\"lazy\" decoding=\"async\" class=\"alignnone size-large wp-image-49458\" src=\"https:\/\/aslimnica.lv\/wp-content\/uploads\/2023\/05\/MV_05692-1024x644.jpg\" sizes=\"auto, (max-width: 1024px) 100vw, 1024px\" srcset=\"https:\/\/aslimnica.lv\/wp-content\/uploads\/2023\/05\/MV_05692-1024x644.jpg 1024w, https:\/\/aslimnica.lv\/wp-content\/uploads\/2023\/05\/MV_05692-300x189.jpg 300w, https:\/\/aslimnica.lv\/wp-content\/uploads\/2023\/05\/MV_05692-768x483.jpg 768w, https:\/\/aslimnica.lv\/wp-content\/uploads\/2023\/05\/MV_05692-1536x966.jpg 1536w, https:\/\/aslimnica.lv\/wp-content\/uploads\/2023\/05\/MV_05692-1400x880.jpg 1400w, https:\/\/aslimnica.lv\/wp-content\/uploads\/2023\/05\/MV_05692-493x310.jpg 493w, https:\/\/aslimnica.lv\/wp-content\/uploads\/2023\/05\/MV_05692-310x195.jpg 310w, https:\/\/aslimnica.lv\/wp-content\/uploads\/2023\/05\/MV_05692-700x440.jpg 700w, https:\/\/aslimnica.lv\/wp-content\/uploads\/2023\/05\/MV_05692.jpg 1600w\" alt=\"\" width=\"1024\" height=\"644\" \/><\/p>\n<p>In order for the injured Ukrainian soldiers to be able to receive treatment and rehabilitation in Latvia, they are transported by a specially equipped bus. This is made possible by the M-Help.com charity project founded by Arvis Rekets and M\u0101rti\u0146\u0161 Medinieks in cooperation with Georgy Logvinsky Charity Foundation.<\/p>\n<p>The founder of the M-Help.com charity project, <strong>M\u0101rti\u0146\u0161 Medinieks<\/strong>, emphasizes that physical injuries are visible, but war-inflicted psychological consequences often cut deeper: \u201cFor many of them, their war experience has lasted longer than any job they have ever held, and their future remains uncertain. Despite the horrors and losses they have endured, they still hold on to hope and a desire to be useful. The medical staff at the East Hospital play a crucial role not only by providing physical assistance but also by offering support and a chance to regain quality of life after the war. I wish those soldiers, whom I deeply respect and consider heroes, as well as their families and loved ones, the strength and resilience to find their path in life.\u201d<\/p>\n<p><a href=\"https:\/\/aslimnica.lv\/wp-content\/uploads\/2025\/02\/WhatsApp-Image-2025-02-21-at-09.13.08.jpeg\"><img loading=\"lazy\" decoding=\"async\" class=\"alignnone wp-image-69015\" src=\"https:\/\/aslimnica.lv\/wp-content\/uploads\/2025\/02\/WhatsApp-Image-2025-02-21-at-09.13.08-768x1024.jpeg\" sizes=\"auto, (max-width: 316px) 100vw, 316px\" srcset=\"https:\/\/aslimnica.lv\/wp-content\/uploads\/2025\/02\/WhatsApp-Image-2025-02-21-at-09.13.08-768x1023.jpeg 768w, https:\/\/aslimnica.lv\/wp-content\/uploads\/2025\/02\/WhatsApp-Image-2025-02-21-at-09.13.08-225x300.jpeg 225w, https:\/\/aslimnica.lv\/wp-content\/uploads\/2025\/02\/WhatsApp-Image-2025-02-21-at-09.13.08-1153x1536.jpeg 1153w, https:\/\/aslimnica.lv\/wp-content\/uploads\/2025\/02\/WhatsApp-Image-2025-02-21-at-09.13.08-233x310.jpeg 233w, https:\/\/aslimnica.lv\/wp-content\/uploads\/2025\/02\/WhatsApp-Image-2025-02-21-at-09.13.08-293x390.jpeg 293w, https:\/\/aslimnica.lv\/wp-content\/uploads\/2025\/02\/WhatsApp-Image-2025-02-21-at-09.13.08-700x933.jpeg 700w, https:\/\/aslimnica.lv\/wp-content\/uploads\/2025\/02\/WhatsApp-Image-2025-02-21-at-09.13.08.jpeg 1200w\" alt=\"\" width=\"316\" height=\"421\" \/><\/a><\/p>\n<p>Sergeant <strong>Maksim Lalldzh<\/strong> is another severely injured soldier who currently undergoes rehabilitation in Latvia. At the beginning of the war, Maksim volunteered to assist soldiers, but after learning of the war crimes being committed, he joined an infantry assault unit of the Ukrainian Armed Forces to defend his family and country. During a combat near Bakhmut, he sustained severe injuries, including wounds to his shoulder, hip, leg, and knee, as well as a concussion. In Ukraine, he underwent an extremely complex surgical procedure, after which his recovery proved to be a significant challenge. Medical care received in Latvia has made it possible for him to improve the functionality of his injured body parts and regain mobility: \u201cI am endlessly grateful to the people of Latvia\u00a0\u2013 the warm-hearted individuals, the outstanding physicians, and the rehabilitation specialists who welcomed and helped us. You have shared your bread with us in our time of need. From the bottom of my heart, I thank you and wish that Latvia never has to experience war.\u201d<\/p>\n<p>The East Hospital was one of the first medical institutions in Latvia to respond to the call for assistance and continues to treat and rehabilitate Ukrainians wounded in the war.<\/p>\n<p>On 27\u00a0February\u00a02025, an aid bus carrying Ukrainians severely injured in the war started by Russia will once again arrive at the East Hospital. The hospital will continue to provide them with the necessary treatment and rehabilitation, reaffirming its unwavering support for Ukraine.<\/p>\n<p><a href=\"https:\/\/aslimnica.lv\/wp-content\/uploads\/2025\/02\/53879012157_39099b5713_h.jpg\"><img loading=\"lazy\" decoding=\"async\" class=\"alignnone size-large wp-image-69024\" src=\"https:\/\/aslimnica.lv\/wp-content\/uploads\/2025\/02\/53879012157_39099b5713_h-1024x644.jpg\" sizes=\"auto, (max-width: 1024px) 100vw, 1024px\" srcset=\"https:\/\/aslimnica.lv\/wp-content\/uploads\/2025\/02\/53879012157_39099b5713_h-1024x644.jpg 1024w, https:\/\/aslimnica.lv\/wp-content\/uploads\/2025\/02\/53879012157_39099b5713_h-300x189.jpg 300w, https:\/\/aslimnica.lv\/wp-content\/uploads\/2025\/02\/53879012157_39099b5713_h-768x483.jpg 768w, https:\/\/aslimnica.lv\/wp-content\/uploads\/2025\/02\/53879012157_39099b5713_h-1536x967.jpg 1536w, https:\/\/aslimnica.lv\/wp-content\/uploads\/2025\/02\/53879012157_39099b5713_h-1400x881.jpg 1400w, https:\/\/aslimnica.lv\/wp-content\/uploads\/2025\/02\/53879012157_39099b5713_h-493x310.jpg 493w, https:\/\/aslimnica.lv\/wp-content\/uploads\/2025\/02\/53879012157_39099b5713_h-310x195.jpg 310w, https:\/\/aslimnica.lv\/wp-content\/uploads\/2025\/02\/53879012157_39099b5713_h-700x441.jpg 700w, https:\/\/aslimnica.lv\/wp-content\/uploads\/2025\/02\/53879012157_39099b5713_h.jpg 1600w\" alt=\"\" width=\"1024\" height=\"644\" \/><\/a><\/p>\n<p><em>Photos documenting the arrival of injured Ukrainian soldiers at the East Hospital are available here: <\/em><a href=\"https:\/\/www.flickr.com\/photos\/austrumu_slimnicas_foto\/albums\/72177720323969468\"><em>https:\/\/www.flickr.com\/photos\/austrumu_slimnicas_foto\/albums\/72177720323969468<\/em><\/a><\/p>\n<hr \/>\n<p><strong><em>About the East Hospital\u00a0 <\/em><\/strong><\/p>\n<p>Riga East Clinical University Hospital is the largest and strategically significant multi-profile hospital in the country. The hospital consists of five inpatient facilities\u00a0\u2013 Gai\u013cezers, Latvian Oncology Centre, Bi\u0137ernieki, Tuberculosis and Lung Disease Centre, and Latvian Infectious Diseases Centre, along with various specialised centres and clinics. The hospital provides highly specialised inpatient and secondary outpatient healthcare, offering multidisciplinary tertiary-level treatment and care in line with modern technology and medical knowledge. Approximately 80% of all cancer patients in Latvia are treated at the hospital. It serves as a practical training base for both Latvian educational institutions and foreign students, providing further education and knowledge transfer to healthcare specialists within and beyond the country. The hospital engages in scientific research and develops innovative methods for patient treatment. As the third-largest employer in the country, the hospital employs around 5000\u00a0staff members.<\/p>\n<p>&nbsp;<\/p>\n","protected":false},"excerpt":{"rendered":"<p>With the day marking three years since Russia\u2019s invasion of Ukraine approaching, the Riga East Clinical University Hospital (East Hospital) believes that the consequences of war\u00a0\u2013 suffering, injuries, and destruction\u00a0\u2013 will be visible and felt for a long time, even more so given that the average age of wounded soldiers is just 30, and their<\/p>\n","protected":false},"author":49,"featured_media":0,"parent":0,"menu_order":0,"comment_status":"closed","ping_status":"closed","template":"","meta":{"_acf_changed":false,"inline_featured_image":false,"footnotes":""},"class_list":["post-69168","page","type-page","status-publish","hentry"],"acf":[],"yoast_head":"<!-- This site is optimized with the Yoast SEO plugin v27.1.1 - https:\/\/yoast.com\/product\/yoast-seo-wordpress\/ -->\n<title>Three years of support: East Hospital has admitted over 430\u00a0severely injured Ukrainian soldiers - aSlimn\u012bca<\/title>\n<meta name=\"robots\" content=\"index, follow, max-snippet:-1, max-image-preview:large, max-video-preview:-1\" \/>\n<link rel=\"canonical\" href=\"https:\/\/aslimnica.lv\/en\/three-years-of-support-east-hospital-has-admitted-over-430-severely-injured-ukrainian-soldiers\/\" \/>\n<meta property=\"og:locale\" content=\"en_US\" \/>\n<meta property=\"og:type\" content=\"article\" \/>\n<meta property=\"og:title\" content=\"Three years of support: East Hospital has admitted over 430\u00a0severely injured Ukrainian soldiers - aSlimn\u012bca\" \/>\n<meta property=\"og:description\" content=\"With the day marking three years since Russia\u2019s invasion of Ukraine approaching, the Riga East Clinical University Hospital (East Hospital) believes that the consequences of war\u00a0\u2013 suffering, injuries, and destruction\u00a0\u2013 will be visible and felt for a long time, even more so given that the average age of wounded soldiers is just 30, and their\" \/>\n<meta property=\"og:url\" content=\"https:\/\/aslimnica.lv\/en\/three-years-of-support-east-hospital-has-admitted-over-430-severely-injured-ukrainian-soldiers\/\" \/>\n<meta property=\"og:site_name\" content=\"aSlimn\u012bca\" \/>\n<meta property=\"og:image\" content=\"https:\/\/aslimnica.lv\/wp-content\/uploads\/2025\/02\/Kara-cietuso-ukrainu-uznemsana-27-1024x732.jpg\" \/>\n<meta name=\"twitter:card\" content=\"summary_large_image\" \/>\n<meta name=\"twitter:label1\" content=\"Est. reading time\" \/>\n\t<meta name=\"twitter:data1\" content=\"8 minutes\" \/>\n<script type=\"application\/ld+json\" class=\"yoast-schema-graph\">{\"@context\":\"https:\/\/schema.org\",\"@graph\":[{\"@type\":\"WebPage\",\"@id\":\"https:\/\/aslimnica.lv\/en\/three-years-of-support-east-hospital-has-admitted-over-430-severely-injured-ukrainian-soldiers\/\",\"url\":\"https:\/\/aslimnica.lv\/en\/three-years-of-support-east-hospital-has-admitted-over-430-severely-injured-ukrainian-soldiers\/\",\"name\":\"Three years of support: East Hospital has admitted over 430\u00a0severely injured Ukrainian soldiers - aSlimn\u012bca\",\"isPartOf\":{\"@id\":\"https:\/\/aslimnica.lv\/en\/#website\"},\"primaryImageOfPage\":{\"@id\":\"https:\/\/aslimnica.lv\/en\/three-years-of-support-east-hospital-has-admitted-over-430-severely-injured-ukrainian-soldiers\/#primaryimage\"},\"image\":{\"@id\":\"https:\/\/aslimnica.lv\/en\/three-years-of-support-east-hospital-has-admitted-over-430-severely-injured-ukrainian-soldiers\/#primaryimage\"},\"thumbnailUrl\":\"https:\/\/aslimnica.lv\/wp-content\/uploads\/2025\/02\/Kara-cietuso-ukrainu-uznemsana-27-1024x732.jpg\",\"datePublished\":\"2025-02-27T07:09:11+00:00\",\"breadcrumb\":{\"@id\":\"https:\/\/aslimnica.lv\/en\/three-years-of-support-east-hospital-has-admitted-over-430-severely-injured-ukrainian-soldiers\/#breadcrumb\"},\"inLanguage\":\"en-US\",\"potentialAction\":[{\"@type\":\"ReadAction\",\"target\":[\"https:\/\/aslimnica.lv\/en\/three-years-of-support-east-hospital-has-admitted-over-430-severely-injured-ukrainian-soldiers\/\"]}]},{\"@type\":\"ImageObject\",\"inLanguage\":\"en-US\",\"@id\":\"https:\/\/aslimnica.lv\/en\/three-years-of-support-east-hospital-has-admitted-over-430-severely-injured-ukrainian-soldiers\/#primaryimage\",\"url\":\"https:\/\/aslimnica.lv\/wp-content\/uploads\/2025\/02\/Kara-cietuso-ukrainu-uznemsana-27-1024x732.jpg\",\"contentUrl\":\"https:\/\/aslimnica.lv\/wp-content\/uploads\/2025\/02\/Kara-cietuso-ukrainu-uznemsana-27-1024x732.jpg\"},{\"@type\":\"BreadcrumbList\",\"@id\":\"https:\/\/aslimnica.lv\/en\/three-years-of-support-east-hospital-has-admitted-over-430-severely-injured-ukrainian-soldiers\/#breadcrumb\",\"itemListElement\":[{\"@type\":\"ListItem\",\"position\":1,\"name\":\"Home\",\"item\":\"https:\/\/aslimnica.lv\/en\/\"},{\"@type\":\"ListItem\",\"position\":2,\"name\":\"Three years of support: East Hospital has admitted over 430\u00a0severely injured Ukrainian soldiers\"}]},{\"@type\":\"WebSite\",\"@id\":\"https:\/\/aslimnica.lv\/en\/#website\",\"url\":\"https:\/\/aslimnica.lv\/en\/\",\"name\":\"aSlimn\u012bca\",\"description\":\"R\u012bgas Austrumu k\u012bnisk\u0101 universit\u0101tes slimn\u012bca\",\"potentialAction\":[{\"@type\":\"SearchAction\",\"target\":{\"@type\":\"EntryPoint\",\"urlTemplate\":\"https:\/\/aslimnica.lv\/en\/?s={search_term_string}\"},\"query-input\":{\"@type\":\"PropertyValueSpecification\",\"valueRequired\":true,\"valueName\":\"search_term_string\"}}],\"inLanguage\":\"en-US\"}]}<\/script>\n<!-- \/ Yoast SEO plugin. -->","yoast_head_json":{"title":"Three years of support: East Hospital has admitted over 430\u00a0severely injured Ukrainian soldiers - aSlimn\u012bca","robots":{"index":"index","follow":"follow","max-snippet":"max-snippet:-1","max-image-preview":"max-image-preview:large","max-video-preview":"max-video-preview:-1"},"canonical":"https:\/\/aslimnica.lv\/en\/three-years-of-support-east-hospital-has-admitted-over-430-severely-injured-ukrainian-soldiers\/","og_locale":"en_US","og_type":"article","og_title":"Three years of support: East Hospital has admitted over 430\u00a0severely injured Ukrainian soldiers - aSlimn\u012bca","og_description":"With the day marking three years since Russia\u2019s invasion of Ukraine approaching, the Riga East Clinical University Hospital (East Hospital) believes that the consequences of war\u00a0\u2013 suffering, injuries, and destruction\u00a0\u2013 will be visible and felt for a long time, even more so given that the average age of wounded soldiers is just 30, and their","og_url":"https:\/\/aslimnica.lv\/en\/three-years-of-support-east-hospital-has-admitted-over-430-severely-injured-ukrainian-soldiers\/","og_site_name":"aSlimn\u012bca","og_image":[{"url":"https:\/\/aslimnica.lv\/wp-content\/uploads\/2025\/02\/Kara-cietuso-ukrainu-uznemsana-27-1024x732.jpg","type":"","width":"","height":""}],"twitter_card":"summary_large_image","twitter_misc":{"Est. reading time":"8 minutes"},"schema":{"@context":"https:\/\/schema.org","@graph":[{"@type":"WebPage","@id":"https:\/\/aslimnica.lv\/en\/three-years-of-support-east-hospital-has-admitted-over-430-severely-injured-ukrainian-soldiers\/","url":"https:\/\/aslimnica.lv\/en\/three-years-of-support-east-hospital-has-admitted-over-430-severely-injured-ukrainian-soldiers\/","name":"Three years of support: East Hospital has admitted over 430\u00a0severely injured Ukrainian soldiers - aSlimn\u012bca","isPartOf":{"@id":"https:\/\/aslimnica.lv\/en\/#website"},"primaryImageOfPage":{"@id":"https:\/\/aslimnica.lv\/en\/three-years-of-support-east-hospital-has-admitted-over-430-severely-injured-ukrainian-soldiers\/#primaryimage"},"image":{"@id":"https:\/\/aslimnica.lv\/en\/three-years-of-support-east-hospital-has-admitted-over-430-severely-injured-ukrainian-soldiers\/#primaryimage"},"thumbnailUrl":"https:\/\/aslimnica.lv\/wp-content\/uploads\/2025\/02\/Kara-cietuso-ukrainu-uznemsana-27-1024x732.jpg","datePublished":"2025-02-27T07:09:11+00:00","breadcrumb":{"@id":"https:\/\/aslimnica.lv\/en\/three-years-of-support-east-hospital-has-admitted-over-430-severely-injured-ukrainian-soldiers\/#breadcrumb"},"inLanguage":"en-US","potentialAction":[{"@type":"ReadAction","target":["https:\/\/aslimnica.lv\/en\/three-years-of-support-east-hospital-has-admitted-over-430-severely-injured-ukrainian-soldiers\/"]}]},{"@type":"ImageObject","inLanguage":"en-US","@id":"https:\/\/aslimnica.lv\/en\/three-years-of-support-east-hospital-has-admitted-over-430-severely-injured-ukrainian-soldiers\/#primaryimage","url":"https:\/\/aslimnica.lv\/wp-content\/uploads\/2025\/02\/Kara-cietuso-ukrainu-uznemsana-27-1024x732.jpg","contentUrl":"https:\/\/aslimnica.lv\/wp-content\/uploads\/2025\/02\/Kara-cietuso-ukrainu-uznemsana-27-1024x732.jpg"},{"@type":"BreadcrumbList","@id":"https:\/\/aslimnica.lv\/en\/three-years-of-support-east-hospital-has-admitted-over-430-severely-injured-ukrainian-soldiers\/#breadcrumb","itemListElement":[{"@type":"ListItem","position":1,"name":"Home","item":"https:\/\/aslimnica.lv\/en\/"},{"@type":"ListItem","position":2,"name":"Three years of support: East Hospital has admitted over 430\u00a0severely injured Ukrainian soldiers"}]},{"@type":"WebSite","@id":"https:\/\/aslimnica.lv\/en\/#website","url":"https:\/\/aslimnica.lv\/en\/","name":"aSlimn\u012bca","description":"R\u012bgas Austrumu k\u012bnisk\u0101 universit\u0101tes slimn\u012bca","potentialAction":[{"@type":"SearchAction","target":{"@type":"EntryPoint","urlTemplate":"https:\/\/aslimnica.lv\/en\/?s={search_term_string}"},"query-input":{"@type":"PropertyValueSpecification","valueRequired":true,"valueName":"search_term_string"}}],"inLanguage":"en-US"}]}},"_links":{"self":[{"href":"https:\/\/aslimnica.lv\/en\/wp-json\/wp\/v2\/pages\/69168","targetHints":{"allow":["GET"]}}],"collection":[{"href":"https:\/\/aslimnica.lv\/en\/wp-json\/wp\/v2\/pages"}],"about":[{"href":"https:\/\/aslimnica.lv\/en\/wp-json\/wp\/v2\/types\/page"}],"author":[{"embeddable":true,"href":"https:\/\/aslimnica.lv\/en\/wp-json\/wp\/v2\/users\/49"}],"replies":[{"embeddable":true,"href":"https:\/\/aslimnica.lv\/en\/wp-json\/wp\/v2\/comments?post=69168"}],"version-history":[{"count":1,"href":"https:\/\/aslimnica.lv\/en\/wp-json\/wp\/v2\/pages\/69168\/revisions"}],"predecessor-version":[{"id":69169,"href":"https:\/\/aslimnica.lv\/en\/wp-json\/wp\/v2\/pages\/69168\/revisions\/69169"}],"wp:attachment":[{"href":"https:\/\/aslimnica.lv\/en\/wp-json\/wp\/v2\/media?parent=69168"}],"curies":[{"name":"wp","href":"https:\/\/api.w.org\/{rel}","templated":true}]}}