{"id":68468,"date":"2025-02-03T12:54:12","date_gmt":"2025-02-03T10:54:12","guid":{"rendered":"https:\/\/aslimnica.lv\/?page_id=68468"},"modified":"2025-02-03T12:54:12","modified_gmt":"2025-02-03T10:54:12","slug":"22nd-arrival-of-severely-injured-ukrainian-soldiers-at-the-east-hospital","status":"publish","type":"page","link":"https:\/\/aslimnica.lv\/en\/22nd-arrival-of-severely-injured-ukrainian-soldiers-at-the-east-hospital\/","title":{"rendered":"22nd arrival of severely injured Ukrainian soldiers at the East Hospital"},"content":{"rendered":"<p><strong>Today, on 23\u00a0January\u00a02025, the Riga East Clinical University Hospital (East Hospital) once again, for the 22<sup>nd<\/sup>\u00a0time to be specific, joins forces with the charity project M-Help.com\u00a0\u2013 this day marks the 22<sup>nd<\/sup>\u00a0arrival of severely injured Ukrainian soldiers in the war started by Russia. Overall, the East Hospital has admitted more than 434\u00a0patients brought from Ukraine since the outbreak of the war. 18\u00a0war victims have made the long journey to Latvia\u2019s largest hospital this time.<\/strong><\/p>\n<p><a href=\"https:\/\/aslimnica.lv\/wp-content\/uploads\/2025\/01\/IMG_3928-scaled.jpeg\"><img loading=\"lazy\" decoding=\"async\" class=\"alignnone  wp-image-68118\" src=\"https:\/\/aslimnica.lv\/wp-content\/uploads\/2025\/01\/IMG_3928-768x1024.jpeg\" alt=\"\" width=\"552\" height=\"736\" srcset=\"https:\/\/aslimnica.lv\/wp-content\/uploads\/2025\/01\/IMG_3928-768x1024.jpeg 768w, https:\/\/aslimnica.lv\/wp-content\/uploads\/2025\/01\/IMG_3928-225x300.jpeg 225w, https:\/\/aslimnica.lv\/wp-content\/uploads\/2025\/01\/IMG_3928-1152x1536.jpeg 1152w, https:\/\/aslimnica.lv\/wp-content\/uploads\/2025\/01\/IMG_3928-1536x2048.jpeg 1536w, https:\/\/aslimnica.lv\/wp-content\/uploads\/2025\/01\/IMG_3928-1400x1867.jpeg 1400w, https:\/\/aslimnica.lv\/wp-content\/uploads\/2025\/01\/IMG_3928-232x310.jpeg 232w, https:\/\/aslimnica.lv\/wp-content\/uploads\/2025\/01\/IMG_3928-292x390.jpeg 292w, https:\/\/aslimnica.lv\/wp-content\/uploads\/2025\/01\/IMG_3928-700x933.jpeg 700w, https:\/\/aslimnica.lv\/wp-content\/uploads\/2025\/01\/IMG_3928-scaled.jpeg 1920w\" sizes=\"auto, (max-width: 552px) 100vw, 552px\" \/><\/a><\/p>\n<p>The bus carrying Ukrainian soldiers was received by the East Hospital\u2019s medical team, including the Medical Director, <strong>Juris Nikolajenko<\/strong>, and the representatives from the Embassy of Ukraine in the Republic of Latvia, <strong>Natalia Bereza<\/strong> and <strong>Evgen Jankovsky<\/strong>.<\/p>\n<p><a href=\"https:\/\/aslimnica.lv\/wp-content\/uploads\/2025\/01\/IMG_3939_jpg-scaled.jpeg\"><img loading=\"lazy\" decoding=\"async\" class=\"alignnone  wp-image-68121\" src=\"https:\/\/aslimnica.lv\/wp-content\/uploads\/2025\/01\/IMG_3939_jpg-768x1024.jpeg\" alt=\"\" width=\"511\" height=\"681\" srcset=\"https:\/\/aslimnica.lv\/wp-content\/uploads\/2025\/01\/IMG_3939_jpg-768x1024.jpeg 768w, https:\/\/aslimnica.lv\/wp-content\/uploads\/2025\/01\/IMG_3939_jpg-225x300.jpeg 225w, https:\/\/aslimnica.lv\/wp-content\/uploads\/2025\/01\/IMG_3939_jpg-1152x1536.jpeg 1152w, https:\/\/aslimnica.lv\/wp-content\/uploads\/2025\/01\/IMG_3939_jpg-1536x2048.jpeg 1536w, https:\/\/aslimnica.lv\/wp-content\/uploads\/2025\/01\/IMG_3939_jpg-1400x1867.jpeg 1400w, https:\/\/aslimnica.lv\/wp-content\/uploads\/2025\/01\/IMG_3939_jpg-233x310.jpeg 233w, https:\/\/aslimnica.lv\/wp-content\/uploads\/2025\/01\/IMG_3939_jpg-293x390.jpeg 293w, https:\/\/aslimnica.lv\/wp-content\/uploads\/2025\/01\/IMG_3939_jpg-700x933.jpeg 700w, https:\/\/aslimnica.lv\/wp-content\/uploads\/2025\/01\/IMG_3939_jpg-scaled.jpeg 1920w\" sizes=\"auto, (max-width: 511px) 100vw, 511px\" \/><\/a><\/p>\n<p>As usual, patients were admitted to the East Hospital by a multi-disciplinary medical team comprised by various specialists and nursing staff from the Emergency Medicine and Patient Admission Clinic (EMPAC).<\/p>\n<p>Treating war-injured patients at the East Hospital is always a collective effort, involving physicians from many different specialties, such as traumatologists, surgeons, microsurgeons, infectious disease specialists, physical and rehabilitation medicine physicians, physiotherapists, occupational therapists, radiologists, and laboratory specialists. Since Russia\u2019s war against Ukraine, which in reality began in 2014, microsurgeons have also been actively involved in treating war-related injuries.<\/p>\n<p>\u201cPatients undergo surgeries for nerve damage of varying complexity and localization, including procedures for closing, replacing, and reconstructing bone and soft tissue defects using microvascular tissue flaps. Since the beginning of the war in 2014, more than 150\u00a0reconstructive surgeries have already been performed on Ukrainian soldiers at the Latvian Microsurgery Centre,\u201d reveals <strong>Dr. med. Uldis Krusti\u0146\u0161<\/strong>, Head of the Latvian Microsurgery Centre.<\/p>\n<p>All patients arriving from Ukraine underwent a thorough health evaluation at the EMPAC, including various laboratory tests and the examination for the possible presence of multidrug-resistant infections, as they can rapidly emerge and spread in wartime conditions. Several injured patients underwent additional radiological examinations by specialists in the Emergency Radiology Department to determine the specifics of their injuries.<\/p>\n<p><a href=\"https:\/\/aslimnica.lv\/wp-content\/uploads\/2025\/01\/IMG_3933_jpg-scaled.jpeg\"><img loading=\"lazy\" decoding=\"async\" class=\"alignnone  wp-image-68124\" src=\"https:\/\/aslimnica.lv\/wp-content\/uploads\/2025\/01\/IMG_3933_jpg-768x1024.jpeg\" alt=\"\" width=\"528\" height=\"704\" srcset=\"https:\/\/aslimnica.lv\/wp-content\/uploads\/2025\/01\/IMG_3933_jpg-768x1024.jpeg 768w, https:\/\/aslimnica.lv\/wp-content\/uploads\/2025\/01\/IMG_3933_jpg-225x300.jpeg 225w, https:\/\/aslimnica.lv\/wp-content\/uploads\/2025\/01\/IMG_3933_jpg-1152x1536.jpeg 1152w, https:\/\/aslimnica.lv\/wp-content\/uploads\/2025\/01\/IMG_3933_jpg-1536x2048.jpeg 1536w, https:\/\/aslimnica.lv\/wp-content\/uploads\/2025\/01\/IMG_3933_jpg-1400x1867.jpeg 1400w, https:\/\/aslimnica.lv\/wp-content\/uploads\/2025\/01\/IMG_3933_jpg-233x310.jpeg 233w, https:\/\/aslimnica.lv\/wp-content\/uploads\/2025\/01\/IMG_3933_jpg-293x390.jpeg 293w, https:\/\/aslimnica.lv\/wp-content\/uploads\/2025\/01\/IMG_3933_jpg-700x933.jpeg 700w, https:\/\/aslimnica.lv\/wp-content\/uploads\/2025\/01\/IMG_3933_jpg-scaled.jpeg 1920w\" sizes=\"auto, (max-width: 528px) 100vw, 528px\" \/><\/a><\/p>\n<p>This time, <strong>four<\/strong> soldiers who have sustained very severe war injuries will receive treatment in the specialized clinics of the East Hospital. One patient will receive treatment in the Trauma and Orthopaedics Clinic under the supervision of surgeons <strong>Andris Vikmanis<\/strong> and <strong>Zangus P\u012blaps<\/strong>, while the other <strong>three<\/strong> soldiers will be treated within the microsurgery specialty, under the care of microsurgeons <strong>M\u0101rti\u0146\u0161 Kapickis<\/strong>, <strong>Uldis Krusti\u0146\u0161<\/strong>, and <strong>J\u0101nis Zari\u0146\u0161<\/strong>. The patients will undergo a series of complex and consecutive surgical procedures in multiple stages. Following these intricate and severe operations for war-related injuries, physiotherapists, occupational therapists, rehabilitation specialists, and functional experts will work with the injured soldiers.<\/p>\n<p>Meanwhile, other patients will go to other healthcare facilities in Latvia, depending on the nature of their injuries, after being examined at the EMPAC. Three patients are expected to continue their treatment in the Trauma and Orthopaedics Hospital, another three patients will be transferred to the Vaivari National Rehabilitation Centre, while eight\u00a0patients will be transported to the Jaun\u0137emeri Rehabilitation Centre.<\/p>\n<p><a href=\"https:\/\/aslimnica.lv\/wp-content\/uploads\/2025\/01\/IMG_3953-scaled-e1737627282602.jpeg\"><img loading=\"lazy\" decoding=\"async\" class=\"alignnone  wp-image-68115\" src=\"https:\/\/aslimnica.lv\/wp-content\/uploads\/2025\/01\/IMG_3953-768x1024.jpeg\" alt=\"\" width=\"528\" height=\"704\" \/><\/a><\/p>\n<p>It is the private initiative by the founders of the charity project M-Help.com, Arvis Rekets and M\u0101rti\u0146\u0161 Medinieks that made it possible to transport the patients affected by the war in Ukraine to the East Hospital. Meanwhile, the Georgy Logvinsky Charity Foundation in Ukraine has equipped and renovated a bus used for the transportation of these patients.<\/p>\n<p><strong><em><u>Photos documenting the arrival of injured Ukrainian soldiers at the East Hospital are available here:<\/u><\/em><\/strong> <a href=\"https:\/\/flic.kr\/s\/aHBqjBZ56G\"><strong><em>https:\/\/flic.kr\/s\/aHBqjBZ56G<\/em><\/strong><\/a><\/p>\n<hr \/>\n<p><em>\u00a0<\/em><em>About the East Hospital\u00a0 <\/em><\/p>\n<p>Riga East Clinical University Hospital is the largest and strategically significant multi-profile hospital in the country. The hospital consists of five inpatient facilities\u00a0\u2013 Gai\u013cezers, Latvian Oncology Centre, Bi\u0137ernieki, Tuberculosis and Lung Disease Centre, and Latvian Infectious Diseases Centre, along with various specialised centres and clinics. The hospital provides highly specialised inpatient and secondary outpatient healthcare, offering multidisciplinary tertiary-level treatment and care in line with modern technology and medical knowledge. Approximately 80% of all cancer patients in Latvia are treated at the hospital. It serves as a practical training base for both Latvian educational institutions and foreign students, providing further education and knowledge transfer to healthcare specialists within and beyond the country. The hospital engages in scientific research and develops innovative methods for patient treatment. As the third-largest employer in the country, the hospital employs around 5000\u00a0staff members.<\/p>\n","protected":false},"excerpt":{"rendered":"<p>Today, on 23\u00a0January\u00a02025, the Riga East Clinical University Hospital (East Hospital) once again, for the 22nd\u00a0time to be specific, joins forces with the charity project M-Help.com\u00a0\u2013 this day marks the 22nd\u00a0arrival of severely injured Ukrainian soldiers in the war started by Russia. Overall, the East Hospital has admitted more than 434\u00a0patients brought from Ukraine since<\/p>\n","protected":false},"author":49,"featured_media":0,"parent":0,"menu_order":0,"comment_status":"closed","ping_status":"closed","template":"","meta":{"_acf_changed":false,"inline_featured_image":false,"footnotes":""},"class_list":["post-68468","page","type-page","status-publish","hentry"],"acf":[],"yoast_head":"<!-- This site is optimized with the Yoast SEO plugin v27.1.1 - https:\/\/yoast.com\/product\/yoast-seo-wordpress\/ -->\n<title>22nd arrival of severely injured Ukrainian soldiers at the East Hospital - aSlimn\u012bca<\/title>\n<meta name=\"robots\" content=\"index, follow, max-snippet:-1, max-image-preview:large, max-video-preview:-1\" \/>\n<link rel=\"canonical\" href=\"https:\/\/aslimnica.lv\/en\/22nd-arrival-of-severely-injured-ukrainian-soldiers-at-the-east-hospital\/\" \/>\n<meta property=\"og:locale\" content=\"en_US\" \/>\n<meta property=\"og:type\" content=\"article\" \/>\n<meta property=\"og:title\" content=\"22nd arrival of severely injured Ukrainian soldiers at the East Hospital - aSlimn\u012bca\" \/>\n<meta property=\"og:description\" content=\"Today, on 23\u00a0January\u00a02025, the Riga East Clinical University Hospital (East Hospital) once again, for the 22nd\u00a0time to be specific, joins forces with the charity project M-Help.com\u00a0\u2013 this day marks the 22nd\u00a0arrival of severely injured Ukrainian soldiers in the war started by Russia. Overall, the East Hospital has admitted more than 434\u00a0patients brought from Ukraine since\" \/>\n<meta property=\"og:url\" content=\"https:\/\/aslimnica.lv\/en\/22nd-arrival-of-severely-injured-ukrainian-soldiers-at-the-east-hospital\/\" \/>\n<meta property=\"og:site_name\" content=\"aSlimn\u012bca\" \/>\n<meta property=\"og:image\" content=\"https:\/\/aslimnica.lv\/wp-content\/uploads\/2025\/01\/IMG_3928-768x1024.jpeg\" \/>\n<meta name=\"twitter:card\" content=\"summary_large_image\" \/>\n<meta name=\"twitter:label1\" content=\"Est. reading time\" \/>\n\t<meta name=\"twitter:data1\" content=\"5 minutes\" \/>\n<script type=\"application\/ld+json\" class=\"yoast-schema-graph\">{\"@context\":\"https:\/\/schema.org\",\"@graph\":[{\"@type\":\"WebPage\",\"@id\":\"https:\/\/aslimnica.lv\/en\/22nd-arrival-of-severely-injured-ukrainian-soldiers-at-the-east-hospital\/\",\"url\":\"https:\/\/aslimnica.lv\/en\/22nd-arrival-of-severely-injured-ukrainian-soldiers-at-the-east-hospital\/\",\"name\":\"22nd arrival of severely injured Ukrainian soldiers at the East Hospital - aSlimn\u012bca\",\"isPartOf\":{\"@id\":\"https:\/\/aslimnica.lv\/en\/#website\"},\"primaryImageOfPage\":{\"@id\":\"https:\/\/aslimnica.lv\/en\/22nd-arrival-of-severely-injured-ukrainian-soldiers-at-the-east-hospital\/#primaryimage\"},\"image\":{\"@id\":\"https:\/\/aslimnica.lv\/en\/22nd-arrival-of-severely-injured-ukrainian-soldiers-at-the-east-hospital\/#primaryimage\"},\"thumbnailUrl\":\"https:\/\/aslimnica.lv\/wp-content\/uploads\/2025\/01\/IMG_3928-768x1024.jpeg\",\"datePublished\":\"2025-02-03T10:54:12+00:00\",\"breadcrumb\":{\"@id\":\"https:\/\/aslimnica.lv\/en\/22nd-arrival-of-severely-injured-ukrainian-soldiers-at-the-east-hospital\/#breadcrumb\"},\"inLanguage\":\"en-US\",\"potentialAction\":[{\"@type\":\"ReadAction\",\"target\":[\"https:\/\/aslimnica.lv\/en\/22nd-arrival-of-severely-injured-ukrainian-soldiers-at-the-east-hospital\/\"]}]},{\"@type\":\"ImageObject\",\"inLanguage\":\"en-US\",\"@id\":\"https:\/\/aslimnica.lv\/en\/22nd-arrival-of-severely-injured-ukrainian-soldiers-at-the-east-hospital\/#primaryimage\",\"url\":\"https:\/\/aslimnica.lv\/wp-content\/uploads\/2025\/01\/IMG_3928-768x1024.jpeg\",\"contentUrl\":\"https:\/\/aslimnica.lv\/wp-content\/uploads\/2025\/01\/IMG_3928-768x1024.jpeg\"},{\"@type\":\"BreadcrumbList\",\"@id\":\"https:\/\/aslimnica.lv\/en\/22nd-arrival-of-severely-injured-ukrainian-soldiers-at-the-east-hospital\/#breadcrumb\",\"itemListElement\":[{\"@type\":\"ListItem\",\"position\":1,\"name\":\"Home\",\"item\":\"https:\/\/aslimnica.lv\/en\/\"},{\"@type\":\"ListItem\",\"position\":2,\"name\":\"22nd arrival of severely injured Ukrainian soldiers at the East Hospital\"}]},{\"@type\":\"WebSite\",\"@id\":\"https:\/\/aslimnica.lv\/en\/#website\",\"url\":\"https:\/\/aslimnica.lv\/en\/\",\"name\":\"aSlimn\u012bca\",\"description\":\"R\u012bgas Austrumu k\u012bnisk\u0101 universit\u0101tes slimn\u012bca\",\"potentialAction\":[{\"@type\":\"SearchAction\",\"target\":{\"@type\":\"EntryPoint\",\"urlTemplate\":\"https:\/\/aslimnica.lv\/en\/?s={search_term_string}\"},\"query-input\":{\"@type\":\"PropertyValueSpecification\",\"valueRequired\":true,\"valueName\":\"search_term_string\"}}],\"inLanguage\":\"en-US\"}]}<\/script>\n<!-- \/ Yoast SEO plugin. -->","yoast_head_json":{"title":"22nd arrival of severely injured Ukrainian soldiers at the East Hospital - aSlimn\u012bca","robots":{"index":"index","follow":"follow","max-snippet":"max-snippet:-1","max-image-preview":"max-image-preview:large","max-video-preview":"max-video-preview:-1"},"canonical":"https:\/\/aslimnica.lv\/en\/22nd-arrival-of-severely-injured-ukrainian-soldiers-at-the-east-hospital\/","og_locale":"en_US","og_type":"article","og_title":"22nd arrival of severely injured Ukrainian soldiers at the East Hospital - aSlimn\u012bca","og_description":"Today, on 23\u00a0January\u00a02025, the Riga East Clinical University Hospital (East Hospital) once again, for the 22nd\u00a0time to be specific, joins forces with the charity project M-Help.com\u00a0\u2013 this day marks the 22nd\u00a0arrival of severely injured Ukrainian soldiers in the war started by Russia. Overall, the East Hospital has admitted more than 434\u00a0patients brought from Ukraine since","og_url":"https:\/\/aslimnica.lv\/en\/22nd-arrival-of-severely-injured-ukrainian-soldiers-at-the-east-hospital\/","og_site_name":"aSlimn\u012bca","og_image":[{"url":"https:\/\/aslimnica.lv\/wp-content\/uploads\/2025\/01\/IMG_3928-768x1024.jpeg","type":"","width":"","height":""}],"twitter_card":"summary_large_image","twitter_misc":{"Est. reading time":"5 minutes"},"schema":{"@context":"https:\/\/schema.org","@graph":[{"@type":"WebPage","@id":"https:\/\/aslimnica.lv\/en\/22nd-arrival-of-severely-injured-ukrainian-soldiers-at-the-east-hospital\/","url":"https:\/\/aslimnica.lv\/en\/22nd-arrival-of-severely-injured-ukrainian-soldiers-at-the-east-hospital\/","name":"22nd arrival of severely injured Ukrainian soldiers at the East Hospital - aSlimn\u012bca","isPartOf":{"@id":"https:\/\/aslimnica.lv\/en\/#website"},"primaryImageOfPage":{"@id":"https:\/\/aslimnica.lv\/en\/22nd-arrival-of-severely-injured-ukrainian-soldiers-at-the-east-hospital\/#primaryimage"},"image":{"@id":"https:\/\/aslimnica.lv\/en\/22nd-arrival-of-severely-injured-ukrainian-soldiers-at-the-east-hospital\/#primaryimage"},"thumbnailUrl":"https:\/\/aslimnica.lv\/wp-content\/uploads\/2025\/01\/IMG_3928-768x1024.jpeg","datePublished":"2025-02-03T10:54:12+00:00","breadcrumb":{"@id":"https:\/\/aslimnica.lv\/en\/22nd-arrival-of-severely-injured-ukrainian-soldiers-at-the-east-hospital\/#breadcrumb"},"inLanguage":"en-US","potentialAction":[{"@type":"ReadAction","target":["https:\/\/aslimnica.lv\/en\/22nd-arrival-of-severely-injured-ukrainian-soldiers-at-the-east-hospital\/"]}]},{"@type":"ImageObject","inLanguage":"en-US","@id":"https:\/\/aslimnica.lv\/en\/22nd-arrival-of-severely-injured-ukrainian-soldiers-at-the-east-hospital\/#primaryimage","url":"https:\/\/aslimnica.lv\/wp-content\/uploads\/2025\/01\/IMG_3928-768x1024.jpeg","contentUrl":"https:\/\/aslimnica.lv\/wp-content\/uploads\/2025\/01\/IMG_3928-768x1024.jpeg"},{"@type":"BreadcrumbList","@id":"https:\/\/aslimnica.lv\/en\/22nd-arrival-of-severely-injured-ukrainian-soldiers-at-the-east-hospital\/#breadcrumb","itemListElement":[{"@type":"ListItem","position":1,"name":"Home","item":"https:\/\/aslimnica.lv\/en\/"},{"@type":"ListItem","position":2,"name":"22nd arrival of severely injured Ukrainian soldiers at the East Hospital"}]},{"@type":"WebSite","@id":"https:\/\/aslimnica.lv\/en\/#website","url":"https:\/\/aslimnica.lv\/en\/","name":"aSlimn\u012bca","description":"R\u012bgas Austrumu k\u012bnisk\u0101 universit\u0101tes slimn\u012bca","potentialAction":[{"@type":"SearchAction","target":{"@type":"EntryPoint","urlTemplate":"https:\/\/aslimnica.lv\/en\/?s={search_term_string}"},"query-input":{"@type":"PropertyValueSpecification","valueRequired":true,"valueName":"search_term_string"}}],"inLanguage":"en-US"}]}},"_links":{"self":[{"href":"https:\/\/aslimnica.lv\/en\/wp-json\/wp\/v2\/pages\/68468","targetHints":{"allow":["GET"]}}],"collection":[{"href":"https:\/\/aslimnica.lv\/en\/wp-json\/wp\/v2\/pages"}],"about":[{"href":"https:\/\/aslimnica.lv\/en\/wp-json\/wp\/v2\/types\/page"}],"author":[{"embeddable":true,"href":"https:\/\/aslimnica.lv\/en\/wp-json\/wp\/v2\/users\/49"}],"replies":[{"embeddable":true,"href":"https:\/\/aslimnica.lv\/en\/wp-json\/wp\/v2\/comments?post=68468"}],"version-history":[{"count":1,"href":"https:\/\/aslimnica.lv\/en\/wp-json\/wp\/v2\/pages\/68468\/revisions"}],"predecessor-version":[{"id":68471,"href":"https:\/\/aslimnica.lv\/en\/wp-json\/wp\/v2\/pages\/68468\/revisions\/68471"}],"wp:attachment":[{"href":"https:\/\/aslimnica.lv\/en\/wp-json\/wp\/v2\/media?parent=68468"}],"curies":[{"name":"wp","href":"https:\/\/api.w.org\/{rel}","templated":true}]}}