{"id":67899,"date":"2025-01-14T10:08:30","date_gmt":"2025-01-14T08:08:30","guid":{"rendered":"https:\/\/aslimnica.lv\/?page_id=67899"},"modified":"2025-01-14T10:12:23","modified_gmt":"2025-01-14T08:12:23","slug":"east-hospitals-medical-staff-notes-changes-in-the-psycho-emotional-state-of-injured-ukrainian-soldiers","status":"publish","type":"page","link":"https:\/\/aslimnica.lv\/en\/east-hospitals-medical-staff-notes-changes-in-the-psycho-emotional-state-of-injured-ukrainian-soldiers\/","title":{"rendered":"East Hospital\u2019s medical staff notes changes in the psycho-emotional state of injured Ukrainian soldiers  \u00a0"},"content":{"rendered":"<p><strong>Today, on 19\u00a0December\u00a02024, the Riga East Clinical University Hospital (East Hospital) once again, for the 21<sup>st<\/sup>\u00a0time to be specific, joins forces with the charity project M-Help.com\u00a0\u2013 this day marks the 21<sup>st<\/sup>\u00a0arrival of severely injured Ukrainian soldiers in the war started by Russia. According to the East Hospital\u2019s medical staff that has been attending to injured Ukrainians for more than two years now, the profile of a Ukrainian soldier has changed, with the most significant shifts related to their psycho-emotional state. The medical staff also points out that one cannot and must not grow accustomed to war.<\/strong><\/p>\n<p><a href=\"https:\/\/aslimnica.lv\/wp-content\/uploads\/2025\/01\/54214340438_451f0ee10c_h.jpg\"><img loading=\"lazy\" decoding=\"async\" class=\"alignnone  wp-image-67900\" src=\"https:\/\/aslimnica.lv\/wp-content\/uploads\/2025\/01\/54214340438_451f0ee10c_h-1024x577.jpg\" alt=\"\" width=\"767\" height=\"432\" srcset=\"https:\/\/aslimnica.lv\/wp-content\/uploads\/2025\/01\/54214340438_451f0ee10c_h-1024x577.jpg 1024w, https:\/\/aslimnica.lv\/wp-content\/uploads\/2025\/01\/54214340438_451f0ee10c_h-300x169.jpg 300w, https:\/\/aslimnica.lv\/wp-content\/uploads\/2025\/01\/54214340438_451f0ee10c_h-768x432.jpg 768w, https:\/\/aslimnica.lv\/wp-content\/uploads\/2025\/01\/54214340438_451f0ee10c_h-1536x865.jpg 1536w, https:\/\/aslimnica.lv\/wp-content\/uploads\/2025\/01\/54214340438_451f0ee10c_h-1400x788.jpg 1400w, https:\/\/aslimnica.lv\/wp-content\/uploads\/2025\/01\/54214340438_451f0ee10c_h-530x298.jpg 530w, https:\/\/aslimnica.lv\/wp-content\/uploads\/2025\/01\/54214340438_451f0ee10c_h-310x175.jpg 310w, https:\/\/aslimnica.lv\/wp-content\/uploads\/2025\/01\/54214340438_451f0ee10c_h-700x394.jpg 700w, https:\/\/aslimnica.lv\/wp-content\/uploads\/2025\/01\/54214340438_451f0ee10c_h.jpg 1600w\" sizes=\"auto, (max-width: 767px) 100vw, 767px\" \/><\/a><\/p>\n<p>Overall, the East Hospital that has been providing aid to injured Ukrainian residents for more than two years now, has admitted 416\u00a0patients brought from Ukraine since the outbreak of the war. 29\u00a0war victims have made the long journey to Latvia\u2019s largest hospital this time, where they were welcomed by the Medical Director of the East Hospital, <strong>Juris Nikolajenko<\/strong>, along with hospital representatives and Ukraine\u2019s authorized ambassador to the Republic of Latvia, <strong>Anatolii Kutsevol<\/strong>. As usual, patients were admitted to the East Hospital by a multi-disciplinary medical team comprised by various specialists and nursing staff from the Emergency Medicine and Patient Admission Clinic (EMPAC).<\/p>\n<p><a href=\"https:\/\/aslimnica.lv\/wp-content\/uploads\/2025\/01\/54213207132_68047688c6_h.jpg\"><img loading=\"lazy\" decoding=\"async\" class=\"alignnone  wp-image-67910\" src=\"https:\/\/aslimnica.lv\/wp-content\/uploads\/2025\/01\/54213207132_68047688c6_h-1024x577.jpg\" alt=\"\" width=\"730\" height=\"411\" srcset=\"https:\/\/aslimnica.lv\/wp-content\/uploads\/2025\/01\/54213207132_68047688c6_h-1024x577.jpg 1024w, https:\/\/aslimnica.lv\/wp-content\/uploads\/2025\/01\/54213207132_68047688c6_h-300x169.jpg 300w, https:\/\/aslimnica.lv\/wp-content\/uploads\/2025\/01\/54213207132_68047688c6_h-768x432.jpg 768w, https:\/\/aslimnica.lv\/wp-content\/uploads\/2025\/01\/54213207132_68047688c6_h-1536x865.jpg 1536w, https:\/\/aslimnica.lv\/wp-content\/uploads\/2025\/01\/54213207132_68047688c6_h-1400x788.jpg 1400w, https:\/\/aslimnica.lv\/wp-content\/uploads\/2025\/01\/54213207132_68047688c6_h-530x298.jpg 530w, https:\/\/aslimnica.lv\/wp-content\/uploads\/2025\/01\/54213207132_68047688c6_h-310x175.jpg 310w, https:\/\/aslimnica.lv\/wp-content\/uploads\/2025\/01\/54213207132_68047688c6_h-700x394.jpg 700w, https:\/\/aslimnica.lv\/wp-content\/uploads\/2025\/01\/54213207132_68047688c6_h.jpg 1600w\" sizes=\"auto, (max-width: 730px) 100vw, 730px\" \/><\/a><\/p>\n<p>Since the day the East Hospital welcomed the first bus with Ukrainian soldiers on 8\u00a0August\u00a02022, the head of EMPAC, <strong>Aleksejs Vi\u0161\u0146akovs<\/strong>, has been actively involved in admitting the injured. \u201cFrom the very first day, we were convinced that providing medical support to those injured in the war is something we can and want to do. Yet none of us knew back then that this unrelenting war would drag on for so long, nor that by 2024, the last Thursday of every month would turn into the \u2018Day of Ukraine\u2019 in our clinic. Living in peace, we have grown accustomed to the war unfolding so nearby, and it seems we perceive it very differently now than we did almost three years ago. However, when I see people who have been through hell and back defending their country and were lucky enough to survive, I have come to realize that one cannot and must not get used to war. Not only soldiers, but also women and children who have been tormented, tortured, and arrive to us with physical and psychological trauma, come here with hopes of recovery. In their eyes, you can see profound suffering, hatred towards the enemy, and also hope for victory. Our support is incredibly important to them, which is why we do this work with pride and honour. And every time we welcome another bus from Ukraine, we hope that peace will soon prevail,\u201d says <strong>Aleksejs Vi\u0161\u0146akovs<\/strong>.<\/p>\n<p><img loading=\"lazy\" decoding=\"async\" class=\"\" src=\"https:\/\/aslimnica.lv\/wp-content\/uploads\/2021\/03\/MV_02776-581x1024.jpg\" width=\"209\" height=\"368\" \/><\/p>\n<p>\u201cThe profile of a Ukrainian soldier has changed, with the most significant shifts related to their psycho-emotional state\u201d, shares the head of the East Hospital\u2019s Trauma and Orthopaedics Clinic, <strong>Andris Vikmanis<\/strong>, who, like his colleague, has been attending to the injured since the very first day in 2022. \u201cInitially, the soldiers were optimistic, actively discussing various socially relevant topics, including the war. But now, they are quiet, with great respect for the hospital\u2019s physicians and staff, their demeanour heavy and downcast. They hardly speak about the war or what they experienced there. In conversation with the attending physician, they briefly mention how the injury was sustained and which weapon caused it. They have grown accustomed to, and learned to live with, physical pain, and they are deeply grateful to Latvian physicians for performing surgeries and providing care,\u201d says <strong>Andris Vikmanis<\/strong>.<\/p>\n<p>Describing the sustained injuries, required surgeries, and the psycho-emotional state of the injured, <strong>Andris Vikmanis<\/strong> explains: \u201cWar injuries are characterized by high-energy trauma and severe, brutal disfigurements to the human body. These are large and extensive soft bone tissue defects and infections, for which it is difficult to find effective antibiotics due to resistance. War victims undergo treatment in multiple consecutive stages, where surgery is followed by rehabilitation and, later on, repeated surgeries. Soldiers must undergo long-term treatment in order to alleviate the consequences of their injuries and disfigurements. This requires willpower and resilience, but more than physical injuries, it is the psycho-emotional state that suffers the most.\u201d<\/p>\n<p>At the same time, the process of treating Ukrainian residents has presented new models of collaboration and allowed to deepen the understanding between the physicians and other specialists at the East Hospital. \u201cThe daily work of our medical staff in treating war injuries has brought invaluable experience in teamwork and skill enhancement. Treating war-injured patients is always a collective effort, involving physicians from many different specialties, such as traumatologists, surgeons, microsurgeons, infectious disease specialists, physical and rehabilitation medicine physicians, physiotherapists, occupational therapists, radiologists, and laboratory specialists. Coordinated collaboration is crucial, and we ensure that it is in place,\u201d says <strong>Andris Vikmanis<\/strong>, pointing out that \u201cseeing how the Ukrainians support each other and remain united in their vision for the future, we are inspired to help even more\u201d.<\/p>\n<p>All patients arriving from Ukraine to the East Hospital undergo a thorough health evaluation, including various laboratory tests. A minimum of 10\u00a0different samples are collected from each patient, and these samples are analysed in the East Hospital\u2019s Laboratory Service for at least 27\u00a0different parameters, including the possible presence of multidrug-resistant infections, known to rapidly emerge and spread under wartime conditions. Several injured patients underwent additional radiological examinations by specialists in the Emergency Radiology Department to determine the specifics of their injuries.<\/p>\n<p>This time, three soldiers who have sustained very severe war injuries will receive treatment in the specialized clinics of the East Hospital, all within the microsurgery specialty, under the leadership of microsurgeons <strong>M\u0101rti\u0146\u0161 Kapickis<\/strong> and <strong>J\u0101nis Zari\u0146\u0161.<\/strong> The patients will undergo a series of complex and consecutive surgical procedures in multiple stages. Following these intricate and severe operations for war-related injuries, physiotherapists, occupational therapists, rehabilitation specialists, and functional experts will work with the injured soldiers.<\/p>\n<p>Meanwhile, other patients will go to other healthcare facilities in Latvia, depending on the nature of their injuries, after being examined at the EMPAC. One patient is expected to continue his treatment at the Trauma and Orthopaedics Hospital, ten patients will be transferred to the Vaivari National Rehabilitation Centre, nine patients\u00a0\u2013 to the Jaun\u0137emeri Rehabilitation Centre, while six patients will be transported for long-term rehabilitation to the L\u012bgatne Rehabilitation Centre.<\/p>\n<p>It is the private initiative by the founders of the charity project M-Help.com, Arvis Rekets and M\u0101rti\u0146\u0161 Medinieks that made it possible to transport the patients affected by the war in Ukraine to the East Hospital. Meanwhile, the Georgy Logvinsky Charity Foundation in Ukraine has equipped and renovated a bus used for the transportation of these patients.<\/p>\n<p><strong><em><u>Photos documenting the arrival of injured Ukrainian soldiers at the East Hospital are available here: <\/u><\/em><\/strong><a href=\"https:\/\/www.flickr.com\/photos\/austrumu_slimnicas_foto\/albums\/72177720322664852\"><strong><em>https:\/\/www.flickr.com\/photos\/austrumu_slimnicas_foto\/albums\/72177720322664852<\/em><\/strong><\/a><\/p>\n<hr \/>\n<p><em>About the East Hospital\u00a0 <\/em><\/p>\n<p>Riga East Clinical University Hospital is the largest and strategically significant multi-profile hospital in the country. The hospital consists of five inpatient facilities\u00a0\u2013 Gai\u013cezers, Latvian Oncology Centre, Bi\u0137ernieki, Tuberculosis and Lung Disease Centre, and Latvian Infectious Diseases Centre, along with various specialised centres and clinics. The hospital provides highly specialised inpatient and secondary outpatient healthcare, offering multidisciplinary tertiary-level treatment and care in line with modern technology and medical knowledge. Approximately 80% of all cancer patients in Latvia are treated at the hospital. It serves as a practical training base for both Latvian educational institutions and foreign students, providing further education and knowledge transfer to healthcare specialists within and beyond the country. The hospital engages in scientific research and develops innovative methods for patient treatment. As the third-largest employer in the country, the hospital employs around 5000\u00a0staff members.<\/p>\n","protected":false},"excerpt":{"rendered":"<p>Today, on 19\u00a0December\u00a02024, the Riga East Clinical University Hospital (East Hospital) once again, for the 21st\u00a0time to be specific, joins forces with the charity project M-Help.com\u00a0\u2013 this day marks the 21st\u00a0arrival of severely injured Ukrainian soldiers in the war started by Russia. According to the East Hospital\u2019s medical staff that has been attending to injured<\/p>\n","protected":false},"author":49,"featured_media":0,"parent":0,"menu_order":0,"comment_status":"closed","ping_status":"closed","template":"","meta":{"_acf_changed":false,"inline_featured_image":false,"footnotes":""},"class_list":["post-67899","page","type-page","status-publish","hentry"],"acf":[],"yoast_head":"<!-- This site is optimized with the Yoast SEO plugin v27.1.1 - https:\/\/yoast.com\/product\/yoast-seo-wordpress\/ -->\n<title>East Hospital\u2019s medical staff notes changes in the psycho-emotional state of injured Ukrainian soldiers \u00a0 - aSlimn\u012bca<\/title>\n<meta name=\"robots\" content=\"index, follow, max-snippet:-1, max-image-preview:large, max-video-preview:-1\" \/>\n<link rel=\"canonical\" href=\"https:\/\/aslimnica.lv\/en\/east-hospitals-medical-staff-notes-changes-in-the-psycho-emotional-state-of-injured-ukrainian-soldiers\/\" \/>\n<meta property=\"og:locale\" content=\"en_US\" \/>\n<meta property=\"og:type\" content=\"article\" \/>\n<meta property=\"og:title\" content=\"East Hospital\u2019s medical staff notes changes in the psycho-emotional state of injured Ukrainian soldiers \u00a0 - aSlimn\u012bca\" \/>\n<meta property=\"og:description\" content=\"Today, on 19\u00a0December\u00a02024, the Riga East Clinical University Hospital (East Hospital) once again, for the 21st\u00a0time to be specific, joins forces with the charity project M-Help.com\u00a0\u2013 this day marks the 21st\u00a0arrival of severely injured Ukrainian soldiers in the war started by Russia. According to the East Hospital\u2019s medical staff that has been attending to injured\" \/>\n<meta property=\"og:url\" content=\"https:\/\/aslimnica.lv\/en\/east-hospitals-medical-staff-notes-changes-in-the-psycho-emotional-state-of-injured-ukrainian-soldiers\/\" \/>\n<meta property=\"og:site_name\" content=\"aSlimn\u012bca\" \/>\n<meta property=\"article:modified_time\" content=\"2025-01-14T08:12:23+00:00\" \/>\n<meta property=\"og:image\" content=\"https:\/\/aslimnica.lv\/wp-content\/uploads\/2025\/01\/54214340438_451f0ee10c_h-1024x577.jpg\" \/>\n<meta name=\"twitter:card\" content=\"summary_large_image\" \/>\n<meta name=\"twitter:label1\" content=\"Est. reading time\" \/>\n\t<meta name=\"twitter:data1\" content=\"8 minutes\" \/>\n<script type=\"application\/ld+json\" class=\"yoast-schema-graph\">{\"@context\":\"https:\/\/schema.org\",\"@graph\":[{\"@type\":\"WebPage\",\"@id\":\"https:\/\/aslimnica.lv\/en\/east-hospitals-medical-staff-notes-changes-in-the-psycho-emotional-state-of-injured-ukrainian-soldiers\/\",\"url\":\"https:\/\/aslimnica.lv\/en\/east-hospitals-medical-staff-notes-changes-in-the-psycho-emotional-state-of-injured-ukrainian-soldiers\/\",\"name\":\"East Hospital\u2019s medical staff notes changes in the psycho-emotional state of injured Ukrainian soldiers \u00a0 - aSlimn\u012bca\",\"isPartOf\":{\"@id\":\"https:\/\/aslimnica.lv\/en\/#website\"},\"primaryImageOfPage\":{\"@id\":\"https:\/\/aslimnica.lv\/en\/east-hospitals-medical-staff-notes-changes-in-the-psycho-emotional-state-of-injured-ukrainian-soldiers\/#primaryimage\"},\"image\":{\"@id\":\"https:\/\/aslimnica.lv\/en\/east-hospitals-medical-staff-notes-changes-in-the-psycho-emotional-state-of-injured-ukrainian-soldiers\/#primaryimage\"},\"thumbnailUrl\":\"https:\/\/aslimnica.lv\/wp-content\/uploads\/2025\/01\/54214340438_451f0ee10c_h-1024x577.jpg\",\"datePublished\":\"2025-01-14T08:08:30+00:00\",\"dateModified\":\"2025-01-14T08:12:23+00:00\",\"breadcrumb\":{\"@id\":\"https:\/\/aslimnica.lv\/en\/east-hospitals-medical-staff-notes-changes-in-the-psycho-emotional-state-of-injured-ukrainian-soldiers\/#breadcrumb\"},\"inLanguage\":\"en-US\",\"potentialAction\":[{\"@type\":\"ReadAction\",\"target\":[\"https:\/\/aslimnica.lv\/en\/east-hospitals-medical-staff-notes-changes-in-the-psycho-emotional-state-of-injured-ukrainian-soldiers\/\"]}]},{\"@type\":\"ImageObject\",\"inLanguage\":\"en-US\",\"@id\":\"https:\/\/aslimnica.lv\/en\/east-hospitals-medical-staff-notes-changes-in-the-psycho-emotional-state-of-injured-ukrainian-soldiers\/#primaryimage\",\"url\":\"https:\/\/aslimnica.lv\/wp-content\/uploads\/2025\/01\/54214340438_451f0ee10c_h-1024x577.jpg\",\"contentUrl\":\"https:\/\/aslimnica.lv\/wp-content\/uploads\/2025\/01\/54214340438_451f0ee10c_h-1024x577.jpg\"},{\"@type\":\"BreadcrumbList\",\"@id\":\"https:\/\/aslimnica.lv\/en\/east-hospitals-medical-staff-notes-changes-in-the-psycho-emotional-state-of-injured-ukrainian-soldiers\/#breadcrumb\",\"itemListElement\":[{\"@type\":\"ListItem\",\"position\":1,\"name\":\"Home\",\"item\":\"https:\/\/aslimnica.lv\/en\/\"},{\"@type\":\"ListItem\",\"position\":2,\"name\":\"East Hospital\u2019s medical staff notes changes in the psycho-emotional state of injured Ukrainian soldiers \u00a0\"}]},{\"@type\":\"WebSite\",\"@id\":\"https:\/\/aslimnica.lv\/en\/#website\",\"url\":\"https:\/\/aslimnica.lv\/en\/\",\"name\":\"aSlimn\u012bca\",\"description\":\"R\u012bgas Austrumu k\u012bnisk\u0101 universit\u0101tes slimn\u012bca\",\"potentialAction\":[{\"@type\":\"SearchAction\",\"target\":{\"@type\":\"EntryPoint\",\"urlTemplate\":\"https:\/\/aslimnica.lv\/en\/?s={search_term_string}\"},\"query-input\":{\"@type\":\"PropertyValueSpecification\",\"valueRequired\":true,\"valueName\":\"search_term_string\"}}],\"inLanguage\":\"en-US\"}]}<\/script>\n<!-- \/ Yoast SEO plugin. -->","yoast_head_json":{"title":"East Hospital\u2019s medical staff notes changes in the psycho-emotional state of injured Ukrainian soldiers \u00a0 - aSlimn\u012bca","robots":{"index":"index","follow":"follow","max-snippet":"max-snippet:-1","max-image-preview":"max-image-preview:large","max-video-preview":"max-video-preview:-1"},"canonical":"https:\/\/aslimnica.lv\/en\/east-hospitals-medical-staff-notes-changes-in-the-psycho-emotional-state-of-injured-ukrainian-soldiers\/","og_locale":"en_US","og_type":"article","og_title":"East Hospital\u2019s medical staff notes changes in the psycho-emotional state of injured Ukrainian soldiers \u00a0 - aSlimn\u012bca","og_description":"Today, on 19\u00a0December\u00a02024, the Riga East Clinical University Hospital (East Hospital) once again, for the 21st\u00a0time to be specific, joins forces with the charity project M-Help.com\u00a0\u2013 this day marks the 21st\u00a0arrival of severely injured Ukrainian soldiers in the war started by Russia. According to the East Hospital\u2019s medical staff that has been attending to injured","og_url":"https:\/\/aslimnica.lv\/en\/east-hospitals-medical-staff-notes-changes-in-the-psycho-emotional-state-of-injured-ukrainian-soldiers\/","og_site_name":"aSlimn\u012bca","article_modified_time":"2025-01-14T08:12:23+00:00","og_image":[{"url":"https:\/\/aslimnica.lv\/wp-content\/uploads\/2025\/01\/54214340438_451f0ee10c_h-1024x577.jpg","type":"","width":"","height":""}],"twitter_card":"summary_large_image","twitter_misc":{"Est. reading time":"8 minutes"},"schema":{"@context":"https:\/\/schema.org","@graph":[{"@type":"WebPage","@id":"https:\/\/aslimnica.lv\/en\/east-hospitals-medical-staff-notes-changes-in-the-psycho-emotional-state-of-injured-ukrainian-soldiers\/","url":"https:\/\/aslimnica.lv\/en\/east-hospitals-medical-staff-notes-changes-in-the-psycho-emotional-state-of-injured-ukrainian-soldiers\/","name":"East Hospital\u2019s medical staff notes changes in the psycho-emotional state of injured Ukrainian soldiers \u00a0 - aSlimn\u012bca","isPartOf":{"@id":"https:\/\/aslimnica.lv\/en\/#website"},"primaryImageOfPage":{"@id":"https:\/\/aslimnica.lv\/en\/east-hospitals-medical-staff-notes-changes-in-the-psycho-emotional-state-of-injured-ukrainian-soldiers\/#primaryimage"},"image":{"@id":"https:\/\/aslimnica.lv\/en\/east-hospitals-medical-staff-notes-changes-in-the-psycho-emotional-state-of-injured-ukrainian-soldiers\/#primaryimage"},"thumbnailUrl":"https:\/\/aslimnica.lv\/wp-content\/uploads\/2025\/01\/54214340438_451f0ee10c_h-1024x577.jpg","datePublished":"2025-01-14T08:08:30+00:00","dateModified":"2025-01-14T08:12:23+00:00","breadcrumb":{"@id":"https:\/\/aslimnica.lv\/en\/east-hospitals-medical-staff-notes-changes-in-the-psycho-emotional-state-of-injured-ukrainian-soldiers\/#breadcrumb"},"inLanguage":"en-US","potentialAction":[{"@type":"ReadAction","target":["https:\/\/aslimnica.lv\/en\/east-hospitals-medical-staff-notes-changes-in-the-psycho-emotional-state-of-injured-ukrainian-soldiers\/"]}]},{"@type":"ImageObject","inLanguage":"en-US","@id":"https:\/\/aslimnica.lv\/en\/east-hospitals-medical-staff-notes-changes-in-the-psycho-emotional-state-of-injured-ukrainian-soldiers\/#primaryimage","url":"https:\/\/aslimnica.lv\/wp-content\/uploads\/2025\/01\/54214340438_451f0ee10c_h-1024x577.jpg","contentUrl":"https:\/\/aslimnica.lv\/wp-content\/uploads\/2025\/01\/54214340438_451f0ee10c_h-1024x577.jpg"},{"@type":"BreadcrumbList","@id":"https:\/\/aslimnica.lv\/en\/east-hospitals-medical-staff-notes-changes-in-the-psycho-emotional-state-of-injured-ukrainian-soldiers\/#breadcrumb","itemListElement":[{"@type":"ListItem","position":1,"name":"Home","item":"https:\/\/aslimnica.lv\/en\/"},{"@type":"ListItem","position":2,"name":"East Hospital\u2019s medical staff notes changes in the psycho-emotional state of injured Ukrainian soldiers \u00a0"}]},{"@type":"WebSite","@id":"https:\/\/aslimnica.lv\/en\/#website","url":"https:\/\/aslimnica.lv\/en\/","name":"aSlimn\u012bca","description":"R\u012bgas Austrumu k\u012bnisk\u0101 universit\u0101tes slimn\u012bca","potentialAction":[{"@type":"SearchAction","target":{"@type":"EntryPoint","urlTemplate":"https:\/\/aslimnica.lv\/en\/?s={search_term_string}"},"query-input":{"@type":"PropertyValueSpecification","valueRequired":true,"valueName":"search_term_string"}}],"inLanguage":"en-US"}]}},"_links":{"self":[{"href":"https:\/\/aslimnica.lv\/en\/wp-json\/wp\/v2\/pages\/67899","targetHints":{"allow":["GET"]}}],"collection":[{"href":"https:\/\/aslimnica.lv\/en\/wp-json\/wp\/v2\/pages"}],"about":[{"href":"https:\/\/aslimnica.lv\/en\/wp-json\/wp\/v2\/types\/page"}],"author":[{"embeddable":true,"href":"https:\/\/aslimnica.lv\/en\/wp-json\/wp\/v2\/users\/49"}],"replies":[{"embeddable":true,"href":"https:\/\/aslimnica.lv\/en\/wp-json\/wp\/v2\/comments?post=67899"}],"version-history":[{"count":2,"href":"https:\/\/aslimnica.lv\/en\/wp-json\/wp\/v2\/pages\/67899\/revisions"}],"predecessor-version":[{"id":67916,"href":"https:\/\/aslimnica.lv\/en\/wp-json\/wp\/v2\/pages\/67899\/revisions\/67916"}],"wp:attachment":[{"href":"https:\/\/aslimnica.lv\/en\/wp-json\/wp\/v2\/media?parent=67899"}],"curies":[{"name":"wp","href":"https:\/\/api.w.org\/{rel}","templated":true}]}}