{"id":67673,"date":"2025-01-03T09:36:15","date_gmt":"2025-01-03T07:36:15","guid":{"rendered":"https:\/\/aslimnica.lv\/?page_id=67673"},"modified":"2025-01-03T11:46:43","modified_gmt":"2025-01-03T09:46:43","slug":"the-east-hospital-hosts-representatives-of-the-nordic-baltic-comprehensive-cancer-centre-network-a-joint-effort-to-improve-healthcare-quality-in-the-field-of-oncology","status":"publish","type":"page","link":"https:\/\/aslimnica.lv\/en\/the-east-hospital-hosts-representatives-of-the-nordic-baltic-comprehensive-cancer-centre-network-a-joint-effort-to-improve-healthcare-quality-in-the-field-of-oncology\/","title":{"rendered":"The East Hospital hosts representatives of the Nordic-Baltic Comprehensive Cancer Centre Network \u2013 a joint effort to improve healthcare quality in the field of oncology"},"content":{"rendered":"<p>On 2\u00a0December, the Riga East University Hospital hosted for the first-ever conference for the representatives of the Nordic-Baltic Comprehensive Cancer Centre Network focused on strengthening collaboration and taking joint steps to improve healthcare quality in oncology.<\/p>\n<p><a href=\"https:\/\/aslimnica.lv\/wp-content\/uploads\/2025\/01\/469340944_1145046554294134_7879979105082032587_n-e1735889652873.jpg\"><img loading=\"lazy\" decoding=\"async\" class=\"alignnone wp-image-67674 \" src=\"https:\/\/aslimnica.lv\/wp-content\/uploads\/2025\/01\/469340944_1145046554294134_7879979105082032587_n-e1735889652873-1024x540.jpg\" alt=\"\" width=\"635\" height=\"335\" srcset=\"https:\/\/aslimnica.lv\/wp-content\/uploads\/2025\/01\/469340944_1145046554294134_7879979105082032587_n-e1735889652873-1024x540.jpg 1024w, https:\/\/aslimnica.lv\/wp-content\/uploads\/2025\/01\/469340944_1145046554294134_7879979105082032587_n-e1735889652873-300x158.jpg 300w, https:\/\/aslimnica.lv\/wp-content\/uploads\/2025\/01\/469340944_1145046554294134_7879979105082032587_n-e1735889652873-768x405.jpg 768w, https:\/\/aslimnica.lv\/wp-content\/uploads\/2025\/01\/469340944_1145046554294134_7879979105082032587_n-e1735889652873-1536x809.jpg 1536w, https:\/\/aslimnica.lv\/wp-content\/uploads\/2025\/01\/469340944_1145046554294134_7879979105082032587_n-e1735889652873-1400x738.jpg 1400w, https:\/\/aslimnica.lv\/wp-content\/uploads\/2025\/01\/469340944_1145046554294134_7879979105082032587_n-e1735889652873-530x279.jpg 530w, https:\/\/aslimnica.lv\/wp-content\/uploads\/2025\/01\/469340944_1145046554294134_7879979105082032587_n-e1735889652873-310x163.jpg 310w, https:\/\/aslimnica.lv\/wp-content\/uploads\/2025\/01\/469340944_1145046554294134_7879979105082032587_n-e1735889652873-700x369.jpg 700w, https:\/\/aslimnica.lv\/wp-content\/uploads\/2025\/01\/469340944_1145046554294134_7879979105082032587_n-e1735889652873.jpg 1600w\" sizes=\"auto, (max-width: 635px) 100vw, 635px\" \/><\/a><\/p>\n<p>The conference saw participation from distinguished oncology specialists from all Nordic countries except Iceland, as well as representatives from the Baltic states \u2013 Latvia, Lithuania, and Estonia. The event was hosted by Per Magnus M\u00e6hle, Head of the EU Projects Department at Oslo University Hospital. The Riga East University Hospital team was represented by Normunds Sta\u0146\u0113vi\u010ds, Chairman of the Board, and Andrejs P\u010dolkins, head of the Latvian Oncology Centre inpatient facility, who emphasized the hospital\u2019s role in cancer treatment in Latvia and international collaboration.<\/p>\n<p><a href=\"https:\/\/aslimnica.lv\/wp-content\/uploads\/2024\/05\/Stanevics-scaled-e1727079824721.jpg\"><img loading=\"lazy\" decoding=\"async\" class=\"alignnone wp-image-61763\" src=\"https:\/\/aslimnica.lv\/wp-content\/uploads\/2024\/05\/Stanevics-736x1024.jpg\" alt=\"\" width=\"260\" height=\"362\" srcset=\"https:\/\/aslimnica.lv\/wp-content\/uploads\/2024\/05\/Stanevics-736x1024.jpg 736w, https:\/\/aslimnica.lv\/wp-content\/uploads\/2024\/05\/Stanevics-216x300.jpg 216w, https:\/\/aslimnica.lv\/wp-content\/uploads\/2024\/05\/Stanevics-768x1068.jpg 768w, https:\/\/aslimnica.lv\/wp-content\/uploads\/2024\/05\/Stanevics-1104x1536.jpg 1104w, https:\/\/aslimnica.lv\/wp-content\/uploads\/2024\/05\/Stanevics-1472x2048.jpg 1472w, https:\/\/aslimnica.lv\/wp-content\/uploads\/2024\/05\/Stanevics-1400x1948.jpg 1400w, https:\/\/aslimnica.lv\/wp-content\/uploads\/2024\/05\/Stanevics-223x310.jpg 223w, https:\/\/aslimnica.lv\/wp-content\/uploads\/2024\/05\/Stanevics-280x390.jpg 280w, https:\/\/aslimnica.lv\/wp-content\/uploads\/2024\/05\/Stanevics-700x974.jpg 700w, https:\/\/aslimnica.lv\/wp-content\/uploads\/2024\/05\/Stanevics-scaled.jpg 1840w\" sizes=\"auto, (max-width: 260px) 100vw, 260px\" \/><\/a><\/p>\n<p>In his speech, <strong>Normunds Sta\u0146\u0113vi\u010ds<\/strong> pointed out: \u201cThe Riga East University Hospital is recognized as a leader in cancer treatment in Latvia, providing treatment to over 85% of newly diagnosed adult cancer patients in the country every year. Effective guidelines and collaboration in clinical research form the basis for high-quality treatment and care. Our priorities include advancing molecular diagnostics and precision medicine, as well as the secondary use of clinical data for research and quality improvement. However, in light of the high rates of cancer incidence and mortality, it is clear that there is still much to be done.\u201d He also emphasized the need to increase cancer screening coverage in remote regions and strengthen international research collaboration through shared data systems.<\/p>\n<p>This conference is a crucial step toward achieving the goal of the Europe\u2019s Beating Cancer Plan requiring that 90% of cancer patients in Europe have access to care within the Comprehensive Cancer Centre Network by 2030. Riga East University Hospital has taken up a crucial role in this process, coordinating in Latvia the EUNetCCC project which seeks to address key challenges, including to ensure equal access to cancer care and promoting international data sharing. The achievements of the project will speed up clinical research, advance the development of new therapies, and offer training for the next generation of cancer researchers. Meanwhile, the hospital is actively engaged in assuring implementation of the recommendations of the recently completed DG REFORM project under the Technical Support initiative.<\/p>\n","protected":false},"excerpt":{"rendered":"<p>On 2\u00a0December, the Riga East University Hospital hosted for the first-ever conference for the representatives of the Nordic-Baltic Comprehensive Cancer Centre Network focused on strengthening collaboration and taking joint steps to improve healthcare quality in oncology. The conference saw participation from distinguished oncology specialists from all Nordic countries except Iceland, as well as representatives from<\/p>\n","protected":false},"author":49,"featured_media":0,"parent":0,"menu_order":0,"comment_status":"closed","ping_status":"closed","template":"","meta":{"_acf_changed":false,"inline_featured_image":false,"footnotes":""},"class_list":["post-67673","page","type-page","status-publish","hentry"],"acf":[],"yoast_head":"<!-- This site is optimized with the Yoast SEO plugin v27.1.1 - https:\/\/yoast.com\/product\/yoast-seo-wordpress\/ -->\n<title>The East Hospital hosts representatives of the Nordic-Baltic Comprehensive Cancer Centre Network \u2013 a joint effort to improve healthcare quality in the field of oncology - aSlimn\u012bca<\/title>\n<meta name=\"robots\" content=\"index, follow, max-snippet:-1, max-image-preview:large, max-video-preview:-1\" \/>\n<link rel=\"canonical\" href=\"https:\/\/aslimnica.lv\/en\/the-east-hospital-hosts-representatives-of-the-nordic-baltic-comprehensive-cancer-centre-network-a-joint-effort-to-improve-healthcare-quality-in-the-field-of-oncology\/\" \/>\n<meta property=\"og:locale\" content=\"en_US\" \/>\n<meta property=\"og:type\" content=\"article\" \/>\n<meta property=\"og:title\" content=\"The East Hospital hosts representatives of the Nordic-Baltic Comprehensive Cancer Centre Network \u2013 a joint effort to improve healthcare quality in the field of oncology - aSlimn\u012bca\" \/>\n<meta property=\"og:description\" content=\"On 2\u00a0December, the Riga East University Hospital hosted for the first-ever conference for the representatives of the Nordic-Baltic Comprehensive Cancer Centre Network focused on strengthening collaboration and taking joint steps to improve healthcare quality in oncology. The conference saw participation from distinguished oncology specialists from all Nordic countries except Iceland, as well as representatives from\" \/>\n<meta property=\"og:url\" content=\"https:\/\/aslimnica.lv\/en\/the-east-hospital-hosts-representatives-of-the-nordic-baltic-comprehensive-cancer-centre-network-a-joint-effort-to-improve-healthcare-quality-in-the-field-of-oncology\/\" \/>\n<meta property=\"og:site_name\" content=\"aSlimn\u012bca\" \/>\n<meta property=\"article:modified_time\" content=\"2025-01-03T09:46:43+00:00\" \/>\n<meta property=\"og:image\" content=\"https:\/\/aslimnica.lv\/wp-content\/uploads\/2025\/01\/469340944_1145046554294134_7879979105082032587_n-e1735889652873-1024x540.jpg\" \/>\n<meta name=\"twitter:card\" content=\"summary_large_image\" \/>\n<meta name=\"twitter:label1\" content=\"Est. reading time\" \/>\n\t<meta name=\"twitter:data1\" content=\"3 minutes\" \/>\n<script type=\"application\/ld+json\" class=\"yoast-schema-graph\">{\"@context\":\"https:\/\/schema.org\",\"@graph\":[{\"@type\":\"WebPage\",\"@id\":\"https:\/\/aslimnica.lv\/en\/the-east-hospital-hosts-representatives-of-the-nordic-baltic-comprehensive-cancer-centre-network-a-joint-effort-to-improve-healthcare-quality-in-the-field-of-oncology\/\",\"url\":\"https:\/\/aslimnica.lv\/en\/the-east-hospital-hosts-representatives-of-the-nordic-baltic-comprehensive-cancer-centre-network-a-joint-effort-to-improve-healthcare-quality-in-the-field-of-oncology\/\",\"name\":\"The East Hospital hosts representatives of the Nordic-Baltic Comprehensive Cancer Centre Network \u2013 a joint effort to improve healthcare quality in the field of oncology - aSlimn\u012bca\",\"isPartOf\":{\"@id\":\"https:\/\/aslimnica.lv\/en\/#website\"},\"primaryImageOfPage\":{\"@id\":\"https:\/\/aslimnica.lv\/en\/the-east-hospital-hosts-representatives-of-the-nordic-baltic-comprehensive-cancer-centre-network-a-joint-effort-to-improve-healthcare-quality-in-the-field-of-oncology\/#primaryimage\"},\"image\":{\"@id\":\"https:\/\/aslimnica.lv\/en\/the-east-hospital-hosts-representatives-of-the-nordic-baltic-comprehensive-cancer-centre-network-a-joint-effort-to-improve-healthcare-quality-in-the-field-of-oncology\/#primaryimage\"},\"thumbnailUrl\":\"https:\/\/aslimnica.lv\/wp-content\/uploads\/2025\/01\/469340944_1145046554294134_7879979105082032587_n-e1735889652873-1024x540.jpg\",\"datePublished\":\"2025-01-03T07:36:15+00:00\",\"dateModified\":\"2025-01-03T09:46:43+00:00\",\"breadcrumb\":{\"@id\":\"https:\/\/aslimnica.lv\/en\/the-east-hospital-hosts-representatives-of-the-nordic-baltic-comprehensive-cancer-centre-network-a-joint-effort-to-improve-healthcare-quality-in-the-field-of-oncology\/#breadcrumb\"},\"inLanguage\":\"en-US\",\"potentialAction\":[{\"@type\":\"ReadAction\",\"target\":[\"https:\/\/aslimnica.lv\/en\/the-east-hospital-hosts-representatives-of-the-nordic-baltic-comprehensive-cancer-centre-network-a-joint-effort-to-improve-healthcare-quality-in-the-field-of-oncology\/\"]}]},{\"@type\":\"ImageObject\",\"inLanguage\":\"en-US\",\"@id\":\"https:\/\/aslimnica.lv\/en\/the-east-hospital-hosts-representatives-of-the-nordic-baltic-comprehensive-cancer-centre-network-a-joint-effort-to-improve-healthcare-quality-in-the-field-of-oncology\/#primaryimage\",\"url\":\"https:\/\/aslimnica.lv\/wp-content\/uploads\/2025\/01\/469340944_1145046554294134_7879979105082032587_n-e1735889652873-1024x540.jpg\",\"contentUrl\":\"https:\/\/aslimnica.lv\/wp-content\/uploads\/2025\/01\/469340944_1145046554294134_7879979105082032587_n-e1735889652873-1024x540.jpg\"},{\"@type\":\"BreadcrumbList\",\"@id\":\"https:\/\/aslimnica.lv\/en\/the-east-hospital-hosts-representatives-of-the-nordic-baltic-comprehensive-cancer-centre-network-a-joint-effort-to-improve-healthcare-quality-in-the-field-of-oncology\/#breadcrumb\",\"itemListElement\":[{\"@type\":\"ListItem\",\"position\":1,\"name\":\"Home\",\"item\":\"https:\/\/aslimnica.lv\/en\/\"},{\"@type\":\"ListItem\",\"position\":2,\"name\":\"The East Hospital hosts representatives of the Nordic-Baltic Comprehensive Cancer Centre Network \u2013 a joint effort to improve healthcare quality in the field of oncology\"}]},{\"@type\":\"WebSite\",\"@id\":\"https:\/\/aslimnica.lv\/en\/#website\",\"url\":\"https:\/\/aslimnica.lv\/en\/\",\"name\":\"aSlimn\u012bca\",\"description\":\"R\u012bgas Austrumu k\u012bnisk\u0101 universit\u0101tes slimn\u012bca\",\"potentialAction\":[{\"@type\":\"SearchAction\",\"target\":{\"@type\":\"EntryPoint\",\"urlTemplate\":\"https:\/\/aslimnica.lv\/en\/?s={search_term_string}\"},\"query-input\":{\"@type\":\"PropertyValueSpecification\",\"valueRequired\":true,\"valueName\":\"search_term_string\"}}],\"inLanguage\":\"en-US\"}]}<\/script>\n<!-- \/ Yoast SEO plugin. -->","yoast_head_json":{"title":"The East Hospital hosts representatives of the Nordic-Baltic Comprehensive Cancer Centre Network \u2013 a joint effort to improve healthcare quality in the field of oncology - aSlimn\u012bca","robots":{"index":"index","follow":"follow","max-snippet":"max-snippet:-1","max-image-preview":"max-image-preview:large","max-video-preview":"max-video-preview:-1"},"canonical":"https:\/\/aslimnica.lv\/en\/the-east-hospital-hosts-representatives-of-the-nordic-baltic-comprehensive-cancer-centre-network-a-joint-effort-to-improve-healthcare-quality-in-the-field-of-oncology\/","og_locale":"en_US","og_type":"article","og_title":"The East Hospital hosts representatives of the Nordic-Baltic Comprehensive Cancer Centre Network \u2013 a joint effort to improve healthcare quality in the field of oncology - aSlimn\u012bca","og_description":"On 2\u00a0December, the Riga East University Hospital hosted for the first-ever conference for the representatives of the Nordic-Baltic Comprehensive Cancer Centre Network focused on strengthening collaboration and taking joint steps to improve healthcare quality in oncology. The conference saw participation from distinguished oncology specialists from all Nordic countries except Iceland, as well as representatives from","og_url":"https:\/\/aslimnica.lv\/en\/the-east-hospital-hosts-representatives-of-the-nordic-baltic-comprehensive-cancer-centre-network-a-joint-effort-to-improve-healthcare-quality-in-the-field-of-oncology\/","og_site_name":"aSlimn\u012bca","article_modified_time":"2025-01-03T09:46:43+00:00","og_image":[{"url":"https:\/\/aslimnica.lv\/wp-content\/uploads\/2025\/01\/469340944_1145046554294134_7879979105082032587_n-e1735889652873-1024x540.jpg","type":"","width":"","height":""}],"twitter_card":"summary_large_image","twitter_misc":{"Est. reading time":"3 minutes"},"schema":{"@context":"https:\/\/schema.org","@graph":[{"@type":"WebPage","@id":"https:\/\/aslimnica.lv\/en\/the-east-hospital-hosts-representatives-of-the-nordic-baltic-comprehensive-cancer-centre-network-a-joint-effort-to-improve-healthcare-quality-in-the-field-of-oncology\/","url":"https:\/\/aslimnica.lv\/en\/the-east-hospital-hosts-representatives-of-the-nordic-baltic-comprehensive-cancer-centre-network-a-joint-effort-to-improve-healthcare-quality-in-the-field-of-oncology\/","name":"The East Hospital hosts representatives of the Nordic-Baltic Comprehensive Cancer Centre Network \u2013 a joint effort to improve healthcare quality in the field of oncology - aSlimn\u012bca","isPartOf":{"@id":"https:\/\/aslimnica.lv\/en\/#website"},"primaryImageOfPage":{"@id":"https:\/\/aslimnica.lv\/en\/the-east-hospital-hosts-representatives-of-the-nordic-baltic-comprehensive-cancer-centre-network-a-joint-effort-to-improve-healthcare-quality-in-the-field-of-oncology\/#primaryimage"},"image":{"@id":"https:\/\/aslimnica.lv\/en\/the-east-hospital-hosts-representatives-of-the-nordic-baltic-comprehensive-cancer-centre-network-a-joint-effort-to-improve-healthcare-quality-in-the-field-of-oncology\/#primaryimage"},"thumbnailUrl":"https:\/\/aslimnica.lv\/wp-content\/uploads\/2025\/01\/469340944_1145046554294134_7879979105082032587_n-e1735889652873-1024x540.jpg","datePublished":"2025-01-03T07:36:15+00:00","dateModified":"2025-01-03T09:46:43+00:00","breadcrumb":{"@id":"https:\/\/aslimnica.lv\/en\/the-east-hospital-hosts-representatives-of-the-nordic-baltic-comprehensive-cancer-centre-network-a-joint-effort-to-improve-healthcare-quality-in-the-field-of-oncology\/#breadcrumb"},"inLanguage":"en-US","potentialAction":[{"@type":"ReadAction","target":["https:\/\/aslimnica.lv\/en\/the-east-hospital-hosts-representatives-of-the-nordic-baltic-comprehensive-cancer-centre-network-a-joint-effort-to-improve-healthcare-quality-in-the-field-of-oncology\/"]}]},{"@type":"ImageObject","inLanguage":"en-US","@id":"https:\/\/aslimnica.lv\/en\/the-east-hospital-hosts-representatives-of-the-nordic-baltic-comprehensive-cancer-centre-network-a-joint-effort-to-improve-healthcare-quality-in-the-field-of-oncology\/#primaryimage","url":"https:\/\/aslimnica.lv\/wp-content\/uploads\/2025\/01\/469340944_1145046554294134_7879979105082032587_n-e1735889652873-1024x540.jpg","contentUrl":"https:\/\/aslimnica.lv\/wp-content\/uploads\/2025\/01\/469340944_1145046554294134_7879979105082032587_n-e1735889652873-1024x540.jpg"},{"@type":"BreadcrumbList","@id":"https:\/\/aslimnica.lv\/en\/the-east-hospital-hosts-representatives-of-the-nordic-baltic-comprehensive-cancer-centre-network-a-joint-effort-to-improve-healthcare-quality-in-the-field-of-oncology\/#breadcrumb","itemListElement":[{"@type":"ListItem","position":1,"name":"Home","item":"https:\/\/aslimnica.lv\/en\/"},{"@type":"ListItem","position":2,"name":"The East Hospital hosts representatives of the Nordic-Baltic Comprehensive Cancer Centre Network \u2013 a joint effort to improve healthcare quality in the field of oncology"}]},{"@type":"WebSite","@id":"https:\/\/aslimnica.lv\/en\/#website","url":"https:\/\/aslimnica.lv\/en\/","name":"aSlimn\u012bca","description":"R\u012bgas Austrumu k\u012bnisk\u0101 universit\u0101tes slimn\u012bca","potentialAction":[{"@type":"SearchAction","target":{"@type":"EntryPoint","urlTemplate":"https:\/\/aslimnica.lv\/en\/?s={search_term_string}"},"query-input":{"@type":"PropertyValueSpecification","valueRequired":true,"valueName":"search_term_string"}}],"inLanguage":"en-US"}]}},"_links":{"self":[{"href":"https:\/\/aslimnica.lv\/en\/wp-json\/wp\/v2\/pages\/67673","targetHints":{"allow":["GET"]}}],"collection":[{"href":"https:\/\/aslimnica.lv\/en\/wp-json\/wp\/v2\/pages"}],"about":[{"href":"https:\/\/aslimnica.lv\/en\/wp-json\/wp\/v2\/types\/page"}],"author":[{"embeddable":true,"href":"https:\/\/aslimnica.lv\/en\/wp-json\/wp\/v2\/users\/49"}],"replies":[{"embeddable":true,"href":"https:\/\/aslimnica.lv\/en\/wp-json\/wp\/v2\/comments?post=67673"}],"version-history":[{"count":1,"href":"https:\/\/aslimnica.lv\/en\/wp-json\/wp\/v2\/pages\/67673\/revisions"}],"predecessor-version":[{"id":67677,"href":"https:\/\/aslimnica.lv\/en\/wp-json\/wp\/v2\/pages\/67673\/revisions\/67677"}],"wp:attachment":[{"href":"https:\/\/aslimnica.lv\/en\/wp-json\/wp\/v2\/media?parent=67673"}],"curies":[{"name":"wp","href":"https:\/\/api.w.org\/{rel}","templated":true}]}}