{"id":67051,"date":"2024-11-26T07:52:00","date_gmt":"2024-11-26T05:52:00","guid":{"rendered":"https:\/\/aslimnica.lv\/?page_id=67051"},"modified":"2024-11-26T09:42:23","modified_gmt":"2024-11-26T07:42:23","slug":"development-of-criteria-for-limiting-nosocomial-infections-and-optimization-of-healthcare-resources-with-application-algorithms-and-roadmaps","status":"publish","type":"page","link":"https:\/\/aslimnica.lv\/en\/development-of-criteria-for-limiting-nosocomial-infections-and-optimization-of-healthcare-resources-with-application-algorithms-and-roadmaps\/","title":{"rendered":"\u201cDevelopment of criteria for limiting nosocomial infections and optimization of healthcare resources\u00a0 with application algorithms and roadmaps\u201d"},"content":{"rendered":"<p><a href=\"https:\/\/aslimnica.lv\/wp-content\/uploads\/2024\/11\/IPD-5356_Logo-rinda-ES-NAP-RSU-RAKUS_EN_balts-fons.jpg\"><img loading=\"lazy\" decoding=\"async\" class=\"alignnone wp-image-67040\" src=\"https:\/\/aslimnica.lv\/wp-content\/uploads\/2024\/11\/IPD-5356_Logo-rinda-ES-NAP-RSU-RAKUS_EN_balts-fons-1024x236.jpg\" alt=\"\" width=\"976\" height=\"225\" srcset=\"https:\/\/aslimnica.lv\/wp-content\/uploads\/2024\/11\/IPD-5356_Logo-rinda-ES-NAP-RSU-RAKUS_EN_balts-fons-1024x236.jpg 1024w, https:\/\/aslimnica.lv\/wp-content\/uploads\/2024\/11\/IPD-5356_Logo-rinda-ES-NAP-RSU-RAKUS_EN_balts-fons-300x69.jpg 300w, https:\/\/aslimnica.lv\/wp-content\/uploads\/2024\/11\/IPD-5356_Logo-rinda-ES-NAP-RSU-RAKUS_EN_balts-fons-768x177.jpg 768w, https:\/\/aslimnica.lv\/wp-content\/uploads\/2024\/11\/IPD-5356_Logo-rinda-ES-NAP-RSU-RAKUS_EN_balts-fons-1536x354.jpg 1536w, https:\/\/aslimnica.lv\/wp-content\/uploads\/2024\/11\/IPD-5356_Logo-rinda-ES-NAP-RSU-RAKUS_EN_balts-fons-1400x323.jpg 1400w, https:\/\/aslimnica.lv\/wp-content\/uploads\/2024\/11\/IPD-5356_Logo-rinda-ES-NAP-RSU-RAKUS_EN_balts-fons-530x122.jpg 530w, https:\/\/aslimnica.lv\/wp-content\/uploads\/2024\/11\/IPD-5356_Logo-rinda-ES-NAP-RSU-RAKUS_EN_balts-fons-310x71.jpg 310w, https:\/\/aslimnica.lv\/wp-content\/uploads\/2024\/11\/IPD-5356_Logo-rinda-ES-NAP-RSU-RAKUS_EN_balts-fons-700x161.jpg 700w, https:\/\/aslimnica.lv\/wp-content\/uploads\/2024\/11\/IPD-5356_Logo-rinda-ES-NAP-RSU-RAKUS_EN_balts-fons.jpg 1862w\" sizes=\"auto, (max-width: 976px) 100vw, 976px\" \/><\/a><\/p>\n<p><strong>Project\/Contract Number:<\/strong> Nr. NVD-9\/103-2024 (NVD pilotprojekts Nr. 12)<\/p>\n<p><strong>Project Funding:<\/strong> \u20ac1,600,004, RSU: 510282,78 EUR,\u00a0 East Hosptital: 1\u00a0089717,26\u00a0 EUR,<\/p>\n<p><strong>Project Lead:<\/strong> Ludmila V\u012bksna<br \/>\n<strong>Project Duration:<\/strong> November 1, 2024 \u2013 March 31, 2026<\/p>\n<hr \/>\n<h3><strong>Objective:<\/strong><\/h3>\n<h3>To optimize healthcare resources for preventing and controlling nosocomial\u00a0 infections (NCI) to save lives and the health of patients and healthcare\u00a0 workers (HCW)<\/h3>\n<hr \/>\n<h3><strong>Project Tasks:<\/strong><\/h3>\n<ol>\n<li>Conduct an expanded verification of NIs and analyze the impact of human factors on their spread in Latvia\u2019s largest hospital (East Hospital), utilizing microbiological, clinical, and other identification tools, including machine learning (ML).<\/li>\n<li>Define criteria for monitoring NIs and staff behavioral patterns, developing implementation algorithms and roadmaps.<\/li>\n<li>Develop and pilot a training program for healthcare staff to reduce NI risks.<\/li>\n<\/ol>\n<hr \/>\n<h3><strong>Objectives: <\/strong><\/h3>\n<p>1. Manual prepared for submission to the Centre for Disease Prevention and \u00a0Control (Latvia), which will include:<\/p>\n<p style=\"padding-left: 40px;\">1.1. Mathematical tool for predicting NCI:<\/p>\n<p style=\"padding-left: 80px;\">1.1.1 Checklist for predicting and detecting NCI in hospitalized patients<\/p>\n<p style=\"padding-left: 80px;\">1.1.2. Evaluation of new microbiological tests applied within project<\/p>\n<p style=\"padding-left: 40px;\">1.2. Clinical recommendations and instructions for using the NCI tool in the form of\u00a0 algorithms and roadmaps<\/p>\n<p style=\"padding-left: 40px;\">1.3. Developed training program on reducing the risk of NCI for HCW<\/p>\n<p>2. Training on reducing the risk of NCI conducted for ~500 HCW<\/p>\n<hr \/>\n<h3><strong>Team:<\/strong><\/h3>\n<p>R\u012bga Stradi\u0146\u0161 University (RSU) is the leading partner in the project, with an expert team from medicine and science fields.<\/p>\n<ul>\n<li><strong>Ludmila V\u012bksna:<\/strong> Prof., Dr. habil. Med., Head of the RSU Infectology Department, adviser to the East Hospital board in strategic infectious diseases. With experience leading 7 projects over the past decade, she will lead the project, engage with the public and medical professionals, and develop clinical algorithms and roadmaps.<\/li>\n<li><strong>Oksana Ko\u013cesova:<\/strong> Dr. Med., RSU Associate Professor, Principal Researcher. Experienced in project implementation, responsible for ethics approval, result interpretation, and preparing algorithms and roadmaps.<\/li>\n<li><strong>Andrejs Ivanovs:<\/strong> Dr. Soc., RSU Associate Professor, Head of the Statistics Teaching Lab. Participant in over 10 international projects, leader of 2, and experienced in statistical data processing for pharmaceutical companies in Latvia and Europe.<\/li>\n<li><strong>Jevgenijs Proskurins:<\/strong> Dr. Phys., RSU Assistant Professor, Head of the Physics Department, specializing in data collection and processing.<\/li>\n<li><strong>Aleksandrs Ko\u013cesovs:<\/strong> Dr. Psych., LU Professor. With experience in three RSU projects over the past five years, he will analyze data and interpret results.<\/li>\n<li><strong>Maija Egl\u012bte:<\/strong> RSU Professor, Occupational Safety and Environmental Health Specialist. She will oversee healthcare staff training in NI risk reduction.<\/li>\n<li><strong>Dace Bantauska:<\/strong> Mg.Sc.Admin. Educ., Mg.Paed. Experienced as a coordinator\/administrator in five projects, she will manage risks and oversee workgroup activities and coordination.<\/li>\n<li><strong>Haralds Plaudis:<\/strong> Dr. Med., RSU Professor, East Hospital Member of the Board,\u00a0principal executor, and leading researcher in various national research programs (VPP) and fundamental and applied research projects (FLPP).<\/li>\n<li><strong>M\u0101ris Liepi\u0146\u0161:<\/strong> Dr. Med., Head of the Infection Control Department at East Hospital.<\/li>\n<li><strong>Baiba Niedre Otomere:<\/strong> Dr. Biol., East Hospital Specialist in Epidemiological Research and participant in several international projects.<\/li>\n<\/ul>\n<p>&nbsp;<\/p>\n","protected":false},"excerpt":{"rendered":"<p>Project\/Contract Number: Nr. NVD-9\/103-2024 (NVD pilotprojekts Nr. 12) Project Funding: \u20ac1,600,004, RSU: 510282,78 EUR,\u00a0 East Hosptital: 1\u00a0089717,26\u00a0 EUR, Project Lead: Ludmila V\u012bksna Project Duration: November 1, 2024 \u2013 March 31, 2026 Objective: To optimize healthcare resources for preventing and controlling nosocomial\u00a0 infections (NCI) to save lives and the health of patients and healthcare\u00a0 workers (HCW)<\/p>\n","protected":false},"author":49,"featured_media":0,"parent":0,"menu_order":0,"comment_status":"closed","ping_status":"closed","template":"","meta":{"_acf_changed":false,"inline_featured_image":false,"footnotes":""},"class_list":["post-67051","page","type-page","status-publish","hentry"],"acf":[],"yoast_head":"<!-- This site is optimized with the Yoast SEO plugin v27.1.1 - https:\/\/yoast.com\/product\/yoast-seo-wordpress\/ -->\n<title>\u201cDevelopment of criteria for limiting nosocomial infections and optimization of healthcare resources\u00a0 with application algorithms and roadmaps\u201d - aSlimn\u012bca<\/title>\n<meta name=\"robots\" content=\"index, follow, max-snippet:-1, max-image-preview:large, max-video-preview:-1\" \/>\n<link rel=\"canonical\" href=\"https:\/\/aslimnica.lv\/en\/development-of-criteria-for-limiting-nosocomial-infections-and-optimization-of-healthcare-resources-with-application-algorithms-and-roadmaps\/\" \/>\n<meta property=\"og:locale\" content=\"en_US\" \/>\n<meta property=\"og:type\" content=\"article\" \/>\n<meta property=\"og:title\" content=\"\u201cDevelopment of criteria for limiting nosocomial infections and optimization of healthcare resources\u00a0 with application algorithms and roadmaps\u201d - aSlimn\u012bca\" \/>\n<meta property=\"og:description\" content=\"Project\/Contract Number: Nr. NVD-9\/103-2024 (NVD pilotprojekts Nr. 12) Project Funding: \u20ac1,600,004, RSU: 510282,78 EUR,\u00a0 East Hosptital: 1\u00a0089717,26\u00a0 EUR, Project Lead: Ludmila V\u012bksna Project Duration: November 1, 2024 \u2013 March 31, 2026 Objective: To optimize healthcare resources for preventing and controlling nosocomial\u00a0 infections (NCI) to save lives and the health of patients and healthcare\u00a0 workers (HCW)\" \/>\n<meta property=\"og:url\" content=\"https:\/\/aslimnica.lv\/en\/development-of-criteria-for-limiting-nosocomial-infections-and-optimization-of-healthcare-resources-with-application-algorithms-and-roadmaps\/\" \/>\n<meta property=\"og:site_name\" content=\"aSlimn\u012bca\" \/>\n<meta property=\"article:modified_time\" content=\"2024-11-26T07:42:23+00:00\" \/>\n<meta property=\"og:image\" content=\"https:\/\/aslimnica.lv\/wp-content\/uploads\/2024\/11\/IPD-5356_Logo-rinda-ES-NAP-RSU-RAKUS_EN_balts-fons-1024x236.jpg\" \/>\n<meta name=\"twitter:card\" content=\"summary_large_image\" \/>\n<meta name=\"twitter:label1\" content=\"Est. reading time\" \/>\n\t<meta name=\"twitter:data1\" content=\"3 minutes\" \/>\n<script type=\"application\/ld+json\" class=\"yoast-schema-graph\">{\"@context\":\"https:\/\/schema.org\",\"@graph\":[{\"@type\":\"WebPage\",\"@id\":\"https:\/\/aslimnica.lv\/en\/development-of-criteria-for-limiting-nosocomial-infections-and-optimization-of-healthcare-resources-with-application-algorithms-and-roadmaps\/\",\"url\":\"https:\/\/aslimnica.lv\/en\/development-of-criteria-for-limiting-nosocomial-infections-and-optimization-of-healthcare-resources-with-application-algorithms-and-roadmaps\/\",\"name\":\"\u201cDevelopment of criteria for limiting nosocomial infections and optimization of healthcare resources\u00a0 with application algorithms and roadmaps\u201d - aSlimn\u012bca\",\"isPartOf\":{\"@id\":\"https:\/\/aslimnica.lv\/en\/#website\"},\"primaryImageOfPage\":{\"@id\":\"https:\/\/aslimnica.lv\/en\/development-of-criteria-for-limiting-nosocomial-infections-and-optimization-of-healthcare-resources-with-application-algorithms-and-roadmaps\/#primaryimage\"},\"image\":{\"@id\":\"https:\/\/aslimnica.lv\/en\/development-of-criteria-for-limiting-nosocomial-infections-and-optimization-of-healthcare-resources-with-application-algorithms-and-roadmaps\/#primaryimage\"},\"thumbnailUrl\":\"https:\/\/aslimnica.lv\/wp-content\/uploads\/2024\/11\/IPD-5356_Logo-rinda-ES-NAP-RSU-RAKUS_EN_balts-fons-1024x236.jpg\",\"datePublished\":\"2024-11-26T05:52:00+00:00\",\"dateModified\":\"2024-11-26T07:42:23+00:00\",\"breadcrumb\":{\"@id\":\"https:\/\/aslimnica.lv\/en\/development-of-criteria-for-limiting-nosocomial-infections-and-optimization-of-healthcare-resources-with-application-algorithms-and-roadmaps\/#breadcrumb\"},\"inLanguage\":\"en-US\",\"potentialAction\":[{\"@type\":\"ReadAction\",\"target\":[\"https:\/\/aslimnica.lv\/en\/development-of-criteria-for-limiting-nosocomial-infections-and-optimization-of-healthcare-resources-with-application-algorithms-and-roadmaps\/\"]}]},{\"@type\":\"ImageObject\",\"inLanguage\":\"en-US\",\"@id\":\"https:\/\/aslimnica.lv\/en\/development-of-criteria-for-limiting-nosocomial-infections-and-optimization-of-healthcare-resources-with-application-algorithms-and-roadmaps\/#primaryimage\",\"url\":\"https:\/\/aslimnica.lv\/wp-content\/uploads\/2024\/11\/IPD-5356_Logo-rinda-ES-NAP-RSU-RAKUS_EN_balts-fons-1024x236.jpg\",\"contentUrl\":\"https:\/\/aslimnica.lv\/wp-content\/uploads\/2024\/11\/IPD-5356_Logo-rinda-ES-NAP-RSU-RAKUS_EN_balts-fons-1024x236.jpg\"},{\"@type\":\"BreadcrumbList\",\"@id\":\"https:\/\/aslimnica.lv\/en\/development-of-criteria-for-limiting-nosocomial-infections-and-optimization-of-healthcare-resources-with-application-algorithms-and-roadmaps\/#breadcrumb\",\"itemListElement\":[{\"@type\":\"ListItem\",\"position\":1,\"name\":\"Home\",\"item\":\"https:\/\/aslimnica.lv\/en\/\"},{\"@type\":\"ListItem\",\"position\":2,\"name\":\"\u201cDevelopment of criteria for limiting nosocomial infections and optimization of healthcare resources\u00a0 with application algorithms and roadmaps\u201d\"}]},{\"@type\":\"WebSite\",\"@id\":\"https:\/\/aslimnica.lv\/en\/#website\",\"url\":\"https:\/\/aslimnica.lv\/en\/\",\"name\":\"aSlimn\u012bca\",\"description\":\"R\u012bgas Austrumu k\u012bnisk\u0101 universit\u0101tes slimn\u012bca\",\"potentialAction\":[{\"@type\":\"SearchAction\",\"target\":{\"@type\":\"EntryPoint\",\"urlTemplate\":\"https:\/\/aslimnica.lv\/en\/?s={search_term_string}\"},\"query-input\":{\"@type\":\"PropertyValueSpecification\",\"valueRequired\":true,\"valueName\":\"search_term_string\"}}],\"inLanguage\":\"en-US\"}]}<\/script>\n<!-- \/ Yoast SEO plugin. -->","yoast_head_json":{"title":"\u201cDevelopment of criteria for limiting nosocomial infections and optimization of healthcare resources\u00a0 with application algorithms and roadmaps\u201d - aSlimn\u012bca","robots":{"index":"index","follow":"follow","max-snippet":"max-snippet:-1","max-image-preview":"max-image-preview:large","max-video-preview":"max-video-preview:-1"},"canonical":"https:\/\/aslimnica.lv\/en\/development-of-criteria-for-limiting-nosocomial-infections-and-optimization-of-healthcare-resources-with-application-algorithms-and-roadmaps\/","og_locale":"en_US","og_type":"article","og_title":"\u201cDevelopment of criteria for limiting nosocomial infections and optimization of healthcare resources\u00a0 with application algorithms and roadmaps\u201d - aSlimn\u012bca","og_description":"Project\/Contract Number: Nr. NVD-9\/103-2024 (NVD pilotprojekts Nr. 12) Project Funding: \u20ac1,600,004, RSU: 510282,78 EUR,\u00a0 East Hosptital: 1\u00a0089717,26\u00a0 EUR, Project Lead: Ludmila V\u012bksna Project Duration: November 1, 2024 \u2013 March 31, 2026 Objective: To optimize healthcare resources for preventing and controlling nosocomial\u00a0 infections (NCI) to save lives and the health of patients and healthcare\u00a0 workers (HCW)","og_url":"https:\/\/aslimnica.lv\/en\/development-of-criteria-for-limiting-nosocomial-infections-and-optimization-of-healthcare-resources-with-application-algorithms-and-roadmaps\/","og_site_name":"aSlimn\u012bca","article_modified_time":"2024-11-26T07:42:23+00:00","og_image":[{"url":"https:\/\/aslimnica.lv\/wp-content\/uploads\/2024\/11\/IPD-5356_Logo-rinda-ES-NAP-RSU-RAKUS_EN_balts-fons-1024x236.jpg","type":"","width":"","height":""}],"twitter_card":"summary_large_image","twitter_misc":{"Est. reading time":"3 minutes"},"schema":{"@context":"https:\/\/schema.org","@graph":[{"@type":"WebPage","@id":"https:\/\/aslimnica.lv\/en\/development-of-criteria-for-limiting-nosocomial-infections-and-optimization-of-healthcare-resources-with-application-algorithms-and-roadmaps\/","url":"https:\/\/aslimnica.lv\/en\/development-of-criteria-for-limiting-nosocomial-infections-and-optimization-of-healthcare-resources-with-application-algorithms-and-roadmaps\/","name":"\u201cDevelopment of criteria for limiting nosocomial infections and optimization of healthcare resources\u00a0 with application algorithms and roadmaps\u201d - aSlimn\u012bca","isPartOf":{"@id":"https:\/\/aslimnica.lv\/en\/#website"},"primaryImageOfPage":{"@id":"https:\/\/aslimnica.lv\/en\/development-of-criteria-for-limiting-nosocomial-infections-and-optimization-of-healthcare-resources-with-application-algorithms-and-roadmaps\/#primaryimage"},"image":{"@id":"https:\/\/aslimnica.lv\/en\/development-of-criteria-for-limiting-nosocomial-infections-and-optimization-of-healthcare-resources-with-application-algorithms-and-roadmaps\/#primaryimage"},"thumbnailUrl":"https:\/\/aslimnica.lv\/wp-content\/uploads\/2024\/11\/IPD-5356_Logo-rinda-ES-NAP-RSU-RAKUS_EN_balts-fons-1024x236.jpg","datePublished":"2024-11-26T05:52:00+00:00","dateModified":"2024-11-26T07:42:23+00:00","breadcrumb":{"@id":"https:\/\/aslimnica.lv\/en\/development-of-criteria-for-limiting-nosocomial-infections-and-optimization-of-healthcare-resources-with-application-algorithms-and-roadmaps\/#breadcrumb"},"inLanguage":"en-US","potentialAction":[{"@type":"ReadAction","target":["https:\/\/aslimnica.lv\/en\/development-of-criteria-for-limiting-nosocomial-infections-and-optimization-of-healthcare-resources-with-application-algorithms-and-roadmaps\/"]}]},{"@type":"ImageObject","inLanguage":"en-US","@id":"https:\/\/aslimnica.lv\/en\/development-of-criteria-for-limiting-nosocomial-infections-and-optimization-of-healthcare-resources-with-application-algorithms-and-roadmaps\/#primaryimage","url":"https:\/\/aslimnica.lv\/wp-content\/uploads\/2024\/11\/IPD-5356_Logo-rinda-ES-NAP-RSU-RAKUS_EN_balts-fons-1024x236.jpg","contentUrl":"https:\/\/aslimnica.lv\/wp-content\/uploads\/2024\/11\/IPD-5356_Logo-rinda-ES-NAP-RSU-RAKUS_EN_balts-fons-1024x236.jpg"},{"@type":"BreadcrumbList","@id":"https:\/\/aslimnica.lv\/en\/development-of-criteria-for-limiting-nosocomial-infections-and-optimization-of-healthcare-resources-with-application-algorithms-and-roadmaps\/#breadcrumb","itemListElement":[{"@type":"ListItem","position":1,"name":"Home","item":"https:\/\/aslimnica.lv\/en\/"},{"@type":"ListItem","position":2,"name":"\u201cDevelopment of criteria for limiting nosocomial infections and optimization of healthcare resources\u00a0 with application algorithms and roadmaps\u201d"}]},{"@type":"WebSite","@id":"https:\/\/aslimnica.lv\/en\/#website","url":"https:\/\/aslimnica.lv\/en\/","name":"aSlimn\u012bca","description":"R\u012bgas Austrumu k\u012bnisk\u0101 universit\u0101tes slimn\u012bca","potentialAction":[{"@type":"SearchAction","target":{"@type":"EntryPoint","urlTemplate":"https:\/\/aslimnica.lv\/en\/?s={search_term_string}"},"query-input":{"@type":"PropertyValueSpecification","valueRequired":true,"valueName":"search_term_string"}}],"inLanguage":"en-US"}]}},"_links":{"self":[{"href":"https:\/\/aslimnica.lv\/en\/wp-json\/wp\/v2\/pages\/67051","targetHints":{"allow":["GET"]}}],"collection":[{"href":"https:\/\/aslimnica.lv\/en\/wp-json\/wp\/v2\/pages"}],"about":[{"href":"https:\/\/aslimnica.lv\/en\/wp-json\/wp\/v2\/types\/page"}],"author":[{"embeddable":true,"href":"https:\/\/aslimnica.lv\/en\/wp-json\/wp\/v2\/users\/49"}],"replies":[{"embeddable":true,"href":"https:\/\/aslimnica.lv\/en\/wp-json\/wp\/v2\/comments?post=67051"}],"version-history":[{"count":4,"href":"https:\/\/aslimnica.lv\/en\/wp-json\/wp\/v2\/pages\/67051\/revisions"}],"predecessor-version":[{"id":67060,"href":"https:\/\/aslimnica.lv\/en\/wp-json\/wp\/v2\/pages\/67051\/revisions\/67060"}],"wp:attachment":[{"href":"https:\/\/aslimnica.lv\/en\/wp-json\/wp\/v2\/media?parent=67051"}],"curies":[{"name":"wp","href":"https:\/\/api.w.org\/{rel}","templated":true}]}}