{"id":66350,"date":"2024-11-04T10:37:57","date_gmt":"2024-11-04T08:37:57","guid":{"rendered":"https:\/\/aslimnica.lv\/?page_id=66350"},"modified":"2024-11-04T10:38:27","modified_gmt":"2024-11-04T08:38:27","slug":"east-hospital-performs-a-challenging-radical-surgical-removal-of-head-and-neck-tumor-with-successive-complex-reconstructive-surgery","status":"publish","type":"page","link":"https:\/\/aslimnica.lv\/en\/east-hospital-performs-a-challenging-radical-surgical-removal-of-head-and-neck-tumor-with-successive-complex-reconstructive-surgery\/","title":{"rendered":"East Hospital performs a challenging radical surgical removal of head and neck tumor with successive complex reconstructive surgery"},"content":{"rendered":"<p><strong>A multi-disciplinary team at the Riga East Clinical University Hospital (East Hospital) performed a challenging radical surgery on a 43-year-old patient to remove a head and neck tumor, which was the last viable option to halt the spread of malignant cells. Subsequently, the oncology patient became the first one in Latvia to undergo the transplantation of three microvascular flaps. Following the successful surgery, the patient\u2019s health has improved, and he has regained strength to move forward with his life.<\/strong><\/p>\n<p><a href=\"https:\/\/aslimnica.lv\/wp-content\/uploads\/2024\/10\/Renars-Deksnis.jpg\"><img loading=\"lazy\" decoding=\"async\" class=\"alignnone wp-image-66165\" src=\"https:\/\/aslimnica.lv\/wp-content\/uploads\/2024\/10\/Renars-Deksnis-637x1024.jpg\" alt=\"\" width=\"258\" height=\"415\" srcset=\"https:\/\/aslimnica.lv\/wp-content\/uploads\/2024\/10\/Renars-Deksnis-637x1024.jpg 637w, https:\/\/aslimnica.lv\/wp-content\/uploads\/2024\/10\/Renars-Deksnis-187x300.jpg 187w, https:\/\/aslimnica.lv\/wp-content\/uploads\/2024\/10\/Renars-Deksnis-768x1234.jpg 768w, https:\/\/aslimnica.lv\/wp-content\/uploads\/2024\/10\/Renars-Deksnis-956x1536.jpg 956w, https:\/\/aslimnica.lv\/wp-content\/uploads\/2024\/10\/Renars-Deksnis-193x310.jpg 193w, https:\/\/aslimnica.lv\/wp-content\/uploads\/2024\/10\/Renars-Deksnis-243x390.jpg 243w, https:\/\/aslimnica.lv\/wp-content\/uploads\/2024\/10\/Renars-Deksnis-700x1124.jpg 700w, https:\/\/aslimnica.lv\/wp-content\/uploads\/2024\/10\/Renars-Deksnis.jpg 996w\" sizes=\"auto, (max-width: 258px) 100vw, 258px\" \/><\/a>This high-complexity surgery was performed by <strong>Ren\u0101rs Deksnis<\/strong>, Head of the Head and Neck Surgery Department of the Oncological Surgery Clinic at the East Hospital, together with the plastic surgeon Dr. med. <strong>J\u0101nis Zari\u0146\u0161<\/strong> as part of the East Hospital\u2019s multi-disciplinary team. The surgery lasted 13\u00a0hours. Prior to the surgery, various diagnostic tests and meticulous planning of the surgery were essential to ensure a successful outcome.<\/p>\n<p><a href=\"https:\/\/aslimnica.lv\/wp-content\/uploads\/2024\/10\/G6.png\"><img loading=\"lazy\" decoding=\"async\" class=\"alignnone wp-image-66144\" src=\"https:\/\/aslimnica.lv\/wp-content\/uploads\/2024\/10\/G6.png\" alt=\"\" width=\"376\" height=\"306\" srcset=\"https:\/\/aslimnica.lv\/wp-content\/uploads\/2024\/10\/G6.png 819w, https:\/\/aslimnica.lv\/wp-content\/uploads\/2024\/10\/G6-300x244.png 300w, https:\/\/aslimnica.lv\/wp-content\/uploads\/2024\/10\/G6-768x625.png 768w, https:\/\/aslimnica.lv\/wp-content\/uploads\/2024\/10\/G6-381x310.png 381w, https:\/\/aslimnica.lv\/wp-content\/uploads\/2024\/10\/G6-310x252.png 310w, https:\/\/aslimnica.lv\/wp-content\/uploads\/2024\/10\/G6-700x570.png 700w\" sizes=\"auto, (max-width: 376px) 100vw, 376px\" \/><\/a><\/p>\n<p><strong>About the patient: <\/strong>The 43-year-old patient sought an outpatient consultation with <strong>Ren\u0101rs Deksnis<\/strong>, complaining of a mass at the floor of the mouth and in the tongue. Under the \u2018Green Corridor\u2019 system, he underwent a series of tests, including a CT scan of the head and neck soft tissues, lungs, and abdominal cavity to rule out distant metastases. A biopsy revealed a locally advanced squamous cell carcinoma affecting several anatomical areas, such as the mandible, the floor of the mouth, the tongue, and facial tissues.<\/p>\n<p>Tumor metastases had already invaded the neck lymph nodes. The case was carefully reviewed by the ENT oncology council, which prescribed induction chemotherapy aimed at reducing and halting tumor growth. This approach has been used in treating oncology patients at the East Hospital since 2020.<\/p>\n<p>Although the metastatic lymph nodes decreased in size following chemotherapy, the tumor itself remained the same size, but its rapid growth was successfully halted. In the follow-up multi-disciplinary council review, it was decided to proceed with radical surgical treatment which involved removing more than half of the mandible, the entire floor of the mouth, nearly the entire tongue, as well as facial and chin skin in a single block, along with bilateral removal of lymph nodes in the neck. It should be noted that it was the only way to help the patient in his battle against the malignant tumor.<\/p>\n<p><a href=\"https:\/\/aslimnica.lv\/wp-content\/uploads\/2024\/10\/Janis-Zarins.jpg\"><img loading=\"lazy\" decoding=\"async\" class=\"alignnone wp-image-66159\" src=\"https:\/\/aslimnica.lv\/wp-content\/uploads\/2024\/10\/Janis-Zarins-677x1024.jpg\" alt=\"\" width=\"239\" height=\"362\" srcset=\"https:\/\/aslimnica.lv\/wp-content\/uploads\/2024\/10\/Janis-Zarins-677x1024.jpg 677w, https:\/\/aslimnica.lv\/wp-content\/uploads\/2024\/10\/Janis-Zarins-198x300.jpg 198w, https:\/\/aslimnica.lv\/wp-content\/uploads\/2024\/10\/Janis-Zarins-768x1161.jpg 768w, https:\/\/aslimnica.lv\/wp-content\/uploads\/2024\/10\/Janis-Zarins-1016x1536.jpg 1016w, https:\/\/aslimnica.lv\/wp-content\/uploads\/2024\/10\/Janis-Zarins-205x310.jpg 205w, https:\/\/aslimnica.lv\/wp-content\/uploads\/2024\/10\/Janis-Zarins-258x390.jpg 258w, https:\/\/aslimnica.lv\/wp-content\/uploads\/2024\/10\/Janis-Zarins-700x1059.jpg 700w, https:\/\/aslimnica.lv\/wp-content\/uploads\/2024\/10\/Janis-Zarins.jpg 1058w\" sizes=\"auto, (max-width: 239px) 100vw, 239px\" \/><\/a><\/p>\n<p>The surgery was thoroughly planned in advance. <strong>\u00a0<\/strong>Cooperation between <strong>Dr. med. J\u0101nis Zari\u0146\u0161<\/strong> and the Baltic Biomaterials Centre of Excellence of the Riga Technical University, operating under the Institute of Stomatology, made it possible to develop a personalized cutting guide to enable anatomically precise reconstruction of the mandible.<\/p>\n<p><strong>Course of the surgery:<\/strong>\u00a0 \u201cThe removal of the entire tumor and lymph nodes, along with subsequent reconstruction, presented a major challenge. We can say with certainty that a surgery of this magnitude had never been performed on a head and neck tumor patient before. The removal of tumor alone took four hours. It was immediately sent to the histology lab for examination to make sure that all malignant cells had been removed. Afterwards, we proceeded with the reconstruction of the mandible, the floor of the mouth, the tongue, and face. The surgery lasted 13\u00a0hours,\u201d explains <strong>Ren\u0101rs Deksnis<\/strong>.<\/p>\n<p>\u201cThis is the first time an oncology patient undergoes the transplantation of three microvascular flaps: a bone flap for mandibular reconstruction, a soft tissue flap to construct new tongue and the floor of the mouth, and a third soft tissue flap to repair a facial tissue defect. Nine vascular anastomoses were sutured to ensure the viability of the transplanted tissues. This intricate reconstruction was essential to fully restore the lost structures, allowing the patient to breathe, eat, drink, speak freely, and have a pleasant appearance in a short time,\u201d says the plastic surgeon <strong>Dr. med. J\u0101nis Zari\u0146\u0161<\/strong> with satisfaction.<\/p>\n<p>Despite the complicated and difficult reconstructive surgery, the post-operative period for the patient progressed without complications. On the third post-operative day, the East Hospital\u2019s physiotherapist and speech therapist, <strong>Em\u012blija Dravante<\/strong>, started working with the patient for him to be able to regain functionality. Currently, eight weeks after the surgery, the patient feels excellent and has commenced the next treatment phase, which involves post-operative radiation and chemotherapy.<\/p>\n<p><strong><em>Photo: <\/em><\/strong><a href=\"https:\/\/www.flickr.com\/photos\/austrumu_slimnicas_foto\/albums\/72177720321536545\/\"><strong><em>https:\/\/www.flickr.com\/photos\/austrumu_slimnicas_foto\/albums\/72177720321536545\/<\/em><\/strong><\/a><\/p>\n<p><strong><em>The high-complexity surgery was performed by the East Hospital\u2019s multi-disciplinary team:<\/em><\/strong><\/p>\n<p><em>Head of the Head and Neck Surgery Department of the Oncological Surgery Clinic , <strong>Ren\u0101rs Deksnis<\/strong><\/em><\/p>\n<p><em>Plastic surgeon <strong>Dr. med. J\u0101nis Zari\u0146\u0161<\/strong> <\/em><\/p>\n<p><em>Plastic surgery resident <strong>Lidija Viktorija Arti\u0161evska<\/strong><\/em><\/p>\n<p><em>Otolaryngology resident <strong>Di\u0101na Katovi\u010da<\/strong><\/em><\/p>\n<p><em>Student at the Faculty of Medicine at the Riga Stradi\u0146\u0161 University, <strong>Kristi\u0101ns Vi\u0161perts<\/strong><\/em><\/p>\n<p><em>Anaesthesiologist <strong>Aija Krasti\u0146a<\/strong><\/em><\/p>\n<p><em>Nurses anaesthetists <strong>Zane V\u0113ja, Nat\u0101lija Porhomenko<\/strong><\/em><\/p>\n<p><em>OR nurses <strong>Elita Birzniece<\/strong><\/em>, <strong><em>Zita Za\u013civska<\/em><\/strong>, <strong><em>Anita Sli\u0161\u0101ne<\/em><\/strong><\/p>\n<p><em>Nurse assistants <strong>Dace Markovska<\/strong><\/em>, <strong><em>Laura Biez\u0101ka<\/em><\/strong><\/p>\n<p><a href=\"https:\/\/aslimnica.lv\/wp-content\/uploads\/2024\/10\/Operacijas-komandas-kopbilde.jpg\"><img loading=\"lazy\" decoding=\"async\" class=\"alignnone size-large wp-image-66162\" src=\"https:\/\/aslimnica.lv\/wp-content\/uploads\/2024\/10\/Operacijas-komandas-kopbilde-1024x624.jpg\" alt=\"\" width=\"1024\" height=\"624\" srcset=\"https:\/\/aslimnica.lv\/wp-content\/uploads\/2024\/10\/Operacijas-komandas-kopbilde-1024x624.jpg 1024w, https:\/\/aslimnica.lv\/wp-content\/uploads\/2024\/10\/Operacijas-komandas-kopbilde-300x183.jpg 300w, https:\/\/aslimnica.lv\/wp-content\/uploads\/2024\/10\/Operacijas-komandas-kopbilde-768x468.jpg 768w, https:\/\/aslimnica.lv\/wp-content\/uploads\/2024\/10\/Operacijas-komandas-kopbilde-1536x936.jpg 1536w, https:\/\/aslimnica.lv\/wp-content\/uploads\/2024\/10\/Operacijas-komandas-kopbilde-1400x853.jpg 1400w, https:\/\/aslimnica.lv\/wp-content\/uploads\/2024\/10\/Operacijas-komandas-kopbilde-509x310.jpg 509w, https:\/\/aslimnica.lv\/wp-content\/uploads\/2024\/10\/Operacijas-komandas-kopbilde-310x189.jpg 310w, https:\/\/aslimnica.lv\/wp-content\/uploads\/2024\/10\/Operacijas-komandas-kopbilde-700x427.jpg 700w, https:\/\/aslimnica.lv\/wp-content\/uploads\/2024\/10\/Operacijas-komandas-kopbilde.jpg 1600w\" sizes=\"auto, (max-width: 1024px) 100vw, 1024px\" \/><\/a><\/p>\n<p>Last year, the Head and Neck Surgery Department of the Oncological Surgery Clinic at the East Hospital saw a significant increase in the number of major and complex ENT surgeries performed by a multi-disciplinary team, from 60\u00a0surgeries in 2022 to 98\u00a0surgeries in 2023. The majority, or 98%, of patients undergoing surgeries in the Head and Neck Surgery Department of the Oncological Surgery Clinic are oncology patients requiring very complex surgical assistance. Additionally, the number of outpatient ENT consultations increased significantly, with 1421\u00a0consultations provided to patients last year.<\/p>\n<hr \/>\n<p><strong><em>About the East Hospital\u00a0 <\/em><\/strong><\/p>\n<p>Riga East Clinical University Hospital is the largest and strategically significant multi-profile hospital in the country. The hospital consists of five inpatient facilities\u00a0\u2013 Gai\u013cezers, Latvian Oncology Centre, Bi\u0137ernieki, Tuberculosis and Lung Disease Centre, and Latvian Infectious Diseases Centre, along with various specialised centres and clinics. The hospital provides highly specialised inpatient and secondary outpatient healthcare, offering multidisciplinary tertiary-level treatment and care in line with modern technology and medical knowledge. Approximately 80% of all cancer patients in Latvia are treated at the hospital. It serves as a practical training base for both Latvian educational institutions and foreign students, providing further education and knowledge transfer to healthcare specialists within and beyond the country. The hospital engages in scientific research and develops innovative methods for patient treatment. As the third-largest employer in the country, the hospital employs around 5000\u00a0staff members.<\/p>\n","protected":false},"excerpt":{"rendered":"<p>A multi-disciplinary team at the Riga East Clinical University Hospital (East Hospital) performed a challenging radical surgery on a 43-year-old patient to remove a head and neck tumor, which was the last viable option to halt the spread of malignant cells. Subsequently, the oncology patient became the first one in Latvia to undergo the transplantation<\/p>\n","protected":false},"author":49,"featured_media":0,"parent":0,"menu_order":0,"comment_status":"closed","ping_status":"closed","template":"","meta":{"_acf_changed":false,"inline_featured_image":false,"footnotes":""},"class_list":["post-66350","page","type-page","status-publish","hentry"],"acf":[],"yoast_head":"<!-- This site is optimized with the Yoast SEO plugin v27.1.1 - https:\/\/yoast.com\/product\/yoast-seo-wordpress\/ -->\n<title>East Hospital performs a challenging radical surgical removal of head and neck tumor with successive complex reconstructive surgery - aSlimn\u012bca<\/title>\n<meta name=\"robots\" content=\"index, follow, max-snippet:-1, max-image-preview:large, max-video-preview:-1\" \/>\n<link rel=\"canonical\" href=\"https:\/\/aslimnica.lv\/en\/east-hospital-performs-a-challenging-radical-surgical-removal-of-head-and-neck-tumor-with-successive-complex-reconstructive-surgery\/\" \/>\n<meta property=\"og:locale\" content=\"en_US\" \/>\n<meta property=\"og:type\" content=\"article\" \/>\n<meta property=\"og:title\" content=\"East Hospital performs a challenging radical surgical removal of head and neck tumor with successive complex reconstructive surgery - aSlimn\u012bca\" \/>\n<meta property=\"og:description\" content=\"A multi-disciplinary team at the Riga East Clinical University Hospital (East Hospital) performed a challenging radical surgery on a 43-year-old patient to remove a head and neck tumor, which was the last viable option to halt the spread of malignant cells. Subsequently, the oncology patient became the first one in Latvia to undergo the transplantation\" \/>\n<meta property=\"og:url\" content=\"https:\/\/aslimnica.lv\/en\/east-hospital-performs-a-challenging-radical-surgical-removal-of-head-and-neck-tumor-with-successive-complex-reconstructive-surgery\/\" \/>\n<meta property=\"og:site_name\" content=\"aSlimn\u012bca\" \/>\n<meta property=\"article:modified_time\" content=\"2024-11-04T08:38:27+00:00\" \/>\n<meta property=\"og:image\" content=\"https:\/\/aslimnica.lv\/wp-content\/uploads\/2024\/10\/Renars-Deksnis-637x1024.jpg\" \/>\n<meta name=\"twitter:card\" content=\"summary_large_image\" \/>\n<meta name=\"twitter:label1\" content=\"Est. reading time\" \/>\n\t<meta name=\"twitter:data1\" content=\"7 minutes\" \/>\n<script type=\"application\/ld+json\" class=\"yoast-schema-graph\">{\"@context\":\"https:\/\/schema.org\",\"@graph\":[{\"@type\":\"WebPage\",\"@id\":\"https:\/\/aslimnica.lv\/en\/east-hospital-performs-a-challenging-radical-surgical-removal-of-head-and-neck-tumor-with-successive-complex-reconstructive-surgery\/\",\"url\":\"https:\/\/aslimnica.lv\/en\/east-hospital-performs-a-challenging-radical-surgical-removal-of-head-and-neck-tumor-with-successive-complex-reconstructive-surgery\/\",\"name\":\"East Hospital performs a challenging radical surgical removal of head and neck tumor with successive complex reconstructive surgery - aSlimn\u012bca\",\"isPartOf\":{\"@id\":\"https:\/\/aslimnica.lv\/en\/#website\"},\"primaryImageOfPage\":{\"@id\":\"https:\/\/aslimnica.lv\/en\/east-hospital-performs-a-challenging-radical-surgical-removal-of-head-and-neck-tumor-with-successive-complex-reconstructive-surgery\/#primaryimage\"},\"image\":{\"@id\":\"https:\/\/aslimnica.lv\/en\/east-hospital-performs-a-challenging-radical-surgical-removal-of-head-and-neck-tumor-with-successive-complex-reconstructive-surgery\/#primaryimage\"},\"thumbnailUrl\":\"https:\/\/aslimnica.lv\/wp-content\/uploads\/2024\/10\/Renars-Deksnis-637x1024.jpg\",\"datePublished\":\"2024-11-04T08:37:57+00:00\",\"dateModified\":\"2024-11-04T08:38:27+00:00\",\"breadcrumb\":{\"@id\":\"https:\/\/aslimnica.lv\/en\/east-hospital-performs-a-challenging-radical-surgical-removal-of-head-and-neck-tumor-with-successive-complex-reconstructive-surgery\/#breadcrumb\"},\"inLanguage\":\"en-US\",\"potentialAction\":[{\"@type\":\"ReadAction\",\"target\":[\"https:\/\/aslimnica.lv\/en\/east-hospital-performs-a-challenging-radical-surgical-removal-of-head-and-neck-tumor-with-successive-complex-reconstructive-surgery\/\"]}]},{\"@type\":\"ImageObject\",\"inLanguage\":\"en-US\",\"@id\":\"https:\/\/aslimnica.lv\/en\/east-hospital-performs-a-challenging-radical-surgical-removal-of-head-and-neck-tumor-with-successive-complex-reconstructive-surgery\/#primaryimage\",\"url\":\"https:\/\/aslimnica.lv\/wp-content\/uploads\/2024\/10\/Renars-Deksnis-637x1024.jpg\",\"contentUrl\":\"https:\/\/aslimnica.lv\/wp-content\/uploads\/2024\/10\/Renars-Deksnis-637x1024.jpg\"},{\"@type\":\"BreadcrumbList\",\"@id\":\"https:\/\/aslimnica.lv\/en\/east-hospital-performs-a-challenging-radical-surgical-removal-of-head-and-neck-tumor-with-successive-complex-reconstructive-surgery\/#breadcrumb\",\"itemListElement\":[{\"@type\":\"ListItem\",\"position\":1,\"name\":\"Home\",\"item\":\"https:\/\/aslimnica.lv\/en\/\"},{\"@type\":\"ListItem\",\"position\":2,\"name\":\"East Hospital performs a challenging radical surgical removal of head and neck tumor with successive complex reconstructive surgery\"}]},{\"@type\":\"WebSite\",\"@id\":\"https:\/\/aslimnica.lv\/en\/#website\",\"url\":\"https:\/\/aslimnica.lv\/en\/\",\"name\":\"aSlimn\u012bca\",\"description\":\"R\u012bgas Austrumu k\u012bnisk\u0101 universit\u0101tes slimn\u012bca\",\"potentialAction\":[{\"@type\":\"SearchAction\",\"target\":{\"@type\":\"EntryPoint\",\"urlTemplate\":\"https:\/\/aslimnica.lv\/en\/?s={search_term_string}\"},\"query-input\":{\"@type\":\"PropertyValueSpecification\",\"valueRequired\":true,\"valueName\":\"search_term_string\"}}],\"inLanguage\":\"en-US\"}]}<\/script>\n<!-- \/ Yoast SEO plugin. -->","yoast_head_json":{"title":"East Hospital performs a challenging radical surgical removal of head and neck tumor with successive complex reconstructive surgery - aSlimn\u012bca","robots":{"index":"index","follow":"follow","max-snippet":"max-snippet:-1","max-image-preview":"max-image-preview:large","max-video-preview":"max-video-preview:-1"},"canonical":"https:\/\/aslimnica.lv\/en\/east-hospital-performs-a-challenging-radical-surgical-removal-of-head-and-neck-tumor-with-successive-complex-reconstructive-surgery\/","og_locale":"en_US","og_type":"article","og_title":"East Hospital performs a challenging radical surgical removal of head and neck tumor with successive complex reconstructive surgery - aSlimn\u012bca","og_description":"A multi-disciplinary team at the Riga East Clinical University Hospital (East Hospital) performed a challenging radical surgery on a 43-year-old patient to remove a head and neck tumor, which was the last viable option to halt the spread of malignant cells. Subsequently, the oncology patient became the first one in Latvia to undergo the transplantation","og_url":"https:\/\/aslimnica.lv\/en\/east-hospital-performs-a-challenging-radical-surgical-removal-of-head-and-neck-tumor-with-successive-complex-reconstructive-surgery\/","og_site_name":"aSlimn\u012bca","article_modified_time":"2024-11-04T08:38:27+00:00","og_image":[{"url":"https:\/\/aslimnica.lv\/wp-content\/uploads\/2024\/10\/Renars-Deksnis-637x1024.jpg","type":"","width":"","height":""}],"twitter_card":"summary_large_image","twitter_misc":{"Est. reading time":"7 minutes"},"schema":{"@context":"https:\/\/schema.org","@graph":[{"@type":"WebPage","@id":"https:\/\/aslimnica.lv\/en\/east-hospital-performs-a-challenging-radical-surgical-removal-of-head-and-neck-tumor-with-successive-complex-reconstructive-surgery\/","url":"https:\/\/aslimnica.lv\/en\/east-hospital-performs-a-challenging-radical-surgical-removal-of-head-and-neck-tumor-with-successive-complex-reconstructive-surgery\/","name":"East Hospital performs a challenging radical surgical removal of head and neck tumor with successive complex reconstructive surgery - aSlimn\u012bca","isPartOf":{"@id":"https:\/\/aslimnica.lv\/en\/#website"},"primaryImageOfPage":{"@id":"https:\/\/aslimnica.lv\/en\/east-hospital-performs-a-challenging-radical-surgical-removal-of-head-and-neck-tumor-with-successive-complex-reconstructive-surgery\/#primaryimage"},"image":{"@id":"https:\/\/aslimnica.lv\/en\/east-hospital-performs-a-challenging-radical-surgical-removal-of-head-and-neck-tumor-with-successive-complex-reconstructive-surgery\/#primaryimage"},"thumbnailUrl":"https:\/\/aslimnica.lv\/wp-content\/uploads\/2024\/10\/Renars-Deksnis-637x1024.jpg","datePublished":"2024-11-04T08:37:57+00:00","dateModified":"2024-11-04T08:38:27+00:00","breadcrumb":{"@id":"https:\/\/aslimnica.lv\/en\/east-hospital-performs-a-challenging-radical-surgical-removal-of-head-and-neck-tumor-with-successive-complex-reconstructive-surgery\/#breadcrumb"},"inLanguage":"en-US","potentialAction":[{"@type":"ReadAction","target":["https:\/\/aslimnica.lv\/en\/east-hospital-performs-a-challenging-radical-surgical-removal-of-head-and-neck-tumor-with-successive-complex-reconstructive-surgery\/"]}]},{"@type":"ImageObject","inLanguage":"en-US","@id":"https:\/\/aslimnica.lv\/en\/east-hospital-performs-a-challenging-radical-surgical-removal-of-head-and-neck-tumor-with-successive-complex-reconstructive-surgery\/#primaryimage","url":"https:\/\/aslimnica.lv\/wp-content\/uploads\/2024\/10\/Renars-Deksnis-637x1024.jpg","contentUrl":"https:\/\/aslimnica.lv\/wp-content\/uploads\/2024\/10\/Renars-Deksnis-637x1024.jpg"},{"@type":"BreadcrumbList","@id":"https:\/\/aslimnica.lv\/en\/east-hospital-performs-a-challenging-radical-surgical-removal-of-head-and-neck-tumor-with-successive-complex-reconstructive-surgery\/#breadcrumb","itemListElement":[{"@type":"ListItem","position":1,"name":"Home","item":"https:\/\/aslimnica.lv\/en\/"},{"@type":"ListItem","position":2,"name":"East Hospital performs a challenging radical surgical removal of head and neck tumor with successive complex reconstructive surgery"}]},{"@type":"WebSite","@id":"https:\/\/aslimnica.lv\/en\/#website","url":"https:\/\/aslimnica.lv\/en\/","name":"aSlimn\u012bca","description":"R\u012bgas Austrumu k\u012bnisk\u0101 universit\u0101tes slimn\u012bca","potentialAction":[{"@type":"SearchAction","target":{"@type":"EntryPoint","urlTemplate":"https:\/\/aslimnica.lv\/en\/?s={search_term_string}"},"query-input":{"@type":"PropertyValueSpecification","valueRequired":true,"valueName":"search_term_string"}}],"inLanguage":"en-US"}]}},"_links":{"self":[{"href":"https:\/\/aslimnica.lv\/en\/wp-json\/wp\/v2\/pages\/66350","targetHints":{"allow":["GET"]}}],"collection":[{"href":"https:\/\/aslimnica.lv\/en\/wp-json\/wp\/v2\/pages"}],"about":[{"href":"https:\/\/aslimnica.lv\/en\/wp-json\/wp\/v2\/types\/page"}],"author":[{"embeddable":true,"href":"https:\/\/aslimnica.lv\/en\/wp-json\/wp\/v2\/users\/49"}],"replies":[{"embeddable":true,"href":"https:\/\/aslimnica.lv\/en\/wp-json\/wp\/v2\/comments?post=66350"}],"version-history":[{"count":1,"href":"https:\/\/aslimnica.lv\/en\/wp-json\/wp\/v2\/pages\/66350\/revisions"}],"predecessor-version":[{"id":66351,"href":"https:\/\/aslimnica.lv\/en\/wp-json\/wp\/v2\/pages\/66350\/revisions\/66351"}],"wp:attachment":[{"href":"https:\/\/aslimnica.lv\/en\/wp-json\/wp\/v2\/media?parent=66350"}],"curies":[{"name":"wp","href":"https:\/\/api.w.org\/{rel}","templated":true}]}}