{"id":66191,"date":"2024-10-28T16:18:22","date_gmt":"2024-10-28T14:18:22","guid":{"rendered":"https:\/\/aslimnica.lv\/?page_id=66191"},"modified":"2024-10-28T16:18:22","modified_gmt":"2024-10-28T14:18:22","slug":"25-more-injured-ukrainians-arrive-to-the-east-hospital-totalling-more-than-360-since-the-outbreak-of-war","status":"publish","type":"page","link":"https:\/\/aslimnica.lv\/en\/25-more-injured-ukrainians-arrive-to-the-east-hospital-totalling-more-than-360-since-the-outbreak-of-war\/","title":{"rendered":"25\u00a0more injured Ukrainians arrive to the East Hospital, totalling more than 360 since the outbreak of war"},"content":{"rendered":"<p><strong>Today, 24\u00a0October\u00a02024, marked the 19th arrival of an aid bus organised by the M-Help.com charity project, delivering Ukrainian soldiers and civilians severely injured in the war started by Russia to Riga East Clinical University Hospital (East Hospital). Today, the East Hospital admitted its 366<sup>th<\/sup> patient arriving from Ukraine. 25\u00a0injured individuals made the long journey to Latvia, including a thirteen-year-old child who will continue treatment at the Children\u2019s Clinical University Hospital.<\/strong><\/p>\n<p><a href=\"https:\/\/aslimnica.lv\/wp-content\/uploads\/2024\/10\/dff.png\"><img loading=\"lazy\" decoding=\"async\" class=\"alignnone wp-image-66192 \" src=\"https:\/\/aslimnica.lv\/wp-content\/uploads\/2024\/10\/dff.png\" alt=\"\" width=\"563\" height=\"379\" srcset=\"https:\/\/aslimnica.lv\/wp-content\/uploads\/2024\/10\/dff.png 468w, https:\/\/aslimnica.lv\/wp-content\/uploads\/2024\/10\/dff-300x202.png 300w, https:\/\/aslimnica.lv\/wp-content\/uploads\/2024\/10\/dff-461x310.png 461w, https:\/\/aslimnica.lv\/wp-content\/uploads\/2024\/10\/dff-310x209.png 310w\" sizes=\"auto, (max-width: 563px) 100vw, 563px\" \/><\/a><\/p>\n<p>25\u00a0war victims have made the long journey to Latvia\u2019s largest hospital this time. As usual, patients were admitted to the East Hospital by a multi-disciplinary medical team comprised by various specialists and nursing staff from the Emergency Medicine and Patient Admission Clinic (EMPAC).<\/p>\n<p>All patients arriving from Ukraine to the East Hospital underwent a thorough health evaluation, including various laboratory tests. A minimum of 10\u00a0different samples were collected from each patient, and these samples were analysed in the East Hospital\u2019s Laboratory Service for at least 27\u00a0different parameters, including the possible presence of multidrug-resistant infections, known to rapidly emerge and spread under wartime conditions. Several injured patients underwent additional radiological examinations by specialists in the Emergency Radiology Department to determine the specifics of their injuries.<\/p>\n<p>One soldier with severe and complex war injuries will be treated in the Department of Hand and Plastic Surgery at the East Hospital, where he will undergo a series of complex and consecutive surgical procedures. Following these intricate and severe operations for war-related injuries, physiotherapists, occupational therapists, rehabilitation specialists, and functional experts will work with the injured.<\/p>\n<p>Meanwhile, other patients will go to other healthcare facilities in Latvia, depending on the nature of their injuries, after being examined at the EMPAC. The thirteen-year-old patient is expected to continue his treatment at the Children\u2019s Clinical University Hospital, eight patients will be transferred to the Vaivari National Rehabilitation Centre, while 15\u00a0patients will be transported for long-term rehabilitation to the Jaun\u0137emeri Rehabilitation Centre.<\/p>\n<p><strong><em><u>Patients were admitted to the East Hospital by the following EMPAC specialists: <\/u><\/em><\/strong><\/p>\n<ul>\n<li><em>Emergency medicine doctor <strong>Sandra Seimane<\/strong> <\/em><\/li>\n<li><em>Nurses <strong>Ilze Legzdi\u0146a, Andrejs Ku\u010dins, A\u013cona Je\u017eova<\/strong><\/em><\/li>\n<li><em>Orderlies <strong>Mareks K\u0101nbergs<\/strong>, <strong>Gen\u0101dijs Stepanovs, Nikolajs Dru\u017ei\u0146ins, Pjotrs A\u0146isimovs<\/strong><\/em><\/li>\n<li><em>Nurse assistant <strong>Ir\u012bna Ivanova<\/strong> <\/em><\/li>\n<li><em>Registrars <strong>Ieva T\u0101lberga<\/strong>, <strong>Oksana Svikle, Inese Piekus<\/strong><\/em><\/li>\n<\/ul>\n<p><em>The admission process was organized and managed by <strong>Aleksejs Vi\u0161\u0146akovs<\/strong>, <strong>Aleksandrs Garins<\/strong> and <strong>Inese Larionova<\/strong>. <\/em><\/p>\n<p>It is the private initiative by the founders of the charity project M-Help.com, Arvis Rekets and M\u0101rti\u0146\u0161 Medinieks, that made it possible to transport the patients affected by the war in Ukraine to the East Hospital. Meanwhile, the Georgy Logvinsky Charity Foundation in Ukraine has equipped and renovated a bus used for the transportation of these patients.<\/p>\n<p><strong><em>Photos documenting the arrival of injured Ukrainian soldiers\u00a0 at the East Hospital are available here: <\/em><\/strong><a href=\"https:\/\/flic.kr\/s\/aHBqjBPgS5\"><strong><em>https:\/\/flic.kr\/s\/aHBqjBPgS5<\/em><\/strong><\/a><\/p>\n<hr \/>\n<p><strong><em>About the East Hospital\u00a0 <\/em><\/strong><\/p>\n<p>Riga East Clinical University Hospital is the largest and strategically significant multi-profile hospital in the country. The hospital consists of five inpatient facilities\u00a0\u2013 Gai\u013cezers, Latvian Oncology Centre, Bi\u0137ernieki, Tuberculosis and Lung Disease Centre, and Latvian Infectious Diseases Centre, along with various specialised centres and clinics. The hospital provides highly specialised inpatient and secondary outpatient healthcare, offering multidisciplinary tertiary-level treatment and care in line with modern technology and medical knowledge. Approximately 80% of all cancer patients in Latvia are treated at the hospital. It serves as a practical training base for both Latvian educational institutions and foreign students, providing further education and knowledge transfer to healthcare specialists within and beyond the country. The hospital engages in scientific research and develops innovative methods for patient treatment. As the third-largest employer in the country, the hospital employs around 5000\u00a0staff members.<\/p>\n","protected":false},"excerpt":{"rendered":"<p>Today, 24\u00a0October\u00a02024, marked the 19th arrival of an aid bus organised by the M-Help.com charity project, delivering Ukrainian soldiers and civilians severely injured in the war started by Russia to Riga East Clinical University Hospital (East Hospital). Today, the East Hospital admitted its 366th patient arriving from Ukraine. 25\u00a0injured individuals made the long journey to<\/p>\n","protected":false},"author":49,"featured_media":0,"parent":0,"menu_order":0,"comment_status":"closed","ping_status":"closed","template":"","meta":{"_acf_changed":false,"inline_featured_image":false,"footnotes":""},"class_list":["post-66191","page","type-page","status-publish","hentry"],"acf":[],"yoast_head":"<!-- This site is optimized with the Yoast SEO plugin v27.1.1 - https:\/\/yoast.com\/product\/yoast-seo-wordpress\/ -->\n<title>25\u00a0more injured Ukrainians arrive to the East Hospital, totalling more than 360 since the outbreak of war - aSlimn\u012bca<\/title>\n<meta name=\"robots\" content=\"index, follow, max-snippet:-1, max-image-preview:large, max-video-preview:-1\" \/>\n<link rel=\"canonical\" href=\"https:\/\/aslimnica.lv\/en\/25-more-injured-ukrainians-arrive-to-the-east-hospital-totalling-more-than-360-since-the-outbreak-of-war\/\" \/>\n<meta property=\"og:locale\" content=\"en_US\" \/>\n<meta property=\"og:type\" content=\"article\" \/>\n<meta property=\"og:title\" content=\"25\u00a0more injured Ukrainians arrive to the East Hospital, totalling more than 360 since the outbreak of war - aSlimn\u012bca\" \/>\n<meta property=\"og:description\" content=\"Today, 24\u00a0October\u00a02024, marked the 19th arrival of an aid bus organised by the M-Help.com charity project, delivering Ukrainian soldiers and civilians severely injured in the war started by Russia to Riga East Clinical University Hospital (East Hospital). Today, the East Hospital admitted its 366th patient arriving from Ukraine. 25\u00a0injured individuals made the long journey to\" \/>\n<meta property=\"og:url\" content=\"https:\/\/aslimnica.lv\/en\/25-more-injured-ukrainians-arrive-to-the-east-hospital-totalling-more-than-360-since-the-outbreak-of-war\/\" \/>\n<meta property=\"og:site_name\" content=\"aSlimn\u012bca\" \/>\n<meta property=\"og:image\" content=\"https:\/\/aslimnica.lv\/wp-content\/uploads\/2024\/10\/dff.png\" \/>\n<meta name=\"twitter:card\" content=\"summary_large_image\" \/>\n<meta name=\"twitter:label1\" content=\"Est. reading time\" \/>\n\t<meta name=\"twitter:data1\" content=\"4 minutes\" \/>\n<script type=\"application\/ld+json\" class=\"yoast-schema-graph\">{\"@context\":\"https:\/\/schema.org\",\"@graph\":[{\"@type\":\"WebPage\",\"@id\":\"https:\/\/aslimnica.lv\/en\/25-more-injured-ukrainians-arrive-to-the-east-hospital-totalling-more-than-360-since-the-outbreak-of-war\/\",\"url\":\"https:\/\/aslimnica.lv\/en\/25-more-injured-ukrainians-arrive-to-the-east-hospital-totalling-more-than-360-since-the-outbreak-of-war\/\",\"name\":\"25\u00a0more injured Ukrainians arrive to the East Hospital, totalling more than 360 since the outbreak of war - aSlimn\u012bca\",\"isPartOf\":{\"@id\":\"https:\/\/aslimnica.lv\/en\/#website\"},\"primaryImageOfPage\":{\"@id\":\"https:\/\/aslimnica.lv\/en\/25-more-injured-ukrainians-arrive-to-the-east-hospital-totalling-more-than-360-since-the-outbreak-of-war\/#primaryimage\"},\"image\":{\"@id\":\"https:\/\/aslimnica.lv\/en\/25-more-injured-ukrainians-arrive-to-the-east-hospital-totalling-more-than-360-since-the-outbreak-of-war\/#primaryimage\"},\"thumbnailUrl\":\"https:\/\/aslimnica.lv\/wp-content\/uploads\/2024\/10\/dff.png\",\"datePublished\":\"2024-10-28T14:18:22+00:00\",\"breadcrumb\":{\"@id\":\"https:\/\/aslimnica.lv\/en\/25-more-injured-ukrainians-arrive-to-the-east-hospital-totalling-more-than-360-since-the-outbreak-of-war\/#breadcrumb\"},\"inLanguage\":\"en-US\",\"potentialAction\":[{\"@type\":\"ReadAction\",\"target\":[\"https:\/\/aslimnica.lv\/en\/25-more-injured-ukrainians-arrive-to-the-east-hospital-totalling-more-than-360-since-the-outbreak-of-war\/\"]}]},{\"@type\":\"ImageObject\",\"inLanguage\":\"en-US\",\"@id\":\"https:\/\/aslimnica.lv\/en\/25-more-injured-ukrainians-arrive-to-the-east-hospital-totalling-more-than-360-since-the-outbreak-of-war\/#primaryimage\",\"url\":\"https:\/\/aslimnica.lv\/wp-content\/uploads\/2024\/10\/dff.png\",\"contentUrl\":\"https:\/\/aslimnica.lv\/wp-content\/uploads\/2024\/10\/dff.png\"},{\"@type\":\"BreadcrumbList\",\"@id\":\"https:\/\/aslimnica.lv\/en\/25-more-injured-ukrainians-arrive-to-the-east-hospital-totalling-more-than-360-since-the-outbreak-of-war\/#breadcrumb\",\"itemListElement\":[{\"@type\":\"ListItem\",\"position\":1,\"name\":\"Home\",\"item\":\"https:\/\/aslimnica.lv\/en\/\"},{\"@type\":\"ListItem\",\"position\":2,\"name\":\"25\u00a0more injured Ukrainians arrive to the East Hospital, totalling more than 360 since the outbreak of war\"}]},{\"@type\":\"WebSite\",\"@id\":\"https:\/\/aslimnica.lv\/en\/#website\",\"url\":\"https:\/\/aslimnica.lv\/en\/\",\"name\":\"aSlimn\u012bca\",\"description\":\"R\u012bgas Austrumu k\u012bnisk\u0101 universit\u0101tes slimn\u012bca\",\"potentialAction\":[{\"@type\":\"SearchAction\",\"target\":{\"@type\":\"EntryPoint\",\"urlTemplate\":\"https:\/\/aslimnica.lv\/en\/?s={search_term_string}\"},\"query-input\":{\"@type\":\"PropertyValueSpecification\",\"valueRequired\":true,\"valueName\":\"search_term_string\"}}],\"inLanguage\":\"en-US\"}]}<\/script>\n<!-- \/ Yoast SEO plugin. -->","yoast_head_json":{"title":"25\u00a0more injured Ukrainians arrive to the East Hospital, totalling more than 360 since the outbreak of war - aSlimn\u012bca","robots":{"index":"index","follow":"follow","max-snippet":"max-snippet:-1","max-image-preview":"max-image-preview:large","max-video-preview":"max-video-preview:-1"},"canonical":"https:\/\/aslimnica.lv\/en\/25-more-injured-ukrainians-arrive-to-the-east-hospital-totalling-more-than-360-since-the-outbreak-of-war\/","og_locale":"en_US","og_type":"article","og_title":"25\u00a0more injured Ukrainians arrive to the East Hospital, totalling more than 360 since the outbreak of war - aSlimn\u012bca","og_description":"Today, 24\u00a0October\u00a02024, marked the 19th arrival of an aid bus organised by the M-Help.com charity project, delivering Ukrainian soldiers and civilians severely injured in the war started by Russia to Riga East Clinical University Hospital (East Hospital). Today, the East Hospital admitted its 366th patient arriving from Ukraine. 25\u00a0injured individuals made the long journey to","og_url":"https:\/\/aslimnica.lv\/en\/25-more-injured-ukrainians-arrive-to-the-east-hospital-totalling-more-than-360-since-the-outbreak-of-war\/","og_site_name":"aSlimn\u012bca","og_image":[{"url":"https:\/\/aslimnica.lv\/wp-content\/uploads\/2024\/10\/dff.png","type":"","width":"","height":""}],"twitter_card":"summary_large_image","twitter_misc":{"Est. reading time":"4 minutes"},"schema":{"@context":"https:\/\/schema.org","@graph":[{"@type":"WebPage","@id":"https:\/\/aslimnica.lv\/en\/25-more-injured-ukrainians-arrive-to-the-east-hospital-totalling-more-than-360-since-the-outbreak-of-war\/","url":"https:\/\/aslimnica.lv\/en\/25-more-injured-ukrainians-arrive-to-the-east-hospital-totalling-more-than-360-since-the-outbreak-of-war\/","name":"25\u00a0more injured Ukrainians arrive to the East Hospital, totalling more than 360 since the outbreak of war - aSlimn\u012bca","isPartOf":{"@id":"https:\/\/aslimnica.lv\/en\/#website"},"primaryImageOfPage":{"@id":"https:\/\/aslimnica.lv\/en\/25-more-injured-ukrainians-arrive-to-the-east-hospital-totalling-more-than-360-since-the-outbreak-of-war\/#primaryimage"},"image":{"@id":"https:\/\/aslimnica.lv\/en\/25-more-injured-ukrainians-arrive-to-the-east-hospital-totalling-more-than-360-since-the-outbreak-of-war\/#primaryimage"},"thumbnailUrl":"https:\/\/aslimnica.lv\/wp-content\/uploads\/2024\/10\/dff.png","datePublished":"2024-10-28T14:18:22+00:00","breadcrumb":{"@id":"https:\/\/aslimnica.lv\/en\/25-more-injured-ukrainians-arrive-to-the-east-hospital-totalling-more-than-360-since-the-outbreak-of-war\/#breadcrumb"},"inLanguage":"en-US","potentialAction":[{"@type":"ReadAction","target":["https:\/\/aslimnica.lv\/en\/25-more-injured-ukrainians-arrive-to-the-east-hospital-totalling-more-than-360-since-the-outbreak-of-war\/"]}]},{"@type":"ImageObject","inLanguage":"en-US","@id":"https:\/\/aslimnica.lv\/en\/25-more-injured-ukrainians-arrive-to-the-east-hospital-totalling-more-than-360-since-the-outbreak-of-war\/#primaryimage","url":"https:\/\/aslimnica.lv\/wp-content\/uploads\/2024\/10\/dff.png","contentUrl":"https:\/\/aslimnica.lv\/wp-content\/uploads\/2024\/10\/dff.png"},{"@type":"BreadcrumbList","@id":"https:\/\/aslimnica.lv\/en\/25-more-injured-ukrainians-arrive-to-the-east-hospital-totalling-more-than-360-since-the-outbreak-of-war\/#breadcrumb","itemListElement":[{"@type":"ListItem","position":1,"name":"Home","item":"https:\/\/aslimnica.lv\/en\/"},{"@type":"ListItem","position":2,"name":"25\u00a0more injured Ukrainians arrive to the East Hospital, totalling more than 360 since the outbreak of war"}]},{"@type":"WebSite","@id":"https:\/\/aslimnica.lv\/en\/#website","url":"https:\/\/aslimnica.lv\/en\/","name":"aSlimn\u012bca","description":"R\u012bgas Austrumu k\u012bnisk\u0101 universit\u0101tes slimn\u012bca","potentialAction":[{"@type":"SearchAction","target":{"@type":"EntryPoint","urlTemplate":"https:\/\/aslimnica.lv\/en\/?s={search_term_string}"},"query-input":{"@type":"PropertyValueSpecification","valueRequired":true,"valueName":"search_term_string"}}],"inLanguage":"en-US"}]}},"_links":{"self":[{"href":"https:\/\/aslimnica.lv\/en\/wp-json\/wp\/v2\/pages\/66191","targetHints":{"allow":["GET"]}}],"collection":[{"href":"https:\/\/aslimnica.lv\/en\/wp-json\/wp\/v2\/pages"}],"about":[{"href":"https:\/\/aslimnica.lv\/en\/wp-json\/wp\/v2\/types\/page"}],"author":[{"embeddable":true,"href":"https:\/\/aslimnica.lv\/en\/wp-json\/wp\/v2\/users\/49"}],"replies":[{"embeddable":true,"href":"https:\/\/aslimnica.lv\/en\/wp-json\/wp\/v2\/comments?post=66191"}],"version-history":[{"count":1,"href":"https:\/\/aslimnica.lv\/en\/wp-json\/wp\/v2\/pages\/66191\/revisions"}],"predecessor-version":[{"id":66195,"href":"https:\/\/aslimnica.lv\/en\/wp-json\/wp\/v2\/pages\/66191\/revisions\/66195"}],"wp:attachment":[{"href":"https:\/\/aslimnica.lv\/en\/wp-json\/wp\/v2\/media?parent=66191"}],"curies":[{"name":"wp","href":"https:\/\/api.w.org\/{rel}","templated":true}]}}