{"id":65875,"date":"2024-10-15T07:25:35","date_gmt":"2024-10-15T05:25:35","guid":{"rendered":"https:\/\/aslimnica.lv\/?page_id=65875"},"modified":"2024-10-15T07:25:35","modified_gmt":"2024-10-15T05:25:35","slug":"east-hospital-enters-new-era-construction-of-a-new-wing-to-bring-several-inpatient-facilities-and-services-under-one-roof","status":"publish","type":"page","link":"https:\/\/aslimnica.lv\/en\/east-hospital-enters-new-era-construction-of-a-new-wing-to-bring-several-inpatient-facilities-and-services-under-one-roof\/","title":{"rendered":"East Hospital enters new era: Construction of a new wing to bring several inpatient facilities and services under one roof"},"content":{"rendered":"<p><strong>In January\u00a02025, Riga East Clinical University Hospital (East Hospital) will launch a large-scale hospital expansion project, which will entail the construction of a new combined wing for the treatment of infections, tuberculosis and lung diseases in Riga, at <em>Hipokr\u0101ta iela\u00a02<\/em>, thereby ensuring a diverse range of medical services available in one location. Specifically, starting from early 2027, several currently separately operating inpatient facilities located in different areas will operate and provide services under one roof, significantly improving the patient experience. The project of the new buildings was designed by the Finnish architectural firm AW2 Architects Oy specialising in designing healthcare facilities.<\/strong><\/p>\n<p><a href=\"https:\/\/aslimnica.lv\/wp-content\/uploads\/2024\/09\/LIC_05-scaled.jpg\"><img loading=\"lazy\" decoding=\"async\" class=\"alignnone size-large wp-image-65116\" src=\"https:\/\/aslimnica.lv\/wp-content\/uploads\/2024\/09\/LIC_05-1024x576.jpg\" sizes=\"auto, (max-width: 1024px) 100vw, 1024px\" srcset=\"https:\/\/aslimnica.lv\/wp-content\/uploads\/2024\/09\/LIC_05-1024x576.jpg 1024w, https:\/\/aslimnica.lv\/wp-content\/uploads\/2024\/09\/LIC_05-300x169.jpg 300w, https:\/\/aslimnica.lv\/wp-content\/uploads\/2024\/09\/LIC_05-768x432.jpg 768w, https:\/\/aslimnica.lv\/wp-content\/uploads\/2024\/09\/LIC_05-1536x864.jpg 1536w, https:\/\/aslimnica.lv\/wp-content\/uploads\/2024\/09\/LIC_05-2048x1152.jpg 2048w, https:\/\/aslimnica.lv\/wp-content\/uploads\/2024\/09\/LIC_05-1400x788.jpg 1400w, https:\/\/aslimnica.lv\/wp-content\/uploads\/2024\/09\/LIC_05-530x298.jpg 530w, https:\/\/aslimnica.lv\/wp-content\/uploads\/2024\/09\/LIC_05-310x174.jpg 310w, https:\/\/aslimnica.lv\/wp-content\/uploads\/2024\/09\/LIC_05-700x394.jpg 700w\" alt=\"\" width=\"1024\" height=\"576\" \/><\/a><\/p>\n<p>In the relatively near future, significant changes are expected at the East Hospital, brought about by the construction of a new healthcare wing within the area of <em>Hipokr\u0101ta iela<\/em> in Riga, consolidating several inpatient facilities and thereby ensuring a diverse range of medical services available in one location.<\/p>\n<p>As part of the most ambitious project in the hospital\u2019s history, a new modern building will rise in the area of <em>Hipokr\u0101ta iela<\/em>, serving as the new home for two inpatient facilities\u00a0\u2013 the Tuberculosis and Lung Disease Centre, which currently provides services beyond the capital in Stopi\u0146i Parish, and the Latvian Infectious Disease Centre located at <em>Linezera iela\u00a03<\/em> in Riga.<\/p>\n<p><a href=\"https:\/\/aslimnica.lv\/wp-content\/uploads\/2024\/05\/Stanevics-scaled-e1727079824721.jpg\"><img loading=\"lazy\" decoding=\"async\" class=\"alignnone wp-image-61762 \" src=\"https:\/\/aslimnica.lv\/wp-content\/uploads\/2024\/05\/Stanevics-scaled-e1727079824721-770x1024.jpg\" sizes=\"auto, (max-width: 303px) 100vw, 303px\" srcset=\"https:\/\/aslimnica.lv\/wp-content\/uploads\/2024\/05\/Stanevics-scaled-e1727079824721-770x1024.jpg 770w, https:\/\/aslimnica.lv\/wp-content\/uploads\/2024\/05\/Stanevics-scaled-e1727079824721-226x300.jpg 226w, https:\/\/aslimnica.lv\/wp-content\/uploads\/2024\/05\/Stanevics-scaled-e1727079824721-768x1022.jpg 768w, https:\/\/aslimnica.lv\/wp-content\/uploads\/2024\/05\/Stanevics-scaled-e1727079824721-1155x1536.jpg 1155w, https:\/\/aslimnica.lv\/wp-content\/uploads\/2024\/05\/Stanevics-scaled-e1727079824721-1400x1862.jpg 1400w, https:\/\/aslimnica.lv\/wp-content\/uploads\/2024\/05\/Stanevics-scaled-e1727079824721-233x310.jpg 233w, https:\/\/aslimnica.lv\/wp-content\/uploads\/2024\/05\/Stanevics-scaled-e1727079824721-293x390.jpg 293w, https:\/\/aslimnica.lv\/wp-content\/uploads\/2024\/05\/Stanevics-scaled-e1727079824721-700x931.jpg 700w, https:\/\/aslimnica.lv\/wp-content\/uploads\/2024\/05\/Stanevics-scaled-e1727079824721.jpg 1475w\" alt=\"\" width=\"303\" height=\"403\" \/><\/a><\/p>\n<p>\u2018Bringing several inpatient facilities under one roof will allow to create a modern healthcare centre and provide a place where patients will be able to receive comprehensive care at all levels. Our goal is to ensure more efficient treatment, easier access to services, and a superior patient experience. This project reflects our dedication to providing top-notch care, advancing future healthcare, and strengthening community health overall,\u2019 emphasizes <strong>Normunds Sta\u0146\u0113vi\u010ds<\/strong>, Chairman of the Board at the East Hospital.<\/p>\n<p>Consequently, with the completion of the new healthcare wing, four of the East Hospital\u2019s inpatient facilities will be brought together on one site, only two from which\u00a0\u2013 Gai\u013cezers and Latvian Oncology Centre\u00a0\u2013 are currently located nearby; however, by the end of 2026, they will be joined by Latvian Infectious Disease Centre and the Tuberculosis and Lung Disease Centre. The Bi\u0137ernieki inpatient facility will remain at its current location at <em>Lielv\u0101rdes iela\u00a068<\/em>, but according to the East Hospital\u2019s long-term development strategy, it will have a special role focused on patient care and rehabilitation tailored to special patient groups that frequently require mobility and self-care support. Other specialised clinics located within the area of Bi\u0137ernieki inpatient facility will be relocated to <em>Hipokr\u0101ta iela\u00a02<\/em>.<\/p>\n<p><a href=\"https:\/\/aslimnica.lv\/wp-content\/uploads\/2024\/09\/LIC_06-PHASE-1-scaled.jpg\"><img loading=\"lazy\" decoding=\"async\" class=\"alignnone size-large wp-image-65119\" src=\"https:\/\/aslimnica.lv\/wp-content\/uploads\/2024\/09\/LIC_06-PHASE-1-1024x576.jpg\" sizes=\"auto, (max-width: 1024px) 100vw, 1024px\" srcset=\"https:\/\/aslimnica.lv\/wp-content\/uploads\/2024\/09\/LIC_06-PHASE-1-1024x576.jpg 1024w, https:\/\/aslimnica.lv\/wp-content\/uploads\/2024\/09\/LIC_06-PHASE-1-300x169.jpg 300w, https:\/\/aslimnica.lv\/wp-content\/uploads\/2024\/09\/LIC_06-PHASE-1-768x432.jpg 768w, https:\/\/aslimnica.lv\/wp-content\/uploads\/2024\/09\/LIC_06-PHASE-1-1536x864.jpg 1536w, https:\/\/aslimnica.lv\/wp-content\/uploads\/2024\/09\/LIC_06-PHASE-1-2048x1152.jpg 2048w, https:\/\/aslimnica.lv\/wp-content\/uploads\/2024\/09\/LIC_06-PHASE-1-1400x788.jpg 1400w, https:\/\/aslimnica.lv\/wp-content\/uploads\/2024\/09\/LIC_06-PHASE-1-530x298.jpg 530w, https:\/\/aslimnica.lv\/wp-content\/uploads\/2024\/09\/LIC_06-PHASE-1-310x174.jpg 310w, https:\/\/aslimnica.lv\/wp-content\/uploads\/2024\/09\/LIC_06-PHASE-1-700x394.jpg 700w\" alt=\"\" width=\"1024\" height=\"576\" \/><\/a><\/p>\n<p>The construction of the new wing is set to begin in January\u00a02025, and it is expected to be completed in 2026. The project of the new buildings was designed by the Finnish architectural firm AW2 Architects Oy specialising in designing healthcare facilities.<\/p>\n<p>The new healthcare wing will consist solely of single and double patient rooms with a spacious sanitary facility that will allow for easy wheelchair access. The architectural design and technological solutions are rooted in international expertise and research on staff operational processes within departments, and the rooms will be fitted with modern equipment and technology.<\/p>\n<p>The design allows for extensive natural light in areas where possible and incorporates advanced artificial lighting that adapts automatically to simulate the day-night cycle.<\/p>\n<p><a href=\"https:\/\/aslimnica.lv\/wp-content\/uploads\/2024\/09\/AERIAL-scaled.jpg\"><img loading=\"lazy\" decoding=\"async\" class=\"size-large wp-image-65104\" src=\"https:\/\/aslimnica.lv\/wp-content\/uploads\/2024\/09\/AERIAL-1024x576.jpg\" sizes=\"auto, (max-width: 1024px) 100vw, 1024px\" srcset=\"https:\/\/aslimnica.lv\/wp-content\/uploads\/2024\/09\/AERIAL-1024x576.jpg 1024w, https:\/\/aslimnica.lv\/wp-content\/uploads\/2024\/09\/AERIAL-300x169.jpg 300w, https:\/\/aslimnica.lv\/wp-content\/uploads\/2024\/09\/AERIAL-768x432.jpg 768w, https:\/\/aslimnica.lv\/wp-content\/uploads\/2024\/09\/AERIAL-1536x864.jpg 1536w, https:\/\/aslimnica.lv\/wp-content\/uploads\/2024\/09\/AERIAL-2048x1152.jpg 2048w, https:\/\/aslimnica.lv\/wp-content\/uploads\/2024\/09\/AERIAL-1400x788.jpg 1400w, https:\/\/aslimnica.lv\/wp-content\/uploads\/2024\/09\/AERIAL-530x298.jpg 530w, https:\/\/aslimnica.lv\/wp-content\/uploads\/2024\/09\/AERIAL-310x174.jpg 310w, https:\/\/aslimnica.lv\/wp-content\/uploads\/2024\/09\/AERIAL-700x394.jpg 700w\" alt=\"\" width=\"1024\" height=\"576\" \/><\/a><\/p>\n<p>Each building will be equipped with high-capacity vertical storage systems for both large equipment and medical supplies, facilitating convenient logistics and automated inventory management. The vertical storage system will be accessible from any floor of the building.<\/p>\n<p>Currently, several sequential and interrelated procurements are underway, related to design, author supervision, and construction work, including the development of a brand and visual identity for the five merged inpatient facilities in a new form, so that upon completion of the construction, it will be possible to clearly arrange informational signs and logistics paths, separate patient flows, and create a coherent and recognizable external image within the new largest hospital infrastructure in the Baltic states, which will help enhance recognition among global partners and researchers, including in English.<\/p>\n<p><a href=\"https:\/\/aslimnica.lv\/wp-content\/uploads\/2024\/09\/LIC_02-scaled.jpg\"><img loading=\"lazy\" decoding=\"async\" class=\"alignnone size-large wp-image-65110\" src=\"https:\/\/aslimnica.lv\/wp-content\/uploads\/2024\/09\/LIC_02-1024x640.jpg\" sizes=\"auto, (max-width: 1024px) 100vw, 1024px\" srcset=\"https:\/\/aslimnica.lv\/wp-content\/uploads\/2024\/09\/LIC_02-1024x640.jpg 1024w, https:\/\/aslimnica.lv\/wp-content\/uploads\/2024\/09\/LIC_02-300x188.jpg 300w, https:\/\/aslimnica.lv\/wp-content\/uploads\/2024\/09\/LIC_02-768x480.jpg 768w, https:\/\/aslimnica.lv\/wp-content\/uploads\/2024\/09\/LIC_02-1536x960.jpg 1536w, https:\/\/aslimnica.lv\/wp-content\/uploads\/2024\/09\/LIC_02-2048x1280.jpg 2048w, https:\/\/aslimnica.lv\/wp-content\/uploads\/2024\/09\/LIC_02-1400x875.jpg 1400w, https:\/\/aslimnica.lv\/wp-content\/uploads\/2024\/09\/LIC_02-496x310.jpg 496w, https:\/\/aslimnica.lv\/wp-content\/uploads\/2024\/09\/LIC_02-310x194.jpg 310w, https:\/\/aslimnica.lv\/wp-content\/uploads\/2024\/09\/LIC_02-700x438.jpg 700w\" alt=\"\" width=\"1024\" height=\"640\" \/><\/a><\/p>\n<p>Alongside the path towards the development of the Hospital of the Future, several projects are currently being actively implemented, which involve public procurement procedures. The procurement process for the reconstruction of the treatment departments and shared spaces of Latvian Oncology Centre is ongoing, along with the procurement process aimed to modernise and expand the range of services provided by the East Hospital and to acquire medical equipment and devices.<\/p>\n<p>Additionally, initiatives and procurement processes have been launched to improve ICT solutions, specifically, the \u2018Development of technical and procurement documentation for adaptations of the oncology patient data sharing platform and clinical university hospitals\u2019.<\/p>\n<p>Visualisations of the East Hospital\u2019s new wing can be viewed <a href=\"https:\/\/www.flickr.com\/photos\/austrumu_slimnicas_foto\/albums\/72177720320525527\/\"><strong><em>here<\/em><\/strong><\/a>.<\/p>\n<p><a href=\"https:\/\/aslimnica.lv\/wp-content\/uploads\/2024\/09\/FINANSE-ESNEXTNAP.jpg\"><img loading=\"lazy\" decoding=\"async\" class=\"wp-image-65125 aligncenter\" src=\"https:\/\/aslimnica.lv\/wp-content\/uploads\/2024\/09\/FINANSE-ESNEXTNAP-1024x473.jpg\" sizes=\"auto, (max-width: 375px) 100vw, 375px\" srcset=\"https:\/\/aslimnica.lv\/wp-content\/uploads\/2024\/09\/FINANSE-ESNEXTNAP-1024x473.jpg 1024w, https:\/\/aslimnica.lv\/wp-content\/uploads\/2024\/09\/FINANSE-ESNEXTNAP-300x139.jpg 300w, https:\/\/aslimnica.lv\/wp-content\/uploads\/2024\/09\/FINANSE-ESNEXTNAP-768x355.jpg 768w, https:\/\/aslimnica.lv\/wp-content\/uploads\/2024\/09\/FINANSE-ESNEXTNAP-1400x647.jpg 1400w, https:\/\/aslimnica.lv\/wp-content\/uploads\/2024\/09\/FINANSE-ESNEXTNAP-530x245.jpg 530w, https:\/\/aslimnica.lv\/wp-content\/uploads\/2024\/09\/FINANSE-ESNEXTNAP-310x143.jpg 310w, https:\/\/aslimnica.lv\/wp-content\/uploads\/2024\/09\/FINANSE-ESNEXTNAP-700x324.jpg 700w, https:\/\/aslimnica.lv\/wp-content\/uploads\/2024\/09\/FINANSE-ESNEXTNAP.jpg 1458w\" alt=\"\" width=\"375\" height=\"173\" \/><\/a><\/p>\n<hr \/>\n<p><strong><em>About the East Hospital\u00a0 <\/em><\/strong><\/p>\n<p>Riga East Clinical University Hospital is the largest and strategically significant multi-profile hospital in the country. The hospital consists of five inpatient facilities\u00a0\u2013 Gai\u013cezers, Latvian Oncology Centre, Bi\u0137ernieki, Tuberculosis and Lung Disease Centre, and Latvian Infectious Diseases Centre, along with various specialised centres and clinics. The hospital provides highly specialised inpatient and secondary outpatient healthcare, offering multidisciplinary tertiary-level treatment and care in line with modern technology and medical knowledge. Approximately 80% of all cancer patients in Latvia are treated at the hospital. It serves as a practical training base for both Latvian educational institutions and foreign students, providing further education and knowledge transfer to healthcare specialists within and beyond the country. The hospital engages in scientific research and develops innovative methods for patient treatment. As the third-largest employer in the country, the hospital employs around 5000\u00a0staff members.<\/p>\n","protected":false},"excerpt":{"rendered":"<p>In January\u00a02025, Riga East Clinical University Hospital (East Hospital) will launch a large-scale hospital expansion project, which will entail the construction of a new combined wing for the treatment of infections, tuberculosis and lung diseases in Riga, at Hipokr\u0101ta iela\u00a02, thereby ensuring a diverse range of medical services available in one location. Specifically, starting from<\/p>\n","protected":false},"author":49,"featured_media":0,"parent":0,"menu_order":0,"comment_status":"closed","ping_status":"closed","template":"","meta":{"_acf_changed":false,"inline_featured_image":false,"footnotes":""},"class_list":["post-65875","page","type-page","status-publish","hentry"],"acf":[],"yoast_head":"<!-- This site is optimized with the Yoast SEO plugin v27.1.1 - https:\/\/yoast.com\/product\/yoast-seo-wordpress\/ -->\n<title>East Hospital enters new era: Construction of a new wing to bring several inpatient facilities and services under one roof - aSlimn\u012bca<\/title>\n<meta name=\"robots\" content=\"index, follow, max-snippet:-1, max-image-preview:large, max-video-preview:-1\" \/>\n<link rel=\"canonical\" href=\"https:\/\/aslimnica.lv\/en\/east-hospital-enters-new-era-construction-of-a-new-wing-to-bring-several-inpatient-facilities-and-services-under-one-roof\/\" \/>\n<meta property=\"og:locale\" content=\"en_US\" \/>\n<meta property=\"og:type\" content=\"article\" \/>\n<meta property=\"og:title\" content=\"East Hospital enters new era: Construction of a new wing to bring several inpatient facilities and services under one roof - aSlimn\u012bca\" \/>\n<meta property=\"og:description\" content=\"In January\u00a02025, Riga East Clinical University Hospital (East Hospital) will launch a large-scale hospital expansion project, which will entail the construction of a new combined wing for the treatment of infections, tuberculosis and lung diseases in Riga, at Hipokr\u0101ta iela\u00a02, thereby ensuring a diverse range of medical services available in one location. Specifically, starting from\" \/>\n<meta property=\"og:url\" content=\"https:\/\/aslimnica.lv\/en\/east-hospital-enters-new-era-construction-of-a-new-wing-to-bring-several-inpatient-facilities-and-services-under-one-roof\/\" \/>\n<meta property=\"og:site_name\" content=\"aSlimn\u012bca\" \/>\n<meta property=\"og:image\" content=\"https:\/\/aslimnica.lv\/wp-content\/uploads\/2024\/09\/LIC_05-1024x576.jpg\" \/>\n<meta name=\"twitter:card\" content=\"summary_large_image\" \/>\n<meta name=\"twitter:label1\" content=\"Est. reading time\" \/>\n\t<meta name=\"twitter:data1\" content=\"7 minutes\" \/>\n<script type=\"application\/ld+json\" class=\"yoast-schema-graph\">{\"@context\":\"https:\/\/schema.org\",\"@graph\":[{\"@type\":\"WebPage\",\"@id\":\"https:\/\/aslimnica.lv\/en\/east-hospital-enters-new-era-construction-of-a-new-wing-to-bring-several-inpatient-facilities-and-services-under-one-roof\/\",\"url\":\"https:\/\/aslimnica.lv\/en\/east-hospital-enters-new-era-construction-of-a-new-wing-to-bring-several-inpatient-facilities-and-services-under-one-roof\/\",\"name\":\"East Hospital enters new era: Construction of a new wing to bring several inpatient facilities and services under one roof - aSlimn\u012bca\",\"isPartOf\":{\"@id\":\"https:\/\/aslimnica.lv\/en\/#website\"},\"primaryImageOfPage\":{\"@id\":\"https:\/\/aslimnica.lv\/en\/east-hospital-enters-new-era-construction-of-a-new-wing-to-bring-several-inpatient-facilities-and-services-under-one-roof\/#primaryimage\"},\"image\":{\"@id\":\"https:\/\/aslimnica.lv\/en\/east-hospital-enters-new-era-construction-of-a-new-wing-to-bring-several-inpatient-facilities-and-services-under-one-roof\/#primaryimage\"},\"thumbnailUrl\":\"https:\/\/aslimnica.lv\/wp-content\/uploads\/2024\/09\/LIC_05-1024x576.jpg\",\"datePublished\":\"2024-10-15T05:25:35+00:00\",\"breadcrumb\":{\"@id\":\"https:\/\/aslimnica.lv\/en\/east-hospital-enters-new-era-construction-of-a-new-wing-to-bring-several-inpatient-facilities-and-services-under-one-roof\/#breadcrumb\"},\"inLanguage\":\"en-US\",\"potentialAction\":[{\"@type\":\"ReadAction\",\"target\":[\"https:\/\/aslimnica.lv\/en\/east-hospital-enters-new-era-construction-of-a-new-wing-to-bring-several-inpatient-facilities-and-services-under-one-roof\/\"]}]},{\"@type\":\"ImageObject\",\"inLanguage\":\"en-US\",\"@id\":\"https:\/\/aslimnica.lv\/en\/east-hospital-enters-new-era-construction-of-a-new-wing-to-bring-several-inpatient-facilities-and-services-under-one-roof\/#primaryimage\",\"url\":\"https:\/\/aslimnica.lv\/wp-content\/uploads\/2024\/09\/LIC_05-1024x576.jpg\",\"contentUrl\":\"https:\/\/aslimnica.lv\/wp-content\/uploads\/2024\/09\/LIC_05-1024x576.jpg\"},{\"@type\":\"BreadcrumbList\",\"@id\":\"https:\/\/aslimnica.lv\/en\/east-hospital-enters-new-era-construction-of-a-new-wing-to-bring-several-inpatient-facilities-and-services-under-one-roof\/#breadcrumb\",\"itemListElement\":[{\"@type\":\"ListItem\",\"position\":1,\"name\":\"Home\",\"item\":\"https:\/\/aslimnica.lv\/en\/\"},{\"@type\":\"ListItem\",\"position\":2,\"name\":\"East Hospital enters new era: Construction of a new wing to bring several inpatient facilities and services under one roof\"}]},{\"@type\":\"WebSite\",\"@id\":\"https:\/\/aslimnica.lv\/en\/#website\",\"url\":\"https:\/\/aslimnica.lv\/en\/\",\"name\":\"aSlimn\u012bca\",\"description\":\"R\u012bgas Austrumu k\u012bnisk\u0101 universit\u0101tes slimn\u012bca\",\"potentialAction\":[{\"@type\":\"SearchAction\",\"target\":{\"@type\":\"EntryPoint\",\"urlTemplate\":\"https:\/\/aslimnica.lv\/en\/?s={search_term_string}\"},\"query-input\":{\"@type\":\"PropertyValueSpecification\",\"valueRequired\":true,\"valueName\":\"search_term_string\"}}],\"inLanguage\":\"en-US\"}]}<\/script>\n<!-- \/ Yoast SEO plugin. -->","yoast_head_json":{"title":"East Hospital enters new era: Construction of a new wing to bring several inpatient facilities and services under one roof - aSlimn\u012bca","robots":{"index":"index","follow":"follow","max-snippet":"max-snippet:-1","max-image-preview":"max-image-preview:large","max-video-preview":"max-video-preview:-1"},"canonical":"https:\/\/aslimnica.lv\/en\/east-hospital-enters-new-era-construction-of-a-new-wing-to-bring-several-inpatient-facilities-and-services-under-one-roof\/","og_locale":"en_US","og_type":"article","og_title":"East Hospital enters new era: Construction of a new wing to bring several inpatient facilities and services under one roof - aSlimn\u012bca","og_description":"In January\u00a02025, Riga East Clinical University Hospital (East Hospital) will launch a large-scale hospital expansion project, which will entail the construction of a new combined wing for the treatment of infections, tuberculosis and lung diseases in Riga, at Hipokr\u0101ta iela\u00a02, thereby ensuring a diverse range of medical services available in one location. Specifically, starting from","og_url":"https:\/\/aslimnica.lv\/en\/east-hospital-enters-new-era-construction-of-a-new-wing-to-bring-several-inpatient-facilities-and-services-under-one-roof\/","og_site_name":"aSlimn\u012bca","og_image":[{"url":"https:\/\/aslimnica.lv\/wp-content\/uploads\/2024\/09\/LIC_05-1024x576.jpg","type":"","width":"","height":""}],"twitter_card":"summary_large_image","twitter_misc":{"Est. reading time":"7 minutes"},"schema":{"@context":"https:\/\/schema.org","@graph":[{"@type":"WebPage","@id":"https:\/\/aslimnica.lv\/en\/east-hospital-enters-new-era-construction-of-a-new-wing-to-bring-several-inpatient-facilities-and-services-under-one-roof\/","url":"https:\/\/aslimnica.lv\/en\/east-hospital-enters-new-era-construction-of-a-new-wing-to-bring-several-inpatient-facilities-and-services-under-one-roof\/","name":"East Hospital enters new era: Construction of a new wing to bring several inpatient facilities and services under one roof - aSlimn\u012bca","isPartOf":{"@id":"https:\/\/aslimnica.lv\/en\/#website"},"primaryImageOfPage":{"@id":"https:\/\/aslimnica.lv\/en\/east-hospital-enters-new-era-construction-of-a-new-wing-to-bring-several-inpatient-facilities-and-services-under-one-roof\/#primaryimage"},"image":{"@id":"https:\/\/aslimnica.lv\/en\/east-hospital-enters-new-era-construction-of-a-new-wing-to-bring-several-inpatient-facilities-and-services-under-one-roof\/#primaryimage"},"thumbnailUrl":"https:\/\/aslimnica.lv\/wp-content\/uploads\/2024\/09\/LIC_05-1024x576.jpg","datePublished":"2024-10-15T05:25:35+00:00","breadcrumb":{"@id":"https:\/\/aslimnica.lv\/en\/east-hospital-enters-new-era-construction-of-a-new-wing-to-bring-several-inpatient-facilities-and-services-under-one-roof\/#breadcrumb"},"inLanguage":"en-US","potentialAction":[{"@type":"ReadAction","target":["https:\/\/aslimnica.lv\/en\/east-hospital-enters-new-era-construction-of-a-new-wing-to-bring-several-inpatient-facilities-and-services-under-one-roof\/"]}]},{"@type":"ImageObject","inLanguage":"en-US","@id":"https:\/\/aslimnica.lv\/en\/east-hospital-enters-new-era-construction-of-a-new-wing-to-bring-several-inpatient-facilities-and-services-under-one-roof\/#primaryimage","url":"https:\/\/aslimnica.lv\/wp-content\/uploads\/2024\/09\/LIC_05-1024x576.jpg","contentUrl":"https:\/\/aslimnica.lv\/wp-content\/uploads\/2024\/09\/LIC_05-1024x576.jpg"},{"@type":"BreadcrumbList","@id":"https:\/\/aslimnica.lv\/en\/east-hospital-enters-new-era-construction-of-a-new-wing-to-bring-several-inpatient-facilities-and-services-under-one-roof\/#breadcrumb","itemListElement":[{"@type":"ListItem","position":1,"name":"Home","item":"https:\/\/aslimnica.lv\/en\/"},{"@type":"ListItem","position":2,"name":"East Hospital enters new era: Construction of a new wing to bring several inpatient facilities and services under one roof"}]},{"@type":"WebSite","@id":"https:\/\/aslimnica.lv\/en\/#website","url":"https:\/\/aslimnica.lv\/en\/","name":"aSlimn\u012bca","description":"R\u012bgas Austrumu k\u012bnisk\u0101 universit\u0101tes slimn\u012bca","potentialAction":[{"@type":"SearchAction","target":{"@type":"EntryPoint","urlTemplate":"https:\/\/aslimnica.lv\/en\/?s={search_term_string}"},"query-input":{"@type":"PropertyValueSpecification","valueRequired":true,"valueName":"search_term_string"}}],"inLanguage":"en-US"}]}},"_links":{"self":[{"href":"https:\/\/aslimnica.lv\/en\/wp-json\/wp\/v2\/pages\/65875","targetHints":{"allow":["GET"]}}],"collection":[{"href":"https:\/\/aslimnica.lv\/en\/wp-json\/wp\/v2\/pages"}],"about":[{"href":"https:\/\/aslimnica.lv\/en\/wp-json\/wp\/v2\/types\/page"}],"author":[{"embeddable":true,"href":"https:\/\/aslimnica.lv\/en\/wp-json\/wp\/v2\/users\/49"}],"replies":[{"embeddable":true,"href":"https:\/\/aslimnica.lv\/en\/wp-json\/wp\/v2\/comments?post=65875"}],"version-history":[{"count":1,"href":"https:\/\/aslimnica.lv\/en\/wp-json\/wp\/v2\/pages\/65875\/revisions"}],"predecessor-version":[{"id":65876,"href":"https:\/\/aslimnica.lv\/en\/wp-json\/wp\/v2\/pages\/65875\/revisions\/65876"}],"wp:attachment":[{"href":"https:\/\/aslimnica.lv\/en\/wp-json\/wp\/v2\/media?parent=65875"}],"curies":[{"name":"wp","href":"https:\/\/api.w.org\/{rel}","templated":true}]}}