{"id":65868,"date":"2024-10-15T07:04:11","date_gmt":"2024-10-15T05:04:11","guid":{"rendered":"https:\/\/aslimnica.lv\/?page_id=65868"},"modified":"2024-10-15T07:04:11","modified_gmt":"2024-10-15T05:04:11","slug":"east-hospital-to-gather-top-latvian-professionals-and-global-experts-for-training-conference-on-the-world-sepsis-day","status":"publish","type":"page","link":"https:\/\/aslimnica.lv\/en\/east-hospital-to-gather-top-latvian-professionals-and-global-experts-for-training-conference-on-the-world-sepsis-day\/","title":{"rendered":"East Hospital to gather top Latvian professionals and global experts for training conference on the World Sepsis Day"},"content":{"rendered":"<p><strong>On 13\u00a0September\u00a02024, Riga East Clinical University Hospital (East Hospital) will hold a training conference dedicated to World Sepsis Day for the first time, featuring international authorities and leading professionals from three Latvian university hospitals who will share their expertise on how to recognize, diagnose, and treat sepsis, the urgency of initiating therapy and life-saving measures for sepsis patients, as well as other critical aspects related to sepsis treatment. <\/strong><\/p>\n<p>Sepsis, commonly referred to as \u2018blood poisoning\u2019 in everyday language, has become one of the most frequent causes of mortality worldwide. The World Health Organization reports that around 50\u00a0million people are affected by sepsis annually, with more than 11\u00a0million succumbing to the condition. To raise awareness about the research on issues associated with the onset of sepsis, its prevalence, treatment, and preventive measures, the World Sepsis Day takes place every year on 13\u00a0September.<\/p>\n<p><a href=\"https:\/\/aslimnica.lv\/wp-content\/uploads\/2024\/09\/Olegs-Suba-2-scaled.jpg\"><img loading=\"lazy\" decoding=\"async\" class=\"alignnone wp-image-64893\" src=\"https:\/\/aslimnica.lv\/wp-content\/uploads\/2024\/09\/Olegs-Suba-2-683x1024.jpg\" sizes=\"auto, (max-width: 261px) 100vw, 261px\" srcset=\"https:\/\/aslimnica.lv\/wp-content\/uploads\/2024\/09\/Olegs-Suba-2-683x1024.jpg 683w, https:\/\/aslimnica.lv\/wp-content\/uploads\/2024\/09\/Olegs-Suba-2-200x300.jpg 200w, https:\/\/aslimnica.lv\/wp-content\/uploads\/2024\/09\/Olegs-Suba-2-768x1152.jpg 768w, https:\/\/aslimnica.lv\/wp-content\/uploads\/2024\/09\/Olegs-Suba-2-1024x1536.jpg 1024w, https:\/\/aslimnica.lv\/wp-content\/uploads\/2024\/09\/Olegs-Suba-2-1365x2048.jpg 1365w, https:\/\/aslimnica.lv\/wp-content\/uploads\/2024\/09\/Olegs-Suba-2-1400x2100.jpg 1400w, https:\/\/aslimnica.lv\/wp-content\/uploads\/2024\/09\/Olegs-Suba-2-207x310.jpg 207w, https:\/\/aslimnica.lv\/wp-content\/uploads\/2024\/09\/Olegs-Suba-2-260x390.jpg 260w, https:\/\/aslimnica.lv\/wp-content\/uploads\/2024\/09\/Olegs-Suba-2-700x1050.jpg 700w, https:\/\/aslimnica.lv\/wp-content\/uploads\/2024\/09\/Olegs-Suba-2-scaled.jpg 1707w\" alt=\"\" width=\"261\" height=\"391\" \/><\/a><\/p>\n<p>The relevance of sepsis is currently associated with several trends, such as the growing antibiotic resistance that complicates the effective treatment of infections. Furthermore, an aging population and a rise in chronic diseases contribute to an increase in the number of individuals at risk for sepsis. <strong>O\u013cegs \u0160uba<\/strong>, the leading specialist in Anaesthesiology and Emergency Medicine at the East Hospital, points out: \u2018In our daily work, we, the specialists and colleagues from all three university hospitals within the Baltic region, maintain constant communication to seek the best treatment solution when treating the most medically complex sepsis cases in patients. However, I believe that sharing knowledge about sepsis and educating the broader public is just as important. Sadly, statistically speaking, no one in today\u2019s world is immune to sepsis.\u2019<\/p>\n<p><a href=\"https:\/\/aslimnica.lv\/wp-content\/uploads\/2024\/02\/Daina-Baidekalne-e1708412831123.jpg\"><img loading=\"lazy\" decoding=\"async\" class=\"alignnone wp-image-59376 \" src=\"https:\/\/aslimnica.lv\/wp-content\/uploads\/2024\/02\/Daina-Baidekalne-e1708412831123.jpg\" alt=\"\" width=\"268\" height=\"381\" \/><\/a><\/p>\n<p>Therefore, as explained by <strong>Daina Baidekalne<\/strong>, Head of the Training Centre at the East Hospital, \u2018the conference held on the World Sepsis Day aims at facilitating the exchange of knowledge and experience among healthcare professionals. We are pleased that we have managed to bring together not only the best and most competent experts who are eager to share their knowledge and experience, but also an exceptionally large number of interested parties\u00a0\u2013 over 350\u00a0attendees have already registered for the conference.\u2019<\/p>\n<p>Sepsis is most commonly caused by bacterial infections that can initially occur in any part of the body, such as the lungs (pneumonia), urinary tract (urinary tract infections), skin, or gastrointestinal tract. People with weakened immune systems, such as elderly people, children, individuals with chronic illnesses (e.g., diabetes or HIV), or those recovering from surgery, are particularly susceptible to sepsis. The groups at especially high risk include infants, elderly people, and individuals with weakened immune systems, such as patients with chronic diseases or those who are long-term users of immunosuppressive medications, such as oncology patients after chemotherapy.<\/p>\n<p>However, sepsis can also develop in completely healthy individuals after intense exertion, lack of sleep, or stress, which weaken the immune system and allow the infection to spread throughout the body. Genetic factors may also influence the risk of developing sepsis, but it occurs more frequently in individuals with underlying health conditions.<\/p>\n<p>If the immune system is strong, the infection is usually contained in a specific part of the body, such as in one single organ, as in the case of pneumonia. However, if the immune system cannot respond adequately, the infection can spread throughout the body, leading to a life-threatening condition. \u2018Early diagnosis and treatment are vital. For instance, administering antibiotics in the early stages can be lifesaving, as they halt the spread of infection, allowing the immune system to recover. However, if treatment is initiated too late and the infection has already spread throughout the body, affecting all organ systems, the situation can spiral out of control, leading to organ damage so severe that it may not be possible to save the individual\u2019s life. Therefore, sepsis can be considered an urgent medical condition requiring prompt intervention and effective treatment to reduce the risk of death,\u2019 explains <strong>O.\u00a0\u0160uba<\/strong>.<\/p>\n<p>The prevention and treatment of sepsis involves both individual actions and improvements in healthcare and society as a whole. To gain in-depth knowledge and share experiences, you can register for the conference dedicated to the World Sepsis Day at the East Hospital here:<\/p>\n<p><a href=\"https:\/\/aslimnica.lv\/profesionaliem\/izglitiba\/konferences\/\">https:\/\/aslimnica.lv\/profesionaliem\/izglitiba\/konferences\/<\/a><\/p>\n<p><strong><em>About the East Hospital\u00a0 <\/em><\/strong><\/p>\n<p>Riga East Clinical University Hospital is the largest and strategically significant multi-profile hospital in the country. The hospital consists of five inpatient facilities\u00a0\u2013 Gai\u013cezers, Latvian Oncology Centre, Bi\u0137ernieki, Tuberculosis and Lung Disease Centre, and Latvian Infectious Diseases Centre, along with various specialised centres and clinics. The hospital provides highly specialised inpatient and secondary outpatient healthcare, offering multidisciplinary tertiary-level treatment and care in line with modern technology and medical knowledge. Approximately 80% of all cancer patients in Latvia are treated at the hospital. It serves as a practical training base for both Latvian educational institutions and foreign students, providing further education and knowledge transfer to healthcare specialists within and beyond the country. The hospital engages in scientific research and develops innovative methods for patient treatment. As the third-largest employer in the country, the hospital employs around 5000\u00a0staff members.<\/p>\n","protected":false},"excerpt":{"rendered":"<p>On 13\u00a0September\u00a02024, Riga East Clinical University Hospital (East Hospital) will hold a training conference dedicated to World Sepsis Day for the first time, featuring international authorities and leading professionals from three Latvian university hospitals who will share their expertise on how to recognize, diagnose, and treat sepsis, the urgency of initiating therapy and life-saving measures<\/p>\n","protected":false},"author":49,"featured_media":0,"parent":0,"menu_order":0,"comment_status":"closed","ping_status":"closed","template":"","meta":{"_acf_changed":false,"inline_featured_image":false,"footnotes":""},"class_list":["post-65868","page","type-page","status-publish","hentry"],"acf":[],"yoast_head":"<!-- This site is optimized with the Yoast SEO plugin v27.1.1 - https:\/\/yoast.com\/product\/yoast-seo-wordpress\/ -->\n<title>East Hospital to gather top Latvian professionals and global experts for training conference on the World Sepsis Day - aSlimn\u012bca<\/title>\n<meta name=\"robots\" content=\"index, follow, max-snippet:-1, max-image-preview:large, max-video-preview:-1\" \/>\n<link rel=\"canonical\" href=\"https:\/\/aslimnica.lv\/en\/east-hospital-to-gather-top-latvian-professionals-and-global-experts-for-training-conference-on-the-world-sepsis-day\/\" \/>\n<meta property=\"og:locale\" content=\"en_US\" \/>\n<meta property=\"og:type\" content=\"article\" \/>\n<meta property=\"og:title\" content=\"East Hospital to gather top Latvian professionals and global experts for training conference on the World Sepsis Day - aSlimn\u012bca\" \/>\n<meta property=\"og:description\" content=\"On 13\u00a0September\u00a02024, Riga East Clinical University Hospital (East Hospital) will hold a training conference dedicated to World Sepsis Day for the first time, featuring international authorities and leading professionals from three Latvian university hospitals who will share their expertise on how to recognize, diagnose, and treat sepsis, the urgency of initiating therapy and life-saving measures\" \/>\n<meta property=\"og:url\" content=\"https:\/\/aslimnica.lv\/en\/east-hospital-to-gather-top-latvian-professionals-and-global-experts-for-training-conference-on-the-world-sepsis-day\/\" \/>\n<meta property=\"og:site_name\" content=\"aSlimn\u012bca\" \/>\n<meta property=\"og:image\" content=\"https:\/\/aslimnica.lv\/wp-content\/uploads\/2024\/09\/Olegs-Suba-2-683x1024.jpg\" \/>\n<meta name=\"twitter:card\" content=\"summary_large_image\" \/>\n<meta name=\"twitter:label1\" content=\"Est. reading time\" \/>\n\t<meta name=\"twitter:data1\" content=\"5 minutes\" \/>\n<script type=\"application\/ld+json\" class=\"yoast-schema-graph\">{\"@context\":\"https:\/\/schema.org\",\"@graph\":[{\"@type\":\"WebPage\",\"@id\":\"https:\/\/aslimnica.lv\/en\/east-hospital-to-gather-top-latvian-professionals-and-global-experts-for-training-conference-on-the-world-sepsis-day\/\",\"url\":\"https:\/\/aslimnica.lv\/en\/east-hospital-to-gather-top-latvian-professionals-and-global-experts-for-training-conference-on-the-world-sepsis-day\/\",\"name\":\"East Hospital to gather top Latvian professionals and global experts for training conference on the World Sepsis Day - aSlimn\u012bca\",\"isPartOf\":{\"@id\":\"https:\/\/aslimnica.lv\/en\/#website\"},\"primaryImageOfPage\":{\"@id\":\"https:\/\/aslimnica.lv\/en\/east-hospital-to-gather-top-latvian-professionals-and-global-experts-for-training-conference-on-the-world-sepsis-day\/#primaryimage\"},\"image\":{\"@id\":\"https:\/\/aslimnica.lv\/en\/east-hospital-to-gather-top-latvian-professionals-and-global-experts-for-training-conference-on-the-world-sepsis-day\/#primaryimage\"},\"thumbnailUrl\":\"https:\/\/aslimnica.lv\/wp-content\/uploads\/2024\/09\/Olegs-Suba-2-683x1024.jpg\",\"datePublished\":\"2024-10-15T05:04:11+00:00\",\"breadcrumb\":{\"@id\":\"https:\/\/aslimnica.lv\/en\/east-hospital-to-gather-top-latvian-professionals-and-global-experts-for-training-conference-on-the-world-sepsis-day\/#breadcrumb\"},\"inLanguage\":\"en-US\",\"potentialAction\":[{\"@type\":\"ReadAction\",\"target\":[\"https:\/\/aslimnica.lv\/en\/east-hospital-to-gather-top-latvian-professionals-and-global-experts-for-training-conference-on-the-world-sepsis-day\/\"]}]},{\"@type\":\"ImageObject\",\"inLanguage\":\"en-US\",\"@id\":\"https:\/\/aslimnica.lv\/en\/east-hospital-to-gather-top-latvian-professionals-and-global-experts-for-training-conference-on-the-world-sepsis-day\/#primaryimage\",\"url\":\"https:\/\/aslimnica.lv\/wp-content\/uploads\/2024\/09\/Olegs-Suba-2-683x1024.jpg\",\"contentUrl\":\"https:\/\/aslimnica.lv\/wp-content\/uploads\/2024\/09\/Olegs-Suba-2-683x1024.jpg\"},{\"@type\":\"BreadcrumbList\",\"@id\":\"https:\/\/aslimnica.lv\/en\/east-hospital-to-gather-top-latvian-professionals-and-global-experts-for-training-conference-on-the-world-sepsis-day\/#breadcrumb\",\"itemListElement\":[{\"@type\":\"ListItem\",\"position\":1,\"name\":\"Home\",\"item\":\"https:\/\/aslimnica.lv\/en\/\"},{\"@type\":\"ListItem\",\"position\":2,\"name\":\"East Hospital to gather top Latvian professionals and global experts for training conference on the World Sepsis Day\"}]},{\"@type\":\"WebSite\",\"@id\":\"https:\/\/aslimnica.lv\/en\/#website\",\"url\":\"https:\/\/aslimnica.lv\/en\/\",\"name\":\"aSlimn\u012bca\",\"description\":\"R\u012bgas Austrumu k\u012bnisk\u0101 universit\u0101tes slimn\u012bca\",\"potentialAction\":[{\"@type\":\"SearchAction\",\"target\":{\"@type\":\"EntryPoint\",\"urlTemplate\":\"https:\/\/aslimnica.lv\/en\/?s={search_term_string}\"},\"query-input\":{\"@type\":\"PropertyValueSpecification\",\"valueRequired\":true,\"valueName\":\"search_term_string\"}}],\"inLanguage\":\"en-US\"}]}<\/script>\n<!-- \/ Yoast SEO plugin. -->","yoast_head_json":{"title":"East Hospital to gather top Latvian professionals and global experts for training conference on the World Sepsis Day - aSlimn\u012bca","robots":{"index":"index","follow":"follow","max-snippet":"max-snippet:-1","max-image-preview":"max-image-preview:large","max-video-preview":"max-video-preview:-1"},"canonical":"https:\/\/aslimnica.lv\/en\/east-hospital-to-gather-top-latvian-professionals-and-global-experts-for-training-conference-on-the-world-sepsis-day\/","og_locale":"en_US","og_type":"article","og_title":"East Hospital to gather top Latvian professionals and global experts for training conference on the World Sepsis Day - aSlimn\u012bca","og_description":"On 13\u00a0September\u00a02024, Riga East Clinical University Hospital (East Hospital) will hold a training conference dedicated to World Sepsis Day for the first time, featuring international authorities and leading professionals from three Latvian university hospitals who will share their expertise on how to recognize, diagnose, and treat sepsis, the urgency of initiating therapy and life-saving measures","og_url":"https:\/\/aslimnica.lv\/en\/east-hospital-to-gather-top-latvian-professionals-and-global-experts-for-training-conference-on-the-world-sepsis-day\/","og_site_name":"aSlimn\u012bca","og_image":[{"url":"https:\/\/aslimnica.lv\/wp-content\/uploads\/2024\/09\/Olegs-Suba-2-683x1024.jpg","type":"","width":"","height":""}],"twitter_card":"summary_large_image","twitter_misc":{"Est. reading time":"5 minutes"},"schema":{"@context":"https:\/\/schema.org","@graph":[{"@type":"WebPage","@id":"https:\/\/aslimnica.lv\/en\/east-hospital-to-gather-top-latvian-professionals-and-global-experts-for-training-conference-on-the-world-sepsis-day\/","url":"https:\/\/aslimnica.lv\/en\/east-hospital-to-gather-top-latvian-professionals-and-global-experts-for-training-conference-on-the-world-sepsis-day\/","name":"East Hospital to gather top Latvian professionals and global experts for training conference on the World Sepsis Day - aSlimn\u012bca","isPartOf":{"@id":"https:\/\/aslimnica.lv\/en\/#website"},"primaryImageOfPage":{"@id":"https:\/\/aslimnica.lv\/en\/east-hospital-to-gather-top-latvian-professionals-and-global-experts-for-training-conference-on-the-world-sepsis-day\/#primaryimage"},"image":{"@id":"https:\/\/aslimnica.lv\/en\/east-hospital-to-gather-top-latvian-professionals-and-global-experts-for-training-conference-on-the-world-sepsis-day\/#primaryimage"},"thumbnailUrl":"https:\/\/aslimnica.lv\/wp-content\/uploads\/2024\/09\/Olegs-Suba-2-683x1024.jpg","datePublished":"2024-10-15T05:04:11+00:00","breadcrumb":{"@id":"https:\/\/aslimnica.lv\/en\/east-hospital-to-gather-top-latvian-professionals-and-global-experts-for-training-conference-on-the-world-sepsis-day\/#breadcrumb"},"inLanguage":"en-US","potentialAction":[{"@type":"ReadAction","target":["https:\/\/aslimnica.lv\/en\/east-hospital-to-gather-top-latvian-professionals-and-global-experts-for-training-conference-on-the-world-sepsis-day\/"]}]},{"@type":"ImageObject","inLanguage":"en-US","@id":"https:\/\/aslimnica.lv\/en\/east-hospital-to-gather-top-latvian-professionals-and-global-experts-for-training-conference-on-the-world-sepsis-day\/#primaryimage","url":"https:\/\/aslimnica.lv\/wp-content\/uploads\/2024\/09\/Olegs-Suba-2-683x1024.jpg","contentUrl":"https:\/\/aslimnica.lv\/wp-content\/uploads\/2024\/09\/Olegs-Suba-2-683x1024.jpg"},{"@type":"BreadcrumbList","@id":"https:\/\/aslimnica.lv\/en\/east-hospital-to-gather-top-latvian-professionals-and-global-experts-for-training-conference-on-the-world-sepsis-day\/#breadcrumb","itemListElement":[{"@type":"ListItem","position":1,"name":"Home","item":"https:\/\/aslimnica.lv\/en\/"},{"@type":"ListItem","position":2,"name":"East Hospital to gather top Latvian professionals and global experts for training conference on the World Sepsis Day"}]},{"@type":"WebSite","@id":"https:\/\/aslimnica.lv\/en\/#website","url":"https:\/\/aslimnica.lv\/en\/","name":"aSlimn\u012bca","description":"R\u012bgas Austrumu k\u012bnisk\u0101 universit\u0101tes slimn\u012bca","potentialAction":[{"@type":"SearchAction","target":{"@type":"EntryPoint","urlTemplate":"https:\/\/aslimnica.lv\/en\/?s={search_term_string}"},"query-input":{"@type":"PropertyValueSpecification","valueRequired":true,"valueName":"search_term_string"}}],"inLanguage":"en-US"}]}},"_links":{"self":[{"href":"https:\/\/aslimnica.lv\/en\/wp-json\/wp\/v2\/pages\/65868","targetHints":{"allow":["GET"]}}],"collection":[{"href":"https:\/\/aslimnica.lv\/en\/wp-json\/wp\/v2\/pages"}],"about":[{"href":"https:\/\/aslimnica.lv\/en\/wp-json\/wp\/v2\/types\/page"}],"author":[{"embeddable":true,"href":"https:\/\/aslimnica.lv\/en\/wp-json\/wp\/v2\/users\/49"}],"replies":[{"embeddable":true,"href":"https:\/\/aslimnica.lv\/en\/wp-json\/wp\/v2\/comments?post=65868"}],"version-history":[{"count":1,"href":"https:\/\/aslimnica.lv\/en\/wp-json\/wp\/v2\/pages\/65868\/revisions"}],"predecessor-version":[{"id":65869,"href":"https:\/\/aslimnica.lv\/en\/wp-json\/wp\/v2\/pages\/65868\/revisions\/65869"}],"wp:attachment":[{"href":"https:\/\/aslimnica.lv\/en\/wp-json\/wp\/v2\/media?parent=65868"}],"curies":[{"name":"wp","href":"https:\/\/api.w.org\/{rel}","templated":true}]}}