{"id":65861,"date":"2024-10-15T06:51:19","date_gmt":"2024-10-15T04:51:19","guid":{"rendered":"https:\/\/aslimnica.lv\/?page_id=65861"},"modified":"2024-10-15T06:51:19","modified_gmt":"2024-10-15T04:51:19","slug":"the-multifunctional-wing-of-the-east-hospitals-emergency-medicine-and-patient-admission-clinic-sparks-great-interest-among-industry-experts","status":"publish","type":"page","link":"https:\/\/aslimnica.lv\/en\/the-multifunctional-wing-of-the-east-hospitals-emergency-medicine-and-patient-admission-clinic-sparks-great-interest-among-industry-experts\/","title":{"rendered":"The Multifunctional Wing of the East Hospital\u2019s Emergency Medicine and Patient Admission Clinic sparks great interest among industry experts"},"content":{"rendered":"<p><strong>Ever since its opening on 29\u00a0February\u00a02024, the newly constructed unique Infection Block facilities at the Emergency Medicine and Patient Admission Clinic (EMPAC) of Riga East Clinical University Hospital (East Hospital) have captured special interest from the community, medical professionals, and global experts. Cutting-edge technological solutions, modern equipment, and extensive space transformation facilities that will enable the Infection Block to serve as a Multifunctional Wing, capable of admitting a large number of patients during emergencies, have generated significant interest, with over 2000\u00a0visitors already.<\/strong><\/p>\n<p><a href=\"https:\/\/aslimnica.lv\/wp-content\/uploads\/2024\/09\/Ekskursija_1-scaled.jpeg\"><img loading=\"lazy\" decoding=\"async\" class=\"alignnone wp-image-64749\" src=\"https:\/\/aslimnica.lv\/wp-content\/uploads\/2024\/09\/Ekskursija_1-1024x768.jpeg\" sizes=\"auto, (max-width: 700px) 100vw, 700px\" srcset=\"https:\/\/aslimnica.lv\/wp-content\/uploads\/2024\/09\/Ekskursija_1-1024x768.jpeg 1024w, https:\/\/aslimnica.lv\/wp-content\/uploads\/2024\/09\/Ekskursija_1-300x225.jpeg 300w, https:\/\/aslimnica.lv\/wp-content\/uploads\/2024\/09\/Ekskursija_1-768x576.jpeg 768w, https:\/\/aslimnica.lv\/wp-content\/uploads\/2024\/09\/Ekskursija_1-1536x1152.jpeg 1536w, https:\/\/aslimnica.lv\/wp-content\/uploads\/2024\/09\/Ekskursija_1-2048x1536.jpeg 2048w, https:\/\/aslimnica.lv\/wp-content\/uploads\/2024\/09\/Ekskursija_1-1400x1050.jpeg 1400w, https:\/\/aslimnica.lv\/wp-content\/uploads\/2024\/09\/Ekskursija_1-413x310.jpeg 413w, https:\/\/aslimnica.lv\/wp-content\/uploads\/2024\/09\/Ekskursija_1-310x233.jpeg 310w, https:\/\/aslimnica.lv\/wp-content\/uploads\/2024\/09\/Ekskursija_1-700x525.jpeg 700w\" alt=\"\" width=\"700\" height=\"525\" \/><\/a><\/p>\n<p>The new EMPAC Multifunctional Wing has sparked great interest among medical and healthcare experts even before commencing the operation. Over 2000\u00a0visitors, including professionals from the East Hospital, representatives of the <em>Saeima<\/em> (Parliament), the Ministry of Health and Finance, the Disease Prevention and Control Centre, the Health Inspectorate, the Emergency Medical Service, the Infectious Diseases Department of Riga Stradi\u0146\u0161 University (RSU), the Riga Medical College of the University of Latvia, the RSU Medical Education Technology Centre, the Pauls Stradi\u0146\u0161 Clinical University Hospital, R\u012bga Hospital No.\u00a02, the Trauma and Orthopaedics Hospital, the R\u012bga Maternity Hospital, etc. have visited the Infection Block. Additionally, international guests from Denmark, Monaco, and Ukraine have personally experienced the Multifunctional Block\u2019s state-of-the-art technological solutions and positively assessed its capabilities.<\/p>\n<p><a href=\"https:\/\/aslimnica.lv\/wp-content\/uploads\/2024\/09\/Visnakova_citatam-scaled.jpg\"><img loading=\"lazy\" decoding=\"async\" class=\"wp-image-64737\" src=\"https:\/\/aslimnica.lv\/wp-content\/uploads\/2024\/09\/Visnakova_citatam-1024x683.jpg\" sizes=\"auto, (max-width: 445px) 100vw, 445px\" srcset=\"https:\/\/aslimnica.lv\/wp-content\/uploads\/2024\/09\/Visnakova_citatam-1024x683.jpg 1024w, https:\/\/aslimnica.lv\/wp-content\/uploads\/2024\/09\/Visnakova_citatam-300x200.jpg 300w, https:\/\/aslimnica.lv\/wp-content\/uploads\/2024\/09\/Visnakova_citatam-768x512.jpg 768w, https:\/\/aslimnica.lv\/wp-content\/uploads\/2024\/09\/Visnakova_citatam-1536x1024.jpg 1536w, https:\/\/aslimnica.lv\/wp-content\/uploads\/2024\/09\/Visnakova_citatam-2048x1365.jpg 2048w, https:\/\/aslimnica.lv\/wp-content\/uploads\/2024\/09\/Visnakova_citatam-1400x933.jpg 1400w, https:\/\/aslimnica.lv\/wp-content\/uploads\/2024\/09\/Visnakova_citatam-465x310.jpg 465w, https:\/\/aslimnica.lv\/wp-content\/uploads\/2024\/09\/Visnakova_citatam-310x207.jpg 310w, https:\/\/aslimnica.lv\/wp-content\/uploads\/2024\/09\/Visnakova_citatam-700x467.jpg 700w, https:\/\/aslimnica.lv\/wp-content\/uploads\/2024\/09\/Visnakova_citatam-530x353.jpg 530w, https:\/\/aslimnica.lv\/wp-content\/uploads\/2024\/09\/Visnakova_citatam-1060x706.jpg 1060w\" alt=\"\" width=\"445\" height=\"296\" aria-describedby=\"caption-attachment-64737\" \/><\/a><\/p>\n<p id=\"caption-attachment-64737\" class=\"wp-caption-text\">Photo: Ieva \u0100bele, Saeima<\/p>\n<p><strong>Aleksejs Vi\u0161\u0146akovs<\/strong>, Head of EMPAC, points out: \u2018The establishment of the new block represents a crucial step towards providing the highest quality treatment and care for patients with infectious diseases, while ensuring a safe environment for healthcare professionals. It is the only newly constructed hospital facility in the Baltic states that meets the highest internationally approved standards of epidemiological safety. At the same time, given the current circumstances, we see the block being used as a Multifunctional Wing, allowing us to respond effectively and promptly to various emergency medical challenges, as its spaces and equipment can be conveniently adapted and transformed. We are proud that this block has sparked such a great interest among industry professionals and international partners, which further underscores its importance and potential.\u2019<\/p>\n<p>The unique EMPAC Multifunctional Wing will facilitate the prioritization, diagnosis, and treatment of patients with infectious diseases. In emergency situations, it can quickly and efficiently admit up to 250\u00a0patients, ensuring timely emergency care, triage, and precise diagnosis for the rapid transfer of patients to one of East Hospital\u2019s wards for further treatment. These are currently the only hospital facilities in Latvia that can immediately accommodate over 200\u00a0critically injured patients, including those in need of intensive therapy.<\/p>\n<p><a href=\"https:\/\/aslimnica.lv\/wp-content\/uploads\/2024\/09\/Normunds-scaled.jpg\"><img loading=\"lazy\" decoding=\"async\" class=\"alignnone wp-image-64740\" src=\"https:\/\/aslimnica.lv\/wp-content\/uploads\/2024\/09\/Normunds-1024x787.jpg\" sizes=\"auto, (max-width: 445px) 100vw, 445px\" srcset=\"https:\/\/aslimnica.lv\/wp-content\/uploads\/2024\/09\/Normunds-1024x787.jpg 1024w, https:\/\/aslimnica.lv\/wp-content\/uploads\/2024\/09\/Normunds-300x231.jpg 300w, https:\/\/aslimnica.lv\/wp-content\/uploads\/2024\/09\/Normunds-768x591.jpg 768w, https:\/\/aslimnica.lv\/wp-content\/uploads\/2024\/09\/Normunds-1536x1181.jpg 1536w, https:\/\/aslimnica.lv\/wp-content\/uploads\/2024\/09\/Normunds-2048x1575.jpg 2048w, https:\/\/aslimnica.lv\/wp-content\/uploads\/2024\/09\/Normunds-1400x1076.jpg 1400w, https:\/\/aslimnica.lv\/wp-content\/uploads\/2024\/09\/Normunds-403x310.jpg 403w, https:\/\/aslimnica.lv\/wp-content\/uploads\/2024\/09\/Normunds-310x238.jpg 310w, https:\/\/aslimnica.lv\/wp-content\/uploads\/2024\/09\/Normunds-700x538.jpg 700w\" alt=\"\" width=\"445\" height=\"342\" \/><\/a><\/p>\n<p>\u2018Commencing work in the new wing will be a significant leap towards our vision of the Hospital of the Future\u00a0\u2013 a hospital where modern technology and the highest standards of epidemiological safety become standard practice. This project will greatly enhance our ability to respond to the challenges of modern healthcare and further establish our role as one of the most advanced medical establishments in Northern Europe. We are proud to be able to provide our patients with such high-quality treatment and care,\u2019 says <strong>Normunds Sta\u0146\u0113vi\u010ds<\/strong>, Chairman of the Board at the East Hospital.<\/p>\n<p>In terms of the Baltic region, the EMPAC Multifunctional Wing stands out as the only facility constructed in line with the highest epidemiological safety standards. It incorporates a variety of innovative technological solutions designed to enhance patient care, safety, and comfort. For instance, the facilities are equipped with modern isolation and ventilation systems ensuring that indoor air is purified through a specialized filter system, protecting both patients and medical staff from the spread of infection. The filtration system guarantees that the air released outdoors is safe for the surrounding environment. The block includes 11\u00a0negative pressure isolation units, with air circulation occurring every 8 to 10\u00a0minutes. Furthermore, sterilization of these isolators is performed using disinfection robots.<\/p>\n<p>The block has also introduced an improved notification and communication system that enables patients to reach out to medical staff at any moment via special buttons and to call for emergency help if needed. This system ensures quick responses to critical situations, while minimizing the risk of infection for staff by reducing the necessity for direct contact.<\/p>\n<p>Ensuring patient privacy and comfort has been a primary focus. The new spaces offer separate family suites.<\/p>\n<p>Moreover, the wing is equipped with its own autonomous wastewater treatment system, which ensures that harmful waste does not enter the city\u2019s sewage systems.<\/p>\n<p><a href=\"https:\/\/aslimnica.lv\/wp-content\/uploads\/2024\/09\/IMG_9570-scaled.jpeg\"><img loading=\"lazy\" decoding=\"async\" class=\"alignnone wp-image-64754\" src=\"https:\/\/aslimnica.lv\/wp-content\/uploads\/2024\/09\/IMG_9570-1024x768.jpeg\" sizes=\"auto, (max-width: 700px) 100vw, 700px\" srcset=\"https:\/\/aslimnica.lv\/wp-content\/uploads\/2024\/09\/IMG_9570-1024x768.jpeg 1024w, https:\/\/aslimnica.lv\/wp-content\/uploads\/2024\/09\/IMG_9570-300x225.jpeg 300w, https:\/\/aslimnica.lv\/wp-content\/uploads\/2024\/09\/IMG_9570-768x576.jpeg 768w, https:\/\/aslimnica.lv\/wp-content\/uploads\/2024\/09\/IMG_9570-1536x1152.jpeg 1536w, https:\/\/aslimnica.lv\/wp-content\/uploads\/2024\/09\/IMG_9570-2048x1536.jpeg 2048w, https:\/\/aslimnica.lv\/wp-content\/uploads\/2024\/09\/IMG_9570-1400x1050.jpeg 1400w, https:\/\/aslimnica.lv\/wp-content\/uploads\/2024\/09\/IMG_9570-413x310.jpeg 413w, https:\/\/aslimnica.lv\/wp-content\/uploads\/2024\/09\/IMG_9570-310x233.jpeg 310w, https:\/\/aslimnica.lv\/wp-content\/uploads\/2024\/09\/IMG_9570-700x525.jpeg 700w\" alt=\"\" width=\"700\" height=\"525\" \/><\/a><\/p>\n<p>Additionally, the rooms can be swiftly transformed for intensive care purposes, which is particularly vital in case of emergencies involving a large number of patients. The EMPAC Multifunctional Wing is designed for rapid transformation and adaptation. The new facilities are equipped with workstations that include essential equipment for the swift processing of analyses and examinations for a large number of patients. In cases where emergency assistance is required, patients can be provided with immediate care and quickly transported to one of the East Hospital\u2019s inpatient facilities with a clear diagnosis.<\/p>\n<p>This project was implemented by adding new facilities totalling 4604.5\u00a0square metres over three floors to the existing EMPAC building.<\/p>\n<p>&nbsp;<\/p>\n<p>The construction of the EMPAC Infection Block was carried out under ERDF project No.\u00a09.3.2.0\/21\/1\/001, Development of Infrastructure of the Building of SIA \u2018R\u012bgas Austrumu kl\u012bnisk\u0101 universit\u0101tes slimn\u012bca\u2019 [Riga East Clinical University Hospital] at <em>Hipokr\u0101ta iela\u00a04<\/em>, with the total cost of EUR\u00a010\u00a0303\u00a0943.20 (excluding VAT).<\/p>\n","protected":false},"excerpt":{"rendered":"<p>Ever since its opening on 29\u00a0February\u00a02024, the newly constructed unique Infection Block facilities at the Emergency Medicine and Patient Admission Clinic (EMPAC) of Riga East Clinical University Hospital (East Hospital) have captured special interest from the community, medical professionals, and global experts. Cutting-edge technological solutions, modern equipment, and extensive space transformation facilities that will enable<\/p>\n","protected":false},"author":49,"featured_media":0,"parent":0,"menu_order":0,"comment_status":"closed","ping_status":"closed","template":"","meta":{"_acf_changed":false,"inline_featured_image":false,"footnotes":""},"class_list":["post-65861","page","type-page","status-publish","hentry"],"acf":[],"yoast_head":"<!-- This site is optimized with the Yoast SEO plugin v27.1.1 - https:\/\/yoast.com\/product\/yoast-seo-wordpress\/ -->\n<title>The Multifunctional Wing of the East Hospital\u2019s Emergency Medicine and Patient Admission Clinic sparks great interest among industry experts - aSlimn\u012bca<\/title>\n<meta name=\"robots\" content=\"index, follow, max-snippet:-1, max-image-preview:large, max-video-preview:-1\" \/>\n<link rel=\"canonical\" href=\"https:\/\/aslimnica.lv\/en\/the-multifunctional-wing-of-the-east-hospitals-emergency-medicine-and-patient-admission-clinic-sparks-great-interest-among-industry-experts\/\" \/>\n<meta property=\"og:locale\" content=\"en_US\" \/>\n<meta property=\"og:type\" content=\"article\" \/>\n<meta property=\"og:title\" content=\"The Multifunctional Wing of the East Hospital\u2019s Emergency Medicine and Patient Admission Clinic sparks great interest among industry experts - aSlimn\u012bca\" \/>\n<meta property=\"og:description\" content=\"Ever since its opening on 29\u00a0February\u00a02024, the newly constructed unique Infection Block facilities at the Emergency Medicine and Patient Admission Clinic (EMPAC) of Riga East Clinical University Hospital (East Hospital) have captured special interest from the community, medical professionals, and global experts. Cutting-edge technological solutions, modern equipment, and extensive space transformation facilities that will enable\" \/>\n<meta property=\"og:url\" content=\"https:\/\/aslimnica.lv\/en\/the-multifunctional-wing-of-the-east-hospitals-emergency-medicine-and-patient-admission-clinic-sparks-great-interest-among-industry-experts\/\" \/>\n<meta property=\"og:site_name\" content=\"aSlimn\u012bca\" \/>\n<meta property=\"og:image\" content=\"https:\/\/aslimnica.lv\/wp-content\/uploads\/2024\/09\/Ekskursija_1-1024x768.jpeg\" \/>\n<meta name=\"twitter:card\" content=\"summary_large_image\" \/>\n<meta name=\"twitter:label1\" content=\"Est. reading time\" \/>\n\t<meta name=\"twitter:data1\" content=\"6 minutes\" \/>\n<script type=\"application\/ld+json\" class=\"yoast-schema-graph\">{\"@context\":\"https:\/\/schema.org\",\"@graph\":[{\"@type\":\"WebPage\",\"@id\":\"https:\/\/aslimnica.lv\/en\/the-multifunctional-wing-of-the-east-hospitals-emergency-medicine-and-patient-admission-clinic-sparks-great-interest-among-industry-experts\/\",\"url\":\"https:\/\/aslimnica.lv\/en\/the-multifunctional-wing-of-the-east-hospitals-emergency-medicine-and-patient-admission-clinic-sparks-great-interest-among-industry-experts\/\",\"name\":\"The Multifunctional Wing of the East Hospital\u2019s Emergency Medicine and Patient Admission Clinic sparks great interest among industry experts - aSlimn\u012bca\",\"isPartOf\":{\"@id\":\"https:\/\/aslimnica.lv\/en\/#website\"},\"primaryImageOfPage\":{\"@id\":\"https:\/\/aslimnica.lv\/en\/the-multifunctional-wing-of-the-east-hospitals-emergency-medicine-and-patient-admission-clinic-sparks-great-interest-among-industry-experts\/#primaryimage\"},\"image\":{\"@id\":\"https:\/\/aslimnica.lv\/en\/the-multifunctional-wing-of-the-east-hospitals-emergency-medicine-and-patient-admission-clinic-sparks-great-interest-among-industry-experts\/#primaryimage\"},\"thumbnailUrl\":\"https:\/\/aslimnica.lv\/wp-content\/uploads\/2024\/09\/Ekskursija_1-1024x768.jpeg\",\"datePublished\":\"2024-10-15T04:51:19+00:00\",\"breadcrumb\":{\"@id\":\"https:\/\/aslimnica.lv\/en\/the-multifunctional-wing-of-the-east-hospitals-emergency-medicine-and-patient-admission-clinic-sparks-great-interest-among-industry-experts\/#breadcrumb\"},\"inLanguage\":\"en-US\",\"potentialAction\":[{\"@type\":\"ReadAction\",\"target\":[\"https:\/\/aslimnica.lv\/en\/the-multifunctional-wing-of-the-east-hospitals-emergency-medicine-and-patient-admission-clinic-sparks-great-interest-among-industry-experts\/\"]}]},{\"@type\":\"ImageObject\",\"inLanguage\":\"en-US\",\"@id\":\"https:\/\/aslimnica.lv\/en\/the-multifunctional-wing-of-the-east-hospitals-emergency-medicine-and-patient-admission-clinic-sparks-great-interest-among-industry-experts\/#primaryimage\",\"url\":\"https:\/\/aslimnica.lv\/wp-content\/uploads\/2024\/09\/Ekskursija_1-1024x768.jpeg\",\"contentUrl\":\"https:\/\/aslimnica.lv\/wp-content\/uploads\/2024\/09\/Ekskursija_1-1024x768.jpeg\"},{\"@type\":\"BreadcrumbList\",\"@id\":\"https:\/\/aslimnica.lv\/en\/the-multifunctional-wing-of-the-east-hospitals-emergency-medicine-and-patient-admission-clinic-sparks-great-interest-among-industry-experts\/#breadcrumb\",\"itemListElement\":[{\"@type\":\"ListItem\",\"position\":1,\"name\":\"Home\",\"item\":\"https:\/\/aslimnica.lv\/en\/\"},{\"@type\":\"ListItem\",\"position\":2,\"name\":\"The Multifunctional Wing of the East Hospital\u2019s Emergency Medicine and Patient Admission Clinic sparks great interest among industry experts\"}]},{\"@type\":\"WebSite\",\"@id\":\"https:\/\/aslimnica.lv\/en\/#website\",\"url\":\"https:\/\/aslimnica.lv\/en\/\",\"name\":\"aSlimn\u012bca\",\"description\":\"R\u012bgas Austrumu k\u012bnisk\u0101 universit\u0101tes slimn\u012bca\",\"potentialAction\":[{\"@type\":\"SearchAction\",\"target\":{\"@type\":\"EntryPoint\",\"urlTemplate\":\"https:\/\/aslimnica.lv\/en\/?s={search_term_string}\"},\"query-input\":{\"@type\":\"PropertyValueSpecification\",\"valueRequired\":true,\"valueName\":\"search_term_string\"}}],\"inLanguage\":\"en-US\"}]}<\/script>\n<!-- \/ Yoast SEO plugin. -->","yoast_head_json":{"title":"The Multifunctional Wing of the East Hospital\u2019s Emergency Medicine and Patient Admission Clinic sparks great interest among industry experts - aSlimn\u012bca","robots":{"index":"index","follow":"follow","max-snippet":"max-snippet:-1","max-image-preview":"max-image-preview:large","max-video-preview":"max-video-preview:-1"},"canonical":"https:\/\/aslimnica.lv\/en\/the-multifunctional-wing-of-the-east-hospitals-emergency-medicine-and-patient-admission-clinic-sparks-great-interest-among-industry-experts\/","og_locale":"en_US","og_type":"article","og_title":"The Multifunctional Wing of the East Hospital\u2019s Emergency Medicine and Patient Admission Clinic sparks great interest among industry experts - aSlimn\u012bca","og_description":"Ever since its opening on 29\u00a0February\u00a02024, the newly constructed unique Infection Block facilities at the Emergency Medicine and Patient Admission Clinic (EMPAC) of Riga East Clinical University Hospital (East Hospital) have captured special interest from the community, medical professionals, and global experts. Cutting-edge technological solutions, modern equipment, and extensive space transformation facilities that will enable","og_url":"https:\/\/aslimnica.lv\/en\/the-multifunctional-wing-of-the-east-hospitals-emergency-medicine-and-patient-admission-clinic-sparks-great-interest-among-industry-experts\/","og_site_name":"aSlimn\u012bca","og_image":[{"url":"https:\/\/aslimnica.lv\/wp-content\/uploads\/2024\/09\/Ekskursija_1-1024x768.jpeg","type":"","width":"","height":""}],"twitter_card":"summary_large_image","twitter_misc":{"Est. reading time":"6 minutes"},"schema":{"@context":"https:\/\/schema.org","@graph":[{"@type":"WebPage","@id":"https:\/\/aslimnica.lv\/en\/the-multifunctional-wing-of-the-east-hospitals-emergency-medicine-and-patient-admission-clinic-sparks-great-interest-among-industry-experts\/","url":"https:\/\/aslimnica.lv\/en\/the-multifunctional-wing-of-the-east-hospitals-emergency-medicine-and-patient-admission-clinic-sparks-great-interest-among-industry-experts\/","name":"The Multifunctional Wing of the East Hospital\u2019s Emergency Medicine and Patient Admission Clinic sparks great interest among industry experts - aSlimn\u012bca","isPartOf":{"@id":"https:\/\/aslimnica.lv\/en\/#website"},"primaryImageOfPage":{"@id":"https:\/\/aslimnica.lv\/en\/the-multifunctional-wing-of-the-east-hospitals-emergency-medicine-and-patient-admission-clinic-sparks-great-interest-among-industry-experts\/#primaryimage"},"image":{"@id":"https:\/\/aslimnica.lv\/en\/the-multifunctional-wing-of-the-east-hospitals-emergency-medicine-and-patient-admission-clinic-sparks-great-interest-among-industry-experts\/#primaryimage"},"thumbnailUrl":"https:\/\/aslimnica.lv\/wp-content\/uploads\/2024\/09\/Ekskursija_1-1024x768.jpeg","datePublished":"2024-10-15T04:51:19+00:00","breadcrumb":{"@id":"https:\/\/aslimnica.lv\/en\/the-multifunctional-wing-of-the-east-hospitals-emergency-medicine-and-patient-admission-clinic-sparks-great-interest-among-industry-experts\/#breadcrumb"},"inLanguage":"en-US","potentialAction":[{"@type":"ReadAction","target":["https:\/\/aslimnica.lv\/en\/the-multifunctional-wing-of-the-east-hospitals-emergency-medicine-and-patient-admission-clinic-sparks-great-interest-among-industry-experts\/"]}]},{"@type":"ImageObject","inLanguage":"en-US","@id":"https:\/\/aslimnica.lv\/en\/the-multifunctional-wing-of-the-east-hospitals-emergency-medicine-and-patient-admission-clinic-sparks-great-interest-among-industry-experts\/#primaryimage","url":"https:\/\/aslimnica.lv\/wp-content\/uploads\/2024\/09\/Ekskursija_1-1024x768.jpeg","contentUrl":"https:\/\/aslimnica.lv\/wp-content\/uploads\/2024\/09\/Ekskursija_1-1024x768.jpeg"},{"@type":"BreadcrumbList","@id":"https:\/\/aslimnica.lv\/en\/the-multifunctional-wing-of-the-east-hospitals-emergency-medicine-and-patient-admission-clinic-sparks-great-interest-among-industry-experts\/#breadcrumb","itemListElement":[{"@type":"ListItem","position":1,"name":"Home","item":"https:\/\/aslimnica.lv\/en\/"},{"@type":"ListItem","position":2,"name":"The Multifunctional Wing of the East Hospital\u2019s Emergency Medicine and Patient Admission Clinic sparks great interest among industry experts"}]},{"@type":"WebSite","@id":"https:\/\/aslimnica.lv\/en\/#website","url":"https:\/\/aslimnica.lv\/en\/","name":"aSlimn\u012bca","description":"R\u012bgas Austrumu k\u012bnisk\u0101 universit\u0101tes slimn\u012bca","potentialAction":[{"@type":"SearchAction","target":{"@type":"EntryPoint","urlTemplate":"https:\/\/aslimnica.lv\/en\/?s={search_term_string}"},"query-input":{"@type":"PropertyValueSpecification","valueRequired":true,"valueName":"search_term_string"}}],"inLanguage":"en-US"}]}},"_links":{"self":[{"href":"https:\/\/aslimnica.lv\/en\/wp-json\/wp\/v2\/pages\/65861","targetHints":{"allow":["GET"]}}],"collection":[{"href":"https:\/\/aslimnica.lv\/en\/wp-json\/wp\/v2\/pages"}],"about":[{"href":"https:\/\/aslimnica.lv\/en\/wp-json\/wp\/v2\/types\/page"}],"author":[{"embeddable":true,"href":"https:\/\/aslimnica.lv\/en\/wp-json\/wp\/v2\/users\/49"}],"replies":[{"embeddable":true,"href":"https:\/\/aslimnica.lv\/en\/wp-json\/wp\/v2\/comments?post=65861"}],"version-history":[{"count":1,"href":"https:\/\/aslimnica.lv\/en\/wp-json\/wp\/v2\/pages\/65861\/revisions"}],"predecessor-version":[{"id":65862,"href":"https:\/\/aslimnica.lv\/en\/wp-json\/wp\/v2\/pages\/65861\/revisions\/65862"}],"wp:attachment":[{"href":"https:\/\/aslimnica.lv\/en\/wp-json\/wp\/v2\/media?parent=65861"}],"curies":[{"name":"wp","href":"https:\/\/api.w.org\/{rel}","templated":true}]}}