{"id":63870,"date":"2024-07-31T09:29:29","date_gmt":"2024-07-31T07:29:29","guid":{"rendered":"https:\/\/aslimnica.lv\/?page_id=63870"},"modified":"2024-07-31T09:41:41","modified_gmt":"2024-07-31T07:41:41","slug":"riga-east-hospital-continues-to-receive-and-treat-ukrainian-soldiers-seriously-injured-in-the-war","status":"publish","type":"page","link":"https:\/\/aslimnica.lv\/en\/riga-east-hospital-continues-to-receive-and-treat-ukrainian-soldiers-seriously-injured-in-the-war\/","title":{"rendered":"Riga East Hospital continues to receive and treat Ukrainian soldiers seriously injured in the war"},"content":{"rendered":"<p>Today, on 25 July 2024, for the 16<sup>th<\/sup> time, Ukrainian soldiers severely affected by the war launched by Russia were taken to the Riga East University Hospital (Riga East Hospital) by an aid bus organised by the M-Help.com charity project. The bus carrying the Ukrainian soldiers was met by Normunds Stanevi\u010ds, Chairman of the Board of the Riga East Hospital, and Anatolii Kutsevol, Ambassador Plenipotentiary of Ukraine to the Republic of Latvia.<\/p>\n<p><a href=\"https:\/\/aslimnica.lv\/wp-content\/uploads\/2024\/07\/1-20240725_103921.jpg\"><img loading=\"lazy\" decoding=\"async\" class=\"alignnone size-large wp-image-63732\" src=\"https:\/\/aslimnica.lv\/wp-content\/uploads\/2024\/07\/1-20240725_103921-1024x672.jpg\" alt=\"\" width=\"1024\" height=\"672\" srcset=\"https:\/\/aslimnica.lv\/wp-content\/uploads\/2024\/07\/1-20240725_103921-1024x672.jpg 1024w, https:\/\/aslimnica.lv\/wp-content\/uploads\/2024\/07\/1-20240725_103921-300x197.jpg 300w, https:\/\/aslimnica.lv\/wp-content\/uploads\/2024\/07\/1-20240725_103921-768x504.jpg 768w, https:\/\/aslimnica.lv\/wp-content\/uploads\/2024\/07\/1-20240725_103921-1536x1008.jpg 1536w, https:\/\/aslimnica.lv\/wp-content\/uploads\/2024\/07\/1-20240725_103921-1400x919.jpg 1400w, https:\/\/aslimnica.lv\/wp-content\/uploads\/2024\/07\/1-20240725_103921-472x310.jpg 472w, https:\/\/aslimnica.lv\/wp-content\/uploads\/2024\/07\/1-20240725_103921-310x203.jpg 310w, https:\/\/aslimnica.lv\/wp-content\/uploads\/2024\/07\/1-20240725_103921-700x459.jpg 700w, https:\/\/aslimnica.lv\/wp-content\/uploads\/2024\/07\/1-20240725_103921.jpg 1600w\" sizes=\"auto, (max-width: 1024px) 100vw, 1024px\" \/><\/a>This time, 21 soldiers wounded in war have made the long journey to Latvia&#8217;s largest hospital. Patients were welcomed by a multidisciplinary team of physicians of different specialities and nursing staff from the Emergency Medicine and Patient Admission Clinic (NMPUK), Clinic of Orthopaedic Traumatology, Clinic of General and Emergency Surgery, and the Department of Hand and Plastic Surgery.<\/p>\n<p><a href=\"https:\/\/aslimnica.lv\/wp-content\/uploads\/2024\/07\/1-_DSC5820.jpg\"><img loading=\"lazy\" decoding=\"async\" class=\"alignnone  wp-image-63753\" src=\"https:\/\/aslimnica.lv\/wp-content\/uploads\/2024\/07\/1-_DSC5820-1024x653.jpg\" alt=\"\" width=\"602\" height=\"384\" srcset=\"https:\/\/aslimnica.lv\/wp-content\/uploads\/2024\/07\/1-_DSC5820-1024x653.jpg 1024w, https:\/\/aslimnica.lv\/wp-content\/uploads\/2024\/07\/1-_DSC5820-300x191.jpg 300w, https:\/\/aslimnica.lv\/wp-content\/uploads\/2024\/07\/1-_DSC5820-768x490.jpg 768w, https:\/\/aslimnica.lv\/wp-content\/uploads\/2024\/07\/1-_DSC5820-1536x979.jpg 1536w, https:\/\/aslimnica.lv\/wp-content\/uploads\/2024\/07\/1-_DSC5820-1400x893.jpg 1400w, https:\/\/aslimnica.lv\/wp-content\/uploads\/2024\/07\/1-_DSC5820-486x310.jpg 486w, https:\/\/aslimnica.lv\/wp-content\/uploads\/2024\/07\/1-_DSC5820-310x198.jpg 310w, https:\/\/aslimnica.lv\/wp-content\/uploads\/2024\/07\/1-_DSC5820-700x446.jpg 700w, https:\/\/aslimnica.lv\/wp-content\/uploads\/2024\/07\/1-_DSC5820.jpg 1600w\" sizes=\"auto, (max-width: 602px) 100vw, 602px\" \/><\/a><\/p>\n<p>All patients underwent a comprehensive health assessment, including various laboratory tests. At least 10 different samples were taken for each patient, who are tested for at least 27 different parameters, including the possible presence of multidrug-resistant infections, which are highly contagious and spread rapidly in war conditions, at the Laboratory Service of the Riga East Hospital.<\/p>\n<p><a href=\"https:\/\/aslimnica.lv\/wp-content\/uploads\/2024\/07\/1-_DSC5810.jpg\"><img loading=\"lazy\" decoding=\"async\" class=\"alignnone  wp-image-63750\" src=\"https:\/\/aslimnica.lv\/wp-content\/uploads\/2024\/07\/1-_DSC5810-753x1024.jpg\" alt=\"\" width=\"598\" height=\"813\" srcset=\"https:\/\/aslimnica.lv\/wp-content\/uploads\/2024\/07\/1-_DSC5810-753x1024.jpg 753w, https:\/\/aslimnica.lv\/wp-content\/uploads\/2024\/07\/1-_DSC5810-221x300.jpg 221w, https:\/\/aslimnica.lv\/wp-content\/uploads\/2024\/07\/1-_DSC5810-768x1045.jpg 768w, https:\/\/aslimnica.lv\/wp-content\/uploads\/2024\/07\/1-_DSC5810-1129x1536.jpg 1129w, https:\/\/aslimnica.lv\/wp-content\/uploads\/2024\/07\/1-_DSC5810-228x310.jpg 228w, https:\/\/aslimnica.lv\/wp-content\/uploads\/2024\/07\/1-_DSC5810-287x390.jpg 287w, https:\/\/aslimnica.lv\/wp-content\/uploads\/2024\/07\/1-_DSC5810-700x952.jpg 700w, https:\/\/aslimnica.lv\/wp-content\/uploads\/2024\/07\/1-_DSC5810.jpg 1176w\" sizes=\"auto, (max-width: 598px) 100vw, 598px\" \/><\/a><\/p>\n<p>Four soldiers with very serious war injuries will be treated in specialised clinics at the Riga East Hospital. They will undergo several complex and sequential surgical and microsurgical operations. Physiotherapists, occupational therapists, rehabilitation and functional specialists will work with these patients to help them recover more quickly from their complex and severe war injuries. The injured soldiers will be treated at the Traumatology and Orthopaedics Clinic and the Department of Hand and Plastic Surgery of the Riga East Hospital.<\/p>\n<p>The other soldiers, after undergoing examinations at NMPUK, will be transferred to other medical institutions in Latvia, depending on the specifics of their injuries. It is planned that six patients will be transferred to the Rehabilitation Centre Jaun\u0137emeri for further long-term rehabilitation, and 11 patients will be transferred to the National Rehabilitation Centre Vaivari.<\/p>\n<p>Patients were welcomed at the Riga East Hospital by emergency medicine doctor <strong>Hel\u0113na Turauska<\/strong>, surgeon <strong>Tatjana K\u013cimovska<\/strong>, resident orthopaedic traumatologist <strong>Vladislavs Nikolajs<\/strong> <strong>Makovskis<\/strong>, orthopaedic traumatologist <strong>Uldis Krusti\u0146\u0161<\/strong>, resident surgeon <strong>K\u0101rlis Tapi\u0146\u0161<\/strong>, assistant physician <strong>Igors Bistrja\u0146iks<\/strong>, nurses <strong>Inese \u017ditkova<\/strong>, <strong>Agita Z\u012blmane<\/strong>, <strong>Nade\u017eda Konstantinova<\/strong> and <strong>K\u0101rklis Rihters-Zunte<\/strong>, orderlies <strong>Aleksejs Akulovs<\/strong>, <strong>Ernsts \u010cer\u0146avskis<\/strong>, <strong>I\u013cja Nikolajevs<\/strong>, <strong>Gen\u0101dijs Stepanovs<\/strong>, <strong>G\u013cebs Subakovs.<\/strong><\/p>\n<p>The admissions process was organised and managed by <strong>Aleksejs Vi\u0161\u0146akovs<\/strong>, <strong>Gen\u0101dijs Ri\u010dards Rusanovs<\/strong>, <strong>Aleksandrs Garins<\/strong>, <strong>Inese Larionova<\/strong> and <strong>Valent\u012bna Grigutiene<\/strong>.<\/p>\n<p>Patients affected by the war in Ukraine are brought to the East Hospital due to a private initiative of the founders of the charity project <em>M-Help.com<\/em>, Arvis Rekets and M\u0101rti\u0146\u0161 Medinieks. The Charitable Foundation of Georgy Logvinsky, which operates in Ukraine, has equipped and rebuilt a bus to transport these patients.<\/p>\n<p><a href=\"https:\/\/www.flickr.com\/photos\/austrumu_slimnicas_foto\/albums\/72177720319112476\/\"><strong><em>Photos Ukrainian soldiers seriously injured in the war are welcomed at the Riga East Hospital<\/em><\/strong><\/a><\/p>\n<p><strong>Flickr album<\/strong><\/p>\n<p><a data-flickr-embed='true' href='https:\/\/www.flickr.com\/photos\/austrumu_slimnicas_foto\/albums\/72177720319112476\/' title='Austrumu slimn\u012bca turpina uz\u0146emt  un \u0101rst\u0113t kar\u0101 smagi cietu\u0161os ukrai\u0146u kareivjus by R\u012bgas Austrumu slimn\u012bca, on Flickr'><img src='https:\/\/live.staticflickr.com\/65535\/53879012157_bb7ba92e47.jpg' width='800' height='600' alt='1-20240725_100622'><\/a><script async src='https:\/\/embedr.flickr.com\/assets\/client-code.js' charset='utf-8'><\/script><\/p>\n<hr \/>\n<p><strong><em>About the East Hospital\u00a0 <\/em><\/strong><\/p>\n<p>Riga East University Hospital is the largest and most strategically important multi-profile hospital in the country. The hospital consists of five clinical centres: Clinical Centre of Emergency Medicine Gailezers, Oncology Centre of Latvia, Clinical Centre Bi\u0137ernieki, Centre of Tuberculosis and Lung Diseases and Latvian Centre of Infectious Diseases with centres and clinics of different profiles. The hospital provides highly specialised inpatient and secondary outpatient healthcare, providing multidisciplinary tertiary-level treatment and care in line with modern technologies and medical knowledge. The hospital provides treatment for about 80% of all cancer patients in Latvia. The hospital provides a practical training base for both Latvian and foreign students and provides continued professional development and knowledge transfer for health professionals in our country and abroad. The hospital conducts scientific research and develops innovative methods for treating patients. The hospital is the third largest employer in the country, with around 5,000 employees.<\/p>\n<p>&nbsp;<\/p>\n","protected":false},"excerpt":{"rendered":"<p>Today, on 25 July 2024, for the 16th time, Ukrainian soldiers severely affected by the war launched by Russia were taken to the Riga East University Hospital (Riga East Hospital) by an aid bus organised by the M-Help.com charity project. The bus carrying the Ukrainian soldiers was met by Normunds Stanevi\u010ds, Chairman of the Board<\/p>\n","protected":false},"author":49,"featured_media":0,"parent":0,"menu_order":0,"comment_status":"closed","ping_status":"closed","template":"","meta":{"_acf_changed":false,"inline_featured_image":false,"footnotes":""},"class_list":["post-63870","page","type-page","status-publish","hentry"],"acf":[],"yoast_head":"<!-- This site is optimized with the Yoast SEO plugin v27.1.1 - https:\/\/yoast.com\/product\/yoast-seo-wordpress\/ -->\n<title>Riga East Hospital continues to receive and treat Ukrainian soldiers seriously injured in the war - aSlimn\u012bca<\/title>\n<meta name=\"robots\" content=\"index, follow, max-snippet:-1, max-image-preview:large, max-video-preview:-1\" \/>\n<link rel=\"canonical\" href=\"https:\/\/aslimnica.lv\/en\/riga-east-hospital-continues-to-receive-and-treat-ukrainian-soldiers-seriously-injured-in-the-war\/\" \/>\n<meta property=\"og:locale\" content=\"en_US\" \/>\n<meta property=\"og:type\" content=\"article\" \/>\n<meta property=\"og:title\" content=\"Riga East Hospital continues to receive and treat Ukrainian soldiers seriously injured in the war - aSlimn\u012bca\" \/>\n<meta property=\"og:description\" content=\"Today, on 25 July 2024, for the 16th time, Ukrainian soldiers severely affected by the war launched by Russia were taken to the Riga East University Hospital (Riga East Hospital) by an aid bus organised by the M-Help.com charity project. The bus carrying the Ukrainian soldiers was met by Normunds Stanevi\u010ds, Chairman of the Board\" \/>\n<meta property=\"og:url\" content=\"https:\/\/aslimnica.lv\/en\/riga-east-hospital-continues-to-receive-and-treat-ukrainian-soldiers-seriously-injured-in-the-war\/\" \/>\n<meta property=\"og:site_name\" content=\"aSlimn\u012bca\" \/>\n<meta property=\"article:modified_time\" content=\"2024-07-31T07:41:41+00:00\" \/>\n<meta property=\"og:image\" content=\"https:\/\/aslimnica.lv\/wp-content\/uploads\/2024\/07\/1-20240725_103921-1024x672.jpg\" \/>\n<meta name=\"twitter:card\" content=\"summary_large_image\" \/>\n<meta name=\"twitter:label1\" content=\"Est. reading time\" \/>\n\t<meta name=\"twitter:data1\" content=\"4 minutes\" \/>\n<script type=\"application\/ld+json\" class=\"yoast-schema-graph\">{\"@context\":\"https:\/\/schema.org\",\"@graph\":[{\"@type\":\"WebPage\",\"@id\":\"https:\/\/aslimnica.lv\/en\/riga-east-hospital-continues-to-receive-and-treat-ukrainian-soldiers-seriously-injured-in-the-war\/\",\"url\":\"https:\/\/aslimnica.lv\/en\/riga-east-hospital-continues-to-receive-and-treat-ukrainian-soldiers-seriously-injured-in-the-war\/\",\"name\":\"Riga East Hospital continues to receive and treat Ukrainian soldiers seriously injured in the war - aSlimn\u012bca\",\"isPartOf\":{\"@id\":\"https:\/\/aslimnica.lv\/en\/#website\"},\"primaryImageOfPage\":{\"@id\":\"https:\/\/aslimnica.lv\/en\/riga-east-hospital-continues-to-receive-and-treat-ukrainian-soldiers-seriously-injured-in-the-war\/#primaryimage\"},\"image\":{\"@id\":\"https:\/\/aslimnica.lv\/en\/riga-east-hospital-continues-to-receive-and-treat-ukrainian-soldiers-seriously-injured-in-the-war\/#primaryimage\"},\"thumbnailUrl\":\"https:\/\/aslimnica.lv\/wp-content\/uploads\/2024\/07\/1-20240725_103921-1024x672.jpg\",\"datePublished\":\"2024-07-31T07:29:29+00:00\",\"dateModified\":\"2024-07-31T07:41:41+00:00\",\"breadcrumb\":{\"@id\":\"https:\/\/aslimnica.lv\/en\/riga-east-hospital-continues-to-receive-and-treat-ukrainian-soldiers-seriously-injured-in-the-war\/#breadcrumb\"},\"inLanguage\":\"en-US\",\"potentialAction\":[{\"@type\":\"ReadAction\",\"target\":[\"https:\/\/aslimnica.lv\/en\/riga-east-hospital-continues-to-receive-and-treat-ukrainian-soldiers-seriously-injured-in-the-war\/\"]}]},{\"@type\":\"ImageObject\",\"inLanguage\":\"en-US\",\"@id\":\"https:\/\/aslimnica.lv\/en\/riga-east-hospital-continues-to-receive-and-treat-ukrainian-soldiers-seriously-injured-in-the-war\/#primaryimage\",\"url\":\"https:\/\/aslimnica.lv\/wp-content\/uploads\/2024\/07\/1-20240725_103921-1024x672.jpg\",\"contentUrl\":\"https:\/\/aslimnica.lv\/wp-content\/uploads\/2024\/07\/1-20240725_103921-1024x672.jpg\"},{\"@type\":\"BreadcrumbList\",\"@id\":\"https:\/\/aslimnica.lv\/en\/riga-east-hospital-continues-to-receive-and-treat-ukrainian-soldiers-seriously-injured-in-the-war\/#breadcrumb\",\"itemListElement\":[{\"@type\":\"ListItem\",\"position\":1,\"name\":\"Home\",\"item\":\"https:\/\/aslimnica.lv\/en\/\"},{\"@type\":\"ListItem\",\"position\":2,\"name\":\"Riga East Hospital continues to receive and treat Ukrainian soldiers seriously injured in the war\"}]},{\"@type\":\"WebSite\",\"@id\":\"https:\/\/aslimnica.lv\/en\/#website\",\"url\":\"https:\/\/aslimnica.lv\/en\/\",\"name\":\"aSlimn\u012bca\",\"description\":\"R\u012bgas Austrumu k\u012bnisk\u0101 universit\u0101tes slimn\u012bca\",\"potentialAction\":[{\"@type\":\"SearchAction\",\"target\":{\"@type\":\"EntryPoint\",\"urlTemplate\":\"https:\/\/aslimnica.lv\/en\/?s={search_term_string}\"},\"query-input\":{\"@type\":\"PropertyValueSpecification\",\"valueRequired\":true,\"valueName\":\"search_term_string\"}}],\"inLanguage\":\"en-US\"}]}<\/script>\n<!-- \/ Yoast SEO plugin. -->","yoast_head_json":{"title":"Riga East Hospital continues to receive and treat Ukrainian soldiers seriously injured in the war - aSlimn\u012bca","robots":{"index":"index","follow":"follow","max-snippet":"max-snippet:-1","max-image-preview":"max-image-preview:large","max-video-preview":"max-video-preview:-1"},"canonical":"https:\/\/aslimnica.lv\/en\/riga-east-hospital-continues-to-receive-and-treat-ukrainian-soldiers-seriously-injured-in-the-war\/","og_locale":"en_US","og_type":"article","og_title":"Riga East Hospital continues to receive and treat Ukrainian soldiers seriously injured in the war - aSlimn\u012bca","og_description":"Today, on 25 July 2024, for the 16th time, Ukrainian soldiers severely affected by the war launched by Russia were taken to the Riga East University Hospital (Riga East Hospital) by an aid bus organised by the M-Help.com charity project. The bus carrying the Ukrainian soldiers was met by Normunds Stanevi\u010ds, Chairman of the Board","og_url":"https:\/\/aslimnica.lv\/en\/riga-east-hospital-continues-to-receive-and-treat-ukrainian-soldiers-seriously-injured-in-the-war\/","og_site_name":"aSlimn\u012bca","article_modified_time":"2024-07-31T07:41:41+00:00","og_image":[{"url":"https:\/\/aslimnica.lv\/wp-content\/uploads\/2024\/07\/1-20240725_103921-1024x672.jpg","type":"","width":"","height":""}],"twitter_card":"summary_large_image","twitter_misc":{"Est. reading time":"4 minutes"},"schema":{"@context":"https:\/\/schema.org","@graph":[{"@type":"WebPage","@id":"https:\/\/aslimnica.lv\/en\/riga-east-hospital-continues-to-receive-and-treat-ukrainian-soldiers-seriously-injured-in-the-war\/","url":"https:\/\/aslimnica.lv\/en\/riga-east-hospital-continues-to-receive-and-treat-ukrainian-soldiers-seriously-injured-in-the-war\/","name":"Riga East Hospital continues to receive and treat Ukrainian soldiers seriously injured in the war - aSlimn\u012bca","isPartOf":{"@id":"https:\/\/aslimnica.lv\/en\/#website"},"primaryImageOfPage":{"@id":"https:\/\/aslimnica.lv\/en\/riga-east-hospital-continues-to-receive-and-treat-ukrainian-soldiers-seriously-injured-in-the-war\/#primaryimage"},"image":{"@id":"https:\/\/aslimnica.lv\/en\/riga-east-hospital-continues-to-receive-and-treat-ukrainian-soldiers-seriously-injured-in-the-war\/#primaryimage"},"thumbnailUrl":"https:\/\/aslimnica.lv\/wp-content\/uploads\/2024\/07\/1-20240725_103921-1024x672.jpg","datePublished":"2024-07-31T07:29:29+00:00","dateModified":"2024-07-31T07:41:41+00:00","breadcrumb":{"@id":"https:\/\/aslimnica.lv\/en\/riga-east-hospital-continues-to-receive-and-treat-ukrainian-soldiers-seriously-injured-in-the-war\/#breadcrumb"},"inLanguage":"en-US","potentialAction":[{"@type":"ReadAction","target":["https:\/\/aslimnica.lv\/en\/riga-east-hospital-continues-to-receive-and-treat-ukrainian-soldiers-seriously-injured-in-the-war\/"]}]},{"@type":"ImageObject","inLanguage":"en-US","@id":"https:\/\/aslimnica.lv\/en\/riga-east-hospital-continues-to-receive-and-treat-ukrainian-soldiers-seriously-injured-in-the-war\/#primaryimage","url":"https:\/\/aslimnica.lv\/wp-content\/uploads\/2024\/07\/1-20240725_103921-1024x672.jpg","contentUrl":"https:\/\/aslimnica.lv\/wp-content\/uploads\/2024\/07\/1-20240725_103921-1024x672.jpg"},{"@type":"BreadcrumbList","@id":"https:\/\/aslimnica.lv\/en\/riga-east-hospital-continues-to-receive-and-treat-ukrainian-soldiers-seriously-injured-in-the-war\/#breadcrumb","itemListElement":[{"@type":"ListItem","position":1,"name":"Home","item":"https:\/\/aslimnica.lv\/en\/"},{"@type":"ListItem","position":2,"name":"Riga East Hospital continues to receive and treat Ukrainian soldiers seriously injured in the war"}]},{"@type":"WebSite","@id":"https:\/\/aslimnica.lv\/en\/#website","url":"https:\/\/aslimnica.lv\/en\/","name":"aSlimn\u012bca","description":"R\u012bgas Austrumu k\u012bnisk\u0101 universit\u0101tes slimn\u012bca","potentialAction":[{"@type":"SearchAction","target":{"@type":"EntryPoint","urlTemplate":"https:\/\/aslimnica.lv\/en\/?s={search_term_string}"},"query-input":{"@type":"PropertyValueSpecification","valueRequired":true,"valueName":"search_term_string"}}],"inLanguage":"en-US"}]}},"_links":{"self":[{"href":"https:\/\/aslimnica.lv\/en\/wp-json\/wp\/v2\/pages\/63870","targetHints":{"allow":["GET"]}}],"collection":[{"href":"https:\/\/aslimnica.lv\/en\/wp-json\/wp\/v2\/pages"}],"about":[{"href":"https:\/\/aslimnica.lv\/en\/wp-json\/wp\/v2\/types\/page"}],"author":[{"embeddable":true,"href":"https:\/\/aslimnica.lv\/en\/wp-json\/wp\/v2\/users\/49"}],"replies":[{"embeddable":true,"href":"https:\/\/aslimnica.lv\/en\/wp-json\/wp\/v2\/comments?post=63870"}],"version-history":[{"count":3,"href":"https:\/\/aslimnica.lv\/en\/wp-json\/wp\/v2\/pages\/63870\/revisions"}],"predecessor-version":[{"id":63873,"href":"https:\/\/aslimnica.lv\/en\/wp-json\/wp\/v2\/pages\/63870\/revisions\/63873"}],"wp:attachment":[{"href":"https:\/\/aslimnica.lv\/en\/wp-json\/wp\/v2\/media?parent=63870"}],"curies":[{"name":"wp","href":"https:\/\/api.w.org\/{rel}","templated":true}]}}