{"id":63312,"date":"2024-07-08T12:21:27","date_gmt":"2024-07-08T10:21:27","guid":{"rendered":"https:\/\/aslimnica.lv\/?page_id=63312"},"modified":"2024-07-08T12:21:27","modified_gmt":"2024-07-08T10:21:27","slug":"east-hospital-continues-to-receive-and-treat-ukrainian-soldiers-seriously-injured-in-the-war","status":"publish","type":"page","link":"https:\/\/aslimnica.lv\/en\/east-hospital-continues-to-receive-and-treat-ukrainian-soldiers-seriously-injured-in-the-war\/","title":{"rendered":"East Hospital continues to receive and treat Ukrainian soldiers seriously injured in the war"},"content":{"rendered":"<p><strong>Today, on 20 June 2024, the Riga East University Hospital (East Hospital) welcomed 11 Ukrainian soldiers for the 15th time. These soldiers, seriously injured in the war launched by Russia, are brought back every month by the aid bus organised by the M-Help.com charity project. The bus carrying the Ukrainian soldiers was met by Normunds Stanevi\u010ds, Chairman of the Board of the East Hospital, Aleksejs Vi\u0161\u0146akovs, Head of the Emergency Medicine and Patient Admission Clinic, and Anatolii Kutsevol, Ambassador Plenipotentiary of Ukraine to the Republic of Latvia. <\/strong><\/p>\n<p><a href=\"https:\/\/aslimnica.lv\/wp-content\/uploads\/2024\/06\/1-20240620_094825.jpg\"><img loading=\"lazy\" decoding=\"async\" class=\"alignnone size-large wp-image-62982\" src=\"https:\/\/aslimnica.lv\/wp-content\/uploads\/2024\/06\/1-20240620_094825-1024x710.jpg\" alt=\"\" width=\"1024\" height=\"710\" srcset=\"https:\/\/aslimnica.lv\/wp-content\/uploads\/2024\/06\/1-20240620_094825-1024x710.jpg 1024w, https:\/\/aslimnica.lv\/wp-content\/uploads\/2024\/06\/1-20240620_094825-300x208.jpg 300w, https:\/\/aslimnica.lv\/wp-content\/uploads\/2024\/06\/1-20240620_094825-768x533.jpg 768w, https:\/\/aslimnica.lv\/wp-content\/uploads\/2024\/06\/1-20240620_094825-1536x1066.jpg 1536w, https:\/\/aslimnica.lv\/wp-content\/uploads\/2024\/06\/1-20240620_094825-1400x971.jpg 1400w, https:\/\/aslimnica.lv\/wp-content\/uploads\/2024\/06\/1-20240620_094825-447x310.jpg 447w, https:\/\/aslimnica.lv\/wp-content\/uploads\/2024\/06\/1-20240620_094825-310x215.jpg 310w, https:\/\/aslimnica.lv\/wp-content\/uploads\/2024\/06\/1-20240620_094825-700x486.jpg 700w, https:\/\/aslimnica.lv\/wp-content\/uploads\/2024\/06\/1-20240620_094825.jpg 1600w\" sizes=\"auto, (max-width: 1024px) 100vw, 1024px\" \/><\/a>This time, 11 soldiers wounded in war have made the long journey to Latvia&#8217;s largest hospital. The patients were welcomed by a multidisciplinary team of doctors and nursing staff from the Emergency Medicine and Admission Clinic (NMPUK), Clinic of Traumatology and Orthopaedics, General and Emergency Surgery Clinic, Neurology and Neurosurgery Clinic, Department of Hand and Plastic Surgery and Rehabilitation Clinic.<\/p>\n<p>All patients underwent a comprehensive health screening, including various laboratory tests to check for the possible presence of multidrug-resistant infections, which can quickly flare up and spread in war conditions.<\/p>\n<p><a href=\"https:\/\/aslimnica.lv\/wp-content\/uploads\/2024\/06\/1-_DSC5653.jpg\"><img loading=\"lazy\" decoding=\"async\" class=\"alignnone size-large wp-image-62985\" src=\"https:\/\/aslimnica.lv\/wp-content\/uploads\/2024\/06\/1-_DSC5653-1024x721.jpg\" alt=\"\" width=\"1024\" height=\"721\" srcset=\"https:\/\/aslimnica.lv\/wp-content\/uploads\/2024\/06\/1-_DSC5653-1024x721.jpg 1024w, https:\/\/aslimnica.lv\/wp-content\/uploads\/2024\/06\/1-_DSC5653-300x211.jpg 300w, https:\/\/aslimnica.lv\/wp-content\/uploads\/2024\/06\/1-_DSC5653-768x540.jpg 768w, https:\/\/aslimnica.lv\/wp-content\/uploads\/2024\/06\/1-_DSC5653-1536x1081.jpg 1536w, https:\/\/aslimnica.lv\/wp-content\/uploads\/2024\/06\/1-_DSC5653-1400x985.jpg 1400w, https:\/\/aslimnica.lv\/wp-content\/uploads\/2024\/06\/1-_DSC5653-410x290.jpg 410w, https:\/\/aslimnica.lv\/wp-content\/uploads\/2024\/06\/1-_DSC5653-440x310.jpg 440w, https:\/\/aslimnica.lv\/wp-content\/uploads\/2024\/06\/1-_DSC5653-310x218.jpg 310w, https:\/\/aslimnica.lv\/wp-content\/uploads\/2024\/06\/1-_DSC5653-700x493.jpg 700w, https:\/\/aslimnica.lv\/wp-content\/uploads\/2024\/06\/1-_DSC5653.jpg 1600w\" sizes=\"auto, (max-width: 1024px) 100vw, 1024px\" \/><\/a><\/p>\n<p>Two soldiers with serious war injuries will be treated in specialised clinics at the East Hospital. They will undergo several complex and sequential surgical and microsurgical operations. Physiotherapists, occupational therapists, rehabilitation and functional specialists will work with these patients to help them recover more quickly from their complex and severe war injuries. The injured will be treated at the Traumatology and Orthopaedics Clinic and the General and Emergency Surgery Clinic of the East Hospital.<\/p>\n<p><a href=\"https:\/\/aslimnica.lv\/wp-content\/uploads\/2024\/06\/1-_DSC5632.jpg\"><img loading=\"lazy\" decoding=\"async\" class=\"alignnone size-large wp-image-62991\" src=\"https:\/\/aslimnica.lv\/wp-content\/uploads\/2024\/06\/1-_DSC5632-1024x683.jpg\" alt=\"\" width=\"1024\" height=\"683\" srcset=\"https:\/\/aslimnica.lv\/wp-content\/uploads\/2024\/06\/1-_DSC5632-1024x683.jpg 1024w, https:\/\/aslimnica.lv\/wp-content\/uploads\/2024\/06\/1-_DSC5632-300x200.jpg 300w, https:\/\/aslimnica.lv\/wp-content\/uploads\/2024\/06\/1-_DSC5632-768x512.jpg 768w, https:\/\/aslimnica.lv\/wp-content\/uploads\/2024\/06\/1-_DSC5632-1536x1024.jpg 1536w, https:\/\/aslimnica.lv\/wp-content\/uploads\/2024\/06\/1-_DSC5632-1400x934.jpg 1400w, https:\/\/aslimnica.lv\/wp-content\/uploads\/2024\/06\/1-_DSC5632-465x310.jpg 465w, https:\/\/aslimnica.lv\/wp-content\/uploads\/2024\/06\/1-_DSC5632-310x207.jpg 310w, https:\/\/aslimnica.lv\/wp-content\/uploads\/2024\/06\/1-_DSC5632-700x467.jpg 700w, https:\/\/aslimnica.lv\/wp-content\/uploads\/2024\/06\/1-_DSC5632.jpg 1600w\" sizes=\"auto, (max-width: 1024px) 100vw, 1024px\" \/><\/a><a href=\"https:\/\/aslimnica.lv\/wp-content\/uploads\/2024\/06\/1-_DSC5660.jpg\"><img loading=\"lazy\" decoding=\"async\" class=\"alignnone size-large wp-image-62988\" src=\"https:\/\/aslimnica.lv\/wp-content\/uploads\/2024\/06\/1-_DSC5660-1024x683.jpg\" alt=\"\" width=\"1024\" height=\"683\" srcset=\"https:\/\/aslimnica.lv\/wp-content\/uploads\/2024\/06\/1-_DSC5660-1024x683.jpg 1024w, https:\/\/aslimnica.lv\/wp-content\/uploads\/2024\/06\/1-_DSC5660-300x200.jpg 300w, https:\/\/aslimnica.lv\/wp-content\/uploads\/2024\/06\/1-_DSC5660-768x512.jpg 768w, https:\/\/aslimnica.lv\/wp-content\/uploads\/2024\/06\/1-_DSC5660-1536x1024.jpg 1536w, https:\/\/aslimnica.lv\/wp-content\/uploads\/2024\/06\/1-_DSC5660-1400x934.jpg 1400w, https:\/\/aslimnica.lv\/wp-content\/uploads\/2024\/06\/1-_DSC5660-465x310.jpg 465w, https:\/\/aslimnica.lv\/wp-content\/uploads\/2024\/06\/1-_DSC5660-310x207.jpg 310w, https:\/\/aslimnica.lv\/wp-content\/uploads\/2024\/06\/1-_DSC5660-700x467.jpg 700w, https:\/\/aslimnica.lv\/wp-content\/uploads\/2024\/06\/1-_DSC5660.jpg 1600w\" sizes=\"auto, (max-width: 1024px) 100vw, 1024px\" \/><\/a>After the examinations at NMPUK, the remaining patients will be transferred to other medical facilities in Latvia, depending on the specifics of their injuries.<\/p>\n<p>It is planned that one patient will be transferred to the Traumatology and Orthopaedics Hospital for further treatment, while eight patients will be transferred to the National Rehabilitation Centre &#8220;Vaivari&#8221; for further long-term rehabilitation.<\/p>\n<p>The patients were welcomed at the East Hospital by doctors, nurses, care and support staff from various specialties:<\/p>\n<p>\u2014 <strong>Juris Nikolajenko<\/strong>, Medical Director of the East Hospital;<\/p>\n<p>\u2014 <strong>Aleksejs Vi\u0161\u0146akovs<\/strong>, <strong>Inese Larionova<\/strong>, <strong>Santa Sevastjanova<\/strong>,\u00a0 <strong>A\u013cona Je\u017eova<\/strong>, <strong>L\u0101sma Aleksejeva<\/strong>, <strong>Violeta Kolosova<\/strong>,\u00a0 <strong>Kirils Do\u0146eckis<\/strong>, <strong>Maksims Rudenoks<\/strong>, <strong>D\u0101gs Daniels Blaus<\/strong>,\u00a0 <strong>Ieva T\u0101lberga<\/strong>, <strong>Jurate Balode<\/strong>,\u00a0 <strong>Je\u013cizaveta Asejeva<\/strong>,\u00a0 NMPUK;<\/p>\n<p>\u2014 <strong>Kaspars Auslands<\/strong>, Clinic of Neurology and Neurosurgery;<\/p>\n<p>\u2014 <strong>Konstant\u012bns Plot\u0146ikovs<\/strong>, <strong>Kristi\u0101ns Alpe<\/strong>, Clinic of Traumatology and Orthopaedics;<\/p>\n<p>\u2014 <strong>Aleksejs Kaminskis, Alvis Melderis<\/strong>, Clinic of General and Emergency Surgery.<\/p>\n<p>Patients affected by the war in Ukraine are brought to the East Hospital due to a private initiative of the founders of the charity project <em>M-Help.com<\/em>, Arvis Rekets and M\u0101rti\u0146\u0161 Medinieks. The Charitable Foundation of Georgy Logvinsky, which operates in Ukraine, has equipped and rebuilt a bus to transport these patients.<\/p>\n<p><a href=\"https:\/\/aslimnica.lv\/wp-content\/uploads\/2024\/06\/1-_DSC5605.jpg\"><img loading=\"lazy\" decoding=\"async\" class=\"alignnone  wp-image-62994\" src=\"https:\/\/aslimnica.lv\/wp-content\/uploads\/2024\/06\/1-_DSC5605-683x1024.jpg\" alt=\"\" width=\"358\" height=\"537\" srcset=\"https:\/\/aslimnica.lv\/wp-content\/uploads\/2024\/06\/1-_DSC5605-683x1024.jpg 683w, https:\/\/aslimnica.lv\/wp-content\/uploads\/2024\/06\/1-_DSC5605-200x300.jpg 200w, https:\/\/aslimnica.lv\/wp-content\/uploads\/2024\/06\/1-_DSC5605-768x1152.jpg 768w, https:\/\/aslimnica.lv\/wp-content\/uploads\/2024\/06\/1-_DSC5605-1024x1536.jpg 1024w, https:\/\/aslimnica.lv\/wp-content\/uploads\/2024\/06\/1-_DSC5605-207x310.jpg 207w, https:\/\/aslimnica.lv\/wp-content\/uploads\/2024\/06\/1-_DSC5605-260x390.jpg 260w, https:\/\/aslimnica.lv\/wp-content\/uploads\/2024\/06\/1-_DSC5605-700x1050.jpg 700w, https:\/\/aslimnica.lv\/wp-content\/uploads\/2024\/06\/1-_DSC5605.jpg 1067w\" sizes=\"auto, (max-width: 358px) 100vw, 358px\" \/><\/a><\/p>\n<hr \/>\n<p><strong><em>About the East Hospital\u00a0 <\/em><\/strong><\/p>\n<p>Riga East University Hospital is the largest and most strategically important multi-profile hospital in the country. The hospital consists of five clinical centres: Clinical Centre of Emergency Medicine Gailezers, Oncology Centre of Latvia, Clinical Centre Bi\u0137ernieki, Centre of Tuberculosis and Lung Diseases and Latvian Centre of Infectious Diseases with centres and clinics of different profiles. The hospital provides highly specialised inpatient and secondary outpatient healthcare, providing multidisciplinary tertiary-level treatment and care in line with modern technologies and medical knowledge. The hospital provides treatment for about 80% of all cancer patients in Latvia. The hospital provides a practical training base for both Latvian and foreign students and provides continued professional development and knowledge transfer for health professionals in our country and abroad. The hospital conducts scientific research and develops innovative methods for treating patients. The hospital is the third largest employer in the country, with around 5,000 employees.<\/p>\n","protected":false},"excerpt":{"rendered":"<p>Today, on 20 June 2024, the Riga East University Hospital (East Hospital) welcomed 11 Ukrainian soldiers for the 15th time. These soldiers, seriously injured in the war launched by Russia, are brought back every month by the aid bus organised by the M-Help.com charity project. The bus carrying the Ukrainian soldiers was met by Normunds<\/p>\n","protected":false},"author":49,"featured_media":0,"parent":0,"menu_order":0,"comment_status":"closed","ping_status":"closed","template":"","meta":{"_acf_changed":false,"inline_featured_image":false,"footnotes":""},"class_list":["post-63312","page","type-page","status-publish","hentry"],"acf":[],"yoast_head":"<!-- This site is optimized with the Yoast SEO plugin v27.1.1 - https:\/\/yoast.com\/product\/yoast-seo-wordpress\/ -->\n<title>East Hospital continues to receive and treat Ukrainian soldiers seriously injured in the war - aSlimn\u012bca<\/title>\n<meta name=\"robots\" content=\"index, follow, max-snippet:-1, max-image-preview:large, max-video-preview:-1\" \/>\n<link rel=\"canonical\" href=\"https:\/\/aslimnica.lv\/en\/east-hospital-continues-to-receive-and-treat-ukrainian-soldiers-seriously-injured-in-the-war\/\" \/>\n<meta property=\"og:locale\" content=\"en_US\" \/>\n<meta property=\"og:type\" content=\"article\" \/>\n<meta property=\"og:title\" content=\"East Hospital continues to receive and treat Ukrainian soldiers seriously injured in the war - aSlimn\u012bca\" \/>\n<meta property=\"og:description\" content=\"Today, on 20 June 2024, the Riga East University Hospital (East Hospital) welcomed 11 Ukrainian soldiers for the 15th time. These soldiers, seriously injured in the war launched by Russia, are brought back every month by the aid bus organised by the M-Help.com charity project. The bus carrying the Ukrainian soldiers was met by Normunds\" \/>\n<meta property=\"og:url\" content=\"https:\/\/aslimnica.lv\/en\/east-hospital-continues-to-receive-and-treat-ukrainian-soldiers-seriously-injured-in-the-war\/\" \/>\n<meta property=\"og:site_name\" content=\"aSlimn\u012bca\" \/>\n<meta property=\"og:image\" content=\"https:\/\/aslimnica.lv\/wp-content\/uploads\/2024\/06\/1-20240620_094825-1024x710.jpg\" \/>\n<meta name=\"twitter:card\" content=\"summary_large_image\" \/>\n<meta name=\"twitter:label1\" content=\"Est. reading time\" \/>\n\t<meta name=\"twitter:data1\" content=\"5 minutes\" \/>\n<script type=\"application\/ld+json\" class=\"yoast-schema-graph\">{\"@context\":\"https:\/\/schema.org\",\"@graph\":[{\"@type\":\"WebPage\",\"@id\":\"https:\/\/aslimnica.lv\/en\/east-hospital-continues-to-receive-and-treat-ukrainian-soldiers-seriously-injured-in-the-war\/\",\"url\":\"https:\/\/aslimnica.lv\/en\/east-hospital-continues-to-receive-and-treat-ukrainian-soldiers-seriously-injured-in-the-war\/\",\"name\":\"East Hospital continues to receive and treat Ukrainian soldiers seriously injured in the war - aSlimn\u012bca\",\"isPartOf\":{\"@id\":\"https:\/\/aslimnica.lv\/en\/#website\"},\"primaryImageOfPage\":{\"@id\":\"https:\/\/aslimnica.lv\/en\/east-hospital-continues-to-receive-and-treat-ukrainian-soldiers-seriously-injured-in-the-war\/#primaryimage\"},\"image\":{\"@id\":\"https:\/\/aslimnica.lv\/en\/east-hospital-continues-to-receive-and-treat-ukrainian-soldiers-seriously-injured-in-the-war\/#primaryimage\"},\"thumbnailUrl\":\"https:\/\/aslimnica.lv\/wp-content\/uploads\/2024\/06\/1-20240620_094825-1024x710.jpg\",\"datePublished\":\"2024-07-08T10:21:27+00:00\",\"breadcrumb\":{\"@id\":\"https:\/\/aslimnica.lv\/en\/east-hospital-continues-to-receive-and-treat-ukrainian-soldiers-seriously-injured-in-the-war\/#breadcrumb\"},\"inLanguage\":\"en-US\",\"potentialAction\":[{\"@type\":\"ReadAction\",\"target\":[\"https:\/\/aslimnica.lv\/en\/east-hospital-continues-to-receive-and-treat-ukrainian-soldiers-seriously-injured-in-the-war\/\"]}]},{\"@type\":\"ImageObject\",\"inLanguage\":\"en-US\",\"@id\":\"https:\/\/aslimnica.lv\/en\/east-hospital-continues-to-receive-and-treat-ukrainian-soldiers-seriously-injured-in-the-war\/#primaryimage\",\"url\":\"https:\/\/aslimnica.lv\/wp-content\/uploads\/2024\/06\/1-20240620_094825-1024x710.jpg\",\"contentUrl\":\"https:\/\/aslimnica.lv\/wp-content\/uploads\/2024\/06\/1-20240620_094825-1024x710.jpg\"},{\"@type\":\"BreadcrumbList\",\"@id\":\"https:\/\/aslimnica.lv\/en\/east-hospital-continues-to-receive-and-treat-ukrainian-soldiers-seriously-injured-in-the-war\/#breadcrumb\",\"itemListElement\":[{\"@type\":\"ListItem\",\"position\":1,\"name\":\"Home\",\"item\":\"https:\/\/aslimnica.lv\/en\/\"},{\"@type\":\"ListItem\",\"position\":2,\"name\":\"East Hospital continues to receive and treat Ukrainian soldiers seriously injured in the war\"}]},{\"@type\":\"WebSite\",\"@id\":\"https:\/\/aslimnica.lv\/en\/#website\",\"url\":\"https:\/\/aslimnica.lv\/en\/\",\"name\":\"aSlimn\u012bca\",\"description\":\"R\u012bgas Austrumu k\u012bnisk\u0101 universit\u0101tes slimn\u012bca\",\"potentialAction\":[{\"@type\":\"SearchAction\",\"target\":{\"@type\":\"EntryPoint\",\"urlTemplate\":\"https:\/\/aslimnica.lv\/en\/?s={search_term_string}\"},\"query-input\":{\"@type\":\"PropertyValueSpecification\",\"valueRequired\":true,\"valueName\":\"search_term_string\"}}],\"inLanguage\":\"en-US\"}]}<\/script>\n<!-- \/ Yoast SEO plugin. -->","yoast_head_json":{"title":"East Hospital continues to receive and treat Ukrainian soldiers seriously injured in the war - aSlimn\u012bca","robots":{"index":"index","follow":"follow","max-snippet":"max-snippet:-1","max-image-preview":"max-image-preview:large","max-video-preview":"max-video-preview:-1"},"canonical":"https:\/\/aslimnica.lv\/en\/east-hospital-continues-to-receive-and-treat-ukrainian-soldiers-seriously-injured-in-the-war\/","og_locale":"en_US","og_type":"article","og_title":"East Hospital continues to receive and treat Ukrainian soldiers seriously injured in the war - aSlimn\u012bca","og_description":"Today, on 20 June 2024, the Riga East University Hospital (East Hospital) welcomed 11 Ukrainian soldiers for the 15th time. These soldiers, seriously injured in the war launched by Russia, are brought back every month by the aid bus organised by the M-Help.com charity project. The bus carrying the Ukrainian soldiers was met by Normunds","og_url":"https:\/\/aslimnica.lv\/en\/east-hospital-continues-to-receive-and-treat-ukrainian-soldiers-seriously-injured-in-the-war\/","og_site_name":"aSlimn\u012bca","og_image":[{"url":"https:\/\/aslimnica.lv\/wp-content\/uploads\/2024\/06\/1-20240620_094825-1024x710.jpg","type":"","width":"","height":""}],"twitter_card":"summary_large_image","twitter_misc":{"Est. reading time":"5 minutes"},"schema":{"@context":"https:\/\/schema.org","@graph":[{"@type":"WebPage","@id":"https:\/\/aslimnica.lv\/en\/east-hospital-continues-to-receive-and-treat-ukrainian-soldiers-seriously-injured-in-the-war\/","url":"https:\/\/aslimnica.lv\/en\/east-hospital-continues-to-receive-and-treat-ukrainian-soldiers-seriously-injured-in-the-war\/","name":"East Hospital continues to receive and treat Ukrainian soldiers seriously injured in the war - aSlimn\u012bca","isPartOf":{"@id":"https:\/\/aslimnica.lv\/en\/#website"},"primaryImageOfPage":{"@id":"https:\/\/aslimnica.lv\/en\/east-hospital-continues-to-receive-and-treat-ukrainian-soldiers-seriously-injured-in-the-war\/#primaryimage"},"image":{"@id":"https:\/\/aslimnica.lv\/en\/east-hospital-continues-to-receive-and-treat-ukrainian-soldiers-seriously-injured-in-the-war\/#primaryimage"},"thumbnailUrl":"https:\/\/aslimnica.lv\/wp-content\/uploads\/2024\/06\/1-20240620_094825-1024x710.jpg","datePublished":"2024-07-08T10:21:27+00:00","breadcrumb":{"@id":"https:\/\/aslimnica.lv\/en\/east-hospital-continues-to-receive-and-treat-ukrainian-soldiers-seriously-injured-in-the-war\/#breadcrumb"},"inLanguage":"en-US","potentialAction":[{"@type":"ReadAction","target":["https:\/\/aslimnica.lv\/en\/east-hospital-continues-to-receive-and-treat-ukrainian-soldiers-seriously-injured-in-the-war\/"]}]},{"@type":"ImageObject","inLanguage":"en-US","@id":"https:\/\/aslimnica.lv\/en\/east-hospital-continues-to-receive-and-treat-ukrainian-soldiers-seriously-injured-in-the-war\/#primaryimage","url":"https:\/\/aslimnica.lv\/wp-content\/uploads\/2024\/06\/1-20240620_094825-1024x710.jpg","contentUrl":"https:\/\/aslimnica.lv\/wp-content\/uploads\/2024\/06\/1-20240620_094825-1024x710.jpg"},{"@type":"BreadcrumbList","@id":"https:\/\/aslimnica.lv\/en\/east-hospital-continues-to-receive-and-treat-ukrainian-soldiers-seriously-injured-in-the-war\/#breadcrumb","itemListElement":[{"@type":"ListItem","position":1,"name":"Home","item":"https:\/\/aslimnica.lv\/en\/"},{"@type":"ListItem","position":2,"name":"East Hospital continues to receive and treat Ukrainian soldiers seriously injured in the war"}]},{"@type":"WebSite","@id":"https:\/\/aslimnica.lv\/en\/#website","url":"https:\/\/aslimnica.lv\/en\/","name":"aSlimn\u012bca","description":"R\u012bgas Austrumu k\u012bnisk\u0101 universit\u0101tes slimn\u012bca","potentialAction":[{"@type":"SearchAction","target":{"@type":"EntryPoint","urlTemplate":"https:\/\/aslimnica.lv\/en\/?s={search_term_string}"},"query-input":{"@type":"PropertyValueSpecification","valueRequired":true,"valueName":"search_term_string"}}],"inLanguage":"en-US"}]}},"_links":{"self":[{"href":"https:\/\/aslimnica.lv\/en\/wp-json\/wp\/v2\/pages\/63312","targetHints":{"allow":["GET"]}}],"collection":[{"href":"https:\/\/aslimnica.lv\/en\/wp-json\/wp\/v2\/pages"}],"about":[{"href":"https:\/\/aslimnica.lv\/en\/wp-json\/wp\/v2\/types\/page"}],"author":[{"embeddable":true,"href":"https:\/\/aslimnica.lv\/en\/wp-json\/wp\/v2\/users\/49"}],"replies":[{"embeddable":true,"href":"https:\/\/aslimnica.lv\/en\/wp-json\/wp\/v2\/comments?post=63312"}],"version-history":[{"count":1,"href":"https:\/\/aslimnica.lv\/en\/wp-json\/wp\/v2\/pages\/63312\/revisions"}],"predecessor-version":[{"id":63313,"href":"https:\/\/aslimnica.lv\/en\/wp-json\/wp\/v2\/pages\/63312\/revisions\/63313"}],"wp:attachment":[{"href":"https:\/\/aslimnica.lv\/en\/wp-json\/wp\/v2\/media?parent=63312"}],"curies":[{"name":"wp","href":"https:\/\/api.w.org\/{rel}","templated":true}]}}