{"id":62446,"date":"2024-05-30T13:59:44","date_gmt":"2024-05-30T11:59:44","guid":{"rendered":"https:\/\/aslimnica.lv\/?page_id=62446"},"modified":"2024-05-30T13:59:44","modified_gmt":"2024-05-30T11:59:44","slug":"284-soldiers-injured-in-the-war-in-ukraine-have-been-treated-at-the-east-hospital","status":"publish","type":"page","link":"https:\/\/aslimnica.lv\/en\/284-soldiers-injured-in-the-war-in-ukraine-have-been-treated-at-the-east-hospital\/","title":{"rendered":"284 soldiers injured in the war in Ukraine have been treated at the East Hospital"},"content":{"rendered":"<p><strong>For the 14th time, the Riga East University Hospital (East Hospital) has welcomed soldiers who were severely injured in the war in Ukraine, brought back by a relief bus organised by the <em>M-Help.com<\/em> charity project. This time, 18 severely wounded soldiers made the long journey to Latvia. Since the beginning of the war initiated by Russia, 284 Ukrainian soldiers have already been admitted to the East Hospital, including 60 soldier at the Rehabilitation Clinic. <\/strong><\/p>\n<p><a href=\"https:\/\/aslimnica.lv\/wp-content\/uploads\/2024\/05\/1-_DSC5158.jpg\"><img loading=\"lazy\" decoding=\"async\" class=\"alignnone size-large wp-image-62240\" src=\"https:\/\/aslimnica.lv\/wp-content\/uploads\/2024\/05\/1-_DSC5158-1024x650.jpg\" alt=\"\" width=\"1024\" height=\"650\" srcset=\"https:\/\/aslimnica.lv\/wp-content\/uploads\/2024\/05\/1-_DSC5158-1024x650.jpg 1024w, https:\/\/aslimnica.lv\/wp-content\/uploads\/2024\/05\/1-_DSC5158-300x191.jpg 300w, https:\/\/aslimnica.lv\/wp-content\/uploads\/2024\/05\/1-_DSC5158-768x488.jpg 768w, https:\/\/aslimnica.lv\/wp-content\/uploads\/2024\/05\/1-_DSC5158-1536x975.jpg 1536w, https:\/\/aslimnica.lv\/wp-content\/uploads\/2024\/05\/1-_DSC5158-1400x889.jpg 1400w, https:\/\/aslimnica.lv\/wp-content\/uploads\/2024\/05\/1-_DSC5158-488x310.jpg 488w, https:\/\/aslimnica.lv\/wp-content\/uploads\/2024\/05\/1-_DSC5158-310x197.jpg 310w, https:\/\/aslimnica.lv\/wp-content\/uploads\/2024\/05\/1-_DSC5158-700x445.jpg 700w, https:\/\/aslimnica.lv\/wp-content\/uploads\/2024\/05\/1-_DSC5158.jpg 1600w\" sizes=\"auto, (max-width: 1024px) 100vw, 1024px\" \/><\/a><\/p>\n<p>The East Hospital has been actively involved in the treatment and rehabilitation of Ukrainian soldiers injured in war since 2022. Patients were welcomed by a multidisciplinary team of physicians and nursing staff from the Emergency Medicine and Patient Admission Clinic (NMPUK), Clinic of Traumatology and Orthopedics, Clinic of General and Emergency Surgery, and the Department of Hand and Plastic Surgery.<\/p>\n<p><a href=\"https:\/\/aslimnica.lv\/wp-content\/uploads\/2024\/05\/1-_DSC5174.jpg\"><img loading=\"lazy\" decoding=\"async\" class=\"alignnone  wp-image-62237\" src=\"https:\/\/aslimnica.lv\/wp-content\/uploads\/2024\/05\/1-_DSC5174-708x1024.jpg\" alt=\"\" width=\"356\" height=\"515\" srcset=\"https:\/\/aslimnica.lv\/wp-content\/uploads\/2024\/05\/1-_DSC5174-708x1024.jpg 708w, https:\/\/aslimnica.lv\/wp-content\/uploads\/2024\/05\/1-_DSC5174-207x300.jpg 207w, https:\/\/aslimnica.lv\/wp-content\/uploads\/2024\/05\/1-_DSC5174-768x1111.jpg 768w, https:\/\/aslimnica.lv\/wp-content\/uploads\/2024\/05\/1-_DSC5174-1062x1536.jpg 1062w, https:\/\/aslimnica.lv\/wp-content\/uploads\/2024\/05\/1-_DSC5174-214x310.jpg 214w, https:\/\/aslimnica.lv\/wp-content\/uploads\/2024\/05\/1-_DSC5174-270x390.jpg 270w, https:\/\/aslimnica.lv\/wp-content\/uploads\/2024\/05\/1-_DSC5174-700x1013.jpg 700w, https:\/\/aslimnica.lv\/wp-content\/uploads\/2024\/05\/1-_DSC5174.jpg 1106w\" sizes=\"auto, (max-width: 356px) 100vw, 356px\" \/><\/a><\/p>\n<p>All patients underwent a comprehensive health screening \u2013 various laboratory tests, including the possible presence of multidrug-resistant infections, as they can quickly flare up and spread in war.<\/p>\n<p>After the examinations at the Emergency Medicine and Patient Admission Clinic, several patients were transferred to other medical facilities in Latvia to continue the recovery process, after assessing their health condition and the severity of their injuries.<\/p>\n<p><a href=\"https:\/\/aslimnica.lv\/wp-content\/uploads\/2024\/05\/1-_DSC5223.jpg\"><img loading=\"lazy\" decoding=\"async\" class=\"alignnone  wp-image-62231\" src=\"https:\/\/aslimnica.lv\/wp-content\/uploads\/2024\/05\/1-_DSC5223-1024x683.jpg\" alt=\"\" width=\"597\" height=\"398\" srcset=\"https:\/\/aslimnica.lv\/wp-content\/uploads\/2024\/05\/1-_DSC5223-1024x683.jpg 1024w, https:\/\/aslimnica.lv\/wp-content\/uploads\/2024\/05\/1-_DSC5223-300x200.jpg 300w, https:\/\/aslimnica.lv\/wp-content\/uploads\/2024\/05\/1-_DSC5223-768x512.jpg 768w, https:\/\/aslimnica.lv\/wp-content\/uploads\/2024\/05\/1-_DSC5223-1536x1024.jpg 1536w, https:\/\/aslimnica.lv\/wp-content\/uploads\/2024\/05\/1-_DSC5223-1400x934.jpg 1400w, https:\/\/aslimnica.lv\/wp-content\/uploads\/2024\/05\/1-_DSC5223-465x310.jpg 465w, https:\/\/aslimnica.lv\/wp-content\/uploads\/2024\/05\/1-_DSC5223-310x207.jpg 310w, https:\/\/aslimnica.lv\/wp-content\/uploads\/2024\/05\/1-_DSC5223-700x467.jpg 700w, https:\/\/aslimnica.lv\/wp-content\/uploads\/2024\/05\/1-_DSC5223.jpg 1600w\" sizes=\"auto, (max-width: 597px) 100vw, 597px\" \/><\/a><\/p>\n<p>Patients affected by the war in Ukraine are brought to the East Hospital due to a private initiative of the founders of the charity project <em>M-Help.com<\/em>, Arvis Rekets and M\u0101rti\u0146\u0161 Medinieks. The Charitable Foundation of Georgy Logvinsky, which operates in Ukraine, has equipped and rebuilt a bus to transport these patients.<\/p>\n<p><a href=\"https:\/\/aslimnica.lv\/wp-content\/uploads\/2024\/05\/1-20240523_094211.jpg\"><img loading=\"lazy\" decoding=\"async\" class=\"alignnone size-large wp-image-62222\" src=\"https:\/\/aslimnica.lv\/wp-content\/uploads\/2024\/05\/1-20240523_094211-1024x541.jpg\" alt=\"\" width=\"1024\" height=\"541\" srcset=\"https:\/\/aslimnica.lv\/wp-content\/uploads\/2024\/05\/1-20240523_094211-1024x541.jpg 1024w, https:\/\/aslimnica.lv\/wp-content\/uploads\/2024\/05\/1-20240523_094211-300x158.jpg 300w, https:\/\/aslimnica.lv\/wp-content\/uploads\/2024\/05\/1-20240523_094211-768x406.jpg 768w, https:\/\/aslimnica.lv\/wp-content\/uploads\/2024\/05\/1-20240523_094211-1536x811.jpg 1536w, https:\/\/aslimnica.lv\/wp-content\/uploads\/2024\/05\/1-20240523_094211-1400x739.jpg 1400w, https:\/\/aslimnica.lv\/wp-content\/uploads\/2024\/05\/1-20240523_094211-530x280.jpg 530w, https:\/\/aslimnica.lv\/wp-content\/uploads\/2024\/05\/1-20240523_094211-310x164.jpg 310w, https:\/\/aslimnica.lv\/wp-content\/uploads\/2024\/05\/1-20240523_094211-700x370.jpg 700w, https:\/\/aslimnica.lv\/wp-content\/uploads\/2024\/05\/1-20240523_094211.jpg 1600w\" sizes=\"auto, (max-width: 1024px) 100vw, 1024px\" \/><\/a><\/p>\n<hr \/>\n<p><strong><em>About the East Hospital\u00a0 <\/em><\/strong><\/p>\n<p>Riga East University Hospital is the largest and most strategically important multi-profile hospital in the country. The hospital consists of five clinical centres: Clinical Centre of Emergency Medicine Gailezers, Oncology Centre of Latvia, Clinical Centre Bi\u0137ernieki, Centre of Tuberculosis and Lung Diseases and Latvian Centre of Infectious Diseases with centres and clinics of different profiles. The hospital provides highly specialised inpatient and secondary outpatient healthcare, providing multidisciplinary tertiary-level treatment and care in line with modern technologies and medical knowledge. The hospital provides treatment for about 80% of all cancer patients in Latvia. The hospital provides a practical training base for both Latvian and foreign students and provides continued professional development and knowledge transfer for health professionals in our country and abroad. The hospital conducts scientific research and develops innovative methods for treating patients. The hospital is the third largest employer in the country, with around 5,000 employees.<\/p>\n","protected":false},"excerpt":{"rendered":"<p>For the 14th time, the Riga East University Hospital (East Hospital) has welcomed soldiers who were severely injured in the war in Ukraine, brought back by a relief bus organised by the M-Help.com charity project. This time, 18 severely wounded soldiers made the long journey to Latvia. Since the beginning of the war initiated by<\/p>\n","protected":false},"author":49,"featured_media":0,"parent":0,"menu_order":0,"comment_status":"closed","ping_status":"closed","template":"","meta":{"_acf_changed":false,"inline_featured_image":false,"footnotes":""},"class_list":["post-62446","page","type-page","status-publish","hentry"],"acf":[],"yoast_head":"<!-- This site is optimized with the Yoast SEO plugin v27.1.1 - https:\/\/yoast.com\/product\/yoast-seo-wordpress\/ -->\n<title>284 soldiers injured in the war in Ukraine have been treated at the East Hospital - aSlimn\u012bca<\/title>\n<meta name=\"robots\" content=\"index, follow, max-snippet:-1, max-image-preview:large, max-video-preview:-1\" \/>\n<link rel=\"canonical\" href=\"https:\/\/aslimnica.lv\/en\/284-soldiers-injured-in-the-war-in-ukraine-have-been-treated-at-the-east-hospital\/\" \/>\n<meta property=\"og:locale\" content=\"en_US\" \/>\n<meta property=\"og:type\" content=\"article\" \/>\n<meta property=\"og:title\" content=\"284 soldiers injured in the war in Ukraine have been treated at the East Hospital - aSlimn\u012bca\" \/>\n<meta property=\"og:description\" content=\"For the 14th time, the Riga East University Hospital (East Hospital) has welcomed soldiers who were severely injured in the war in Ukraine, brought back by a relief bus organised by the M-Help.com charity project. This time, 18 severely wounded soldiers made the long journey to Latvia. Since the beginning of the war initiated by\" \/>\n<meta property=\"og:url\" content=\"https:\/\/aslimnica.lv\/en\/284-soldiers-injured-in-the-war-in-ukraine-have-been-treated-at-the-east-hospital\/\" \/>\n<meta property=\"og:site_name\" content=\"aSlimn\u012bca\" \/>\n<meta property=\"og:image\" content=\"https:\/\/aslimnica.lv\/wp-content\/uploads\/2024\/05\/1-_DSC5158-1024x650.jpg\" \/>\n<meta name=\"twitter:card\" content=\"summary_large_image\" \/>\n<meta name=\"twitter:label1\" content=\"Est. reading time\" \/>\n\t<meta name=\"twitter:data1\" content=\"3 minutes\" \/>\n<script type=\"application\/ld+json\" class=\"yoast-schema-graph\">{\"@context\":\"https:\/\/schema.org\",\"@graph\":[{\"@type\":\"WebPage\",\"@id\":\"https:\/\/aslimnica.lv\/en\/284-soldiers-injured-in-the-war-in-ukraine-have-been-treated-at-the-east-hospital\/\",\"url\":\"https:\/\/aslimnica.lv\/en\/284-soldiers-injured-in-the-war-in-ukraine-have-been-treated-at-the-east-hospital\/\",\"name\":\"284 soldiers injured in the war in Ukraine have been treated at the East Hospital - aSlimn\u012bca\",\"isPartOf\":{\"@id\":\"https:\/\/aslimnica.lv\/en\/#website\"},\"primaryImageOfPage\":{\"@id\":\"https:\/\/aslimnica.lv\/en\/284-soldiers-injured-in-the-war-in-ukraine-have-been-treated-at-the-east-hospital\/#primaryimage\"},\"image\":{\"@id\":\"https:\/\/aslimnica.lv\/en\/284-soldiers-injured-in-the-war-in-ukraine-have-been-treated-at-the-east-hospital\/#primaryimage\"},\"thumbnailUrl\":\"https:\/\/aslimnica.lv\/wp-content\/uploads\/2024\/05\/1-_DSC5158-1024x650.jpg\",\"datePublished\":\"2024-05-30T11:59:44+00:00\",\"breadcrumb\":{\"@id\":\"https:\/\/aslimnica.lv\/en\/284-soldiers-injured-in-the-war-in-ukraine-have-been-treated-at-the-east-hospital\/#breadcrumb\"},\"inLanguage\":\"en-US\",\"potentialAction\":[{\"@type\":\"ReadAction\",\"target\":[\"https:\/\/aslimnica.lv\/en\/284-soldiers-injured-in-the-war-in-ukraine-have-been-treated-at-the-east-hospital\/\"]}]},{\"@type\":\"ImageObject\",\"inLanguage\":\"en-US\",\"@id\":\"https:\/\/aslimnica.lv\/en\/284-soldiers-injured-in-the-war-in-ukraine-have-been-treated-at-the-east-hospital\/#primaryimage\",\"url\":\"https:\/\/aslimnica.lv\/wp-content\/uploads\/2024\/05\/1-_DSC5158-1024x650.jpg\",\"contentUrl\":\"https:\/\/aslimnica.lv\/wp-content\/uploads\/2024\/05\/1-_DSC5158-1024x650.jpg\"},{\"@type\":\"BreadcrumbList\",\"@id\":\"https:\/\/aslimnica.lv\/en\/284-soldiers-injured-in-the-war-in-ukraine-have-been-treated-at-the-east-hospital\/#breadcrumb\",\"itemListElement\":[{\"@type\":\"ListItem\",\"position\":1,\"name\":\"Home\",\"item\":\"https:\/\/aslimnica.lv\/en\/\"},{\"@type\":\"ListItem\",\"position\":2,\"name\":\"284 soldiers injured in the war in Ukraine have been treated at the East Hospital\"}]},{\"@type\":\"WebSite\",\"@id\":\"https:\/\/aslimnica.lv\/en\/#website\",\"url\":\"https:\/\/aslimnica.lv\/en\/\",\"name\":\"aSlimn\u012bca\",\"description\":\"R\u012bgas Austrumu k\u012bnisk\u0101 universit\u0101tes slimn\u012bca\",\"potentialAction\":[{\"@type\":\"SearchAction\",\"target\":{\"@type\":\"EntryPoint\",\"urlTemplate\":\"https:\/\/aslimnica.lv\/en\/?s={search_term_string}\"},\"query-input\":{\"@type\":\"PropertyValueSpecification\",\"valueRequired\":true,\"valueName\":\"search_term_string\"}}],\"inLanguage\":\"en-US\"}]}<\/script>\n<!-- \/ Yoast SEO plugin. -->","yoast_head_json":{"title":"284 soldiers injured in the war in Ukraine have been treated at the East Hospital - aSlimn\u012bca","robots":{"index":"index","follow":"follow","max-snippet":"max-snippet:-1","max-image-preview":"max-image-preview:large","max-video-preview":"max-video-preview:-1"},"canonical":"https:\/\/aslimnica.lv\/en\/284-soldiers-injured-in-the-war-in-ukraine-have-been-treated-at-the-east-hospital\/","og_locale":"en_US","og_type":"article","og_title":"284 soldiers injured in the war in Ukraine have been treated at the East Hospital - aSlimn\u012bca","og_description":"For the 14th time, the Riga East University Hospital (East Hospital) has welcomed soldiers who were severely injured in the war in Ukraine, brought back by a relief bus organised by the M-Help.com charity project. This time, 18 severely wounded soldiers made the long journey to Latvia. Since the beginning of the war initiated by","og_url":"https:\/\/aslimnica.lv\/en\/284-soldiers-injured-in-the-war-in-ukraine-have-been-treated-at-the-east-hospital\/","og_site_name":"aSlimn\u012bca","og_image":[{"url":"https:\/\/aslimnica.lv\/wp-content\/uploads\/2024\/05\/1-_DSC5158-1024x650.jpg","type":"","width":"","height":""}],"twitter_card":"summary_large_image","twitter_misc":{"Est. reading time":"3 minutes"},"schema":{"@context":"https:\/\/schema.org","@graph":[{"@type":"WebPage","@id":"https:\/\/aslimnica.lv\/en\/284-soldiers-injured-in-the-war-in-ukraine-have-been-treated-at-the-east-hospital\/","url":"https:\/\/aslimnica.lv\/en\/284-soldiers-injured-in-the-war-in-ukraine-have-been-treated-at-the-east-hospital\/","name":"284 soldiers injured in the war in Ukraine have been treated at the East Hospital - aSlimn\u012bca","isPartOf":{"@id":"https:\/\/aslimnica.lv\/en\/#website"},"primaryImageOfPage":{"@id":"https:\/\/aslimnica.lv\/en\/284-soldiers-injured-in-the-war-in-ukraine-have-been-treated-at-the-east-hospital\/#primaryimage"},"image":{"@id":"https:\/\/aslimnica.lv\/en\/284-soldiers-injured-in-the-war-in-ukraine-have-been-treated-at-the-east-hospital\/#primaryimage"},"thumbnailUrl":"https:\/\/aslimnica.lv\/wp-content\/uploads\/2024\/05\/1-_DSC5158-1024x650.jpg","datePublished":"2024-05-30T11:59:44+00:00","breadcrumb":{"@id":"https:\/\/aslimnica.lv\/en\/284-soldiers-injured-in-the-war-in-ukraine-have-been-treated-at-the-east-hospital\/#breadcrumb"},"inLanguage":"en-US","potentialAction":[{"@type":"ReadAction","target":["https:\/\/aslimnica.lv\/en\/284-soldiers-injured-in-the-war-in-ukraine-have-been-treated-at-the-east-hospital\/"]}]},{"@type":"ImageObject","inLanguage":"en-US","@id":"https:\/\/aslimnica.lv\/en\/284-soldiers-injured-in-the-war-in-ukraine-have-been-treated-at-the-east-hospital\/#primaryimage","url":"https:\/\/aslimnica.lv\/wp-content\/uploads\/2024\/05\/1-_DSC5158-1024x650.jpg","contentUrl":"https:\/\/aslimnica.lv\/wp-content\/uploads\/2024\/05\/1-_DSC5158-1024x650.jpg"},{"@type":"BreadcrumbList","@id":"https:\/\/aslimnica.lv\/en\/284-soldiers-injured-in-the-war-in-ukraine-have-been-treated-at-the-east-hospital\/#breadcrumb","itemListElement":[{"@type":"ListItem","position":1,"name":"Home","item":"https:\/\/aslimnica.lv\/en\/"},{"@type":"ListItem","position":2,"name":"284 soldiers injured in the war in Ukraine have been treated at the East Hospital"}]},{"@type":"WebSite","@id":"https:\/\/aslimnica.lv\/en\/#website","url":"https:\/\/aslimnica.lv\/en\/","name":"aSlimn\u012bca","description":"R\u012bgas Austrumu k\u012bnisk\u0101 universit\u0101tes slimn\u012bca","potentialAction":[{"@type":"SearchAction","target":{"@type":"EntryPoint","urlTemplate":"https:\/\/aslimnica.lv\/en\/?s={search_term_string}"},"query-input":{"@type":"PropertyValueSpecification","valueRequired":true,"valueName":"search_term_string"}}],"inLanguage":"en-US"}]}},"_links":{"self":[{"href":"https:\/\/aslimnica.lv\/en\/wp-json\/wp\/v2\/pages\/62446","targetHints":{"allow":["GET"]}}],"collection":[{"href":"https:\/\/aslimnica.lv\/en\/wp-json\/wp\/v2\/pages"}],"about":[{"href":"https:\/\/aslimnica.lv\/en\/wp-json\/wp\/v2\/types\/page"}],"author":[{"embeddable":true,"href":"https:\/\/aslimnica.lv\/en\/wp-json\/wp\/v2\/users\/49"}],"replies":[{"embeddable":true,"href":"https:\/\/aslimnica.lv\/en\/wp-json\/wp\/v2\/comments?post=62446"}],"version-history":[{"count":1,"href":"https:\/\/aslimnica.lv\/en\/wp-json\/wp\/v2\/pages\/62446\/revisions"}],"predecessor-version":[{"id":62447,"href":"https:\/\/aslimnica.lv\/en\/wp-json\/wp\/v2\/pages\/62446\/revisions\/62447"}],"wp:attachment":[{"href":"https:\/\/aslimnica.lv\/en\/wp-json\/wp\/v2\/media?parent=62446"}],"curies":[{"name":"wp","href":"https:\/\/api.w.org\/{rel}","templated":true}]}}