{"id":61544,"date":"2024-04-30T12:39:47","date_gmt":"2024-04-30T10:39:47","guid":{"rendered":"https:\/\/aslimnica.lv\/?page_id=61544"},"modified":"2024-04-30T12:39:47","modified_gmt":"2024-04-30T10:39:47","slug":"the-east-hospital-is-training-ukrainian-healthcare-professionals-who-will-continue-to-provide-treatment-and-care-for-tuberculosis-patients-in-the-war-torn-country","status":"publish","type":"page","link":"https:\/\/aslimnica.lv\/en\/the-east-hospital-is-training-ukrainian-healthcare-professionals-who-will-continue-to-provide-treatment-and-care-for-tuberculosis-patients-in-the-war-torn-country\/","title":{"rendered":"The East Hospital is training Ukrainian healthcare professionals who will continue to provide treatment and care for tuberculosis patients in the war-torn country"},"content":{"rendered":"<p><strong>This week, from 9 to 12 April 2024, four female healthcare professionals from the Tuberculosis Service of Kharkiv Oblast, Ukraine, came to Riga East University Hospital (East Hospital) for a study and experience exchange visit to the Centre of Tuberculosis and Lung Diseases to learn the latest methods of treatment and care of tuberculosis patients and more effectively organise outpatient medical care for patients in the war-affected country where inpatient treatment is often not possible.<\/strong><\/p>\n<p>The aim of the visit and training is not only to learn the latest knowledge and methods in tuberculosis patient care, but also to identify and initiate the transition from conventional inpatient treatment to outpatient therapy approaches. The healthcare professionals came from Kharkiv Oblast, which often suffers from Russian attacks, so hospital treatment in this area is not always available in wartime, and the healthcare professionals have to find non-standard and creative solutions for outpatient tuberculosis treatment, which, like any infectious disease, has a higher risk of spreading in wartime.<\/p>\n<p><strong><a href=\"https:\/\/aslimnica.lv\/wp-content\/uploads\/2024\/04\/Liga-Kuksa-1-scaled-e1692801359826.jpg\"><img loading=\"lazy\" decoding=\"async\" class=\"alignnone wp-image-60870\" src=\"https:\/\/aslimnica.lv\/wp-content\/uploads\/2024\/04\/Liga-Kuksa-1-scaled-e1692801359826-729x1024.jpg\" alt=\"\" width=\"207\" height=\"291\" srcset=\"https:\/\/aslimnica.lv\/wp-content\/uploads\/2024\/04\/Liga-Kuksa-1-scaled-e1692801359826-729x1024.jpg 729w, https:\/\/aslimnica.lv\/wp-content\/uploads\/2024\/04\/Liga-Kuksa-1-scaled-e1692801359826-214x300.jpg 214w, https:\/\/aslimnica.lv\/wp-content\/uploads\/2024\/04\/Liga-Kuksa-1-scaled-e1692801359826-768x1078.jpg 768w, https:\/\/aslimnica.lv\/wp-content\/uploads\/2024\/04\/Liga-Kuksa-1-scaled-e1692801359826-1094x1536.jpg 1094w, https:\/\/aslimnica.lv\/wp-content\/uploads\/2024\/04\/Liga-Kuksa-1-scaled-e1692801359826-1400x1966.jpg 1400w, https:\/\/aslimnica.lv\/wp-content\/uploads\/2024\/04\/Liga-Kuksa-1-scaled-e1692801359826-221x310.jpg 221w, https:\/\/aslimnica.lv\/wp-content\/uploads\/2024\/04\/Liga-Kuksa-1-scaled-e1692801359826-278x390.jpg 278w, https:\/\/aslimnica.lv\/wp-content\/uploads\/2024\/04\/Liga-Kuksa-1-scaled-e1692801359826-700x983.jpg 700w, https:\/\/aslimnica.lv\/wp-content\/uploads\/2024\/04\/Liga-Kuksa-1-scaled-e1692801359826.jpg 1440w\" sizes=\"auto, (max-width: 207px) 100vw, 207px\" \/><\/a><\/strong><\/p>\n<p><strong>L\u012bga Kuk\u0161a<\/strong>, head of the Department of Tuberculosis and Lung Diseases at the Centre of Tuberculosis and Lung Diseases, Head of the Collaborating Centre of the World Health Organization (WHO): &#8220;Our Ukrainian colleagues will learn about the most effective methods and best practices to treat tuberculosis and will apply the acquired knowledge in their daily work when organising health care processes for tuberculosis patients in Kharkiv region. This is undoubtedly a difficult and complicated task, but an extremely necessary one, even in times of war. This is also an opportunity to further develop the healthcare system by providing a more effective and patient-friendly approach to tuberculosis treatment, which is particularly important in a war situation where hospital treatment is more inaccessible. I am really impressed and pleased by the commitment of the Ukrainian healthcare professionals to continue to improve the standard of care for tuberculosis patients and to provide better treatment and care for patients in Ukraine.\u201d<\/p>\n<p>When Ukrainian healthcare professionals <strong><em>Tetiana Synenko<\/em><\/strong>, <strong><em>Svitlana Sumets<\/em><\/strong>, <strong><em>Svitlana Tiahlo<\/em><\/strong> and <strong><em>Yulia Timoshenko<\/em><\/strong> return to Kharkiv, they are determined to share the knowledge and experience gained in Latvia to improve the treatment and care of tuberculosis patients in their region and country.<\/p>\n<p><a href=\"https:\/\/aslimnica.lv\/wp-content\/uploads\/2024\/04\/1-20240409_085949.jpg\"><img loading=\"lazy\" decoding=\"async\" class=\"alignnone size-large wp-image-60866\" src=\"https:\/\/aslimnica.lv\/wp-content\/uploads\/2024\/04\/1-20240409_085949-1024x708.jpg\" alt=\"\" width=\"1024\" height=\"708\" srcset=\"https:\/\/aslimnica.lv\/wp-content\/uploads\/2024\/04\/1-20240409_085949-1024x708.jpg 1024w, https:\/\/aslimnica.lv\/wp-content\/uploads\/2024\/04\/1-20240409_085949-300x207.jpg 300w, https:\/\/aslimnica.lv\/wp-content\/uploads\/2024\/04\/1-20240409_085949-768x531.jpg 768w, https:\/\/aslimnica.lv\/wp-content\/uploads\/2024\/04\/1-20240409_085949-1536x1062.jpg 1536w, https:\/\/aslimnica.lv\/wp-content\/uploads\/2024\/04\/1-20240409_085949-1400x968.jpg 1400w, https:\/\/aslimnica.lv\/wp-content\/uploads\/2024\/04\/1-20240409_085949-448x310.jpg 448w, https:\/\/aslimnica.lv\/wp-content\/uploads\/2024\/04\/1-20240409_085949-310x214.jpg 310w, https:\/\/aslimnica.lv\/wp-content\/uploads\/2024\/04\/1-20240409_085949-700x484.jpg 700w, https:\/\/aslimnica.lv\/wp-content\/uploads\/2024\/04\/1-20240409_085949.jpg 1600w\" sizes=\"auto, (max-width: 1024px) 100vw, 1024px\" \/><\/a>T<strong>uberculosis as a public health issue has not lost its relevance<\/strong>\u00a0\u2013 the global situation, world events and socio-economic conditions continue to make tuberculosis an epidemiological threat. <em>Tuberculosis remains one of the deadliest infectious diseases. Every day, an average of 4,400 people worldwide lose their lives to tuberculosis, and around 30,000 people get infected with this preventable and treatable disease. The Covid-19 pandemic, global war and conflict, and socio-economic inequalities are major factors that have affected the progress made over the years in the fight to end tuberculosis and have added to the burden of the disease on affected people, especially in the most vulnerable populations.<\/em><\/p>\n<p><em><u>The visit of the Ukrainian healthcare professionals was organised and supported by the East Hospital, WHO Collaborating Centre in Latvia, Latvian Society Against Tuberculosis, WHO Country Office in Ukraine, TBnet Academy and association Tavi draugi.<\/u><\/em><\/p>\n<p>&nbsp;<\/p>\n<p><strong><em>About the East Hospital\u00a0 <\/em><\/strong><\/p>\n<p>Riga East University Hospital is the largest and most strategically important multi-profile hospital in the country. The hospital consists of five clinical centres: Clinical Centre of Emergency Medicine Gailezers, Oncology Centre of Latvia, Clinical Centre Bi\u0137ernieki, Centre of Tuberculosis and Lung Diseases and Latvian Centre of Infectious Diseases with centres and clinics of different profiles. The hospital provides highly specialised inpatient and secondary outpatient healthcare, providing multidisciplinary tertiary-level treatment and care in line with modern technologies and medical knowledge. The hospital provides treatment for about 80% of all cancer patients in Latvia. The hospital provides a practical training base for both Latvian and foreign students and provides continued professional development and knowledge transfer for health professionals in our country and abroad. The hospital conducts scientific research and develops innovative methods for treating patients. The hospital is the third largest employer in the country, with around 5,000 employees.<\/p>\n","protected":false},"excerpt":{"rendered":"<p>This week, from 9 to 12 April 2024, four female healthcare professionals from the Tuberculosis Service of Kharkiv Oblast, Ukraine, came to Riga East University Hospital (East Hospital) for a study and experience exchange visit to the Centre of Tuberculosis and Lung Diseases to learn the latest methods of treatment and care of tuberculosis patients<\/p>\n","protected":false},"author":49,"featured_media":60861,"parent":0,"menu_order":0,"comment_status":"closed","ping_status":"closed","template":"","meta":{"_acf_changed":false,"inline_featured_image":false,"footnotes":""},"class_list":["post-61544","page","type-page","status-publish","hentry"],"acf":[],"yoast_head":"<!-- This site is optimized with the Yoast SEO plugin v27.1.1 - https:\/\/yoast.com\/product\/yoast-seo-wordpress\/ -->\n<title>The East Hospital is training Ukrainian healthcare professionals who will continue to provide treatment and care for tuberculosis patients in the war-torn country - aSlimn\u012bca<\/title>\n<meta name=\"robots\" content=\"index, follow, max-snippet:-1, max-image-preview:large, max-video-preview:-1\" \/>\n<link rel=\"canonical\" href=\"https:\/\/aslimnica.lv\/en\/the-east-hospital-is-training-ukrainian-healthcare-professionals-who-will-continue-to-provide-treatment-and-care-for-tuberculosis-patients-in-the-war-torn-country\/\" \/>\n<meta property=\"og:locale\" content=\"en_US\" \/>\n<meta property=\"og:type\" content=\"article\" \/>\n<meta property=\"og:title\" content=\"The East Hospital is training Ukrainian healthcare professionals who will continue to provide treatment and care for tuberculosis patients in the war-torn country - aSlimn\u012bca\" \/>\n<meta property=\"og:description\" content=\"This week, from 9 to 12 April 2024, four female healthcare professionals from the Tuberculosis Service of Kharkiv Oblast, Ukraine, came to Riga East University Hospital (East Hospital) for a study and experience exchange visit to the Centre of Tuberculosis and Lung Diseases to learn the latest methods of treatment and care of tuberculosis patients\" \/>\n<meta property=\"og:url\" content=\"https:\/\/aslimnica.lv\/en\/the-east-hospital-is-training-ukrainian-healthcare-professionals-who-will-continue-to-provide-treatment-and-care-for-tuberculosis-patients-in-the-war-torn-country\/\" \/>\n<meta property=\"og:site_name\" content=\"aSlimn\u012bca\" \/>\n<meta property=\"og:image\" content=\"https:\/\/aslimnica.lv\/wp-content\/uploads\/2024\/04\/Aslimnica_tuberkulozes_ierob_macibas9.04.2024.jpg\" \/>\n\t<meta property=\"og:image:width\" content=\"1600\" \/>\n\t<meta property=\"og:image:height\" content=\"976\" \/>\n\t<meta property=\"og:image:type\" content=\"image\/jpeg\" \/>\n<meta name=\"twitter:card\" content=\"summary_large_image\" \/>\n<meta name=\"twitter:label1\" content=\"Est. reading time\" \/>\n\t<meta name=\"twitter:data1\" content=\"3 minutes\" \/>\n<script type=\"application\/ld+json\" class=\"yoast-schema-graph\">{\"@context\":\"https:\/\/schema.org\",\"@graph\":[{\"@type\":\"WebPage\",\"@id\":\"https:\/\/aslimnica.lv\/en\/the-east-hospital-is-training-ukrainian-healthcare-professionals-who-will-continue-to-provide-treatment-and-care-for-tuberculosis-patients-in-the-war-torn-country\/\",\"url\":\"https:\/\/aslimnica.lv\/en\/the-east-hospital-is-training-ukrainian-healthcare-professionals-who-will-continue-to-provide-treatment-and-care-for-tuberculosis-patients-in-the-war-torn-country\/\",\"name\":\"The East Hospital is training Ukrainian healthcare professionals who will continue to provide treatment and care for tuberculosis patients in the war-torn country - aSlimn\u012bca\",\"isPartOf\":{\"@id\":\"https:\/\/aslimnica.lv\/en\/#website\"},\"primaryImageOfPage\":{\"@id\":\"https:\/\/aslimnica.lv\/en\/the-east-hospital-is-training-ukrainian-healthcare-professionals-who-will-continue-to-provide-treatment-and-care-for-tuberculosis-patients-in-the-war-torn-country\/#primaryimage\"},\"image\":{\"@id\":\"https:\/\/aslimnica.lv\/en\/the-east-hospital-is-training-ukrainian-healthcare-professionals-who-will-continue-to-provide-treatment-and-care-for-tuberculosis-patients-in-the-war-torn-country\/#primaryimage\"},\"thumbnailUrl\":\"https:\/\/aslimnica.lv\/wp-content\/uploads\/2024\/04\/Aslimnica_tuberkulozes_ierob_macibas9.04.2024.jpg\",\"datePublished\":\"2024-04-30T10:39:47+00:00\",\"breadcrumb\":{\"@id\":\"https:\/\/aslimnica.lv\/en\/the-east-hospital-is-training-ukrainian-healthcare-professionals-who-will-continue-to-provide-treatment-and-care-for-tuberculosis-patients-in-the-war-torn-country\/#breadcrumb\"},\"inLanguage\":\"en-US\",\"potentialAction\":[{\"@type\":\"ReadAction\",\"target\":[\"https:\/\/aslimnica.lv\/en\/the-east-hospital-is-training-ukrainian-healthcare-professionals-who-will-continue-to-provide-treatment-and-care-for-tuberculosis-patients-in-the-war-torn-country\/\"]}]},{\"@type\":\"ImageObject\",\"inLanguage\":\"en-US\",\"@id\":\"https:\/\/aslimnica.lv\/en\/the-east-hospital-is-training-ukrainian-healthcare-professionals-who-will-continue-to-provide-treatment-and-care-for-tuberculosis-patients-in-the-war-torn-country\/#primaryimage\",\"url\":\"https:\/\/aslimnica.lv\/wp-content\/uploads\/2024\/04\/Aslimnica_tuberkulozes_ierob_macibas9.04.2024.jpg\",\"contentUrl\":\"https:\/\/aslimnica.lv\/wp-content\/uploads\/2024\/04\/Aslimnica_tuberkulozes_ierob_macibas9.04.2024.jpg\",\"width\":1600,\"height\":976},{\"@type\":\"BreadcrumbList\",\"@id\":\"https:\/\/aslimnica.lv\/en\/the-east-hospital-is-training-ukrainian-healthcare-professionals-who-will-continue-to-provide-treatment-and-care-for-tuberculosis-patients-in-the-war-torn-country\/#breadcrumb\",\"itemListElement\":[{\"@type\":\"ListItem\",\"position\":1,\"name\":\"Home\",\"item\":\"https:\/\/aslimnica.lv\/en\/\"},{\"@type\":\"ListItem\",\"position\":2,\"name\":\"The East Hospital is training Ukrainian healthcare professionals who will continue to provide treatment and care for tuberculosis patients in the war-torn country\"}]},{\"@type\":\"WebSite\",\"@id\":\"https:\/\/aslimnica.lv\/en\/#website\",\"url\":\"https:\/\/aslimnica.lv\/en\/\",\"name\":\"aSlimn\u012bca\",\"description\":\"R\u012bgas Austrumu k\u012bnisk\u0101 universit\u0101tes slimn\u012bca\",\"potentialAction\":[{\"@type\":\"SearchAction\",\"target\":{\"@type\":\"EntryPoint\",\"urlTemplate\":\"https:\/\/aslimnica.lv\/en\/?s={search_term_string}\"},\"query-input\":{\"@type\":\"PropertyValueSpecification\",\"valueRequired\":true,\"valueName\":\"search_term_string\"}}],\"inLanguage\":\"en-US\"}]}<\/script>\n<!-- \/ Yoast SEO plugin. -->","yoast_head_json":{"title":"The East Hospital is training Ukrainian healthcare professionals who will continue to provide treatment and care for tuberculosis patients in the war-torn country - aSlimn\u012bca","robots":{"index":"index","follow":"follow","max-snippet":"max-snippet:-1","max-image-preview":"max-image-preview:large","max-video-preview":"max-video-preview:-1"},"canonical":"https:\/\/aslimnica.lv\/en\/the-east-hospital-is-training-ukrainian-healthcare-professionals-who-will-continue-to-provide-treatment-and-care-for-tuberculosis-patients-in-the-war-torn-country\/","og_locale":"en_US","og_type":"article","og_title":"The East Hospital is training Ukrainian healthcare professionals who will continue to provide treatment and care for tuberculosis patients in the war-torn country - aSlimn\u012bca","og_description":"This week, from 9 to 12 April 2024, four female healthcare professionals from the Tuberculosis Service of Kharkiv Oblast, Ukraine, came to Riga East University Hospital (East Hospital) for a study and experience exchange visit to the Centre of Tuberculosis and Lung Diseases to learn the latest methods of treatment and care of tuberculosis patients","og_url":"https:\/\/aslimnica.lv\/en\/the-east-hospital-is-training-ukrainian-healthcare-professionals-who-will-continue-to-provide-treatment-and-care-for-tuberculosis-patients-in-the-war-torn-country\/","og_site_name":"aSlimn\u012bca","og_image":[{"width":1600,"height":976,"url":"https:\/\/aslimnica.lv\/wp-content\/uploads\/2024\/04\/Aslimnica_tuberkulozes_ierob_macibas9.04.2024.jpg","type":"image\/jpeg"}],"twitter_card":"summary_large_image","twitter_misc":{"Est. reading time":"3 minutes"},"schema":{"@context":"https:\/\/schema.org","@graph":[{"@type":"WebPage","@id":"https:\/\/aslimnica.lv\/en\/the-east-hospital-is-training-ukrainian-healthcare-professionals-who-will-continue-to-provide-treatment-and-care-for-tuberculosis-patients-in-the-war-torn-country\/","url":"https:\/\/aslimnica.lv\/en\/the-east-hospital-is-training-ukrainian-healthcare-professionals-who-will-continue-to-provide-treatment-and-care-for-tuberculosis-patients-in-the-war-torn-country\/","name":"The East Hospital is training Ukrainian healthcare professionals who will continue to provide treatment and care for tuberculosis patients in the war-torn country - aSlimn\u012bca","isPartOf":{"@id":"https:\/\/aslimnica.lv\/en\/#website"},"primaryImageOfPage":{"@id":"https:\/\/aslimnica.lv\/en\/the-east-hospital-is-training-ukrainian-healthcare-professionals-who-will-continue-to-provide-treatment-and-care-for-tuberculosis-patients-in-the-war-torn-country\/#primaryimage"},"image":{"@id":"https:\/\/aslimnica.lv\/en\/the-east-hospital-is-training-ukrainian-healthcare-professionals-who-will-continue-to-provide-treatment-and-care-for-tuberculosis-patients-in-the-war-torn-country\/#primaryimage"},"thumbnailUrl":"https:\/\/aslimnica.lv\/wp-content\/uploads\/2024\/04\/Aslimnica_tuberkulozes_ierob_macibas9.04.2024.jpg","datePublished":"2024-04-30T10:39:47+00:00","breadcrumb":{"@id":"https:\/\/aslimnica.lv\/en\/the-east-hospital-is-training-ukrainian-healthcare-professionals-who-will-continue-to-provide-treatment-and-care-for-tuberculosis-patients-in-the-war-torn-country\/#breadcrumb"},"inLanguage":"en-US","potentialAction":[{"@type":"ReadAction","target":["https:\/\/aslimnica.lv\/en\/the-east-hospital-is-training-ukrainian-healthcare-professionals-who-will-continue-to-provide-treatment-and-care-for-tuberculosis-patients-in-the-war-torn-country\/"]}]},{"@type":"ImageObject","inLanguage":"en-US","@id":"https:\/\/aslimnica.lv\/en\/the-east-hospital-is-training-ukrainian-healthcare-professionals-who-will-continue-to-provide-treatment-and-care-for-tuberculosis-patients-in-the-war-torn-country\/#primaryimage","url":"https:\/\/aslimnica.lv\/wp-content\/uploads\/2024\/04\/Aslimnica_tuberkulozes_ierob_macibas9.04.2024.jpg","contentUrl":"https:\/\/aslimnica.lv\/wp-content\/uploads\/2024\/04\/Aslimnica_tuberkulozes_ierob_macibas9.04.2024.jpg","width":1600,"height":976},{"@type":"BreadcrumbList","@id":"https:\/\/aslimnica.lv\/en\/the-east-hospital-is-training-ukrainian-healthcare-professionals-who-will-continue-to-provide-treatment-and-care-for-tuberculosis-patients-in-the-war-torn-country\/#breadcrumb","itemListElement":[{"@type":"ListItem","position":1,"name":"Home","item":"https:\/\/aslimnica.lv\/en\/"},{"@type":"ListItem","position":2,"name":"The East Hospital is training Ukrainian healthcare professionals who will continue to provide treatment and care for tuberculosis patients in the war-torn country"}]},{"@type":"WebSite","@id":"https:\/\/aslimnica.lv\/en\/#website","url":"https:\/\/aslimnica.lv\/en\/","name":"aSlimn\u012bca","description":"R\u012bgas Austrumu k\u012bnisk\u0101 universit\u0101tes slimn\u012bca","potentialAction":[{"@type":"SearchAction","target":{"@type":"EntryPoint","urlTemplate":"https:\/\/aslimnica.lv\/en\/?s={search_term_string}"},"query-input":{"@type":"PropertyValueSpecification","valueRequired":true,"valueName":"search_term_string"}}],"inLanguage":"en-US"}]}},"_links":{"self":[{"href":"https:\/\/aslimnica.lv\/en\/wp-json\/wp\/v2\/pages\/61544","targetHints":{"allow":["GET"]}}],"collection":[{"href":"https:\/\/aslimnica.lv\/en\/wp-json\/wp\/v2\/pages"}],"about":[{"href":"https:\/\/aslimnica.lv\/en\/wp-json\/wp\/v2\/types\/page"}],"author":[{"embeddable":true,"href":"https:\/\/aslimnica.lv\/en\/wp-json\/wp\/v2\/users\/49"}],"replies":[{"embeddable":true,"href":"https:\/\/aslimnica.lv\/en\/wp-json\/wp\/v2\/comments?post=61544"}],"version-history":[{"count":1,"href":"https:\/\/aslimnica.lv\/en\/wp-json\/wp\/v2\/pages\/61544\/revisions"}],"predecessor-version":[{"id":61545,"href":"https:\/\/aslimnica.lv\/en\/wp-json\/wp\/v2\/pages\/61544\/revisions\/61545"}],"wp:featuredmedia":[{"embeddable":true,"href":"https:\/\/aslimnica.lv\/en\/wp-json\/wp\/v2\/media\/60861"}],"wp:attachment":[{"href":"https:\/\/aslimnica.lv\/en\/wp-json\/wp\/v2\/media?parent=61544"}],"curies":[{"name":"wp","href":"https:\/\/api.w.org\/{rel}","templated":true}]}}