{"id":58736,"date":"2024-02-01T14:44:13","date_gmt":"2024-02-01T12:44:13","guid":{"rendered":"https:\/\/aslimnica.lv\/?page_id=58736"},"modified":"2024-02-01T14:52:21","modified_gmt":"2024-02-01T12:52:21","slug":"representatives-of-cancer-patient-associations-appreciate-the-new-facilities-of-the-expanded-chemotherapy-day-hospital-at-the-riga-east-university-hospital","status":"publish","type":"page","link":"https:\/\/aslimnica.lv\/en\/representatives-of-cancer-patient-associations-appreciate-the-new-facilities-of-the-expanded-chemotherapy-day-hospital-at-the-riga-east-university-hospital\/","title":{"rendered":"Representatives of cancer patient associations appreciate the new facilities of the expanded Chemotherapy Day Hospital at the Riga East University Hospital"},"content":{"rendered":"<p><strong>While visiting the expanded Chemotherapy Day Hospital of the inpatient facility \u201cLatvian Oncology Centre\u201d at the Riga East University Hospital (hereinafter \u2013 the East Hospital), representatives of cancer patient associations commended the hospital for the newly constructed facilities, acknowledging that a bright, spacious, and discreet environment is extremely important when receiving chemotherapy drugs. In the newly expanded Chemotherapy Day Hospital, treatment for 30% more patients than before will gradually be provided, thereby significantly expanding treatment opportunities.<\/strong><\/p>\n<p><strong> <a href=\"https:\/\/aslimnica.lv\/wp-content\/uploads\/2024\/01\/MV_05957-scaled.jpg\"><img loading=\"lazy\" decoding=\"async\" class=\"alignnone size-large wp-image-58655\" src=\"https:\/\/aslimnica.lv\/wp-content\/uploads\/2024\/01\/MV_05957-1024x614.jpg\" alt=\"\" width=\"1024\" height=\"614\" srcset=\"https:\/\/aslimnica.lv\/wp-content\/uploads\/2024\/01\/MV_05957-1024x614.jpg 1024w, https:\/\/aslimnica.lv\/wp-content\/uploads\/2024\/01\/MV_05957-300x180.jpg 300w, https:\/\/aslimnica.lv\/wp-content\/uploads\/2024\/01\/MV_05957-768x460.jpg 768w, https:\/\/aslimnica.lv\/wp-content\/uploads\/2024\/01\/MV_05957-1536x920.jpg 1536w, https:\/\/aslimnica.lv\/wp-content\/uploads\/2024\/01\/MV_05957-2048x1227.jpg 2048w, https:\/\/aslimnica.lv\/wp-content\/uploads\/2024\/01\/MV_05957-1400x839.jpg 1400w, https:\/\/aslimnica.lv\/wp-content\/uploads\/2024\/01\/MV_05957-517x310.jpg 517w, https:\/\/aslimnica.lv\/wp-content\/uploads\/2024\/01\/MV_05957-310x186.jpg 310w, https:\/\/aslimnica.lv\/wp-content\/uploads\/2024\/01\/MV_05957-700x419.jpg 700w\" sizes=\"auto, (max-width: 1024px) 100vw, 1024px\" \/><\/a><\/strong><\/p>\n<p>In the presence of Prime Minister Evika Sili\u0146a, Minister for Health Houssam Abou Merhi, the hospital board, heads of inpatient facilities and clinics, patient representatives, doctors, nursing staff, and other employees, the newly constructed facilities of the Chemotherapy Day Hospital were inaugurated on 26\u00a0January\u00a02024. <strong>\u00a0<\/strong>As a result of the implementation of the project, the previous number of 50\u00a0recliners in the inpatient facility has increased to 69, with recliners now conforming to modern standards, providing comfort, and specially adapted for patients in the specific medical profile. The staff, including doctors, nurses, and support personnel, on the other hand, are now able to work in modern and functional facilities, while visitors have access to more spacious and comfortable common areas.<\/p>\n<p><a href=\"https:\/\/aslimnica.lv\/wp-content\/uploads\/2024\/01\/20240129_111950-scaled.jpg\"><img loading=\"lazy\" decoding=\"async\" class=\"alignnone size-large wp-image-58640\" src=\"https:\/\/aslimnica.lv\/wp-content\/uploads\/2024\/01\/20240129_111950-1024x685.jpg\" alt=\"\" width=\"1024\" height=\"685\" srcset=\"https:\/\/aslimnica.lv\/wp-content\/uploads\/2024\/01\/20240129_111950-1024x685.jpg 1024w, https:\/\/aslimnica.lv\/wp-content\/uploads\/2024\/01\/20240129_111950-300x201.jpg 300w, https:\/\/aslimnica.lv\/wp-content\/uploads\/2024\/01\/20240129_111950-768x514.jpg 768w, https:\/\/aslimnica.lv\/wp-content\/uploads\/2024\/01\/20240129_111950-1536x1027.jpg 1536w, https:\/\/aslimnica.lv\/wp-content\/uploads\/2024\/01\/20240129_111950-2048x1370.jpg 2048w, https:\/\/aslimnica.lv\/wp-content\/uploads\/2024\/01\/20240129_111950-1400x936.jpg 1400w, https:\/\/aslimnica.lv\/wp-content\/uploads\/2024\/01\/20240129_111950-464x310.jpg 464w, https:\/\/aslimnica.lv\/wp-content\/uploads\/2024\/01\/20240129_111950-310x207.jpg 310w, https:\/\/aslimnica.lv\/wp-content\/uploads\/2024\/01\/20240129_111950-700x468.jpg 700w\" sizes=\"auto, (max-width: 1024px) 100vw, 1024px\" \/><\/a><\/p>\n<p>Having acquainted themselves with the newly inaugurated facilities, representatives of cancer patient society, <strong>Edgars \u0100boli\u0146\u0161<\/strong>, <strong>L\u0101sma Nikolaisone<\/strong>, and <strong>Nade\u017eda Bari\u0161ovska<\/strong>, commended the hospital. They emphasized that a bright, spacious, and discreet treatment environment is extremely important when receiving chemotherapy drugs. A positive environment helps alleviate the side effects of drugs and build faith in recovering from an oncological disease.<\/p>\n<p><img loading=\"lazy\" decoding=\"async\" class=\"\" src=\"https:\/\/aslimnica.lv\/wp-content\/uploads\/2021\/04\/MV_09456n-scaled.jpg\" width=\"223\" height=\"350\" \/><\/p>\n<p>Associate Professor <strong>Iveta Kudaba<\/strong>, the head of the Chemotherapy Day Hospital, introduced the members of patient associations with the stages of a patient\u2019s pathway in the expanded inpatient facility. It begins with bright and spacious front desk areas and continues with treatment rooms equipped with ergonomic and functional equipment for both patients and the nurses who will take care of the patients. Additionally, representatives of patient organizations had the opportunity to see the facilities intended for the staff, nurse workstations, as well as a specially designed summer garden that creates a positive atmosphere where every patient or employee can sit down on benches and enjoy fresh air, surrounded by trees and flowers.<\/p>\n<p><a href=\"https:\/\/aslimnica.lv\/wp-content\/uploads\/2024\/01\/Profesors_Haralds_Plaudis.jpg\"><img loading=\"lazy\" decoding=\"async\" class=\"alignnone wp-image-58000\" src=\"https:\/\/aslimnica.lv\/wp-content\/uploads\/2024\/01\/Profesors_Haralds_Plaudis-646x1024.jpg\" alt=\"\" width=\"216\" height=\"342\" srcset=\"https:\/\/aslimnica.lv\/wp-content\/uploads\/2024\/01\/Profesors_Haralds_Plaudis-646x1024.jpg 646w, https:\/\/aslimnica.lv\/wp-content\/uploads\/2024\/01\/Profesors_Haralds_Plaudis-189x300.jpg 189w, https:\/\/aslimnica.lv\/wp-content\/uploads\/2024\/01\/Profesors_Haralds_Plaudis-768x1217.jpg 768w, https:\/\/aslimnica.lv\/wp-content\/uploads\/2024\/01\/Profesors_Haralds_Plaudis-970x1536.jpg 970w, https:\/\/aslimnica.lv\/wp-content\/uploads\/2024\/01\/Profesors_Haralds_Plaudis-196x310.jpg 196w, https:\/\/aslimnica.lv\/wp-content\/uploads\/2024\/01\/Profesors_Haralds_Plaudis-246x390.jpg 246w, https:\/\/aslimnica.lv\/wp-content\/uploads\/2024\/01\/Profesors_Haralds_Plaudis-700x1109.jpg 700w, https:\/\/aslimnica.lv\/wp-content\/uploads\/2024\/01\/Profesors_Haralds_Plaudis.jpg 1010w\" sizes=\"auto, (max-width: 216px) 100vw, 216px\" \/><\/a><\/p>\n<p>Board Member of the East Hospital, Professor <strong>Haralds Plaudis<\/strong>, welcomed the opportunity to meet with representatives of patient organizations to show them the new and bright facilities deliberately designed with healing architectural elements.<\/p>\n<p><img loading=\"lazy\" decoding=\"async\" class=\"\" src=\"https:\/\/aslimnica.lv\/wp-content\/uploads\/2021\/05\/Sandra-Lejniece-scaled.jpg\" width=\"210\" height=\"349\" \/><\/p>\n<p>Meanwhile, Professor <strong>Sandra Lejniece<\/strong>, the head of the Chemotherapy and Haematology Clinic, informed those present about the progress in establishing the national cancer centre. This includes ongoing efforts by experts at the East Hospital to create patient pathways and take on the methodological leadership in cancer treatment. The goal is to ensure that every cancer patient receives treatment based on the latest guidelines as close to their place of residence and familiar environment as possible.<\/p>\n<p><a href=\"https:\/\/aslimnica.lv\/wp-content\/uploads\/2023\/04\/I-budzila-scaled.jpg\"><img loading=\"lazy\" decoding=\"async\" class=\"alignnone wp-image-48760\" src=\"https:\/\/aslimnica.lv\/wp-content\/uploads\/2023\/04\/I-budzila-674x1024.jpg\" alt=\"\" width=\"209\" height=\"317\" srcset=\"https:\/\/aslimnica.lv\/wp-content\/uploads\/2023\/04\/I-budzila-674x1024.jpg 674w, https:\/\/aslimnica.lv\/wp-content\/uploads\/2023\/04\/I-budzila-197x300.jpg 197w, https:\/\/aslimnica.lv\/wp-content\/uploads\/2023\/04\/I-budzila-768x1167.jpg 768w, https:\/\/aslimnica.lv\/wp-content\/uploads\/2023\/04\/I-budzila-1011x1536.jpg 1011w, https:\/\/aslimnica.lv\/wp-content\/uploads\/2023\/04\/I-budzila-1348x2048.jpg 1348w, https:\/\/aslimnica.lv\/wp-content\/uploads\/2023\/04\/I-budzila-1400x2127.jpg 1400w, https:\/\/aslimnica.lv\/wp-content\/uploads\/2023\/04\/I-budzila-204x310.jpg 204w, https:\/\/aslimnica.lv\/wp-content\/uploads\/2023\/04\/I-budzila-257x390.jpg 257w, https:\/\/aslimnica.lv\/wp-content\/uploads\/2023\/04\/I-budzila-700x1063.jpg 700w, https:\/\/aslimnica.lv\/wp-content\/uploads\/2023\/04\/I-budzila-scaled.jpg 1685w\" sizes=\"auto, (max-width: 209px) 100vw, 209px\" \/><\/a><\/p>\n<p>The Care Unit Director <strong>Inese Budzila<\/strong> shared insights into the increasingly important role of nurses and their involvement in ensuring the treatment and care processes. She provided a detailed explanation of the provision of chemotherapy patient care, including education, information dissemination, and addressing patients\u2019 important questions at each stage of patient treatment and care in the new facilities.<\/p>\n<p>At the conclusion of the meeting, representatives of cancer patient associations posed questions and engaged in discussions with the East Hospital\u2019s doctors, nursing staff, and other specialists, covering current issues and putting forward various suggestions.<\/p>\n<p>The representatives of the Eastern Hospital were pleased with the meeting and discussion, which will allow improving the care of chemotherapy patients.<\/p>\n<p><a href=\"https:\/\/aslimnica.lv\/wp-content\/uploads\/2024\/01\/20240129_111823-scaled.jpg\"><img loading=\"lazy\" decoding=\"async\" class=\"alignnone size-large wp-image-58637\" src=\"https:\/\/aslimnica.lv\/wp-content\/uploads\/2024\/01\/20240129_111823-1024x658.jpg\" alt=\"\" width=\"1024\" height=\"658\" srcset=\"https:\/\/aslimnica.lv\/wp-content\/uploads\/2024\/01\/20240129_111823-1024x658.jpg 1024w, https:\/\/aslimnica.lv\/wp-content\/uploads\/2024\/01\/20240129_111823-300x193.jpg 300w, https:\/\/aslimnica.lv\/wp-content\/uploads\/2024\/01\/20240129_111823-768x494.jpg 768w, https:\/\/aslimnica.lv\/wp-content\/uploads\/2024\/01\/20240129_111823-1536x988.jpg 1536w, https:\/\/aslimnica.lv\/wp-content\/uploads\/2024\/01\/20240129_111823-2048x1317.jpg 2048w, https:\/\/aslimnica.lv\/wp-content\/uploads\/2024\/01\/20240129_111823-1400x900.jpg 1400w, https:\/\/aslimnica.lv\/wp-content\/uploads\/2024\/01\/20240129_111823-482x310.jpg 482w, https:\/\/aslimnica.lv\/wp-content\/uploads\/2024\/01\/20240129_111823-310x199.jpg 310w, https:\/\/aslimnica.lv\/wp-content\/uploads\/2024\/01\/20240129_111823-700x450.jpg 700w\" sizes=\"auto, (max-width: 1024px) 100vw, 1024px\" \/><\/a><\/p>\n<p>The expansion and renovation of the Chemotherapy Day Hospital of the facility \u201cLatvian Oncology Centre\u201d at the East Hospital commenced in June\u00a02023. The expansion of facilities covered an area of 5856\u00a0square metres. During the renovation of the inpatient facility, special focus was given to the compliance with epidemiological requirements. It was also important to ensure that both patients and the staff feel comfortable while maintaining discretion. During the implementation of the project, more comfortable nurse stations were created, equipped with modern medical technology devices and solutions. The project seeks to provide various ergonomic and functional connections of facilities that, when necessary, enable the prompt assistance.<\/p>\n<p><a href=\"https:\/\/aslimnica.lv\/wp-content\/uploads\/2024\/01\/20240126_124531-scaled.jpg\"><img loading=\"lazy\" decoding=\"async\" class=\"alignnone size-large wp-image-58628\" src=\"https:\/\/aslimnica.lv\/wp-content\/uploads\/2024\/01\/20240126_124531-1024x768.jpg\" alt=\"\" width=\"1024\" height=\"768\" srcset=\"https:\/\/aslimnica.lv\/wp-content\/uploads\/2024\/01\/20240126_124531-1024x768.jpg 1024w, https:\/\/aslimnica.lv\/wp-content\/uploads\/2024\/01\/20240126_124531-300x225.jpg 300w, https:\/\/aslimnica.lv\/wp-content\/uploads\/2024\/01\/20240126_124531-768x576.jpg 768w, https:\/\/aslimnica.lv\/wp-content\/uploads\/2024\/01\/20240126_124531-1536x1152.jpg 1536w, https:\/\/aslimnica.lv\/wp-content\/uploads\/2024\/01\/20240126_124531-2048x1536.jpg 2048w, https:\/\/aslimnica.lv\/wp-content\/uploads\/2024\/01\/20240126_124531-1400x1050.jpg 1400w, https:\/\/aslimnica.lv\/wp-content\/uploads\/2024\/01\/20240126_124531-413x310.jpg 413w, https:\/\/aslimnica.lv\/wp-content\/uploads\/2024\/01\/20240126_124531-310x233.jpg 310w, https:\/\/aslimnica.lv\/wp-content\/uploads\/2024\/01\/20240126_124531-700x525.jpg 700w\" sizes=\"auto, (max-width: 1024px) 100vw, 1024px\" \/><\/a>The expansion of the Chemotherapy Day Hospital took place within the framework of the ERDF project No.\u00a09.3.2.0\/21\/I\/001 \u201cDevelopment of Infrastructure of the Building of SIA \u201cR\u012bgas Austrumu kl\u012bnisk\u0101 universit\u0101tes slimn\u012bca\u201d [<em>Riga East University Hospital<\/em>] at Hipokr\u0101ta iela\u00a04\u201d, with the total cost of EUR\u00a02\u00a0996\u00a0872.47, including the funding from the European Regional Development Fund amounting to EUR\u00a02\u00a0547\u00a0341.60 and the funding from the Latvian State budget amounting to EUR\u00a0269\u00a0718.52.<\/p>\n<hr \/>\n<p><strong><em>About the East Hospital\u00a0 <\/em><\/strong><\/p>\n<p>The Riga East University Hospital is the largest and strategically significant multi-profile hospital in the country. The hospital consists of five inpatient facilities\u00a0\u2013 \u201cGai\u013cezers\u201d, \u201cLatvian Oncology Centre\u201d , \u201cBi\u0137ernieki\u201d, \u201cTuberculosis and Lung Disease Centre\u201d, and \u201cLatvian Infectious Diseases Centre\u201d, along with various specialised centres and clinics. The hospital provides highly specialised inpatient and secondary outpatient healthcare, offering multidisciplinary tertiary-level treatment and care in line with modern technology and medical knowledge. Approximately 80% of all cancer patients in Latvia are treated at the hospital. It serves as a practical training base for both Latvian educational institutions and foreign students, providing further education and knowledge transfer to healthcare specialists within and beyond the country. The hospital engages in scientific research and develops innovative methods for patient treatment. As the third-largest employer in the country, the hospital employs around 5000\u00a0staff members.<\/p>\n","protected":false},"excerpt":{"rendered":"<p>While visiting the expanded Chemotherapy Day Hospital of the inpatient facility \u201cLatvian Oncology Centre\u201d at the Riga East University Hospital (hereinafter \u2013 the East Hospital), representatives of cancer patient associations commended the hospital for the newly constructed facilities, acknowledging that a bright, spacious, and discreet environment is extremely important when receiving chemotherapy drugs. In the<\/p>\n","protected":false},"author":49,"featured_media":0,"parent":0,"menu_order":0,"comment_status":"closed","ping_status":"closed","template":"","meta":{"_acf_changed":false,"inline_featured_image":false,"footnotes":""},"class_list":["post-58736","page","type-page","status-publish","hentry"],"acf":[],"yoast_head":"<!-- This site is optimized with the Yoast SEO plugin v27.1.1 - https:\/\/yoast.com\/product\/yoast-seo-wordpress\/ -->\n<title>Representatives of cancer patient associations appreciate the new facilities of the expanded Chemotherapy Day Hospital at the Riga East University Hospital - aSlimn\u012bca<\/title>\n<meta name=\"robots\" content=\"index, follow, max-snippet:-1, max-image-preview:large, max-video-preview:-1\" \/>\n<link rel=\"canonical\" href=\"https:\/\/aslimnica.lv\/en\/representatives-of-cancer-patient-associations-appreciate-the-new-facilities-of-the-expanded-chemotherapy-day-hospital-at-the-riga-east-university-hospital\/\" \/>\n<meta property=\"og:locale\" content=\"en_US\" \/>\n<meta property=\"og:type\" content=\"article\" \/>\n<meta property=\"og:title\" content=\"Representatives of cancer patient associations appreciate the new facilities of the expanded Chemotherapy Day Hospital at the Riga East University Hospital - aSlimn\u012bca\" \/>\n<meta property=\"og:description\" content=\"While visiting the expanded Chemotherapy Day Hospital of the inpatient facility \u201cLatvian Oncology Centre\u201d at the Riga East University Hospital (hereinafter \u2013 the East Hospital), representatives of cancer patient associations commended the hospital for the newly constructed facilities, acknowledging that a bright, spacious, and discreet environment is extremely important when receiving chemotherapy drugs. In the\" \/>\n<meta property=\"og:url\" content=\"https:\/\/aslimnica.lv\/en\/representatives-of-cancer-patient-associations-appreciate-the-new-facilities-of-the-expanded-chemotherapy-day-hospital-at-the-riga-east-university-hospital\/\" \/>\n<meta property=\"og:site_name\" content=\"aSlimn\u012bca\" \/>\n<meta property=\"article:modified_time\" content=\"2024-02-01T12:52:21+00:00\" \/>\n<meta property=\"og:image\" content=\"https:\/\/aslimnica.lv\/wp-content\/uploads\/2024\/01\/MV_05957-1024x614.jpg\" \/>\n<meta name=\"twitter:card\" content=\"summary_large_image\" \/>\n<meta name=\"twitter:label1\" content=\"Est. reading time\" \/>\n\t<meta name=\"twitter:data1\" content=\"5 minutes\" \/>\n<script type=\"application\/ld+json\" class=\"yoast-schema-graph\">{\"@context\":\"https:\/\/schema.org\",\"@graph\":[{\"@type\":\"WebPage\",\"@id\":\"https:\/\/aslimnica.lv\/en\/representatives-of-cancer-patient-associations-appreciate-the-new-facilities-of-the-expanded-chemotherapy-day-hospital-at-the-riga-east-university-hospital\/\",\"url\":\"https:\/\/aslimnica.lv\/en\/representatives-of-cancer-patient-associations-appreciate-the-new-facilities-of-the-expanded-chemotherapy-day-hospital-at-the-riga-east-university-hospital\/\",\"name\":\"Representatives of cancer patient associations appreciate the new facilities of the expanded Chemotherapy Day Hospital at the Riga East University Hospital - aSlimn\u012bca\",\"isPartOf\":{\"@id\":\"https:\/\/aslimnica.lv\/en\/#website\"},\"primaryImageOfPage\":{\"@id\":\"https:\/\/aslimnica.lv\/en\/representatives-of-cancer-patient-associations-appreciate-the-new-facilities-of-the-expanded-chemotherapy-day-hospital-at-the-riga-east-university-hospital\/#primaryimage\"},\"image\":{\"@id\":\"https:\/\/aslimnica.lv\/en\/representatives-of-cancer-patient-associations-appreciate-the-new-facilities-of-the-expanded-chemotherapy-day-hospital-at-the-riga-east-university-hospital\/#primaryimage\"},\"thumbnailUrl\":\"https:\/\/aslimnica.lv\/wp-content\/uploads\/2024\/01\/MV_05957-1024x614.jpg\",\"datePublished\":\"2024-02-01T12:44:13+00:00\",\"dateModified\":\"2024-02-01T12:52:21+00:00\",\"breadcrumb\":{\"@id\":\"https:\/\/aslimnica.lv\/en\/representatives-of-cancer-patient-associations-appreciate-the-new-facilities-of-the-expanded-chemotherapy-day-hospital-at-the-riga-east-university-hospital\/#breadcrumb\"},\"inLanguage\":\"en-US\",\"potentialAction\":[{\"@type\":\"ReadAction\",\"target\":[\"https:\/\/aslimnica.lv\/en\/representatives-of-cancer-patient-associations-appreciate-the-new-facilities-of-the-expanded-chemotherapy-day-hospital-at-the-riga-east-university-hospital\/\"]}]},{\"@type\":\"ImageObject\",\"inLanguage\":\"en-US\",\"@id\":\"https:\/\/aslimnica.lv\/en\/representatives-of-cancer-patient-associations-appreciate-the-new-facilities-of-the-expanded-chemotherapy-day-hospital-at-the-riga-east-university-hospital\/#primaryimage\",\"url\":\"https:\/\/aslimnica.lv\/wp-content\/uploads\/2024\/01\/MV_05957-1024x614.jpg\",\"contentUrl\":\"https:\/\/aslimnica.lv\/wp-content\/uploads\/2024\/01\/MV_05957-1024x614.jpg\"},{\"@type\":\"BreadcrumbList\",\"@id\":\"https:\/\/aslimnica.lv\/en\/representatives-of-cancer-patient-associations-appreciate-the-new-facilities-of-the-expanded-chemotherapy-day-hospital-at-the-riga-east-university-hospital\/#breadcrumb\",\"itemListElement\":[{\"@type\":\"ListItem\",\"position\":1,\"name\":\"Home\",\"item\":\"https:\/\/aslimnica.lv\/en\/\"},{\"@type\":\"ListItem\",\"position\":2,\"name\":\"Representatives of cancer patient associations appreciate the new facilities of the expanded Chemotherapy Day Hospital at the Riga East University Hospital\"}]},{\"@type\":\"WebSite\",\"@id\":\"https:\/\/aslimnica.lv\/en\/#website\",\"url\":\"https:\/\/aslimnica.lv\/en\/\",\"name\":\"aSlimn\u012bca\",\"description\":\"R\u012bgas Austrumu k\u012bnisk\u0101 universit\u0101tes slimn\u012bca\",\"potentialAction\":[{\"@type\":\"SearchAction\",\"target\":{\"@type\":\"EntryPoint\",\"urlTemplate\":\"https:\/\/aslimnica.lv\/en\/?s={search_term_string}\"},\"query-input\":{\"@type\":\"PropertyValueSpecification\",\"valueRequired\":true,\"valueName\":\"search_term_string\"}}],\"inLanguage\":\"en-US\"}]}<\/script>\n<!-- \/ Yoast SEO plugin. -->","yoast_head_json":{"title":"Representatives of cancer patient associations appreciate the new facilities of the expanded Chemotherapy Day Hospital at the Riga East University Hospital - aSlimn\u012bca","robots":{"index":"index","follow":"follow","max-snippet":"max-snippet:-1","max-image-preview":"max-image-preview:large","max-video-preview":"max-video-preview:-1"},"canonical":"https:\/\/aslimnica.lv\/en\/representatives-of-cancer-patient-associations-appreciate-the-new-facilities-of-the-expanded-chemotherapy-day-hospital-at-the-riga-east-university-hospital\/","og_locale":"en_US","og_type":"article","og_title":"Representatives of cancer patient associations appreciate the new facilities of the expanded Chemotherapy Day Hospital at the Riga East University Hospital - aSlimn\u012bca","og_description":"While visiting the expanded Chemotherapy Day Hospital of the inpatient facility \u201cLatvian Oncology Centre\u201d at the Riga East University Hospital (hereinafter \u2013 the East Hospital), representatives of cancer patient associations commended the hospital for the newly constructed facilities, acknowledging that a bright, spacious, and discreet environment is extremely important when receiving chemotherapy drugs. In the","og_url":"https:\/\/aslimnica.lv\/en\/representatives-of-cancer-patient-associations-appreciate-the-new-facilities-of-the-expanded-chemotherapy-day-hospital-at-the-riga-east-university-hospital\/","og_site_name":"aSlimn\u012bca","article_modified_time":"2024-02-01T12:52:21+00:00","og_image":[{"url":"https:\/\/aslimnica.lv\/wp-content\/uploads\/2024\/01\/MV_05957-1024x614.jpg","type":"","width":"","height":""}],"twitter_card":"summary_large_image","twitter_misc":{"Est. reading time":"5 minutes"},"schema":{"@context":"https:\/\/schema.org","@graph":[{"@type":"WebPage","@id":"https:\/\/aslimnica.lv\/en\/representatives-of-cancer-patient-associations-appreciate-the-new-facilities-of-the-expanded-chemotherapy-day-hospital-at-the-riga-east-university-hospital\/","url":"https:\/\/aslimnica.lv\/en\/representatives-of-cancer-patient-associations-appreciate-the-new-facilities-of-the-expanded-chemotherapy-day-hospital-at-the-riga-east-university-hospital\/","name":"Representatives of cancer patient associations appreciate the new facilities of the expanded Chemotherapy Day Hospital at the Riga East University Hospital - aSlimn\u012bca","isPartOf":{"@id":"https:\/\/aslimnica.lv\/en\/#website"},"primaryImageOfPage":{"@id":"https:\/\/aslimnica.lv\/en\/representatives-of-cancer-patient-associations-appreciate-the-new-facilities-of-the-expanded-chemotherapy-day-hospital-at-the-riga-east-university-hospital\/#primaryimage"},"image":{"@id":"https:\/\/aslimnica.lv\/en\/representatives-of-cancer-patient-associations-appreciate-the-new-facilities-of-the-expanded-chemotherapy-day-hospital-at-the-riga-east-university-hospital\/#primaryimage"},"thumbnailUrl":"https:\/\/aslimnica.lv\/wp-content\/uploads\/2024\/01\/MV_05957-1024x614.jpg","datePublished":"2024-02-01T12:44:13+00:00","dateModified":"2024-02-01T12:52:21+00:00","breadcrumb":{"@id":"https:\/\/aslimnica.lv\/en\/representatives-of-cancer-patient-associations-appreciate-the-new-facilities-of-the-expanded-chemotherapy-day-hospital-at-the-riga-east-university-hospital\/#breadcrumb"},"inLanguage":"en-US","potentialAction":[{"@type":"ReadAction","target":["https:\/\/aslimnica.lv\/en\/representatives-of-cancer-patient-associations-appreciate-the-new-facilities-of-the-expanded-chemotherapy-day-hospital-at-the-riga-east-university-hospital\/"]}]},{"@type":"ImageObject","inLanguage":"en-US","@id":"https:\/\/aslimnica.lv\/en\/representatives-of-cancer-patient-associations-appreciate-the-new-facilities-of-the-expanded-chemotherapy-day-hospital-at-the-riga-east-university-hospital\/#primaryimage","url":"https:\/\/aslimnica.lv\/wp-content\/uploads\/2024\/01\/MV_05957-1024x614.jpg","contentUrl":"https:\/\/aslimnica.lv\/wp-content\/uploads\/2024\/01\/MV_05957-1024x614.jpg"},{"@type":"BreadcrumbList","@id":"https:\/\/aslimnica.lv\/en\/representatives-of-cancer-patient-associations-appreciate-the-new-facilities-of-the-expanded-chemotherapy-day-hospital-at-the-riga-east-university-hospital\/#breadcrumb","itemListElement":[{"@type":"ListItem","position":1,"name":"Home","item":"https:\/\/aslimnica.lv\/en\/"},{"@type":"ListItem","position":2,"name":"Representatives of cancer patient associations appreciate the new facilities of the expanded Chemotherapy Day Hospital at the Riga East University Hospital"}]},{"@type":"WebSite","@id":"https:\/\/aslimnica.lv\/en\/#website","url":"https:\/\/aslimnica.lv\/en\/","name":"aSlimn\u012bca","description":"R\u012bgas Austrumu k\u012bnisk\u0101 universit\u0101tes slimn\u012bca","potentialAction":[{"@type":"SearchAction","target":{"@type":"EntryPoint","urlTemplate":"https:\/\/aslimnica.lv\/en\/?s={search_term_string}"},"query-input":{"@type":"PropertyValueSpecification","valueRequired":true,"valueName":"search_term_string"}}],"inLanguage":"en-US"}]}},"_links":{"self":[{"href":"https:\/\/aslimnica.lv\/en\/wp-json\/wp\/v2\/pages\/58736","targetHints":{"allow":["GET"]}}],"collection":[{"href":"https:\/\/aslimnica.lv\/en\/wp-json\/wp\/v2\/pages"}],"about":[{"href":"https:\/\/aslimnica.lv\/en\/wp-json\/wp\/v2\/types\/page"}],"author":[{"embeddable":true,"href":"https:\/\/aslimnica.lv\/en\/wp-json\/wp\/v2\/users\/49"}],"replies":[{"embeddable":true,"href":"https:\/\/aslimnica.lv\/en\/wp-json\/wp\/v2\/comments?post=58736"}],"version-history":[{"count":4,"href":"https:\/\/aslimnica.lv\/en\/wp-json\/wp\/v2\/pages\/58736\/revisions"}],"predecessor-version":[{"id":58740,"href":"https:\/\/aslimnica.lv\/en\/wp-json\/wp\/v2\/pages\/58736\/revisions\/58740"}],"wp:attachment":[{"href":"https:\/\/aslimnica.lv\/en\/wp-json\/wp\/v2\/media?parent=58736"}],"curies":[{"name":"wp","href":"https:\/\/api.w.org\/{rel}","templated":true}]}}