{"id":58715,"date":"2024-02-01T11:35:37","date_gmt":"2024-02-01T09:35:37","guid":{"rendered":"https:\/\/aslimnica.lv\/?page_id=58715"},"modified":"2024-02-01T11:35:37","modified_gmt":"2024-02-01T09:35:37","slug":"for-the-tenth-time-severely-injured-ukraine-war-victims-have-arrived-for-treatment-at-the-riga-east-university-hospital","status":"publish","type":"page","link":"https:\/\/aslimnica.lv\/en\/for-the-tenth-time-severely-injured-ukraine-war-victims-have-arrived-for-treatment-at-the-riga-east-university-hospital\/","title":{"rendered":"For the tenth time, severely injured Ukraine war victims have arrived for treatment at the Riga East University Hospital"},"content":{"rendered":"<p><strong>In The Emergency Medicine and Patient Admission Clinic of <\/strong><strong>Riga East University Hospital<\/strong><strong> (hereinafter\u00a0\u2013 the East Hospital), individuals severely affected by the war in Ukraine have been admitted for the tenth time, brought in by the aid bus organized through the charity project M-Help.com. This time, 25\u00a0injured individuals made the long journey to Latvia, including a twelve-year-old child who will undergo further treatment at the Children\u2019s Clinical University Hospital, as well as two patients who have been in captivity and subjected to torture. <\/strong><\/p>\n<p><strong><a href=\"https:\/\/aslimnica.lv\/wp-content\/uploads\/2024\/02\/Visnakovs.png\"><img loading=\"lazy\" decoding=\"async\" class=\"alignnone wp-image-58716 size-full\" src=\"https:\/\/aslimnica.lv\/wp-content\/uploads\/2024\/02\/Visnakovs.png\" alt=\"\" width=\"283\" height=\"430\" srcset=\"https:\/\/aslimnica.lv\/wp-content\/uploads\/2024\/02\/Visnakovs.png 283w, https:\/\/aslimnica.lv\/wp-content\/uploads\/2024\/02\/Visnakovs-197x300.png 197w, https:\/\/aslimnica.lv\/wp-content\/uploads\/2024\/02\/Visnakovs-204x310.png 204w, https:\/\/aslimnica.lv\/wp-content\/uploads\/2024\/02\/Visnakovs-257x390.png 257w\" sizes=\"auto, (max-width: 283px) 100vw, 283px\" \/><\/a><\/strong><\/p>\n<p><strong>Aleksejs Vi\u0161\u0146akovs<\/strong>, the head of the Emergency Medicine and Patient Admission Clinic, pointed out, \u201cIt is crucial to realize that these are severely affected predominantly young individuals who have sustained injuries that are both physical and psycho-emotional consequences of the warfare. Within the framework of this aid programme, the East Hospital provides the necessary multidisciplinary treatment and rehabilitation.\u201d<\/p>\n<p><a href=\"https:\/\/aslimnica.lv\/wp-content\/uploads\/2024\/01\/20240125_161924-1-scaled.jpg\"><img loading=\"lazy\" decoding=\"async\" class=\"alignnone size-large wp-image-58607\" src=\"https:\/\/aslimnica.lv\/wp-content\/uploads\/2024\/01\/20240125_161924-1-768x1024.jpg\" alt=\"\" width=\"768\" height=\"1024\" srcset=\"https:\/\/aslimnica.lv\/wp-content\/uploads\/2024\/01\/20240125_161924-1-768x1024.jpg 768w, https:\/\/aslimnica.lv\/wp-content\/uploads\/2024\/01\/20240125_161924-1-225x300.jpg 225w, https:\/\/aslimnica.lv\/wp-content\/uploads\/2024\/01\/20240125_161924-1-1152x1536.jpg 1152w, https:\/\/aslimnica.lv\/wp-content\/uploads\/2024\/01\/20240125_161924-1-1536x2048.jpg 1536w, https:\/\/aslimnica.lv\/wp-content\/uploads\/2024\/01\/20240125_161924-1-1400x1867.jpg 1400w, https:\/\/aslimnica.lv\/wp-content\/uploads\/2024\/01\/20240125_161924-1-233x310.jpg 233w, https:\/\/aslimnica.lv\/wp-content\/uploads\/2024\/01\/20240125_161924-1-293x390.jpg 293w, https:\/\/aslimnica.lv\/wp-content\/uploads\/2024\/01\/20240125_161924-1-700x933.jpg 700w, https:\/\/aslimnica.lv\/wp-content\/uploads\/2024\/01\/20240125_161924-1-scaled.jpg 1920w\" sizes=\"auto, (max-width: 768px) 100vw, 768px\" \/><\/a><\/p>\n<p>For the tenth time, Ukrainian soldiers severely affected by the Russian war against Ukraine have been brought to the East Hospital with the aid bus organized by the charity project M-Help.com. After examinations and health assessments at the Emergency Medicine and Patient Admission Clinic, six of them continue treatment at the East Hospital, while the rest, depending on the nature of their injuries, have been transported to other medical institutions in Latvia.<\/p>\n<p><a href=\"https:\/\/aslimnica.lv\/wp-content\/uploads\/2024\/01\/20240125_162152-1-scaled.jpg\"><img loading=\"lazy\" decoding=\"async\" class=\"alignnone size-large wp-image-58604\" src=\"https:\/\/aslimnica.lv\/wp-content\/uploads\/2024\/01\/20240125_162152-1-768x1024.jpg\" alt=\"\" width=\"768\" height=\"1024\" srcset=\"https:\/\/aslimnica.lv\/wp-content\/uploads\/2024\/01\/20240125_162152-1-768x1024.jpg 768w, https:\/\/aslimnica.lv\/wp-content\/uploads\/2024\/01\/20240125_162152-1-225x300.jpg 225w, https:\/\/aslimnica.lv\/wp-content\/uploads\/2024\/01\/20240125_162152-1-1152x1536.jpg 1152w, https:\/\/aslimnica.lv\/wp-content\/uploads\/2024\/01\/20240125_162152-1-1536x2048.jpg 1536w, https:\/\/aslimnica.lv\/wp-content\/uploads\/2024\/01\/20240125_162152-1-1400x1867.jpg 1400w, https:\/\/aslimnica.lv\/wp-content\/uploads\/2024\/01\/20240125_162152-1-233x310.jpg 233w, https:\/\/aslimnica.lv\/wp-content\/uploads\/2024\/01\/20240125_162152-1-293x390.jpg 293w, https:\/\/aslimnica.lv\/wp-content\/uploads\/2024\/01\/20240125_162152-1-700x933.jpg 700w, https:\/\/aslimnica.lv\/wp-content\/uploads\/2024\/01\/20240125_162152-1-scaled.jpg 1920w\" sizes=\"auto, (max-width: 768px) 100vw, 768px\" \/><\/a><\/p>\n<p>In total, 25\u00a0war victims have made the long journey to Latvia\u2019s largest hospital this time. A multidisciplinary team of medical professionals, including doctors of various specialities and nursing staff, welcomed the patients to the Emergency Medicine and Patient Admission Clinic. Comprehensive health screenings were conducted for all patients, involving various laboratory tests, including the examination for the possible presence of multidrug-resistant infections, as they can rapidly emerge and spread in wartime conditions.<\/p>\n<p><a href=\"https:\/\/aslimnica.lv\/wp-content\/uploads\/2024\/01\/20240125_162908-1-scaled.jpg\"><img loading=\"lazy\" decoding=\"async\" class=\"alignnone size-large wp-image-58601\" src=\"https:\/\/aslimnica.lv\/wp-content\/uploads\/2024\/01\/20240125_162908-1-768x1024.jpg\" alt=\"\" width=\"768\" height=\"1024\" srcset=\"https:\/\/aslimnica.lv\/wp-content\/uploads\/2024\/01\/20240125_162908-1-768x1024.jpg 768w, https:\/\/aslimnica.lv\/wp-content\/uploads\/2024\/01\/20240125_162908-1-225x300.jpg 225w, https:\/\/aslimnica.lv\/wp-content\/uploads\/2024\/01\/20240125_162908-1-1152x1536.jpg 1152w, https:\/\/aslimnica.lv\/wp-content\/uploads\/2024\/01\/20240125_162908-1-1536x2048.jpg 1536w, https:\/\/aslimnica.lv\/wp-content\/uploads\/2024\/01\/20240125_162908-1-1400x1867.jpg 1400w, https:\/\/aslimnica.lv\/wp-content\/uploads\/2024\/01\/20240125_162908-1-233x310.jpg 233w, https:\/\/aslimnica.lv\/wp-content\/uploads\/2024\/01\/20240125_162908-1-293x390.jpg 293w, https:\/\/aslimnica.lv\/wp-content\/uploads\/2024\/01\/20240125_162908-1-700x933.jpg 700w, https:\/\/aslimnica.lv\/wp-content\/uploads\/2024\/01\/20240125_162908-1-scaled.jpg 1920w\" sizes=\"auto, (max-width: 768px) 100vw, 768px\" \/><\/a><\/p>\n<p>To prevent the debilitating consequences of war injuries, six soldiers will receive treatment in specialized clinics at the East Hospital. They will undergo several complex and sequential surgical, microsurgical, and ophthalmological procedures. The injured individuals will be treated in the Traumatology and Orthopaedics Clinic, the General and Emergency Surgery Clinic, the Ophthalmology Clinic, as well as the Rehabilitation Clinic at the East Hospital. Throughout the entire treatment process, physiotherapists, occupational therapists, rehabilitation specialists, and functional experts will work with the patients to facilitate a faster recovery after extensive surgeries. Two patients are to receive targeted psychological assistance, while 13\u00a0patients will be transferred to the National Rehabilitation Centre \u201cVaivari\u201d for further long-term rehabilitation, but three patients will continue their recovery in the Traumatology and Orthopaedics Clinic. Meanwhile, the twelve-year-old child will continue treatment at the Children\u2019s Clinical University Hospital.<\/p>\n<p><a href=\"https:\/\/aslimnica.lv\/wp-content\/uploads\/2023\/09\/MV_01272-scaled.jpg\"><img loading=\"lazy\" decoding=\"async\" class=\"alignnone size-large wp-image-53251\" src=\"https:\/\/aslimnica.lv\/wp-content\/uploads\/2023\/09\/MV_01272-1024x659.jpg\" alt=\"\" width=\"1024\" height=\"659\" srcset=\"https:\/\/aslimnica.lv\/wp-content\/uploads\/2023\/09\/MV_01272-1024x659.jpg 1024w, https:\/\/aslimnica.lv\/wp-content\/uploads\/2023\/09\/MV_01272-300x193.jpg 300w, https:\/\/aslimnica.lv\/wp-content\/uploads\/2023\/09\/MV_01272-768x494.jpg 768w, https:\/\/aslimnica.lv\/wp-content\/uploads\/2023\/09\/MV_01272-1536x988.jpg 1536w, https:\/\/aslimnica.lv\/wp-content\/uploads\/2023\/09\/MV_01272-2048x1318.jpg 2048w, https:\/\/aslimnica.lv\/wp-content\/uploads\/2023\/09\/MV_01272-1400x901.jpg 1400w, https:\/\/aslimnica.lv\/wp-content\/uploads\/2023\/09\/MV_01272-482x310.jpg 482w, https:\/\/aslimnica.lv\/wp-content\/uploads\/2023\/09\/MV_01272-310x199.jpg 310w, https:\/\/aslimnica.lv\/wp-content\/uploads\/2023\/09\/MV_01272-700x450.jpg 700w\" sizes=\"auto, (max-width: 1024px) 100vw, 1024px\" \/><\/a><\/p>\n<p>It is the private initiative by the founders of the charity project M-Help.com, Arvis Rekets and M\u0101rti\u0146\u0161 Medinieks that made it possible to transport the patients affected by the war in Ukraine to the East Hospital. Meanwhile, the Georgy Logvinsky Charity Foundation in Ukraine has equipped and renovated a bus used for the transportation of these patients.<\/p>\n<hr \/>\n<p><strong><em>About the East Hospital\u00a0 <\/em><\/strong><\/p>\n<p>The Riga East University Hospital is the largest and strategically significant multi-profile hospital in the country. The hospital consists of five inpatient facilities\u00a0\u2013 \u201cGai\u013cezers\u201d, \u201cLatvian Oncology Centre\u201d , \u201cBi\u0137ernieki\u201d, \u201cTuberculosis and Lung Disease Centre\u201d, and \u201cLatvian Infectious Diseases Centre\u201d, along with various specialised centres and clinics. The hospital provides highly specialised inpatient and secondary outpatient healthcare, offering multidisciplinary tertiary-level treatment and care in line with modern technology and medical knowledge. Approximately 80% of all cancer patients in Latvia are treated at the hospital. It serves as a practical training base for both Latvian educational institutions and foreign students, providing further education and knowledge transfer to healthcare specialists within and beyond the country. The hospital engages in scientific research and develops innovative methods for patient treatment. As the third-largest employer in the country, the hospital employs around 5000\u00a0staff members.<\/p>\n","protected":false},"excerpt":{"rendered":"<p>In The Emergency Medicine and Patient Admission Clinic of Riga East University Hospital (hereinafter\u00a0\u2013 the East Hospital), individuals severely affected by the war in Ukraine have been admitted for the tenth time, brought in by the aid bus organized through the charity project M-Help.com. This time, 25\u00a0injured individuals made the long journey to Latvia, including<\/p>\n","protected":false},"author":49,"featured_media":0,"parent":0,"menu_order":0,"comment_status":"closed","ping_status":"closed","template":"","meta":{"_acf_changed":false,"inline_featured_image":false,"footnotes":""},"class_list":["post-58715","page","type-page","status-publish","hentry"],"acf":[],"yoast_head":"<!-- This site is optimized with the Yoast SEO plugin v27.1.1 - https:\/\/yoast.com\/product\/yoast-seo-wordpress\/ -->\n<title>For the tenth time, severely injured Ukraine war victims have arrived for treatment at the Riga East University Hospital - aSlimn\u012bca<\/title>\n<meta name=\"robots\" content=\"index, follow, max-snippet:-1, max-image-preview:large, max-video-preview:-1\" \/>\n<link rel=\"canonical\" href=\"https:\/\/aslimnica.lv\/en\/for-the-tenth-time-severely-injured-ukraine-war-victims-have-arrived-for-treatment-at-the-riga-east-university-hospital\/\" \/>\n<meta property=\"og:locale\" content=\"en_US\" \/>\n<meta property=\"og:type\" content=\"article\" \/>\n<meta property=\"og:title\" content=\"For the tenth time, severely injured Ukraine war victims have arrived for treatment at the Riga East University Hospital - aSlimn\u012bca\" \/>\n<meta property=\"og:description\" content=\"In The Emergency Medicine and Patient Admission Clinic of Riga East University Hospital (hereinafter\u00a0\u2013 the East Hospital), individuals severely affected by the war in Ukraine have been admitted for the tenth time, brought in by the aid bus organized through the charity project M-Help.com. This time, 25\u00a0injured individuals made the long journey to Latvia, including\" \/>\n<meta property=\"og:url\" content=\"https:\/\/aslimnica.lv\/en\/for-the-tenth-time-severely-injured-ukraine-war-victims-have-arrived-for-treatment-at-the-riga-east-university-hospital\/\" \/>\n<meta property=\"og:site_name\" content=\"aSlimn\u012bca\" \/>\n<meta property=\"og:image\" content=\"https:\/\/aslimnica.lv\/wp-content\/uploads\/2024\/02\/Visnakovs.png\" \/>\n<meta name=\"twitter:card\" content=\"summary_large_image\" \/>\n<meta name=\"twitter:label1\" content=\"Est. reading time\" \/>\n\t<meta name=\"twitter:data1\" content=\"3 minutes\" \/>\n<script type=\"application\/ld+json\" class=\"yoast-schema-graph\">{\"@context\":\"https:\/\/schema.org\",\"@graph\":[{\"@type\":\"WebPage\",\"@id\":\"https:\/\/aslimnica.lv\/en\/for-the-tenth-time-severely-injured-ukraine-war-victims-have-arrived-for-treatment-at-the-riga-east-university-hospital\/\",\"url\":\"https:\/\/aslimnica.lv\/en\/for-the-tenth-time-severely-injured-ukraine-war-victims-have-arrived-for-treatment-at-the-riga-east-university-hospital\/\",\"name\":\"For the tenth time, severely injured Ukraine war victims have arrived for treatment at the Riga East University Hospital - aSlimn\u012bca\",\"isPartOf\":{\"@id\":\"https:\/\/aslimnica.lv\/en\/#website\"},\"primaryImageOfPage\":{\"@id\":\"https:\/\/aslimnica.lv\/en\/for-the-tenth-time-severely-injured-ukraine-war-victims-have-arrived-for-treatment-at-the-riga-east-university-hospital\/#primaryimage\"},\"image\":{\"@id\":\"https:\/\/aslimnica.lv\/en\/for-the-tenth-time-severely-injured-ukraine-war-victims-have-arrived-for-treatment-at-the-riga-east-university-hospital\/#primaryimage\"},\"thumbnailUrl\":\"https:\/\/aslimnica.lv\/wp-content\/uploads\/2024\/02\/Visnakovs.png\",\"datePublished\":\"2024-02-01T09:35:37+00:00\",\"breadcrumb\":{\"@id\":\"https:\/\/aslimnica.lv\/en\/for-the-tenth-time-severely-injured-ukraine-war-victims-have-arrived-for-treatment-at-the-riga-east-university-hospital\/#breadcrumb\"},\"inLanguage\":\"en-US\",\"potentialAction\":[{\"@type\":\"ReadAction\",\"target\":[\"https:\/\/aslimnica.lv\/en\/for-the-tenth-time-severely-injured-ukraine-war-victims-have-arrived-for-treatment-at-the-riga-east-university-hospital\/\"]}]},{\"@type\":\"ImageObject\",\"inLanguage\":\"en-US\",\"@id\":\"https:\/\/aslimnica.lv\/en\/for-the-tenth-time-severely-injured-ukraine-war-victims-have-arrived-for-treatment-at-the-riga-east-university-hospital\/#primaryimage\",\"url\":\"https:\/\/aslimnica.lv\/wp-content\/uploads\/2024\/02\/Visnakovs.png\",\"contentUrl\":\"https:\/\/aslimnica.lv\/wp-content\/uploads\/2024\/02\/Visnakovs.png\"},{\"@type\":\"BreadcrumbList\",\"@id\":\"https:\/\/aslimnica.lv\/en\/for-the-tenth-time-severely-injured-ukraine-war-victims-have-arrived-for-treatment-at-the-riga-east-university-hospital\/#breadcrumb\",\"itemListElement\":[{\"@type\":\"ListItem\",\"position\":1,\"name\":\"Home\",\"item\":\"https:\/\/aslimnica.lv\/en\/\"},{\"@type\":\"ListItem\",\"position\":2,\"name\":\"For the tenth time, severely injured Ukraine war victims have arrived for treatment at the Riga East University Hospital\"}]},{\"@type\":\"WebSite\",\"@id\":\"https:\/\/aslimnica.lv\/en\/#website\",\"url\":\"https:\/\/aslimnica.lv\/en\/\",\"name\":\"aSlimn\u012bca\",\"description\":\"R\u012bgas Austrumu k\u012bnisk\u0101 universit\u0101tes slimn\u012bca\",\"potentialAction\":[{\"@type\":\"SearchAction\",\"target\":{\"@type\":\"EntryPoint\",\"urlTemplate\":\"https:\/\/aslimnica.lv\/en\/?s={search_term_string}\"},\"query-input\":{\"@type\":\"PropertyValueSpecification\",\"valueRequired\":true,\"valueName\":\"search_term_string\"}}],\"inLanguage\":\"en-US\"}]}<\/script>\n<!-- \/ Yoast SEO plugin. -->","yoast_head_json":{"title":"For the tenth time, severely injured Ukraine war victims have arrived for treatment at the Riga East University Hospital - aSlimn\u012bca","robots":{"index":"index","follow":"follow","max-snippet":"max-snippet:-1","max-image-preview":"max-image-preview:large","max-video-preview":"max-video-preview:-1"},"canonical":"https:\/\/aslimnica.lv\/en\/for-the-tenth-time-severely-injured-ukraine-war-victims-have-arrived-for-treatment-at-the-riga-east-university-hospital\/","og_locale":"en_US","og_type":"article","og_title":"For the tenth time, severely injured Ukraine war victims have arrived for treatment at the Riga East University Hospital - aSlimn\u012bca","og_description":"In The Emergency Medicine and Patient Admission Clinic of Riga East University Hospital (hereinafter\u00a0\u2013 the East Hospital), individuals severely affected by the war in Ukraine have been admitted for the tenth time, brought in by the aid bus organized through the charity project M-Help.com. This time, 25\u00a0injured individuals made the long journey to Latvia, including","og_url":"https:\/\/aslimnica.lv\/en\/for-the-tenth-time-severely-injured-ukraine-war-victims-have-arrived-for-treatment-at-the-riga-east-university-hospital\/","og_site_name":"aSlimn\u012bca","og_image":[{"url":"https:\/\/aslimnica.lv\/wp-content\/uploads\/2024\/02\/Visnakovs.png","type":"","width":"","height":""}],"twitter_card":"summary_large_image","twitter_misc":{"Est. reading time":"3 minutes"},"schema":{"@context":"https:\/\/schema.org","@graph":[{"@type":"WebPage","@id":"https:\/\/aslimnica.lv\/en\/for-the-tenth-time-severely-injured-ukraine-war-victims-have-arrived-for-treatment-at-the-riga-east-university-hospital\/","url":"https:\/\/aslimnica.lv\/en\/for-the-tenth-time-severely-injured-ukraine-war-victims-have-arrived-for-treatment-at-the-riga-east-university-hospital\/","name":"For the tenth time, severely injured Ukraine war victims have arrived for treatment at the Riga East University Hospital - aSlimn\u012bca","isPartOf":{"@id":"https:\/\/aslimnica.lv\/en\/#website"},"primaryImageOfPage":{"@id":"https:\/\/aslimnica.lv\/en\/for-the-tenth-time-severely-injured-ukraine-war-victims-have-arrived-for-treatment-at-the-riga-east-university-hospital\/#primaryimage"},"image":{"@id":"https:\/\/aslimnica.lv\/en\/for-the-tenth-time-severely-injured-ukraine-war-victims-have-arrived-for-treatment-at-the-riga-east-university-hospital\/#primaryimage"},"thumbnailUrl":"https:\/\/aslimnica.lv\/wp-content\/uploads\/2024\/02\/Visnakovs.png","datePublished":"2024-02-01T09:35:37+00:00","breadcrumb":{"@id":"https:\/\/aslimnica.lv\/en\/for-the-tenth-time-severely-injured-ukraine-war-victims-have-arrived-for-treatment-at-the-riga-east-university-hospital\/#breadcrumb"},"inLanguage":"en-US","potentialAction":[{"@type":"ReadAction","target":["https:\/\/aslimnica.lv\/en\/for-the-tenth-time-severely-injured-ukraine-war-victims-have-arrived-for-treatment-at-the-riga-east-university-hospital\/"]}]},{"@type":"ImageObject","inLanguage":"en-US","@id":"https:\/\/aslimnica.lv\/en\/for-the-tenth-time-severely-injured-ukraine-war-victims-have-arrived-for-treatment-at-the-riga-east-university-hospital\/#primaryimage","url":"https:\/\/aslimnica.lv\/wp-content\/uploads\/2024\/02\/Visnakovs.png","contentUrl":"https:\/\/aslimnica.lv\/wp-content\/uploads\/2024\/02\/Visnakovs.png"},{"@type":"BreadcrumbList","@id":"https:\/\/aslimnica.lv\/en\/for-the-tenth-time-severely-injured-ukraine-war-victims-have-arrived-for-treatment-at-the-riga-east-university-hospital\/#breadcrumb","itemListElement":[{"@type":"ListItem","position":1,"name":"Home","item":"https:\/\/aslimnica.lv\/en\/"},{"@type":"ListItem","position":2,"name":"For the tenth time, severely injured Ukraine war victims have arrived for treatment at the Riga East University Hospital"}]},{"@type":"WebSite","@id":"https:\/\/aslimnica.lv\/en\/#website","url":"https:\/\/aslimnica.lv\/en\/","name":"aSlimn\u012bca","description":"R\u012bgas Austrumu k\u012bnisk\u0101 universit\u0101tes slimn\u012bca","potentialAction":[{"@type":"SearchAction","target":{"@type":"EntryPoint","urlTemplate":"https:\/\/aslimnica.lv\/en\/?s={search_term_string}"},"query-input":{"@type":"PropertyValueSpecification","valueRequired":true,"valueName":"search_term_string"}}],"inLanguage":"en-US"}]}},"_links":{"self":[{"href":"https:\/\/aslimnica.lv\/en\/wp-json\/wp\/v2\/pages\/58715","targetHints":{"allow":["GET"]}}],"collection":[{"href":"https:\/\/aslimnica.lv\/en\/wp-json\/wp\/v2\/pages"}],"about":[{"href":"https:\/\/aslimnica.lv\/en\/wp-json\/wp\/v2\/types\/page"}],"author":[{"embeddable":true,"href":"https:\/\/aslimnica.lv\/en\/wp-json\/wp\/v2\/users\/49"}],"replies":[{"embeddable":true,"href":"https:\/\/aslimnica.lv\/en\/wp-json\/wp\/v2\/comments?post=58715"}],"version-history":[{"count":1,"href":"https:\/\/aslimnica.lv\/en\/wp-json\/wp\/v2\/pages\/58715\/revisions"}],"predecessor-version":[{"id":58719,"href":"https:\/\/aslimnica.lv\/en\/wp-json\/wp\/v2\/pages\/58715\/revisions\/58719"}],"wp:attachment":[{"href":"https:\/\/aslimnica.lv\/en\/wp-json\/wp\/v2\/media?parent=58715"}],"curies":[{"name":"wp","href":"https:\/\/api.w.org\/{rel}","templated":true}]}}