{"id":23322,"date":"2021-03-16T12:40:02","date_gmt":"2021-03-16T10:40:02","guid":{"rendered":"https:\/\/aslimnica.lv\/infekciju-uzraudzibas-dienests\/"},"modified":"2021-07-01T13:50:05","modified_gmt":"2021-07-01T11:50:05","slug":"infekciju-uzraudzibas-dienests","status":"publish","type":"page","link":"https:\/\/aslimnica.lv\/en\/infekciju-uzraudzibas-dienests\/","title":{"rendered":"Infection Surveillance Service"},"content":{"rendered":"<div class=\"wpb-content-wrapper\"><p>[vc_row][vc_column][vc_column_text]Infection surveillance and prevention is one of the most important priorities of Riga East Clinical University Hospital (Hospital) to ensure a safe hospital environment for patients and their relatives.<\/p>\n<p>Healthcare associated infections are a global problem. According to the ECDC (European Center for Disease Prevention and Control), there are 4,100,000 hospital-acquired infections per year in the European Union.<\/p>\n<p>The work of the Infection Surveillance Service is based on the recommendations of both the World Health Organization and the ECDC, as well as the recommendations and guidelines of various professional organizations. In addition to the Hospital, other Latvian hospitals also provide effective systems to control healthcare-associated infections.<\/p>\n<p>The Hospital Infection Surveillance Service is headed by a certified infectologist, hepatologist M\u0101ris Liepi\u0146\u0161. The team consists of a doctor-infection control specialist, an infectious doctor and infection control nurses. In its work, the service is connected with all structural units of the hospital &#8211; microbiology laboratories, clinics, auxiliary services and economic and technical staff.<\/p>\n<p>The highest priority for staff is to contribute to the fight against hospital-acquired infections, multi-resistant micro-organisms and other problems associated with antimicrobial treatment (antibiotic-associated forms of diarrhea or Clostridium difficile infection).<\/p>\n<p>We are committed to reducing the spread of infections and effectively protecting patients, their relatives, employees and other members of the public who enter the Hospital.<\/p>\n<p><strong>This includes:<\/strong><br \/>\n\u2022 Continuously improve our clinical practice to reduce the incidence of hospital-acquired infections and set an example for colleagues;<br \/>\n\u2022 Education and training for all staff, using mutual trust, monitoring data and scientific evidence in the relevant field;<br \/>\n\u2022 Infection surveillance standards in patient care that are easily accessible to all staff;<br \/>\n\u2022 Audit policies and guidelines to ensure that best practices are followed;<br \/>\n\u2022 Support for patients and their families;<br \/>\n\u2022 Rational use of antimicrobials as a particularly important measure to reduce global resistance.<\/p>\n<h3>Specialists:<\/h3>\n<p><img loading=\"lazy\" decoding=\"async\" class=\"\" src=\"https:\/\/aslimnica.lv\/wp-content\/uploads\/2021\/03\/dsc1833-197x300.jpg\" width=\"233\" height=\"355\" \/><\/p>\n<p>Head of the Service, infectologist, hepatologist M\u0101ris Liepi\u0146\u0161<\/p>\n<p><img loading=\"lazy\" decoding=\"async\" class=\"\" src=\"https:\/\/aslimnica.lv\/wp-content\/uploads\/2021\/03\/monta-madelane-scaled.jpg\" width=\"231\" height=\"332\" \/><br \/>\nInfectologist Monta Madel\u0101ne<\/p>\n<p>Infectologist Ilze Ek\u0161teina<br \/>\nInfection control nurses: Inna Bi\u010dkova, Silvija Bukovska, S\u0146e\u017eana Grigori-\u0160koda, Jan\u012bna Greid\u0101ne, Agita Melb\u0101rde-Kelmere.<\/p>\n<p>The head of the infection surveillance service M\u0101ris Liepi\u0146\u0161 and the infectologist Monta Madel\u0101ne advise patients:<\/p>\n<p>\u2022 with diseases that occur with a fever (fever of unknown cause);<br \/>\n\u2022 in case of infectious diseases (angina, influenza, pneumonia, intestinal infections, urinary tract infections, Lyme disease and others);<br \/>\n\u2022 in the case of resistant microorganisms;<br \/>\n\u2022 in case of antibiotic-associated diarrhea (Clostridium difficile infection);<br \/>\n\u2022 with various liver diseases;<br \/>\n\u2022 for vaccination, incl. before travel;<\/p>\n<p>Consultations take place by appointment with a referral from a family doctor \/ other specialist or for a fee.[\/vc_column_text][\/vc_column][\/vc_row][vc_row][vc_column width=&#8221;1\/3&#8243;]\n<div class=\"as-cta-button born-mt-none born-mb-none\">\n    <a href=\"https:\/\/aslimnica.lv\/en\/e-pieraksts\" target=\"\" rel=\"\">\n        <span class=\"heading\">\n            <span>E-Appointment<\/span>\n        <\/span>\n    <\/a>\n<\/div>\n[\/vc_column][vc_column width=&#8221;1\/3&#8243;][\/vc_column][vc_column width=&#8221;1\/3&#8243;][\/vc_column][\/vc_row]<\/p>\n<\/div>","protected":false},"excerpt":{"rendered":"<p>[vc_row][vc_column][vc_column_text]Infection surveillance and prevention is one of the most important priorities of Riga East Clinical University Hospital (Hospital) to ensure a safe hospital environment for patients and their relatives. Healthcare associated infections are a global problem. According to the ECDC (European Center for Disease Prevention and Control), there are 4,100,000 hospital-acquired infections per year in<\/p>\n","protected":false},"author":49,"featured_media":0,"parent":0,"menu_order":0,"comment_status":"closed","ping_status":"closed","template":"","meta":{"_acf_changed":false,"inline_featured_image":false,"footnotes":""},"class_list":["post-23322","page","type-page","status-publish","hentry"],"acf":[],"yoast_head":"<!-- This site is optimized with the Yoast SEO plugin v27.1.1 - https:\/\/yoast.com\/product\/yoast-seo-wordpress\/ -->\n<title>Infection Surveillance Service - aSlimn\u012bca<\/title>\n<meta name=\"robots\" content=\"index, follow, max-snippet:-1, max-image-preview:large, max-video-preview:-1\" \/>\n<link rel=\"canonical\" href=\"https:\/\/aslimnica.lv\/en\/infekciju-uzraudzibas-dienests\/\" \/>\n<meta property=\"og:locale\" content=\"en_US\" \/>\n<meta property=\"og:type\" content=\"article\" \/>\n<meta property=\"og:title\" content=\"Infection Surveillance Service - aSlimn\u012bca\" \/>\n<meta property=\"og:description\" content=\"[vc_row][vc_column][vc_column_text]Infection surveillance and prevention is one of the most important priorities of Riga East Clinical University Hospital (Hospital) to ensure a safe hospital environment for patients and their relatives. Healthcare associated infections are a global problem. According to the ECDC (European Center for Disease Prevention and Control), there are 4,100,000 hospital-acquired infections per year in\" \/>\n<meta property=\"og:url\" content=\"https:\/\/aslimnica.lv\/en\/infekciju-uzraudzibas-dienests\/\" \/>\n<meta property=\"og:site_name\" content=\"aSlimn\u012bca\" \/>\n<meta property=\"article:modified_time\" content=\"2021-07-01T11:50:05+00:00\" \/>\n<meta property=\"og:image\" content=\"https:\/\/aslimnica.lv\/wp-content\/uploads\/2021\/03\/dsc1833-197x300.jpg\" \/>\n<meta name=\"twitter:card\" content=\"summary_large_image\" \/>\n<meta name=\"twitter:label1\" content=\"Est. reading time\" \/>\n\t<meta name=\"twitter:data1\" content=\"2 minutes\" \/>\n<script type=\"application\/ld+json\" class=\"yoast-schema-graph\">{\"@context\":\"https:\/\/schema.org\",\"@graph\":[{\"@type\":\"WebPage\",\"@id\":\"https:\/\/aslimnica.lv\/en\/infekciju-uzraudzibas-dienests\/\",\"url\":\"https:\/\/aslimnica.lv\/en\/infekciju-uzraudzibas-dienests\/\",\"name\":\"Infection Surveillance Service - aSlimn\u012bca\",\"isPartOf\":{\"@id\":\"https:\/\/aslimnica.lv\/en\/#website\"},\"primaryImageOfPage\":{\"@id\":\"https:\/\/aslimnica.lv\/en\/infekciju-uzraudzibas-dienests\/#primaryimage\"},\"image\":{\"@id\":\"https:\/\/aslimnica.lv\/en\/infekciju-uzraudzibas-dienests\/#primaryimage\"},\"thumbnailUrl\":\"https:\/\/aslimnica.lv\/wp-content\/uploads\/2021\/03\/dsc1833-197x300.jpg\",\"datePublished\":\"2021-03-16T10:40:02+00:00\",\"dateModified\":\"2021-07-01T11:50:05+00:00\",\"breadcrumb\":{\"@id\":\"https:\/\/aslimnica.lv\/en\/infekciju-uzraudzibas-dienests\/#breadcrumb\"},\"inLanguage\":\"en-US\",\"potentialAction\":[{\"@type\":\"ReadAction\",\"target\":[\"https:\/\/aslimnica.lv\/en\/infekciju-uzraudzibas-dienests\/\"]}]},{\"@type\":\"ImageObject\",\"inLanguage\":\"en-US\",\"@id\":\"https:\/\/aslimnica.lv\/en\/infekciju-uzraudzibas-dienests\/#primaryimage\",\"url\":\"https:\/\/aslimnica.lv\/wp-content\/uploads\/2021\/03\/dsc1833-197x300.jpg\",\"contentUrl\":\"https:\/\/aslimnica.lv\/wp-content\/uploads\/2021\/03\/dsc1833-197x300.jpg\"},{\"@type\":\"BreadcrumbList\",\"@id\":\"https:\/\/aslimnica.lv\/en\/infekciju-uzraudzibas-dienests\/#breadcrumb\",\"itemListElement\":[{\"@type\":\"ListItem\",\"position\":1,\"name\":\"Home\",\"item\":\"https:\/\/aslimnica.lv\/en\/\"},{\"@type\":\"ListItem\",\"position\":2,\"name\":\"Infection Surveillance Service\"}]},{\"@type\":\"WebSite\",\"@id\":\"https:\/\/aslimnica.lv\/en\/#website\",\"url\":\"https:\/\/aslimnica.lv\/en\/\",\"name\":\"aSlimn\u012bca\",\"description\":\"R\u012bgas Austrumu k\u012bnisk\u0101 universit\u0101tes slimn\u012bca\",\"potentialAction\":[{\"@type\":\"SearchAction\",\"target\":{\"@type\":\"EntryPoint\",\"urlTemplate\":\"https:\/\/aslimnica.lv\/en\/?s={search_term_string}\"},\"query-input\":{\"@type\":\"PropertyValueSpecification\",\"valueRequired\":true,\"valueName\":\"search_term_string\"}}],\"inLanguage\":\"en-US\"}]}<\/script>\n<!-- \/ Yoast SEO plugin. -->","yoast_head_json":{"title":"Infection Surveillance Service - aSlimn\u012bca","robots":{"index":"index","follow":"follow","max-snippet":"max-snippet:-1","max-image-preview":"max-image-preview:large","max-video-preview":"max-video-preview:-1"},"canonical":"https:\/\/aslimnica.lv\/en\/infekciju-uzraudzibas-dienests\/","og_locale":"en_US","og_type":"article","og_title":"Infection Surveillance Service - aSlimn\u012bca","og_description":"[vc_row][vc_column][vc_column_text]Infection surveillance and prevention is one of the most important priorities of Riga East Clinical University Hospital (Hospital) to ensure a safe hospital environment for patients and their relatives. Healthcare associated infections are a global problem. According to the ECDC (European Center for Disease Prevention and Control), there are 4,100,000 hospital-acquired infections per year in","og_url":"https:\/\/aslimnica.lv\/en\/infekciju-uzraudzibas-dienests\/","og_site_name":"aSlimn\u012bca","article_modified_time":"2021-07-01T11:50:05+00:00","og_image":[{"url":"https:\/\/aslimnica.lv\/wp-content\/uploads\/2021\/03\/dsc1833-197x300.jpg","type":"","width":"","height":""}],"twitter_card":"summary_large_image","twitter_misc":{"Est. reading time":"2 minutes"},"schema":{"@context":"https:\/\/schema.org","@graph":[{"@type":"WebPage","@id":"https:\/\/aslimnica.lv\/en\/infekciju-uzraudzibas-dienests\/","url":"https:\/\/aslimnica.lv\/en\/infekciju-uzraudzibas-dienests\/","name":"Infection Surveillance Service - aSlimn\u012bca","isPartOf":{"@id":"https:\/\/aslimnica.lv\/en\/#website"},"primaryImageOfPage":{"@id":"https:\/\/aslimnica.lv\/en\/infekciju-uzraudzibas-dienests\/#primaryimage"},"image":{"@id":"https:\/\/aslimnica.lv\/en\/infekciju-uzraudzibas-dienests\/#primaryimage"},"thumbnailUrl":"https:\/\/aslimnica.lv\/wp-content\/uploads\/2021\/03\/dsc1833-197x300.jpg","datePublished":"2021-03-16T10:40:02+00:00","dateModified":"2021-07-01T11:50:05+00:00","breadcrumb":{"@id":"https:\/\/aslimnica.lv\/en\/infekciju-uzraudzibas-dienests\/#breadcrumb"},"inLanguage":"en-US","potentialAction":[{"@type":"ReadAction","target":["https:\/\/aslimnica.lv\/en\/infekciju-uzraudzibas-dienests\/"]}]},{"@type":"ImageObject","inLanguage":"en-US","@id":"https:\/\/aslimnica.lv\/en\/infekciju-uzraudzibas-dienests\/#primaryimage","url":"https:\/\/aslimnica.lv\/wp-content\/uploads\/2021\/03\/dsc1833-197x300.jpg","contentUrl":"https:\/\/aslimnica.lv\/wp-content\/uploads\/2021\/03\/dsc1833-197x300.jpg"},{"@type":"BreadcrumbList","@id":"https:\/\/aslimnica.lv\/en\/infekciju-uzraudzibas-dienests\/#breadcrumb","itemListElement":[{"@type":"ListItem","position":1,"name":"Home","item":"https:\/\/aslimnica.lv\/en\/"},{"@type":"ListItem","position":2,"name":"Infection Surveillance Service"}]},{"@type":"WebSite","@id":"https:\/\/aslimnica.lv\/en\/#website","url":"https:\/\/aslimnica.lv\/en\/","name":"aSlimn\u012bca","description":"R\u012bgas Austrumu k\u012bnisk\u0101 universit\u0101tes slimn\u012bca","potentialAction":[{"@type":"SearchAction","target":{"@type":"EntryPoint","urlTemplate":"https:\/\/aslimnica.lv\/en\/?s={search_term_string}"},"query-input":{"@type":"PropertyValueSpecification","valueRequired":true,"valueName":"search_term_string"}}],"inLanguage":"en-US"}]}},"_links":{"self":[{"href":"https:\/\/aslimnica.lv\/en\/wp-json\/wp\/v2\/pages\/23322","targetHints":{"allow":["GET"]}}],"collection":[{"href":"https:\/\/aslimnica.lv\/en\/wp-json\/wp\/v2\/pages"}],"about":[{"href":"https:\/\/aslimnica.lv\/en\/wp-json\/wp\/v2\/types\/page"}],"author":[{"embeddable":true,"href":"https:\/\/aslimnica.lv\/en\/wp-json\/wp\/v2\/users\/49"}],"replies":[{"embeddable":true,"href":"https:\/\/aslimnica.lv\/en\/wp-json\/wp\/v2\/comments?post=23322"}],"version-history":[{"count":3,"href":"https:\/\/aslimnica.lv\/en\/wp-json\/wp\/v2\/pages\/23322\/revisions"}],"predecessor-version":[{"id":23325,"href":"https:\/\/aslimnica.lv\/en\/wp-json\/wp\/v2\/pages\/23322\/revisions\/23325"}],"wp:attachment":[{"href":"https:\/\/aslimnica.lv\/en\/wp-json\/wp\/v2\/media?parent=23322"}],"curies":[{"name":"wp","href":"https:\/\/api.w.org\/{rel}","templated":true}]}}