{"id":23300,"date":"2021-01-29T13:25:03","date_gmt":"2021-01-29T11:25:03","guid":{"rendered":"https:\/\/aslimnica.lv\/laboratorijas\/"},"modified":"2026-01-07T08:07:56","modified_gmt":"2026-01-07T06:07:56","slug":"laboratorijas","status":"publish","type":"page","link":"https:\/\/aslimnica.lv\/en\/laboratorijas\/","title":{"rendered":"Laboratories"},"content":{"rendered":"<div class=\"wpb-content-wrapper\"><p>[vc_row][vc_column][vc_column_text]<strong>About the Laboratory Service<\/strong><br \/>\nWe are the largest hospital laboratory structure in Latvia, which provides a range of laboratory services to our hospital inpatients and outpatient clinics, as well as to external clients 24 hours a day, 365 days a year. A team of laboratory service professionals conducts examinations for customers with competitive and modern laboratory testing equipment and methods, as well as provides training, scientific research, further education and international cooperation in the field of laboratory medicine.<\/p>\n<p><strong>Transfer of investigative material<\/strong><\/p>\n<ul>\n<li>The analysis transfer point of the stationary \u201cGai\u013cezers\u201d is located in the foyer of the main entrance on the 0th floor, next to the wardrobe. Opening hours: weekdays from 8:00 to 16:00<\/li>\n<li>The analysis transfer point of the inpatient \u201cLatvian Oncology Center\u201d is located in the 30th office, on the 2nd floor. Opening hours: weekdays from 8:00 to 16:00<\/li>\n<li>The analysis transfer point of the hospital &#8220;Bi\u0137ernieki&#8221; is located in the Outpatient part of the hospital. Opening hours: weekdays from 8:00 to 12:00.<\/li>\n<li>The analysis transfer point of the inpatient \u201cLatvian Center for Infectious Diseases\u201d is located on the 1st floor of the Administration building, procedure room 117. Opening hours: weekdays from 8:00 to 18:00<\/li>\n<\/ul>\n<p>With the referral of a family doctor or specialist, the Laboratory Service provides all laboratory examinations that are paid for by the state. The laboratory service also provides paid services in cases where the patient wishes to perform laboratory examinations without a referral from a family doctor or specialist. The results of these examinations will also remain in the hospital&#8217;s database and will be available to the patient and his doctor in our hospital departments.<\/p>\n<p>We recommend that all laboratory tests, including those referred by a family doctor, be handed over and performed in our laboratories!<\/p>\n<p><strong>Your benefit:<\/strong><\/p>\n<p>The results of the patient&#8217;s examinations will be immediately available electronically to our hospital doctors and will be securely stored together with other patient&#8217;s medical data.<br \/>\nIf you come to a consultation with our specialists and you are determined during the visit that you will need tests, you will be able to perform them in our laboratories as a matter of urgency (CITO). The results of the tests will be available as soon as possible and you will not have to spend your time coming to the hospital again.[\/vc_column_text][\/vc_column][\/vc_row]<\/p>\n<\/div>","protected":false},"excerpt":{"rendered":"<p>[vc_row][vc_column][vc_column_text]About the Laboratory Service We are the largest hospital laboratory structure in Latvia, which provides a range of laboratory services to our hospital inpatients and outpatient clinics, as well as to external clients 24 hours a day, 365 days a year. A team of laboratory service professionals conducts examinations for customers with competitive and modern<\/p>\n","protected":false},"author":49,"featured_media":0,"parent":0,"menu_order":0,"comment_status":"closed","ping_status":"closed","template":"","meta":{"_acf_changed":false,"inline_featured_image":false,"footnotes":""},"class_list":["post-23300","page","type-page","status-publish","hentry"],"acf":[],"yoast_head":"<!-- This site is optimized with the Yoast SEO plugin v27.1.1 - https:\/\/yoast.com\/product\/yoast-seo-wordpress\/ -->\n<title>Laboratories - aSlimn\u012bca<\/title>\n<meta name=\"robots\" content=\"index, follow, max-snippet:-1, max-image-preview:large, max-video-preview:-1\" \/>\n<link rel=\"canonical\" href=\"https:\/\/aslimnica.lv\/en\/laboratorijas\/\" \/>\n<meta property=\"og:locale\" content=\"en_US\" \/>\n<meta property=\"og:type\" content=\"article\" \/>\n<meta property=\"og:title\" content=\"Laboratories - aSlimn\u012bca\" \/>\n<meta property=\"og:description\" content=\"[vc_row][vc_column][vc_column_text]About the Laboratory Service We are the largest hospital laboratory structure in Latvia, which provides a range of laboratory services to our hospital inpatients and outpatient clinics, as well as to external clients 24 hours a day, 365 days a year. A team of laboratory service professionals conducts examinations for customers with competitive and modern\" \/>\n<meta property=\"og:url\" content=\"https:\/\/aslimnica.lv\/en\/laboratorijas\/\" \/>\n<meta property=\"og:site_name\" content=\"aSlimn\u012bca\" \/>\n<meta property=\"article:modified_time\" content=\"2026-01-07T06:07:56+00:00\" \/>\n<meta name=\"twitter:card\" content=\"summary_large_image\" \/>\n<meta name=\"twitter:label1\" content=\"Est. reading time\" \/>\n\t<meta name=\"twitter:data1\" content=\"3 minutes\" \/>\n<script type=\"application\/ld+json\" class=\"yoast-schema-graph\">{\"@context\":\"https:\/\/schema.org\",\"@graph\":[{\"@type\":\"WebPage\",\"@id\":\"https:\/\/aslimnica.lv\/en\/laboratorijas\/\",\"url\":\"https:\/\/aslimnica.lv\/en\/laboratorijas\/\",\"name\":\"Laboratories - aSlimn\u012bca\",\"isPartOf\":{\"@id\":\"https:\/\/aslimnica.lv\/en\/#website\"},\"datePublished\":\"2021-01-29T11:25:03+00:00\",\"dateModified\":\"2026-01-07T06:07:56+00:00\",\"breadcrumb\":{\"@id\":\"https:\/\/aslimnica.lv\/en\/laboratorijas\/#breadcrumb\"},\"inLanguage\":\"en-US\",\"potentialAction\":[{\"@type\":\"ReadAction\",\"target\":[\"https:\/\/aslimnica.lv\/en\/laboratorijas\/\"]}]},{\"@type\":\"BreadcrumbList\",\"@id\":\"https:\/\/aslimnica.lv\/en\/laboratorijas\/#breadcrumb\",\"itemListElement\":[{\"@type\":\"ListItem\",\"position\":1,\"name\":\"Home\",\"item\":\"https:\/\/aslimnica.lv\/en\/\"},{\"@type\":\"ListItem\",\"position\":2,\"name\":\"Laboratories\"}]},{\"@type\":\"WebSite\",\"@id\":\"https:\/\/aslimnica.lv\/en\/#website\",\"url\":\"https:\/\/aslimnica.lv\/en\/\",\"name\":\"aSlimn\u012bca\",\"description\":\"R\u012bgas Austrumu k\u012bnisk\u0101 universit\u0101tes slimn\u012bca\",\"potentialAction\":[{\"@type\":\"SearchAction\",\"target\":{\"@type\":\"EntryPoint\",\"urlTemplate\":\"https:\/\/aslimnica.lv\/en\/?s={search_term_string}\"},\"query-input\":{\"@type\":\"PropertyValueSpecification\",\"valueRequired\":true,\"valueName\":\"search_term_string\"}}],\"inLanguage\":\"en-US\"}]}<\/script>\n<!-- \/ Yoast SEO plugin. -->","yoast_head_json":{"title":"Laboratories - aSlimn\u012bca","robots":{"index":"index","follow":"follow","max-snippet":"max-snippet:-1","max-image-preview":"max-image-preview:large","max-video-preview":"max-video-preview:-1"},"canonical":"https:\/\/aslimnica.lv\/en\/laboratorijas\/","og_locale":"en_US","og_type":"article","og_title":"Laboratories - aSlimn\u012bca","og_description":"[vc_row][vc_column][vc_column_text]About the Laboratory Service We are the largest hospital laboratory structure in Latvia, which provides a range of laboratory services to our hospital inpatients and outpatient clinics, as well as to external clients 24 hours a day, 365 days a year. A team of laboratory service professionals conducts examinations for customers with competitive and modern","og_url":"https:\/\/aslimnica.lv\/en\/laboratorijas\/","og_site_name":"aSlimn\u012bca","article_modified_time":"2026-01-07T06:07:56+00:00","twitter_card":"summary_large_image","twitter_misc":{"Est. reading time":"3 minutes"},"schema":{"@context":"https:\/\/schema.org","@graph":[{"@type":"WebPage","@id":"https:\/\/aslimnica.lv\/en\/laboratorijas\/","url":"https:\/\/aslimnica.lv\/en\/laboratorijas\/","name":"Laboratories - aSlimn\u012bca","isPartOf":{"@id":"https:\/\/aslimnica.lv\/en\/#website"},"datePublished":"2021-01-29T11:25:03+00:00","dateModified":"2026-01-07T06:07:56+00:00","breadcrumb":{"@id":"https:\/\/aslimnica.lv\/en\/laboratorijas\/#breadcrumb"},"inLanguage":"en-US","potentialAction":[{"@type":"ReadAction","target":["https:\/\/aslimnica.lv\/en\/laboratorijas\/"]}]},{"@type":"BreadcrumbList","@id":"https:\/\/aslimnica.lv\/en\/laboratorijas\/#breadcrumb","itemListElement":[{"@type":"ListItem","position":1,"name":"Home","item":"https:\/\/aslimnica.lv\/en\/"},{"@type":"ListItem","position":2,"name":"Laboratories"}]},{"@type":"WebSite","@id":"https:\/\/aslimnica.lv\/en\/#website","url":"https:\/\/aslimnica.lv\/en\/","name":"aSlimn\u012bca","description":"R\u012bgas Austrumu k\u012bnisk\u0101 universit\u0101tes slimn\u012bca","potentialAction":[{"@type":"SearchAction","target":{"@type":"EntryPoint","urlTemplate":"https:\/\/aslimnica.lv\/en\/?s={search_term_string}"},"query-input":{"@type":"PropertyValueSpecification","valueRequired":true,"valueName":"search_term_string"}}],"inLanguage":"en-US"}]}},"_links":{"self":[{"href":"https:\/\/aslimnica.lv\/en\/wp-json\/wp\/v2\/pages\/23300","targetHints":{"allow":["GET"]}}],"collection":[{"href":"https:\/\/aslimnica.lv\/en\/wp-json\/wp\/v2\/pages"}],"about":[{"href":"https:\/\/aslimnica.lv\/en\/wp-json\/wp\/v2\/types\/page"}],"author":[{"embeddable":true,"href":"https:\/\/aslimnica.lv\/en\/wp-json\/wp\/v2\/users\/49"}],"replies":[{"embeddable":true,"href":"https:\/\/aslimnica.lv\/en\/wp-json\/wp\/v2\/comments?post=23300"}],"version-history":[{"count":5,"href":"https:\/\/aslimnica.lv\/en\/wp-json\/wp\/v2\/pages\/23300\/revisions"}],"predecessor-version":[{"id":80156,"href":"https:\/\/aslimnica.lv\/en\/wp-json\/wp\/v2\/pages\/23300\/revisions\/80156"}],"wp:attachment":[{"href":"https:\/\/aslimnica.lv\/en\/wp-json\/wp\/v2\/media?parent=23300"}],"curies":[{"name":"wp","href":"https:\/\/api.w.org\/{rel}","templated":true}]}}