{"id":23287,"date":"2021-02-02T11:46:21","date_gmt":"2021-02-02T09:46:21","guid":{"rendered":"https:\/\/aslimnica.lv\/pakalpojumi\/nieru-slimibu-un-nieru-aizstajterapija\/"},"modified":"2021-07-01T12:21:01","modified_gmt":"2021-07-01T10:21:01","slug":"nieru-slimibu-un-nieru-aizstajterapija","status":"publish","type":"page","link":"https:\/\/aslimnica.lv\/en\/pakalpojumi\/nieru-slimibu-un-nieru-aizstajterapija\/","title":{"rendered":"Renal disease and kidney replacement therapy"},"content":{"rendered":"<p>The team of doctors, nurses, technicians of the Kidney Diseases and Kidney Replacement Therapy provides modern and high-quality, all types of nephrological and kidney replacement therapy to patients with both acute illnesses and chronic kidney disease decompensation. The Kidney Disease and Kidney Replacement Clinic also provides a state-funded enteral-parenteral nutrition program.<\/p>\n<p>The clinic is open 24 hours a day, 7 days a week.<\/p>\n<p><strong>Attention!<\/strong><br \/>\nPatient visits according to the specifics of the clinic&#8217;s work only at the invitation of the clinic manager or duty doctor!<br \/>\nPhones for communication: <strong>67042630<\/strong> or mobile phone <strong>27897423<\/strong><\/p>\n","protected":false},"excerpt":{"rendered":"<p>The team of doctors, nurses, technicians of the Kidney Diseases and Kidney Replacement Therapy provides modern and high-quality, all types of nephrological and kidney replacement therapy to patients with both acute illnesses and chronic kidney disease decompensation. The Kidney Disease and Kidney Replacement Clinic also provides a state-funded enteral-parenteral nutrition program. The clinic is open<\/p>\n","protected":false},"author":49,"featured_media":0,"parent":22381,"menu_order":0,"comment_status":"closed","ping_status":"closed","template":"","meta":{"_acf_changed":false,"inline_featured_image":false,"footnotes":""},"class_list":["post-23287","page","type-page","status-publish","hentry"],"acf":[],"yoast_head":"<!-- This site is optimized with the Yoast SEO plugin v27.1.1 - https:\/\/yoast.com\/product\/yoast-seo-wordpress\/ -->\n<title>Renal disease and kidney replacement therapy - aSlimn\u012bca<\/title>\n<meta name=\"robots\" content=\"index, follow, max-snippet:-1, max-image-preview:large, max-video-preview:-1\" \/>\n<link rel=\"canonical\" href=\"https:\/\/aslimnica.lv\/en\/pakalpojumi\/nieru-slimibu-un-nieru-aizstajterapija\/\" \/>\n<meta property=\"og:locale\" content=\"en_US\" \/>\n<meta property=\"og:type\" content=\"article\" \/>\n<meta property=\"og:title\" content=\"Renal disease and kidney replacement therapy - aSlimn\u012bca\" \/>\n<meta property=\"og:description\" content=\"The team of doctors, nurses, technicians of the Kidney Diseases and Kidney Replacement Therapy provides modern and high-quality, all types of nephrological and kidney replacement therapy to patients with both acute illnesses and chronic kidney disease decompensation. The Kidney Disease and Kidney Replacement Clinic also provides a state-funded enteral-parenteral nutrition program. The clinic is open\" \/>\n<meta property=\"og:url\" content=\"https:\/\/aslimnica.lv\/en\/pakalpojumi\/nieru-slimibu-un-nieru-aizstajterapija\/\" \/>\n<meta property=\"og:site_name\" content=\"aSlimn\u012bca\" \/>\n<meta property=\"article:modified_time\" content=\"2021-07-01T10:21:01+00:00\" \/>\n<meta name=\"twitter:card\" content=\"summary_large_image\" \/>\n<script type=\"application\/ld+json\" class=\"yoast-schema-graph\">{\"@context\":\"https:\/\/schema.org\",\"@graph\":[{\"@type\":\"WebPage\",\"@id\":\"https:\/\/aslimnica.lv\/en\/pakalpojumi\/nieru-slimibu-un-nieru-aizstajterapija\/\",\"url\":\"https:\/\/aslimnica.lv\/en\/pakalpojumi\/nieru-slimibu-un-nieru-aizstajterapija\/\",\"name\":\"Renal disease and kidney replacement therapy - aSlimn\u012bca\",\"isPartOf\":{\"@id\":\"https:\/\/aslimnica.lv\/en\/#website\"},\"datePublished\":\"2021-02-02T09:46:21+00:00\",\"dateModified\":\"2021-07-01T10:21:01+00:00\",\"breadcrumb\":{\"@id\":\"https:\/\/aslimnica.lv\/en\/pakalpojumi\/nieru-slimibu-un-nieru-aizstajterapija\/#breadcrumb\"},\"inLanguage\":\"en-US\",\"potentialAction\":[{\"@type\":\"ReadAction\",\"target\":[\"https:\/\/aslimnica.lv\/en\/pakalpojumi\/nieru-slimibu-un-nieru-aizstajterapija\/\"]}]},{\"@type\":\"BreadcrumbList\",\"@id\":\"https:\/\/aslimnica.lv\/en\/pakalpojumi\/nieru-slimibu-un-nieru-aizstajterapija\/#breadcrumb\",\"itemListElement\":[{\"@type\":\"ListItem\",\"position\":1,\"name\":\"Home\",\"item\":\"https:\/\/aslimnica.lv\/en\/\"},{\"@type\":\"ListItem\",\"position\":2,\"name\":\"Services\",\"item\":\"https:\/\/aslimnica.lv\/en\/pakalpojumi\/\"},{\"@type\":\"ListItem\",\"position\":3,\"name\":\"Renal disease and kidney replacement therapy\"}]},{\"@type\":\"WebSite\",\"@id\":\"https:\/\/aslimnica.lv\/en\/#website\",\"url\":\"https:\/\/aslimnica.lv\/en\/\",\"name\":\"aSlimn\u012bca\",\"description\":\"R\u012bgas Austrumu k\u012bnisk\u0101 universit\u0101tes slimn\u012bca\",\"potentialAction\":[{\"@type\":\"SearchAction\",\"target\":{\"@type\":\"EntryPoint\",\"urlTemplate\":\"https:\/\/aslimnica.lv\/en\/?s={search_term_string}\"},\"query-input\":{\"@type\":\"PropertyValueSpecification\",\"valueRequired\":true,\"valueName\":\"search_term_string\"}}],\"inLanguage\":\"en-US\"}]}<\/script>\n<!-- \/ Yoast SEO plugin. -->","yoast_head_json":{"title":"Renal disease and kidney replacement therapy - aSlimn\u012bca","robots":{"index":"index","follow":"follow","max-snippet":"max-snippet:-1","max-image-preview":"max-image-preview:large","max-video-preview":"max-video-preview:-1"},"canonical":"https:\/\/aslimnica.lv\/en\/pakalpojumi\/nieru-slimibu-un-nieru-aizstajterapija\/","og_locale":"en_US","og_type":"article","og_title":"Renal disease and kidney replacement therapy - aSlimn\u012bca","og_description":"The team of doctors, nurses, technicians of the Kidney Diseases and Kidney Replacement Therapy provides modern and high-quality, all types of nephrological and kidney replacement therapy to patients with both acute illnesses and chronic kidney disease decompensation. The Kidney Disease and Kidney Replacement Clinic also provides a state-funded enteral-parenteral nutrition program. The clinic is open","og_url":"https:\/\/aslimnica.lv\/en\/pakalpojumi\/nieru-slimibu-un-nieru-aizstajterapija\/","og_site_name":"aSlimn\u012bca","article_modified_time":"2021-07-01T10:21:01+00:00","twitter_card":"summary_large_image","schema":{"@context":"https:\/\/schema.org","@graph":[{"@type":"WebPage","@id":"https:\/\/aslimnica.lv\/en\/pakalpojumi\/nieru-slimibu-un-nieru-aizstajterapija\/","url":"https:\/\/aslimnica.lv\/en\/pakalpojumi\/nieru-slimibu-un-nieru-aizstajterapija\/","name":"Renal disease and kidney replacement therapy - aSlimn\u012bca","isPartOf":{"@id":"https:\/\/aslimnica.lv\/en\/#website"},"datePublished":"2021-02-02T09:46:21+00:00","dateModified":"2021-07-01T10:21:01+00:00","breadcrumb":{"@id":"https:\/\/aslimnica.lv\/en\/pakalpojumi\/nieru-slimibu-un-nieru-aizstajterapija\/#breadcrumb"},"inLanguage":"en-US","potentialAction":[{"@type":"ReadAction","target":["https:\/\/aslimnica.lv\/en\/pakalpojumi\/nieru-slimibu-un-nieru-aizstajterapija\/"]}]},{"@type":"BreadcrumbList","@id":"https:\/\/aslimnica.lv\/en\/pakalpojumi\/nieru-slimibu-un-nieru-aizstajterapija\/#breadcrumb","itemListElement":[{"@type":"ListItem","position":1,"name":"Home","item":"https:\/\/aslimnica.lv\/en\/"},{"@type":"ListItem","position":2,"name":"Services","item":"https:\/\/aslimnica.lv\/en\/pakalpojumi\/"},{"@type":"ListItem","position":3,"name":"Renal disease and kidney replacement therapy"}]},{"@type":"WebSite","@id":"https:\/\/aslimnica.lv\/en\/#website","url":"https:\/\/aslimnica.lv\/en\/","name":"aSlimn\u012bca","description":"R\u012bgas Austrumu k\u012bnisk\u0101 universit\u0101tes slimn\u012bca","potentialAction":[{"@type":"SearchAction","target":{"@type":"EntryPoint","urlTemplate":"https:\/\/aslimnica.lv\/en\/?s={search_term_string}"},"query-input":{"@type":"PropertyValueSpecification","valueRequired":true,"valueName":"search_term_string"}}],"inLanguage":"en-US"}]}},"_links":{"self":[{"href":"https:\/\/aslimnica.lv\/en\/wp-json\/wp\/v2\/pages\/23287","targetHints":{"allow":["GET"]}}],"collection":[{"href":"https:\/\/aslimnica.lv\/en\/wp-json\/wp\/v2\/pages"}],"about":[{"href":"https:\/\/aslimnica.lv\/en\/wp-json\/wp\/v2\/types\/page"}],"author":[{"embeddable":true,"href":"https:\/\/aslimnica.lv\/en\/wp-json\/wp\/v2\/users\/49"}],"replies":[{"embeddable":true,"href":"https:\/\/aslimnica.lv\/en\/wp-json\/wp\/v2\/comments?post=23287"}],"version-history":[{"count":1,"href":"https:\/\/aslimnica.lv\/en\/wp-json\/wp\/v2\/pages\/23287\/revisions"}],"predecessor-version":[{"id":23288,"href":"https:\/\/aslimnica.lv\/en\/wp-json\/wp\/v2\/pages\/23287\/revisions\/23288"}],"up":[{"embeddable":true,"href":"https:\/\/aslimnica.lv\/en\/wp-json\/wp\/v2\/pages\/22381"}],"wp:attachment":[{"href":"https:\/\/aslimnica.lv\/en\/wp-json\/wp\/v2\/media?parent=23287"}],"curies":[{"name":"wp","href":"https:\/\/api.w.org\/{rel}","templated":true}]}}