{"id":23278,"date":"2021-02-02T11:17:09","date_gmt":"2021-02-02T09:17:09","guid":{"rendered":"https:\/\/aslimnica.lv\/pakalpojumi\/hops-un-astmas-kabinets\/"},"modified":"2021-07-01T12:16:26","modified_gmt":"2021-07-01T10:16:26","slug":"hops-un-astmas-kabinets","status":"publish","type":"page","link":"https:\/\/aslimnica.lv\/en\/pakalpojumi\/hops-un-astmas-kabinets\/","title":{"rendered":"COPD and Asthma Cabinet"},"content":{"rendered":"<div class=\"wpb-content-wrapper\"><p>[vc_row][vc_column][vc_column_text]COPD (chronic obstructive pulmonary disease) and Asthma cabinet operate in the outpatient department of Riga East Clinical University Hospital \u201cGai\u013cezers\u201d. In the office, patients can get information about the origin and course of asthma and COPD, learn about the possibilities of living with the disease and measures to control environmental factors and allergens. Specialists also provide advice and information on medication for smoking cessation and medications used to treat asthma and COPD. Patients are also trained in the use of inhalers and peak flow meters for disease control.<\/p>\n<p><strong>One of the most important tasks of the bronchial asthma and COPD cabinet is the education and training of asthma and COPD patients:<\/strong><\/p>\n<ul>\n<li>opportunities to live with the disease;<\/li>\n<li>environmental and allergen control measures;<\/li>\n<li>advice and medication options for smoking cessation;<\/li>\n<li>information on medicines used to treat asthma and COPD;<\/li>\n<li>inhaler training;<\/li>\n<li>training in the use of peak expiratory flow meters for disease control.<\/li>\n<li>Spirometry and bronchodilation test are performed in the bronchial asthma and COPD office.<\/li>\n<\/ul>\n<p><strong>Pneumologists working in the office (pulmonologists or lung doctors):<\/strong><\/p>\n<ul>\n<li>will help to choose the most suitable medication for each specific patient individually;<\/li>\n<li>draw up a treatment plan;<\/li>\n<li>will evaluate the effectiveness of treatment by performing dynamic monitoring of patients;<\/li>\n<li>make the necessary therapeutic adjustments if necessary;<\/li>\n<li>will recommend ways to avoid outbreaks;<\/li>\n<li>will provide advice and recommend treatment in case of outbreaks;<\/li>\n<li>will perform the necessary additional diagnostics and differential diagnosis in cases of lung diseases, if necessary, sending patients for additional examinations and treatment both outpatient and in more complicated and severe cases inpatient.<\/li>\n<\/ul>\n<p>Particular attention should be paid to the health of patients with unstable asthma or COPD, frequent outbreaks, and patients diagnosed with bronchial asthma or COPD for the first time by a GP or pneumologist. These patients would especially need the advice of a pneumonologist, the assessment of the course of the disease in dynamics, and these patients are especially encouraged to seek the help of our specialists.[\/vc_column_text][\/vc_column][\/vc_row][vc_row][vc_column width=&#8221;1\/3&#8243;][vc_column_text]<\/p>\n<p style=\"text-align: center;\"><strong><em><img loading=\"lazy\" decoding=\"async\" class=\"alignnone size-medium wp-image-8030 aligncenter\" src=\"https:\/\/aslimnica.lv\/wp-content\/uploads\/2021\/02\/MV_00686p-194x300.jpg\" alt=\"Pnemonolo\u0123e Inga Vikmane\" width=\"194\" height=\"300\" srcset=\"https:\/\/aslimnica.lv\/wp-content\/uploads\/2021\/02\/MV_00686p-194x300.jpg 194w, https:\/\/aslimnica.lv\/wp-content\/uploads\/2021\/02\/MV_00686p-661x1024.jpg 661w, https:\/\/aslimnica.lv\/wp-content\/uploads\/2021\/02\/MV_00686p-768x1190.jpg 768w, https:\/\/aslimnica.lv\/wp-content\/uploads\/2021\/02\/MV_00686p-992x1536.jpg 992w, https:\/\/aslimnica.lv\/wp-content\/uploads\/2021\/02\/MV_00686p-200x310.jpg 200w, https:\/\/aslimnica.lv\/wp-content\/uploads\/2021\/02\/MV_00686p-252x390.jpg 252w, https:\/\/aslimnica.lv\/wp-content\/uploads\/2021\/02\/MV_00686p-700x1084.jpg 700w, https:\/\/aslimnica.lv\/wp-content\/uploads\/2021\/02\/MV_00686p-226x350.jpg 226w, https:\/\/aslimnica.lv\/wp-content\/uploads\/2021\/02\/MV_00686p.jpg 1153w\" sizes=\"auto, (max-width: 194px) 100vw, 194px\" \/><br \/>\nDr. Inga Vikmane<\/em><\/strong><\/p>\n<p>[\/vc_column_text][\/vc_column][vc_column width=&#8221;1\/3&#8243;][vc_column_text]<\/p>\n<p style=\"text-align: center;\"><img loading=\"lazy\" decoding=\"async\" class=\"size-medium wp-image-8014 aligncenter\" src=\"https:\/\/aslimnica.lv\/wp-content\/uploads\/2021\/02\/Madara-Tirzite-199x300.jpg\" alt=\"Pnemonolo\u0123e Madara Tirz\u012bte\" width=\"199\" height=\"300\" srcset=\"https:\/\/aslimnica.lv\/wp-content\/uploads\/2021\/02\/Madara-Tirzite-199x300.jpg 199w, https:\/\/aslimnica.lv\/wp-content\/uploads\/2021\/02\/Madara-Tirzite-678x1024.jpg 678w, https:\/\/aslimnica.lv\/wp-content\/uploads\/2021\/02\/Madara-Tirzite-768x1160.jpg 768w, https:\/\/aslimnica.lv\/wp-content\/uploads\/2021\/02\/Madara-Tirzite-1017x1536.jpg 1017w, https:\/\/aslimnica.lv\/wp-content\/uploads\/2021\/02\/Madara-Tirzite-1355x2048.jpg 1355w, https:\/\/aslimnica.lv\/wp-content\/uploads\/2021\/02\/Madara-Tirzite-1400x2115.jpg 1400w, https:\/\/aslimnica.lv\/wp-content\/uploads\/2021\/02\/Madara-Tirzite-205x310.jpg 205w, https:\/\/aslimnica.lv\/wp-content\/uploads\/2021\/02\/Madara-Tirzite-258x390.jpg 258w, https:\/\/aslimnica.lv\/wp-content\/uploads\/2021\/02\/Madara-Tirzite-700x1058.jpg 700w, https:\/\/aslimnica.lv\/wp-content\/uploads\/2021\/02\/Madara-Tirzite-232x350.jpg 232w, https:\/\/aslimnica.lv\/wp-content\/uploads\/2021\/02\/Madara-Tirzite.jpg 1421w\" sizes=\"auto, (max-width: 199px) 100vw, 199px\" \/><br \/>\n<strong><em>Dr. med. Madara Tirz\u012bte<\/em><\/strong><\/p>\n<p>[\/vc_column_text][\/vc_column][vc_column width=&#8221;1\/3&#8243;][vc_column_text]<img loading=\"lazy\" decoding=\"async\" class=\"alignnone size-medium wp-image-8008 aligncenter\" src=\"https:\/\/aslimnica.lv\/wp-content\/uploads\/2021\/02\/Smiltena-217x300.jpg\" alt=\"Pneimonolo\u0123e Inese Smiltena\" width=\"217\" height=\"300\" srcset=\"https:\/\/aslimnica.lv\/wp-content\/uploads\/2021\/02\/Smiltena-217x300.jpg 217w, https:\/\/aslimnica.lv\/wp-content\/uploads\/2021\/02\/Smiltena-742x1024.jpg 742w, https:\/\/aslimnica.lv\/wp-content\/uploads\/2021\/02\/Smiltena-768x1059.jpg 768w, https:\/\/aslimnica.lv\/wp-content\/uploads\/2021\/02\/Smiltena-1113x1536.jpg 1113w, https:\/\/aslimnica.lv\/wp-content\/uploads\/2021\/02\/Smiltena-225x310.jpg 225w, https:\/\/aslimnica.lv\/wp-content\/uploads\/2021\/02\/Smiltena-283x390.jpg 283w, https:\/\/aslimnica.lv\/wp-content\/uploads\/2021\/02\/Smiltena-700x966.jpg 700w, https:\/\/aslimnica.lv\/wp-content\/uploads\/2021\/02\/Smiltena-254x350.jpg 254w, https:\/\/aslimnica.lv\/wp-content\/uploads\/2021\/02\/Smiltena.jpg 1286w\" sizes=\"auto, (max-width: 217px) 100vw, 217px\" \/><\/p>\n<p style=\"text-align: center;\"><strong><em>Dr. Inese Smiltena<\/em><\/strong><\/p>\n<p>[\/vc_column_text][\/vc_column][\/vc_row][vc_row][vc_column width=&#8221;1\/3&#8243;][vc_column_text]<img loading=\"lazy\" decoding=\"async\" class=\"alignnone size-medium wp-image-8018 aligncenter\" src=\"https:\/\/aslimnica.lv\/wp-content\/uploads\/2021\/02\/Vasilauska-1-200x300.jpg\" alt=\"\" width=\"200\" height=\"300\" srcset=\"https:\/\/aslimnica.lv\/wp-content\/uploads\/2021\/02\/Vasilauska-1-200x300.jpg 200w, https:\/\/aslimnica.lv\/wp-content\/uploads\/2021\/02\/Vasilauska-1-683x1024.jpg 683w, https:\/\/aslimnica.lv\/wp-content\/uploads\/2021\/02\/Vasilauska-1-768x1152.jpg 768w, https:\/\/aslimnica.lv\/wp-content\/uploads\/2021\/02\/Vasilauska-1-1024x1536.jpg 1024w, https:\/\/aslimnica.lv\/wp-content\/uploads\/2021\/02\/Vasilauska-1-1366x2048.jpg 1366w, https:\/\/aslimnica.lv\/wp-content\/uploads\/2021\/02\/Vasilauska-1-1400x2100.jpg 1400w, https:\/\/aslimnica.lv\/wp-content\/uploads\/2021\/02\/Vasilauska-1-207x310.jpg 207w, https:\/\/aslimnica.lv\/wp-content\/uploads\/2021\/02\/Vasilauska-1-260x390.jpg 260w, https:\/\/aslimnica.lv\/wp-content\/uploads\/2021\/02\/Vasilauska-1-700x1050.jpg 700w, https:\/\/aslimnica.lv\/wp-content\/uploads\/2021\/02\/Vasilauska-1-233x350.jpg 233w, https:\/\/aslimnica.lv\/wp-content\/uploads\/2021\/02\/Vasilauska-1-scaled.jpg 1707w\" sizes=\"auto, (max-width: 200px) 100vw, 200px\" \/><\/p>\n<p style=\"text-align: center;\"><em><strong>Dr. Kar\u012bna Vasi\u013causka<\/strong><\/em><\/p>\n<p>[\/vc_column_text][\/vc_column][vc_column width=&#8221;1\/3&#8243;][vc_column_text]<img loading=\"lazy\" decoding=\"async\" class=\"alignnone size-medium wp-image-8020 aligncenter\" src=\"https:\/\/aslimnica.lv\/wp-content\/uploads\/2021\/02\/1-Bekere-184x300.jpg\" alt=\"\" width=\"184\" height=\"300\" srcset=\"https:\/\/aslimnica.lv\/wp-content\/uploads\/2021\/02\/1-Bekere-184x300.jpg 184w, https:\/\/aslimnica.lv\/wp-content\/uploads\/2021\/02\/1-Bekere-628x1024.jpg 628w, https:\/\/aslimnica.lv\/wp-content\/uploads\/2021\/02\/1-Bekere-768x1253.jpg 768w, https:\/\/aslimnica.lv\/wp-content\/uploads\/2021\/02\/1-Bekere-942x1536.jpg 942w, https:\/\/aslimnica.lv\/wp-content\/uploads\/2021\/02\/1-Bekere-190x310.jpg 190w, https:\/\/aslimnica.lv\/wp-content\/uploads\/2021\/02\/1-Bekere-239x390.jpg 239w, https:\/\/aslimnica.lv\/wp-content\/uploads\/2021\/02\/1-Bekere-700x1142.jpg 700w, https:\/\/aslimnica.lv\/wp-content\/uploads\/2021\/02\/1-Bekere-215x350.jpg 215w, https:\/\/aslimnica.lv\/wp-content\/uploads\/2021\/02\/1-Bekere.jpg 981w\" sizes=\"auto, (max-width: 184px) 100vw, 184px\" \/><\/p>\n<p style=\"text-align: center;\"><strong><em>Dr. Antra Be\u0137ere<\/em><\/strong><\/p>\n<p>[\/vc_column_text][\/vc_column][vc_column width=&#8221;1\/3&#8243;][vc_column_text]<img loading=\"lazy\" decoding=\"async\" class=\"alignnone size-medium wp-image-8032 aligncenter\" src=\"https:\/\/aslimnica.lv\/wp-content\/uploads\/2021\/02\/MV_00661-194x300.jpg\" alt=\"\" width=\"194\" height=\"300\" srcset=\"https:\/\/aslimnica.lv\/wp-content\/uploads\/2021\/02\/MV_00661-194x300.jpg 194w, https:\/\/aslimnica.lv\/wp-content\/uploads\/2021\/02\/MV_00661-663x1024.jpg 663w, https:\/\/aslimnica.lv\/wp-content\/uploads\/2021\/02\/MV_00661-768x1187.jpg 768w, https:\/\/aslimnica.lv\/wp-content\/uploads\/2021\/02\/MV_00661-994x1536.jpg 994w, https:\/\/aslimnica.lv\/wp-content\/uploads\/2021\/02\/MV_00661-1325x2048.jpg 1325w, https:\/\/aslimnica.lv\/wp-content\/uploads\/2021\/02\/MV_00661-201x310.jpg 201w, https:\/\/aslimnica.lv\/wp-content\/uploads\/2021\/02\/MV_00661-252x390.jpg 252w, https:\/\/aslimnica.lv\/wp-content\/uploads\/2021\/02\/MV_00661-700x1082.jpg 700w, https:\/\/aslimnica.lv\/wp-content\/uploads\/2021\/02\/MV_00661-226x350.jpg 226w, https:\/\/aslimnica.lv\/wp-content\/uploads\/2021\/02\/MV_00661.jpg 1377w\" sizes=\"auto, (max-width: 194px) 100vw, 194px\" \/><\/p>\n<p style=\"text-align: center;\"><em><strong>Dr. Krist\u012bne Mol\u010d\u0101ne<\/strong><\/em><\/p>\n<p>[\/vc_column_text][\/vc_column][\/vc_row][vc_row][vc_column]\n\n<div class=\"as-gallery is-masonry\">\n    <div class=\"born-container is-narrow\">\n                    <h2>Asthma and COPD nurse Biruta Vecroze trains patients<\/h2>\n        \n        \n        <div class=\"thumbs-list\">\n\n            \n                <a rel=\"gallery-6303\" href=\"https:\/\/aslimnica.lv\/wp-content\/uploads\/2021\/02\/1-MV_00383-1024x683.jpg\" class=\"thumb\">\n                    <img decoding=\"async\" src=\"https:\/\/aslimnica.lv\/wp-content\/uploads\/2021\/02\/1-MV_00383-700x467.jpg\" alt=\"\" title=\"\">\n                                                                                <\/a>\n\n                \n            \n                <a rel=\"gallery-6303\" href=\"https:\/\/aslimnica.lv\/wp-content\/uploads\/2021\/02\/1-MV_00741-1024x683.jpg\" class=\"thumb\">\n                    <img decoding=\"async\" src=\"https:\/\/aslimnica.lv\/wp-content\/uploads\/2021\/02\/1-MV_00741-700x467.jpg\" alt=\"\" title=\"\">\n                                                                                <\/a>\n\n                \n            \n                <a rel=\"gallery-6303\" href=\"https:\/\/aslimnica.lv\/wp-content\/uploads\/2021\/02\/1-MV_00411-1024x713.jpg\" class=\"thumb\">\n                    <img decoding=\"async\" src=\"https:\/\/aslimnica.lv\/wp-content\/uploads\/2021\/02\/1-MV_00411-700x487.jpg\" alt=\"\" title=\"\">\n                                                                                <\/a>\n\n                \n            \n                <a rel=\"gallery-6303\" href=\"https:\/\/aslimnica.lv\/wp-content\/uploads\/2021\/02\/1-MV_00375-1024x683.jpg\" class=\"thumb\">\n                    <img decoding=\"async\" src=\"https:\/\/aslimnica.lv\/wp-content\/uploads\/2021\/02\/1-MV_00375-700x467.jpg\" alt=\"\" title=\"\">\n                                                                                <\/a>\n\n                \n        <\/div>\n\n        \n    <\/div>\n<\/div>\n\n[\/vc_column][\/vc_row][vc_row][vc_column width=&#8221;1\/3&#8243;]\n<div class=\"as-cta-button born-mt-none born-mb-none\">\n    <a href=\"http:\/\/aslimnica.lv\/en\/e-pieraksts\/\" target=\"\" rel=\"\">\n        <span class=\"heading\">\n            <span>E-Appointment<\/span>\n        <\/span>\n    <\/a>\n<\/div>\n[\/vc_column][vc_column width=&#8221;1\/3&#8243;][\/vc_column][vc_column width=&#8221;1\/3&#8243;][\/vc_column][\/vc_row]<\/p>\n<\/div>","protected":false},"excerpt":{"rendered":"<p>[vc_row][vc_column][vc_column_text]COPD (chronic obstructive pulmonary disease) and Asthma cabinet operate in the outpatient department of Riga East Clinical University Hospital \u201cGai\u013cezers\u201d. In the office, patients can get information about the origin and course of asthma and COPD, learn about the possibilities of living with the disease and measures to control environmental factors and allergens. Specialists also<\/p>\n","protected":false},"author":49,"featured_media":0,"parent":22381,"menu_order":0,"comment_status":"closed","ping_status":"closed","template":"","meta":{"_acf_changed":false,"inline_featured_image":false,"footnotes":""},"class_list":["post-23278","page","type-page","status-publish","hentry"],"acf":[],"yoast_head":"<!-- This site is optimized with the Yoast SEO plugin v27.1.1 - https:\/\/yoast.com\/product\/yoast-seo-wordpress\/ -->\n<title>COPD and Asthma Cabinet - aSlimn\u012bca<\/title>\n<meta name=\"robots\" content=\"index, follow, max-snippet:-1, max-image-preview:large, max-video-preview:-1\" \/>\n<link rel=\"canonical\" href=\"https:\/\/aslimnica.lv\/en\/pakalpojumi\/hops-un-astmas-kabinets\/\" \/>\n<meta property=\"og:locale\" content=\"en_US\" \/>\n<meta property=\"og:type\" content=\"article\" \/>\n<meta property=\"og:title\" content=\"COPD and Asthma Cabinet - aSlimn\u012bca\" \/>\n<meta property=\"og:description\" content=\"[vc_row][vc_column][vc_column_text]COPD (chronic obstructive pulmonary disease) and Asthma cabinet operate in the outpatient department of Riga East Clinical University Hospital \u201cGai\u013cezers\u201d. In the office, patients can get information about the origin and course of asthma and COPD, learn about the possibilities of living with the disease and measures to control environmental factors and allergens. Specialists also\" \/>\n<meta property=\"og:url\" content=\"https:\/\/aslimnica.lv\/en\/pakalpojumi\/hops-un-astmas-kabinets\/\" \/>\n<meta property=\"og:site_name\" content=\"aSlimn\u012bca\" \/>\n<meta property=\"article:modified_time\" content=\"2021-07-01T10:16:26+00:00\" \/>\n<meta property=\"og:image\" content=\"https:\/\/aslimnica.lv\/wp-content\/uploads\/2021\/02\/MV_00686p-194x300.jpg\" \/>\n<meta name=\"twitter:card\" content=\"summary_large_image\" \/>\n<meta name=\"twitter:label1\" content=\"Est. reading time\" \/>\n\t<meta name=\"twitter:data1\" content=\"2 minutes\" \/>\n<script type=\"application\/ld+json\" class=\"yoast-schema-graph\">{\"@context\":\"https:\/\/schema.org\",\"@graph\":[{\"@type\":\"WebPage\",\"@id\":\"https:\/\/aslimnica.lv\/en\/pakalpojumi\/hops-un-astmas-kabinets\/\",\"url\":\"https:\/\/aslimnica.lv\/en\/pakalpojumi\/hops-un-astmas-kabinets\/\",\"name\":\"COPD and Asthma Cabinet - aSlimn\u012bca\",\"isPartOf\":{\"@id\":\"https:\/\/aslimnica.lv\/en\/#website\"},\"primaryImageOfPage\":{\"@id\":\"https:\/\/aslimnica.lv\/en\/pakalpojumi\/hops-un-astmas-kabinets\/#primaryimage\"},\"image\":{\"@id\":\"https:\/\/aslimnica.lv\/en\/pakalpojumi\/hops-un-astmas-kabinets\/#primaryimage\"},\"thumbnailUrl\":\"https:\/\/aslimnica.lv\/wp-content\/uploads\/2021\/02\/MV_00686p-194x300.jpg\",\"datePublished\":\"2021-02-02T09:17:09+00:00\",\"dateModified\":\"2021-07-01T10:16:26+00:00\",\"breadcrumb\":{\"@id\":\"https:\/\/aslimnica.lv\/en\/pakalpojumi\/hops-un-astmas-kabinets\/#breadcrumb\"},\"inLanguage\":\"en-US\",\"potentialAction\":[{\"@type\":\"ReadAction\",\"target\":[\"https:\/\/aslimnica.lv\/en\/pakalpojumi\/hops-un-astmas-kabinets\/\"]}]},{\"@type\":\"ImageObject\",\"inLanguage\":\"en-US\",\"@id\":\"https:\/\/aslimnica.lv\/en\/pakalpojumi\/hops-un-astmas-kabinets\/#primaryimage\",\"url\":\"https:\/\/aslimnica.lv\/wp-content\/uploads\/2021\/02\/MV_00686p-194x300.jpg\",\"contentUrl\":\"https:\/\/aslimnica.lv\/wp-content\/uploads\/2021\/02\/MV_00686p-194x300.jpg\"},{\"@type\":\"BreadcrumbList\",\"@id\":\"https:\/\/aslimnica.lv\/en\/pakalpojumi\/hops-un-astmas-kabinets\/#breadcrumb\",\"itemListElement\":[{\"@type\":\"ListItem\",\"position\":1,\"name\":\"Home\",\"item\":\"https:\/\/aslimnica.lv\/en\/\"},{\"@type\":\"ListItem\",\"position\":2,\"name\":\"Services\",\"item\":\"https:\/\/aslimnica.lv\/en\/pakalpojumi\/\"},{\"@type\":\"ListItem\",\"position\":3,\"name\":\"COPD and Asthma Cabinet\"}]},{\"@type\":\"WebSite\",\"@id\":\"https:\/\/aslimnica.lv\/en\/#website\",\"url\":\"https:\/\/aslimnica.lv\/en\/\",\"name\":\"aSlimn\u012bca\",\"description\":\"R\u012bgas Austrumu k\u012bnisk\u0101 universit\u0101tes slimn\u012bca\",\"potentialAction\":[{\"@type\":\"SearchAction\",\"target\":{\"@type\":\"EntryPoint\",\"urlTemplate\":\"https:\/\/aslimnica.lv\/en\/?s={search_term_string}\"},\"query-input\":{\"@type\":\"PropertyValueSpecification\",\"valueRequired\":true,\"valueName\":\"search_term_string\"}}],\"inLanguage\":\"en-US\"}]}<\/script>\n<!-- \/ Yoast SEO plugin. -->","yoast_head_json":{"title":"COPD and Asthma Cabinet - aSlimn\u012bca","robots":{"index":"index","follow":"follow","max-snippet":"max-snippet:-1","max-image-preview":"max-image-preview:large","max-video-preview":"max-video-preview:-1"},"canonical":"https:\/\/aslimnica.lv\/en\/pakalpojumi\/hops-un-astmas-kabinets\/","og_locale":"en_US","og_type":"article","og_title":"COPD and Asthma Cabinet - aSlimn\u012bca","og_description":"[vc_row][vc_column][vc_column_text]COPD (chronic obstructive pulmonary disease) and Asthma cabinet operate in the outpatient department of Riga East Clinical University Hospital \u201cGai\u013cezers\u201d. In the office, patients can get information about the origin and course of asthma and COPD, learn about the possibilities of living with the disease and measures to control environmental factors and allergens. Specialists also","og_url":"https:\/\/aslimnica.lv\/en\/pakalpojumi\/hops-un-astmas-kabinets\/","og_site_name":"aSlimn\u012bca","article_modified_time":"2021-07-01T10:16:26+00:00","og_image":[{"url":"https:\/\/aslimnica.lv\/wp-content\/uploads\/2021\/02\/MV_00686p-194x300.jpg","type":"","width":"","height":""}],"twitter_card":"summary_large_image","twitter_misc":{"Est. reading time":"2 minutes"},"schema":{"@context":"https:\/\/schema.org","@graph":[{"@type":"WebPage","@id":"https:\/\/aslimnica.lv\/en\/pakalpojumi\/hops-un-astmas-kabinets\/","url":"https:\/\/aslimnica.lv\/en\/pakalpojumi\/hops-un-astmas-kabinets\/","name":"COPD and Asthma Cabinet - aSlimn\u012bca","isPartOf":{"@id":"https:\/\/aslimnica.lv\/en\/#website"},"primaryImageOfPage":{"@id":"https:\/\/aslimnica.lv\/en\/pakalpojumi\/hops-un-astmas-kabinets\/#primaryimage"},"image":{"@id":"https:\/\/aslimnica.lv\/en\/pakalpojumi\/hops-un-astmas-kabinets\/#primaryimage"},"thumbnailUrl":"https:\/\/aslimnica.lv\/wp-content\/uploads\/2021\/02\/MV_00686p-194x300.jpg","datePublished":"2021-02-02T09:17:09+00:00","dateModified":"2021-07-01T10:16:26+00:00","breadcrumb":{"@id":"https:\/\/aslimnica.lv\/en\/pakalpojumi\/hops-un-astmas-kabinets\/#breadcrumb"},"inLanguage":"en-US","potentialAction":[{"@type":"ReadAction","target":["https:\/\/aslimnica.lv\/en\/pakalpojumi\/hops-un-astmas-kabinets\/"]}]},{"@type":"ImageObject","inLanguage":"en-US","@id":"https:\/\/aslimnica.lv\/en\/pakalpojumi\/hops-un-astmas-kabinets\/#primaryimage","url":"https:\/\/aslimnica.lv\/wp-content\/uploads\/2021\/02\/MV_00686p-194x300.jpg","contentUrl":"https:\/\/aslimnica.lv\/wp-content\/uploads\/2021\/02\/MV_00686p-194x300.jpg"},{"@type":"BreadcrumbList","@id":"https:\/\/aslimnica.lv\/en\/pakalpojumi\/hops-un-astmas-kabinets\/#breadcrumb","itemListElement":[{"@type":"ListItem","position":1,"name":"Home","item":"https:\/\/aslimnica.lv\/en\/"},{"@type":"ListItem","position":2,"name":"Services","item":"https:\/\/aslimnica.lv\/en\/pakalpojumi\/"},{"@type":"ListItem","position":3,"name":"COPD and Asthma Cabinet"}]},{"@type":"WebSite","@id":"https:\/\/aslimnica.lv\/en\/#website","url":"https:\/\/aslimnica.lv\/en\/","name":"aSlimn\u012bca","description":"R\u012bgas Austrumu k\u012bnisk\u0101 universit\u0101tes slimn\u012bca","potentialAction":[{"@type":"SearchAction","target":{"@type":"EntryPoint","urlTemplate":"https:\/\/aslimnica.lv\/en\/?s={search_term_string}"},"query-input":{"@type":"PropertyValueSpecification","valueRequired":true,"valueName":"search_term_string"}}],"inLanguage":"en-US"}]}},"_links":{"self":[{"href":"https:\/\/aslimnica.lv\/en\/wp-json\/wp\/v2\/pages\/23278","targetHints":{"allow":["GET"]}}],"collection":[{"href":"https:\/\/aslimnica.lv\/en\/wp-json\/wp\/v2\/pages"}],"about":[{"href":"https:\/\/aslimnica.lv\/en\/wp-json\/wp\/v2\/types\/page"}],"author":[{"embeddable":true,"href":"https:\/\/aslimnica.lv\/en\/wp-json\/wp\/v2\/users\/49"}],"replies":[{"embeddable":true,"href":"https:\/\/aslimnica.lv\/en\/wp-json\/wp\/v2\/comments?post=23278"}],"version-history":[{"count":4,"href":"https:\/\/aslimnica.lv\/en\/wp-json\/wp\/v2\/pages\/23278\/revisions"}],"predecessor-version":[{"id":23282,"href":"https:\/\/aslimnica.lv\/en\/wp-json\/wp\/v2\/pages\/23278\/revisions\/23282"}],"up":[{"embeddable":true,"href":"https:\/\/aslimnica.lv\/en\/wp-json\/wp\/v2\/pages\/22381"}],"wp:attachment":[{"href":"https:\/\/aslimnica.lv\/en\/wp-json\/wp\/v2\/media?parent=23278"}],"curies":[{"name":"wp","href":"https:\/\/api.w.org\/{rel}","templated":true}]}}