{"id":23265,"date":"2021-02-02T10:40:10","date_gmt":"2021-02-02T08:40:10","guid":{"rendered":"https:\/\/aslimnica.lv\/pakalpojumi\/diabetiskas-pedas-aprupes-kabinets\/"},"modified":"2021-07-01T11:45:40","modified_gmt":"2021-07-01T09:45:40","slug":"diabetiskas-pedas-aprupes-kabinets","status":"publish","type":"page","link":"https:\/\/aslimnica.lv\/en\/pakalpojumi\/diabetiskas-pedas-aprupes-kabinets\/","title":{"rendered":"Diabetic foot care cabinet"},"content":{"rendered":"<div class=\"wpb-content-wrapper\"><p>[vc_row][vc_column][vc_column_text]The specialists of the Cabinet specialize in the treatment of long-lasting wounds in diabetic patients. Several times a year, each patient is given preventive foot care with a dry pedicure device.<\/p>\n<p>Diabetic patients are admitted with a referral from a family doctor or endocrinologist for preventive foot care. This foot care includes:<\/p>\n<ul>\n<li>removal of skin thickening (hyperkeratosis),<\/li>\n<li>treatment of ingrown nails,<\/li>\n<li>corn cuts.<\/li>\n<\/ul>\n<p>Cabinet specialists will help prevent complications of diabetes in a timely manner &#8211; amputation of the finger or even the leg. Patients are taught how to care for their feet properly and what appropriate care products to choose.<\/p>\n<p>Without a doctor&#8217;s referral, the office offers a paid service &#8211; medical pedicure.[\/vc_column_text][\/vc_column][\/vc_row][vc_row][vc_column width=&#8221;1\/3&#8243;]\n<div class=\"as-cta-button born-mt-none born-mb-none\">\n    <a href=\"http:\/\/aslimnica.lv\/en\/e-pieraksts\/\" target=\"\" rel=\"\">\n        <span class=\"heading\">\n            <span>E-Appointment<\/span>\n        <\/span>\n    <\/a>\n<\/div>\n[\/vc_column][vc_column width=&#8221;1\/3&#8243;][\/vc_column][vc_column width=&#8221;1\/3&#8243;][\/vc_column][\/vc_row]<\/p>\n<\/div>","protected":false},"excerpt":{"rendered":"<p>[vc_row][vc_column][vc_column_text]The specialists of the Cabinet specialize in the treatment of long-lasting wounds in diabetic patients. Several times a year, each patient is given preventive foot care with a dry pedicure device. Diabetic patients are admitted with a referral from a family doctor or endocrinologist for preventive foot care. This foot care includes: removal of skin<\/p>\n","protected":false},"author":49,"featured_media":0,"parent":22381,"menu_order":0,"comment_status":"closed","ping_status":"closed","template":"","meta":{"_acf_changed":false,"inline_featured_image":false,"footnotes":""},"class_list":["post-23265","page","type-page","status-publish","hentry"],"acf":[],"yoast_head":"<!-- This site is optimized with the Yoast SEO plugin v27.1.1 - https:\/\/yoast.com\/product\/yoast-seo-wordpress\/ -->\n<title>Diabetic foot care cabinet - aSlimn\u012bca<\/title>\n<meta name=\"robots\" content=\"index, follow, max-snippet:-1, max-image-preview:large, max-video-preview:-1\" \/>\n<link rel=\"canonical\" href=\"https:\/\/aslimnica.lv\/en\/pakalpojumi\/diabetiskas-pedas-aprupes-kabinets\/\" \/>\n<meta property=\"og:locale\" content=\"en_US\" \/>\n<meta property=\"og:type\" content=\"article\" \/>\n<meta property=\"og:title\" content=\"Diabetic foot care cabinet - aSlimn\u012bca\" \/>\n<meta property=\"og:description\" content=\"[vc_row][vc_column][vc_column_text]The specialists of the Cabinet specialize in the treatment of long-lasting wounds in diabetic patients. Several times a year, each patient is given preventive foot care with a dry pedicure device. Diabetic patients are admitted with a referral from a family doctor or endocrinologist for preventive foot care. This foot care includes: removal of skin\" \/>\n<meta property=\"og:url\" content=\"https:\/\/aslimnica.lv\/en\/pakalpojumi\/diabetiskas-pedas-aprupes-kabinets\/\" \/>\n<meta property=\"og:site_name\" content=\"aSlimn\u012bca\" \/>\n<meta property=\"article:modified_time\" content=\"2021-07-01T09:45:40+00:00\" \/>\n<meta name=\"twitter:card\" content=\"summary_large_image\" \/>\n<meta name=\"twitter:label1\" content=\"Est. reading time\" \/>\n\t<meta name=\"twitter:data1\" content=\"1 minute\" \/>\n<script type=\"application\/ld+json\" class=\"yoast-schema-graph\">{\"@context\":\"https:\/\/schema.org\",\"@graph\":[{\"@type\":\"WebPage\",\"@id\":\"https:\/\/aslimnica.lv\/en\/pakalpojumi\/diabetiskas-pedas-aprupes-kabinets\/\",\"url\":\"https:\/\/aslimnica.lv\/en\/pakalpojumi\/diabetiskas-pedas-aprupes-kabinets\/\",\"name\":\"Diabetic foot care cabinet - aSlimn\u012bca\",\"isPartOf\":{\"@id\":\"https:\/\/aslimnica.lv\/en\/#website\"},\"datePublished\":\"2021-02-02T08:40:10+00:00\",\"dateModified\":\"2021-07-01T09:45:40+00:00\",\"breadcrumb\":{\"@id\":\"https:\/\/aslimnica.lv\/en\/pakalpojumi\/diabetiskas-pedas-aprupes-kabinets\/#breadcrumb\"},\"inLanguage\":\"en-US\",\"potentialAction\":[{\"@type\":\"ReadAction\",\"target\":[\"https:\/\/aslimnica.lv\/en\/pakalpojumi\/diabetiskas-pedas-aprupes-kabinets\/\"]}]},{\"@type\":\"BreadcrumbList\",\"@id\":\"https:\/\/aslimnica.lv\/en\/pakalpojumi\/diabetiskas-pedas-aprupes-kabinets\/#breadcrumb\",\"itemListElement\":[{\"@type\":\"ListItem\",\"position\":1,\"name\":\"Home\",\"item\":\"https:\/\/aslimnica.lv\/en\/\"},{\"@type\":\"ListItem\",\"position\":2,\"name\":\"Services\",\"item\":\"https:\/\/aslimnica.lv\/en\/pakalpojumi\/\"},{\"@type\":\"ListItem\",\"position\":3,\"name\":\"Diabetic foot care cabinet\"}]},{\"@type\":\"WebSite\",\"@id\":\"https:\/\/aslimnica.lv\/en\/#website\",\"url\":\"https:\/\/aslimnica.lv\/en\/\",\"name\":\"aSlimn\u012bca\",\"description\":\"R\u012bgas Austrumu k\u012bnisk\u0101 universit\u0101tes slimn\u012bca\",\"potentialAction\":[{\"@type\":\"SearchAction\",\"target\":{\"@type\":\"EntryPoint\",\"urlTemplate\":\"https:\/\/aslimnica.lv\/en\/?s={search_term_string}\"},\"query-input\":{\"@type\":\"PropertyValueSpecification\",\"valueRequired\":true,\"valueName\":\"search_term_string\"}}],\"inLanguage\":\"en-US\"}]}<\/script>\n<!-- \/ Yoast SEO plugin. -->","yoast_head_json":{"title":"Diabetic foot care cabinet - aSlimn\u012bca","robots":{"index":"index","follow":"follow","max-snippet":"max-snippet:-1","max-image-preview":"max-image-preview:large","max-video-preview":"max-video-preview:-1"},"canonical":"https:\/\/aslimnica.lv\/en\/pakalpojumi\/diabetiskas-pedas-aprupes-kabinets\/","og_locale":"en_US","og_type":"article","og_title":"Diabetic foot care cabinet - aSlimn\u012bca","og_description":"[vc_row][vc_column][vc_column_text]The specialists of the Cabinet specialize in the treatment of long-lasting wounds in diabetic patients. Several times a year, each patient is given preventive foot care with a dry pedicure device. Diabetic patients are admitted with a referral from a family doctor or endocrinologist for preventive foot care. This foot care includes: removal of skin","og_url":"https:\/\/aslimnica.lv\/en\/pakalpojumi\/diabetiskas-pedas-aprupes-kabinets\/","og_site_name":"aSlimn\u012bca","article_modified_time":"2021-07-01T09:45:40+00:00","twitter_card":"summary_large_image","twitter_misc":{"Est. reading time":"1 minute"},"schema":{"@context":"https:\/\/schema.org","@graph":[{"@type":"WebPage","@id":"https:\/\/aslimnica.lv\/en\/pakalpojumi\/diabetiskas-pedas-aprupes-kabinets\/","url":"https:\/\/aslimnica.lv\/en\/pakalpojumi\/diabetiskas-pedas-aprupes-kabinets\/","name":"Diabetic foot care cabinet - aSlimn\u012bca","isPartOf":{"@id":"https:\/\/aslimnica.lv\/en\/#website"},"datePublished":"2021-02-02T08:40:10+00:00","dateModified":"2021-07-01T09:45:40+00:00","breadcrumb":{"@id":"https:\/\/aslimnica.lv\/en\/pakalpojumi\/diabetiskas-pedas-aprupes-kabinets\/#breadcrumb"},"inLanguage":"en-US","potentialAction":[{"@type":"ReadAction","target":["https:\/\/aslimnica.lv\/en\/pakalpojumi\/diabetiskas-pedas-aprupes-kabinets\/"]}]},{"@type":"BreadcrumbList","@id":"https:\/\/aslimnica.lv\/en\/pakalpojumi\/diabetiskas-pedas-aprupes-kabinets\/#breadcrumb","itemListElement":[{"@type":"ListItem","position":1,"name":"Home","item":"https:\/\/aslimnica.lv\/en\/"},{"@type":"ListItem","position":2,"name":"Services","item":"https:\/\/aslimnica.lv\/en\/pakalpojumi\/"},{"@type":"ListItem","position":3,"name":"Diabetic foot care cabinet"}]},{"@type":"WebSite","@id":"https:\/\/aslimnica.lv\/en\/#website","url":"https:\/\/aslimnica.lv\/en\/","name":"aSlimn\u012bca","description":"R\u012bgas Austrumu k\u012bnisk\u0101 universit\u0101tes slimn\u012bca","potentialAction":[{"@type":"SearchAction","target":{"@type":"EntryPoint","urlTemplate":"https:\/\/aslimnica.lv\/en\/?s={search_term_string}"},"query-input":{"@type":"PropertyValueSpecification","valueRequired":true,"valueName":"search_term_string"}}],"inLanguage":"en-US"}]}},"_links":{"self":[{"href":"https:\/\/aslimnica.lv\/en\/wp-json\/wp\/v2\/pages\/23265","targetHints":{"allow":["GET"]}}],"collection":[{"href":"https:\/\/aslimnica.lv\/en\/wp-json\/wp\/v2\/pages"}],"about":[{"href":"https:\/\/aslimnica.lv\/en\/wp-json\/wp\/v2\/types\/page"}],"author":[{"embeddable":true,"href":"https:\/\/aslimnica.lv\/en\/wp-json\/wp\/v2\/users\/49"}],"replies":[{"embeddable":true,"href":"https:\/\/aslimnica.lv\/en\/wp-json\/wp\/v2\/comments?post=23265"}],"version-history":[{"count":3,"href":"https:\/\/aslimnica.lv\/en\/wp-json\/wp\/v2\/pages\/23265\/revisions"}],"predecessor-version":[{"id":23268,"href":"https:\/\/aslimnica.lv\/en\/wp-json\/wp\/v2\/pages\/23265\/revisions\/23268"}],"up":[{"embeddable":true,"href":"https:\/\/aslimnica.lv\/en\/wp-json\/wp\/v2\/pages\/22381"}],"wp:attachment":[{"href":"https:\/\/aslimnica.lv\/en\/wp-json\/wp\/v2\/media?parent=23265"}],"curies":[{"name":"wp","href":"https:\/\/api.w.org\/{rel}","templated":true}]}}