{"id":22837,"date":"2021-02-02T10:12:41","date_gmt":"2021-02-02T08:12:41","guid":{"rendered":"https:\/\/aslimnica.lv\/pakalpojumi\/bronhoskopiju-kabinets\/"},"modified":"2021-07-01T08:25:58","modified_gmt":"2021-07-01T06:25:58","slug":"bronhoskopiju-kabinets","status":"publish","type":"page","link":"https:\/\/aslimnica.lv\/en\/pakalpojumi\/bronhoskopiju-kabinets\/","title":{"rendered":"Bronchoscopy unit"},"content":{"rendered":"<div class=\"wpb-content-wrapper\"><p>[vc_row][vc_column][vc_column_text]<\/p>\n<h3 class=\"rtejustify\">Performing airway examinations in one day!<\/h3>\n<p class=\"rtejustify\">The hospital of Riga East Clinical University Hospital &#8220;Gai\u013cezers&#8221; has a renovated, modernized Bronchoscopy cabinet in accordance with European standards, which is the only one in Latvia where outpatient examinations are performed within one day using sedation.<\/p>\n<p>[\/vc_column_text][\/vc_column][\/vc_row][vc_row][vc_column][vc_column_text]<em><strong><img loading=\"lazy\" decoding=\"async\" class=\"alignnone wp-image-23240 \" src=\"https:\/\/aslimnica.lv\/wp-content\/uploads\/2021\/07\/Ainars-Zarins-scaled.jpg\" alt=\"\" width=\"304\" height=\"478\" srcset=\"https:\/\/aslimnica.lv\/wp-content\/uploads\/2021\/07\/Ainars-Zarins-scaled.jpg 1628w, https:\/\/aslimnica.lv\/wp-content\/uploads\/2021\/07\/Ainars-Zarins-191x300.jpg 191w, https:\/\/aslimnica.lv\/wp-content\/uploads\/2021\/07\/Ainars-Zarins-651x1024.jpg 651w, https:\/\/aslimnica.lv\/wp-content\/uploads\/2021\/07\/Ainars-Zarins-768x1207.jpg 768w, https:\/\/aslimnica.lv\/wp-content\/uploads\/2021\/07\/Ainars-Zarins-977x1536.jpg 977w, https:\/\/aslimnica.lv\/wp-content\/uploads\/2021\/07\/Ainars-Zarins-1303x2048.jpg 1303w, https:\/\/aslimnica.lv\/wp-content\/uploads\/2021\/07\/Ainars-Zarins-1400x2201.jpg 1400w, https:\/\/aslimnica.lv\/wp-content\/uploads\/2021\/07\/Ainars-Zarins-197x310.jpg 197w, https:\/\/aslimnica.lv\/wp-content\/uploads\/2021\/07\/Ainars-Zarins-248x390.jpg 248w\" sizes=\"auto, (max-width: 304px) 100vw, 304px\" \/><br \/>\nHead of bronchoscopy unit Ainars Zari\u0146\u0161<\/strong><\/em>[\/vc_column_text][\/vc_column][\/vc_row][vc_row][vc_column][vc_column_text]The bronchoscopy office performs diagnostic and medical manipulations. Here, equipment is available, with the help of which it is possible to detect lung cancer at an early stage, as well as to obtain accurate histological material, which helps in the choice of further treatment tactics. The office conducts examinations for both inpatient and outpatient patients.<\/p>\n<p>Outpatients are examined within a day of short-term sedation and can return home after 2 hours. In this way, patients have the opportunity to receive qualified, professional help without being in hospital for a long time, as well as to reduce the cost of treatment. The bronchoscopy room is equipped with two observation (observation beds) for monitoring outpatients after the examinations.<\/p>\n<p><strong>Services<\/strong><br \/>\nIn the bronchoscopy office it is possible to perform airway examinations for diagnostic purposes in cases of bronchial asthma, chronic lung diseases, inflammation and oncological processes, as well as to perform tuberculosis diagnostics. We perform airway lumen restoration and stent placement in cases of benign and malignant stenoses. Over time, the Bronchoscopy Office plans to perform pleural examination and control of pleural punctures under ultrasonoscopy, as well as care of tracheostomy patients.<\/p>\n<p><strong>Technology<\/strong><br \/>\nThe bronchoscopy cabinet is equipped with modern technologies &#8211; video and autoflouriscences bronchoscopes, which allow to clarify the location of histological material and help to detect cancer at an early stage using the autoflouriscences system. Argon plasma is used for airway reconstruction.<\/p>\n<p><strong><img loading=\"lazy\" decoding=\"async\" class=\"alignnone wp-image-23185 \" src=\"https:\/\/aslimnica.lv\/wp-content\/uploads\/2021\/06\/Bronhoskopiju-kabinets-scaled.jpg\" alt=\"\" width=\"1287\" height=\"938\" srcset=\"https:\/\/aslimnica.lv\/wp-content\/uploads\/2021\/06\/Bronhoskopiju-kabinets-scaled.jpg 2560w, https:\/\/aslimnica.lv\/wp-content\/uploads\/2021\/06\/Bronhoskopiju-kabinets-300x219.jpg 300w, https:\/\/aslimnica.lv\/wp-content\/uploads\/2021\/06\/Bronhoskopiju-kabinets-1024x746.jpg 1024w, https:\/\/aslimnica.lv\/wp-content\/uploads\/2021\/06\/Bronhoskopiju-kabinets-768x560.jpg 768w, https:\/\/aslimnica.lv\/wp-content\/uploads\/2021\/06\/Bronhoskopiju-kabinets-1536x1119.jpg 1536w, https:\/\/aslimnica.lv\/wp-content\/uploads\/2021\/06\/Bronhoskopiju-kabinets-2048x1492.jpg 2048w, https:\/\/aslimnica.lv\/wp-content\/uploads\/2021\/06\/Bronhoskopiju-kabinets-1400x1020.jpg 1400w, https:\/\/aslimnica.lv\/wp-content\/uploads\/2021\/06\/Bronhoskopiju-kabinets-425x310.jpg 425w, https:\/\/aslimnica.lv\/wp-content\/uploads\/2021\/06\/Bronhoskopiju-kabinets-310x226.jpg 310w\" sizes=\"auto, (max-width: 1287px) 100vw, 1287px\" \/><\/strong><\/p>\n<p><strong>Payment system<\/strong><br \/>\nThe bronchoscopy cabinet performs state-paid manipulations for patients with a referral from a family doctor, as well as accepts patients with insurance policies and for full payment.<\/p>\n<p>You can use an insurance policy to pay for the services[\/vc_column_text][\/vc_column][\/vc_row][vc_row][vc_column width=&#8221;1\/2&#8243;]\n<div class=\"as-cta-button born-mt-none born-mb-none\">\n    <a href=\"http:\/\/aslimnica.lv\/en\/e-pieraksts\/\" target=\"\" rel=\"\">\n        <span class=\"heading\">\n            <span>E-Appointment<\/span>\n        <\/span>\n    <\/a>\n<\/div>\n[\/vc_column][vc_column width=&#8221;1\/2&#8243;][\/vc_column][\/vc_row]<\/p>\n<\/div>","protected":false},"excerpt":{"rendered":"<p>[vc_row][vc_column][vc_column_text] Performing airway examinations in one day! The hospital of Riga East Clinical University Hospital &#8220;Gai\u013cezers&#8221; has a renovated, modernized Bronchoscopy cabinet in accordance with European standards, which is the only one in Latvia where outpatient examinations are performed within one day using sedation. [\/vc_column_text][\/vc_column][\/vc_row][vc_row][vc_column][vc_column_text] Head of bronchoscopy unit Ainars Zari\u0146\u0161[\/vc_column_text][\/vc_column][\/vc_row][vc_row][vc_column][vc_column_text]The bronchoscopy office performs diagnostic<\/p>\n","protected":false},"author":49,"featured_media":0,"parent":22381,"menu_order":0,"comment_status":"closed","ping_status":"closed","template":"","meta":{"_acf_changed":false,"inline_featured_image":false,"footnotes":""},"class_list":["post-22837","page","type-page","status-publish","hentry"],"acf":[],"yoast_head":"<!-- This site is optimized with the Yoast SEO plugin v27.1.1 - https:\/\/yoast.com\/product\/yoast-seo-wordpress\/ -->\n<title>Bronchoscopy unit - aSlimn\u012bca<\/title>\n<meta name=\"robots\" content=\"index, follow, max-snippet:-1, max-image-preview:large, max-video-preview:-1\" \/>\n<link rel=\"canonical\" href=\"https:\/\/aslimnica.lv\/en\/pakalpojumi\/bronhoskopiju-kabinets\/\" \/>\n<meta property=\"og:locale\" content=\"en_US\" \/>\n<meta property=\"og:type\" content=\"article\" \/>\n<meta property=\"og:title\" content=\"Bronchoscopy unit - aSlimn\u012bca\" \/>\n<meta property=\"og:description\" content=\"[vc_row][vc_column][vc_column_text] Performing airway examinations in one day! The hospital of Riga East Clinical University Hospital &#8220;Gai\u013cezers&#8221; has a renovated, modernized Bronchoscopy cabinet in accordance with European standards, which is the only one in Latvia where outpatient examinations are performed within one day using sedation. [\/vc_column_text][\/vc_column][\/vc_row][vc_row][vc_column][vc_column_text] Head of bronchoscopy unit Ainars Zari\u0146\u0161[\/vc_column_text][\/vc_column][\/vc_row][vc_row][vc_column][vc_column_text]The bronchoscopy office performs diagnostic\" \/>\n<meta property=\"og:url\" content=\"https:\/\/aslimnica.lv\/en\/pakalpojumi\/bronhoskopiju-kabinets\/\" \/>\n<meta property=\"og:site_name\" content=\"aSlimn\u012bca\" \/>\n<meta property=\"article:modified_time\" content=\"2021-07-01T06:25:58+00:00\" \/>\n<meta property=\"og:image\" content=\"https:\/\/aslimnica.lv\/wp-content\/uploads\/2021\/07\/Ainars-Zarins-scaled.jpg\" \/>\n<meta name=\"twitter:card\" content=\"summary_large_image\" \/>\n<meta name=\"twitter:label1\" content=\"Est. reading time\" \/>\n\t<meta name=\"twitter:data1\" content=\"2 minutes\" \/>\n<script type=\"application\/ld+json\" class=\"yoast-schema-graph\">{\"@context\":\"https:\/\/schema.org\",\"@graph\":[{\"@type\":\"WebPage\",\"@id\":\"https:\/\/aslimnica.lv\/en\/pakalpojumi\/bronhoskopiju-kabinets\/\",\"url\":\"https:\/\/aslimnica.lv\/en\/pakalpojumi\/bronhoskopiju-kabinets\/\",\"name\":\"Bronchoscopy unit - aSlimn\u012bca\",\"isPartOf\":{\"@id\":\"https:\/\/aslimnica.lv\/en\/#website\"},\"primaryImageOfPage\":{\"@id\":\"https:\/\/aslimnica.lv\/en\/pakalpojumi\/bronhoskopiju-kabinets\/#primaryimage\"},\"image\":{\"@id\":\"https:\/\/aslimnica.lv\/en\/pakalpojumi\/bronhoskopiju-kabinets\/#primaryimage\"},\"thumbnailUrl\":\"https:\/\/aslimnica.lv\/wp-content\/uploads\/2021\/07\/Ainars-Zarins-scaled.jpg\",\"datePublished\":\"2021-02-02T08:12:41+00:00\",\"dateModified\":\"2021-07-01T06:25:58+00:00\",\"breadcrumb\":{\"@id\":\"https:\/\/aslimnica.lv\/en\/pakalpojumi\/bronhoskopiju-kabinets\/#breadcrumb\"},\"inLanguage\":\"en-US\",\"potentialAction\":[{\"@type\":\"ReadAction\",\"target\":[\"https:\/\/aslimnica.lv\/en\/pakalpojumi\/bronhoskopiju-kabinets\/\"]}]},{\"@type\":\"ImageObject\",\"inLanguage\":\"en-US\",\"@id\":\"https:\/\/aslimnica.lv\/en\/pakalpojumi\/bronhoskopiju-kabinets\/#primaryimage\",\"url\":\"https:\/\/aslimnica.lv\/wp-content\/uploads\/2021\/07\/Ainars-Zarins-scaled.jpg\",\"contentUrl\":\"https:\/\/aslimnica.lv\/wp-content\/uploads\/2021\/07\/Ainars-Zarins-scaled.jpg\"},{\"@type\":\"BreadcrumbList\",\"@id\":\"https:\/\/aslimnica.lv\/en\/pakalpojumi\/bronhoskopiju-kabinets\/#breadcrumb\",\"itemListElement\":[{\"@type\":\"ListItem\",\"position\":1,\"name\":\"Home\",\"item\":\"https:\/\/aslimnica.lv\/en\/\"},{\"@type\":\"ListItem\",\"position\":2,\"name\":\"Services\",\"item\":\"https:\/\/aslimnica.lv\/en\/pakalpojumi\/\"},{\"@type\":\"ListItem\",\"position\":3,\"name\":\"Bronchoscopy unit\"}]},{\"@type\":\"WebSite\",\"@id\":\"https:\/\/aslimnica.lv\/en\/#website\",\"url\":\"https:\/\/aslimnica.lv\/en\/\",\"name\":\"aSlimn\u012bca\",\"description\":\"R\u012bgas Austrumu k\u012bnisk\u0101 universit\u0101tes slimn\u012bca\",\"potentialAction\":[{\"@type\":\"SearchAction\",\"target\":{\"@type\":\"EntryPoint\",\"urlTemplate\":\"https:\/\/aslimnica.lv\/en\/?s={search_term_string}\"},\"query-input\":{\"@type\":\"PropertyValueSpecification\",\"valueRequired\":true,\"valueName\":\"search_term_string\"}}],\"inLanguage\":\"en-US\"}]}<\/script>\n<!-- \/ Yoast SEO plugin. -->","yoast_head_json":{"title":"Bronchoscopy unit - aSlimn\u012bca","robots":{"index":"index","follow":"follow","max-snippet":"max-snippet:-1","max-image-preview":"max-image-preview:large","max-video-preview":"max-video-preview:-1"},"canonical":"https:\/\/aslimnica.lv\/en\/pakalpojumi\/bronhoskopiju-kabinets\/","og_locale":"en_US","og_type":"article","og_title":"Bronchoscopy unit - aSlimn\u012bca","og_description":"[vc_row][vc_column][vc_column_text] Performing airway examinations in one day! The hospital of Riga East Clinical University Hospital &#8220;Gai\u013cezers&#8221; has a renovated, modernized Bronchoscopy cabinet in accordance with European standards, which is the only one in Latvia where outpatient examinations are performed within one day using sedation. [\/vc_column_text][\/vc_column][\/vc_row][vc_row][vc_column][vc_column_text] Head of bronchoscopy unit Ainars Zari\u0146\u0161[\/vc_column_text][\/vc_column][\/vc_row][vc_row][vc_column][vc_column_text]The bronchoscopy office performs diagnostic","og_url":"https:\/\/aslimnica.lv\/en\/pakalpojumi\/bronhoskopiju-kabinets\/","og_site_name":"aSlimn\u012bca","article_modified_time":"2021-07-01T06:25:58+00:00","og_image":[{"url":"https:\/\/aslimnica.lv\/wp-content\/uploads\/2021\/07\/Ainars-Zarins-scaled.jpg","type":"","width":"","height":""}],"twitter_card":"summary_large_image","twitter_misc":{"Est. reading time":"2 minutes"},"schema":{"@context":"https:\/\/schema.org","@graph":[{"@type":"WebPage","@id":"https:\/\/aslimnica.lv\/en\/pakalpojumi\/bronhoskopiju-kabinets\/","url":"https:\/\/aslimnica.lv\/en\/pakalpojumi\/bronhoskopiju-kabinets\/","name":"Bronchoscopy unit - aSlimn\u012bca","isPartOf":{"@id":"https:\/\/aslimnica.lv\/en\/#website"},"primaryImageOfPage":{"@id":"https:\/\/aslimnica.lv\/en\/pakalpojumi\/bronhoskopiju-kabinets\/#primaryimage"},"image":{"@id":"https:\/\/aslimnica.lv\/en\/pakalpojumi\/bronhoskopiju-kabinets\/#primaryimage"},"thumbnailUrl":"https:\/\/aslimnica.lv\/wp-content\/uploads\/2021\/07\/Ainars-Zarins-scaled.jpg","datePublished":"2021-02-02T08:12:41+00:00","dateModified":"2021-07-01T06:25:58+00:00","breadcrumb":{"@id":"https:\/\/aslimnica.lv\/en\/pakalpojumi\/bronhoskopiju-kabinets\/#breadcrumb"},"inLanguage":"en-US","potentialAction":[{"@type":"ReadAction","target":["https:\/\/aslimnica.lv\/en\/pakalpojumi\/bronhoskopiju-kabinets\/"]}]},{"@type":"ImageObject","inLanguage":"en-US","@id":"https:\/\/aslimnica.lv\/en\/pakalpojumi\/bronhoskopiju-kabinets\/#primaryimage","url":"https:\/\/aslimnica.lv\/wp-content\/uploads\/2021\/07\/Ainars-Zarins-scaled.jpg","contentUrl":"https:\/\/aslimnica.lv\/wp-content\/uploads\/2021\/07\/Ainars-Zarins-scaled.jpg"},{"@type":"BreadcrumbList","@id":"https:\/\/aslimnica.lv\/en\/pakalpojumi\/bronhoskopiju-kabinets\/#breadcrumb","itemListElement":[{"@type":"ListItem","position":1,"name":"Home","item":"https:\/\/aslimnica.lv\/en\/"},{"@type":"ListItem","position":2,"name":"Services","item":"https:\/\/aslimnica.lv\/en\/pakalpojumi\/"},{"@type":"ListItem","position":3,"name":"Bronchoscopy unit"}]},{"@type":"WebSite","@id":"https:\/\/aslimnica.lv\/en\/#website","url":"https:\/\/aslimnica.lv\/en\/","name":"aSlimn\u012bca","description":"R\u012bgas Austrumu k\u012bnisk\u0101 universit\u0101tes slimn\u012bca","potentialAction":[{"@type":"SearchAction","target":{"@type":"EntryPoint","urlTemplate":"https:\/\/aslimnica.lv\/en\/?s={search_term_string}"},"query-input":{"@type":"PropertyValueSpecification","valueRequired":true,"valueName":"search_term_string"}}],"inLanguage":"en-US"}]}},"_links":{"self":[{"href":"https:\/\/aslimnica.lv\/en\/wp-json\/wp\/v2\/pages\/22837","targetHints":{"allow":["GET"]}}],"collection":[{"href":"https:\/\/aslimnica.lv\/en\/wp-json\/wp\/v2\/pages"}],"about":[{"href":"https:\/\/aslimnica.lv\/en\/wp-json\/wp\/v2\/types\/page"}],"author":[{"embeddable":true,"href":"https:\/\/aslimnica.lv\/en\/wp-json\/wp\/v2\/users\/49"}],"replies":[{"embeddable":true,"href":"https:\/\/aslimnica.lv\/en\/wp-json\/wp\/v2\/comments?post=22837"}],"version-history":[{"count":9,"href":"https:\/\/aslimnica.lv\/en\/wp-json\/wp\/v2\/pages\/22837\/revisions"}],"predecessor-version":[{"id":23243,"href":"https:\/\/aslimnica.lv\/en\/wp-json\/wp\/v2\/pages\/22837\/revisions\/23243"}],"up":[{"embeddable":true,"href":"https:\/\/aslimnica.lv\/en\/wp-json\/wp\/v2\/pages\/22381"}],"wp:attachment":[{"href":"https:\/\/aslimnica.lv\/en\/wp-json\/wp\/v2\/media?parent=22837"}],"curies":[{"name":"wp","href":"https:\/\/api.w.org\/{rel}","templated":true}]}}