{"id":22826,"date":"2021-02-02T08:17:42","date_gmt":"2021-02-02T06:17:42","guid":{"rendered":"https:\/\/aslimnica.lv\/pakalpojumi\/atminas-kabinets\/"},"modified":"2024-09-03T14:27:28","modified_gmt":"2024-09-03T12:27:28","slug":"atminas-kabinets","status":"publish","type":"page","link":"https:\/\/aslimnica.lv\/en\/pakalpojumi\/atminas-kabinets\/","title":{"rendered":"Memory unit"},"content":{"rendered":"<div class=\"wpb-content-wrapper\"><p>[vc_row][vc_column][vc_column_text css=&#8221;&#8221;]Neurologists Ieva Paegle and psychologist Jelena Harlamova, work in the memory unit. Patients&#8217; memory problems are determined by various tests. A psychologist is involved in the process, who evaluates the memory function with psychological tests, assessing the patient&#8217;s attention, memory, language, spatial perception and skills. In addition to basic neurological examination, patients undergo electroencephalography, magnetic resonance imaging, cerebrovascular examinations, and various laboratory tests. If an in-depth examination of the patient is required, it is performed in a neurology day hospital. The main goal of the memory cabinet is to detect initial memory disorders in a timely manner, especially in patients under the age of 60, in order to prevent irreversible impairment of memory, cognition, various skills and abilities.[\/vc_column_text][\/vc_column][\/vc_row][vc_row][vc_column width=&#8221;1\/2&#8243;][vc_column_text]<em><img loading=\"lazy\" decoding=\"async\" class=\"size-medium wp-image-7975 aligncenter\" src=\"https:\/\/aslimnica.lv\/wp-content\/uploads\/2021\/02\/Ieva-Paegle-187x300.jpg\" alt=\"\" width=\"187\" height=\"300\" srcset=\"https:\/\/aslimnica.lv\/wp-content\/uploads\/2021\/02\/Ieva-Paegle-187x300.jpg 187w, https:\/\/aslimnica.lv\/wp-content\/uploads\/2021\/02\/Ieva-Paegle-638x1024.jpg 638w, https:\/\/aslimnica.lv\/wp-content\/uploads\/2021\/02\/Ieva-Paegle-768x1232.jpg 768w, https:\/\/aslimnica.lv\/wp-content\/uploads\/2021\/02\/Ieva-Paegle-957x1536.jpg 957w, https:\/\/aslimnica.lv\/wp-content\/uploads\/2021\/02\/Ieva-Paegle-193x310.jpg 193w, https:\/\/aslimnica.lv\/wp-content\/uploads\/2021\/02\/Ieva-Paegle-243x390.jpg 243w, https:\/\/aslimnica.lv\/wp-content\/uploads\/2021\/02\/Ieva-Paegle-700x1123.jpg 700w, https:\/\/aslimnica.lv\/wp-content\/uploads\/2021\/02\/Ieva-Paegle-218x350.jpg 218w, https:\/\/aslimnica.lv\/wp-content\/uploads\/2021\/02\/Ieva-Paegle.jpg 997w\" sizes=\"auto, (max-width: 187px) 100vw, 187px\" \/><\/em><\/p>\n<p style=\"text-align: center;\"><em><strong>Neurologist Ieva Paegle<\/strong> \u00a0<\/em><\/p>\n<p>[\/vc_column_text][\/vc_column][vc_column width=&#8221;1\/2&#8243;][\/vc_column][\/vc_row][vc_row][vc_column][vc_column_text]<strong>Memory unit activities:<\/strong><\/p>\n<ul>\n<li>Examination and evaluation of patient memory function;<\/li>\n<li>Diagnosis of diseases that could cause memory impairment;<\/li>\n<li>Risk assessment of Alzheimer&#8217;s disease or other neurodegenerative diseases;<\/li>\n<li>Development of a treatment plan for patients with early diagnosis of Alzheimer&#8217;s disease;<\/li>\n<li>Annual monitoring of patients with memory impairment;<\/li>\n<li>Inventory of risk factors of patients with memory disorders and creation of a database.<\/li>\n<\/ul>\n<p>[\/vc_column_text][\/vc_column][\/vc_row][vc_row][vc_column width=&#8221;1\/2&#8243;]\n<div class=\"as-cta-button born-mt-none born-mb-none\">\n    <a href=\"https:\/\/aslimnica.lv\/en\/e-pieraksts\/\" target=\"\" rel=\"\">\n        <span class=\"heading\">\n            <span>E-Appointment<\/span>\n        <\/span>\n    <\/a>\n<\/div>\n[\/vc_column][vc_column width=&#8221;1\/2&#8243;][\/vc_column][\/vc_row]<\/p>\n<\/div>","protected":false},"excerpt":{"rendered":"<p>[vc_row][vc_column][vc_column_text css=&#8221;&#8221;]Neurologists Ieva Paegle and psychologist Jelena Harlamova, work in the memory unit. Patients&#8217; memory problems are determined by various tests. A psychologist is involved in the process, who evaluates the memory function with psychological tests, assessing the patient&#8217;s attention, memory, language, spatial perception and skills. In addition to basic neurological examination, patients undergo electroencephalography,<\/p>\n","protected":false},"author":49,"featured_media":0,"parent":22381,"menu_order":0,"comment_status":"closed","ping_status":"closed","template":"","meta":{"_acf_changed":false,"inline_featured_image":false,"footnotes":""},"class_list":["post-22826","page","type-page","status-publish","hentry"],"acf":[],"yoast_head":"<!-- This site is optimized with the Yoast SEO plugin v27.1.1 - https:\/\/yoast.com\/product\/yoast-seo-wordpress\/ -->\n<title>Memory unit - aSlimn\u012bca<\/title>\n<meta name=\"robots\" content=\"index, follow, max-snippet:-1, max-image-preview:large, max-video-preview:-1\" \/>\n<link rel=\"canonical\" href=\"https:\/\/aslimnica.lv\/en\/pakalpojumi\/atminas-kabinets\/\" \/>\n<meta property=\"og:locale\" content=\"en_US\" \/>\n<meta property=\"og:type\" content=\"article\" \/>\n<meta property=\"og:title\" content=\"Memory unit - aSlimn\u012bca\" \/>\n<meta property=\"og:description\" content=\"[vc_row][vc_column][vc_column_text css=&#8221;&#8221;]Neurologists Ieva Paegle and psychologist Jelena Harlamova, work in the memory unit. Patients&#8217; memory problems are determined by various tests. A psychologist is involved in the process, who evaluates the memory function with psychological tests, assessing the patient&#8217;s attention, memory, language, spatial perception and skills. In addition to basic neurological examination, patients undergo electroencephalography,\" \/>\n<meta property=\"og:url\" content=\"https:\/\/aslimnica.lv\/en\/pakalpojumi\/atminas-kabinets\/\" \/>\n<meta property=\"og:site_name\" content=\"aSlimn\u012bca\" \/>\n<meta property=\"article:modified_time\" content=\"2024-09-03T12:27:28+00:00\" \/>\n<meta property=\"og:image\" content=\"https:\/\/aslimnica.lv\/wp-content\/uploads\/2021\/02\/Ieva-Paegle-187x300.jpg\" \/>\n<meta name=\"twitter:card\" content=\"summary_large_image\" \/>\n<meta name=\"twitter:label1\" content=\"Est. reading time\" \/>\n\t<meta name=\"twitter:data1\" content=\"2 minutes\" \/>\n<script type=\"application\/ld+json\" class=\"yoast-schema-graph\">{\"@context\":\"https:\/\/schema.org\",\"@graph\":[{\"@type\":\"WebPage\",\"@id\":\"https:\/\/aslimnica.lv\/en\/pakalpojumi\/atminas-kabinets\/\",\"url\":\"https:\/\/aslimnica.lv\/en\/pakalpojumi\/atminas-kabinets\/\",\"name\":\"Memory unit - aSlimn\u012bca\",\"isPartOf\":{\"@id\":\"https:\/\/aslimnica.lv\/en\/#website\"},\"primaryImageOfPage\":{\"@id\":\"https:\/\/aslimnica.lv\/en\/pakalpojumi\/atminas-kabinets\/#primaryimage\"},\"image\":{\"@id\":\"https:\/\/aslimnica.lv\/en\/pakalpojumi\/atminas-kabinets\/#primaryimage\"},\"thumbnailUrl\":\"https:\/\/aslimnica.lv\/wp-content\/uploads\/2021\/02\/Ieva-Paegle-187x300.jpg\",\"datePublished\":\"2021-02-02T06:17:42+00:00\",\"dateModified\":\"2024-09-03T12:27:28+00:00\",\"breadcrumb\":{\"@id\":\"https:\/\/aslimnica.lv\/en\/pakalpojumi\/atminas-kabinets\/#breadcrumb\"},\"inLanguage\":\"en-US\",\"potentialAction\":[{\"@type\":\"ReadAction\",\"target\":[\"https:\/\/aslimnica.lv\/en\/pakalpojumi\/atminas-kabinets\/\"]}]},{\"@type\":\"ImageObject\",\"inLanguage\":\"en-US\",\"@id\":\"https:\/\/aslimnica.lv\/en\/pakalpojumi\/atminas-kabinets\/#primaryimage\",\"url\":\"https:\/\/aslimnica.lv\/wp-content\/uploads\/2021\/02\/Ieva-Paegle-187x300.jpg\",\"contentUrl\":\"https:\/\/aslimnica.lv\/wp-content\/uploads\/2021\/02\/Ieva-Paegle-187x300.jpg\"},{\"@type\":\"BreadcrumbList\",\"@id\":\"https:\/\/aslimnica.lv\/en\/pakalpojumi\/atminas-kabinets\/#breadcrumb\",\"itemListElement\":[{\"@type\":\"ListItem\",\"position\":1,\"name\":\"Home\",\"item\":\"https:\/\/aslimnica.lv\/en\/\"},{\"@type\":\"ListItem\",\"position\":2,\"name\":\"Services\",\"item\":\"https:\/\/aslimnica.lv\/en\/pakalpojumi\/\"},{\"@type\":\"ListItem\",\"position\":3,\"name\":\"Memory unit\"}]},{\"@type\":\"WebSite\",\"@id\":\"https:\/\/aslimnica.lv\/en\/#website\",\"url\":\"https:\/\/aslimnica.lv\/en\/\",\"name\":\"aSlimn\u012bca\",\"description\":\"R\u012bgas Austrumu k\u012bnisk\u0101 universit\u0101tes slimn\u012bca\",\"potentialAction\":[{\"@type\":\"SearchAction\",\"target\":{\"@type\":\"EntryPoint\",\"urlTemplate\":\"https:\/\/aslimnica.lv\/en\/?s={search_term_string}\"},\"query-input\":{\"@type\":\"PropertyValueSpecification\",\"valueRequired\":true,\"valueName\":\"search_term_string\"}}],\"inLanguage\":\"en-US\"}]}<\/script>\n<!-- \/ Yoast SEO plugin. -->","yoast_head_json":{"title":"Memory unit - aSlimn\u012bca","robots":{"index":"index","follow":"follow","max-snippet":"max-snippet:-1","max-image-preview":"max-image-preview:large","max-video-preview":"max-video-preview:-1"},"canonical":"https:\/\/aslimnica.lv\/en\/pakalpojumi\/atminas-kabinets\/","og_locale":"en_US","og_type":"article","og_title":"Memory unit - aSlimn\u012bca","og_description":"[vc_row][vc_column][vc_column_text css=&#8221;&#8221;]Neurologists Ieva Paegle and psychologist Jelena Harlamova, work in the memory unit. Patients&#8217; memory problems are determined by various tests. A psychologist is involved in the process, who evaluates the memory function with psychological tests, assessing the patient&#8217;s attention, memory, language, spatial perception and skills. In addition to basic neurological examination, patients undergo electroencephalography,","og_url":"https:\/\/aslimnica.lv\/en\/pakalpojumi\/atminas-kabinets\/","og_site_name":"aSlimn\u012bca","article_modified_time":"2024-09-03T12:27:28+00:00","og_image":[{"url":"https:\/\/aslimnica.lv\/wp-content\/uploads\/2021\/02\/Ieva-Paegle-187x300.jpg","type":"","width":"","height":""}],"twitter_card":"summary_large_image","twitter_misc":{"Est. reading time":"2 minutes"},"schema":{"@context":"https:\/\/schema.org","@graph":[{"@type":"WebPage","@id":"https:\/\/aslimnica.lv\/en\/pakalpojumi\/atminas-kabinets\/","url":"https:\/\/aslimnica.lv\/en\/pakalpojumi\/atminas-kabinets\/","name":"Memory unit - aSlimn\u012bca","isPartOf":{"@id":"https:\/\/aslimnica.lv\/en\/#website"},"primaryImageOfPage":{"@id":"https:\/\/aslimnica.lv\/en\/pakalpojumi\/atminas-kabinets\/#primaryimage"},"image":{"@id":"https:\/\/aslimnica.lv\/en\/pakalpojumi\/atminas-kabinets\/#primaryimage"},"thumbnailUrl":"https:\/\/aslimnica.lv\/wp-content\/uploads\/2021\/02\/Ieva-Paegle-187x300.jpg","datePublished":"2021-02-02T06:17:42+00:00","dateModified":"2024-09-03T12:27:28+00:00","breadcrumb":{"@id":"https:\/\/aslimnica.lv\/en\/pakalpojumi\/atminas-kabinets\/#breadcrumb"},"inLanguage":"en-US","potentialAction":[{"@type":"ReadAction","target":["https:\/\/aslimnica.lv\/en\/pakalpojumi\/atminas-kabinets\/"]}]},{"@type":"ImageObject","inLanguage":"en-US","@id":"https:\/\/aslimnica.lv\/en\/pakalpojumi\/atminas-kabinets\/#primaryimage","url":"https:\/\/aslimnica.lv\/wp-content\/uploads\/2021\/02\/Ieva-Paegle-187x300.jpg","contentUrl":"https:\/\/aslimnica.lv\/wp-content\/uploads\/2021\/02\/Ieva-Paegle-187x300.jpg"},{"@type":"BreadcrumbList","@id":"https:\/\/aslimnica.lv\/en\/pakalpojumi\/atminas-kabinets\/#breadcrumb","itemListElement":[{"@type":"ListItem","position":1,"name":"Home","item":"https:\/\/aslimnica.lv\/en\/"},{"@type":"ListItem","position":2,"name":"Services","item":"https:\/\/aslimnica.lv\/en\/pakalpojumi\/"},{"@type":"ListItem","position":3,"name":"Memory unit"}]},{"@type":"WebSite","@id":"https:\/\/aslimnica.lv\/en\/#website","url":"https:\/\/aslimnica.lv\/en\/","name":"aSlimn\u012bca","description":"R\u012bgas Austrumu k\u012bnisk\u0101 universit\u0101tes slimn\u012bca","potentialAction":[{"@type":"SearchAction","target":{"@type":"EntryPoint","urlTemplate":"https:\/\/aslimnica.lv\/en\/?s={search_term_string}"},"query-input":{"@type":"PropertyValueSpecification","valueRequired":true,"valueName":"search_term_string"}}],"inLanguage":"en-US"}]}},"_links":{"self":[{"href":"https:\/\/aslimnica.lv\/en\/wp-json\/wp\/v2\/pages\/22826","targetHints":{"allow":["GET"]}}],"collection":[{"href":"https:\/\/aslimnica.lv\/en\/wp-json\/wp\/v2\/pages"}],"about":[{"href":"https:\/\/aslimnica.lv\/en\/wp-json\/wp\/v2\/types\/page"}],"author":[{"embeddable":true,"href":"https:\/\/aslimnica.lv\/en\/wp-json\/wp\/v2\/users\/49"}],"replies":[{"embeddable":true,"href":"https:\/\/aslimnica.lv\/en\/wp-json\/wp\/v2\/comments?post=22826"}],"version-history":[{"count":5,"href":"https:\/\/aslimnica.lv\/en\/wp-json\/wp\/v2\/pages\/22826\/revisions"}],"predecessor-version":[{"id":64703,"href":"https:\/\/aslimnica.lv\/en\/wp-json\/wp\/v2\/pages\/22826\/revisions\/64703"}],"up":[{"embeddable":true,"href":"https:\/\/aslimnica.lv\/en\/wp-json\/wp\/v2\/pages\/22381"}],"wp:attachment":[{"href":"https:\/\/aslimnica.lv\/en\/wp-json\/wp\/v2\/media?parent=22826"}],"curies":[{"name":"wp","href":"https:\/\/api.w.org\/{rel}","templated":true}]}}